{"id":5787,"date":"2025-09-22T16:40:50","date_gmt":"2025-09-22T08:40:50","guid":{"rendered":"https:\/\/www.biscuitsolution.com\/?post_type=product&#038;p=5787"},"modified":"2025-09-22T16:46:03","modified_gmt":"2025-09-22T08:46:03","slug":"biscuit-factory-production-line","status":"publish","type":"product","link":"https:\/\/www.biscuitsolution.com\/pt\/produto\/biscuit-factory-production-line\/","title":{"rendered":"Automa\u00e7\u00e3o da linha de produ\u00e7\u00e3o da f\u00e1brica de biscoitos"},"content":{"rendered":"<p>Um moderno <strong>Linha de produ\u00e7\u00e3o da f\u00e1brica de biscoitos<\/strong> \u00e9 um sistema cont\u00ednuo e totalmente automatizado que processa farinha, a\u00e7\u00facar, gordura e outros ingredientes em biscoitos embalados e acabados de uma s\u00f3 vez.<\/p>\n<p><img fetchpriority=\"high\" decoding=\"async\" class=\"alignnone size-full wp-image-5740\" src=\"https:\/\/www.biscuitsolution.com\/wp-content\/uploads\/2025\/07\/biscuits-making-business.jpg\" alt=\"\" width=\"800\" height=\"450\" srcset=\"https:\/\/www.biscuitsolution.com\/wp-content\/uploads\/2025\/07\/biscuits-making-business.jpg 800w, https:\/\/www.biscuitsolution.com\/wp-content\/uploads\/2025\/07\/biscuits-making-business-300x169.jpg 300w, https:\/\/www.biscuitsolution.com\/wp-content\/uploads\/2025\/07\/biscuits-making-business-768x432.jpg 768w, https:\/\/www.biscuitsolution.com\/wp-content\/uploads\/2025\/07\/biscuits-making-business-18x10.jpg 18w, https:\/\/www.biscuitsolution.com\/wp-content\/uploads\/2025\/07\/biscuits-making-business-600x338.jpg 600w, https:\/\/www.biscuitsolution.com\/wp-content\/uploads\/2025\/07\/biscuits-making-business-64x36.jpg 64w\" sizes=\"(max-width: 800px) 100vw, 800px\" \/><\/p>\n<h2>Fun\u00e7\u00f5es principais e componentes-chave<\/h2>\n<p>Uma linha de produ\u00e7\u00e3o completa realiza uma s\u00e9rie de opera\u00e7\u00f5es cont\u00ednuas\uff1a<\/p>\n<table style=\"height: 805px;\" width=\"1095\">\n<tbody>\n<tr>\n<td width=\"189\"><strong>Est\u00e1gio<\/strong><\/td>\n<td width=\"189\"><strong>Fun\u00e7\u00e3o<\/strong><\/td>\n<td width=\"189\"><strong>Principais equipamentos<\/strong><\/td>\n<\/tr>\n<tr>\n<td width=\"189\"><strong>Manuseio de mat\u00e9ria-prima<\/strong><\/td>\n<td width=\"189\">Armazenamento, transporte e pesagem precisa de ingredientes como farinha, a\u00e7\u00facar, gorduras, \u00e1gua e agentes de fermenta\u00e7\u00e3o.<\/td>\n<td width=\"189\">Silos, peneiras, tremonhas de pesagem, tanques de l\u00edquidos, sistemas de transporte pneum\u00e1tico.<\/td>\n<\/tr>\n<tr>\n<td width=\"189\"><strong>Mistura de massa<\/strong><\/td>\n<td width=\"189\">Mistura de ingredientes em uma ordem espec\u00edfica para formar uma massa homog\u00eanea com a consist\u00eancia e a textura corretas.<\/td>\n<td width=\"189\">Misturadores horizontais ou verticais (amassadeiras).<\/td>\n<\/tr>\n<tr>\n<td width=\"189\"><strong>Alimenta\u00e7\u00e3o de massa<\/strong><\/td>\n<td width=\"189\">Transfer\u00eancia da massa misturada para o est\u00e1gio de forma\u00e7\u00e3o de forma consistente e sem degrada\u00e7\u00e3o.<\/td>\n<td width=\"189\">Transportadores de massa, alimentadores de tremonha.<\/td>\n<\/tr>\n<tr>\n<td width=\"189\"><strong>Conforma\u00e7\u00e3o e moldagem<\/strong><\/td>\n<td width=\"189\">Moldar a massa em formatos espec\u00edficos de biscoitos (por exemplo, redondos, quadrados, animais, desenhos moldados rotativos).<\/td>\n<td width=\"189\">\n<ol>\n<li>Moldadora rotativa: Para massas duras e secas (por exemplo, shortbread).<\/li>\n<li>M\u00e1quina de corte: Para massas laminadas e estampadas (por exemplo, biscoitos, digestivos).<\/li>\n<li>M\u00e1quina de corte com fio: Para massas macias e pegajosas (por exemplo, biscoitos com gotas de chocolate).<\/li>\n<\/ol>\n<\/td>\n<\/tr>\n<tr>\n<td width=\"189\"><strong>Cozimento<\/strong><\/td>\n<td width=\"189\">O cora\u00e7\u00e3o do processo. A aplica\u00e7\u00e3o de calor controlado para definir a estrutura, desenvolver o sabor, a cor e a textura.<\/td>\n<td width=\"189\">Forno de t\u00fanel de v\u00e1rias zonas.<\/td>\n<\/tr>\n<tr>\n<td width=\"189\">\u00a0<strong>Resfriamento<\/strong><\/td>\n<td width=\"189\">Reduzir gradualmente a temperatura e a umidade interna do biscoito at\u00e9 um n\u00edvel adequado para a embalagem, sem que fique encharcado.<\/td>\n<td width=\"189\">Transportadores de resfriamento de v\u00e1rias camadas.<\/td>\n<\/tr>\n<tr>\n<td width=\"189\"><strong>\u00a0Cobertura e sandu\u00edches<\/strong><\/td>\n<td width=\"189\">(Opcional) Adicionar creme, chocolate, geleia ou cobertura entre dois biscoitos ou por cima.<\/td>\n<td width=\"189\">M\u00e1quina de sandu\u00edche de creme, Enrober de chocolate, Sistemas de pulveriza\u00e7\u00e3o\/cobertura.<\/td>\n<\/tr>\n<tr>\n<td width=\"189\"><strong>\u00a0Embalagem<\/strong><\/td>\n<td width=\"189\">Pesar, agrupar e proteger o produto final para o prazo de validade, a marca e a distribui\u00e7\u00e3o.<\/td>\n<td width=\"189\">Balan\u00e7as de m\u00faltiplos cabe\u00e7otes, embaladoras de fluxo, m\u00e1quinas VFFS (Vertical Form Fill Seal), cartonadoras.<\/td>\n<\/tr>\n<\/tbody>\n<\/table>\n<p><img decoding=\"async\" class=\"alignnone size-full wp-image-5410\" src=\"https:\/\/www.biscuitsolution.com\/wp-content\/uploads\/2025\/03\/biscuit-production-line-supplier-China.jpg\" alt=\"\" width=\"800\" height=\"450\" srcset=\"https:\/\/www.biscuitsolution.com\/wp-content\/uploads\/2025\/03\/biscuit-production-line-supplier-China.jpg 800w, https:\/\/www.biscuitsolution.com\/wp-content\/uploads\/2025\/03\/biscuit-production-line-supplier-China-300x169.jpg 300w, https:\/\/www.biscuitsolution.com\/wp-content\/uploads\/2025\/03\/biscuit-production-line-supplier-China-768x432.jpg 768w, https:\/\/www.biscuitsolution.com\/wp-content\/uploads\/2025\/03\/biscuit-production-line-supplier-China-18x10.jpg 18w, https:\/\/www.biscuitsolution.com\/wp-content\/uploads\/2025\/03\/biscuit-production-line-supplier-China-600x338.jpg 600w, https:\/\/www.biscuitsolution.com\/wp-content\/uploads\/2025\/03\/biscuit-production-line-supplier-China-64x36.jpg 64w\" sizes=\"(max-width: 800px) 100vw, 800px\" \/><\/p>\n<h2>Aplica\u00e7\u00f5es e linha de produtos<\/h2>\n<p>Uma \u00fanica linha de produ\u00e7\u00e3o bem projetada pode ser altamente vers\u00e1til, produzindo uma grande variedade de produtos:<\/p>\n<ul>\n<li>Crackers: Biscoitos com g\u00e1s, biscoitos com creme, salgadinhos.<\/li>\n<li>Biscoitos de massa dura: Biscoitos digestivos, biscoitos Marie, biscoitos para o caf\u00e9 da manh\u00e3.<\/li>\n<li>Biscoitos de massa curta: Biscoitos amanteigados, shortbread, biscoitos moldados rotativos.<\/li>\n<li>Biscoitos de massa macia: Cookies no estilo americano (com gotas de chocolate, aveia).<\/li>\n<li>Biscoitos de sandu\u00edche: Biscoitos recheados com creme (por exemplo, estilo Oreo).<\/li>\n<li>Biscoitos revestidos: Biscoitos cobertos com chocolate, palitos de wafer.<\/li>\n<\/ul>\n<div class=\"ast-oembed-container\" style=\"height: 100%;\"><iframe title=\"Linha de produ\u00e7\u00e3o de biscoitos macios incr\u00edveis\" width=\"500\" height=\"281\" src=\"https:\/\/www.youtube.com\/embed\/L6X4GrnjFiI?feature=oembed\" frameborder=\"0\" allow=\"accelerometer; autoplay; clipboard-write; encrypted-media; gyroscope; picture-in-picture; web-share\" referrerpolicy=\"strict-origin-when-cross-origin\" allowfullscreen><\/iframe><\/div>\n<h2>Por que escolher nossa linha de produ\u00e7\u00e3o de biscoitos?<\/h2>\n<ol>\n<li>\n<h3>Solu\u00e7\u00f5es turnkey de ponta a ponta<\/h3>\n<\/li>\n<\/ol>\n<p>N\u00e3o vendemos apenas m\u00e1quinas; entregamos projetos completos. Desde o layout e o projeto da f\u00e1brica, a fabrica\u00e7\u00e3o de equipamentos, a instala\u00e7\u00e3o e o comissionamento at\u00e9 o treinamento da equipe e a manuten\u00e7\u00e3o cont\u00ednua, oferecemos um \u00fanico ponto de responsabilidade.<\/p>\n<ol start=\"2\">\n<li>\n<h3>Qualidade de constru\u00e7\u00e3o e higiene superiores<\/h3>\n<\/li>\n<\/ol>\n<p>Nossas m\u00e1quinas s\u00e3o constru\u00eddas com a\u00e7o inoxid\u00e1vel de alta qualidade, aprovado para contato com alimentos (por exemplo, SS304, SS316). Os projetos priorizam o f\u00e1cil acesso para limpeza e manuten\u00e7\u00e3o, com sistemas CIP dispon\u00edveis, garantindo que voc\u00ea atenda aos mais altos padr\u00f5es internacionais de seguran\u00e7a alimentar (HACCP, GMP, FDA).<\/p>\n<ol start=\"3\">\n<li>\n<h3>Foco em efici\u00eancia e sustentabilidade<\/h3>\n<\/li>\n<\/ol>\n<ul>\n<li>Fornos com efici\u00eancia energ\u00e9tica: Nossos fornos apresentam sistemas avan\u00e7ados de isolamento e recupera\u00e7\u00e3o de calor, reduzindo drasticamente seu consumo de energia e custos operacionais.<\/li>\n<li>M\u00ednimo desperd\u00edcio: Os alimentadores de massa de precis\u00e3o e as balan\u00e7as de m\u00faltiplos cabe\u00e7otes garantem um controle preciso do peso, minimizando o desperd\u00edcio de produtos.<\/li>\n<li>Alto tempo de atividade: Engenharia robusta e componentes confi\u00e1veis significam que sua linha funciona por mais tempo com menos tempo de inatividade.<\/li>\n<\/ul>\n<p>&nbsp;<\/p>\n<h2>Deixe uma mensagem para obter uma cota\u00e7\u00e3o<\/h2>\n\n<div class=\"wpcf7 no-js\" id=\"wpcf7-f4619-o1\" lang=\"en-US\" dir=\"ltr\" data-wpcf7-id=\"4619\">\n<div class=\"screen-reader-response\"><p role=\"status\" aria-live=\"polite\" aria-atomic=\"true\"><\/p> <ul><\/ul><\/div>\n<form action=\"\/pt\/wp-json\/wp\/v2\/product\/5787#wpcf7-f4619-o1\" method=\"post\" class=\"wpcf7-form init\" aria-label=\"Formul\u00e1rio de contato\" novalidate=\"novalidate\" data-status=\"init\" data-trp-original-action=\"\/pt\/wp-json\/wp\/v2\/product\/5787#wpcf7-f4619-o1\">\n<div style=\"display: none;\">\n<input type=\"hidden\" name=\"_wpcf7\" value=\"4619\" \/>\n<input type=\"hidden\" name=\"_wpcf7_version\" value=\"6.0.4\" \/>\n<input type=\"hidden\" name=\"_wpcf7_locale\" value=\"en_US\" \/>\n<input type=\"hidden\" name=\"_wpcf7_unit_tag\" value=\"wpcf7-f4619-o1\" \/>\n<input type=\"hidden\" name=\"_wpcf7_container_post\" value=\"0\" \/>\n<input type=\"hidden\" name=\"_wpcf7_posted_data_hash\" value=\"\" \/>\n<\/div>\n<p><label> Seu nome*<br \/>\n<span class=\"wpcf7-form-control-wrap\" data-name=\"your-name\"><input size=\"40\" maxlength=\"400\" class=\"wpcf7-form-control wpcf7-text wpcf7-validates-as-required\" aria-required=\"true\" aria-invalid=\"false\" value=\"\" type=\"text\" name=\"your-name\" \/><\/span> <\/label>\n<\/p>\n<p><label> Seu pa\u00eds<br \/>\n<span class=\"wpcf7-form-control-wrap\" data-name=\"your-country\"><input size=\"40\" maxlength=\"400\" class=\"wpcf7-form-control wpcf7-text\" aria-invalid=\"false\" value=\"\" type=\"text\" name=\"your-country\" \/><\/span><\/label>\n<\/p>\n<p><label> Seu e-mail*<br \/>\n<span class=\"wpcf7-form-control-wrap\" data-name=\"your-email\"><input size=\"40\" maxlength=\"400\" class=\"wpcf7-form-control wpcf7-email wpcf7-validates-as-required wpcf7-text wpcf7-validates-as-email\" aria-required=\"true\" aria-invalid=\"false\" value=\"\" type=\"email\" name=\"your-email\" \/><\/span> <\/label>\n<\/p>\n<p><label> Seu telefone<br \/>\n<span class=\"wpcf7-form-control-wrap\" data-name=\"your-phone\"><input size=\"40\" maxlength=\"400\" class=\"wpcf7-form-control wpcf7-tel wpcf7-text wpcf7-validates-as-tel\" aria-invalid=\"false\" value=\"\" type=\"tel\" name=\"your-phone\" \/><\/span> <\/label>\n<\/p>\n<p><label> Nome de sua empresa<br \/>\n<span class=\"wpcf7-form-control-wrap\" data-name=\"text-457\"><input size=\"40\" maxlength=\"400\" class=\"wpcf7-form-control wpcf7-text\" aria-invalid=\"false\" value=\"\" type=\"text\" name=\"text-457\" \/><\/span> <\/label>\n<\/p>\n<p><label> Site de sua empresa<br \/>\n<span class=\"wpcf7-form-control-wrap\" data-name=\"text-546\"><input size=\"40\" maxlength=\"400\" class=\"wpcf7-form-control wpcf7-text\" aria-invalid=\"false\" value=\"\" type=\"text\" name=\"text-546\" \/><\/span> <\/label>\n<\/p>\n<p><label> Seu requisito*<br \/>\n<span class=\"wpcf7-form-control-wrap\" data-name=\"your-message\"><textarea cols=\"40\" rows=\"10\" maxlength=\"2000\" class=\"wpcf7-form-control wpcf7-textarea wpcf7-validates-as-required\" aria-required=\"true\" aria-invalid=\"false\" name=\"your-message\"><\/textarea><\/span> <\/label>\n<\/p>\n<p><input class=\"wpcf7-form-control wpcf7-submit has-spinner\" type=\"submit\" value=\"Enviar\" \/>\n<\/p><p style=\"display: none !important;\" class=\"akismet-fields-container\" data-prefix=\"_wpcf7_ak_\"><label>&#916;<textarea name=\"_wpcf7_ak_hp_textarea\" cols=\"45\" rows=\"8\" maxlength=\"100\"><\/textarea><\/label><input type=\"hidden\" id=\"ak_js_1\" name=\"_wpcf7_ak_js\" value=\"215\"\/><script>document.getElementById( \"ak_js_1\" ).setAttribute( \"value\", ( new Date() ).getTime() );<\/script><\/p><div class=\"wpcf7-response-output\" aria-hidden=\"true\"><\/div>\n<input type=\"hidden\" name=\"trp-form-language\" value=\"pt\"\/><\/form>\n<\/div>\n\n<div style='text-align:left' class='yasr-auto-insert-visitor'><\/div>","protected":false},"excerpt":{"rendered":"<p>A modern biscuit factory&#8217;s production line is a fully automated, continuous system that processes flour, sugar, fat, and other ingredients into packaged, finished biscuits in one go. Core Functions &amp; Key Components A complete production line performs a series of continuous operations\uff1a Stage Function Key Equipment Raw Material Handling Storage, transportation, and precise weighing of [&hellip;]<\/p>","protected":false},"featured_media":5788,"comment_status":"open","ping_status":"closed","template":"","meta":{"site-sidebar-layout":"default","site-content-layout":"","ast-site-content-layout":"default","site-content-style":"default","site-sidebar-style":"default","ast-global-header-display":"","ast-banner-title-visibility":"","ast-main-header-display":"","ast-hfb-above-header-display":"","ast-hfb-below-header-display":"","ast-hfb-mobile-header-display":"","site-post-title":"","ast-breadcrumbs-content":"","ast-featured-img":"","footer-sml-layout":"","theme-transparent-header-meta":"default","adv-header-id-meta":"","stick-header-meta":"","header-above-stick-meta":"","header-main-stick-meta":"","header-below-stick-meta":"","astra-migrate-meta-layouts":"set","ast-page-background-enabled":"default","ast-page-background-meta":{"desktop":{"background-color":"","background-image":"","background-repeat":"repeat","background-position":"center center","background-size":"auto","background-attachment":"scroll","background-type":"","background-media":"","overlay-type":"","overlay-color":"","overlay-opacity":"","overlay-gradient":""},"tablet":{"background-color":"","background-image":"","background-repeat":"repeat","background-position":"center center","background-size":"auto","background-attachment":"scroll","background-type":"","background-media":"","overlay-type":"","overlay-color":"","overlay-opacity":"","overlay-gradient":""},"mobile":{"background-color":"","background-image":"","background-repeat":"repeat","background-position":"center center","background-size":"auto","background-attachment":"scroll","background-type":"","background-media":"","overlay-type":"","overlay-color":"","overlay-opacity":"","overlay-gradient":""}},"ast-content-background-meta":{"desktop":{"background-color":"var(--ast-global-color-5)","background-image":"","background-repeat":"repeat","background-position":"center center","background-size":"auto","background-attachment":"scroll","background-type":"","background-media":"","overlay-type":"","overlay-color":"","overlay-opacity":"","overlay-gradient":""},"tablet":{"background-color":"var(--ast-global-color-5)","background-image":"","background-repeat":"repeat","background-position":"center center","background-size":"auto","background-attachment":"scroll","background-type":"","background-media":"","overlay-type":"","overlay-color":"","overlay-opacity":"","overlay-gradient":""},"mobile":{"background-color":"var(--ast-global-color-5)","background-image":"","background-repeat":"repeat","background-position":"center center","background-size":"auto","background-attachment":"scroll","background-type":"","background-media":"","overlay-type":"","overlay-color":"","overlay-opacity":"","overlay-gradient":""}},"yasr_overall_rating":5,"yasr_post_is_review":"","yasr_auto_insert_disabled":"","yasr_review_type":""},"product_brand":[],"product_cat":[22],"product_tag":[],"class_list":{"0":"post-5787","1":"product","2":"type-product","3":"status-publish","4":"has-post-thumbnail","6":"product_cat-hard-biscuit-production-line","7":"desktop-align-left","8":"tablet-align-left","9":"mobile-align-left","11":"first","12":"instock","13":"shipping-taxable","14":"product-type-simple"},"yoast_head":"<!-- This site is optimized with the Yoast SEO plugin v24.4 - https:\/\/yoast.com\/wordpress\/plugins\/seo\/ -->\n<title>Biscuit Factory Production Line Automation - Biscuit Production Solution Manufacturer<\/title>\n<meta name=\"description\" content=\"The biscuit factory production line is a automated, continuous process designed to efficiently produce biscuits of consistent quality on a large scale.\" \/>\n<meta name=\"robots\" content=\"index, follow, max-snippet:-1, max-image-preview:large, max-video-preview:-1\" \/>\n<link rel=\"canonical\" href=\"https:\/\/www.biscuitsolution.com\/pt\/produto\/biscuit-factory-production-line\/\" \/>\n<meta property=\"og:locale\" content=\"pt_BR\" \/>\n<meta property=\"og:type\" content=\"article\" \/>\n<meta property=\"og:title\" content=\"Biscuit Factory Production Line Automation - Biscuit Production Solution Manufacturer\" \/>\n<meta property=\"og:description\" content=\"The biscuit factory production line is a automated, continuous process designed to efficiently produce biscuits of consistent quality on a large scale.\" \/>\n<meta property=\"og:url\" content=\"https:\/\/www.biscuitsolution.com\/pt\/produto\/biscuit-factory-production-line\/\" \/>\n<meta property=\"og:site_name\" content=\"Biscuit Production Solution Manufacturer\" \/>\n<meta property=\"article:publisher\" content=\"https:\/\/www.facebook.com\/profile.php?id=100095205040823\" \/>\n<meta property=\"article:modified_time\" content=\"2025-09-22T08:46:03+00:00\" \/>\n<meta property=\"og:image\" content=\"https:\/\/www.biscuitsolution.com\/wp-content\/uploads\/2025\/09\/biscuit-factory-production-line.jpg\" \/>\n\t<meta property=\"og:image:width\" content=\"600\" \/>\n\t<meta property=\"og:image:height\" content=\"600\" \/>\n\t<meta property=\"og:image:type\" content=\"image\/jpeg\" \/>\n<meta name=\"twitter:card\" content=\"summary_large_image\" \/>\n<meta name=\"twitter:site\" content=\"@shanna_zha26342\" \/>\n<meta name=\"twitter:label1\" content=\"Est. tempo de leitura\" \/>\n\t<meta name=\"twitter:data1\" content=\"3 minutos\" \/>\n<script type=\"application\/ld+json\" class=\"yoast-schema-graph\">{\"@context\":\"https:\/\/schema.org\",\"@graph\":[{\"@type\":\"WebPage\",\"@id\":\"https:\/\/www.biscuitsolution.com\/product\/biscuit-factory-production-line\/\",\"url\":\"https:\/\/www.biscuitsolution.com\/product\/biscuit-factory-production-line\/\",\"name\":\"Biscuit Factory Production Line Automation - Biscuit Production Solution Manufacturer\",\"isPartOf\":{\"@id\":\"https:\/\/www.biscuitsolution.com\/#website\"},\"primaryImageOfPage\":{\"@id\":\"https:\/\/www.biscuitsolution.com\/product\/biscuit-factory-production-line\/#primaryimage\"},\"image\":{\"@id\":\"https:\/\/www.biscuitsolution.com\/product\/biscuit-factory-production-line\/#primaryimage\"},\"thumbnailUrl\":\"https:\/\/www.biscuitsolution.com\/wp-content\/uploads\/2025\/09\/biscuit-factory-production-line.jpg\",\"datePublished\":\"2025-09-22T08:40:50+00:00\",\"dateModified\":\"2025-09-22T08:46:03+00:00\",\"description\":\"The biscuit factory production line is a automated, continuous process designed to efficiently produce biscuits of consistent quality on a large scale.\",\"breadcrumb\":{\"@id\":\"https:\/\/www.biscuitsolution.com\/product\/biscuit-factory-production-line\/#breadcrumb\"},\"inLanguage\":\"pt-BR\",\"potentialAction\":[{\"@type\":\"ReadAction\",\"target\":[\"https:\/\/www.biscuitsolution.com\/product\/biscuit-factory-production-line\/\"]}]},{\"@type\":\"ImageObject\",\"inLanguage\":\"pt-BR\",\"@id\":\"https:\/\/www.biscuitsolution.com\/product\/biscuit-factory-production-line\/#primaryimage\",\"url\":\"https:\/\/www.biscuitsolution.com\/wp-content\/uploads\/2025\/09\/biscuit-factory-production-line.jpg\",\"contentUrl\":\"https:\/\/www.biscuitsolution.com\/wp-content\/uploads\/2025\/09\/biscuit-factory-production-line.jpg\",\"width\":600,\"height\":600},{\"@type\":\"BreadcrumbList\",\"@id\":\"https:\/\/www.biscuitsolution.com\/product\/biscuit-factory-production-line\/#breadcrumb\",\"itemListElement\":[{\"@type\":\"ListItem\",\"position\":1,\"name\":\"Home\",\"item\":\"https:\/\/www.biscuitsolution.com\/\"},{\"@type\":\"ListItem\",\"position\":2,\"name\":\"Product\",\"item\":\"https:\/\/www.biscuitsolution.com\/product\/\"},{\"@type\":\"ListItem\",\"position\":3,\"name\":\"Biscuit Factory Production Line Automation\"}]},{\"@type\":\"WebSite\",\"@id\":\"https:\/\/www.biscuitsolution.com\/#website\",\"url\":\"https:\/\/www.biscuitsolution.com\/\",\"name\":\"Biscuit Production Solution Manufacturer\",\"description\":\"\",\"potentialAction\":[{\"@type\":\"SearchAction\",\"target\":{\"@type\":\"EntryPoint\",\"urlTemplate\":\"https:\/\/www.biscuitsolution.com\/?s={search_term_string}\"},\"query-input\":{\"@type\":\"PropertyValueSpecification\",\"valueRequired\":true,\"valueName\":\"search_term_string\"}}],\"inLanguage\":\"pt-BR\"},false]}<\/script>\n<!-- \/ Yoast SEO plugin. -->","yoast_head_json":{"title":"Automa\u00e7\u00e3o da linha de produ\u00e7\u00e3o da f\u00e1brica de biscoitos - Fabricante de solu\u00e7\u00f5es para produ\u00e7\u00e3o de biscoitos","description":"A linha de produ\u00e7\u00e3o da f\u00e1brica de biscoitos \u00e9 um processo automatizado e cont\u00ednuo projetado para produzir com efici\u00eancia biscoitos de qualidade consistente em grande escala.","robots":{"index":"index","follow":"follow","max-snippet":"max-snippet:-1","max-image-preview":"max-image-preview:large","max-video-preview":"max-video-preview:-1"},"canonical":"https:\/\/www.biscuitsolution.com\/pt\/produto\/biscuit-factory-production-line\/","og_locale":"pt_BR","og_type":"article","og_title":"Biscuit Factory Production Line Automation - Biscuit Production Solution Manufacturer","og_description":"The biscuit factory production line is a automated, continuous process designed to efficiently produce biscuits of consistent quality on a large scale.","og_url":"https:\/\/www.biscuitsolution.com\/pt\/produto\/biscuit-factory-production-line\/","og_site_name":"Biscuit Production Solution Manufacturer","article_publisher":"https:\/\/www.facebook.com\/profile.php?id=100095205040823","article_modified_time":"2025-09-22T08:46:03+00:00","og_image":[{"width":600,"height":600,"url":"https:\/\/www.biscuitsolution.com\/wp-content\/uploads\/2025\/09\/biscuit-factory-production-line.jpg","type":"image\/jpeg"}],"twitter_card":"summary_large_image","twitter_site":"@shanna_zha26342","twitter_misc":{"Est. tempo de leitura":"3 minutos"},"schema":{"@context":"https:\/\/schema.org","@graph":[{"@type":"WebPage","@id":"https:\/\/www.biscuitsolution.com\/product\/biscuit-factory-production-line\/","url":"https:\/\/www.biscuitsolution.com\/product\/biscuit-factory-production-line\/","name":"Automa\u00e7\u00e3o da linha de produ\u00e7\u00e3o da f\u00e1brica de biscoitos - Fabricante de solu\u00e7\u00f5es para produ\u00e7\u00e3o de biscoitos","isPartOf":{"@id":"https:\/\/www.biscuitsolution.com\/#website"},"primaryImageOfPage":{"@id":"https:\/\/www.biscuitsolution.com\/product\/biscuit-factory-production-line\/#primaryimage"},"image":{"@id":"https:\/\/www.biscuitsolution.com\/product\/biscuit-factory-production-line\/#primaryimage"},"thumbnailUrl":"https:\/\/www.biscuitsolution.com\/wp-content\/uploads\/2025\/09\/biscuit-factory-production-line.jpg","datePublished":"2025-09-22T08:40:50+00:00","dateModified":"2025-09-22T08:46:03+00:00","description":"A linha de produ\u00e7\u00e3o da f\u00e1brica de biscoitos \u00e9 um processo automatizado e cont\u00ednuo projetado para produzir com efici\u00eancia biscoitos de qualidade consistente em grande escala.","breadcrumb":{"@id":"https:\/\/www.biscuitsolution.com\/product\/biscuit-factory-production-line\/#breadcrumb"},"inLanguage":"pt-BR","potentialAction":[{"@type":"ReadAction","target":["https:\/\/www.biscuitsolution.com\/product\/biscuit-factory-production-line\/"]}]},{"@type":"ImageObject","inLanguage":"pt-BR","@id":"https:\/\/www.biscuitsolution.com\/product\/biscuit-factory-production-line\/#primaryimage","url":"https:\/\/www.biscuitsolution.com\/wp-content\/uploads\/2025\/09\/biscuit-factory-production-line.jpg","contentUrl":"https:\/\/www.biscuitsolution.com\/wp-content\/uploads\/2025\/09\/biscuit-factory-production-line.jpg","width":600,"height":600},{"@type":"BreadcrumbList","@id":"https:\/\/www.biscuitsolution.com\/product\/biscuit-factory-production-line\/#breadcrumb","itemListElement":[{"@type":"ListItem","position":1,"name":"Home","item":"https:\/\/www.biscuitsolution.com\/"},{"@type":"ListItem","position":2,"name":"Product","item":"https:\/\/www.biscuitsolution.com\/product\/"},{"@type":"ListItem","position":3,"name":"Biscuit Factory Production Line Automation"}]},{"@type":"WebSite","@id":"https:\/\/www.biscuitsolution.com\/#website","url":"https:\/\/www.biscuitsolution.com\/","name":"Fabricante de solu\u00e7\u00f5es para produ\u00e7\u00e3o de biscoitos","description":"","potentialAction":[{"@type":"SearchAction","target":{"@type":"EntryPoint","urlTemplate":"https:\/\/www.biscuitsolution.com\/?s={search_term_string}"},"query-input":{"@type":"PropertyValueSpecification","valueRequired":true,"valueName":"search_term_string"}}],"inLanguage":"pt-BR"},false]}},"yasr_visitor_votes":{"stars_attributes":{"read_only":false,"span_bottom":false},"number_of_votes":0,"sum_votes":0},"_links":{"self":[{"href":"https:\/\/www.biscuitsolution.com\/pt\/wp-json\/wp\/v2\/product\/5787","targetHints":{"allow":["GET"]}}],"collection":[{"href":"https:\/\/www.biscuitsolution.com\/pt\/wp-json\/wp\/v2\/product"}],"about":[{"href":"https:\/\/www.biscuitsolution.com\/pt\/wp-json\/wp\/v2\/types\/product"}],"replies":[{"embeddable":true,"href":"https:\/\/www.biscuitsolution.com\/pt\/wp-json\/wp\/v2\/comments?post=5787"}],"version-history":[{"count":5,"href":"https:\/\/www.biscuitsolution.com\/pt\/wp-json\/wp\/v2\/product\/5787\/revisions"}],"predecessor-version":[{"id":5793,"href":"https:\/\/www.biscuitsolution.com\/pt\/wp-json\/wp\/v2\/product\/5787\/revisions\/5793"}],"wp:featuredmedia":[{"embeddable":true,"href":"https:\/\/www.biscuitsolution.com\/pt\/wp-json\/wp\/v2\/media\/5788"}],"wp:attachment":[{"href":"https:\/\/www.biscuitsolution.com\/pt\/wp-json\/wp\/v2\/media?parent=5787"}],"wp:term":[{"taxonomy":"product_brand","embeddable":true,"href":"https:\/\/www.biscuitsolution.com\/pt\/wp-json\/wp\/v2\/product_brand?post=5787"},{"taxonomy":"product_cat","embeddable":true,"href":"https:\/\/www.biscuitsolution.com\/pt\/wp-json\/wp\/v2\/product_cat?post=5787"},{"taxonomy":"product_tag","embeddable":true,"href":"https:\/\/www.biscuitsolution.com\/pt\/wp-json\/wp\/v2\/product_tag?post=5787"}],"curies":[{"name":"wp","href":"https:\/\/api.w.org\/{rel}","templated":true}]}}