{"id":5626,"date":"2025-05-28T14:53:54","date_gmt":"2025-05-28T06:53:54","guid":{"rendered":"https:\/\/www.biscuitsolution.com\/?post_type=product&#038;p=5626"},"modified":"2025-05-28T14:53:54","modified_gmt":"2025-05-28T06:53:54","slug":"biscuit-baking-equipment","status":"publish","type":"product","link":"https:\/\/www.biscuitsolution.com\/pt\/produto\/biscuit-baking-equipment\/","title":{"rendered":"Equipamento para assar biscoitos de grau industrial para venda"},"content":{"rendered":"<p>Industrial <strong>equipamento para assar biscoitos<\/strong> \u00e9 um termo geral para linhas de produ\u00e7\u00e3o automatizadas e equipamentos individuais usados para a produ\u00e7\u00e3o de biscoitos em larga escala, abrangendo todo o processo, desde a prepara\u00e7\u00e3o da massa at\u00e9 a embalagem do produto acabado.<\/p>\n<p><img fetchpriority=\"high\" decoding=\"async\" class=\"alignnone size-full wp-image-5627\" src=\"https:\/\/www.biscuitsolution.com\/wp-content\/uploads\/2025\/05\/biscuits-baking-equipment.jpg\" alt=\"equipamento para assar biscoitos\" width=\"800\" height=\"450\" srcset=\"https:\/\/www.biscuitsolution.com\/wp-content\/uploads\/2025\/05\/biscuits-baking-equipment.jpg 800w, https:\/\/www.biscuitsolution.com\/wp-content\/uploads\/2025\/05\/biscuits-baking-equipment-300x169.jpg 300w, https:\/\/www.biscuitsolution.com\/wp-content\/uploads\/2025\/05\/biscuits-baking-equipment-768x432.jpg 768w, https:\/\/www.biscuitsolution.com\/wp-content\/uploads\/2025\/05\/biscuits-baking-equipment-18x10.jpg 18w, https:\/\/www.biscuitsolution.com\/wp-content\/uploads\/2025\/05\/biscuits-baking-equipment-600x338.jpg 600w, https:\/\/www.biscuitsolution.com\/wp-content\/uploads\/2025\/05\/biscuits-baking-equipment-64x36.jpg 64w\" sizes=\"(max-width: 800px) 100vw, 800px\" \/><\/p>\n<h2>Equipamento de prepara\u00e7\u00e3o de massa<\/h2>\n<ul>\n<li>M\u00e1quinas de mistura: Usadas para misturar farinha, a\u00e7\u00facar, \u00f3leo, \u00e1gua e outras mat\u00e9rias-primas em uma massa uniforme. Os tipos comuns incluem misturadores intermitentes e misturadores cont\u00ednuos.<\/li>\n<li>Equipamento de manuseio de massa: Incluindo transportadores de massa, relaxadores de massa, etc., usados para transportar a massa misturada para o equipamento de forma\u00e7\u00e3o e garantir que a massa atinja o melhor estado antes da forma\u00e7\u00e3o.<\/li>\n<\/ul>\n<p><img decoding=\"async\" class=\"alignnone size-full wp-image-5629\" src=\"https:\/\/www.biscuitsolution.com\/wp-content\/uploads\/2025\/05\/biscuits-baking-equipments.jpg\" alt=\"equipamento para assar biscoitos\" width=\"800\" height=\"450\" srcset=\"https:\/\/www.biscuitsolution.com\/wp-content\/uploads\/2025\/05\/biscuits-baking-equipments.jpg 800w, https:\/\/www.biscuitsolution.com\/wp-content\/uploads\/2025\/05\/biscuits-baking-equipments-300x169.jpg 300w, https:\/\/www.biscuitsolution.com\/wp-content\/uploads\/2025\/05\/biscuits-baking-equipments-768x432.jpg 768w, https:\/\/www.biscuitsolution.com\/wp-content\/uploads\/2025\/05\/biscuits-baking-equipments-18x10.jpg 18w, https:\/\/www.biscuitsolution.com\/wp-content\/uploads\/2025\/05\/biscuits-baking-equipments-600x338.jpg 600w, https:\/\/www.biscuitsolution.com\/wp-content\/uploads\/2025\/05\/biscuits-baking-equipments-64x36.jpg 64w\" sizes=\"(max-width: 800px) 100vw, 800px\" \/><\/p>\n<h2>Equipamento para forma\u00e7\u00e3o de biscoitos<\/h2>\n<ul>\n<li>Cortador: Pressione a massa em folhas uniformes para prepar\u00e1-la para a forma\u00e7\u00e3o subsequente.<\/li>\n<li>Moldadora rotativa: Usada para produzir biscoitos tridimensionais de alta defini\u00e7\u00e3o, como biscoitos para sandu\u00edches e petiscos para animais de estima\u00e7\u00e3o. Seu molde \u00e9 substitu\u00edvel e pode produzir uma variedade de formas.<\/li>\n<li>Esta\u00e7\u00e3o de corte rotativo: Perfura continuamente formas de biscoitos a partir de folhas de massa, e o molde pode ser substitu\u00eddo para se adaptar a diferentes produtos.<\/li>\n<li>M\u00e1quina de corte a fio: produz biscoitos cortando a massa, adequada para a produ\u00e7\u00e3o de biscoitos duros.<\/li>\n<\/ul>\n<p><img decoding=\"async\" class=\"alignnone size-full wp-image-5630\" src=\"https:\/\/www.biscuitsolution.com\/wp-content\/uploads\/2025\/05\/biscui-baking-equipment.jpg\" alt=\"equipamento para assar biscoitos\" width=\"800\" height=\"450\" srcset=\"https:\/\/www.biscuitsolution.com\/wp-content\/uploads\/2025\/05\/biscui-baking-equipment.jpg 800w, https:\/\/www.biscuitsolution.com\/wp-content\/uploads\/2025\/05\/biscui-baking-equipment-300x169.jpg 300w, https:\/\/www.biscuitsolution.com\/wp-content\/uploads\/2025\/05\/biscui-baking-equipment-768x432.jpg 768w, https:\/\/www.biscuitsolution.com\/wp-content\/uploads\/2025\/05\/biscui-baking-equipment-18x10.jpg 18w, https:\/\/www.biscuitsolution.com\/wp-content\/uploads\/2025\/05\/biscui-baking-equipment-600x338.jpg 600w, https:\/\/www.biscuitsolution.com\/wp-content\/uploads\/2025\/05\/biscui-baking-equipment-64x36.jpg 64w\" sizes=\"(max-width: 800px) 100vw, 800px\" \/><\/p>\n<h2>Equipamento de cozimento<\/h2>\n<ul>\n<li>Forno de t\u00fanel: \u00e9 o equipamento principal para assar biscoitos, usando uma variedade de m\u00e9todos de aquecimento, como aquecimento el\u00e9trico, aquecimento a g\u00e1s natural, etc.<\/li>\n<li>Controle dos par\u00e2metros de cozimento: Os fornos modernos s\u00e3o equipados com sistemas precisos de controle de temperatura, umidade e tempo para garantir que cada lote de biscoitos possa atingir a cor, o sabor e a textura ideais.<\/li>\n<\/ul>\n<h2>Equipamentos de resfriamento e embalagem<\/h2>\n<ul>\n<li>Transportador de resfriamento: usado para resfriar os biscoitos assados a uma temperatura adequada para as opera\u00e7\u00f5es de embalagem subsequentes.<\/li>\n<li>Equipamentos de embalagem: incluindo m\u00e1quinas autom\u00e1ticas de embalagem, empilhadeiras, etc., usadas para embalar, encaixotar e empilhar os biscoitos resfriados.<\/li>\n<\/ul>\n<p><img loading=\"lazy\" decoding=\"async\" class=\"alignnone size-full wp-image-5631\" src=\"https:\/\/www.biscuitsolution.com\/wp-content\/uploads\/2025\/05\/biscuit-baking-equipments.jpg\" alt=\"equipamento para assar biscoitos\" width=\"800\" height=\"450\" srcset=\"https:\/\/www.biscuitsolution.com\/wp-content\/uploads\/2025\/05\/biscuit-baking-equipments.jpg 800w, https:\/\/www.biscuitsolution.com\/wp-content\/uploads\/2025\/05\/biscuit-baking-equipments-300x169.jpg 300w, https:\/\/www.biscuitsolution.com\/wp-content\/uploads\/2025\/05\/biscuit-baking-equipments-768x432.jpg 768w, https:\/\/www.biscuitsolution.com\/wp-content\/uploads\/2025\/05\/biscuit-baking-equipments-18x10.jpg 18w, https:\/\/www.biscuitsolution.com\/wp-content\/uploads\/2025\/05\/biscuit-baking-equipments-600x338.jpg 600w, https:\/\/www.biscuitsolution.com\/wp-content\/uploads\/2025\/05\/biscuit-baking-equipments-64x36.jpg 64w\" sizes=\"(max-width: 800px) 100vw, 800px\" \/><\/p>\n<h2>Caracter\u00edsticas do equipamento<\/h2>\n<ul>\n<li>Alto grau de automa\u00e7\u00e3o: desde a entrada da mat\u00e9ria-prima at\u00e9 a sa\u00edda do produto acabado, todo o processo de produ\u00e7\u00e3o pode ser operado com um bot\u00e3o por meio do sistema de controle PLC e da interface de tela sens\u00edvel ao toque, reduzindo a interven\u00e7\u00e3o manual.<\/li>\n<li>Grande flexibilidade de produ\u00e7\u00e3o: o equipamento permite a r\u00e1pida substitui\u00e7\u00e3o do molde e pode ajustar a forma e o tamanho dos biscoitos para atender \u00e0s diversas necessidades do mercado.<\/li>\n<li>Controle preciso da qualidade: Garanta a qualidade consistente de cada lote de biscoitos por meio do controle preciso dos par\u00e2metros de cozimento.<\/li>\n<li>F\u00e1cil de limpar e manter: O design do equipamento atende aos padr\u00f5es de higiene, e os principais componentes podem ser desmontados rapidamente para facilitar a limpeza di\u00e1ria e a manuten\u00e7\u00e3o regular.<\/li>\n<\/ul>\n<p><img loading=\"lazy\" decoding=\"async\" class=\"alignnone size-full wp-image-5632\" src=\"https:\/\/www.biscuitsolution.com\/wp-content\/uploads\/2025\/05\/biscuit-bakings-equipment.jpg\" alt=\"equipamento para assar biscoitos\" width=\"800\" height=\"450\" srcset=\"https:\/\/www.biscuitsolution.com\/wp-content\/uploads\/2025\/05\/biscuit-bakings-equipment.jpg 800w, https:\/\/www.biscuitsolution.com\/wp-content\/uploads\/2025\/05\/biscuit-bakings-equipment-300x169.jpg 300w, https:\/\/www.biscuitsolution.com\/wp-content\/uploads\/2025\/05\/biscuit-bakings-equipment-768x432.jpg 768w, https:\/\/www.biscuitsolution.com\/wp-content\/uploads\/2025\/05\/biscuit-bakings-equipment-18x10.jpg 18w, https:\/\/www.biscuitsolution.com\/wp-content\/uploads\/2025\/05\/biscuit-bakings-equipment-600x338.jpg 600w, https:\/\/www.biscuitsolution.com\/wp-content\/uploads\/2025\/05\/biscuit-bakings-equipment-64x36.jpg 64w\" sizes=\"(max-width: 800px) 100vw, 800px\" \/><\/p>\n<p>Ao escolher nossos equipamentos de produ\u00e7\u00e3o de biscoitos, voc\u00ea obter\u00e1 uma solu\u00e7\u00e3o de produ\u00e7\u00e3o eficiente, est\u00e1vel, flex\u00edvel e compat\u00edvel com a seguran\u00e7a alimentar para ajudar sua empresa a alcan\u00e7ar um desenvolvimento de alta qualidade. Estamos ansiosos para trabalhar com voc\u00ea na cria\u00e7\u00e3o de produtos de biscoito de alta qualidade para atender \u00e0 demanda do mercado.<\/p>\n<p>&nbsp;<\/p>\n<h2>Deixe uma mensagem para obter uma cota\u00e7\u00e3o<\/h2>\n\n<div class=\"wpcf7 no-js\" id=\"wpcf7-f4619-o1\" lang=\"en-US\" dir=\"ltr\" data-wpcf7-id=\"4619\">\n<div class=\"screen-reader-response\"><p role=\"status\" aria-live=\"polite\" aria-atomic=\"true\"><\/p> <ul><\/ul><\/div>\n<form action=\"\/pt\/wp-json\/wp\/v2\/product\/5626#wpcf7-f4619-o1\" method=\"post\" class=\"wpcf7-form init\" aria-label=\"Formul\u00e1rio de contato\" novalidate=\"novalidate\" data-status=\"init\" data-trp-original-action=\"\/pt\/wp-json\/wp\/v2\/product\/5626#wpcf7-f4619-o1\">\n<div style=\"display: none;\">\n<input type=\"hidden\" name=\"_wpcf7\" value=\"4619\" \/>\n<input type=\"hidden\" name=\"_wpcf7_version\" value=\"6.0.4\" \/>\n<input type=\"hidden\" name=\"_wpcf7_locale\" value=\"en_US\" \/>\n<input type=\"hidden\" name=\"_wpcf7_unit_tag\" value=\"wpcf7-f4619-o1\" \/>\n<input type=\"hidden\" name=\"_wpcf7_container_post\" value=\"0\" \/>\n<input type=\"hidden\" name=\"_wpcf7_posted_data_hash\" value=\"\" \/>\n<\/div>\n<p><label> Seu nome*<br \/>\n<span class=\"wpcf7-form-control-wrap\" data-name=\"your-name\"><input size=\"40\" maxlength=\"400\" class=\"wpcf7-form-control wpcf7-text wpcf7-validates-as-required\" aria-required=\"true\" aria-invalid=\"false\" value=\"\" type=\"text\" name=\"your-name\" \/><\/span> <\/label>\n<\/p>\n<p><label> Seu pa\u00eds<br \/>\n<span class=\"wpcf7-form-control-wrap\" data-name=\"your-country\"><input size=\"40\" maxlength=\"400\" class=\"wpcf7-form-control wpcf7-text\" aria-invalid=\"false\" value=\"\" type=\"text\" name=\"your-country\" \/><\/span><\/label>\n<\/p>\n<p><label> Seu e-mail*<br \/>\n<span class=\"wpcf7-form-control-wrap\" data-name=\"your-email\"><input size=\"40\" maxlength=\"400\" class=\"wpcf7-form-control wpcf7-email wpcf7-validates-as-required wpcf7-text wpcf7-validates-as-email\" aria-required=\"true\" aria-invalid=\"false\" value=\"\" type=\"email\" name=\"your-email\" \/><\/span> <\/label>\n<\/p>\n<p><label> Seu telefone<br \/>\n<span class=\"wpcf7-form-control-wrap\" data-name=\"your-phone\"><input size=\"40\" maxlength=\"400\" class=\"wpcf7-form-control wpcf7-tel wpcf7-text wpcf7-validates-as-tel\" aria-invalid=\"false\" value=\"\" type=\"tel\" name=\"your-phone\" \/><\/span> <\/label>\n<\/p>\n<p><label> Nome de sua empresa<br \/>\n<span class=\"wpcf7-form-control-wrap\" data-name=\"text-457\"><input size=\"40\" maxlength=\"400\" class=\"wpcf7-form-control wpcf7-text\" aria-invalid=\"false\" value=\"\" type=\"text\" name=\"text-457\" \/><\/span> <\/label>\n<\/p>\n<p><label> Site de sua empresa<br \/>\n<span class=\"wpcf7-form-control-wrap\" data-name=\"text-546\"><input size=\"40\" maxlength=\"400\" class=\"wpcf7-form-control wpcf7-text\" aria-invalid=\"false\" value=\"\" type=\"text\" name=\"text-546\" \/><\/span> <\/label>\n<\/p>\n<p><label> Seu requisito*<br \/>\n<span class=\"wpcf7-form-control-wrap\" data-name=\"your-message\"><textarea cols=\"40\" rows=\"10\" maxlength=\"2000\" class=\"wpcf7-form-control wpcf7-textarea wpcf7-validates-as-required\" aria-required=\"true\" aria-invalid=\"false\" name=\"your-message\"><\/textarea><\/span> <\/label>\n<\/p>\n<p><input class=\"wpcf7-form-control wpcf7-submit has-spinner\" type=\"submit\" value=\"Enviar\" \/>\n<\/p><p style=\"display: none !important;\" class=\"akismet-fields-container\" data-prefix=\"_wpcf7_ak_\"><label>&#916;<textarea name=\"_wpcf7_ak_hp_textarea\" cols=\"45\" rows=\"8\" maxlength=\"100\"><\/textarea><\/label><input type=\"hidden\" id=\"ak_js_1\" name=\"_wpcf7_ak_js\" value=\"135\"\/><script>document.getElementById( \"ak_js_1\" ).setAttribute( \"value\", ( new Date() ).getTime() );<\/script><\/p><div class=\"wpcf7-response-output\" aria-hidden=\"true\"><\/div>\n<input type=\"hidden\" name=\"trp-form-language\" value=\"pt\"\/><\/form>\n<\/div>\n\n<div style='text-align:left' class='yasr-auto-insert-visitor'><\/div>","protected":false},"excerpt":{"rendered":"<p>O equipamento industrial para assar biscoitos \u00e9 um termo geral para linhas de produ\u00e7\u00e3o automatizadas e equipamentos individuais usados para a produ\u00e7\u00e3o de biscoitos em larga escala, abrangendo todo o processo, desde a prepara\u00e7\u00e3o da massa at\u00e9 a embalagem do produto acabado. Equipamento de prepara\u00e7\u00e3o de massa M\u00e1quinas de mistura: Usadas para misturar farinha, a\u00e7\u00facar, \u00f3leo, \u00e1gua e outras mat\u00e9rias-primas em uma massa uniforme. Os tipos mais comuns incluem [...]<\/p>","protected":false},"featured_media":5628,"comment_status":"open","ping_status":"closed","template":"","meta":{"site-sidebar-layout":"default","site-content-layout":"","ast-site-content-layout":"default","site-content-style":"default","site-sidebar-style":"default","ast-global-header-display":"","ast-banner-title-visibility":"","ast-main-header-display":"","ast-hfb-above-header-display":"","ast-hfb-below-header-display":"","ast-hfb-mobile-header-display":"","site-post-title":"","ast-breadcrumbs-content":"","ast-featured-img":"","footer-sml-layout":"","theme-transparent-header-meta":"default","adv-header-id-meta":"","stick-header-meta":"","header-above-stick-meta":"","header-main-stick-meta":"","header-below-stick-meta":"","astra-migrate-meta-layouts":"set","ast-page-background-enabled":"default","ast-page-background-meta":{"desktop":{"background-color":"","background-image":"","background-repeat":"repeat","background-position":"center center","background-size":"auto","background-attachment":"scroll","background-type":"","background-media":"","overlay-type":"","overlay-color":"","overlay-opacity":"","overlay-gradient":""},"tablet":{"background-color":"","background-image":"","background-repeat":"repeat","background-position":"center center","background-size":"auto","background-attachment":"scroll","background-type":"","background-media":"","overlay-type":"","overlay-color":"","overlay-opacity":"","overlay-gradient":""},"mobile":{"background-color":"","background-image":"","background-repeat":"repeat","background-position":"center center","background-size":"auto","background-attachment":"scroll","background-type":"","background-media":"","overlay-type":"","overlay-color":"","overlay-opacity":"","overlay-gradient":""}},"ast-content-background-meta":{"desktop":{"background-color":"var(--ast-global-color-5)","background-image":"","background-repeat":"repeat","background-position":"center center","background-size":"auto","background-attachment":"scroll","background-type":"","background-media":"","overlay-type":"","overlay-color":"","overlay-opacity":"","overlay-gradient":""},"tablet":{"background-color":"var(--ast-global-color-5)","background-image":"","background-repeat":"repeat","background-position":"center center","background-size":"auto","background-attachment":"scroll","background-type":"","background-media":"","overlay-type":"","overlay-color":"","overlay-opacity":"","overlay-gradient":""},"mobile":{"background-color":"var(--ast-global-color-5)","background-image":"","background-repeat":"repeat","background-position":"center center","background-size":"auto","background-attachment":"scroll","background-type":"","background-media":"","overlay-type":"","overlay-color":"","overlay-opacity":"","overlay-gradient":""}},"yasr_overall_rating":0,"yasr_post_is_review":"","yasr_auto_insert_disabled":"","yasr_review_type":""},"product_brand":[],"product_cat":[22,24,25],"product_tag":[],"class_list":{"0":"post-5626","1":"product","2":"type-product","3":"status-publish","4":"has-post-thumbnail","6":"product_cat-hard-biscuit-production-line","7":"product_cat-cookie-production-line","8":"product_cat-soft-biscuit-production-line","9":"desktop-align-left","10":"tablet-align-left","11":"mobile-align-left","13":"first","14":"instock","15":"shipping-taxable","16":"product-type-simple"},"yoast_head":"<!-- This site is optimized with the Yoast SEO plugin v24.4 - https:\/\/yoast.com\/wordpress\/plugins\/seo\/ -->\n<title>Biscuit Baking Equipment Industrial Grade for Sale - Biscuit Production Solution Manufacturer<\/title>\n<meta name=\"description\" content=\"Biscuit baking equipment covers the whole process from dough preparation to finished product packaging for large-scale production of biscuits.\" \/>\n<meta name=\"robots\" content=\"index, follow, max-snippet:-1, max-image-preview:large, max-video-preview:-1\" \/>\n<link rel=\"canonical\" href=\"https:\/\/www.biscuitsolution.com\/pt\/produto\/biscuit-baking-equipment\/\" \/>\n<meta property=\"og:locale\" content=\"pt_BR\" \/>\n<meta property=\"og:type\" content=\"article\" \/>\n<meta property=\"og:title\" content=\"Biscuit Baking Equipment Industrial Grade for Sale - Biscuit Production Solution Manufacturer\" \/>\n<meta property=\"og:description\" content=\"Biscuit baking equipment covers the whole process from dough preparation to finished product packaging for large-scale production of biscuits.\" \/>\n<meta property=\"og:url\" content=\"https:\/\/www.biscuitsolution.com\/pt\/produto\/biscuit-baking-equipment\/\" \/>\n<meta property=\"og:site_name\" content=\"Biscuit Production Solution Manufacturer\" \/>\n<meta property=\"article:publisher\" content=\"https:\/\/www.facebook.com\/profile.php?id=100095205040823\" \/>\n<meta property=\"og:image\" content=\"https:\/\/www.biscuitsolution.com\/wp-content\/uploads\/2025\/05\/biscuit-baking-equipment.jpg\" \/>\n\t<meta property=\"og:image:width\" content=\"600\" \/>\n\t<meta property=\"og:image:height\" content=\"600\" \/>\n\t<meta property=\"og:image:type\" content=\"image\/jpeg\" \/>\n<meta name=\"twitter:card\" content=\"summary_large_image\" \/>\n<meta name=\"twitter:site\" content=\"@shanna_zha26342\" \/>\n<meta name=\"twitter:label1\" content=\"Est. tempo de leitura\" \/>\n\t<meta name=\"twitter:data1\" content=\"3 minutos\" \/>\n<script type=\"application\/ld+json\" class=\"yoast-schema-graph\">{\"@context\":\"https:\/\/schema.org\",\"@graph\":[{\"@type\":\"WebPage\",\"@id\":\"https:\/\/www.biscuitsolution.com\/product\/biscuit-baking-equipment\/\",\"url\":\"https:\/\/www.biscuitsolution.com\/product\/biscuit-baking-equipment\/\",\"name\":\"Biscuit Baking Equipment Industrial Grade for Sale - Biscuit Production Solution Manufacturer\",\"isPartOf\":{\"@id\":\"https:\/\/www.biscuitsolution.com\/#website\"},\"primaryImageOfPage\":{\"@id\":\"https:\/\/www.biscuitsolution.com\/product\/biscuit-baking-equipment\/#primaryimage\"},\"image\":{\"@id\":\"https:\/\/www.biscuitsolution.com\/product\/biscuit-baking-equipment\/#primaryimage\"},\"thumbnailUrl\":\"https:\/\/www.biscuitsolution.com\/wp-content\/uploads\/2025\/05\/biscuit-baking-equipment.jpg\",\"datePublished\":\"2025-05-28T06:53:54+00:00\",\"description\":\"Biscuit baking equipment covers the whole process from dough preparation to finished product packaging for large-scale production of biscuits.\",\"breadcrumb\":{\"@id\":\"https:\/\/www.biscuitsolution.com\/product\/biscuit-baking-equipment\/#breadcrumb\"},\"inLanguage\":\"pt-BR\",\"potentialAction\":[{\"@type\":\"ReadAction\",\"target\":[\"https:\/\/www.biscuitsolution.com\/product\/biscuit-baking-equipment\/\"]}]},{\"@type\":\"ImageObject\",\"inLanguage\":\"pt-BR\",\"@id\":\"https:\/\/www.biscuitsolution.com\/product\/biscuit-baking-equipment\/#primaryimage\",\"url\":\"https:\/\/www.biscuitsolution.com\/wp-content\/uploads\/2025\/05\/biscuit-baking-equipment.jpg\",\"contentUrl\":\"https:\/\/www.biscuitsolution.com\/wp-content\/uploads\/2025\/05\/biscuit-baking-equipment.jpg\",\"width\":600,\"height\":600,\"caption\":\"biscuit baking equipment\"},{\"@type\":\"BreadcrumbList\",\"@id\":\"https:\/\/www.biscuitsolution.com\/product\/biscuit-baking-equipment\/#breadcrumb\",\"itemListElement\":[{\"@type\":\"ListItem\",\"position\":1,\"name\":\"Home\",\"item\":\"https:\/\/www.biscuitsolution.com\/\"},{\"@type\":\"ListItem\",\"position\":2,\"name\":\"Product\",\"item\":\"https:\/\/www.biscuitsolution.com\/product\/\"},{\"@type\":\"ListItem\",\"position\":3,\"name\":\"Biscuit Baking Equipment Industrial Grade for Sale\"}]},{\"@type\":\"WebSite\",\"@id\":\"https:\/\/www.biscuitsolution.com\/#website\",\"url\":\"https:\/\/www.biscuitsolution.com\/\",\"name\":\"Biscuit Production Solution Manufacturer\",\"description\":\"\",\"potentialAction\":[{\"@type\":\"SearchAction\",\"target\":{\"@type\":\"EntryPoint\",\"urlTemplate\":\"https:\/\/www.biscuitsolution.com\/?s={search_term_string}\"},\"query-input\":{\"@type\":\"PropertyValueSpecification\",\"valueRequired\":true,\"valueName\":\"search_term_string\"}}],\"inLanguage\":\"pt-BR\"},false]}<\/script>\n<!-- \/ Yoast SEO plugin. -->","yoast_head_json":{"title":"Equipamento para assar biscoitos de grau industrial para venda - Fabricante de solu\u00e7\u00f5es para produ\u00e7\u00e3o de biscoitos","description":"O equipamento de cozimento de biscoitos abrange todo o processo, desde a prepara\u00e7\u00e3o da massa at\u00e9 a embalagem do produto acabado para a produ\u00e7\u00e3o de biscoitos em larga escala.","robots":{"index":"index","follow":"follow","max-snippet":"max-snippet:-1","max-image-preview":"max-image-preview:large","max-video-preview":"max-video-preview:-1"},"canonical":"https:\/\/www.biscuitsolution.com\/pt\/produto\/biscuit-baking-equipment\/","og_locale":"pt_BR","og_type":"article","og_title":"Biscuit Baking Equipment Industrial Grade for Sale - Biscuit Production Solution Manufacturer","og_description":"Biscuit baking equipment covers the whole process from dough preparation to finished product packaging for large-scale production of biscuits.","og_url":"https:\/\/www.biscuitsolution.com\/pt\/produto\/biscuit-baking-equipment\/","og_site_name":"Biscuit Production Solution Manufacturer","article_publisher":"https:\/\/www.facebook.com\/profile.php?id=100095205040823","og_image":[{"width":600,"height":600,"url":"https:\/\/www.biscuitsolution.com\/wp-content\/uploads\/2025\/05\/biscuit-baking-equipment.jpg","type":"image\/jpeg"}],"twitter_card":"summary_large_image","twitter_site":"@shanna_zha26342","twitter_misc":{"Est. tempo de leitura":"3 minutos"},"schema":{"@context":"https:\/\/schema.org","@graph":[{"@type":"WebPage","@id":"https:\/\/www.biscuitsolution.com\/product\/biscuit-baking-equipment\/","url":"https:\/\/www.biscuitsolution.com\/product\/biscuit-baking-equipment\/","name":"Equipamento para assar biscoitos de grau industrial para venda - Fabricante de solu\u00e7\u00f5es para produ\u00e7\u00e3o de biscoitos","isPartOf":{"@id":"https:\/\/www.biscuitsolution.com\/#website"},"primaryImageOfPage":{"@id":"https:\/\/www.biscuitsolution.com\/product\/biscuit-baking-equipment\/#primaryimage"},"image":{"@id":"https:\/\/www.biscuitsolution.com\/product\/biscuit-baking-equipment\/#primaryimage"},"thumbnailUrl":"https:\/\/www.biscuitsolution.com\/wp-content\/uploads\/2025\/05\/biscuit-baking-equipment.jpg","datePublished":"2025-05-28T06:53:54+00:00","description":"O equipamento de cozimento de biscoitos abrange todo o processo, desde a prepara\u00e7\u00e3o da massa at\u00e9 a embalagem do produto acabado para a produ\u00e7\u00e3o de biscoitos em larga escala.","breadcrumb":{"@id":"https:\/\/www.biscuitsolution.com\/product\/biscuit-baking-equipment\/#breadcrumb"},"inLanguage":"pt-BR","potentialAction":[{"@type":"ReadAction","target":["https:\/\/www.biscuitsolution.com\/product\/biscuit-baking-equipment\/"]}]},{"@type":"ImageObject","inLanguage":"pt-BR","@id":"https:\/\/www.biscuitsolution.com\/product\/biscuit-baking-equipment\/#primaryimage","url":"https:\/\/www.biscuitsolution.com\/wp-content\/uploads\/2025\/05\/biscuit-baking-equipment.jpg","contentUrl":"https:\/\/www.biscuitsolution.com\/wp-content\/uploads\/2025\/05\/biscuit-baking-equipment.jpg","width":600,"height":600,"caption":"biscuit baking equipment"},{"@type":"BreadcrumbList","@id":"https:\/\/www.biscuitsolution.com\/product\/biscuit-baking-equipment\/#breadcrumb","itemListElement":[{"@type":"ListItem","position":1,"name":"Home","item":"https:\/\/www.biscuitsolution.com\/"},{"@type":"ListItem","position":2,"name":"Product","item":"https:\/\/www.biscuitsolution.com\/product\/"},{"@type":"ListItem","position":3,"name":"Biscuit Baking Equipment Industrial Grade for Sale"}]},{"@type":"WebSite","@id":"https:\/\/www.biscuitsolution.com\/#website","url":"https:\/\/www.biscuitsolution.com\/","name":"Fabricante de solu\u00e7\u00f5es para produ\u00e7\u00e3o de biscoitos","description":"","potentialAction":[{"@type":"SearchAction","target":{"@type":"EntryPoint","urlTemplate":"https:\/\/www.biscuitsolution.com\/?s={search_term_string}"},"query-input":{"@type":"PropertyValueSpecification","valueRequired":true,"valueName":"search_term_string"}}],"inLanguage":"pt-BR"},false]}},"yasr_visitor_votes":{"stars_attributes":{"read_only":false,"span_bottom":false},"number_of_votes":1,"sum_votes":5},"_links":{"self":[{"href":"https:\/\/www.biscuitsolution.com\/pt\/wp-json\/wp\/v2\/product\/5626","targetHints":{"allow":["GET"]}}],"collection":[{"href":"https:\/\/www.biscuitsolution.com\/pt\/wp-json\/wp\/v2\/product"}],"about":[{"href":"https:\/\/www.biscuitsolution.com\/pt\/wp-json\/wp\/v2\/types\/product"}],"replies":[{"embeddable":true,"href":"https:\/\/www.biscuitsolution.com\/pt\/wp-json\/wp\/v2\/comments?post=5626"}],"version-history":[{"count":1,"href":"https:\/\/www.biscuitsolution.com\/pt\/wp-json\/wp\/v2\/product\/5626\/revisions"}],"predecessor-version":[{"id":5633,"href":"https:\/\/www.biscuitsolution.com\/pt\/wp-json\/wp\/v2\/product\/5626\/revisions\/5633"}],"wp:featuredmedia":[{"embeddable":true,"href":"https:\/\/www.biscuitsolution.com\/pt\/wp-json\/wp\/v2\/media\/5628"}],"wp:attachment":[{"href":"https:\/\/www.biscuitsolution.com\/pt\/wp-json\/wp\/v2\/media?parent=5626"}],"wp:term":[{"taxonomy":"product_brand","embeddable":true,"href":"https:\/\/www.biscuitsolution.com\/pt\/wp-json\/wp\/v2\/product_brand?post=5626"},{"taxonomy":"product_cat","embeddable":true,"href":"https:\/\/www.biscuitsolution.com\/pt\/wp-json\/wp\/v2\/product_cat?post=5626"},{"taxonomy":"product_tag","embeddable":true,"href":"https:\/\/www.biscuitsolution.com\/pt\/wp-json\/wp\/v2\/product_tag?post=5626"}],"curies":[{"name":"wp","href":"https:\/\/api.w.org\/{rel}","templated":true}]}}