{"id":5557,"date":"2025-05-09T14:34:37","date_gmt":"2025-05-09T06:34:37","guid":{"rendered":"https:\/\/www.biscuitsolution.com\/?post_type=product&#038;p=5557"},"modified":"2025-05-09T14:34:37","modified_gmt":"2025-05-09T06:34:37","slug":"biscuit-processing-equipment","status":"publish","type":"product","link":"https:\/\/www.biscuitsolution.com\/pt\/produto\/biscuit-processing-equipment\/","title":{"rendered":"Equipamento completo de processamento de biscoitos personaliz\u00e1vel para venda"},"content":{"rendered":"<p>No campo da produ\u00e7\u00e3o de biscoitos,<strong> equipamento de processamento de biscoitos<\/strong> \u00e9 a chave para garantir a qualidade do produto, melhorar a efici\u00eancia da produ\u00e7\u00e3o e atender \u00e0 demanda do mercado.<\/p>\n<p>Temos o compromisso de fornecer aos fabricantes globais de biscoitos equipamentos de processamento de biscoitos abrangentes e de alto desempenho, desde o processamento da mat\u00e9ria-prima at\u00e9 a embalagem do produto acabado, com o objetivo de ajudar os clientes a obter opera\u00e7\u00f5es de produ\u00e7\u00e3o eficientes, est\u00e1veis e flex\u00edveis e, ao mesmo tempo, atender \u00e0s diversas necessidades do mercado.<\/p>\n<p><img fetchpriority=\"high\" decoding=\"async\" class=\"alignnone size-full wp-image-5558\" src=\"https:\/\/www.biscuitsolution.com\/wp-content\/uploads\/2025\/05\/biscuit-processing-equipment.jpg\" alt=\"equipamento de processamento de biscoitos\" width=\"800\" height=\"450\" srcset=\"https:\/\/www.biscuitsolution.com\/wp-content\/uploads\/2025\/05\/biscuit-processing-equipment.jpg 800w, https:\/\/www.biscuitsolution.com\/wp-content\/uploads\/2025\/05\/biscuit-processing-equipment-300x169.jpg 300w, https:\/\/www.biscuitsolution.com\/wp-content\/uploads\/2025\/05\/biscuit-processing-equipment-768x432.jpg 768w, https:\/\/www.biscuitsolution.com\/wp-content\/uploads\/2025\/05\/biscuit-processing-equipment-18x10.jpg 18w, https:\/\/www.biscuitsolution.com\/wp-content\/uploads\/2025\/05\/biscuit-processing-equipment-600x338.jpg 600w, https:\/\/www.biscuitsolution.com\/wp-content\/uploads\/2025\/05\/biscuit-processing-equipment-64x36.jpg 64w\" sizes=\"(max-width: 800px) 100vw, 800px\" \/><\/p>\n<h2>Composi\u00e7\u00e3o do equipamento de processamento de biscoitos<\/h2>\n<ul>\n<li>Fluxo do processo: dep\u00f3sito de mat\u00e9ria-prima \u2192 sistema de dosagem \u2192 misturador \u2192 c\u00e2mara de prova \u2192 m\u00e1quina de forma\u00e7\u00e3o \u2192 forno de cozimento \u2192 esteira de resfriamento \u2192 detector \u2192 linha de embalagem \u2192 dep\u00f3sito de produto acabado<\/li>\n<li>Sistema de processamento de mat\u00e9ria-prima: inclui m\u00e1quina autom\u00e1tica de dosagem, sistema de suc\u00e7\u00e3o a v\u00e1cuo e dispositivo de inje\u00e7\u00e3o quantitativa de l\u00edquido. Realiza a dosagem autom\u00e1tica e o pr\u00e9-tratamento de mat\u00e9rias-primas, garante a consist\u00eancia da f\u00f3rmula e reduz os erros manuais.<\/li>\n<li>Equipamento de mistura e prova de massa: inclui misturador horizontal de eixo duplo e c\u00e2mara de prova de temperatura constante. Ele pode misturar uniformemente a massa para evitar o desequil\u00edbrio do gl\u00faten causado pelo amassamento excessivo.<\/li>\n<li>Unidade de forma\u00e7\u00e3o de biscoitos: inclui m\u00e1quina formadora de rolos de impress\u00e3o, m\u00e1quina formadora de estampagem e m\u00e1quina formadora de extrus\u00e3o. Possui um sistema de substitui\u00e7\u00e3o r\u00e1pida de molde (a troca pode ser conclu\u00edda em 10 minutos).<\/li>\n<li>Sistema de cozimento e resfriamento: inclui forno de cozimento em t\u00fanel de v\u00e1rias camadas, dispositivo autom\u00e1tico de pulveriza\u00e7\u00e3o de \u00f3leo\/a\u00e7\u00facar e esteira transportadora de resfriamento. Ele pode controlar com precis\u00e3o a taxa de desidrata\u00e7\u00e3o dos biscoitos para evitar rachaduras ou deforma\u00e7\u00f5es.<\/li>\n<\/ul>\n<p><img decoding=\"async\" class=\"alignnone size-full wp-image-5559\" src=\"https:\/\/www.biscuitsolution.com\/wp-content\/uploads\/2025\/05\/biscuits-processing-equipment.jpg\" alt=\"equipamento de processamento de biscoitos\" width=\"800\" height=\"450\" srcset=\"https:\/\/www.biscuitsolution.com\/wp-content\/uploads\/2025\/05\/biscuits-processing-equipment.jpg 800w, https:\/\/www.biscuitsolution.com\/wp-content\/uploads\/2025\/05\/biscuits-processing-equipment-300x169.jpg 300w, https:\/\/www.biscuitsolution.com\/wp-content\/uploads\/2025\/05\/biscuits-processing-equipment-768x432.jpg 768w, https:\/\/www.biscuitsolution.com\/wp-content\/uploads\/2025\/05\/biscuits-processing-equipment-18x10.jpg 18w, https:\/\/www.biscuitsolution.com\/wp-content\/uploads\/2025\/05\/biscuits-processing-equipment-600x338.jpg 600w, https:\/\/www.biscuitsolution.com\/wp-content\/uploads\/2025\/05\/biscuits-processing-equipment-64x36.jpg 64w\" sizes=\"(max-width: 800px) 100vw, 800px\" \/><\/p>\n<h2>Principais vantagens do equipamento de processamento de biscoitos<\/h2>\n<p>M\u00e1quina formadora de massa multifuncional<\/p>\n<ul>\n<li>Oferece suporte a v\u00e1rios processos de forma\u00e7\u00e3o, como impress\u00e3o em rolo, estampagem, extrus\u00e3o etc., com uma precis\u00e3o de ajuste de espessura de \u00b10,1 mm.<\/li>\n<li>Equipado com dispositivo de autolimpeza para reduzir os res\u00edduos de mat\u00e9ria-prima durante a troca de produtos.<\/li>\n<\/ul>\n<p>Forno de cozimento com economia de energia em t\u00fanel<\/p>\n<ol>\n<li>A tecnologia de controle de temperatura por zonas (ajust\u00e1vel de 80 a 300 \u2103) se adapta \u00e0 curva de desidrata\u00e7\u00e3o de biscoitos com diferentes teores de umidade.<\/li>\n<li>A efici\u00eancia t\u00e9rmica \u00e9 aumentada para 75%, reduzindo o tempo de cozimento em 15% em compara\u00e7\u00e3o com o equipamento tradicional.<\/li>\n<\/ol>\n<p><img decoding=\"async\" class=\"alignnone size-full wp-image-5561\" src=\"https:\/\/www.biscuitsolution.com\/wp-content\/uploads\/2025\/05\/biscuits-processing-equipment-2.jpg\" alt=\"equipamento de processamento de biscoitos\" width=\"800\" height=\"450\" srcset=\"https:\/\/www.biscuitsolution.com\/wp-content\/uploads\/2025\/05\/biscuits-processing-equipment-2.jpg 800w, https:\/\/www.biscuitsolution.com\/wp-content\/uploads\/2025\/05\/biscuits-processing-equipment-2-300x169.jpg 300w, https:\/\/www.biscuitsolution.com\/wp-content\/uploads\/2025\/05\/biscuits-processing-equipment-2-768x432.jpg 768w, https:\/\/www.biscuitsolution.com\/wp-content\/uploads\/2025\/05\/biscuits-processing-equipment-2-18x10.jpg 18w, https:\/\/www.biscuitsolution.com\/wp-content\/uploads\/2025\/05\/biscuits-processing-equipment-2-600x338.jpg 600w, https:\/\/www.biscuitsolution.com\/wp-content\/uploads\/2025\/05\/biscuits-processing-equipment-2-64x36.jpg 64w\" sizes=\"(max-width: 800px) 100vw, 800px\" \/><\/p>\n<h2>Como personalizar seu equipamento de processamento de biscoitos?<\/h2>\n<p>Nossa equipe de engenharia oferece servi\u00e7o de personaliza\u00e7\u00e3o em tr\u00eas etapas:<\/p>\n<ul>\n<li>An\u00e1lise da demanda: planeje a combina\u00e7\u00e3o de equipamentos de acordo com o tipo de produto, a capacidade de produ\u00e7\u00e3o desejada e o or\u00e7amento.<\/li>\n<li>Verifica\u00e7\u00e3o da solu\u00e7\u00e3o: demonstrar o layout da linha de produ\u00e7\u00e3o e a l\u00f3gica de opera\u00e7\u00e3o por meio de simula\u00e7\u00e3o em 3D.<\/li>\n<li>Suporte local: mecanismo de resposta global de 48 horas, fornecendo treinamento de instala\u00e7\u00e3o e manuten\u00e7\u00e3o vital\u00edcia.<\/li>\n<\/ul>\n<p><img loading=\"lazy\" decoding=\"async\" class=\"alignnone size-full wp-image-5562\" src=\"https:\/\/www.biscuitsolution.com\/wp-content\/uploads\/2025\/05\/biscuits-processing-equipments.jpg\" alt=\"equipamento de processamento de biscoitos\" width=\"800\" height=\"450\" srcset=\"https:\/\/www.biscuitsolution.com\/wp-content\/uploads\/2025\/05\/biscuits-processing-equipments.jpg 800w, https:\/\/www.biscuitsolution.com\/wp-content\/uploads\/2025\/05\/biscuits-processing-equipments-300x169.jpg 300w, https:\/\/www.biscuitsolution.com\/wp-content\/uploads\/2025\/05\/biscuits-processing-equipments-768x432.jpg 768w, https:\/\/www.biscuitsolution.com\/wp-content\/uploads\/2025\/05\/biscuits-processing-equipments-18x10.jpg 18w, https:\/\/www.biscuitsolution.com\/wp-content\/uploads\/2025\/05\/biscuits-processing-equipments-600x338.jpg 600w, https:\/\/www.biscuitsolution.com\/wp-content\/uploads\/2025\/05\/biscuits-processing-equipments-64x36.jpg 64w\" sizes=\"(max-width: 800px) 100vw, 800px\" \/><\/p>\n<p>Com a modulariza\u00e7\u00e3o dos equipamentos de processamento de biscoitos, as empresas podem criar linhas de produ\u00e7\u00e3o eficientes e inteligentes para atender \u00e0s necessidades de desenvolvimento de produtos diversificados, reduzindo custos e aumentando a efici\u00eancia.<\/p>\n<p>Se estiver construindo uma nova f\u00e1brica ou atualizando uma linha de produ\u00e7\u00e3o existente, os equipamentos de processamento de biscoitos podem oferecer prote\u00e7\u00e3o confi\u00e1vel para a sua empresa. Se precisar obter um plano de configura\u00e7\u00e3o de equipamento espec\u00edfico, entre em contato com nossa equipe de engenharia para obter um projeto personalizado!<\/p>\n<h2>Deixe uma mensagem para obter uma cota\u00e7\u00e3o<\/h2>\n\n<div class=\"wpcf7 no-js\" id=\"wpcf7-f4619-o1\" lang=\"en-US\" dir=\"ltr\" data-wpcf7-id=\"4619\">\n<div class=\"screen-reader-response\"><p role=\"status\" aria-live=\"polite\" aria-atomic=\"true\"><\/p> <ul><\/ul><\/div>\n<form action=\"\/pt\/wp-json\/wp\/v2\/product\/5557#wpcf7-f4619-o1\" method=\"post\" class=\"wpcf7-form init\" aria-label=\"Formul\u00e1rio de contato\" novalidate=\"novalidate\" data-status=\"init\" data-trp-original-action=\"\/pt\/wp-json\/wp\/v2\/product\/5557#wpcf7-f4619-o1\">\n<div style=\"display: none;\">\n<input type=\"hidden\" name=\"_wpcf7\" value=\"4619\" \/>\n<input type=\"hidden\" name=\"_wpcf7_version\" value=\"6.0.4\" \/>\n<input type=\"hidden\" name=\"_wpcf7_locale\" value=\"en_US\" \/>\n<input type=\"hidden\" name=\"_wpcf7_unit_tag\" value=\"wpcf7-f4619-o1\" \/>\n<input type=\"hidden\" name=\"_wpcf7_container_post\" value=\"0\" \/>\n<input type=\"hidden\" name=\"_wpcf7_posted_data_hash\" value=\"\" \/>\n<\/div>\n<p><label> Seu nome*<br \/>\n<span class=\"wpcf7-form-control-wrap\" data-name=\"your-name\"><input size=\"40\" maxlength=\"400\" class=\"wpcf7-form-control wpcf7-text wpcf7-validates-as-required\" aria-required=\"true\" aria-invalid=\"false\" value=\"\" type=\"text\" name=\"your-name\" \/><\/span> <\/label>\n<\/p>\n<p><label> Seu pa\u00eds<br \/>\n<span class=\"wpcf7-form-control-wrap\" data-name=\"your-country\"><input size=\"40\" maxlength=\"400\" class=\"wpcf7-form-control wpcf7-text\" aria-invalid=\"false\" value=\"\" type=\"text\" name=\"your-country\" \/><\/span><\/label>\n<\/p>\n<p><label> Seu e-mail*<br \/>\n<span class=\"wpcf7-form-control-wrap\" data-name=\"your-email\"><input size=\"40\" maxlength=\"400\" class=\"wpcf7-form-control wpcf7-email wpcf7-validates-as-required wpcf7-text wpcf7-validates-as-email\" aria-required=\"true\" aria-invalid=\"false\" value=\"\" type=\"email\" name=\"your-email\" \/><\/span> <\/label>\n<\/p>\n<p><label> Seu telefone<br \/>\n<span class=\"wpcf7-form-control-wrap\" data-name=\"your-phone\"><input size=\"40\" maxlength=\"400\" class=\"wpcf7-form-control wpcf7-tel wpcf7-text wpcf7-validates-as-tel\" aria-invalid=\"false\" value=\"\" type=\"tel\" name=\"your-phone\" \/><\/span> <\/label>\n<\/p>\n<p><label> Nome de sua empresa<br \/>\n<span class=\"wpcf7-form-control-wrap\" data-name=\"text-457\"><input size=\"40\" maxlength=\"400\" class=\"wpcf7-form-control wpcf7-text\" aria-invalid=\"false\" value=\"\" type=\"text\" name=\"text-457\" \/><\/span> <\/label>\n<\/p>\n<p><label> Site de sua empresa<br \/>\n<span class=\"wpcf7-form-control-wrap\" data-name=\"text-546\"><input size=\"40\" maxlength=\"400\" class=\"wpcf7-form-control wpcf7-text\" aria-invalid=\"false\" value=\"\" type=\"text\" name=\"text-546\" \/><\/span> <\/label>\n<\/p>\n<p><label> Seu requisito*<br \/>\n<span class=\"wpcf7-form-control-wrap\" data-name=\"your-message\"><textarea cols=\"40\" rows=\"10\" maxlength=\"2000\" class=\"wpcf7-form-control wpcf7-textarea wpcf7-validates-as-required\" aria-required=\"true\" aria-invalid=\"false\" name=\"your-message\"><\/textarea><\/span> <\/label>\n<\/p>\n<p><input class=\"wpcf7-form-control wpcf7-submit has-spinner\" type=\"submit\" value=\"Enviar\" \/>\n<\/p><p style=\"display: none !important;\" class=\"akismet-fields-container\" data-prefix=\"_wpcf7_ak_\"><label>&#916;<textarea name=\"_wpcf7_ak_hp_textarea\" cols=\"45\" rows=\"8\" maxlength=\"100\"><\/textarea><\/label><input type=\"hidden\" id=\"ak_js_1\" name=\"_wpcf7_ak_js\" value=\"215\"\/><script>document.getElementById( \"ak_js_1\" ).setAttribute( \"value\", ( new Date() ).getTime() );<\/script><\/p><div class=\"wpcf7-response-output\" aria-hidden=\"true\"><\/div>\n<input type=\"hidden\" name=\"trp-form-language\" value=\"pt\"\/><\/form>\n<\/div>\n\n<div style='text-align:left' class='yasr-auto-insert-visitor'><\/div>","protected":false},"excerpt":{"rendered":"<p>No campo da produ\u00e7\u00e3o de biscoitos, o equipamento de processamento de biscoitos \u00e9 a chave para garantir a qualidade do produto, melhorar a efici\u00eancia da produ\u00e7\u00e3o e atender \u00e0 demanda do mercado. Temos o compromisso de fornecer aos fabricantes globais de biscoitos equipamentos de processamento de biscoitos abrangentes e de alto desempenho, desde o processamento da mat\u00e9ria-prima at\u00e9 a embalagem do produto acabado, com o objetivo de ajudar os clientes a obterem efici\u00eancia, estabilidade e flexibilidade [...]<\/p>","protected":false},"featured_media":5563,"comment_status":"open","ping_status":"closed","template":"","meta":{"site-sidebar-layout":"default","site-content-layout":"","ast-site-content-layout":"default","site-content-style":"default","site-sidebar-style":"default","ast-global-header-display":"","ast-banner-title-visibility":"","ast-main-header-display":"","ast-hfb-above-header-display":"","ast-hfb-below-header-display":"","ast-hfb-mobile-header-display":"","site-post-title":"","ast-breadcrumbs-content":"","ast-featured-img":"","footer-sml-layout":"","theme-transparent-header-meta":"default","adv-header-id-meta":"","stick-header-meta":"","header-above-stick-meta":"","header-main-stick-meta":"","header-below-stick-meta":"","astra-migrate-meta-layouts":"set","ast-page-background-enabled":"default","ast-page-background-meta":{"desktop":{"background-color":"","background-image":"","background-repeat":"repeat","background-position":"center center","background-size":"auto","background-attachment":"scroll","background-type":"","background-media":"","overlay-type":"","overlay-color":"","overlay-opacity":"","overlay-gradient":""},"tablet":{"background-color":"","background-image":"","background-repeat":"repeat","background-position":"center center","background-size":"auto","background-attachment":"scroll","background-type":"","background-media":"","overlay-type":"","overlay-color":"","overlay-opacity":"","overlay-gradient":""},"mobile":{"background-color":"","background-image":"","background-repeat":"repeat","background-position":"center center","background-size":"auto","background-attachment":"scroll","background-type":"","background-media":"","overlay-type":"","overlay-color":"","overlay-opacity":"","overlay-gradient":""}},"ast-content-background-meta":{"desktop":{"background-color":"var(--ast-global-color-5)","background-image":"","background-repeat":"repeat","background-position":"center center","background-size":"auto","background-attachment":"scroll","background-type":"","background-media":"","overlay-type":"","overlay-color":"","overlay-opacity":"","overlay-gradient":""},"tablet":{"background-color":"var(--ast-global-color-5)","background-image":"","background-repeat":"repeat","background-position":"center center","background-size":"auto","background-attachment":"scroll","background-type":"","background-media":"","overlay-type":"","overlay-color":"","overlay-opacity":"","overlay-gradient":""},"mobile":{"background-color":"var(--ast-global-color-5)","background-image":"","background-repeat":"repeat","background-position":"center center","background-size":"auto","background-attachment":"scroll","background-type":"","background-media":"","overlay-type":"","overlay-color":"","overlay-opacity":"","overlay-gradient":""}},"yasr_overall_rating":0,"yasr_post_is_review":"","yasr_auto_insert_disabled":"","yasr_review_type":""},"product_brand":[],"product_cat":[22,24,25],"product_tag":[],"class_list":{"0":"post-5557","1":"product","2":"type-product","3":"status-publish","4":"has-post-thumbnail","6":"product_cat-hard-biscuit-production-line","7":"product_cat-cookie-production-line","8":"product_cat-soft-biscuit-production-line","9":"desktop-align-left","10":"tablet-align-left","11":"mobile-align-left","13":"first","14":"instock","15":"shipping-taxable","16":"product-type-simple"},"yoast_head":"<!-- This site is optimized with the Yoast SEO plugin v24.4 - https:\/\/yoast.com\/wordpress\/plugins\/seo\/ -->\n<title>Complete Biscuit Processing Equipment Customizable for Sale - Biscuit Production Solution Manufacturer<\/title>\n<meta name=\"description\" content=\"Biscuit processing equipment can improve production efficiency and ensure product quality. We provide customizable production equipment to meet your needs.\" \/>\n<meta name=\"robots\" content=\"index, follow, max-snippet:-1, max-image-preview:large, max-video-preview:-1\" \/>\n<link rel=\"canonical\" href=\"https:\/\/www.biscuitsolution.com\/pt\/produto\/biscuit-processing-equipment\/\" \/>\n<meta property=\"og:locale\" content=\"pt_BR\" \/>\n<meta property=\"og:type\" content=\"article\" \/>\n<meta property=\"og:title\" content=\"Complete Biscuit Processing Equipment Customizable for Sale - Biscuit Production Solution Manufacturer\" \/>\n<meta property=\"og:description\" content=\"Biscuit processing equipment can improve production efficiency and ensure product quality. We provide customizable production equipment to meet your needs.\" \/>\n<meta property=\"og:url\" content=\"https:\/\/www.biscuitsolution.com\/pt\/produto\/biscuit-processing-equipment\/\" \/>\n<meta property=\"og:site_name\" content=\"Biscuit Production Solution Manufacturer\" \/>\n<meta property=\"article:publisher\" content=\"https:\/\/www.facebook.com\/profile.php?id=100095205040823\" \/>\n<meta property=\"og:image\" content=\"https:\/\/www.biscuitsolution.com\/wp-content\/uploads\/2025\/05\/biscuit-processing-equipment-1.jpg\" \/>\n\t<meta property=\"og:image:width\" content=\"600\" \/>\n\t<meta property=\"og:image:height\" content=\"600\" \/>\n\t<meta property=\"og:image:type\" content=\"image\/jpeg\" \/>\n<meta name=\"twitter:card\" content=\"summary_large_image\" \/>\n<meta name=\"twitter:site\" content=\"@shanna_zha26342\" \/>\n<meta name=\"twitter:label1\" content=\"Est. tempo de leitura\" \/>\n\t<meta name=\"twitter:data1\" content=\"3 minutos\" \/>\n<script type=\"application\/ld+json\" class=\"yoast-schema-graph\">{\"@context\":\"https:\/\/schema.org\",\"@graph\":[{\"@type\":\"WebPage\",\"@id\":\"https:\/\/www.biscuitsolution.com\/product\/biscuit-processing-equipment\/\",\"url\":\"https:\/\/www.biscuitsolution.com\/product\/biscuit-processing-equipment\/\",\"name\":\"Complete Biscuit Processing Equipment Customizable for Sale - Biscuit Production Solution Manufacturer\",\"isPartOf\":{\"@id\":\"https:\/\/www.biscuitsolution.com\/#website\"},\"primaryImageOfPage\":{\"@id\":\"https:\/\/www.biscuitsolution.com\/product\/biscuit-processing-equipment\/#primaryimage\"},\"image\":{\"@id\":\"https:\/\/www.biscuitsolution.com\/product\/biscuit-processing-equipment\/#primaryimage\"},\"thumbnailUrl\":\"https:\/\/www.biscuitsolution.com\/wp-content\/uploads\/2025\/05\/biscuit-processing-equipment-1.jpg\",\"datePublished\":\"2025-05-09T06:34:37+00:00\",\"description\":\"Biscuit processing equipment can improve production efficiency and ensure product quality. We provide customizable production equipment to meet your needs.\",\"breadcrumb\":{\"@id\":\"https:\/\/www.biscuitsolution.com\/product\/biscuit-processing-equipment\/#breadcrumb\"},\"inLanguage\":\"pt-BR\",\"potentialAction\":[{\"@type\":\"ReadAction\",\"target\":[\"https:\/\/www.biscuitsolution.com\/product\/biscuit-processing-equipment\/\"]}]},{\"@type\":\"ImageObject\",\"inLanguage\":\"pt-BR\",\"@id\":\"https:\/\/www.biscuitsolution.com\/product\/biscuit-processing-equipment\/#primaryimage\",\"url\":\"https:\/\/www.biscuitsolution.com\/wp-content\/uploads\/2025\/05\/biscuit-processing-equipment-1.jpg\",\"contentUrl\":\"https:\/\/www.biscuitsolution.com\/wp-content\/uploads\/2025\/05\/biscuit-processing-equipment-1.jpg\",\"width\":600,\"height\":600},{\"@type\":\"BreadcrumbList\",\"@id\":\"https:\/\/www.biscuitsolution.com\/product\/biscuit-processing-equipment\/#breadcrumb\",\"itemListElement\":[{\"@type\":\"ListItem\",\"position\":1,\"name\":\"Home\",\"item\":\"https:\/\/www.biscuitsolution.com\/\"},{\"@type\":\"ListItem\",\"position\":2,\"name\":\"Product\",\"item\":\"https:\/\/www.biscuitsolution.com\/product\/\"},{\"@type\":\"ListItem\",\"position\":3,\"name\":\"Complete Biscuit Processing Equipment Customizable for Sale\"}]},{\"@type\":\"WebSite\",\"@id\":\"https:\/\/www.biscuitsolution.com\/#website\",\"url\":\"https:\/\/www.biscuitsolution.com\/\",\"name\":\"Biscuit Production Solution Manufacturer\",\"description\":\"\",\"potentialAction\":[{\"@type\":\"SearchAction\",\"target\":{\"@type\":\"EntryPoint\",\"urlTemplate\":\"https:\/\/www.biscuitsolution.com\/?s={search_term_string}\"},\"query-input\":{\"@type\":\"PropertyValueSpecification\",\"valueRequired\":true,\"valueName\":\"search_term_string\"}}],\"inLanguage\":\"pt-BR\"},false]}<\/script>\n<!-- \/ Yoast SEO plugin. -->","yoast_head_json":{"title":"Equipamento completo de processamento de biscoitos personaliz\u00e1vel para venda - Fabricante de solu\u00e7\u00f5es para produ\u00e7\u00e3o de biscoitos","description":"Os equipamentos de processamento de biscoitos podem melhorar a efici\u00eancia da produ\u00e7\u00e3o e garantir a qualidade do produto. Fornecemos equipamentos de produ\u00e7\u00e3o personaliz\u00e1veis para atender \u00e0s suas necessidades.","robots":{"index":"index","follow":"follow","max-snippet":"max-snippet:-1","max-image-preview":"max-image-preview:large","max-video-preview":"max-video-preview:-1"},"canonical":"https:\/\/www.biscuitsolution.com\/pt\/produto\/biscuit-processing-equipment\/","og_locale":"pt_BR","og_type":"article","og_title":"Complete Biscuit Processing Equipment Customizable for Sale - Biscuit Production Solution Manufacturer","og_description":"Biscuit processing equipment can improve production efficiency and ensure product quality. We provide customizable production equipment to meet your needs.","og_url":"https:\/\/www.biscuitsolution.com\/pt\/produto\/biscuit-processing-equipment\/","og_site_name":"Biscuit Production Solution Manufacturer","article_publisher":"https:\/\/www.facebook.com\/profile.php?id=100095205040823","og_image":[{"width":600,"height":600,"url":"https:\/\/www.biscuitsolution.com\/wp-content\/uploads\/2025\/05\/biscuit-processing-equipment-1.jpg","type":"image\/jpeg"}],"twitter_card":"summary_large_image","twitter_site":"@shanna_zha26342","twitter_misc":{"Est. tempo de leitura":"3 minutos"},"schema":{"@context":"https:\/\/schema.org","@graph":[{"@type":"WebPage","@id":"https:\/\/www.biscuitsolution.com\/product\/biscuit-processing-equipment\/","url":"https:\/\/www.biscuitsolution.com\/product\/biscuit-processing-equipment\/","name":"Equipamento completo de processamento de biscoitos personaliz\u00e1vel para venda - Fabricante de solu\u00e7\u00f5es para produ\u00e7\u00e3o de biscoitos","isPartOf":{"@id":"https:\/\/www.biscuitsolution.com\/#website"},"primaryImageOfPage":{"@id":"https:\/\/www.biscuitsolution.com\/product\/biscuit-processing-equipment\/#primaryimage"},"image":{"@id":"https:\/\/www.biscuitsolution.com\/product\/biscuit-processing-equipment\/#primaryimage"},"thumbnailUrl":"https:\/\/www.biscuitsolution.com\/wp-content\/uploads\/2025\/05\/biscuit-processing-equipment-1.jpg","datePublished":"2025-05-09T06:34:37+00:00","description":"Os equipamentos de processamento de biscoitos podem melhorar a efici\u00eancia da produ\u00e7\u00e3o e garantir a qualidade do produto. Fornecemos equipamentos de produ\u00e7\u00e3o personaliz\u00e1veis para atender \u00e0s suas necessidades.","breadcrumb":{"@id":"https:\/\/www.biscuitsolution.com\/product\/biscuit-processing-equipment\/#breadcrumb"},"inLanguage":"pt-BR","potentialAction":[{"@type":"ReadAction","target":["https:\/\/www.biscuitsolution.com\/product\/biscuit-processing-equipment\/"]}]},{"@type":"ImageObject","inLanguage":"pt-BR","@id":"https:\/\/www.biscuitsolution.com\/product\/biscuit-processing-equipment\/#primaryimage","url":"https:\/\/www.biscuitsolution.com\/wp-content\/uploads\/2025\/05\/biscuit-processing-equipment-1.jpg","contentUrl":"https:\/\/www.biscuitsolution.com\/wp-content\/uploads\/2025\/05\/biscuit-processing-equipment-1.jpg","width":600,"height":600},{"@type":"BreadcrumbList","@id":"https:\/\/www.biscuitsolution.com\/product\/biscuit-processing-equipment\/#breadcrumb","itemListElement":[{"@type":"ListItem","position":1,"name":"Home","item":"https:\/\/www.biscuitsolution.com\/"},{"@type":"ListItem","position":2,"name":"Product","item":"https:\/\/www.biscuitsolution.com\/product\/"},{"@type":"ListItem","position":3,"name":"Complete Biscuit Processing Equipment Customizable for Sale"}]},{"@type":"WebSite","@id":"https:\/\/www.biscuitsolution.com\/#website","url":"https:\/\/www.biscuitsolution.com\/","name":"Fabricante de solu\u00e7\u00f5es para produ\u00e7\u00e3o de biscoitos","description":"","potentialAction":[{"@type":"SearchAction","target":{"@type":"EntryPoint","urlTemplate":"https:\/\/www.biscuitsolution.com\/?s={search_term_string}"},"query-input":{"@type":"PropertyValueSpecification","valueRequired":true,"valueName":"search_term_string"}}],"inLanguage":"pt-BR"},false]}},"yasr_visitor_votes":{"stars_attributes":{"read_only":false,"span_bottom":false},"number_of_votes":1,"sum_votes":5},"_links":{"self":[{"href":"https:\/\/www.biscuitsolution.com\/pt\/wp-json\/wp\/v2\/product\/5557","targetHints":{"allow":["GET"]}}],"collection":[{"href":"https:\/\/www.biscuitsolution.com\/pt\/wp-json\/wp\/v2\/product"}],"about":[{"href":"https:\/\/www.biscuitsolution.com\/pt\/wp-json\/wp\/v2\/types\/product"}],"replies":[{"embeddable":true,"href":"https:\/\/www.biscuitsolution.com\/pt\/wp-json\/wp\/v2\/comments?post=5557"}],"version-history":[{"count":1,"href":"https:\/\/www.biscuitsolution.com\/pt\/wp-json\/wp\/v2\/product\/5557\/revisions"}],"predecessor-version":[{"id":5564,"href":"https:\/\/www.biscuitsolution.com\/pt\/wp-json\/wp\/v2\/product\/5557\/revisions\/5564"}],"wp:featuredmedia":[{"embeddable":true,"href":"https:\/\/www.biscuitsolution.com\/pt\/wp-json\/wp\/v2\/media\/5563"}],"wp:attachment":[{"href":"https:\/\/www.biscuitsolution.com\/pt\/wp-json\/wp\/v2\/media?parent=5557"}],"wp:term":[{"taxonomy":"product_brand","embeddable":true,"href":"https:\/\/www.biscuitsolution.com\/pt\/wp-json\/wp\/v2\/product_brand?post=5557"},{"taxonomy":"product_cat","embeddable":true,"href":"https:\/\/www.biscuitsolution.com\/pt\/wp-json\/wp\/v2\/product_cat?post=5557"},{"taxonomy":"product_tag","embeddable":true,"href":"https:\/\/www.biscuitsolution.com\/pt\/wp-json\/wp\/v2\/product_tag?post=5557"}],"curies":[{"name":"wp","href":"https:\/\/api.w.org\/{rel}","templated":true}]}}