{"id":5516,"date":"2025-04-28T14:02:34","date_gmt":"2025-04-28T06:02:34","guid":{"rendered":"https:\/\/www.biscuitsolution.com\/?post_type=product&#038;p=5516"},"modified":"2025-04-28T14:02:35","modified_gmt":"2025-04-28T06:02:35","slug":"industrial-biscuit-making-machine","status":"publish","type":"product","link":"https:\/\/www.biscuitsolution.com\/pt\/produto\/industrial-biscuit-making-machine\/","title":{"rendered":"As m\u00e1quinas industriais de fabrica\u00e7\u00e3o de biscoitos maximizam a produ\u00e7\u00e3o de 1000+kg\/h"},"content":{"rendered":"<p><strong>M\u00e1quina industrial para fabrica\u00e7\u00e3o de biscoitos<\/strong> \u00e9 um equipamento especial para a produ\u00e7\u00e3o em massa de biscoitos, amplamente utilizado no setor de alimentos<\/p>\n<p><img fetchpriority=\"high\" decoding=\"async\" class=\"alignnone size-full wp-image-5517\" src=\"https:\/\/www.biscuitsolution.com\/wp-content\/uploads\/2025\/04\/biscuits-making-machine.jpg\" alt=\"M\u00e1quina industrial para fabrica\u00e7\u00e3o de biscoitos\" width=\"800\" height=\"450\" srcset=\"https:\/\/www.biscuitsolution.com\/wp-content\/uploads\/2025\/04\/biscuits-making-machine.jpg 800w, https:\/\/www.biscuitsolution.com\/wp-content\/uploads\/2025\/04\/biscuits-making-machine-300x169.jpg 300w, https:\/\/www.biscuitsolution.com\/wp-content\/uploads\/2025\/04\/biscuits-making-machine-768x432.jpg 768w, https:\/\/www.biscuitsolution.com\/wp-content\/uploads\/2025\/04\/biscuits-making-machine-18x10.jpg 18w, https:\/\/www.biscuitsolution.com\/wp-content\/uploads\/2025\/04\/biscuits-making-machine-600x338.jpg 600w, https:\/\/www.biscuitsolution.com\/wp-content\/uploads\/2025\/04\/biscuits-making-machine-64x36.jpg 64w\" sizes=\"(max-width: 800px) 100vw, 800px\" \/><\/p>\n<h2>Principais tipos<\/h2>\n<p>As m\u00e1quinas industriais para fabrica\u00e7\u00e3o de biscoitos incluem muitos tipos de equipamentos, cada um deles com uma fun\u00e7\u00e3o espec\u00edfica no processo de produ\u00e7\u00e3o:<\/p>\n<ul>\n<li>Misturadores de massa: usados para misturar uniformemente mat\u00e9rias-primas como farinha, a\u00e7\u00facar, gordura, fermento, etc. para formar uma massa consistente. Os misturadores de massa geralmente t\u00eam uma grande capacidade e podem lidar com grandes quantidades de massa.<\/li>\n<li>M\u00e1quinas formadoras de biscoitos: incluindo moldadores rotativos, cortadores de arame, etc. Os moldadores rotativos pressionam a massa em v\u00e1rios formatos e padr\u00f5es atrav\u00e9s de moldes, adequados para a produ\u00e7\u00e3o de biscoitos duros; os cortadores de arame fazem biscoitos cortando a massa macia, adequados para a produ\u00e7\u00e3o de biscoitos macios.<\/li>\n<li>Fornos: usados para assar a massa formada em biscoitos. Os mais comuns s\u00e3o os fornos de t\u00fanel (Tunnel Ovens) e os fornos rotativos (Rotary Ovens), que podem distribuir uniformemente o calor para garantir a textura e o sabor dos biscoitos.<\/li>\n<li>Transportadores de resfriamento: usados para resfriar biscoitos rec\u00e9m-assados para evitar que amole\u00e7am ou se deformem devido ao calor e para evitar a umidade durante a embalagem.<\/li>\n<li>M\u00e1quinas de embalagem: Embalar os biscoitos resfriados para garantir o prazo de validade e as condi\u00e7\u00f5es higi\u00eanicas do produto.<\/li>\n<li>M\u00e1quinas de sandu\u00edche: Usadas para adicionar recheios, como creme e geleia, entre dois biscoitos para produzir biscoitos sandu\u00edche.<\/li>\n<\/ul>\n<p><img decoding=\"async\" class=\"alignnone size-full wp-image-5518\" src=\"https:\/\/www.biscuitsolution.com\/wp-content\/uploads\/2025\/04\/biscuits-making-machines.jpg\" alt=\"M\u00e1quina industrial para fabrica\u00e7\u00e3o de biscoitos\" width=\"800\" height=\"450\" srcset=\"https:\/\/www.biscuitsolution.com\/wp-content\/uploads\/2025\/04\/biscuits-making-machines.jpg 800w, https:\/\/www.biscuitsolution.com\/wp-content\/uploads\/2025\/04\/biscuits-making-machines-300x169.jpg 300w, https:\/\/www.biscuitsolution.com\/wp-content\/uploads\/2025\/04\/biscuits-making-machines-768x432.jpg 768w, https:\/\/www.biscuitsolution.com\/wp-content\/uploads\/2025\/04\/biscuits-making-machines-18x10.jpg 18w, https:\/\/www.biscuitsolution.com\/wp-content\/uploads\/2025\/04\/biscuits-making-machines-600x338.jpg 600w, https:\/\/www.biscuitsolution.com\/wp-content\/uploads\/2025\/04\/biscuits-making-machines-64x36.jpg 64w\" sizes=\"(max-width: 800px) 100vw, 800px\" \/><\/p>\n<h2>Princ\u00edpio de funcionamento<\/h2>\n<p>As m\u00e1quinas industriais de fabrica\u00e7\u00e3o de biscoitos completam todo o processo de produ\u00e7\u00e3o, desde a mistura da mat\u00e9ria-prima at\u00e9 a embalagem do produto acabado, por meio de processos automatizados:<\/p>\n<ul>\n<li>Mistura de mat\u00e9ria-prima: O misturador de massa mistura as mat\u00e9rias-primas em uma massa uniforme.<\/li>\n<li>Moldagem: A m\u00e1quina de moldagem corta ou prensa a massa no formato e tamanho necess\u00e1rios.<\/li>\n<li>Cozimento: Os biscoitos formados s\u00e3o assados no forno, o que garante a textura e o sabor dos biscoitos por meio do controle preciso da temperatura e do tempo.<\/li>\n<li>Resfriamento: Os biscoitos assados s\u00e3o resfriados \u00e0 temperatura ambiente pela esteira de resfriamento.<\/li>\n<li>Embalagem: Os biscoitos resfriados entram na m\u00e1quina de embalagem para serem embalados e est\u00e3o prontos para a venda.<\/li>\n<\/ul>\n<p><img decoding=\"async\" class=\"alignnone size-full wp-image-5519\" src=\"https:\/\/www.biscuitsolution.com\/wp-content\/uploads\/2025\/04\/Industrial-biscuits-making-machine.jpg\" alt=\"M\u00e1quina industrial para fabrica\u00e7\u00e3o de biscoitos\" width=\"800\" height=\"450\" srcset=\"https:\/\/www.biscuitsolution.com\/wp-content\/uploads\/2025\/04\/Industrial-biscuits-making-machine.jpg 800w, https:\/\/www.biscuitsolution.com\/wp-content\/uploads\/2025\/04\/Industrial-biscuits-making-machine-300x169.jpg 300w, https:\/\/www.biscuitsolution.com\/wp-content\/uploads\/2025\/04\/Industrial-biscuits-making-machine-768x432.jpg 768w, https:\/\/www.biscuitsolution.com\/wp-content\/uploads\/2025\/04\/Industrial-biscuits-making-machine-18x10.jpg 18w, https:\/\/www.biscuitsolution.com\/wp-content\/uploads\/2025\/04\/Industrial-biscuits-making-machine-600x338.jpg 600w, https:\/\/www.biscuitsolution.com\/wp-content\/uploads\/2025\/04\/Industrial-biscuits-making-machine-64x36.jpg 64w\" sizes=\"(max-width: 800px) 100vw, 800px\" \/><\/p>\n<h2>Vantagens<\/h2>\n<p>As m\u00e1quinas industriais de fabrica\u00e7\u00e3o de biscoitos t\u00eam as seguintes vantagens:<\/p>\n<ul>\n<li>Alta efici\u00eancia: Capacidade de produzir rapidamente grandes quantidades de biscoitos para atender \u00e0 demanda do mercado.<\/li>\n<li>Consist\u00eancia: Garantir que a forma, o tamanho e a qualidade de cada biscoito sejam consistentes e atendam aos padr\u00f5es do setor.<\/li>\n<li>Automa\u00e7\u00e3o: Reduzir a interven\u00e7\u00e3o manual, reduzir os custos de m\u00e3o de obra e aumentar a efici\u00eancia da produ\u00e7\u00e3o.<\/li>\n<li>Flexibilidade: Ao mudar o molde ou ajustar os par\u00e2metros, \u00e9 poss\u00edvel produzir biscoitos de diferentes formatos e sabores.<\/li>\n<\/ul>\n<p><img loading=\"lazy\" decoding=\"async\" class=\"alignnone size-full wp-image-5520\" src=\"https:\/\/www.biscuitsolution.com\/wp-content\/uploads\/2025\/04\/biscuit-making-machine.jpg\" alt=\"M\u00e1quina industrial para fabrica\u00e7\u00e3o de biscoitos\" width=\"800\" height=\"450\" srcset=\"https:\/\/www.biscuitsolution.com\/wp-content\/uploads\/2025\/04\/biscuit-making-machine.jpg 800w, https:\/\/www.biscuitsolution.com\/wp-content\/uploads\/2025\/04\/biscuit-making-machine-300x169.jpg 300w, https:\/\/www.biscuitsolution.com\/wp-content\/uploads\/2025\/04\/biscuit-making-machine-768x432.jpg 768w, https:\/\/www.biscuitsolution.com\/wp-content\/uploads\/2025\/04\/biscuit-making-machine-18x10.jpg 18w, https:\/\/www.biscuitsolution.com\/wp-content\/uploads\/2025\/04\/biscuit-making-machine-600x338.jpg 600w, https:\/\/www.biscuitsolution.com\/wp-content\/uploads\/2025\/04\/biscuit-making-machine-64x36.jpg 64w\" sizes=\"(max-width: 800px) 100vw, 800px\" \/><\/p>\n<h2>Escopo de aplica\u00e7\u00e3o<\/h2>\n<p>As m\u00e1quinas industriais de fabrica\u00e7\u00e3o de biscoitos s\u00e3o adequadas para a produ\u00e7\u00e3o de v\u00e1rios tipos de biscoitos, incluindo biscoitos duros, biscoitos macios, biscoitos tipo sandu\u00edche e biscoitos especiais. Ao ajustar o equipamento e os par\u00e2metros do processo, \u00e9 poss\u00edvel atender \u00e0s necessidades de diferentes mercados.<\/p>\n<p>As m\u00e1quinas industriais para fabrica\u00e7\u00e3o de biscoitos s\u00e3o equipamentos indispens\u00e1veis na moderna ind\u00fastria aliment\u00edcia. Por meio da automa\u00e7\u00e3o e do controle preciso, elas podem produzir com efici\u00eancia produtos de biscoito de alta qualidade.<\/p>\n<p>&nbsp;<\/p>\n<h2>Deixe uma mensagem para obter uma cota\u00e7\u00e3o<\/h2>\n\n<div class=\"wpcf7 no-js\" id=\"wpcf7-f4619-o1\" lang=\"en-US\" dir=\"ltr\" data-wpcf7-id=\"4619\">\n<div class=\"screen-reader-response\"><p role=\"status\" aria-live=\"polite\" aria-atomic=\"true\"><\/p> <ul><\/ul><\/div>\n<form action=\"\/pt\/wp-json\/wp\/v2\/product\/5516#wpcf7-f4619-o1\" method=\"post\" class=\"wpcf7-form init\" aria-label=\"Formul\u00e1rio de contato\" novalidate=\"novalidate\" data-status=\"init\" data-trp-original-action=\"\/pt\/wp-json\/wp\/v2\/product\/5516#wpcf7-f4619-o1\">\n<div style=\"display: none;\">\n<input type=\"hidden\" name=\"_wpcf7\" value=\"4619\" \/>\n<input type=\"hidden\" name=\"_wpcf7_version\" value=\"6.0.4\" \/>\n<input type=\"hidden\" name=\"_wpcf7_locale\" value=\"en_US\" \/>\n<input type=\"hidden\" name=\"_wpcf7_unit_tag\" value=\"wpcf7-f4619-o1\" \/>\n<input type=\"hidden\" name=\"_wpcf7_container_post\" value=\"0\" \/>\n<input type=\"hidden\" name=\"_wpcf7_posted_data_hash\" value=\"\" \/>\n<\/div>\n<p><label> Seu nome*<br \/>\n<span class=\"wpcf7-form-control-wrap\" data-name=\"your-name\"><input size=\"40\" maxlength=\"400\" class=\"wpcf7-form-control wpcf7-text wpcf7-validates-as-required\" aria-required=\"true\" aria-invalid=\"false\" value=\"\" type=\"text\" name=\"your-name\" \/><\/span> <\/label>\n<\/p>\n<p><label> Seu pa\u00eds<br \/>\n<span class=\"wpcf7-form-control-wrap\" data-name=\"your-country\"><input size=\"40\" maxlength=\"400\" class=\"wpcf7-form-control wpcf7-text\" aria-invalid=\"false\" value=\"\" type=\"text\" name=\"your-country\" \/><\/span><\/label>\n<\/p>\n<p><label> Seu e-mail*<br \/>\n<span class=\"wpcf7-form-control-wrap\" data-name=\"your-email\"><input size=\"40\" maxlength=\"400\" class=\"wpcf7-form-control wpcf7-email wpcf7-validates-as-required wpcf7-text wpcf7-validates-as-email\" aria-required=\"true\" aria-invalid=\"false\" value=\"\" type=\"email\" name=\"your-email\" \/><\/span> <\/label>\n<\/p>\n<p><label> Seu telefone<br \/>\n<span class=\"wpcf7-form-control-wrap\" data-name=\"your-phone\"><input size=\"40\" maxlength=\"400\" class=\"wpcf7-form-control wpcf7-tel wpcf7-text wpcf7-validates-as-tel\" aria-invalid=\"false\" value=\"\" type=\"tel\" name=\"your-phone\" \/><\/span> <\/label>\n<\/p>\n<p><label> Nome de sua empresa<br \/>\n<span class=\"wpcf7-form-control-wrap\" data-name=\"text-457\"><input size=\"40\" maxlength=\"400\" class=\"wpcf7-form-control wpcf7-text\" aria-invalid=\"false\" value=\"\" type=\"text\" name=\"text-457\" \/><\/span> <\/label>\n<\/p>\n<p><label> Site de sua empresa<br \/>\n<span class=\"wpcf7-form-control-wrap\" data-name=\"text-546\"><input size=\"40\" maxlength=\"400\" class=\"wpcf7-form-control wpcf7-text\" aria-invalid=\"false\" value=\"\" type=\"text\" name=\"text-546\" \/><\/span> <\/label>\n<\/p>\n<p><label> Seu requisito*<br \/>\n<span class=\"wpcf7-form-control-wrap\" data-name=\"your-message\"><textarea cols=\"40\" rows=\"10\" maxlength=\"2000\" class=\"wpcf7-form-control wpcf7-textarea wpcf7-validates-as-required\" aria-required=\"true\" aria-invalid=\"false\" name=\"your-message\"><\/textarea><\/span> <\/label>\n<\/p>\n<p><input class=\"wpcf7-form-control wpcf7-submit has-spinner\" type=\"submit\" value=\"Enviar\" \/>\n<\/p><p style=\"display: none !important;\" class=\"akismet-fields-container\" data-prefix=\"_wpcf7_ak_\"><label>&#916;<textarea name=\"_wpcf7_ak_hp_textarea\" cols=\"45\" rows=\"8\" maxlength=\"100\"><\/textarea><\/label><input type=\"hidden\" id=\"ak_js_1\" name=\"_wpcf7_ak_js\" value=\"214\"\/><script>document.getElementById( \"ak_js_1\" ).setAttribute( \"value\", ( new Date() ).getTime() );<\/script><\/p><div class=\"wpcf7-response-output\" aria-hidden=\"true\"><\/div>\n<input type=\"hidden\" name=\"trp-form-language\" value=\"pt\"\/><\/form>\n<\/div>\n\n<div style='text-align:left' class='yasr-auto-insert-visitor'><\/div>","protected":false},"excerpt":{"rendered":"<p>Marca: GELGOOG<br \/>\nCapacidade: 1000 kg\/h<br \/>\nE-mail: shanna@machinehall.com<br \/>\nTel: +8618638676709<\/p>","protected":false},"featured_media":5521,"comment_status":"open","ping_status":"closed","template":"","meta":{"site-sidebar-layout":"default","site-content-layout":"","ast-site-content-layout":"default","site-content-style":"default","site-sidebar-style":"default","ast-global-header-display":"","ast-banner-title-visibility":"","ast-main-header-display":"","ast-hfb-above-header-display":"","ast-hfb-below-header-display":"","ast-hfb-mobile-header-display":"","site-post-title":"","ast-breadcrumbs-content":"","ast-featured-img":"","footer-sml-layout":"","theme-transparent-header-meta":"default","adv-header-id-meta":"","stick-header-meta":"","header-above-stick-meta":"","header-main-stick-meta":"","header-below-stick-meta":"","astra-migrate-meta-layouts":"set","ast-page-background-enabled":"default","ast-page-background-meta":{"desktop":{"background-color":"","background-image":"","background-repeat":"repeat","background-position":"center center","background-size":"auto","background-attachment":"scroll","background-type":"","background-media":"","overlay-type":"","overlay-color":"","overlay-opacity":"","overlay-gradient":""},"tablet":{"background-color":"","background-image":"","background-repeat":"repeat","background-position":"center center","background-size":"auto","background-attachment":"scroll","background-type":"","background-media":"","overlay-type":"","overlay-color":"","overlay-opacity":"","overlay-gradient":""},"mobile":{"background-color":"","background-image":"","background-repeat":"repeat","background-position":"center center","background-size":"auto","background-attachment":"scroll","background-type":"","background-media":"","overlay-type":"","overlay-color":"","overlay-opacity":"","overlay-gradient":""}},"ast-content-background-meta":{"desktop":{"background-color":"var(--ast-global-color-5)","background-image":"","background-repeat":"repeat","background-position":"center center","background-size":"auto","background-attachment":"scroll","background-type":"","background-media":"","overlay-type":"","overlay-color":"","overlay-opacity":"","overlay-gradient":""},"tablet":{"background-color":"var(--ast-global-color-5)","background-image":"","background-repeat":"repeat","background-position":"center center","background-size":"auto","background-attachment":"scroll","background-type":"","background-media":"","overlay-type":"","overlay-color":"","overlay-opacity":"","overlay-gradient":""},"mobile":{"background-color":"var(--ast-global-color-5)","background-image":"","background-repeat":"repeat","background-position":"center center","background-size":"auto","background-attachment":"scroll","background-type":"","background-media":"","overlay-type":"","overlay-color":"","overlay-opacity":"","overlay-gradient":""}},"yasr_overall_rating":0,"yasr_post_is_review":"","yasr_auto_insert_disabled":"","yasr_review_type":""},"product_brand":[],"product_cat":[22,24,25],"product_tag":[],"class_list":{"0":"post-5516","1":"product","2":"type-product","3":"status-publish","4":"has-post-thumbnail","6":"product_cat-hard-biscuit-production-line","7":"product_cat-cookie-production-line","8":"product_cat-soft-biscuit-production-line","9":"desktop-align-left","10":"tablet-align-left","11":"mobile-align-left","13":"first","14":"instock","15":"shipping-taxable","16":"product-type-simple"},"yoast_head":"<!-- This site is optimized with the Yoast SEO plugin v24.4 - https:\/\/yoast.com\/wordpress\/plugins\/seo\/ -->\n<title>Industrial Biscuit Making Machines Maximize Output 1000+kg\/h - Biscuit Production Solution Manufacturer<\/title>\n<meta name=\"description\" content=\"Industrial biscuit making machine engineered for factory. Boost production efficiency, ensure consistent quality, and scale output with automated solution.\" \/>\n<meta name=\"robots\" content=\"index, follow, max-snippet:-1, max-image-preview:large, max-video-preview:-1\" \/>\n<link rel=\"canonical\" href=\"https:\/\/www.biscuitsolution.com\/pt\/produto\/industrial-biscuit-making-machine\/\" \/>\n<meta property=\"og:locale\" content=\"pt_BR\" \/>\n<meta property=\"og:type\" content=\"article\" \/>\n<meta property=\"og:title\" content=\"Industrial Biscuit Making Machines Maximize Output 1000+kg\/h - Biscuit Production Solution Manufacturer\" \/>\n<meta property=\"og:description\" content=\"Industrial biscuit making machine engineered for factory. Boost production efficiency, ensure consistent quality, and scale output with automated solution.\" \/>\n<meta property=\"og:url\" content=\"https:\/\/www.biscuitsolution.com\/pt\/produto\/industrial-biscuit-making-machine\/\" \/>\n<meta property=\"og:site_name\" content=\"Biscuit Production Solution Manufacturer\" \/>\n<meta property=\"article:publisher\" content=\"https:\/\/www.facebook.com\/profile.php?id=100095205040823\" \/>\n<meta property=\"article:modified_time\" content=\"2025-04-28T06:02:35+00:00\" \/>\n<meta property=\"og:image\" content=\"https:\/\/www.biscuitsolution.com\/wp-content\/uploads\/2025\/04\/Industrial-biscuit-making-machine.jpg\" \/>\n\t<meta property=\"og:image:width\" content=\"600\" \/>\n\t<meta property=\"og:image:height\" content=\"600\" \/>\n\t<meta property=\"og:image:type\" content=\"image\/jpeg\" \/>\n<meta name=\"twitter:card\" content=\"summary_large_image\" \/>\n<meta name=\"twitter:site\" content=\"@shanna_zha26342\" \/>\n<meta name=\"twitter:label1\" content=\"Est. tempo de leitura\" \/>\n\t<meta name=\"twitter:data1\" content=\"3 minutos\" \/>\n<script type=\"application\/ld+json\" class=\"yoast-schema-graph\">{\"@context\":\"https:\/\/schema.org\",\"@graph\":[{\"@type\":\"WebPage\",\"@id\":\"https:\/\/www.biscuitsolution.com\/product\/industrial-biscuit-making-machine\/\",\"url\":\"https:\/\/www.biscuitsolution.com\/product\/industrial-biscuit-making-machine\/\",\"name\":\"Industrial Biscuit Making Machines Maximize Output 1000+kg\/h - Biscuit Production Solution Manufacturer\",\"isPartOf\":{\"@id\":\"https:\/\/www.biscuitsolution.com\/#website\"},\"primaryImageOfPage\":{\"@id\":\"https:\/\/www.biscuitsolution.com\/product\/industrial-biscuit-making-machine\/#primaryimage\"},\"image\":{\"@id\":\"https:\/\/www.biscuitsolution.com\/product\/industrial-biscuit-making-machine\/#primaryimage\"},\"thumbnailUrl\":\"https:\/\/www.biscuitsolution.com\/wp-content\/uploads\/2025\/04\/Industrial-biscuit-making-machine.jpg\",\"datePublished\":\"2025-04-28T06:02:34+00:00\",\"dateModified\":\"2025-04-28T06:02:35+00:00\",\"description\":\"Industrial biscuit making machine engineered for factory. Boost production efficiency, ensure consistent quality, and scale output with automated solution.\",\"breadcrumb\":{\"@id\":\"https:\/\/www.biscuitsolution.com\/product\/industrial-biscuit-making-machine\/#breadcrumb\"},\"inLanguage\":\"pt-BR\",\"potentialAction\":[{\"@type\":\"ReadAction\",\"target\":[\"https:\/\/www.biscuitsolution.com\/product\/industrial-biscuit-making-machine\/\"]}]},{\"@type\":\"ImageObject\",\"inLanguage\":\"pt-BR\",\"@id\":\"https:\/\/www.biscuitsolution.com\/product\/industrial-biscuit-making-machine\/#primaryimage\",\"url\":\"https:\/\/www.biscuitsolution.com\/wp-content\/uploads\/2025\/04\/Industrial-biscuit-making-machine.jpg\",\"contentUrl\":\"https:\/\/www.biscuitsolution.com\/wp-content\/uploads\/2025\/04\/Industrial-biscuit-making-machine.jpg\",\"width\":600,\"height\":600,\"caption\":\"Industrial biscuit making machine\"},{\"@type\":\"BreadcrumbList\",\"@id\":\"https:\/\/www.biscuitsolution.com\/product\/industrial-biscuit-making-machine\/#breadcrumb\",\"itemListElement\":[{\"@type\":\"ListItem\",\"position\":1,\"name\":\"Home\",\"item\":\"https:\/\/www.biscuitsolution.com\/\"},{\"@type\":\"ListItem\",\"position\":2,\"name\":\"Product\",\"item\":\"https:\/\/www.biscuitsolution.com\/product\/\"},{\"@type\":\"ListItem\",\"position\":3,\"name\":\"Industrial Biscuit Making Machines Maximize Output 1000+kg\/h\"}]},{\"@type\":\"WebSite\",\"@id\":\"https:\/\/www.biscuitsolution.com\/#website\",\"url\":\"https:\/\/www.biscuitsolution.com\/\",\"name\":\"Biscuit Production Solution Manufacturer\",\"description\":\"\",\"potentialAction\":[{\"@type\":\"SearchAction\",\"target\":{\"@type\":\"EntryPoint\",\"urlTemplate\":\"https:\/\/www.biscuitsolution.com\/?s={search_term_string}\"},\"query-input\":{\"@type\":\"PropertyValueSpecification\",\"valueRequired\":true,\"valueName\":\"search_term_string\"}}],\"inLanguage\":\"pt-BR\"},false]}<\/script>\n<!-- \/ Yoast SEO plugin. -->","yoast_head_json":{"title":"M\u00e1quinas industriais para fabrica\u00e7\u00e3o de biscoitos maximizam a produ\u00e7\u00e3o de 1000+kg\/h - Fabricante de solu\u00e7\u00f5es para produ\u00e7\u00e3o de biscoitos","description":"M\u00e1quina industrial de fabrica\u00e7\u00e3o de biscoitos projetada para a f\u00e1brica. Aumente a efici\u00eancia da produ\u00e7\u00e3o, garanta uma qualidade consistente e aumente a produ\u00e7\u00e3o com uma solu\u00e7\u00e3o automatizada.","robots":{"index":"index","follow":"follow","max-snippet":"max-snippet:-1","max-image-preview":"max-image-preview:large","max-video-preview":"max-video-preview:-1"},"canonical":"https:\/\/www.biscuitsolution.com\/pt\/produto\/industrial-biscuit-making-machine\/","og_locale":"pt_BR","og_type":"article","og_title":"Industrial Biscuit Making Machines Maximize Output 1000+kg\/h - Biscuit Production Solution Manufacturer","og_description":"Industrial biscuit making machine engineered for factory. Boost production efficiency, ensure consistent quality, and scale output with automated solution.","og_url":"https:\/\/www.biscuitsolution.com\/pt\/produto\/industrial-biscuit-making-machine\/","og_site_name":"Biscuit Production Solution Manufacturer","article_publisher":"https:\/\/www.facebook.com\/profile.php?id=100095205040823","article_modified_time":"2025-04-28T06:02:35+00:00","og_image":[{"width":600,"height":600,"url":"https:\/\/www.biscuitsolution.com\/wp-content\/uploads\/2025\/04\/Industrial-biscuit-making-machine.jpg","type":"image\/jpeg"}],"twitter_card":"summary_large_image","twitter_site":"@shanna_zha26342","twitter_misc":{"Est. tempo de leitura":"3 minutos"},"schema":{"@context":"https:\/\/schema.org","@graph":[{"@type":"WebPage","@id":"https:\/\/www.biscuitsolution.com\/product\/industrial-biscuit-making-machine\/","url":"https:\/\/www.biscuitsolution.com\/product\/industrial-biscuit-making-machine\/","name":"M\u00e1quinas industriais para fabrica\u00e7\u00e3o de biscoitos maximizam a produ\u00e7\u00e3o de 1000+kg\/h - Fabricante de solu\u00e7\u00f5es para produ\u00e7\u00e3o de biscoitos","isPartOf":{"@id":"https:\/\/www.biscuitsolution.com\/#website"},"primaryImageOfPage":{"@id":"https:\/\/www.biscuitsolution.com\/product\/industrial-biscuit-making-machine\/#primaryimage"},"image":{"@id":"https:\/\/www.biscuitsolution.com\/product\/industrial-biscuit-making-machine\/#primaryimage"},"thumbnailUrl":"https:\/\/www.biscuitsolution.com\/wp-content\/uploads\/2025\/04\/Industrial-biscuit-making-machine.jpg","datePublished":"2025-04-28T06:02:34+00:00","dateModified":"2025-04-28T06:02:35+00:00","description":"M\u00e1quina industrial de fabrica\u00e7\u00e3o de biscoitos projetada para a f\u00e1brica. Aumente a efici\u00eancia da produ\u00e7\u00e3o, garanta uma qualidade consistente e aumente a produ\u00e7\u00e3o com uma solu\u00e7\u00e3o automatizada.","breadcrumb":{"@id":"https:\/\/www.biscuitsolution.com\/product\/industrial-biscuit-making-machine\/#breadcrumb"},"inLanguage":"pt-BR","potentialAction":[{"@type":"ReadAction","target":["https:\/\/www.biscuitsolution.com\/product\/industrial-biscuit-making-machine\/"]}]},{"@type":"ImageObject","inLanguage":"pt-BR","@id":"https:\/\/www.biscuitsolution.com\/product\/industrial-biscuit-making-machine\/#primaryimage","url":"https:\/\/www.biscuitsolution.com\/wp-content\/uploads\/2025\/04\/Industrial-biscuit-making-machine.jpg","contentUrl":"https:\/\/www.biscuitsolution.com\/wp-content\/uploads\/2025\/04\/Industrial-biscuit-making-machine.jpg","width":600,"height":600,"caption":"Industrial biscuit making machine"},{"@type":"BreadcrumbList","@id":"https:\/\/www.biscuitsolution.com\/product\/industrial-biscuit-making-machine\/#breadcrumb","itemListElement":[{"@type":"ListItem","position":1,"name":"Home","item":"https:\/\/www.biscuitsolution.com\/"},{"@type":"ListItem","position":2,"name":"Product","item":"https:\/\/www.biscuitsolution.com\/product\/"},{"@type":"ListItem","position":3,"name":"Industrial Biscuit Making Machines Maximize Output 1000+kg\/h"}]},{"@type":"WebSite","@id":"https:\/\/www.biscuitsolution.com\/#website","url":"https:\/\/www.biscuitsolution.com\/","name":"Fabricante de solu\u00e7\u00f5es para produ\u00e7\u00e3o de biscoitos","description":"","potentialAction":[{"@type":"SearchAction","target":{"@type":"EntryPoint","urlTemplate":"https:\/\/www.biscuitsolution.com\/?s={search_term_string}"},"query-input":{"@type":"PropertyValueSpecification","valueRequired":true,"valueName":"search_term_string"}}],"inLanguage":"pt-BR"},false]}},"yasr_visitor_votes":{"stars_attributes":{"read_only":false,"span_bottom":false},"number_of_votes":1,"sum_votes":5},"_links":{"self":[{"href":"https:\/\/www.biscuitsolution.com\/pt\/wp-json\/wp\/v2\/product\/5516","targetHints":{"allow":["GET"]}}],"collection":[{"href":"https:\/\/www.biscuitsolution.com\/pt\/wp-json\/wp\/v2\/product"}],"about":[{"href":"https:\/\/www.biscuitsolution.com\/pt\/wp-json\/wp\/v2\/types\/product"}],"replies":[{"embeddable":true,"href":"https:\/\/www.biscuitsolution.com\/pt\/wp-json\/wp\/v2\/comments?post=5516"}],"version-history":[{"count":1,"href":"https:\/\/www.biscuitsolution.com\/pt\/wp-json\/wp\/v2\/product\/5516\/revisions"}],"predecessor-version":[{"id":5522,"href":"https:\/\/www.biscuitsolution.com\/pt\/wp-json\/wp\/v2\/product\/5516\/revisions\/5522"}],"wp:featuredmedia":[{"embeddable":true,"href":"https:\/\/www.biscuitsolution.com\/pt\/wp-json\/wp\/v2\/media\/5521"}],"wp:attachment":[{"href":"https:\/\/www.biscuitsolution.com\/pt\/wp-json\/wp\/v2\/media?parent=5516"}],"wp:term":[{"taxonomy":"product_brand","embeddable":true,"href":"https:\/\/www.biscuitsolution.com\/pt\/wp-json\/wp\/v2\/product_brand?post=5516"},{"taxonomy":"product_cat","embeddable":true,"href":"https:\/\/www.biscuitsolution.com\/pt\/wp-json\/wp\/v2\/product_cat?post=5516"},{"taxonomy":"product_tag","embeddable":true,"href":"https:\/\/www.biscuitsolution.com\/pt\/wp-json\/wp\/v2\/product_tag?post=5516"}],"curies":[{"name":"wp","href":"https:\/\/api.w.org\/{rel}","templated":true}]}}