{"id":5509,"date":"2025-04-25T15:14:26","date_gmt":"2025-04-25T07:14:26","guid":{"rendered":"https:\/\/www.biscuitsolution.com\/?post_type=product&#038;p=5509"},"modified":"2025-04-25T15:14:27","modified_gmt":"2025-04-25T07:14:27","slug":"biscuit-production-line-manufacturer","status":"publish","type":"product","link":"https:\/\/www.biscuitsolution.com\/pt\/produto\/biscuit-production-line-manufacturer\/","title":{"rendered":"Fabricante da linha de produ\u00e7\u00e3o de biscoitos | Solu\u00e7\u00f5es industriais"},"content":{"rendered":"<p>Como um <strong>linha de produ\u00e7\u00e3o de biscoitos<\/strong> Como fabricante, nosso foco \u00e9 fornecer equipamentos de n\u00edvel industrial para atender \u00e0s rigorosas exig\u00eancias de grandes f\u00e1bricas e empresas.<\/p>\n<p><img fetchpriority=\"high\" decoding=\"async\" class=\"alignnone size-full wp-image-5510\" src=\"https:\/\/www.biscuitsolution.com\/wp-content\/uploads\/2025\/04\/biscuit-production-line-.jpg\" alt=\"Fabricante de linha de produ\u00e7\u00e3o de biscoitos\" width=\"800\" height=\"450\" srcset=\"https:\/\/www.biscuitsolution.com\/wp-content\/uploads\/2025\/04\/biscuit-production-line-.jpg 800w, https:\/\/www.biscuitsolution.com\/wp-content\/uploads\/2025\/04\/biscuit-production-line--300x169.jpg 300w, https:\/\/www.biscuitsolution.com\/wp-content\/uploads\/2025\/04\/biscuit-production-line--768x432.jpg 768w, https:\/\/www.biscuitsolution.com\/wp-content\/uploads\/2025\/04\/biscuit-production-line--18x10.jpg 18w, https:\/\/www.biscuitsolution.com\/wp-content\/uploads\/2025\/04\/biscuit-production-line--600x338.jpg 600w, https:\/\/www.biscuitsolution.com\/wp-content\/uploads\/2025\/04\/biscuit-production-line--64x36.jpg 64w\" sizes=\"(max-width: 800px) 100vw, 800px\" \/><\/p>\n<h2>Processo da linha de produ\u00e7\u00e3o industrial de biscoitos<\/h2>\n<p>Peneiramento de p\u00f3 - amassamento de massa - prensagem - forma\u00e7\u00e3o - cozimento - pulveriza\u00e7\u00e3o de \u00f3leo - resfriamento - organiza\u00e7\u00e3o de bolos - enchimento\/enchimento - embalagem<\/p>\n<h2>Composi\u00e7\u00e3o da linha de produ\u00e7\u00e3o de biscoitos totalmente autom\u00e1tica<\/h2>\n<ul>\n<li>Misturador de massa: usado para misturar farinha, \u00e1gua, a\u00e7\u00facar, \u00f3leo e outras mat\u00e9rias-primas uniformemente para fazer a massa adequada para a produ\u00e7\u00e3o de biscoitos. Dependendo do tipo de biscoito, voc\u00ea pode escolher um misturador de massa vertical ou um misturador horizontal<\/li>\n<li>M\u00e1quina formadora de biscoitos: pressiona a massa amassada em folhas e, em seguida, corta e modela-as por meio de moldes ou cortadores de rolo para produzir biscoitos de v\u00e1rios formatos e tamanhos<\/li>\n<li>Forno de cozimento em t\u00fanel: os biscoitos passam pelo forno de t\u00fanel na esteira transportadora, e o processo de cozimento \u00e9 conclu\u00eddo ap\u00f3s o pr\u00e9-aquecimento, o cozimento, a colora\u00e7\u00e3o e outras etapas. A fonte de calor pode ser eletricidade, g\u00e1s, g\u00e1s natural, etc.<\/li>\n<li>Pulverizador de \u00f3leo: borrife \u00f3leo na superf\u00edcie dos biscoitos para aumentar o brilho e o sabor<\/li>\n<li>Esteira de resfriamento: usada para resfriar os biscoitos assados at\u00e9 a temperatura ambiente. O m\u00e9todo de resfriamento pode ser natural ou for\u00e7ado<\/li>\n<li>M\u00e1quina de classifica\u00e7\u00e3o de biscoitos: classifica e organiza os biscoitos resfriados para posterior embalagem<\/li>\n<li>M\u00e1quina de embalagem: separa e embala os biscoitos para garantir a higiene e o frescor dos produtos durante o transporte e as vendas<\/li>\n<\/ul>\n<p><img decoding=\"async\" class=\"alignnone size-full wp-image-5511\" src=\"https:\/\/www.biscuitsolution.com\/wp-content\/uploads\/2025\/04\/biscuit-production-line-manufacturer.jpg\" alt=\"Fabricante de linha de produ\u00e7\u00e3o de biscoitos\" width=\"800\" height=\"450\" srcset=\"https:\/\/www.biscuitsolution.com\/wp-content\/uploads\/2025\/04\/biscuit-production-line-manufacturer.jpg 800w, https:\/\/www.biscuitsolution.com\/wp-content\/uploads\/2025\/04\/biscuit-production-line-manufacturer-300x169.jpg 300w, https:\/\/www.biscuitsolution.com\/wp-content\/uploads\/2025\/04\/biscuit-production-line-manufacturer-768x432.jpg 768w, https:\/\/www.biscuitsolution.com\/wp-content\/uploads\/2025\/04\/biscuit-production-line-manufacturer-18x10.jpg 18w, https:\/\/www.biscuitsolution.com\/wp-content\/uploads\/2025\/04\/biscuit-production-line-manufacturer-600x338.jpg 600w, https:\/\/www.biscuitsolution.com\/wp-content\/uploads\/2025\/04\/biscuit-production-line-manufacturer-64x36.jpg 64w\" sizes=\"(max-width: 800px) 100vw, 800px\" \/><\/p>\n<h2>Nossas principais vantagens<\/h2>\n<p>Como fabricante profissional de linhas de produ\u00e7\u00e3o de biscoitos, quer esteja expandindo uma instala\u00e7\u00e3o existente ou construindo um novo projeto, nossas solu\u00e7\u00f5es podem atender \u00e0s necessidades de alto volume. N\u00f3s fornecemos:<\/p>\n<ul>\n<li>Linhas de produ\u00e7\u00e3o totalmente automatizadas: Produ\u00e7\u00e3o em uma \u00fanica etapa, desde as mat\u00e9rias-primas at\u00e9 a embalagem, maximizando a economia de m\u00e3o de obra<\/li>\n<li>Consumo ideal de energia: Otimize a utiliza\u00e7\u00e3o de energia e mat\u00e9ria-prima em cada elo de produ\u00e7\u00e3o para oferecer as melhores solu\u00e7\u00f5es de economia de custos e aumento de efici\u00eancia<\/li>\n<li>V\u00e1rios usos para uma linha: Uma \u00fanica solu\u00e7\u00e3o \u00e9 adequada para a produ\u00e7\u00e3o de v\u00e1rios produtos, e a versatilidade atende \u00e0 sua criatividade<\/li>\n<li>Processos de produ\u00e7\u00e3o adicionais: N\u00e3o apenas podemos personalizar solu\u00e7\u00f5es de linha de produ\u00e7\u00e3o para voc\u00ea, mas tamb\u00e9m podemos combinar tecnologias de processo de produ\u00e7\u00e3o para resolver seus problemas de produ\u00e7\u00e3o em uma \u00fanica parada<\/li>\n<li>Servi\u00e7os completos: Desde o projeto da linha de produ\u00e7\u00e3o, fabrica\u00e7\u00e3o de m\u00e1quinas, montagem e comissionamento at\u00e9 o p\u00f3s-venda, servi\u00e7o 24 horas sem preocupa\u00e7\u00f5es<\/li>\n<\/ul>\n<p><img decoding=\"async\" class=\"alignnone size-full wp-image-5512\" src=\"https:\/\/www.biscuitsolution.com\/wp-content\/uploads\/2025\/04\/biscuits-production-line-manufacturer.jpg\" alt=\"Fabricante de linha de produ\u00e7\u00e3o de biscoitos\" width=\"800\" height=\"450\" srcset=\"https:\/\/www.biscuitsolution.com\/wp-content\/uploads\/2025\/04\/biscuits-production-line-manufacturer.jpg 800w, https:\/\/www.biscuitsolution.com\/wp-content\/uploads\/2025\/04\/biscuits-production-line-manufacturer-300x169.jpg 300w, https:\/\/www.biscuitsolution.com\/wp-content\/uploads\/2025\/04\/biscuits-production-line-manufacturer-768x432.jpg 768w, https:\/\/www.biscuitsolution.com\/wp-content\/uploads\/2025\/04\/biscuits-production-line-manufacturer-18x10.jpg 18w, https:\/\/www.biscuitsolution.com\/wp-content\/uploads\/2025\/04\/biscuits-production-line-manufacturer-600x338.jpg 600w, https:\/\/www.biscuitsolution.com\/wp-content\/uploads\/2025\/04\/biscuits-production-line-manufacturer-64x36.jpg 64w\" sizes=\"(max-width: 800px) 100vw, 800px\" \/><\/p>\n<h2>Perguntas frequentes<\/h2>\n<p>P: Suas linhas conseguem lidar com a produ\u00e7\u00e3o de biscoitos sem gl\u00faten ou org\u00e2nicos?<\/p>\n<p>R: Sim! Nossos sistemas suportam receitas sem alerg\u00eanicos e atendem aos requisitos de certifica\u00e7\u00e3o org\u00e2nica.<\/p>\n<p>P: Qual \u00e9 o ROI t\u00edpico de uma linha totalmente automatizada?<\/p>\n<p>R: A maioria dos clientes atinge o ponto de equil\u00edbrio em 12 a 18 meses por meio da redu\u00e7\u00e3o dos custos de desperd\u00edcio e m\u00e3o de obra.<\/p>\n<p>P: Voc\u00eas oferecem solu\u00e7\u00f5es prontas para uso?<\/p>\n<p>R: Com certeza - gerenciamos o projeto, a instala\u00e7\u00e3o e o comissionamento para uma integra\u00e7\u00e3o perfeita.<\/p>\n<h2>Deixe uma mensagem para obter uma cota\u00e7\u00e3o<\/h2>\n\n<div class=\"wpcf7 no-js\" id=\"wpcf7-f4619-o1\" lang=\"en-US\" dir=\"ltr\" data-wpcf7-id=\"4619\">\n<div class=\"screen-reader-response\"><p role=\"status\" aria-live=\"polite\" aria-atomic=\"true\"><\/p> <ul><\/ul><\/div>\n<form action=\"\/pt\/wp-json\/wp\/v2\/product\/5509#wpcf7-f4619-o1\" method=\"post\" class=\"wpcf7-form init\" aria-label=\"Formul\u00e1rio de contato\" novalidate=\"novalidate\" data-status=\"init\" data-trp-original-action=\"\/pt\/wp-json\/wp\/v2\/product\/5509#wpcf7-f4619-o1\">\n<div style=\"display: none;\">\n<input type=\"hidden\" name=\"_wpcf7\" value=\"4619\" \/>\n<input type=\"hidden\" name=\"_wpcf7_version\" value=\"6.0.4\" \/>\n<input type=\"hidden\" name=\"_wpcf7_locale\" value=\"en_US\" \/>\n<input type=\"hidden\" name=\"_wpcf7_unit_tag\" value=\"wpcf7-f4619-o1\" \/>\n<input type=\"hidden\" name=\"_wpcf7_container_post\" value=\"0\" \/>\n<input type=\"hidden\" name=\"_wpcf7_posted_data_hash\" value=\"\" \/>\n<\/div>\n<p><label> Seu nome*<br \/>\n<span class=\"wpcf7-form-control-wrap\" data-name=\"your-name\"><input size=\"40\" maxlength=\"400\" class=\"wpcf7-form-control wpcf7-text wpcf7-validates-as-required\" aria-required=\"true\" aria-invalid=\"false\" value=\"\" type=\"text\" name=\"your-name\" \/><\/span> <\/label>\n<\/p>\n<p><label> Seu pa\u00eds<br \/>\n<span class=\"wpcf7-form-control-wrap\" data-name=\"your-country\"><input size=\"40\" maxlength=\"400\" class=\"wpcf7-form-control wpcf7-text\" aria-invalid=\"false\" value=\"\" type=\"text\" name=\"your-country\" \/><\/span><\/label>\n<\/p>\n<p><label> Seu e-mail*<br \/>\n<span class=\"wpcf7-form-control-wrap\" data-name=\"your-email\"><input size=\"40\" maxlength=\"400\" class=\"wpcf7-form-control wpcf7-email wpcf7-validates-as-required wpcf7-text wpcf7-validates-as-email\" aria-required=\"true\" aria-invalid=\"false\" value=\"\" type=\"email\" name=\"your-email\" \/><\/span> <\/label>\n<\/p>\n<p><label> Seu telefone<br \/>\n<span class=\"wpcf7-form-control-wrap\" data-name=\"your-phone\"><input size=\"40\" maxlength=\"400\" class=\"wpcf7-form-control wpcf7-tel wpcf7-text wpcf7-validates-as-tel\" aria-invalid=\"false\" value=\"\" type=\"tel\" name=\"your-phone\" \/><\/span> <\/label>\n<\/p>\n<p><label> Nome de sua empresa<br \/>\n<span class=\"wpcf7-form-control-wrap\" data-name=\"text-457\"><input size=\"40\" maxlength=\"400\" class=\"wpcf7-form-control wpcf7-text\" aria-invalid=\"false\" value=\"\" type=\"text\" name=\"text-457\" \/><\/span> <\/label>\n<\/p>\n<p><label> Site de sua empresa<br \/>\n<span class=\"wpcf7-form-control-wrap\" data-name=\"text-546\"><input size=\"40\" maxlength=\"400\" class=\"wpcf7-form-control wpcf7-text\" aria-invalid=\"false\" value=\"\" type=\"text\" name=\"text-546\" \/><\/span> <\/label>\n<\/p>\n<p><label> Seu requisito*<br \/>\n<span class=\"wpcf7-form-control-wrap\" data-name=\"your-message\"><textarea cols=\"40\" rows=\"10\" maxlength=\"2000\" class=\"wpcf7-form-control wpcf7-textarea wpcf7-validates-as-required\" aria-required=\"true\" aria-invalid=\"false\" name=\"your-message\"><\/textarea><\/span> <\/label>\n<\/p>\n<p><input class=\"wpcf7-form-control wpcf7-submit has-spinner\" type=\"submit\" value=\"Enviar\" \/>\n<\/p><p style=\"display: none !important;\" class=\"akismet-fields-container\" data-prefix=\"_wpcf7_ak_\"><label>&#916;<textarea name=\"_wpcf7_ak_hp_textarea\" cols=\"45\" rows=\"8\" maxlength=\"100\"><\/textarea><\/label><input type=\"hidden\" id=\"ak_js_1\" name=\"_wpcf7_ak_js\" value=\"178\"\/><script>document.getElementById( \"ak_js_1\" ).setAttribute( \"value\", ( new Date() ).getTime() );<\/script><\/p><div class=\"wpcf7-response-output\" aria-hidden=\"true\"><\/div>\n<input type=\"hidden\" name=\"trp-form-language\" value=\"pt\"\/><\/form>\n<\/div>\n\n<div style='text-align:left' class='yasr-auto-insert-visitor'><\/div>","protected":false},"excerpt":{"rendered":"<p>Marca: GELGOOG<\/p>\n<p>Tens\u00e3o: 380V<\/p>\n<p>Capacity\uff1a100kg\/h-1000kg\/h<\/p>\n<p>E-mail: shanna@machinehall.com<\/p>\n<p>Tel: +8618638676709<\/p>","protected":false},"featured_media":5513,"comment_status":"open","ping_status":"closed","template":"","meta":{"site-sidebar-layout":"default","site-content-layout":"","ast-site-content-layout":"default","site-content-style":"default","site-sidebar-style":"default","ast-global-header-display":"","ast-banner-title-visibility":"","ast-main-header-display":"","ast-hfb-above-header-display":"","ast-hfb-below-header-display":"","ast-hfb-mobile-header-display":"","site-post-title":"","ast-breadcrumbs-content":"","ast-featured-img":"","footer-sml-layout":"","theme-transparent-header-meta":"default","adv-header-id-meta":"","stick-header-meta":"","header-above-stick-meta":"","header-main-stick-meta":"","header-below-stick-meta":"","astra-migrate-meta-layouts":"set","ast-page-background-enabled":"default","ast-page-background-meta":{"desktop":{"background-color":"","background-image":"","background-repeat":"repeat","background-position":"center center","background-size":"auto","background-attachment":"scroll","background-type":"","background-media":"","overlay-type":"","overlay-color":"","overlay-opacity":"","overlay-gradient":""},"tablet":{"background-color":"","background-image":"","background-repeat":"repeat","background-position":"center center","background-size":"auto","background-attachment":"scroll","background-type":"","background-media":"","overlay-type":"","overlay-color":"","overlay-opacity":"","overlay-gradient":""},"mobile":{"background-color":"","background-image":"","background-repeat":"repeat","background-position":"center center","background-size":"auto","background-attachment":"scroll","background-type":"","background-media":"","overlay-type":"","overlay-color":"","overlay-opacity":"","overlay-gradient":""}},"ast-content-background-meta":{"desktop":{"background-color":"var(--ast-global-color-5)","background-image":"","background-repeat":"repeat","background-position":"center center","background-size":"auto","background-attachment":"scroll","background-type":"","background-media":"","overlay-type":"","overlay-color":"","overlay-opacity":"","overlay-gradient":""},"tablet":{"background-color":"var(--ast-global-color-5)","background-image":"","background-repeat":"repeat","background-position":"center center","background-size":"auto","background-attachment":"scroll","background-type":"","background-media":"","overlay-type":"","overlay-color":"","overlay-opacity":"","overlay-gradient":""},"mobile":{"background-color":"var(--ast-global-color-5)","background-image":"","background-repeat":"repeat","background-position":"center center","background-size":"auto","background-attachment":"scroll","background-type":"","background-media":"","overlay-type":"","overlay-color":"","overlay-opacity":"","overlay-gradient":""}},"yasr_overall_rating":0,"yasr_post_is_review":"","yasr_auto_insert_disabled":"","yasr_review_type":""},"product_brand":[],"product_cat":[22,24,25],"product_tag":[],"class_list":{"0":"post-5509","1":"product","2":"type-product","3":"status-publish","4":"has-post-thumbnail","6":"product_cat-hard-biscuit-production-line","7":"product_cat-cookie-production-line","8":"product_cat-soft-biscuit-production-line","9":"desktop-align-left","10":"tablet-align-left","11":"mobile-align-left","13":"first","14":"instock","15":"shipping-taxable","16":"product-type-simple"},"yoast_head":"<!-- This site is optimized with the Yoast SEO plugin v24.4 - https:\/\/yoast.com\/wordpress\/plugins\/seo\/ -->\n<title>Biscuit Production Line Manufacturer | Industrial Solutions - Biscuit Production Solution Manufacturer<\/title>\n<meta name=\"description\" content=\"As a biscuit production line manufacturer, we focus on provide large-capacity automation lines. Support customization and significantly improve efficiency.\" \/>\n<meta name=\"robots\" content=\"index, follow, max-snippet:-1, max-image-preview:large, max-video-preview:-1\" \/>\n<link rel=\"canonical\" href=\"https:\/\/www.biscuitsolution.com\/pt\/produto\/biscuit-production-line-manufacturer\/\" \/>\n<meta property=\"og:locale\" content=\"pt_BR\" \/>\n<meta property=\"og:type\" content=\"article\" \/>\n<meta property=\"og:title\" content=\"Biscuit Production Line Manufacturer | Industrial Solutions - Biscuit Production Solution Manufacturer\" \/>\n<meta property=\"og:description\" content=\"As a biscuit production line manufacturer, we focus on provide large-capacity automation lines. Support customization and significantly improve efficiency.\" \/>\n<meta property=\"og:url\" content=\"https:\/\/www.biscuitsolution.com\/pt\/produto\/biscuit-production-line-manufacturer\/\" \/>\n<meta property=\"og:site_name\" content=\"Biscuit Production Solution Manufacturer\" \/>\n<meta property=\"article:publisher\" content=\"https:\/\/www.facebook.com\/profile.php?id=100095205040823\" \/>\n<meta property=\"article:modified_time\" content=\"2025-04-25T07:14:27+00:00\" \/>\n<meta property=\"og:image\" content=\"https:\/\/www.biscuitsolution.com\/wp-content\/uploads\/2025\/04\/biscuit-production-lines-manufacturer.jpg\" \/>\n\t<meta property=\"og:image:width\" content=\"600\" \/>\n\t<meta property=\"og:image:height\" content=\"600\" \/>\n\t<meta property=\"og:image:type\" content=\"image\/jpeg\" \/>\n<meta name=\"twitter:card\" content=\"summary_large_image\" \/>\n<meta name=\"twitter:site\" content=\"@shanna_zha26342\" \/>\n<meta name=\"twitter:label1\" content=\"Est. tempo de leitura\" \/>\n\t<meta name=\"twitter:data1\" content=\"3 minutos\" \/>\n<script type=\"application\/ld+json\" class=\"yoast-schema-graph\">{\"@context\":\"https:\/\/schema.org\",\"@graph\":[{\"@type\":\"WebPage\",\"@id\":\"https:\/\/www.biscuitsolution.com\/product\/biscuit-production-line-manufacturer\/\",\"url\":\"https:\/\/www.biscuitsolution.com\/product\/biscuit-production-line-manufacturer\/\",\"name\":\"Biscuit Production Line Manufacturer | Industrial Solutions - Biscuit Production Solution Manufacturer\",\"isPartOf\":{\"@id\":\"https:\/\/www.biscuitsolution.com\/#website\"},\"primaryImageOfPage\":{\"@id\":\"https:\/\/www.biscuitsolution.com\/product\/biscuit-production-line-manufacturer\/#primaryimage\"},\"image\":{\"@id\":\"https:\/\/www.biscuitsolution.com\/product\/biscuit-production-line-manufacturer\/#primaryimage\"},\"thumbnailUrl\":\"https:\/\/www.biscuitsolution.com\/wp-content\/uploads\/2025\/04\/biscuit-production-lines-manufacturer.jpg\",\"datePublished\":\"2025-04-25T07:14:26+00:00\",\"dateModified\":\"2025-04-25T07:14:27+00:00\",\"description\":\"As a biscuit production line manufacturer, we focus on provide large-capacity automation lines. Support customization and significantly improve efficiency.\",\"breadcrumb\":{\"@id\":\"https:\/\/www.biscuitsolution.com\/product\/biscuit-production-line-manufacturer\/#breadcrumb\"},\"inLanguage\":\"pt-BR\",\"potentialAction\":[{\"@type\":\"ReadAction\",\"target\":[\"https:\/\/www.biscuitsolution.com\/product\/biscuit-production-line-manufacturer\/\"]}]},{\"@type\":\"ImageObject\",\"inLanguage\":\"pt-BR\",\"@id\":\"https:\/\/www.biscuitsolution.com\/product\/biscuit-production-line-manufacturer\/#primaryimage\",\"url\":\"https:\/\/www.biscuitsolution.com\/wp-content\/uploads\/2025\/04\/biscuit-production-lines-manufacturer.jpg\",\"contentUrl\":\"https:\/\/www.biscuitsolution.com\/wp-content\/uploads\/2025\/04\/biscuit-production-lines-manufacturer.jpg\",\"width\":600,\"height\":600,\"caption\":\"biscuit production line manufacturer\"},{\"@type\":\"BreadcrumbList\",\"@id\":\"https:\/\/www.biscuitsolution.com\/product\/biscuit-production-line-manufacturer\/#breadcrumb\",\"itemListElement\":[{\"@type\":\"ListItem\",\"position\":1,\"name\":\"Home\",\"item\":\"https:\/\/www.biscuitsolution.com\/\"},{\"@type\":\"ListItem\",\"position\":2,\"name\":\"Product\",\"item\":\"https:\/\/www.biscuitsolution.com\/product\/\"},{\"@type\":\"ListItem\",\"position\":3,\"name\":\"Biscuit Production Line Manufacturer | Industrial Solutions\"}]},{\"@type\":\"WebSite\",\"@id\":\"https:\/\/www.biscuitsolution.com\/#website\",\"url\":\"https:\/\/www.biscuitsolution.com\/\",\"name\":\"Biscuit Production Solution Manufacturer\",\"description\":\"\",\"potentialAction\":[{\"@type\":\"SearchAction\",\"target\":{\"@type\":\"EntryPoint\",\"urlTemplate\":\"https:\/\/www.biscuitsolution.com\/?s={search_term_string}\"},\"query-input\":{\"@type\":\"PropertyValueSpecification\",\"valueRequired\":true,\"valueName\":\"search_term_string\"}}],\"inLanguage\":\"pt-BR\"},false]}<\/script>\n<!-- \/ Yoast SEO plugin. -->","yoast_head_json":{"title":"Fabricante da linha de produ\u00e7\u00e3o de biscoitos | Solu\u00e7\u00f5es industriais - Fabricante de solu\u00e7\u00f5es para produ\u00e7\u00e3o de biscoitos","description":"Como fabricante de linhas de produ\u00e7\u00e3o de biscoitos, nosso foco \u00e9 fornecer linhas de automa\u00e7\u00e3o de grande capacidade. Oferecemos suporte \u00e0 personaliza\u00e7\u00e3o e melhoramos significativamente a efici\u00eancia.","robots":{"index":"index","follow":"follow","max-snippet":"max-snippet:-1","max-image-preview":"max-image-preview:large","max-video-preview":"max-video-preview:-1"},"canonical":"https:\/\/www.biscuitsolution.com\/pt\/produto\/biscuit-production-line-manufacturer\/","og_locale":"pt_BR","og_type":"article","og_title":"Biscuit Production Line Manufacturer | Industrial Solutions - Biscuit Production Solution Manufacturer","og_description":"As a biscuit production line manufacturer, we focus on provide large-capacity automation lines. Support customization and significantly improve efficiency.","og_url":"https:\/\/www.biscuitsolution.com\/pt\/produto\/biscuit-production-line-manufacturer\/","og_site_name":"Biscuit Production Solution Manufacturer","article_publisher":"https:\/\/www.facebook.com\/profile.php?id=100095205040823","article_modified_time":"2025-04-25T07:14:27+00:00","og_image":[{"width":600,"height":600,"url":"https:\/\/www.biscuitsolution.com\/wp-content\/uploads\/2025\/04\/biscuit-production-lines-manufacturer.jpg","type":"image\/jpeg"}],"twitter_card":"summary_large_image","twitter_site":"@shanna_zha26342","twitter_misc":{"Est. tempo de leitura":"3 minutos"},"schema":{"@context":"https:\/\/schema.org","@graph":[{"@type":"WebPage","@id":"https:\/\/www.biscuitsolution.com\/product\/biscuit-production-line-manufacturer\/","url":"https:\/\/www.biscuitsolution.com\/product\/biscuit-production-line-manufacturer\/","name":"Fabricante da linha de produ\u00e7\u00e3o de biscoitos | Solu\u00e7\u00f5es industriais - Fabricante de solu\u00e7\u00f5es para produ\u00e7\u00e3o de biscoitos","isPartOf":{"@id":"https:\/\/www.biscuitsolution.com\/#website"},"primaryImageOfPage":{"@id":"https:\/\/www.biscuitsolution.com\/product\/biscuit-production-line-manufacturer\/#primaryimage"},"image":{"@id":"https:\/\/www.biscuitsolution.com\/product\/biscuit-production-line-manufacturer\/#primaryimage"},"thumbnailUrl":"https:\/\/www.biscuitsolution.com\/wp-content\/uploads\/2025\/04\/biscuit-production-lines-manufacturer.jpg","datePublished":"2025-04-25T07:14:26+00:00","dateModified":"2025-04-25T07:14:27+00:00","description":"Como fabricante de linhas de produ\u00e7\u00e3o de biscoitos, nosso foco \u00e9 fornecer linhas de automa\u00e7\u00e3o de grande capacidade. Oferecemos suporte \u00e0 personaliza\u00e7\u00e3o e melhoramos significativamente a efici\u00eancia.","breadcrumb":{"@id":"https:\/\/www.biscuitsolution.com\/product\/biscuit-production-line-manufacturer\/#breadcrumb"},"inLanguage":"pt-BR","potentialAction":[{"@type":"ReadAction","target":["https:\/\/www.biscuitsolution.com\/product\/biscuit-production-line-manufacturer\/"]}]},{"@type":"ImageObject","inLanguage":"pt-BR","@id":"https:\/\/www.biscuitsolution.com\/product\/biscuit-production-line-manufacturer\/#primaryimage","url":"https:\/\/www.biscuitsolution.com\/wp-content\/uploads\/2025\/04\/biscuit-production-lines-manufacturer.jpg","contentUrl":"https:\/\/www.biscuitsolution.com\/wp-content\/uploads\/2025\/04\/biscuit-production-lines-manufacturer.jpg","width":600,"height":600,"caption":"biscuit production line manufacturer"},{"@type":"BreadcrumbList","@id":"https:\/\/www.biscuitsolution.com\/product\/biscuit-production-line-manufacturer\/#breadcrumb","itemListElement":[{"@type":"ListItem","position":1,"name":"Home","item":"https:\/\/www.biscuitsolution.com\/"},{"@type":"ListItem","position":2,"name":"Product","item":"https:\/\/www.biscuitsolution.com\/product\/"},{"@type":"ListItem","position":3,"name":"Biscuit Production Line Manufacturer | Industrial Solutions"}]},{"@type":"WebSite","@id":"https:\/\/www.biscuitsolution.com\/#website","url":"https:\/\/www.biscuitsolution.com\/","name":"Fabricante de solu\u00e7\u00f5es para produ\u00e7\u00e3o de biscoitos","description":"","potentialAction":[{"@type":"SearchAction","target":{"@type":"EntryPoint","urlTemplate":"https:\/\/www.biscuitsolution.com\/?s={search_term_string}"},"query-input":{"@type":"PropertyValueSpecification","valueRequired":true,"valueName":"search_term_string"}}],"inLanguage":"pt-BR"},false]}},"yasr_visitor_votes":{"stars_attributes":{"read_only":false,"span_bottom":false},"number_of_votes":0,"sum_votes":0},"_links":{"self":[{"href":"https:\/\/www.biscuitsolution.com\/pt\/wp-json\/wp\/v2\/product\/5509","targetHints":{"allow":["GET"]}}],"collection":[{"href":"https:\/\/www.biscuitsolution.com\/pt\/wp-json\/wp\/v2\/product"}],"about":[{"href":"https:\/\/www.biscuitsolution.com\/pt\/wp-json\/wp\/v2\/types\/product"}],"replies":[{"embeddable":true,"href":"https:\/\/www.biscuitsolution.com\/pt\/wp-json\/wp\/v2\/comments?post=5509"}],"version-history":[{"count":1,"href":"https:\/\/www.biscuitsolution.com\/pt\/wp-json\/wp\/v2\/product\/5509\/revisions"}],"predecessor-version":[{"id":5514,"href":"https:\/\/www.biscuitsolution.com\/pt\/wp-json\/wp\/v2\/product\/5509\/revisions\/5514"}],"wp:featuredmedia":[{"embeddable":true,"href":"https:\/\/www.biscuitsolution.com\/pt\/wp-json\/wp\/v2\/media\/5513"}],"wp:attachment":[{"href":"https:\/\/www.biscuitsolution.com\/pt\/wp-json\/wp\/v2\/media?parent=5509"}],"wp:term":[{"taxonomy":"product_brand","embeddable":true,"href":"https:\/\/www.biscuitsolution.com\/pt\/wp-json\/wp\/v2\/product_brand?post=5509"},{"taxonomy":"product_cat","embeddable":true,"href":"https:\/\/www.biscuitsolution.com\/pt\/wp-json\/wp\/v2\/product_cat?post=5509"},{"taxonomy":"product_tag","embeddable":true,"href":"https:\/\/www.biscuitsolution.com\/pt\/wp-json\/wp\/v2\/product_tag?post=5509"}],"curies":[{"name":"wp","href":"https:\/\/api.w.org\/{rel}","templated":true}]}}