{"id":5488,"date":"2025-04-21T16:06:28","date_gmt":"2025-04-21T08:06:28","guid":{"rendered":"https:\/\/www.biscuitsolution.com\/?post_type=product&#038;p=5488"},"modified":"2025-04-21T16:06:28","modified_gmt":"2025-04-21T08:06:28","slug":"hard-biscuit-production-line","status":"publish","type":"product","link":"https:\/\/www.biscuitsolution.com\/pt\/produto\/hard-biscuit-production-line\/","title":{"rendered":"Linha de produ\u00e7\u00e3o de biscoitos duros | Solu\u00e7\u00f5es de n\u00edvel industrial"},"content":{"rendered":"<p>Para os grandes fabricantes de biscoitos, um <strong>Linha de produ\u00e7\u00e3o de biscoitos duros<\/strong> \u00e9 essencial, pois aumenta a efici\u00eancia da produ\u00e7\u00e3o e reduz os custos operacionais.<\/p>\n<p><img fetchpriority=\"high\" decoding=\"async\" class=\"alignnone size-full wp-image-5493\" src=\"https:\/\/www.biscuitsolution.com\/wp-content\/uploads\/2025\/04\/hard-biscuitne.jpg\" alt=\"Linha de produ\u00e7\u00e3o de biscoitos duros\" width=\"800\" height=\"450\" srcset=\"https:\/\/www.biscuitsolution.com\/wp-content\/uploads\/2025\/04\/hard-biscuitne.jpg 800w, https:\/\/www.biscuitsolution.com\/wp-content\/uploads\/2025\/04\/hard-biscuitne-300x169.jpg 300w, https:\/\/www.biscuitsolution.com\/wp-content\/uploads\/2025\/04\/hard-biscuitne-768x432.jpg 768w, https:\/\/www.biscuitsolution.com\/wp-content\/uploads\/2025\/04\/hard-biscuitne-18x10.jpg 18w, https:\/\/www.biscuitsolution.com\/wp-content\/uploads\/2025\/04\/hard-biscuitne-600x338.jpg 600w, https:\/\/www.biscuitsolution.com\/wp-content\/uploads\/2025\/04\/hard-biscuitne-64x36.jpg 64w\" sizes=\"(max-width: 800px) 100vw, 800px\" \/><\/p>\n<p>A linha utiliza tecnologia de ponta e recursos de automa\u00e7\u00e3o para atender \u00e0s necessidades de f\u00e1bricas de alto volume e, ao mesmo tempo, garantir uma qualidade consistente.<\/p>\n<p>Nosso maquin\u00e1rio industrial para biscoitos \u00e9 feito sob medida para alcan\u00e7ar uma opera\u00e7\u00e3o cont\u00ednua de alta velocidade, garantindo que sua f\u00e1brica possa atender \u00e0 crescente demanda do mercado.<\/p>\n<p><img decoding=\"async\" class=\"alignnone size-full wp-image-5489\" src=\"https:\/\/www.biscuitsolution.com\/wp-content\/uploads\/2025\/04\/hard-biscuit-line.jpg\" alt=\"Linha de produ\u00e7\u00e3o de biscoitos duros\" width=\"800\" height=\"450\" srcset=\"https:\/\/www.biscuitsolution.com\/wp-content\/uploads\/2025\/04\/hard-biscuit-line.jpg 800w, https:\/\/www.biscuitsolution.com\/wp-content\/uploads\/2025\/04\/hard-biscuit-line-300x169.jpg 300w, https:\/\/www.biscuitsolution.com\/wp-content\/uploads\/2025\/04\/hard-biscuit-line-768x432.jpg 768w, https:\/\/www.biscuitsolution.com\/wp-content\/uploads\/2025\/04\/hard-biscuit-line-18x10.jpg 18w, https:\/\/www.biscuitsolution.com\/wp-content\/uploads\/2025\/04\/hard-biscuit-line-600x338.jpg 600w, https:\/\/www.biscuitsolution.com\/wp-content\/uploads\/2025\/04\/hard-biscuit-line-64x36.jpg 64w\" sizes=\"(max-width: 800px) 100vw, 800px\" \/><\/p>\n<h2>Principais caracter\u00edsticas da linha de produ\u00e7\u00e3o de biscoitos duros<\/h2>\n<ul>\n<li>Automa\u00e7\u00e3o: A integra\u00e7\u00e3o de tecnologia de automa\u00e7\u00e3o de \u00faltima gera\u00e7\u00e3o minimiza as opera\u00e7\u00f5es manuais e reduz os erros humanos.<\/li>\n<li>Configura\u00e7\u00e3o personaliz\u00e1vel: Se voc\u00ea precisa de uma linha de produ\u00e7\u00e3o de alto volume ou de um sistema mais flex\u00edvel para pequenos lotes, nossas solu\u00e7\u00f5es podem ser personalizadas de acordo com suas necessidades espec\u00edficas.<\/li>\n<li>Economia de energia: Nossa linha de produ\u00e7\u00e3o de biscoitos duros foi projetada com tecnologia de economia de energia para ajudar a reduzir os custos operacionais e, ao mesmo tempo, manter a alta produ\u00e7\u00e3o.<\/li>\n<li>Qualidade consistente: A linha garante a consist\u00eancia do produto final e controla com precis\u00e3o o tempo e a temperatura de cozimento para produzir sempre biscoitos duros perfeitos.<\/li>\n<li>Troca r\u00e1pida: A linha tem uma fun\u00e7\u00e3o de troca r\u00e1pida e pode ser facilmente ajustada para produzir diferentes tipos de biscoitos, aumentando assim a flexibilidade da produ\u00e7\u00e3o.<\/li>\n<\/ul>\n<p><img decoding=\"async\" class=\"alignnone size-full wp-image-5490\" src=\"https:\/\/www.biscuitsolution.com\/wp-content\/uploads\/2025\/04\/biscuits-line.jpg\" alt=\"Linha de produ\u00e7\u00e3o de biscoitos duros\" width=\"800\" height=\"450\" srcset=\"https:\/\/www.biscuitsolution.com\/wp-content\/uploads\/2025\/04\/biscuits-line.jpg 800w, https:\/\/www.biscuitsolution.com\/wp-content\/uploads\/2025\/04\/biscuits-line-300x169.jpg 300w, https:\/\/www.biscuitsolution.com\/wp-content\/uploads\/2025\/04\/biscuits-line-768x432.jpg 768w, https:\/\/www.biscuitsolution.com\/wp-content\/uploads\/2025\/04\/biscuits-line-18x10.jpg 18w, https:\/\/www.biscuitsolution.com\/wp-content\/uploads\/2025\/04\/biscuits-line-600x338.jpg 600w, https:\/\/www.biscuitsolution.com\/wp-content\/uploads\/2025\/04\/biscuits-line-64x36.jpg 64w\" sizes=\"(max-width: 800px) 100vw, 800px\" \/><\/p>\n<h2>Par\u00e2metros t\u00e9cnicos da linha de produ\u00e7\u00e3o de biscoitos<\/h2>\n<ul>\n<li>Capacidade: 100 kg-1000 kg por hora, dependendo dos requisitos de personaliza\u00e7\u00e3o.<\/li>\n<li>Automa\u00e7\u00e3o: Totalmente autom\u00e1tico, com m\u00ednima interven\u00e7\u00e3o humana.<\/li>\n<li>Consumo de energia: 20-30% menos consumo de energia do que os sistemas tradicionais.<\/li>\n<li>Tamanho: Personaliz\u00e1vel de acordo com o espa\u00e7o da f\u00e1brica e os requisitos de produ\u00e7\u00e3o.<\/li>\n<li>Materiais: Todos os materiais s\u00e3o de grau aliment\u00edcio e atendem aos padr\u00f5es internacionais.<\/li>\n<\/ul>\n<p><img loading=\"lazy\" decoding=\"async\" class=\"alignnone size-full wp-image-5491\" src=\"https:\/\/www.biscuitsolution.com\/wp-content\/uploads\/2025\/04\/hard-biscuits-line.jpg\" alt=\"Linha de produ\u00e7\u00e3o de biscoitos duros\" width=\"800\" height=\"450\" srcset=\"https:\/\/www.biscuitsolution.com\/wp-content\/uploads\/2025\/04\/hard-biscuits-line.jpg 800w, https:\/\/www.biscuitsolution.com\/wp-content\/uploads\/2025\/04\/hard-biscuits-line-300x169.jpg 300w, https:\/\/www.biscuitsolution.com\/wp-content\/uploads\/2025\/04\/hard-biscuits-line-768x432.jpg 768w, https:\/\/www.biscuitsolution.com\/wp-content\/uploads\/2025\/04\/hard-biscuits-line-18x10.jpg 18w, https:\/\/www.biscuitsolution.com\/wp-content\/uploads\/2025\/04\/hard-biscuits-line-600x338.jpg 600w, https:\/\/www.biscuitsolution.com\/wp-content\/uploads\/2025\/04\/hard-biscuits-line-64x36.jpg 64w\" sizes=\"(max-width: 800px) 100vw, 800px\" \/><\/p>\n<h2>Vantagens de escolher nossa linha de produ\u00e7\u00e3o de biscoitos duros<\/h2>\n<ul>\n<li>Alta efici\u00eancia de produ\u00e7\u00e3o: Com a tecnologia de automa\u00e7\u00e3o avan\u00e7ada, a linha de produ\u00e7\u00e3o pode operar com capacidade m\u00e1xima e minimizar o tempo de inatividade, aumentando significativamente a produ\u00e7\u00e3o de sua f\u00e1brica.<\/li>\n<li>Confiabilidade: Nossos equipamentos usam componentes de alta qualidade e s\u00e3o dur\u00e1veis, garantindo uma opera\u00e7\u00e3o sem problemas a longo prazo.<\/li>\n<li>Baixo custo de manuten\u00e7\u00e3o: A linha de produ\u00e7\u00e3o foi projetada para facilitar a manuten\u00e7\u00e3o, com pe\u00e7as de reposi\u00e7\u00e3o acess\u00edveis e suporte profissional para reduzir o tempo de inatividade da produ\u00e7\u00e3o.<\/li>\n<li>Op\u00e7\u00f5es personaliz\u00e1veis: Oferecemos configura\u00e7\u00f5es flex\u00edveis para atender a diferentes necessidades de produ\u00e7\u00e3o, garantindo que sua empresa obtenha a solu\u00e7\u00e3o mais eficiente.<\/li>\n<li>Econ\u00f4mico: Com seu projeto de economia de energia e alta produtividade, a linha proporciona um excelente retorno sobre o investimento.<\/li>\n<\/ul>\n<p><img loading=\"lazy\" decoding=\"async\" class=\"alignnone size-full wp-image-5492\" src=\"https:\/\/www.biscuitsolution.com\/wp-content\/uploads\/2025\/04\/hard-biscuit-lines.jpg\" alt=\"Linha de produ\u00e7\u00e3o de biscoitos duros\" width=\"800\" height=\"450\" srcset=\"https:\/\/www.biscuitsolution.com\/wp-content\/uploads\/2025\/04\/hard-biscuit-lines.jpg 800w, https:\/\/www.biscuitsolution.com\/wp-content\/uploads\/2025\/04\/hard-biscuit-lines-300x169.jpg 300w, https:\/\/www.biscuitsolution.com\/wp-content\/uploads\/2025\/04\/hard-biscuit-lines-768x432.jpg 768w, https:\/\/www.biscuitsolution.com\/wp-content\/uploads\/2025\/04\/hard-biscuit-lines-18x10.jpg 18w, https:\/\/www.biscuitsolution.com\/wp-content\/uploads\/2025\/04\/hard-biscuit-lines-600x338.jpg 600w, https:\/\/www.biscuitsolution.com\/wp-content\/uploads\/2025\/04\/hard-biscuit-lines-64x36.jpg 64w\" sizes=\"(max-width: 800px) 100vw, 800px\" \/><\/p>\n<h2>Suporte p\u00f3s-venda da linha de produ\u00e7\u00e3o de biscoitos<\/h2>\n<p>Nossa equipe oferece suporte p\u00f3s-venda abrangente, incluindo servi\u00e7os de instala\u00e7\u00e3o, treinamento e manuten\u00e7\u00e3o. Garantimos que sua linha de produ\u00e7\u00e3o de biscoitos duros funcione sem problemas e com efici\u00eancia, ajudando-o a obter resultados de produ\u00e7\u00e3o consistentes e de alta qualidade.<\/p>\n<h2>Conclus\u00e3o<\/h2>\n<p>A linha de produ\u00e7\u00e3o de biscoitos duros \u00e9 uma solu\u00e7\u00e3o abrangente para grandes fabricantes de biscoitos. Com tecnologia de automa\u00e7\u00e3o avan\u00e7ada, excelente efici\u00eancia e op\u00e7\u00f5es personaliz\u00e1veis, essa linha \u00e9 a escolha ideal para as empresas aumentarem a capacidade de produ\u00e7\u00e3o.<\/p>\n<p>Entre em contato conosco hoje mesmo para saber mais sobre como nossas linhas podem ajud\u00e1-lo a otimizar seu processo de produ\u00e7\u00e3o de biscoitos.<\/p>\n<p>&nbsp;<\/p>\n<h2>Deixe uma mensagem para obter uma cota\u00e7\u00e3o<\/h2>\n\n<div class=\"wpcf7 no-js\" id=\"wpcf7-f4619-o1\" lang=\"en-US\" dir=\"ltr\" data-wpcf7-id=\"4619\">\n<div class=\"screen-reader-response\"><p role=\"status\" aria-live=\"polite\" aria-atomic=\"true\"><\/p> <ul><\/ul><\/div>\n<form action=\"\/pt\/wp-json\/wp\/v2\/product\/5488#wpcf7-f4619-o1\" method=\"post\" class=\"wpcf7-form init\" aria-label=\"Formul\u00e1rio de contato\" novalidate=\"novalidate\" data-status=\"init\" data-trp-original-action=\"\/pt\/wp-json\/wp\/v2\/product\/5488#wpcf7-f4619-o1\">\n<div style=\"display: none;\">\n<input type=\"hidden\" name=\"_wpcf7\" value=\"4619\" \/>\n<input type=\"hidden\" name=\"_wpcf7_version\" value=\"6.0.4\" \/>\n<input type=\"hidden\" name=\"_wpcf7_locale\" value=\"en_US\" \/>\n<input type=\"hidden\" name=\"_wpcf7_unit_tag\" value=\"wpcf7-f4619-o1\" \/>\n<input type=\"hidden\" name=\"_wpcf7_container_post\" value=\"0\" \/>\n<input type=\"hidden\" name=\"_wpcf7_posted_data_hash\" value=\"\" \/>\n<\/div>\n<p><label> Seu nome*<br \/>\n<span class=\"wpcf7-form-control-wrap\" data-name=\"your-name\"><input size=\"40\" maxlength=\"400\" class=\"wpcf7-form-control wpcf7-text wpcf7-validates-as-required\" aria-required=\"true\" aria-invalid=\"false\" value=\"\" type=\"text\" name=\"your-name\" \/><\/span> <\/label>\n<\/p>\n<p><label> Seu pa\u00eds<br \/>\n<span class=\"wpcf7-form-control-wrap\" data-name=\"your-country\"><input size=\"40\" maxlength=\"400\" class=\"wpcf7-form-control wpcf7-text\" aria-invalid=\"false\" value=\"\" type=\"text\" name=\"your-country\" \/><\/span><\/label>\n<\/p>\n<p><label> Seu e-mail*<br \/>\n<span class=\"wpcf7-form-control-wrap\" data-name=\"your-email\"><input size=\"40\" maxlength=\"400\" class=\"wpcf7-form-control wpcf7-email wpcf7-validates-as-required wpcf7-text wpcf7-validates-as-email\" aria-required=\"true\" aria-invalid=\"false\" value=\"\" type=\"email\" name=\"your-email\" \/><\/span> <\/label>\n<\/p>\n<p><label> Seu telefone<br \/>\n<span class=\"wpcf7-form-control-wrap\" data-name=\"your-phone\"><input size=\"40\" maxlength=\"400\" class=\"wpcf7-form-control wpcf7-tel wpcf7-text wpcf7-validates-as-tel\" aria-invalid=\"false\" value=\"\" type=\"tel\" name=\"your-phone\" \/><\/span> <\/label>\n<\/p>\n<p><label> Nome de sua empresa<br \/>\n<span class=\"wpcf7-form-control-wrap\" data-name=\"text-457\"><input size=\"40\" maxlength=\"400\" class=\"wpcf7-form-control wpcf7-text\" aria-invalid=\"false\" value=\"\" type=\"text\" name=\"text-457\" \/><\/span> <\/label>\n<\/p>\n<p><label> Site de sua empresa<br \/>\n<span class=\"wpcf7-form-control-wrap\" data-name=\"text-546\"><input size=\"40\" maxlength=\"400\" class=\"wpcf7-form-control wpcf7-text\" aria-invalid=\"false\" value=\"\" type=\"text\" name=\"text-546\" \/><\/span> <\/label>\n<\/p>\n<p><label> Seu requisito*<br \/>\n<span class=\"wpcf7-form-control-wrap\" data-name=\"your-message\"><textarea cols=\"40\" rows=\"10\" maxlength=\"2000\" class=\"wpcf7-form-control wpcf7-textarea wpcf7-validates-as-required\" aria-required=\"true\" aria-invalid=\"false\" name=\"your-message\"><\/textarea><\/span> <\/label>\n<\/p>\n<p><input class=\"wpcf7-form-control wpcf7-submit has-spinner\" type=\"submit\" value=\"Enviar\" \/>\n<\/p><p style=\"display: none !important;\" class=\"akismet-fields-container\" data-prefix=\"_wpcf7_ak_\"><label>&#916;<textarea name=\"_wpcf7_ak_hp_textarea\" cols=\"45\" rows=\"8\" maxlength=\"100\"><\/textarea><\/label><input type=\"hidden\" id=\"ak_js_1\" name=\"_wpcf7_ak_js\" value=\"45\"\/><script>document.getElementById( \"ak_js_1\" ).setAttribute( \"value\", ( new Date() ).getTime() );<\/script><\/p><div class=\"wpcf7-response-output\" aria-hidden=\"true\"><\/div>\n<input type=\"hidden\" name=\"trp-form-language\" value=\"pt\"\/><\/form>\n<\/div>\n\n<div style='text-align:left' class='yasr-auto-insert-visitor'><\/div>","protected":false},"excerpt":{"rendered":"<p>Marca: GELGOOG<\/p>\n<p>Tens\u00e3o: 380V<\/p>\n<p>Capacity\uff1a100kg\/h-1000kg\/h<\/p>\n<p>E-mail: shanna@machinehall.com<\/p>\n<p>Tel: +8618638676709<\/p>","protected":false},"featured_media":5495,"comment_status":"open","ping_status":"closed","template":"","meta":{"site-sidebar-layout":"default","site-content-layout":"","ast-site-content-layout":"default","site-content-style":"default","site-sidebar-style":"default","ast-global-header-display":"","ast-banner-title-visibility":"","ast-main-header-display":"","ast-hfb-above-header-display":"","ast-hfb-below-header-display":"","ast-hfb-mobile-header-display":"","site-post-title":"","ast-breadcrumbs-content":"","ast-featured-img":"","footer-sml-layout":"","theme-transparent-header-meta":"default","adv-header-id-meta":"","stick-header-meta":"","header-above-stick-meta":"","header-main-stick-meta":"","header-below-stick-meta":"","astra-migrate-meta-layouts":"set","ast-page-background-enabled":"default","ast-page-background-meta":{"desktop":{"background-color":"","background-image":"","background-repeat":"repeat","background-position":"center center","background-size":"auto","background-attachment":"scroll","background-type":"","background-media":"","overlay-type":"","overlay-color":"","overlay-opacity":"","overlay-gradient":""},"tablet":{"background-color":"","background-image":"","background-repeat":"repeat","background-position":"center center","background-size":"auto","background-attachment":"scroll","background-type":"","background-media":"","overlay-type":"","overlay-color":"","overlay-opacity":"","overlay-gradient":""},"mobile":{"background-color":"","background-image":"","background-repeat":"repeat","background-position":"center center","background-size":"auto","background-attachment":"scroll","background-type":"","background-media":"","overlay-type":"","overlay-color":"","overlay-opacity":"","overlay-gradient":""}},"ast-content-background-meta":{"desktop":{"background-color":"var(--ast-global-color-5)","background-image":"","background-repeat":"repeat","background-position":"center center","background-size":"auto","background-attachment":"scroll","background-type":"","background-media":"","overlay-type":"","overlay-color":"","overlay-opacity":"","overlay-gradient":""},"tablet":{"background-color":"var(--ast-global-color-5)","background-image":"","background-repeat":"repeat","background-position":"center center","background-size":"auto","background-attachment":"scroll","background-type":"","background-media":"","overlay-type":"","overlay-color":"","overlay-opacity":"","overlay-gradient":""},"mobile":{"background-color":"var(--ast-global-color-5)","background-image":"","background-repeat":"repeat","background-position":"center center","background-size":"auto","background-attachment":"scroll","background-type":"","background-media":"","overlay-type":"","overlay-color":"","overlay-opacity":"","overlay-gradient":""}},"yasr_overall_rating":0,"yasr_post_is_review":"","yasr_auto_insert_disabled":"","yasr_review_type":""},"product_brand":[],"product_cat":[22],"product_tag":[],"class_list":{"0":"post-5488","1":"product","2":"type-product","3":"status-publish","4":"has-post-thumbnail","6":"product_cat-hard-biscuit-production-line","7":"desktop-align-left","8":"tablet-align-left","9":"mobile-align-left","11":"first","12":"instock","13":"shipping-taxable","14":"product-type-simple"},"yoast_head":"<!-- This site is optimized with the Yoast SEO plugin v24.4 - https:\/\/yoast.com\/wordpress\/plugins\/seo\/ -->\n<title>Hard Biscuit Production Line | Industrial-Grade Solutions - Biscuit Production Solution Manufacturer<\/title>\n<meta name=\"description\" content=\"Hard biscuit production line solutions for industrial manufacturing. Features automated forming, precision baking, and flexible capacity up to 5,000kg\/h.\" \/>\n<meta name=\"robots\" content=\"index, follow, max-snippet:-1, max-image-preview:large, max-video-preview:-1\" \/>\n<link rel=\"canonical\" href=\"https:\/\/www.biscuitsolution.com\/pt\/produto\/hard-biscuit-production-line\/\" \/>\n<meta property=\"og:locale\" content=\"pt_BR\" \/>\n<meta property=\"og:type\" content=\"article\" \/>\n<meta property=\"og:title\" content=\"Hard Biscuit Production Line | Industrial-Grade Solutions - Biscuit Production Solution Manufacturer\" \/>\n<meta property=\"og:description\" content=\"Hard biscuit production line solutions for industrial manufacturing. Features automated forming, precision baking, and flexible capacity up to 5,000kg\/h.\" \/>\n<meta property=\"og:url\" content=\"https:\/\/www.biscuitsolution.com\/pt\/produto\/hard-biscuit-production-line\/\" \/>\n<meta property=\"og:site_name\" content=\"Biscuit Production Solution Manufacturer\" \/>\n<meta property=\"article:publisher\" content=\"https:\/\/www.facebook.com\/profile.php?id=100095205040823\" \/>\n<meta property=\"og:image\" content=\"https:\/\/www.biscuitsolution.com\/wp-content\/uploads\/2025\/04\/hard-biscuits-production-line.jpg\" \/>\n\t<meta property=\"og:image:width\" content=\"600\" \/>\n\t<meta property=\"og:image:height\" content=\"600\" \/>\n\t<meta property=\"og:image:type\" content=\"image\/jpeg\" \/>\n<meta name=\"twitter:card\" content=\"summary_large_image\" \/>\n<meta name=\"twitter:site\" content=\"@shanna_zha26342\" \/>\n<meta name=\"twitter:label1\" content=\"Est. tempo de leitura\" \/>\n\t<meta name=\"twitter:data1\" content=\"4 minutos\" \/>\n<script type=\"application\/ld+json\" class=\"yoast-schema-graph\">{\"@context\":\"https:\/\/schema.org\",\"@graph\":[{\"@type\":\"WebPage\",\"@id\":\"https:\/\/www.biscuitsolution.com\/product\/hard-biscuit-production-line\/\",\"url\":\"https:\/\/www.biscuitsolution.com\/product\/hard-biscuit-production-line\/\",\"name\":\"Hard Biscuit Production Line | Industrial-Grade Solutions - Biscuit Production Solution Manufacturer\",\"isPartOf\":{\"@id\":\"https:\/\/www.biscuitsolution.com\/#website\"},\"primaryImageOfPage\":{\"@id\":\"https:\/\/www.biscuitsolution.com\/product\/hard-biscuit-production-line\/#primaryimage\"},\"image\":{\"@id\":\"https:\/\/www.biscuitsolution.com\/product\/hard-biscuit-production-line\/#primaryimage\"},\"thumbnailUrl\":\"https:\/\/www.biscuitsolution.com\/wp-content\/uploads\/2025\/04\/hard-biscuits-production-line.jpg\",\"datePublished\":\"2025-04-21T08:06:28+00:00\",\"description\":\"Hard biscuit production line solutions for industrial manufacturing. Features automated forming, precision baking, and flexible capacity up to 5,000kg\/h.\",\"breadcrumb\":{\"@id\":\"https:\/\/www.biscuitsolution.com\/product\/hard-biscuit-production-line\/#breadcrumb\"},\"inLanguage\":\"pt-BR\",\"potentialAction\":[{\"@type\":\"ReadAction\",\"target\":[\"https:\/\/www.biscuitsolution.com\/product\/hard-biscuit-production-line\/\"]}]},{\"@type\":\"ImageObject\",\"inLanguage\":\"pt-BR\",\"@id\":\"https:\/\/www.biscuitsolution.com\/product\/hard-biscuit-production-line\/#primaryimage\",\"url\":\"https:\/\/www.biscuitsolution.com\/wp-content\/uploads\/2025\/04\/hard-biscuits-production-line.jpg\",\"contentUrl\":\"https:\/\/www.biscuitsolution.com\/wp-content\/uploads\/2025\/04\/hard-biscuits-production-line.jpg\",\"width\":600,\"height\":600,\"caption\":\"Hard Biscuit Production Line\"},{\"@type\":\"BreadcrumbList\",\"@id\":\"https:\/\/www.biscuitsolution.com\/product\/hard-biscuit-production-line\/#breadcrumb\",\"itemListElement\":[{\"@type\":\"ListItem\",\"position\":1,\"name\":\"Home\",\"item\":\"https:\/\/www.biscuitsolution.com\/\"},{\"@type\":\"ListItem\",\"position\":2,\"name\":\"Product\",\"item\":\"https:\/\/www.biscuitsolution.com\/product\/\"},{\"@type\":\"ListItem\",\"position\":3,\"name\":\"Hard Biscuit Production Line | Industrial-Grade Solutions\"}]},{\"@type\":\"WebSite\",\"@id\":\"https:\/\/www.biscuitsolution.com\/#website\",\"url\":\"https:\/\/www.biscuitsolution.com\/\",\"name\":\"Biscuit Production Solution Manufacturer\",\"description\":\"\",\"potentialAction\":[{\"@type\":\"SearchAction\",\"target\":{\"@type\":\"EntryPoint\",\"urlTemplate\":\"https:\/\/www.biscuitsolution.com\/?s={search_term_string}\"},\"query-input\":{\"@type\":\"PropertyValueSpecification\",\"valueRequired\":true,\"valueName\":\"search_term_string\"}}],\"inLanguage\":\"pt-BR\"},false]}<\/script>\n<!-- \/ Yoast SEO plugin. -->","yoast_head_json":{"title":"Linha de produ\u00e7\u00e3o de biscoitos duros | Solu\u00e7\u00f5es de n\u00edvel industrial - Fabricante de solu\u00e7\u00f5es para produ\u00e7\u00e3o de biscoitos","description":"Solu\u00e7\u00f5es de linha de produ\u00e7\u00e3o de biscoitos duros para fabrica\u00e7\u00e3o industrial. Apresenta forma\u00e7\u00e3o automatizada, cozimento de precis\u00e3o e capacidade flex\u00edvel de at\u00e9 5.000 kg\/h.","robots":{"index":"index","follow":"follow","max-snippet":"max-snippet:-1","max-image-preview":"max-image-preview:large","max-video-preview":"max-video-preview:-1"},"canonical":"https:\/\/www.biscuitsolution.com\/pt\/produto\/hard-biscuit-production-line\/","og_locale":"pt_BR","og_type":"article","og_title":"Hard Biscuit Production Line | Industrial-Grade Solutions - Biscuit Production Solution Manufacturer","og_description":"Hard biscuit production line solutions for industrial manufacturing. Features automated forming, precision baking, and flexible capacity up to 5,000kg\/h.","og_url":"https:\/\/www.biscuitsolution.com\/pt\/produto\/hard-biscuit-production-line\/","og_site_name":"Biscuit Production Solution Manufacturer","article_publisher":"https:\/\/www.facebook.com\/profile.php?id=100095205040823","og_image":[{"width":600,"height":600,"url":"https:\/\/www.biscuitsolution.com\/wp-content\/uploads\/2025\/04\/hard-biscuits-production-line.jpg","type":"image\/jpeg"}],"twitter_card":"summary_large_image","twitter_site":"@shanna_zha26342","twitter_misc":{"Est. tempo de leitura":"4 minutos"},"schema":{"@context":"https:\/\/schema.org","@graph":[{"@type":"WebPage","@id":"https:\/\/www.biscuitsolution.com\/product\/hard-biscuit-production-line\/","url":"https:\/\/www.biscuitsolution.com\/product\/hard-biscuit-production-line\/","name":"Linha de produ\u00e7\u00e3o de biscoitos duros | Solu\u00e7\u00f5es de n\u00edvel industrial - Fabricante de solu\u00e7\u00f5es para produ\u00e7\u00e3o de biscoitos","isPartOf":{"@id":"https:\/\/www.biscuitsolution.com\/#website"},"primaryImageOfPage":{"@id":"https:\/\/www.biscuitsolution.com\/product\/hard-biscuit-production-line\/#primaryimage"},"image":{"@id":"https:\/\/www.biscuitsolution.com\/product\/hard-biscuit-production-line\/#primaryimage"},"thumbnailUrl":"https:\/\/www.biscuitsolution.com\/wp-content\/uploads\/2025\/04\/hard-biscuits-production-line.jpg","datePublished":"2025-04-21T08:06:28+00:00","description":"Solu\u00e7\u00f5es de linha de produ\u00e7\u00e3o de biscoitos duros para fabrica\u00e7\u00e3o industrial. Apresenta forma\u00e7\u00e3o automatizada, cozimento de precis\u00e3o e capacidade flex\u00edvel de at\u00e9 5.000 kg\/h.","breadcrumb":{"@id":"https:\/\/www.biscuitsolution.com\/product\/hard-biscuit-production-line\/#breadcrumb"},"inLanguage":"pt-BR","potentialAction":[{"@type":"ReadAction","target":["https:\/\/www.biscuitsolution.com\/product\/hard-biscuit-production-line\/"]}]},{"@type":"ImageObject","inLanguage":"pt-BR","@id":"https:\/\/www.biscuitsolution.com\/product\/hard-biscuit-production-line\/#primaryimage","url":"https:\/\/www.biscuitsolution.com\/wp-content\/uploads\/2025\/04\/hard-biscuits-production-line.jpg","contentUrl":"https:\/\/www.biscuitsolution.com\/wp-content\/uploads\/2025\/04\/hard-biscuits-production-line.jpg","width":600,"height":600,"caption":"Hard Biscuit Production Line"},{"@type":"BreadcrumbList","@id":"https:\/\/www.biscuitsolution.com\/product\/hard-biscuit-production-line\/#breadcrumb","itemListElement":[{"@type":"ListItem","position":1,"name":"Home","item":"https:\/\/www.biscuitsolution.com\/"},{"@type":"ListItem","position":2,"name":"Product","item":"https:\/\/www.biscuitsolution.com\/product\/"},{"@type":"ListItem","position":3,"name":"Hard Biscuit Production Line | Industrial-Grade Solutions"}]},{"@type":"WebSite","@id":"https:\/\/www.biscuitsolution.com\/#website","url":"https:\/\/www.biscuitsolution.com\/","name":"Fabricante de solu\u00e7\u00f5es para produ\u00e7\u00e3o de biscoitos","description":"","potentialAction":[{"@type":"SearchAction","target":{"@type":"EntryPoint","urlTemplate":"https:\/\/www.biscuitsolution.com\/?s={search_term_string}"},"query-input":{"@type":"PropertyValueSpecification","valueRequired":true,"valueName":"search_term_string"}}],"inLanguage":"pt-BR"},false]}},"yasr_visitor_votes":{"stars_attributes":{"read_only":false,"span_bottom":false},"number_of_votes":0,"sum_votes":0},"_links":{"self":[{"href":"https:\/\/www.biscuitsolution.com\/pt\/wp-json\/wp\/v2\/product\/5488","targetHints":{"allow":["GET"]}}],"collection":[{"href":"https:\/\/www.biscuitsolution.com\/pt\/wp-json\/wp\/v2\/product"}],"about":[{"href":"https:\/\/www.biscuitsolution.com\/pt\/wp-json\/wp\/v2\/types\/product"}],"replies":[{"embeddable":true,"href":"https:\/\/www.biscuitsolution.com\/pt\/wp-json\/wp\/v2\/comments?post=5488"}],"version-history":[{"count":1,"href":"https:\/\/www.biscuitsolution.com\/pt\/wp-json\/wp\/v2\/product\/5488\/revisions"}],"predecessor-version":[{"id":5496,"href":"https:\/\/www.biscuitsolution.com\/pt\/wp-json\/wp\/v2\/product\/5488\/revisions\/5496"}],"wp:featuredmedia":[{"embeddable":true,"href":"https:\/\/www.biscuitsolution.com\/pt\/wp-json\/wp\/v2\/media\/5495"}],"wp:attachment":[{"href":"https:\/\/www.biscuitsolution.com\/pt\/wp-json\/wp\/v2\/media?parent=5488"}],"wp:term":[{"taxonomy":"product_brand","embeddable":true,"href":"https:\/\/www.biscuitsolution.com\/pt\/wp-json\/wp\/v2\/product_brand?post=5488"},{"taxonomy":"product_cat","embeddable":true,"href":"https:\/\/www.biscuitsolution.com\/pt\/wp-json\/wp\/v2\/product_cat?post=5488"},{"taxonomy":"product_tag","embeddable":true,"href":"https:\/\/www.biscuitsolution.com\/pt\/wp-json\/wp\/v2\/product_tag?post=5488"}],"curies":[{"name":"wp","href":"https:\/\/api.w.org\/{rel}","templated":true}]}}