{"id":5389,"date":"2025-03-19T17:09:21","date_gmt":"2025-03-19T09:09:21","guid":{"rendered":"https:\/\/www.biscuitsolution.com\/?post_type=product&#038;p=5389"},"modified":"2025-03-19T17:10:07","modified_gmt":"2025-03-19T09:10:07","slug":"advanced-extruded-cookie-making-machines","status":"publish","type":"product","link":"https:\/\/www.biscuitsolution.com\/pt\/produto\/advanced-extruded-cookie-making-machines\/","title":{"rendered":"M\u00e1quinas avan\u00e7adas para fabrica\u00e7\u00e3o de biscoitos extrudados"},"content":{"rendered":"<p>Nosso <strong>M\u00e1quinas para fabrica\u00e7\u00e3o de biscoitos extrudados<\/strong> s\u00e3o projetados para atender \u00e0s necessidades das modernas f\u00e1bricas de biscoitos, desde os novos entrantes at\u00e9 as grandes atualiza\u00e7\u00f5es industriais.<\/p>\n<p><img fetchpriority=\"high\" decoding=\"async\" class=\"alignnone size-full wp-image-5391\" src=\"https:\/\/www.biscuitsolution.com\/wp-content\/uploads\/2025\/03\/extruded-cookie-machine.jpg\" alt=\"m\u00e1quina de biscoitos extrudados\" width=\"800\" height=\"450\" srcset=\"https:\/\/www.biscuitsolution.com\/wp-content\/uploads\/2025\/03\/extruded-cookie-machine.jpg 800w, https:\/\/www.biscuitsolution.com\/wp-content\/uploads\/2025\/03\/extruded-cookie-machine-300x169.jpg 300w, https:\/\/www.biscuitsolution.com\/wp-content\/uploads\/2025\/03\/extruded-cookie-machine-768x432.jpg 768w, https:\/\/www.biscuitsolution.com\/wp-content\/uploads\/2025\/03\/extruded-cookie-machine-18x10.jpg 18w, https:\/\/www.biscuitsolution.com\/wp-content\/uploads\/2025\/03\/extruded-cookie-machine-600x338.jpg 600w, https:\/\/www.biscuitsolution.com\/wp-content\/uploads\/2025\/03\/extruded-cookie-machine-64x36.jpg 64w\" sizes=\"(max-width: 800px) 100vw, 800px\" \/><\/p>\n<h2>Por que escolher uma m\u00e1quina de fabrica\u00e7\u00e3o de biscoitos extrudados?<\/h2>\n<p>Os cookies extrudados s\u00e3o populares entre os consumidores por suas formas complexas e textura uniforme. Entretanto, obter manualmente o formato exato e a qualidade consistente \u00e9 demorado e trabalhoso. Nossas m\u00e1quinas oferecem v\u00e1rias vantagens:<\/p>\n<ul>\n<li>Tecnologia de extrus\u00e3o de precis\u00e3o: Crie facilmente formatos complexos de biscoitos (como fitas, conchas ou designs personalizados) usando matrizes e bicos projet\u00e1veis.<\/li>\n<li>Produ\u00e7\u00e3o em alta velocidade: Produza at\u00e9 5.000 cookies por hora (dependendo do modelo), reduzindo o tempo de inatividade e maximizando a produ\u00e7\u00e3o. Ideal para atender a pedidos em massa sem comprometer a qualidade.<\/li>\n<li>Versatilidade de receitas: Funciona com uma variedade de tipos de massa, incluindo massas macias, duras ou pegajosas. Ajuste a velocidade de extrus\u00e3o e a press\u00e3o para se adequar a diferentes texturas e ingredientes.<\/li>\n<li>F\u00e1cil de manter e higi\u00eanico: A constru\u00e7\u00e3o em a\u00e7o inoxid\u00e1vel de grau aliment\u00edcio atende aos padr\u00f5es globais de seguran\u00e7a. As pe\u00e7as de libera\u00e7\u00e3o r\u00e1pida simplificam a limpeza e minimizam os riscos de contamina\u00e7\u00e3o cruzada.<\/li>\n<\/ul>\n<p><img decoding=\"async\" class=\"alignnone size-full wp-image-5392\" src=\"https:\/\/www.biscuitsolution.com\/wp-content\/uploads\/2025\/03\/commercial-cookie-making-machine.jpg\" alt=\"m\u00e1quina comercial de fabrica\u00e7\u00e3o de biscoitos\" width=\"800\" height=\"450\" srcset=\"https:\/\/www.biscuitsolution.com\/wp-content\/uploads\/2025\/03\/commercial-cookie-making-machine.jpg 800w, https:\/\/www.biscuitsolution.com\/wp-content\/uploads\/2025\/03\/commercial-cookie-making-machine-300x169.jpg 300w, https:\/\/www.biscuitsolution.com\/wp-content\/uploads\/2025\/03\/commercial-cookie-making-machine-768x432.jpg 768w, https:\/\/www.biscuitsolution.com\/wp-content\/uploads\/2025\/03\/commercial-cookie-making-machine-18x10.jpg 18w, https:\/\/www.biscuitsolution.com\/wp-content\/uploads\/2025\/03\/commercial-cookie-making-machine-600x338.jpg 600w, https:\/\/www.biscuitsolution.com\/wp-content\/uploads\/2025\/03\/commercial-cookie-making-machine-64x36.jpg 64w\" sizes=\"(max-width: 800px) 100vw, 800px\" \/><\/p>\n<h2>Principais recursos da m\u00e1quina comercial para fabrica\u00e7\u00e3o de biscoitos<\/h2>\n<p>Independentemente de voc\u00ea estar produzindo biscoitos extrudados, moldados por rota\u00e7\u00e3o ou cortados com arame, nossas m\u00e1quinas de biscoitos s\u00e3o projetadas para oferecer confiabilidade e desempenho:<\/p>\n<ul>\n<li>Opera\u00e7\u00e3o totalmente autom\u00e1tica: Reduza os custos de m\u00e3o de obra com sistemas autom\u00e1ticos de alimenta\u00e7\u00e3o, moldagem, corte e dep\u00f3sito de massa. Os operadores podem monitorar a produ\u00e7\u00e3o por meio de uma interface de tela sens\u00edvel ao toque de f\u00e1cil utiliza\u00e7\u00e3o.<\/li>\n<li>Configura\u00e7\u00e3o personaliz\u00e1vel: Adicione m\u00f3dulos como sistemas de cobertura, unidades de revestimento de chocolate ou extrus\u00e3o de v\u00e1rias camadas para fornecer produtos premium.<\/li>\n<li>Efici\u00eancia energ\u00e9tica: Os motores avan\u00e7ados e o gerenciamento inteligente de energia reduzem o consumo de energia em at\u00e9 30%, reduzindo os custos operacionais.<\/li>\n<li>Escalabilidade: Desde unidades compactas de bancada para empresas iniciantes at\u00e9 linhas de produ\u00e7\u00e3o totalmente integradas para f\u00e1bricas, oferecemos solu\u00e7\u00f5es adaptadas \u00e0s suas necessidades de capacidade.<\/li>\n<li>Aplica\u00e7\u00f5es no setor de panifica\u00e7\u00e3o<\/li>\n<\/ul>\n<p><img decoding=\"async\" class=\"alignnone size-full wp-image-5393\" src=\"https:\/\/www.biscuitsolution.com\/wp-content\/uploads\/2025\/03\/extruded-cookies-machine.jpg\" alt=\"m\u00e1quina comercial de fabrica\u00e7\u00e3o de biscoitos\" width=\"800\" height=\"450\" srcset=\"https:\/\/www.biscuitsolution.com\/wp-content\/uploads\/2025\/03\/extruded-cookies-machine.jpg 800w, https:\/\/www.biscuitsolution.com\/wp-content\/uploads\/2025\/03\/extruded-cookies-machine-300x169.jpg 300w, https:\/\/www.biscuitsolution.com\/wp-content\/uploads\/2025\/03\/extruded-cookies-machine-768x432.jpg 768w, https:\/\/www.biscuitsolution.com\/wp-content\/uploads\/2025\/03\/extruded-cookies-machine-18x10.jpg 18w, https:\/\/www.biscuitsolution.com\/wp-content\/uploads\/2025\/03\/extruded-cookies-machine-600x338.jpg 600w, https:\/\/www.biscuitsolution.com\/wp-content\/uploads\/2025\/03\/extruded-cookies-machine-64x36.jpg 64w\" sizes=\"(max-width: 800px) 100vw, 800px\" \/><\/p>\n<h2>Nossas m\u00e1quinas s\u00e3o confi\u00e1veis:<\/h2>\n<ul>\n<li>Grandes padarias e fabricantes de alimentos: Simplifique a produ\u00e7\u00e3o de alto volume de biscoitos de marca.<\/li>\n<li>Hot\u00e9is e buf\u00eas: Forne\u00e7a produtos frescos e consistentes para sobremesas e lanches.<\/li>\n<li>Startups: Escalar receitas artesanais sem perder a autenticidade.<\/li>\n<\/ul>\n<h2>Invista no futuro da panifica\u00e7\u00e3o<\/h2>\n<p>N\u00e3o vendemos apenas m\u00e1quinas, oferecemos solu\u00e7\u00f5es prontas para transformar sua produ\u00e7\u00e3o de biscoitos. Nossa equipe oferece suporte de ponta a ponta, desde a instala\u00e7\u00e3o e o treinamento at\u00e9 a otimiza\u00e7\u00e3o da receita.<\/p>\n<p>Pronto para atualizar sua linha de produ\u00e7\u00e3o?<\/p>\n<p>Entre em contato conosco hoje mesmo para uma consulta gratuita ou para solicitar uma demonstra\u00e7\u00e3o ao vivo de nossas m\u00e1quinas de extrus\u00e3o para fabrica\u00e7\u00e3o de biscoitos. Vamos assar juntos para o sucesso!<\/p>\n<h2>Deixe uma mensagem para obter uma cota\u00e7\u00e3o<\/h2>\n\n<div class=\"wpcf7 no-js\" id=\"wpcf7-f4619-o1\" lang=\"en-US\" dir=\"ltr\" data-wpcf7-id=\"4619\">\n<div class=\"screen-reader-response\"><p role=\"status\" aria-live=\"polite\" aria-atomic=\"true\"><\/p> <ul><\/ul><\/div>\n<form action=\"\/pt\/wp-json\/wp\/v2\/product\/5389#wpcf7-f4619-o1\" method=\"post\" class=\"wpcf7-form init\" aria-label=\"Formul\u00e1rio de contato\" novalidate=\"novalidate\" data-status=\"init\" data-trp-original-action=\"\/pt\/wp-json\/wp\/v2\/product\/5389#wpcf7-f4619-o1\">\n<div style=\"display: none;\">\n<input type=\"hidden\" name=\"_wpcf7\" value=\"4619\" \/>\n<input type=\"hidden\" name=\"_wpcf7_version\" value=\"6.0.4\" \/>\n<input type=\"hidden\" name=\"_wpcf7_locale\" value=\"en_US\" \/>\n<input type=\"hidden\" name=\"_wpcf7_unit_tag\" value=\"wpcf7-f4619-o1\" \/>\n<input type=\"hidden\" name=\"_wpcf7_container_post\" value=\"0\" \/>\n<input type=\"hidden\" name=\"_wpcf7_posted_data_hash\" value=\"\" \/>\n<\/div>\n<p><label> Seu nome*<br \/>\n<span class=\"wpcf7-form-control-wrap\" data-name=\"your-name\"><input size=\"40\" maxlength=\"400\" class=\"wpcf7-form-control wpcf7-text wpcf7-validates-as-required\" aria-required=\"true\" aria-invalid=\"false\" value=\"\" type=\"text\" name=\"your-name\" \/><\/span> <\/label>\n<\/p>\n<p><label> Seu pa\u00eds<br \/>\n<span class=\"wpcf7-form-control-wrap\" data-name=\"your-country\"><input size=\"40\" maxlength=\"400\" class=\"wpcf7-form-control wpcf7-text\" aria-invalid=\"false\" value=\"\" type=\"text\" name=\"your-country\" \/><\/span><\/label>\n<\/p>\n<p><label> Seu e-mail*<br \/>\n<span class=\"wpcf7-form-control-wrap\" data-name=\"your-email\"><input size=\"40\" maxlength=\"400\" class=\"wpcf7-form-control wpcf7-email wpcf7-validates-as-required wpcf7-text wpcf7-validates-as-email\" aria-required=\"true\" aria-invalid=\"false\" value=\"\" type=\"email\" name=\"your-email\" \/><\/span> <\/label>\n<\/p>\n<p><label> Seu telefone<br \/>\n<span class=\"wpcf7-form-control-wrap\" data-name=\"your-phone\"><input size=\"40\" maxlength=\"400\" class=\"wpcf7-form-control wpcf7-tel wpcf7-text wpcf7-validates-as-tel\" aria-invalid=\"false\" value=\"\" type=\"tel\" name=\"your-phone\" \/><\/span> <\/label>\n<\/p>\n<p><label> Nome de sua empresa<br \/>\n<span class=\"wpcf7-form-control-wrap\" data-name=\"text-457\"><input size=\"40\" maxlength=\"400\" class=\"wpcf7-form-control wpcf7-text\" aria-invalid=\"false\" value=\"\" type=\"text\" name=\"text-457\" \/><\/span> <\/label>\n<\/p>\n<p><label> Site de sua empresa<br \/>\n<span class=\"wpcf7-form-control-wrap\" data-name=\"text-546\"><input size=\"40\" maxlength=\"400\" class=\"wpcf7-form-control wpcf7-text\" aria-invalid=\"false\" value=\"\" type=\"text\" name=\"text-546\" \/><\/span> <\/label>\n<\/p>\n<p><label> Seu requisito*<br \/>\n<span class=\"wpcf7-form-control-wrap\" data-name=\"your-message\"><textarea cols=\"40\" rows=\"10\" maxlength=\"2000\" class=\"wpcf7-form-control wpcf7-textarea wpcf7-validates-as-required\" aria-required=\"true\" aria-invalid=\"false\" name=\"your-message\"><\/textarea><\/span> <\/label>\n<\/p>\n<p><input class=\"wpcf7-form-control wpcf7-submit has-spinner\" type=\"submit\" value=\"Enviar\" \/>\n<\/p><p style=\"display: none !important;\" class=\"akismet-fields-container\" data-prefix=\"_wpcf7_ak_\"><label>&#916;<textarea name=\"_wpcf7_ak_hp_textarea\" cols=\"45\" rows=\"8\" maxlength=\"100\"><\/textarea><\/label><input type=\"hidden\" id=\"ak_js_1\" name=\"_wpcf7_ak_js\" value=\"48\"\/><script>document.getElementById( \"ak_js_1\" ).setAttribute( \"value\", ( new Date() ).getTime() );<\/script><\/p><div class=\"wpcf7-response-output\" aria-hidden=\"true\"><\/div>\n<input type=\"hidden\" name=\"trp-form-language\" value=\"pt\"\/><\/form>\n<\/div>\n\n<div style='text-align:left' class='yasr-auto-insert-visitor'><\/div>","protected":false},"excerpt":{"rendered":"<p>Sa\u00edda: 100KG\/H<\/p>\n<p>E-mail: shanna@machinehall.com<\/p>\n<p>WhatsApp\/WeChat\/TEL: +8618638676709<\/p>\n<p>Fonte de alimenta\u00e7\u00e3o: 380V\/220V, personaliz\u00e1vel para padr\u00f5es regionais.<\/p>\n<p>Garantia: cobertura abrangente de 2 anos com suporte t\u00e9cnico 24 horas por dia, 7 dias por semana.<\/p>","protected":false},"featured_media":5390,"comment_status":"open","ping_status":"closed","template":"","meta":{"site-sidebar-layout":"default","site-content-layout":"","ast-site-content-layout":"default","site-content-style":"default","site-sidebar-style":"default","ast-global-header-display":"","ast-banner-title-visibility":"","ast-main-header-display":"","ast-hfb-above-header-display":"","ast-hfb-below-header-display":"","ast-hfb-mobile-header-display":"","site-post-title":"","ast-breadcrumbs-content":"","ast-featured-img":"","footer-sml-layout":"","theme-transparent-header-meta":"default","adv-header-id-meta":"","stick-header-meta":"","header-above-stick-meta":"","header-main-stick-meta":"","header-below-stick-meta":"","astra-migrate-meta-layouts":"set","ast-page-background-enabled":"default","ast-page-background-meta":{"desktop":{"background-color":"","background-image":"","background-repeat":"repeat","background-position":"center center","background-size":"auto","background-attachment":"scroll","background-type":"","background-media":"","overlay-type":"","overlay-color":"","overlay-opacity":"","overlay-gradient":""},"tablet":{"background-color":"","background-image":"","background-repeat":"repeat","background-position":"center center","background-size":"auto","background-attachment":"scroll","background-type":"","background-media":"","overlay-type":"","overlay-color":"","overlay-opacity":"","overlay-gradient":""},"mobile":{"background-color":"","background-image":"","background-repeat":"repeat","background-position":"center center","background-size":"auto","background-attachment":"scroll","background-type":"","background-media":"","overlay-type":"","overlay-color":"","overlay-opacity":"","overlay-gradient":""}},"ast-content-background-meta":{"desktop":{"background-color":"var(--ast-global-color-5)","background-image":"","background-repeat":"repeat","background-position":"center center","background-size":"auto","background-attachment":"scroll","background-type":"","background-media":"","overlay-type":"","overlay-color":"","overlay-opacity":"","overlay-gradient":""},"tablet":{"background-color":"var(--ast-global-color-5)","background-image":"","background-repeat":"repeat","background-position":"center center","background-size":"auto","background-attachment":"scroll","background-type":"","background-media":"","overlay-type":"","overlay-color":"","overlay-opacity":"","overlay-gradient":""},"mobile":{"background-color":"var(--ast-global-color-5)","background-image":"","background-repeat":"repeat","background-position":"center center","background-size":"auto","background-attachment":"scroll","background-type":"","background-media":"","overlay-type":"","overlay-color":"","overlay-opacity":"","overlay-gradient":""}},"yasr_overall_rating":0,"yasr_post_is_review":"","yasr_auto_insert_disabled":"","yasr_review_type":""},"product_brand":[],"product_cat":[24],"product_tag":[],"class_list":{"0":"post-5389","1":"product","2":"type-product","3":"status-publish","4":"has-post-thumbnail","6":"product_cat-cookie-production-line","7":"desktop-align-left","8":"tablet-align-left","9":"mobile-align-left","11":"first","12":"instock","13":"shipping-taxable","14":"product-type-simple"},"yoast_head":"<!-- This site is optimized with the Yoast SEO plugin v24.4 - https:\/\/yoast.com\/wordpress\/plugins\/seo\/ -->\n<title>Advanced Extruded Cookie Making Machines<\/title>\n<meta name=\"description\" content=\"Our extruded cookie making machine designed to meet the demands of modern bakeries, from small artisanal shops to large-scale industrial facilities.\" \/>\n<meta name=\"robots\" content=\"index, follow, max-snippet:-1, max-image-preview:large, max-video-preview:-1\" \/>\n<link rel=\"canonical\" href=\"https:\/\/www.biscuitsolution.com\/pt\/produto\/advanced-extruded-cookie-making-machines\/\" \/>\n<meta property=\"og:locale\" content=\"pt_BR\" \/>\n<meta property=\"og:type\" content=\"article\" \/>\n<meta property=\"og:title\" content=\"Advanced Extruded Cookie Making Machines\" \/>\n<meta property=\"og:description\" content=\"Our extruded cookie making machine designed to meet the demands of modern bakeries, from small artisanal shops to large-scale industrial facilities.\" \/>\n<meta property=\"og:url\" content=\"https:\/\/www.biscuitsolution.com\/pt\/produto\/advanced-extruded-cookie-making-machines\/\" \/>\n<meta property=\"og:site_name\" content=\"Biscuit Production Solution Manufacturer\" \/>\n<meta property=\"article:publisher\" content=\"https:\/\/www.facebook.com\/profile.php?id=100095205040823\" \/>\n<meta property=\"article:modified_time\" content=\"2025-03-19T09:10:07+00:00\" \/>\n<meta property=\"og:image\" content=\"https:\/\/www.biscuitsolution.com\/wp-content\/uploads\/2025\/03\/extruded-cookie-making-machine.jpg\" \/>\n\t<meta property=\"og:image:width\" content=\"600\" \/>\n\t<meta property=\"og:image:height\" content=\"600\" \/>\n\t<meta property=\"og:image:type\" content=\"image\/jpeg\" \/>\n<meta name=\"twitter:card\" content=\"summary_large_image\" \/>\n<meta name=\"twitter:site\" content=\"@shanna_zha26342\" \/>\n<meta name=\"twitter:label1\" content=\"Est. tempo de leitura\" \/>\n\t<meta name=\"twitter:data1\" content=\"3 minutos\" \/>\n<script type=\"application\/ld+json\" class=\"yoast-schema-graph\">{\"@context\":\"https:\/\/schema.org\",\"@graph\":[{\"@type\":\"WebPage\",\"@id\":\"https:\/\/www.biscuitsolution.com\/product\/advanced-extruded-cookie-making-machines\/\",\"url\":\"https:\/\/www.biscuitsolution.com\/product\/advanced-extruded-cookie-making-machines\/\",\"name\":\"Advanced Extruded Cookie Making Machines\",\"isPartOf\":{\"@id\":\"https:\/\/www.biscuitsolution.com\/#website\"},\"primaryImageOfPage\":{\"@id\":\"https:\/\/www.biscuitsolution.com\/product\/advanced-extruded-cookie-making-machines\/#primaryimage\"},\"image\":{\"@id\":\"https:\/\/www.biscuitsolution.com\/product\/advanced-extruded-cookie-making-machines\/#primaryimage\"},\"thumbnailUrl\":\"https:\/\/www.biscuitsolution.com\/wp-content\/uploads\/2025\/03\/extruded-cookie-making-machine.jpg\",\"datePublished\":\"2025-03-19T09:09:21+00:00\",\"dateModified\":\"2025-03-19T09:10:07+00:00\",\"description\":\"Our extruded cookie making machine designed to meet the demands of modern bakeries, from small artisanal shops to large-scale industrial facilities.\",\"breadcrumb\":{\"@id\":\"https:\/\/www.biscuitsolution.com\/product\/advanced-extruded-cookie-making-machines\/#breadcrumb\"},\"inLanguage\":\"pt-BR\",\"potentialAction\":[{\"@type\":\"ReadAction\",\"target\":[\"https:\/\/www.biscuitsolution.com\/product\/advanced-extruded-cookie-making-machines\/\"]}]},{\"@type\":\"ImageObject\",\"inLanguage\":\"pt-BR\",\"@id\":\"https:\/\/www.biscuitsolution.com\/product\/advanced-extruded-cookie-making-machines\/#primaryimage\",\"url\":\"https:\/\/www.biscuitsolution.com\/wp-content\/uploads\/2025\/03\/extruded-cookie-making-machine.jpg\",\"contentUrl\":\"https:\/\/www.biscuitsolution.com\/wp-content\/uploads\/2025\/03\/extruded-cookie-making-machine.jpg\",\"width\":600,\"height\":600,\"caption\":\"extruded cookie making machine\"},{\"@type\":\"BreadcrumbList\",\"@id\":\"https:\/\/www.biscuitsolution.com\/product\/advanced-extruded-cookie-making-machines\/#breadcrumb\",\"itemListElement\":[{\"@type\":\"ListItem\",\"position\":1,\"name\":\"Home\",\"item\":\"https:\/\/www.biscuitsolution.com\/\"},{\"@type\":\"ListItem\",\"position\":2,\"name\":\"Product\",\"item\":\"https:\/\/www.biscuitsolution.com\/product\/\"},{\"@type\":\"ListItem\",\"position\":3,\"name\":\"Advanced Extruded Cookie Making Machines\"}]},{\"@type\":\"WebSite\",\"@id\":\"https:\/\/www.biscuitsolution.com\/#website\",\"url\":\"https:\/\/www.biscuitsolution.com\/\",\"name\":\"Biscuit Production Solution Manufacturer\",\"description\":\"\",\"potentialAction\":[{\"@type\":\"SearchAction\",\"target\":{\"@type\":\"EntryPoint\",\"urlTemplate\":\"https:\/\/www.biscuitsolution.com\/?s={search_term_string}\"},\"query-input\":{\"@type\":\"PropertyValueSpecification\",\"valueRequired\":true,\"valueName\":\"search_term_string\"}}],\"inLanguage\":\"pt-BR\"},false]}<\/script>\n<!-- \/ Yoast SEO plugin. -->","yoast_head_json":{"title":"M\u00e1quinas avan\u00e7adas para fabrica\u00e7\u00e3o de biscoitos extrudados","description":"Nossa m\u00e1quina de fabrica\u00e7\u00e3o de biscoitos extrudados foi projetada para atender \u00e0s demandas das padarias modernas, desde pequenas lojas artesanais at\u00e9 instala\u00e7\u00f5es industriais de grande escala.","robots":{"index":"index","follow":"follow","max-snippet":"max-snippet:-1","max-image-preview":"max-image-preview:large","max-video-preview":"max-video-preview:-1"},"canonical":"https:\/\/www.biscuitsolution.com\/pt\/produto\/advanced-extruded-cookie-making-machines\/","og_locale":"pt_BR","og_type":"article","og_title":"Advanced Extruded Cookie Making Machines","og_description":"Our extruded cookie making machine designed to meet the demands of modern bakeries, from small artisanal shops to large-scale industrial facilities.","og_url":"https:\/\/www.biscuitsolution.com\/pt\/produto\/advanced-extruded-cookie-making-machines\/","og_site_name":"Biscuit Production Solution Manufacturer","article_publisher":"https:\/\/www.facebook.com\/profile.php?id=100095205040823","article_modified_time":"2025-03-19T09:10:07+00:00","og_image":[{"width":600,"height":600,"url":"https:\/\/www.biscuitsolution.com\/wp-content\/uploads\/2025\/03\/extruded-cookie-making-machine.jpg","type":"image\/jpeg"}],"twitter_card":"summary_large_image","twitter_site":"@shanna_zha26342","twitter_misc":{"Est. tempo de leitura":"3 minutos"},"schema":{"@context":"https:\/\/schema.org","@graph":[{"@type":"WebPage","@id":"https:\/\/www.biscuitsolution.com\/product\/advanced-extruded-cookie-making-machines\/","url":"https:\/\/www.biscuitsolution.com\/product\/advanced-extruded-cookie-making-machines\/","name":"M\u00e1quinas avan\u00e7adas para fabrica\u00e7\u00e3o de biscoitos extrudados","isPartOf":{"@id":"https:\/\/www.biscuitsolution.com\/#website"},"primaryImageOfPage":{"@id":"https:\/\/www.biscuitsolution.com\/product\/advanced-extruded-cookie-making-machines\/#primaryimage"},"image":{"@id":"https:\/\/www.biscuitsolution.com\/product\/advanced-extruded-cookie-making-machines\/#primaryimage"},"thumbnailUrl":"https:\/\/www.biscuitsolution.com\/wp-content\/uploads\/2025\/03\/extruded-cookie-making-machine.jpg","datePublished":"2025-03-19T09:09:21+00:00","dateModified":"2025-03-19T09:10:07+00:00","description":"Nossa m\u00e1quina de fabrica\u00e7\u00e3o de biscoitos extrudados foi projetada para atender \u00e0s demandas das padarias modernas, desde pequenas lojas artesanais at\u00e9 instala\u00e7\u00f5es industriais de grande escala.","breadcrumb":{"@id":"https:\/\/www.biscuitsolution.com\/product\/advanced-extruded-cookie-making-machines\/#breadcrumb"},"inLanguage":"pt-BR","potentialAction":[{"@type":"ReadAction","target":["https:\/\/www.biscuitsolution.com\/product\/advanced-extruded-cookie-making-machines\/"]}]},{"@type":"ImageObject","inLanguage":"pt-BR","@id":"https:\/\/www.biscuitsolution.com\/product\/advanced-extruded-cookie-making-machines\/#primaryimage","url":"https:\/\/www.biscuitsolution.com\/wp-content\/uploads\/2025\/03\/extruded-cookie-making-machine.jpg","contentUrl":"https:\/\/www.biscuitsolution.com\/wp-content\/uploads\/2025\/03\/extruded-cookie-making-machine.jpg","width":600,"height":600,"caption":"extruded cookie making machine"},{"@type":"BreadcrumbList","@id":"https:\/\/www.biscuitsolution.com\/product\/advanced-extruded-cookie-making-machines\/#breadcrumb","itemListElement":[{"@type":"ListItem","position":1,"name":"Home","item":"https:\/\/www.biscuitsolution.com\/"},{"@type":"ListItem","position":2,"name":"Product","item":"https:\/\/www.biscuitsolution.com\/product\/"},{"@type":"ListItem","position":3,"name":"Advanced Extruded Cookie Making Machines"}]},{"@type":"WebSite","@id":"https:\/\/www.biscuitsolution.com\/#website","url":"https:\/\/www.biscuitsolution.com\/","name":"Fabricante de solu\u00e7\u00f5es para produ\u00e7\u00e3o de biscoitos","description":"","potentialAction":[{"@type":"SearchAction","target":{"@type":"EntryPoint","urlTemplate":"https:\/\/www.biscuitsolution.com\/?s={search_term_string}"},"query-input":{"@type":"PropertyValueSpecification","valueRequired":true,"valueName":"search_term_string"}}],"inLanguage":"pt-BR"},false]}},"yasr_visitor_votes":{"stars_attributes":{"read_only":false,"span_bottom":false},"number_of_votes":0,"sum_votes":0},"_links":{"self":[{"href":"https:\/\/www.biscuitsolution.com\/pt\/wp-json\/wp\/v2\/product\/5389","targetHints":{"allow":["GET"]}}],"collection":[{"href":"https:\/\/www.biscuitsolution.com\/pt\/wp-json\/wp\/v2\/product"}],"about":[{"href":"https:\/\/www.biscuitsolution.com\/pt\/wp-json\/wp\/v2\/types\/product"}],"replies":[{"embeddable":true,"href":"https:\/\/www.biscuitsolution.com\/pt\/wp-json\/wp\/v2\/comments?post=5389"}],"version-history":[{"count":2,"href":"https:\/\/www.biscuitsolution.com\/pt\/wp-json\/wp\/v2\/product\/5389\/revisions"}],"predecessor-version":[{"id":5395,"href":"https:\/\/www.biscuitsolution.com\/pt\/wp-json\/wp\/v2\/product\/5389\/revisions\/5395"}],"wp:featuredmedia":[{"embeddable":true,"href":"https:\/\/www.biscuitsolution.com\/pt\/wp-json\/wp\/v2\/media\/5390"}],"wp:attachment":[{"href":"https:\/\/www.biscuitsolution.com\/pt\/wp-json\/wp\/v2\/media?parent=5389"}],"wp:term":[{"taxonomy":"product_brand","embeddable":true,"href":"https:\/\/www.biscuitsolution.com\/pt\/wp-json\/wp\/v2\/product_brand?post=5389"},{"taxonomy":"product_cat","embeddable":true,"href":"https:\/\/www.biscuitsolution.com\/pt\/wp-json\/wp\/v2\/product_cat?post=5389"},{"taxonomy":"product_tag","embeddable":true,"href":"https:\/\/www.biscuitsolution.com\/pt\/wp-json\/wp\/v2\/product_tag?post=5389"}],"curies":[{"name":"wp","href":"https:\/\/api.w.org\/{rel}","templated":true}]}}