{"id":5382,"date":"2025-03-17T17:55:53","date_gmt":"2025-03-17T09:55:53","guid":{"rendered":"https:\/\/www.biscuitsolution.com\/?post_type=product&#038;p=5382"},"modified":"2025-03-17T17:58:32","modified_gmt":"2025-03-17T09:58:32","slug":"cookies-crusher-machine-multi-material-handling","status":"publish","type":"product","link":"https:\/\/www.biscuitsolution.com\/pt\/produto\/cookies-crusher-machine-multi-material-handling\/","title":{"rendered":"M\u00e1quina trituradora de biscoitos Manuseio de m\u00faltiplos materiais"},"content":{"rendered":"<p>A<strong> m\u00e1quina trituradora de biscoitos<\/strong>\u00a0\u00e9 um dispositivo industrial especializado que tritura eficientemente biscoitos, cookies e outros produtos de panifica\u00e7\u00e3o em migalhas finas ou em p\u00f3.<\/p>\n<p>Amplamente utilizado no setor de processamento de alimentos, esse equipamento vers\u00e1til atende a v\u00e1rias finalidades, incluindo a produ\u00e7\u00e3o de migalhas de biscoito para ingredientes, a cria\u00e7\u00e3o de p\u00f3 fino para assar e a reciclagem de res\u00edduos de biscoitos em formas reutiliz\u00e1veis.<\/p>\n<p><img fetchpriority=\"high\" decoding=\"async\" class=\"alignnone size-full wp-image-5383\" src=\"https:\/\/www.biscuitsolution.com\/wp-content\/uploads\/2025\/03\/Cookie-Crusher.jpg\" alt=\"m\u00e1quina trituradora de biscoitos\" width=\"800\" height=\"450\" srcset=\"https:\/\/www.biscuitsolution.com\/wp-content\/uploads\/2025\/03\/Cookie-Crusher.jpg 800w, https:\/\/www.biscuitsolution.com\/wp-content\/uploads\/2025\/03\/Cookie-Crusher-300x169.jpg 300w, https:\/\/www.biscuitsolution.com\/wp-content\/uploads\/2025\/03\/Cookie-Crusher-768x432.jpg 768w, https:\/\/www.biscuitsolution.com\/wp-content\/uploads\/2025\/03\/Cookie-Crusher-18x10.jpg 18w, https:\/\/www.biscuitsolution.com\/wp-content\/uploads\/2025\/03\/Cookie-Crusher-600x338.jpg 600w, https:\/\/www.biscuitsolution.com\/wp-content\/uploads\/2025\/03\/Cookie-Crusher-64x36.jpg 64w\" sizes=\"(max-width: 800px) 100vw, 800px\" \/><\/p>\n<h2>Princ\u00edpio de funcionamento da m\u00e1quina trituradora de biscoitos<\/h2>\n<p>Os biscoitos s\u00e3o quebrados em part\u00edculas menores principalmente por for\u00e7a mec\u00e2nica. O processo envolve v\u00e1rios componentes e etapas importantes:<\/p>\n<ol>\n<li>Alimenta\u00e7\u00e3o: Os biscoitos ou cookies s\u00e3o alimentados na m\u00e1quina por meio de um funil. Em seguida, o material entra na c\u00e2mara de tritura\u00e7\u00e3o.<\/li>\n<li>Mecanismo de tritura\u00e7\u00e3o: na c\u00e2mara, os biscoitos s\u00e3o triturados pelas for\u00e7as de impacto e cisalhamento geradas pelas facas rotativas e fixas. As facas rotativas de alta velocidade garantem que o material seja mo\u00eddo de maneira uniforme.<\/li>\n<li>For\u00e7a centr\u00edfuga: A for\u00e7a centr\u00edfuga gerada pelas facas rotativas ajuda o material a passar pela c\u00e2mara e fluir para a sa\u00edda. Isso garante um fluxo cont\u00ednuo e um processo de tritura\u00e7\u00e3o eficiente.<\/li>\n<li>Finura ajust\u00e1vel: A flexibilidade para variar a finura das part\u00edculas trituradas \u00e9 um recurso fundamental, obtido pela altera\u00e7\u00e3o do espa\u00e7amento entre as l\u00e2minas ou pela utiliza\u00e7\u00e3o de uma tela ajust\u00e1vel. Isso permite que os usu\u00e1rios criem desde migalhas grossas at\u00e9 p\u00f3 fino, oferecendo uma ampla gama de op\u00e7\u00f5es de sa\u00edda.<\/li>\n<li>Sa\u00edda: O material triturado sai da m\u00e1quina por uma sa\u00edda designada, pronto para ser processado ou embalado.<\/li>\n<\/ol>\n<p><img decoding=\"async\" class=\"alignnone size-full wp-image-5384\" src=\"https:\/\/www.biscuitsolution.com\/wp-content\/uploads\/2025\/03\/Cookie-Crusher-Machine-for-sale.jpg\" alt=\"m\u00e1quina trituradora de biscoitos\" width=\"800\" height=\"450\" srcset=\"https:\/\/www.biscuitsolution.com\/wp-content\/uploads\/2025\/03\/Cookie-Crusher-Machine-for-sale.jpg 800w, https:\/\/www.biscuitsolution.com\/wp-content\/uploads\/2025\/03\/Cookie-Crusher-Machine-for-sale-300x169.jpg 300w, https:\/\/www.biscuitsolution.com\/wp-content\/uploads\/2025\/03\/Cookie-Crusher-Machine-for-sale-768x432.jpg 768w, https:\/\/www.biscuitsolution.com\/wp-content\/uploads\/2025\/03\/Cookie-Crusher-Machine-for-sale-18x10.jpg 18w, https:\/\/www.biscuitsolution.com\/wp-content\/uploads\/2025\/03\/Cookie-Crusher-Machine-for-sale-600x338.jpg 600w, https:\/\/www.biscuitsolution.com\/wp-content\/uploads\/2025\/03\/Cookie-Crusher-Machine-for-sale-64x36.jpg 64w\" sizes=\"(max-width: 800px) 100vw, 800px\" \/><\/p>\n<h2>Principais caracter\u00edsticas da m\u00e1quina trituradora de biscoitos<\/h2>\n<ul>\n<li>Altamente eficiente e eficaz: A m\u00e1quina pode triturar biscoitos e cookies com alta efici\u00eancia, proporcionando resultados de tritura\u00e7\u00e3o consistentes e uniformes. Ela foi projetada para processar uma ampla variedade de produtos de panifica\u00e7\u00e3o, o que a torna um recurso essencial para qualquer instala\u00e7\u00e3o de processamento de alimentos.<\/li>\n<li>Material de qualidade alimentar: A m\u00e1quina \u00e9 feita de a\u00e7o inoxid\u00e1vel de alta qualidade de grau aliment\u00edcio (geralmente 304), o que garante um produto final limpo e higi\u00eanico. Esse material tamb\u00e9m \u00e9 dur\u00e1vel e resistente \u00e0 corros\u00e3o, prolongando a vida \u00fatil da m\u00e1quina.<\/li>\n<li>Adaptabilidade: Al\u00e9m de biscoitos e cookies, o triturador \u00e9 capaz de lidar com uma variedade de materiais, incluindo cereais, pasta de arroz e ingredientes de ervas chinesas. Essa ampla capacidade o torna uma ferramenta valiosa para v\u00e1rias aplica\u00e7\u00f5es no setor de alimentos.<\/li>\n<li>Sa\u00edda personaliz\u00e1vel: A m\u00e1quina apresenta controles ajust\u00e1veis para a finura do material triturado. Quanto maior a configura\u00e7\u00e3o, mais fino ser\u00e1 o p\u00f3 resultante. Essa flexibilidade permite que os usu\u00e1rios personalizem a sa\u00edda de acordo com suas necessidades espec\u00edficas.<\/li>\n<li>Motor de alto desempenho: A m\u00e1quina \u00e9 equipada com um motor robusto (normalmente de 1,1 kW ou mais) para garantir uma moagem r\u00e1pida e eficiente. Quanto maior a pot\u00eancia do motor, mais r\u00e1pida ser\u00e1 a velocidade de processamento e mais fino ser\u00e1 o p\u00f3 resultante.<\/li>\n<\/ul>\n<p><img decoding=\"async\" class=\"alignnone size-full wp-image-5385\" src=\"https:\/\/www.biscuitsolution.com\/wp-content\/uploads\/2025\/03\/Cookie-Crusher-for-sale.jpg\" alt=\"m\u00e1quina trituradora de biscoitos\" width=\"800\" height=\"450\" srcset=\"https:\/\/www.biscuitsolution.com\/wp-content\/uploads\/2025\/03\/Cookie-Crusher-for-sale.jpg 800w, https:\/\/www.biscuitsolution.com\/wp-content\/uploads\/2025\/03\/Cookie-Crusher-for-sale-300x169.jpg 300w, https:\/\/www.biscuitsolution.com\/wp-content\/uploads\/2025\/03\/Cookie-Crusher-for-sale-768x432.jpg 768w, https:\/\/www.biscuitsolution.com\/wp-content\/uploads\/2025\/03\/Cookie-Crusher-for-sale-18x10.jpg 18w, https:\/\/www.biscuitsolution.com\/wp-content\/uploads\/2025\/03\/Cookie-Crusher-for-sale-600x338.jpg 600w, https:\/\/www.biscuitsolution.com\/wp-content\/uploads\/2025\/03\/Cookie-Crusher-for-sale-64x36.jpg 64w\" sizes=\"(max-width: 800px) 100vw, 800px\" \/><\/p>\n<h2>Aplica\u00e7\u00f5es da m\u00e1quina trituradora de biscoitos para venda<\/h2>\n<ul>\n<li>Processamento de alimentos: Moagem de biscoitos e cookies para uso como coberturas, recheios ou ingredientes em outros produtos.<\/li>\n<li>Gerenciamento de res\u00edduos de panifica\u00e7\u00e3o: Reciclagem de biscoitos e wafers descartados em formas reutiliz\u00e1veis.<\/li>\n<li>Produ\u00e7\u00e3o personalizada: Cria\u00e7\u00e3o de texturas e finuras espec\u00edficas para receitas ou produtos exclusivos.<\/li>\n<\/ul>\n<p>O triturador de biscoitos \u00e9 uma solu\u00e7\u00e3o vers\u00e1til e eficiente para o processamento de alimentos. Seu design robusto, a finura ajust\u00e1vel e os materiais de grau aliment\u00edcio fazem dele uma op\u00e7\u00e3o confi\u00e1vel para produ\u00e7\u00e3o em pequena e grande escala.<\/p>\n<p>Seja para reciclar res\u00edduos ou criar novos produtos, o investimento em um triturador de alta qualidade pode aumentar significativamente sua capacidade de produ\u00e7\u00e3o.<\/p>\n<h2>Deixe uma mensagem para obter uma cota\u00e7\u00e3o<\/h2>\n\n<div class=\"wpcf7 no-js\" id=\"wpcf7-f4619-o1\" lang=\"en-US\" dir=\"ltr\" data-wpcf7-id=\"4619\">\n<div class=\"screen-reader-response\"><p role=\"status\" aria-live=\"polite\" aria-atomic=\"true\"><\/p> <ul><\/ul><\/div>\n<form action=\"\/pt\/wp-json\/wp\/v2\/product\/5382#wpcf7-f4619-o1\" method=\"post\" class=\"wpcf7-form init\" aria-label=\"Formul\u00e1rio de contato\" novalidate=\"novalidate\" data-status=\"init\" data-trp-original-action=\"\/pt\/wp-json\/wp\/v2\/product\/5382#wpcf7-f4619-o1\">\n<div style=\"display: none;\">\n<input type=\"hidden\" name=\"_wpcf7\" value=\"4619\" \/>\n<input type=\"hidden\" name=\"_wpcf7_version\" value=\"6.0.4\" \/>\n<input type=\"hidden\" name=\"_wpcf7_locale\" value=\"en_US\" \/>\n<input type=\"hidden\" name=\"_wpcf7_unit_tag\" value=\"wpcf7-f4619-o1\" \/>\n<input type=\"hidden\" name=\"_wpcf7_container_post\" value=\"0\" \/>\n<input type=\"hidden\" name=\"_wpcf7_posted_data_hash\" value=\"\" \/>\n<\/div>\n<p><label> Seu nome*<br \/>\n<span class=\"wpcf7-form-control-wrap\" data-name=\"your-name\"><input size=\"40\" maxlength=\"400\" class=\"wpcf7-form-control wpcf7-text wpcf7-validates-as-required\" aria-required=\"true\" aria-invalid=\"false\" value=\"\" type=\"text\" name=\"your-name\" \/><\/span> <\/label>\n<\/p>\n<p><label> Seu pa\u00eds<br \/>\n<span class=\"wpcf7-form-control-wrap\" data-name=\"your-country\"><input size=\"40\" maxlength=\"400\" class=\"wpcf7-form-control wpcf7-text\" aria-invalid=\"false\" value=\"\" type=\"text\" name=\"your-country\" \/><\/span><\/label>\n<\/p>\n<p><label> Seu e-mail*<br \/>\n<span class=\"wpcf7-form-control-wrap\" data-name=\"your-email\"><input size=\"40\" maxlength=\"400\" class=\"wpcf7-form-control wpcf7-email wpcf7-validates-as-required wpcf7-text wpcf7-validates-as-email\" aria-required=\"true\" aria-invalid=\"false\" value=\"\" type=\"email\" name=\"your-email\" \/><\/span> <\/label>\n<\/p>\n<p><label> Seu telefone<br \/>\n<span class=\"wpcf7-form-control-wrap\" data-name=\"your-phone\"><input size=\"40\" maxlength=\"400\" class=\"wpcf7-form-control wpcf7-tel wpcf7-text wpcf7-validates-as-tel\" aria-invalid=\"false\" value=\"\" type=\"tel\" name=\"your-phone\" \/><\/span> <\/label>\n<\/p>\n<p><label> Nome de sua empresa<br \/>\n<span class=\"wpcf7-form-control-wrap\" data-name=\"text-457\"><input size=\"40\" maxlength=\"400\" class=\"wpcf7-form-control wpcf7-text\" aria-invalid=\"false\" value=\"\" type=\"text\" name=\"text-457\" \/><\/span> <\/label>\n<\/p>\n<p><label> Site de sua empresa<br \/>\n<span class=\"wpcf7-form-control-wrap\" data-name=\"text-546\"><input size=\"40\" maxlength=\"400\" class=\"wpcf7-form-control wpcf7-text\" aria-invalid=\"false\" value=\"\" type=\"text\" name=\"text-546\" \/><\/span> <\/label>\n<\/p>\n<p><label> Seu requisito*<br \/>\n<span class=\"wpcf7-form-control-wrap\" data-name=\"your-message\"><textarea cols=\"40\" rows=\"10\" maxlength=\"2000\" class=\"wpcf7-form-control wpcf7-textarea wpcf7-validates-as-required\" aria-required=\"true\" aria-invalid=\"false\" name=\"your-message\"><\/textarea><\/span> <\/label>\n<\/p>\n<p><input class=\"wpcf7-form-control wpcf7-submit has-spinner\" type=\"submit\" value=\"Enviar\" \/>\n<\/p><p style=\"display: none !important;\" class=\"akismet-fields-container\" data-prefix=\"_wpcf7_ak_\"><label>&#916;<textarea name=\"_wpcf7_ak_hp_textarea\" cols=\"45\" rows=\"8\" maxlength=\"100\"><\/textarea><\/label><input type=\"hidden\" id=\"ak_js_1\" name=\"_wpcf7_ak_js\" value=\"150\"\/><script>document.getElementById( \"ak_js_1\" ).setAttribute( \"value\", ( new Date() ).getTime() );<\/script><\/p><div class=\"wpcf7-response-output\" aria-hidden=\"true\"><\/div>\n<input type=\"hidden\" name=\"trp-form-language\" value=\"pt\"\/><\/form>\n<\/div>\n\n<p>&nbsp;<\/p>\n<div style='text-align:left' class='yasr-auto-insert-visitor'><\/div>","protected":false},"excerpt":{"rendered":"<p>Modelo: GGWF-20B<br \/>\nPot\u00eancia do motor (kw): 4<br \/>\nCapacidade de produ\u00e7\u00e3o (kg\/h): 60-150<br \/>\nTens\u00e3o: 380V trif\u00e1sico<\/p>","protected":false},"featured_media":5386,"comment_status":"open","ping_status":"closed","template":"","meta":{"site-sidebar-layout":"default","site-content-layout":"","ast-site-content-layout":"default","site-content-style":"default","site-sidebar-style":"default","ast-global-header-display":"","ast-banner-title-visibility":"","ast-main-header-display":"","ast-hfb-above-header-display":"","ast-hfb-below-header-display":"","ast-hfb-mobile-header-display":"","site-post-title":"","ast-breadcrumbs-content":"","ast-featured-img":"","footer-sml-layout":"","theme-transparent-header-meta":"default","adv-header-id-meta":"","stick-header-meta":"","header-above-stick-meta":"","header-main-stick-meta":"","header-below-stick-meta":"","astra-migrate-meta-layouts":"set","ast-page-background-enabled":"default","ast-page-background-meta":{"desktop":{"background-color":"","background-image":"","background-repeat":"repeat","background-position":"center center","background-size":"auto","background-attachment":"scroll","background-type":"","background-media":"","overlay-type":"","overlay-color":"","overlay-opacity":"","overlay-gradient":""},"tablet":{"background-color":"","background-image":"","background-repeat":"repeat","background-position":"center center","background-size":"auto","background-attachment":"scroll","background-type":"","background-media":"","overlay-type":"","overlay-color":"","overlay-opacity":"","overlay-gradient":""},"mobile":{"background-color":"","background-image":"","background-repeat":"repeat","background-position":"center center","background-size":"auto","background-attachment":"scroll","background-type":"","background-media":"","overlay-type":"","overlay-color":"","overlay-opacity":"","overlay-gradient":""}},"ast-content-background-meta":{"desktop":{"background-color":"var(--ast-global-color-5)","background-image":"","background-repeat":"repeat","background-position":"center center","background-size":"auto","background-attachment":"scroll","background-type":"","background-media":"","overlay-type":"","overlay-color":"","overlay-opacity":"","overlay-gradient":""},"tablet":{"background-color":"var(--ast-global-color-5)","background-image":"","background-repeat":"repeat","background-position":"center center","background-size":"auto","background-attachment":"scroll","background-type":"","background-media":"","overlay-type":"","overlay-color":"","overlay-opacity":"","overlay-gradient":""},"mobile":{"background-color":"var(--ast-global-color-5)","background-image":"","background-repeat":"repeat","background-position":"center center","background-size":"auto","background-attachment":"scroll","background-type":"","background-media":"","overlay-type":"","overlay-color":"","overlay-opacity":"","overlay-gradient":""}},"yasr_overall_rating":0,"yasr_post_is_review":"","yasr_auto_insert_disabled":"","yasr_review_type":""},"product_brand":[],"product_cat":[24],"product_tag":[],"class_list":{"0":"post-5382","1":"product","2":"type-product","3":"status-publish","4":"has-post-thumbnail","6":"product_cat-cookie-production-line","7":"desktop-align-left","8":"tablet-align-left","9":"mobile-align-left","11":"first","12":"instock","13":"shipping-taxable","14":"product-type-simple"},"yoast_head":"<!-- This site is optimized with the Yoast SEO plugin v24.4 - https:\/\/yoast.com\/wordpress\/plugins\/seo\/ -->\n<title>Cookies Crusher Machine Multi-Material Handling<\/title>\n<meta name=\"description\" content=\"Cookies crusher machine is specialized industrial device designed to efficiently grind biscuits, cookies, and other baked goods into fine crumbs or powder.\" \/>\n<meta name=\"robots\" content=\"index, follow, max-snippet:-1, max-image-preview:large, max-video-preview:-1\" \/>\n<link rel=\"canonical\" href=\"https:\/\/www.biscuitsolution.com\/pt\/produto\/cookies-crusher-machine-multi-material-handling\/\" \/>\n<meta property=\"og:locale\" content=\"pt_BR\" \/>\n<meta property=\"og:type\" content=\"article\" \/>\n<meta property=\"og:title\" content=\"Cookies Crusher Machine Multi-Material Handling\" \/>\n<meta property=\"og:description\" content=\"Cookies crusher machine is specialized industrial device designed to efficiently grind biscuits, cookies, and other baked goods into fine crumbs or powder.\" \/>\n<meta property=\"og:url\" content=\"https:\/\/www.biscuitsolution.com\/pt\/produto\/cookies-crusher-machine-multi-material-handling\/\" \/>\n<meta property=\"og:site_name\" content=\"Biscuit Production Solution Manufacturer\" \/>\n<meta property=\"article:publisher\" content=\"https:\/\/www.facebook.com\/profile.php?id=100095205040823\" \/>\n<meta property=\"article:modified_time\" content=\"2025-03-17T09:58:32+00:00\" \/>\n<meta property=\"og:image\" content=\"https:\/\/www.biscuitsolution.com\/wp-content\/uploads\/2025\/03\/Cookie-Crusher-Machine.jpg\" \/>\n\t<meta property=\"og:image:width\" content=\"600\" \/>\n\t<meta property=\"og:image:height\" content=\"600\" \/>\n\t<meta property=\"og:image:type\" content=\"image\/jpeg\" \/>\n<meta name=\"twitter:card\" content=\"summary_large_image\" \/>\n<meta name=\"twitter:site\" content=\"@shanna_zha26342\" \/>\n<meta name=\"twitter:label1\" content=\"Est. tempo de leitura\" \/>\n\t<meta name=\"twitter:data1\" content=\"4 minutos\" \/>\n<script type=\"application\/ld+json\" class=\"yoast-schema-graph\">{\"@context\":\"https:\/\/schema.org\",\"@graph\":[{\"@type\":\"WebPage\",\"@id\":\"https:\/\/www.biscuitsolution.com\/product\/cookies-crusher-machine-multi-material-handling\/\",\"url\":\"https:\/\/www.biscuitsolution.com\/product\/cookies-crusher-machine-multi-material-handling\/\",\"name\":\"Cookies Crusher Machine Multi-Material Handling\",\"isPartOf\":{\"@id\":\"https:\/\/www.biscuitsolution.com\/#website\"},\"primaryImageOfPage\":{\"@id\":\"https:\/\/www.biscuitsolution.com\/product\/cookies-crusher-machine-multi-material-handling\/#primaryimage\"},\"image\":{\"@id\":\"https:\/\/www.biscuitsolution.com\/product\/cookies-crusher-machine-multi-material-handling\/#primaryimage\"},\"thumbnailUrl\":\"https:\/\/www.biscuitsolution.com\/wp-content\/uploads\/2025\/03\/Cookie-Crusher-Machine.jpg\",\"datePublished\":\"2025-03-17T09:55:53+00:00\",\"dateModified\":\"2025-03-17T09:58:32+00:00\",\"description\":\"Cookies crusher machine is specialized industrial device designed to efficiently grind biscuits, cookies, and other baked goods into fine crumbs or powder.\",\"breadcrumb\":{\"@id\":\"https:\/\/www.biscuitsolution.com\/product\/cookies-crusher-machine-multi-material-handling\/#breadcrumb\"},\"inLanguage\":\"pt-BR\",\"potentialAction\":[{\"@type\":\"ReadAction\",\"target\":[\"https:\/\/www.biscuitsolution.com\/product\/cookies-crusher-machine-multi-material-handling\/\"]}]},{\"@type\":\"ImageObject\",\"inLanguage\":\"pt-BR\",\"@id\":\"https:\/\/www.biscuitsolution.com\/product\/cookies-crusher-machine-multi-material-handling\/#primaryimage\",\"url\":\"https:\/\/www.biscuitsolution.com\/wp-content\/uploads\/2025\/03\/Cookie-Crusher-Machine.jpg\",\"contentUrl\":\"https:\/\/www.biscuitsolution.com\/wp-content\/uploads\/2025\/03\/Cookie-Crusher-Machine.jpg\",\"width\":600,\"height\":600,\"caption\":\"cookies crusher machine\"},{\"@type\":\"BreadcrumbList\",\"@id\":\"https:\/\/www.biscuitsolution.com\/product\/cookies-crusher-machine-multi-material-handling\/#breadcrumb\",\"itemListElement\":[{\"@type\":\"ListItem\",\"position\":1,\"name\":\"Home\",\"item\":\"https:\/\/www.biscuitsolution.com\/\"},{\"@type\":\"ListItem\",\"position\":2,\"name\":\"Product\",\"item\":\"https:\/\/www.biscuitsolution.com\/product\/\"},{\"@type\":\"ListItem\",\"position\":3,\"name\":\"Cookies Crusher Machine Multi-Material Handling\"}]},{\"@type\":\"WebSite\",\"@id\":\"https:\/\/www.biscuitsolution.com\/#website\",\"url\":\"https:\/\/www.biscuitsolution.com\/\",\"name\":\"Biscuit Production Solution Manufacturer\",\"description\":\"\",\"potentialAction\":[{\"@type\":\"SearchAction\",\"target\":{\"@type\":\"EntryPoint\",\"urlTemplate\":\"https:\/\/www.biscuitsolution.com\/?s={search_term_string}\"},\"query-input\":{\"@type\":\"PropertyValueSpecification\",\"valueRequired\":true,\"valueName\":\"search_term_string\"}}],\"inLanguage\":\"pt-BR\"},false]}<\/script>\n<!-- \/ Yoast SEO plugin. -->","yoast_head_json":{"title":"M\u00e1quina trituradora de biscoitos Manuseio de m\u00faltiplos materiais","description":"A m\u00e1quina trituradora de biscoitos \u00e9 um dispositivo industrial especializado projetado para triturar com efici\u00eancia biscoitos, cookies e outros produtos de panifica\u00e7\u00e3o em migalhas finas ou em p\u00f3.","robots":{"index":"index","follow":"follow","max-snippet":"max-snippet:-1","max-image-preview":"max-image-preview:large","max-video-preview":"max-video-preview:-1"},"canonical":"https:\/\/www.biscuitsolution.com\/pt\/produto\/cookies-crusher-machine-multi-material-handling\/","og_locale":"pt_BR","og_type":"article","og_title":"Cookies Crusher Machine Multi-Material Handling","og_description":"Cookies crusher machine is specialized industrial device designed to efficiently grind biscuits, cookies, and other baked goods into fine crumbs or powder.","og_url":"https:\/\/www.biscuitsolution.com\/pt\/produto\/cookies-crusher-machine-multi-material-handling\/","og_site_name":"Biscuit Production Solution Manufacturer","article_publisher":"https:\/\/www.facebook.com\/profile.php?id=100095205040823","article_modified_time":"2025-03-17T09:58:32+00:00","og_image":[{"width":600,"height":600,"url":"https:\/\/www.biscuitsolution.com\/wp-content\/uploads\/2025\/03\/Cookie-Crusher-Machine.jpg","type":"image\/jpeg"}],"twitter_card":"summary_large_image","twitter_site":"@shanna_zha26342","twitter_misc":{"Est. tempo de leitura":"4 minutos"},"schema":{"@context":"https:\/\/schema.org","@graph":[{"@type":"WebPage","@id":"https:\/\/www.biscuitsolution.com\/product\/cookies-crusher-machine-multi-material-handling\/","url":"https:\/\/www.biscuitsolution.com\/product\/cookies-crusher-machine-multi-material-handling\/","name":"M\u00e1quina trituradora de biscoitos Manuseio de m\u00faltiplos materiais","isPartOf":{"@id":"https:\/\/www.biscuitsolution.com\/#website"},"primaryImageOfPage":{"@id":"https:\/\/www.biscuitsolution.com\/product\/cookies-crusher-machine-multi-material-handling\/#primaryimage"},"image":{"@id":"https:\/\/www.biscuitsolution.com\/product\/cookies-crusher-machine-multi-material-handling\/#primaryimage"},"thumbnailUrl":"https:\/\/www.biscuitsolution.com\/wp-content\/uploads\/2025\/03\/Cookie-Crusher-Machine.jpg","datePublished":"2025-03-17T09:55:53+00:00","dateModified":"2025-03-17T09:58:32+00:00","description":"A m\u00e1quina trituradora de biscoitos \u00e9 um dispositivo industrial especializado projetado para triturar com efici\u00eancia biscoitos, cookies e outros produtos de panifica\u00e7\u00e3o em migalhas finas ou em p\u00f3.","breadcrumb":{"@id":"https:\/\/www.biscuitsolution.com\/product\/cookies-crusher-machine-multi-material-handling\/#breadcrumb"},"inLanguage":"pt-BR","potentialAction":[{"@type":"ReadAction","target":["https:\/\/www.biscuitsolution.com\/product\/cookies-crusher-machine-multi-material-handling\/"]}]},{"@type":"ImageObject","inLanguage":"pt-BR","@id":"https:\/\/www.biscuitsolution.com\/product\/cookies-crusher-machine-multi-material-handling\/#primaryimage","url":"https:\/\/www.biscuitsolution.com\/wp-content\/uploads\/2025\/03\/Cookie-Crusher-Machine.jpg","contentUrl":"https:\/\/www.biscuitsolution.com\/wp-content\/uploads\/2025\/03\/Cookie-Crusher-Machine.jpg","width":600,"height":600,"caption":"cookies crusher machine"},{"@type":"BreadcrumbList","@id":"https:\/\/www.biscuitsolution.com\/product\/cookies-crusher-machine-multi-material-handling\/#breadcrumb","itemListElement":[{"@type":"ListItem","position":1,"name":"Home","item":"https:\/\/www.biscuitsolution.com\/"},{"@type":"ListItem","position":2,"name":"Product","item":"https:\/\/www.biscuitsolution.com\/product\/"},{"@type":"ListItem","position":3,"name":"Cookies Crusher Machine Multi-Material Handling"}]},{"@type":"WebSite","@id":"https:\/\/www.biscuitsolution.com\/#website","url":"https:\/\/www.biscuitsolution.com\/","name":"Fabricante de solu\u00e7\u00f5es para produ\u00e7\u00e3o de biscoitos","description":"","potentialAction":[{"@type":"SearchAction","target":{"@type":"EntryPoint","urlTemplate":"https:\/\/www.biscuitsolution.com\/?s={search_term_string}"},"query-input":{"@type":"PropertyValueSpecification","valueRequired":true,"valueName":"search_term_string"}}],"inLanguage":"pt-BR"},false]}},"yasr_visitor_votes":{"stars_attributes":{"read_only":false,"span_bottom":false},"number_of_votes":2,"sum_votes":10},"_links":{"self":[{"href":"https:\/\/www.biscuitsolution.com\/pt\/wp-json\/wp\/v2\/product\/5382","targetHints":{"allow":["GET"]}}],"collection":[{"href":"https:\/\/www.biscuitsolution.com\/pt\/wp-json\/wp\/v2\/product"}],"about":[{"href":"https:\/\/www.biscuitsolution.com\/pt\/wp-json\/wp\/v2\/types\/product"}],"replies":[{"embeddable":true,"href":"https:\/\/www.biscuitsolution.com\/pt\/wp-json\/wp\/v2\/comments?post=5382"}],"version-history":[{"count":1,"href":"https:\/\/www.biscuitsolution.com\/pt\/wp-json\/wp\/v2\/product\/5382\/revisions"}],"predecessor-version":[{"id":5387,"href":"https:\/\/www.biscuitsolution.com\/pt\/wp-json\/wp\/v2\/product\/5382\/revisions\/5387"}],"wp:featuredmedia":[{"embeddable":true,"href":"https:\/\/www.biscuitsolution.com\/pt\/wp-json\/wp\/v2\/media\/5386"}],"wp:attachment":[{"href":"https:\/\/www.biscuitsolution.com\/pt\/wp-json\/wp\/v2\/media?parent=5382"}],"wp:term":[{"taxonomy":"product_brand","embeddable":true,"href":"https:\/\/www.biscuitsolution.com\/pt\/wp-json\/wp\/v2\/product_brand?post=5382"},{"taxonomy":"product_cat","embeddable":true,"href":"https:\/\/www.biscuitsolution.com\/pt\/wp-json\/wp\/v2\/product_cat?post=5382"},{"taxonomy":"product_tag","embeddable":true,"href":"https:\/\/www.biscuitsolution.com\/pt\/wp-json\/wp\/v2\/product_tag?post=5382"}],"curies":[{"name":"wp","href":"https:\/\/api.w.org\/{rel}","templated":true}]}}