{"id":5354,"date":"2025-03-10T18:10:31","date_gmt":"2025-03-10T10:10:31","guid":{"rendered":"https:\/\/www.biscuitsolution.com\/?post_type=product&#038;p=5354"},"modified":"2025-03-10T18:11:17","modified_gmt":"2025-03-10T10:11:17","slug":"industrial-hard-biscuit-forming-machine-efficient-production","status":"publish","type":"product","link":"https:\/\/www.biscuitsolution.com\/pt\/produto\/industrial-hard-biscuit-forming-machine-efficient-production\/","title":{"rendered":"M\u00e1quina industrial de forma\u00e7\u00e3o de biscoitos duros: Produ\u00e7\u00e3o eficiente"},"content":{"rendered":"<p>Na \u00e1rea de panifica\u00e7\u00e3o industrial, <strong>M\u00e1quinas formadoras de biscoitos duros<\/strong> s\u00e3o a pedra angular da efici\u00eancia e da precis\u00e3o. N\u00e3o importa se voc\u00ea est\u00e1 produzindo biscoitos duros tradicionais ou explorando novos sabores e formatos, nossas m\u00e1quinas s\u00e3o feitas sob medida para oferecer excelentes resultados.<\/p>\n<p><img fetchpriority=\"high\" decoding=\"async\" class=\"alignnone size-full wp-image-5355\" src=\"https:\/\/www.biscuitsolution.com\/wp-content\/uploads\/2025\/03\/industrial-hard-biscuit-forming-machine.jpg\" alt=\"M\u00e1quina industrial de forma\u00e7\u00e3o de biscoitos duros\" width=\"800\" height=\"450\" srcset=\"https:\/\/www.biscuitsolution.com\/wp-content\/uploads\/2025\/03\/industrial-hard-biscuit-forming-machine.jpg 800w, https:\/\/www.biscuitsolution.com\/wp-content\/uploads\/2025\/03\/industrial-hard-biscuit-forming-machine-300x169.jpg 300w, https:\/\/www.biscuitsolution.com\/wp-content\/uploads\/2025\/03\/industrial-hard-biscuit-forming-machine-768x432.jpg 768w, https:\/\/www.biscuitsolution.com\/wp-content\/uploads\/2025\/03\/industrial-hard-biscuit-forming-machine-18x10.jpg 18w, https:\/\/www.biscuitsolution.com\/wp-content\/uploads\/2025\/03\/industrial-hard-biscuit-forming-machine-600x338.jpg 600w, https:\/\/www.biscuitsolution.com\/wp-content\/uploads\/2025\/03\/industrial-hard-biscuit-forming-machine-64x36.jpg 64w\" sizes=\"(max-width: 800px) 100vw, 800px\" \/><\/p>\n<p>Nossa m\u00e1quina industrial de forma\u00e7\u00e3o de biscoitos duros \u00e9 um dispositivo de lamina\u00e7\u00e3o e corte especialmente projetado para prensar e formar biscoitos duros.<\/p>\n<p>Ele \u00e9 equipado com um mecanismo de prensagem robusto, mecanismo de forma\u00e7\u00e3o de corte e lamina\u00e7\u00e3o, mecanismo de classifica\u00e7\u00e3o, sistema de transmiss\u00e3o e estrutura dur\u00e1vel.<\/p>\n<p>A m\u00e1quina \u00e9 muito adequada para produzir uma variedade de biscoitos duros, incluindo sabores salgados, doces, grossos e finos.<\/p>\n<h2>Princ\u00edpio de funcionamento da m\u00e1quina formadora de biscoitos duros<\/h2>\n<ol>\n<li>A m\u00e1quina primeiro transporta a massa de biscoito preparada do funil para o mecanismo de forma\u00e7\u00e3o por meio do sistema de alimenta\u00e7\u00e3o.<\/li>\n<li>Em seguida, o mecanismo de forma\u00e7\u00e3o usa um molde ou rolo para aplicar press\u00e3o e moldar a massa no formato de biscoito desejado.<\/li>\n<li>Ap\u00f3s a forma\u00e7\u00e3o, o dispositivo de corte corta com precis\u00e3o a massa em biscoitos individuais.<\/li>\n<li>Os biscoitos formados s\u00e3o ent\u00e3o descarregados da m\u00e1quina e enviados para o pr\u00f3ximo est\u00e1gio de processamento, como cozimento ou embalagem.<\/li>\n<\/ol>\n<p><img decoding=\"async\" class=\"alignnone size-full wp-image-5356\" src=\"https:\/\/www.biscuitsolution.com\/wp-content\/uploads\/2025\/03\/hard-biscuit-forming-machine.jpg\" alt=\"M\u00e1quina industrial de forma\u00e7\u00e3o de biscoitos duros\" width=\"800\" height=\"450\" srcset=\"https:\/\/www.biscuitsolution.com\/wp-content\/uploads\/2025\/03\/hard-biscuit-forming-machine.jpg 800w, https:\/\/www.biscuitsolution.com\/wp-content\/uploads\/2025\/03\/hard-biscuit-forming-machine-300x169.jpg 300w, https:\/\/www.biscuitsolution.com\/wp-content\/uploads\/2025\/03\/hard-biscuit-forming-machine-768x432.jpg 768w, https:\/\/www.biscuitsolution.com\/wp-content\/uploads\/2025\/03\/hard-biscuit-forming-machine-18x10.jpg 18w, https:\/\/www.biscuitsolution.com\/wp-content\/uploads\/2025\/03\/hard-biscuit-forming-machine-600x338.jpg 600w, https:\/\/www.biscuitsolution.com\/wp-content\/uploads\/2025\/03\/hard-biscuit-forming-machine-64x36.jpg 64w\" sizes=\"(max-width: 800px) 100vw, 800px\" \/><\/p>\n<h2>As principais vantagens das m\u00e1quinas industriais de forma\u00e7\u00e3o de biscoitos duros<\/h2>\n<ul>\n<li>Alta efici\u00eancia de produ\u00e7\u00e3o: A m\u00e1quina formadora foi projetada para produ\u00e7\u00e3o cont\u00ednua e automatizada, o que pode melhorar significativamente a efici\u00eancia da produ\u00e7\u00e3o e reduzir os custos de m\u00e3o de obra. A m\u00e1quina pode manusear grandes quantidades de massa, garantindo que ela possa atender \u00e0s demandas do mercado sem comprometer a qualidade.<\/li>\n<li>Precis\u00e3o e consist\u00eancia: Com estruturas mec\u00e2nicas avan\u00e7adas e sistemas de controle computadorizados, nossas m\u00e1quinas de moldagem garantem alta precis\u00e3o no formato, no tamanho e no peso de cada cookie.<\/li>\n<li>Versatilidade e personaliza\u00e7\u00e3o: Simplesmente mudando o molde, voc\u00ea pode produzir cookies em uma variedade de formas e tamanhos para atender \u00e0s diferentes prefer\u00eancias do mercado. Se voc\u00ea precisa de biscoitos redondos tradicionais, biscoitos quadrados ou designs complexos, ele pode ser adaptado.<\/li>\n<li>F\u00e1ceis de usar e feitas para durar: nossas m\u00e1quinas s\u00e3o projetadas com interfaces f\u00e1ceis de usar e controles intuitivos, garantindo que sejam simples de operar e manter. Al\u00e9m disso, elas s\u00e3o constru\u00eddas com materiais e componentes de alta qualidade, o que garante durabilidade e confiabilidade a longo prazo.<\/li>\n<li>Inovadores e ecologicamente corretos: incorporamos recursos avan\u00e7ados, como projetos com efici\u00eancia energ\u00e9tica, corre\u00e7\u00e3o autom\u00e1tica de desvios e controle preciso da temperatura. Esses avan\u00e7os tecnol\u00f3gicos ajudam a reduzir os custos operacionais e, ao mesmo tempo, promovem um processo de produ\u00e7\u00e3o mais sustent\u00e1vel.<\/li>\n<\/ul>\n<p><img decoding=\"async\" class=\"alignnone size-full wp-image-5357\" src=\"https:\/\/www.biscuitsolution.com\/wp-content\/uploads\/2025\/03\/biscuit-forming-machine.jpg\" alt=\"M\u00e1quina industrial de forma\u00e7\u00e3o de biscoitos duros\" width=\"800\" height=\"450\" srcset=\"https:\/\/www.biscuitsolution.com\/wp-content\/uploads\/2025\/03\/biscuit-forming-machine.jpg 800w, https:\/\/www.biscuitsolution.com\/wp-content\/uploads\/2025\/03\/biscuit-forming-machine-300x169.jpg 300w, https:\/\/www.biscuitsolution.com\/wp-content\/uploads\/2025\/03\/biscuit-forming-machine-768x432.jpg 768w, https:\/\/www.biscuitsolution.com\/wp-content\/uploads\/2025\/03\/biscuit-forming-machine-18x10.jpg 18w, https:\/\/www.biscuitsolution.com\/wp-content\/uploads\/2025\/03\/biscuit-forming-machine-600x338.jpg 600w, https:\/\/www.biscuitsolution.com\/wp-content\/uploads\/2025\/03\/biscuit-forming-machine-64x36.jpg 64w\" sizes=\"(max-width: 800px) 100vw, 800px\" \/><\/p>\n<h2>Por que nos escolher?<\/h2>\n<p>Temos o compromisso de fornecer as melhores solu\u00e7\u00f5es para suas necessidades de produ\u00e7\u00e3o de biscoitos.<\/p>\n<p>Nossa equipe de especialistas tem ampla experi\u00eancia no setor, garantindo que voc\u00ea receba suporte de primeira classe, desde a configura\u00e7\u00e3o inicial at\u00e9 a manuten\u00e7\u00e3o cont\u00ednua.<\/p>\n<p>Tamb\u00e9m fornecemos layouts e planos de produ\u00e7\u00e3o adaptados ao espa\u00e7o e ao or\u00e7amento de sua f\u00e1brica.<\/p>\n<p>&nbsp;<\/p>\n<h2>Pronto para transformar sua produ\u00e7\u00e3o de biscoitos?<\/h2>\n<p>Entre em contato conosco hoje mesmo para saber mais sobre nossas m\u00e1quinas e como elas podem aumentar sua capacidade de produ\u00e7\u00e3o.<\/p>\n<p>Deixe-nos ajud\u00e1-lo a moldar o futuro da fabrica\u00e7\u00e3o de biscoitos com precis\u00e3o e confiabilidade.<\/p>\n<h2>Deixe uma mensagem para obter uma cota\u00e7\u00e3o<\/h2>\n\n<div class=\"wpcf7 no-js\" id=\"wpcf7-f4619-o1\" lang=\"en-US\" dir=\"ltr\" data-wpcf7-id=\"4619\">\n<div class=\"screen-reader-response\"><p role=\"status\" aria-live=\"polite\" aria-atomic=\"true\"><\/p> <ul><\/ul><\/div>\n<form action=\"\/pt\/wp-json\/wp\/v2\/product\/5354#wpcf7-f4619-o1\" method=\"post\" class=\"wpcf7-form init\" aria-label=\"Formul\u00e1rio de contato\" novalidate=\"novalidate\" data-status=\"init\" data-trp-original-action=\"\/pt\/wp-json\/wp\/v2\/product\/5354#wpcf7-f4619-o1\">\n<div style=\"display: none;\">\n<input type=\"hidden\" name=\"_wpcf7\" value=\"4619\" \/>\n<input type=\"hidden\" name=\"_wpcf7_version\" value=\"6.0.4\" \/>\n<input type=\"hidden\" name=\"_wpcf7_locale\" value=\"en_US\" \/>\n<input type=\"hidden\" name=\"_wpcf7_unit_tag\" value=\"wpcf7-f4619-o1\" \/>\n<input type=\"hidden\" name=\"_wpcf7_container_post\" value=\"0\" \/>\n<input type=\"hidden\" name=\"_wpcf7_posted_data_hash\" value=\"\" \/>\n<\/div>\n<p><label> Seu nome*<br \/>\n<span class=\"wpcf7-form-control-wrap\" data-name=\"your-name\"><input size=\"40\" maxlength=\"400\" class=\"wpcf7-form-control wpcf7-text wpcf7-validates-as-required\" aria-required=\"true\" aria-invalid=\"false\" value=\"\" type=\"text\" name=\"your-name\" \/><\/span> <\/label>\n<\/p>\n<p><label> Seu pa\u00eds<br \/>\n<span class=\"wpcf7-form-control-wrap\" data-name=\"your-country\"><input size=\"40\" maxlength=\"400\" class=\"wpcf7-form-control wpcf7-text\" aria-invalid=\"false\" value=\"\" type=\"text\" name=\"your-country\" \/><\/span><\/label>\n<\/p>\n<p><label> Seu e-mail*<br \/>\n<span class=\"wpcf7-form-control-wrap\" data-name=\"your-email\"><input size=\"40\" maxlength=\"400\" class=\"wpcf7-form-control wpcf7-email wpcf7-validates-as-required wpcf7-text wpcf7-validates-as-email\" aria-required=\"true\" aria-invalid=\"false\" value=\"\" type=\"email\" name=\"your-email\" \/><\/span> <\/label>\n<\/p>\n<p><label> Seu telefone<br \/>\n<span class=\"wpcf7-form-control-wrap\" data-name=\"your-phone\"><input size=\"40\" maxlength=\"400\" class=\"wpcf7-form-control wpcf7-tel wpcf7-text wpcf7-validates-as-tel\" aria-invalid=\"false\" value=\"\" type=\"tel\" name=\"your-phone\" \/><\/span> <\/label>\n<\/p>\n<p><label> Nome de sua empresa<br \/>\n<span class=\"wpcf7-form-control-wrap\" data-name=\"text-457\"><input size=\"40\" maxlength=\"400\" class=\"wpcf7-form-control wpcf7-text\" aria-invalid=\"false\" value=\"\" type=\"text\" name=\"text-457\" \/><\/span> <\/label>\n<\/p>\n<p><label> Site de sua empresa<br \/>\n<span class=\"wpcf7-form-control-wrap\" data-name=\"text-546\"><input size=\"40\" maxlength=\"400\" class=\"wpcf7-form-control wpcf7-text\" aria-invalid=\"false\" value=\"\" type=\"text\" name=\"text-546\" \/><\/span> <\/label>\n<\/p>\n<p><label> Seu requisito*<br \/>\n<span class=\"wpcf7-form-control-wrap\" data-name=\"your-message\"><textarea cols=\"40\" rows=\"10\" maxlength=\"2000\" class=\"wpcf7-form-control wpcf7-textarea wpcf7-validates-as-required\" aria-required=\"true\" aria-invalid=\"false\" name=\"your-message\"><\/textarea><\/span> <\/label>\n<\/p>\n<p><input class=\"wpcf7-form-control wpcf7-submit has-spinner\" type=\"submit\" value=\"Enviar\" \/>\n<\/p><p style=\"display: none !important;\" class=\"akismet-fields-container\" data-prefix=\"_wpcf7_ak_\"><label>&#916;<textarea name=\"_wpcf7_ak_hp_textarea\" cols=\"45\" rows=\"8\" maxlength=\"100\"><\/textarea><\/label><input type=\"hidden\" id=\"ak_js_1\" name=\"_wpcf7_ak_js\" value=\"138\"\/><script>document.getElementById( \"ak_js_1\" ).setAttribute( \"value\", ( new Date() ).getTime() );<\/script><\/p><div class=\"wpcf7-response-output\" aria-hidden=\"true\"><\/div>\n<input type=\"hidden\" name=\"trp-form-language\" value=\"pt\"\/><\/form>\n<\/div>\n\n<div style='text-align:left' class='yasr-auto-insert-visitor'><\/div>","protected":false},"excerpt":{"rendered":"<p>Marca: GELGOOG<\/p>\n<p>Tens\u00e3o: 380V<\/p>\n<p>E-mail: shanna@machinehall.com<\/p>\n<p>Tel: +8618638676709<\/p>","protected":false},"featured_media":5358,"comment_status":"open","ping_status":"closed","template":"","meta":{"site-sidebar-layout":"default","site-content-layout":"","ast-site-content-layout":"default","site-content-style":"default","site-sidebar-style":"default","ast-global-header-display":"","ast-banner-title-visibility":"","ast-main-header-display":"","ast-hfb-above-header-display":"","ast-hfb-below-header-display":"","ast-hfb-mobile-header-display":"","site-post-title":"","ast-breadcrumbs-content":"","ast-featured-img":"","footer-sml-layout":"","theme-transparent-header-meta":"default","adv-header-id-meta":"","stick-header-meta":"","header-above-stick-meta":"","header-main-stick-meta":"","header-below-stick-meta":"","astra-migrate-meta-layouts":"set","ast-page-background-enabled":"default","ast-page-background-meta":{"desktop":{"background-color":"","background-image":"","background-repeat":"repeat","background-position":"center center","background-size":"auto","background-attachment":"scroll","background-type":"","background-media":"","overlay-type":"","overlay-color":"","overlay-opacity":"","overlay-gradient":""},"tablet":{"background-color":"","background-image":"","background-repeat":"repeat","background-position":"center center","background-size":"auto","background-attachment":"scroll","background-type":"","background-media":"","overlay-type":"","overlay-color":"","overlay-opacity":"","overlay-gradient":""},"mobile":{"background-color":"","background-image":"","background-repeat":"repeat","background-position":"center center","background-size":"auto","background-attachment":"scroll","background-type":"","background-media":"","overlay-type":"","overlay-color":"","overlay-opacity":"","overlay-gradient":""}},"ast-content-background-meta":{"desktop":{"background-color":"var(--ast-global-color-5)","background-image":"","background-repeat":"repeat","background-position":"center center","background-size":"auto","background-attachment":"scroll","background-type":"","background-media":"","overlay-type":"","overlay-color":"","overlay-opacity":"","overlay-gradient":""},"tablet":{"background-color":"var(--ast-global-color-5)","background-image":"","background-repeat":"repeat","background-position":"center center","background-size":"auto","background-attachment":"scroll","background-type":"","background-media":"","overlay-type":"","overlay-color":"","overlay-opacity":"","overlay-gradient":""},"mobile":{"background-color":"var(--ast-global-color-5)","background-image":"","background-repeat":"repeat","background-position":"center center","background-size":"auto","background-attachment":"scroll","background-type":"","background-media":"","overlay-type":"","overlay-color":"","overlay-opacity":"","overlay-gradient":""}},"yasr_overall_rating":0,"yasr_post_is_review":"","yasr_auto_insert_disabled":"","yasr_review_type":""},"product_brand":[],"product_cat":[22],"product_tag":[],"class_list":{"0":"post-5354","1":"product","2":"type-product","3":"status-publish","4":"has-post-thumbnail","6":"product_cat-hard-biscuit-production-line","7":"desktop-align-left","8":"tablet-align-left","9":"mobile-align-left","11":"first","12":"instock","13":"shipping-taxable","14":"product-type-simple"},"yoast_head":"<!-- This site is optimized with the Yoast SEO plugin v24.4 - https:\/\/yoast.com\/wordpress\/plugins\/seo\/ -->\n<title>Industrial Hard Biscuit Forming Machine: Efficient Production - Biscuit Production Solution Manufacturer<\/title>\n<meta name=\"description\" content=\"industrial hard biscuit forming machines that are designed to meet the highest standards of quality and productivity.\" \/>\n<meta name=\"robots\" content=\"index, follow, max-snippet:-1, max-image-preview:large, max-video-preview:-1\" \/>\n<link rel=\"canonical\" href=\"https:\/\/www.biscuitsolution.com\/pt\/produto\/industrial-hard-biscuit-forming-machine-efficient-production\/\" \/>\n<meta property=\"og:locale\" content=\"pt_BR\" \/>\n<meta property=\"og:type\" content=\"article\" \/>\n<meta property=\"og:title\" content=\"Industrial Hard Biscuit Forming Machine: Efficient Production - Biscuit Production Solution Manufacturer\" \/>\n<meta property=\"og:description\" content=\"industrial hard biscuit forming machines that are designed to meet the highest standards of quality and productivity.\" \/>\n<meta property=\"og:url\" content=\"https:\/\/www.biscuitsolution.com\/pt\/produto\/industrial-hard-biscuit-forming-machine-efficient-production\/\" \/>\n<meta property=\"og:site_name\" content=\"Biscuit Production Solution Manufacturer\" \/>\n<meta property=\"article:publisher\" content=\"https:\/\/www.facebook.com\/profile.php?id=100095205040823\" \/>\n<meta property=\"article:modified_time\" content=\"2025-03-10T10:11:17+00:00\" \/>\n<meta property=\"og:image\" content=\"https:\/\/www.biscuitsolution.com\/wp-content\/uploads\/2025\/03\/industrial-hard-biscuits-forming-machine.jpg\" \/>\n\t<meta property=\"og:image:width\" content=\"600\" \/>\n\t<meta property=\"og:image:height\" content=\"600\" \/>\n\t<meta property=\"og:image:type\" content=\"image\/jpeg\" \/>\n<meta name=\"twitter:card\" content=\"summary_large_image\" \/>\n<meta name=\"twitter:site\" content=\"@shanna_zha26342\" \/>\n<meta name=\"twitter:label1\" content=\"Est. tempo de leitura\" \/>\n\t<meta name=\"twitter:data1\" content=\"3 minutos\" \/>\n<script type=\"application\/ld+json\" class=\"yoast-schema-graph\">{\"@context\":\"https:\/\/schema.org\",\"@graph\":[{\"@type\":\"WebPage\",\"@id\":\"https:\/\/www.biscuitsolution.com\/product\/industrial-hard-biscuit-forming-machine-efficient-production\/\",\"url\":\"https:\/\/www.biscuitsolution.com\/product\/industrial-hard-biscuit-forming-machine-efficient-production\/\",\"name\":\"Industrial Hard Biscuit Forming Machine: Efficient Production - Biscuit Production Solution Manufacturer\",\"isPartOf\":{\"@id\":\"https:\/\/www.biscuitsolution.com\/#website\"},\"primaryImageOfPage\":{\"@id\":\"https:\/\/www.biscuitsolution.com\/product\/industrial-hard-biscuit-forming-machine-efficient-production\/#primaryimage\"},\"image\":{\"@id\":\"https:\/\/www.biscuitsolution.com\/product\/industrial-hard-biscuit-forming-machine-efficient-production\/#primaryimage\"},\"thumbnailUrl\":\"https:\/\/www.biscuitsolution.com\/wp-content\/uploads\/2025\/03\/industrial-hard-biscuits-forming-machine.jpg\",\"datePublished\":\"2025-03-10T10:10:31+00:00\",\"dateModified\":\"2025-03-10T10:11:17+00:00\",\"description\":\"industrial hard biscuit forming machines that are designed to meet the highest standards of quality and productivity.\",\"breadcrumb\":{\"@id\":\"https:\/\/www.biscuitsolution.com\/product\/industrial-hard-biscuit-forming-machine-efficient-production\/#breadcrumb\"},\"inLanguage\":\"pt-BR\",\"potentialAction\":[{\"@type\":\"ReadAction\",\"target\":[\"https:\/\/www.biscuitsolution.com\/product\/industrial-hard-biscuit-forming-machine-efficient-production\/\"]}]},{\"@type\":\"ImageObject\",\"inLanguage\":\"pt-BR\",\"@id\":\"https:\/\/www.biscuitsolution.com\/product\/industrial-hard-biscuit-forming-machine-efficient-production\/#primaryimage\",\"url\":\"https:\/\/www.biscuitsolution.com\/wp-content\/uploads\/2025\/03\/industrial-hard-biscuits-forming-machine.jpg\",\"contentUrl\":\"https:\/\/www.biscuitsolution.com\/wp-content\/uploads\/2025\/03\/industrial-hard-biscuits-forming-machine.jpg\",\"width\":600,\"height\":600,\"caption\":\"industrial hard biscuit forming machine\"},{\"@type\":\"BreadcrumbList\",\"@id\":\"https:\/\/www.biscuitsolution.com\/product\/industrial-hard-biscuit-forming-machine-efficient-production\/#breadcrumb\",\"itemListElement\":[{\"@type\":\"ListItem\",\"position\":1,\"name\":\"Home\",\"item\":\"https:\/\/www.biscuitsolution.com\/\"},{\"@type\":\"ListItem\",\"position\":2,\"name\":\"Product\",\"item\":\"https:\/\/www.biscuitsolution.com\/product\/\"},{\"@type\":\"ListItem\",\"position\":3,\"name\":\"Industrial Hard Biscuit Forming Machine: Efficient Production\"}]},{\"@type\":\"WebSite\",\"@id\":\"https:\/\/www.biscuitsolution.com\/#website\",\"url\":\"https:\/\/www.biscuitsolution.com\/\",\"name\":\"Biscuit Production Solution Manufacturer\",\"description\":\"\",\"potentialAction\":[{\"@type\":\"SearchAction\",\"target\":{\"@type\":\"EntryPoint\",\"urlTemplate\":\"https:\/\/www.biscuitsolution.com\/?s={search_term_string}\"},\"query-input\":{\"@type\":\"PropertyValueSpecification\",\"valueRequired\":true,\"valueName\":\"search_term_string\"}}],\"inLanguage\":\"pt-BR\"},false]}<\/script>\n<!-- \/ Yoast SEO plugin. -->","yoast_head_json":{"title":"M\u00e1quina industrial de forma\u00e7\u00e3o de biscoitos duros: Produ\u00e7\u00e3o eficiente - Fabricante de solu\u00e7\u00f5es para produ\u00e7\u00e3o de biscoitos","description":"m\u00e1quinas industriais de forma\u00e7\u00e3o de biscoitos duros, projetadas para atender aos mais altos padr\u00f5es de qualidade e produtividade.","robots":{"index":"index","follow":"follow","max-snippet":"max-snippet:-1","max-image-preview":"max-image-preview:large","max-video-preview":"max-video-preview:-1"},"canonical":"https:\/\/www.biscuitsolution.com\/pt\/produto\/industrial-hard-biscuit-forming-machine-efficient-production\/","og_locale":"pt_BR","og_type":"article","og_title":"Industrial Hard Biscuit Forming Machine: Efficient Production - Biscuit Production Solution Manufacturer","og_description":"industrial hard biscuit forming machines that are designed to meet the highest standards of quality and productivity.","og_url":"https:\/\/www.biscuitsolution.com\/pt\/produto\/industrial-hard-biscuit-forming-machine-efficient-production\/","og_site_name":"Biscuit Production Solution Manufacturer","article_publisher":"https:\/\/www.facebook.com\/profile.php?id=100095205040823","article_modified_time":"2025-03-10T10:11:17+00:00","og_image":[{"width":600,"height":600,"url":"https:\/\/www.biscuitsolution.com\/wp-content\/uploads\/2025\/03\/industrial-hard-biscuits-forming-machine.jpg","type":"image\/jpeg"}],"twitter_card":"summary_large_image","twitter_site":"@shanna_zha26342","twitter_misc":{"Est. tempo de leitura":"3 minutos"},"schema":{"@context":"https:\/\/schema.org","@graph":[{"@type":"WebPage","@id":"https:\/\/www.biscuitsolution.com\/product\/industrial-hard-biscuit-forming-machine-efficient-production\/","url":"https:\/\/www.biscuitsolution.com\/product\/industrial-hard-biscuit-forming-machine-efficient-production\/","name":"M\u00e1quina industrial de forma\u00e7\u00e3o de biscoitos duros: Produ\u00e7\u00e3o eficiente - Fabricante de solu\u00e7\u00f5es para produ\u00e7\u00e3o de biscoitos","isPartOf":{"@id":"https:\/\/www.biscuitsolution.com\/#website"},"primaryImageOfPage":{"@id":"https:\/\/www.biscuitsolution.com\/product\/industrial-hard-biscuit-forming-machine-efficient-production\/#primaryimage"},"image":{"@id":"https:\/\/www.biscuitsolution.com\/product\/industrial-hard-biscuit-forming-machine-efficient-production\/#primaryimage"},"thumbnailUrl":"https:\/\/www.biscuitsolution.com\/wp-content\/uploads\/2025\/03\/industrial-hard-biscuits-forming-machine.jpg","datePublished":"2025-03-10T10:10:31+00:00","dateModified":"2025-03-10T10:11:17+00:00","description":"m\u00e1quinas industriais de forma\u00e7\u00e3o de biscoitos duros, projetadas para atender aos mais altos padr\u00f5es de qualidade e produtividade.","breadcrumb":{"@id":"https:\/\/www.biscuitsolution.com\/product\/industrial-hard-biscuit-forming-machine-efficient-production\/#breadcrumb"},"inLanguage":"pt-BR","potentialAction":[{"@type":"ReadAction","target":["https:\/\/www.biscuitsolution.com\/product\/industrial-hard-biscuit-forming-machine-efficient-production\/"]}]},{"@type":"ImageObject","inLanguage":"pt-BR","@id":"https:\/\/www.biscuitsolution.com\/product\/industrial-hard-biscuit-forming-machine-efficient-production\/#primaryimage","url":"https:\/\/www.biscuitsolution.com\/wp-content\/uploads\/2025\/03\/industrial-hard-biscuits-forming-machine.jpg","contentUrl":"https:\/\/www.biscuitsolution.com\/wp-content\/uploads\/2025\/03\/industrial-hard-biscuits-forming-machine.jpg","width":600,"height":600,"caption":"industrial hard biscuit forming machine"},{"@type":"BreadcrumbList","@id":"https:\/\/www.biscuitsolution.com\/product\/industrial-hard-biscuit-forming-machine-efficient-production\/#breadcrumb","itemListElement":[{"@type":"ListItem","position":1,"name":"Home","item":"https:\/\/www.biscuitsolution.com\/"},{"@type":"ListItem","position":2,"name":"Product","item":"https:\/\/www.biscuitsolution.com\/product\/"},{"@type":"ListItem","position":3,"name":"Industrial Hard Biscuit Forming Machine: Efficient Production"}]},{"@type":"WebSite","@id":"https:\/\/www.biscuitsolution.com\/#website","url":"https:\/\/www.biscuitsolution.com\/","name":"Fabricante de solu\u00e7\u00f5es para produ\u00e7\u00e3o de biscoitos","description":"","potentialAction":[{"@type":"SearchAction","target":{"@type":"EntryPoint","urlTemplate":"https:\/\/www.biscuitsolution.com\/?s={search_term_string}"},"query-input":{"@type":"PropertyValueSpecification","valueRequired":true,"valueName":"search_term_string"}}],"inLanguage":"pt-BR"},false]}},"yasr_visitor_votes":{"stars_attributes":{"read_only":false,"span_bottom":false},"number_of_votes":1,"sum_votes":5},"_links":{"self":[{"href":"https:\/\/www.biscuitsolution.com\/pt\/wp-json\/wp\/v2\/product\/5354","targetHints":{"allow":["GET"]}}],"collection":[{"href":"https:\/\/www.biscuitsolution.com\/pt\/wp-json\/wp\/v2\/product"}],"about":[{"href":"https:\/\/www.biscuitsolution.com\/pt\/wp-json\/wp\/v2\/types\/product"}],"replies":[{"embeddable":true,"href":"https:\/\/www.biscuitsolution.com\/pt\/wp-json\/wp\/v2\/comments?post=5354"}],"version-history":[{"count":2,"href":"https:\/\/www.biscuitsolution.com\/pt\/wp-json\/wp\/v2\/product\/5354\/revisions"}],"predecessor-version":[{"id":5360,"href":"https:\/\/www.biscuitsolution.com\/pt\/wp-json\/wp\/v2\/product\/5354\/revisions\/5360"}],"wp:featuredmedia":[{"embeddable":true,"href":"https:\/\/www.biscuitsolution.com\/pt\/wp-json\/wp\/v2\/media\/5358"}],"wp:attachment":[{"href":"https:\/\/www.biscuitsolution.com\/pt\/wp-json\/wp\/v2\/media?parent=5354"}],"wp:term":[{"taxonomy":"product_brand","embeddable":true,"href":"https:\/\/www.biscuitsolution.com\/pt\/wp-json\/wp\/v2\/product_brand?post=5354"},{"taxonomy":"product_cat","embeddable":true,"href":"https:\/\/www.biscuitsolution.com\/pt\/wp-json\/wp\/v2\/product_cat?post=5354"},{"taxonomy":"product_tag","embeddable":true,"href":"https:\/\/www.biscuitsolution.com\/pt\/wp-json\/wp\/v2\/product_tag?post=5354"}],"curies":[{"name":"wp","href":"https:\/\/api.w.org\/{rel}","templated":true}]}}