{"id":5305,"date":"2025-03-05T18:52:29","date_gmt":"2025-03-05T10:52:29","guid":{"rendered":"https:\/\/www.biscuitsolution.com\/?post_type=product&#038;p=5305"},"modified":"2025-08-22T17:52:01","modified_gmt":"2025-08-22T09:52:01","slug":"automatic-biscuit-oil-sprayer-machine-for-biscuit-line","status":"publish","type":"product","link":"https:\/\/www.biscuitsolution.com\/pt\/produto\/automatic-biscuit-oil-sprayer-machine-for-biscuit-line\/","title":{"rendered":"M\u00e1quina autom\u00e1tica de pulveriza\u00e7\u00e3o de \u00f3leo para biscoitos para a linha de biscoitos"},"content":{"rendered":"<p>Nosso sistema autom\u00e1tico<strong> pulverizador de \u00f3leo para biscoitos<\/strong> \u00e9 um dispositivo avan\u00e7ado projetado para melhorar a qualidade e a consist\u00eancia dos biscoitos em linhas de produ\u00e7\u00e3o grandes, m\u00e9dias e pequenas.<\/p>\n<p><img fetchpriority=\"high\" decoding=\"async\" class=\"alignnone size-full wp-image-5306\" src=\"https:\/\/www.biscuitsolution.com\/wp-content\/uploads\/2025\/03\/biscuit-oil-spray-machine.jpg\" alt=\"M\u00e1quina pulverizadora de \u00f3leo para biscoitos\" width=\"800\" height=\"450\" srcset=\"https:\/\/www.biscuitsolution.com\/wp-content\/uploads\/2025\/03\/biscuit-oil-spray-machine.jpg 800w, https:\/\/www.biscuitsolution.com\/wp-content\/uploads\/2025\/03\/biscuit-oil-spray-machine-300x169.jpg 300w, https:\/\/www.biscuitsolution.com\/wp-content\/uploads\/2025\/03\/biscuit-oil-spray-machine-768x432.jpg 768w, https:\/\/www.biscuitsolution.com\/wp-content\/uploads\/2025\/03\/biscuit-oil-spray-machine-600x338.jpg 600w, https:\/\/www.biscuitsolution.com\/wp-content\/uploads\/2025\/03\/biscuit-oil-spray-machine-64x36.jpg 64w\" sizes=\"(max-width: 800px) 100vw, 800px\" \/><\/p>\n<p>Ele aprimora o sabor, o aroma e a vida \u00fatil dos biscoitos pulverizando uma camada uniforme e precisa de \u00f3leo, e pode ser perfeitamente integrado aos processos de produ\u00e7\u00e3o existentes.<\/p>\n<p>Esse equipamento \u00e9 adequado para biscoitos, bolachas, wafers e outros produtos de panifica\u00e7\u00e3o, integrando automa\u00e7\u00e3o, efici\u00eancia e higiene para atender \u00e0s rigorosas exig\u00eancias da moderna produ\u00e7\u00e3o de alimentos.<\/p>\n<p><img decoding=\"async\" class=\"alignnone size-full wp-image-5307\" src=\"https:\/\/www.biscuitsolution.com\/wp-content\/uploads\/2025\/03\/biscuits-oil-sprayer-machine.jpg\" alt=\"M\u00e1quina pulverizadora de \u00f3leo para biscoitos\" width=\"800\" height=\"450\" srcset=\"https:\/\/www.biscuitsolution.com\/wp-content\/uploads\/2025\/03\/biscuits-oil-sprayer-machine.jpg 800w, https:\/\/www.biscuitsolution.com\/wp-content\/uploads\/2025\/03\/biscuits-oil-sprayer-machine-300x169.jpg 300w, https:\/\/www.biscuitsolution.com\/wp-content\/uploads\/2025\/03\/biscuits-oil-sprayer-machine-768x432.jpg 768w, https:\/\/www.biscuitsolution.com\/wp-content\/uploads\/2025\/03\/biscuits-oil-sprayer-machine-600x338.jpg 600w, https:\/\/www.biscuitsolution.com\/wp-content\/uploads\/2025\/03\/biscuits-oil-sprayer-machine-64x36.jpg 64w\" sizes=\"(max-width: 800px) 100vw, 800px\" \/><\/p>\n<h2>Estrutura do pulverizador de \u00f3leo para biscoitos<\/h2>\n<p>Sistema de fornecimento de \u00f3leo: Com capacidade de 50 a 200 litros, \u00e9 equipado com um sensor de n\u00edvel de l\u00edquido que aciona automaticamente um alarme de reabastecimento de \u00f3leo. A bomba de alta press\u00e3o tem um filtro embutido em linha para garantir a pureza do \u00f3leo.<\/p>\n<p>C\u00e2mara de pulveriza\u00e7\u00e3o: A configura\u00e7\u00e3o do bico pode ser personalizada de acordo com as necessidades (pulveriza\u00e7\u00e3o de um ou dois lados), adequada para pulveriza\u00e7\u00e3o de \u00f3leo superior ou inferior. O sistema de eleva\u00e7\u00e3o hidr\u00e1ulica pode ajustar a altura para acomodar biscoitos de diferentes espessuras, de 5 a 50 mm.<\/p>\n<p>Sistema de transporte: Adota uma correia transportadora de grau aliment\u00edcio, a velocidade \u00e9 sincronizada com a linha de produ\u00e7\u00e3o, e sua superf\u00edcie antiaderente garante que os biscoitos n\u00e3o sejam danificados durante o movimento.<\/p>\n<p>Dispositivo de recupera\u00e7\u00e3o de \u00f3leo: Colete o excesso de \u00f3leo para reutiliza\u00e7\u00e3o e minimize o desperd\u00edcio.<\/p>\n<p><img decoding=\"async\" class=\"alignnone size-full wp-image-5308\" src=\"https:\/\/www.biscuitsolution.com\/wp-content\/uploads\/2025\/03\/biscuits-oil-spray-machines.jpg\" alt=\"M\u00e1quina pulverizadora de \u00f3leo para biscoitos\" width=\"800\" height=\"450\" srcset=\"https:\/\/www.biscuitsolution.com\/wp-content\/uploads\/2025\/03\/biscuits-oil-spray-machines.jpg 800w, https:\/\/www.biscuitsolution.com\/wp-content\/uploads\/2025\/03\/biscuits-oil-spray-machines-300x169.jpg 300w, https:\/\/www.biscuitsolution.com\/wp-content\/uploads\/2025\/03\/biscuits-oil-spray-machines-768x432.jpg 768w, https:\/\/www.biscuitsolution.com\/wp-content\/uploads\/2025\/03\/biscuits-oil-spray-machines-600x338.jpg 600w, https:\/\/www.biscuitsolution.com\/wp-content\/uploads\/2025\/03\/biscuits-oil-spray-machines-64x36.jpg 64w\" sizes=\"(max-width: 800px) 100vw, 800px\" \/><\/p>\n<h2>Vantagens da m\u00e1quina de pulveriza\u00e7\u00e3o de \u00f3leo para biscoitos<\/h2>\n<p>Melhoria da apar\u00eancia e do sabor: Ao pulverizar uniformemente a n\u00e9voa de \u00f3leo, uma fina pel\u00edcula de \u00f3leo \u00e9 formada na superf\u00edcie do biscoito, o que aumenta o brilho e torna o sabor mais crocante.<\/p>\n<p>Consist\u00eancia do produto: A tecnologia precisa de pulveriza\u00e7\u00e3o de \u00f3leo e a distribui\u00e7\u00e3o uniforme da pel\u00edcula de \u00f3leo garantem que a qualidade e a apar\u00eancia de cada biscoito sejam altamente consistentes.<\/p>\n<p>Opera\u00e7\u00e3o autom\u00e1tica: O sistema autom\u00e1tico de pulveriza\u00e7\u00e3o de \u00f3leo pode pulverizar \u00f3leo em um grande n\u00famero de biscoitos em um curto espa\u00e7o de tempo, reduzindo a interven\u00e7\u00e3o manual e melhorando a efici\u00eancia da produ\u00e7\u00e3o.<\/p>\n<p>Economia de custos: Equipado com dispositivos de recupera\u00e7\u00e3o e filtragem de n\u00e9voa de \u00f3leo, o excesso de \u00f3leo que n\u00e3o est\u00e1 preso aos biscoitos pode ser reciclado e reutilizado, reduzindo ainda mais o custo do uso do \u00f3leo.<\/p>\n<p>Ajuste de temperatura e par\u00e2metros: Equipado com ajuste autom\u00e1tico de temperatura e mecanismo de controle de temperatura constante, os par\u00e2metros de pulveriza\u00e7\u00e3o de \u00f3leo podem ser ajustados de acordo com diferentes tipos de biscoitos.<\/p>\n<p><img loading=\"lazy\" decoding=\"async\" class=\"alignnone size-full wp-image-5309\" src=\"https:\/\/www.biscuitsolution.com\/wp-content\/uploads\/2025\/03\/oil-sprayer-machine.jpg\" alt=\"M\u00e1quina pulverizadora de \u00f3leo para biscoitos\" width=\"800\" height=\"450\" srcset=\"https:\/\/www.biscuitsolution.com\/wp-content\/uploads\/2025\/03\/oil-sprayer-machine.jpg 800w, https:\/\/www.biscuitsolution.com\/wp-content\/uploads\/2025\/03\/oil-sprayer-machine-300x169.jpg 300w, https:\/\/www.biscuitsolution.com\/wp-content\/uploads\/2025\/03\/oil-sprayer-machine-768x432.jpg 768w, https:\/\/www.biscuitsolution.com\/wp-content\/uploads\/2025\/03\/oil-sprayer-machine-600x338.jpg 600w, https:\/\/www.biscuitsolution.com\/wp-content\/uploads\/2025\/03\/oil-sprayer-machine-64x36.jpg 64w\" sizes=\"(max-width: 800px) 100vw, 800px\" \/><\/p>\n<h2>Aplica\u00e7\u00e3o da m\u00e1quina de pulveriza\u00e7\u00e3o de \u00f3leo para biscoitos<\/h2>\n<p>Produ\u00e7\u00e3o de biscoitos: Melhora a croc\u00e2ncia e o sabor de lascas de chocolate, biscoitos amanteigados e biscoitos wafer.<\/p>\n<p>Produtos de panifica\u00e7\u00e3o: Muito adequado para revestimentos oleosos para palitos de p\u00e3o, pretzels e biscoitos artesanais.<\/p>\n<p>Doces: Cobertura oleosa para lanches de chocolate.<\/p>\n<h2>Por que escolher nossos pulverizadores de \u00f3leo<\/h2>\n<p>Personaliza\u00e7\u00e3o: Personalize o layout do bocal, a largura do transportador e o n\u00edvel de automa\u00e7\u00e3o de acordo com sua linha de produ\u00e7\u00e3o.<\/p>\n<p>Servi\u00e7o global: suporte t\u00e9cnico 24 horas por dia, 7 dias por semana e fornecimento de pe\u00e7as de reposi\u00e7\u00e3o.<\/p>\n<p>Sustentabilidade: O design de baixa emiss\u00e3o e os componentes com efici\u00eancia energ\u00e9tica reduzem o impacto ambiental.<\/p>\n<div class=\"ast-oembed-container\" style=\"height: 100%;\"><iframe title=\"Pulverizador de \u00f3leo para biscoitos na linha de produ\u00e7\u00e3o de biscoitos\" width=\"500\" height=\"281\" src=\"https:\/\/www.youtube.com\/embed\/uHQvvmcbDJo?feature=oembed\" frameborder=\"0\" allow=\"accelerometer; autoplay; clipboard-write; encrypted-media; gyroscope; picture-in-picture; web-share\" referrerpolicy=\"strict-origin-when-cross-origin\" allowfullscreen><\/iframe><\/div>\n<h2>Renove sua linha de produ\u00e7\u00e3o de biscoitos agora<\/h2>\n<p>Entre em contato conosco para agendar uma demonstra\u00e7\u00e3o e ver como o nosso pulverizador autom\u00e1tico de \u00f3leo para biscoitos pode otimizar a efici\u00eancia da sua produ\u00e7\u00e3o e a qualidade do produto.<\/p>\n<h2>Deixe uma mensagem para obter uma cota\u00e7\u00e3o<\/h2>\n\n<div class=\"wpcf7 no-js\" id=\"wpcf7-f4619-o1\" lang=\"en-US\" dir=\"ltr\" data-wpcf7-id=\"4619\">\n<div class=\"screen-reader-response\"><p role=\"status\" aria-live=\"polite\" aria-atomic=\"true\"><\/p> <ul><\/ul><\/div>\n<form action=\"\/pt\/wp-json\/wp\/v2\/product\/5305#wpcf7-f4619-o1\" method=\"post\" class=\"wpcf7-form init\" aria-label=\"Formul\u00e1rio de contato\" novalidate=\"novalidate\" data-status=\"init\" data-trp-original-action=\"\/pt\/wp-json\/wp\/v2\/product\/5305#wpcf7-f4619-o1\">\n<div style=\"display: none;\">\n<input type=\"hidden\" name=\"_wpcf7\" value=\"4619\" \/>\n<input type=\"hidden\" name=\"_wpcf7_version\" value=\"6.0.4\" \/>\n<input type=\"hidden\" name=\"_wpcf7_locale\" value=\"en_US\" \/>\n<input type=\"hidden\" name=\"_wpcf7_unit_tag\" value=\"wpcf7-f4619-o1\" \/>\n<input type=\"hidden\" name=\"_wpcf7_container_post\" value=\"0\" \/>\n<input type=\"hidden\" name=\"_wpcf7_posted_data_hash\" value=\"\" \/>\n<\/div>\n<p><label> Seu nome*<br \/>\n<span class=\"wpcf7-form-control-wrap\" data-name=\"your-name\"><input size=\"40\" maxlength=\"400\" class=\"wpcf7-form-control wpcf7-text wpcf7-validates-as-required\" aria-required=\"true\" aria-invalid=\"false\" value=\"\" type=\"text\" name=\"your-name\" \/><\/span> <\/label>\n<\/p>\n<p><label> Seu pa\u00eds<br \/>\n<span class=\"wpcf7-form-control-wrap\" data-name=\"your-country\"><input size=\"40\" maxlength=\"400\" class=\"wpcf7-form-control wpcf7-text\" aria-invalid=\"false\" value=\"\" type=\"text\" name=\"your-country\" \/><\/span><\/label>\n<\/p>\n<p><label> Seu e-mail*<br \/>\n<span class=\"wpcf7-form-control-wrap\" data-name=\"your-email\"><input size=\"40\" maxlength=\"400\" class=\"wpcf7-form-control wpcf7-email wpcf7-validates-as-required wpcf7-text wpcf7-validates-as-email\" aria-required=\"true\" aria-invalid=\"false\" value=\"\" type=\"email\" name=\"your-email\" \/><\/span> <\/label>\n<\/p>\n<p><label> Seu telefone<br \/>\n<span class=\"wpcf7-form-control-wrap\" data-name=\"your-phone\"><input size=\"40\" maxlength=\"400\" class=\"wpcf7-form-control wpcf7-tel wpcf7-text wpcf7-validates-as-tel\" aria-invalid=\"false\" value=\"\" type=\"tel\" name=\"your-phone\" \/><\/span> <\/label>\n<\/p>\n<p><label> Nome de sua empresa<br \/>\n<span class=\"wpcf7-form-control-wrap\" data-name=\"text-457\"><input size=\"40\" maxlength=\"400\" class=\"wpcf7-form-control wpcf7-text\" aria-invalid=\"false\" value=\"\" type=\"text\" name=\"text-457\" \/><\/span> <\/label>\n<\/p>\n<p><label> Site de sua empresa<br \/>\n<span class=\"wpcf7-form-control-wrap\" data-name=\"text-546\"><input size=\"40\" maxlength=\"400\" class=\"wpcf7-form-control wpcf7-text\" aria-invalid=\"false\" value=\"\" type=\"text\" name=\"text-546\" \/><\/span> <\/label>\n<\/p>\n<p><label> Seu requisito*<br \/>\n<span class=\"wpcf7-form-control-wrap\" data-name=\"your-message\"><textarea cols=\"40\" rows=\"10\" maxlength=\"2000\" class=\"wpcf7-form-control wpcf7-textarea wpcf7-validates-as-required\" aria-required=\"true\" aria-invalid=\"false\" name=\"your-message\"><\/textarea><\/span> <\/label>\n<\/p>\n<p><input class=\"wpcf7-form-control wpcf7-submit has-spinner\" type=\"submit\" value=\"Enviar\" \/>\n<\/p><p style=\"display: none !important;\" class=\"akismet-fields-container\" data-prefix=\"_wpcf7_ak_\"><label>&#916;<textarea name=\"_wpcf7_ak_hp_textarea\" cols=\"45\" rows=\"8\" maxlength=\"100\"><\/textarea><\/label><input type=\"hidden\" id=\"ak_js_1\" name=\"_wpcf7_ak_js\" value=\"166\"\/><script>document.getElementById( \"ak_js_1\" ).setAttribute( \"value\", ( new Date() ).getTime() );<\/script><\/p><div class=\"wpcf7-response-output\" aria-hidden=\"true\"><\/div>\n<input type=\"hidden\" name=\"trp-form-language\" value=\"pt\"\/><\/form>\n<\/div>\n\n<div style='text-align:left' class='yasr-auto-insert-visitor'><\/div>","protected":false},"excerpt":{"rendered":"<p>Marca: GELGOOG<\/p>\n<p>Peso: 600 kg<\/p>\n<p>E-mail: shanna@machinehall.com<\/p>\n<p>Tel: +8618638676709<\/p>","protected":false},"featured_media":5310,"comment_status":"open","ping_status":"closed","template":"","meta":{"site-sidebar-layout":"default","site-content-layout":"","ast-site-content-layout":"default","site-content-style":"default","site-sidebar-style":"default","ast-global-header-display":"","ast-banner-title-visibility":"","ast-main-header-display":"","ast-hfb-above-header-display":"","ast-hfb-below-header-display":"","ast-hfb-mobile-header-display":"","site-post-title":"","ast-breadcrumbs-content":"","ast-featured-img":"","footer-sml-layout":"","theme-transparent-header-meta":"default","adv-header-id-meta":"","stick-header-meta":"","header-above-stick-meta":"","header-main-stick-meta":"","header-below-stick-meta":"","astra-migrate-meta-layouts":"set","ast-page-background-enabled":"default","ast-page-background-meta":{"desktop":{"background-color":"","background-image":"","background-repeat":"repeat","background-position":"center center","background-size":"auto","background-attachment":"scroll","background-type":"","background-media":"","overlay-type":"","overlay-color":"","overlay-opacity":"","overlay-gradient":""},"tablet":{"background-color":"","background-image":"","background-repeat":"repeat","background-position":"center center","background-size":"auto","background-attachment":"scroll","background-type":"","background-media":"","overlay-type":"","overlay-color":"","overlay-opacity":"","overlay-gradient":""},"mobile":{"background-color":"","background-image":"","background-repeat":"repeat","background-position":"center center","background-size":"auto","background-attachment":"scroll","background-type":"","background-media":"","overlay-type":"","overlay-color":"","overlay-opacity":"","overlay-gradient":""}},"ast-content-background-meta":{"desktop":{"background-color":"var(--ast-global-color-5)","background-image":"","background-repeat":"repeat","background-position":"center center","background-size":"auto","background-attachment":"scroll","background-type":"","background-media":"","overlay-type":"","overlay-color":"","overlay-opacity":"","overlay-gradient":""},"tablet":{"background-color":"var(--ast-global-color-5)","background-image":"","background-repeat":"repeat","background-position":"center center","background-size":"auto","background-attachment":"scroll","background-type":"","background-media":"","overlay-type":"","overlay-color":"","overlay-opacity":"","overlay-gradient":""},"mobile":{"background-color":"var(--ast-global-color-5)","background-image":"","background-repeat":"repeat","background-position":"center center","background-size":"auto","background-attachment":"scroll","background-type":"","background-media":"","overlay-type":"","overlay-color":"","overlay-opacity":"","overlay-gradient":""}},"yasr_overall_rating":0,"yasr_post_is_review":"","yasr_auto_insert_disabled":"","yasr_review_type":""},"product_brand":[],"product_cat":[22],"product_tag":[],"class_list":{"0":"post-5305","1":"product","2":"type-product","3":"status-publish","4":"has-post-thumbnail","6":"product_cat-hard-biscuit-production-line","7":"desktop-align-left","8":"tablet-align-left","9":"mobile-align-left","11":"first","12":"instock","13":"shipping-taxable","14":"product-type-simple"},"yoast_head":"<!-- This site is optimized with the Yoast SEO plugin v24.4 - https:\/\/yoast.com\/wordpress\/plugins\/seo\/ -->\n<title>Automatic Biscuit Oil Sprayer Machine For Biscuit Line - Biscuit Production Solution Manufacturer<\/title>\n<meta name=\"description\" content=\"The biscuit oil sprayer machine can improve the taste of biscuits by evenly spraying oil, and can be integrated into the line for different biscuits.\" \/>\n<meta name=\"robots\" content=\"index, follow, max-snippet:-1, max-image-preview:large, max-video-preview:-1\" \/>\n<link rel=\"canonical\" href=\"https:\/\/www.biscuitsolution.com\/pt\/produto\/automatic-biscuit-oil-sprayer-machine-for-biscuit-line\/\" \/>\n<meta property=\"og:locale\" content=\"pt_BR\" \/>\n<meta property=\"og:type\" content=\"article\" \/>\n<meta property=\"og:title\" content=\"Automatic Biscuit Oil Sprayer Machine For Biscuit Line - Biscuit Production Solution Manufacturer\" \/>\n<meta property=\"og:description\" content=\"The biscuit oil sprayer machine can improve the taste of biscuits by evenly spraying oil, and can be integrated into the line for different biscuits.\" \/>\n<meta property=\"og:url\" content=\"https:\/\/www.biscuitsolution.com\/pt\/produto\/automatic-biscuit-oil-sprayer-machine-for-biscuit-line\/\" \/>\n<meta property=\"og:site_name\" content=\"Biscuit Production Solution Manufacturer\" \/>\n<meta property=\"article:publisher\" content=\"https:\/\/www.facebook.com\/profile.php?id=100095205040823\" \/>\n<meta property=\"article:modified_time\" content=\"2025-08-22T09:52:01+00:00\" \/>\n<meta property=\"og:image\" content=\"https:\/\/www.biscuitsolution.com\/wp-content\/uploads\/2025\/03\/biscuit-oil-sprayer-machine.jpg\" \/>\n\t<meta property=\"og:image:width\" content=\"600\" \/>\n\t<meta property=\"og:image:height\" content=\"600\" \/>\n\t<meta property=\"og:image:type\" content=\"image\/jpeg\" \/>\n<meta name=\"twitter:card\" content=\"summary_large_image\" \/>\n<meta name=\"twitter:site\" content=\"@shanna_zha26342\" \/>\n<meta name=\"twitter:label1\" content=\"Est. tempo de leitura\" \/>\n\t<meta name=\"twitter:data1\" content=\"4 minutos\" \/>\n<script type=\"application\/ld+json\" class=\"yoast-schema-graph\">{\"@context\":\"https:\/\/schema.org\",\"@graph\":[{\"@type\":\"WebPage\",\"@id\":\"https:\/\/www.biscuitsolution.com\/product\/automatic-biscuit-oil-sprayer-machine-for-biscuit-line\/\",\"url\":\"https:\/\/www.biscuitsolution.com\/product\/automatic-biscuit-oil-sprayer-machine-for-biscuit-line\/\",\"name\":\"Automatic Biscuit Oil Sprayer Machine For Biscuit Line - Biscuit Production Solution Manufacturer\",\"isPartOf\":{\"@id\":\"https:\/\/www.biscuitsolution.com\/#website\"},\"primaryImageOfPage\":{\"@id\":\"https:\/\/www.biscuitsolution.com\/product\/automatic-biscuit-oil-sprayer-machine-for-biscuit-line\/#primaryimage\"},\"image\":{\"@id\":\"https:\/\/www.biscuitsolution.com\/product\/automatic-biscuit-oil-sprayer-machine-for-biscuit-line\/#primaryimage\"},\"thumbnailUrl\":\"https:\/\/www.biscuitsolution.com\/wp-content\/uploads\/2025\/03\/biscuit-oil-sprayer-machine.jpg\",\"datePublished\":\"2025-03-05T10:52:29+00:00\",\"dateModified\":\"2025-08-22T09:52:01+00:00\",\"description\":\"The biscuit oil sprayer machine can improve the taste of biscuits by evenly spraying oil, and can be integrated into the line for different biscuits.\",\"breadcrumb\":{\"@id\":\"https:\/\/www.biscuitsolution.com\/product\/automatic-biscuit-oil-sprayer-machine-for-biscuit-line\/#breadcrumb\"},\"inLanguage\":\"pt-BR\",\"potentialAction\":[{\"@type\":\"ReadAction\",\"target\":[\"https:\/\/www.biscuitsolution.com\/product\/automatic-biscuit-oil-sprayer-machine-for-biscuit-line\/\"]}]},{\"@type\":\"ImageObject\",\"inLanguage\":\"pt-BR\",\"@id\":\"https:\/\/www.biscuitsolution.com\/product\/automatic-biscuit-oil-sprayer-machine-for-biscuit-line\/#primaryimage\",\"url\":\"https:\/\/www.biscuitsolution.com\/wp-content\/uploads\/2025\/03\/biscuit-oil-sprayer-machine.jpg\",\"contentUrl\":\"https:\/\/www.biscuitsolution.com\/wp-content\/uploads\/2025\/03\/biscuit-oil-sprayer-machine.jpg\",\"width\":600,\"height\":600,\"caption\":\"biscuit oil sprayer machine\"},{\"@type\":\"BreadcrumbList\",\"@id\":\"https:\/\/www.biscuitsolution.com\/product\/automatic-biscuit-oil-sprayer-machine-for-biscuit-line\/#breadcrumb\",\"itemListElement\":[{\"@type\":\"ListItem\",\"position\":1,\"name\":\"Home\",\"item\":\"https:\/\/www.biscuitsolution.com\/\"},{\"@type\":\"ListItem\",\"position\":2,\"name\":\"Product\",\"item\":\"https:\/\/www.biscuitsolution.com\/product\/\"},{\"@type\":\"ListItem\",\"position\":3,\"name\":\"Automatic Biscuit Oil Sprayer Machine For Biscuit Line\"}]},{\"@type\":\"WebSite\",\"@id\":\"https:\/\/www.biscuitsolution.com\/#website\",\"url\":\"https:\/\/www.biscuitsolution.com\/\",\"name\":\"Biscuit Production Solution Manufacturer\",\"description\":\"\",\"potentialAction\":[{\"@type\":\"SearchAction\",\"target\":{\"@type\":\"EntryPoint\",\"urlTemplate\":\"https:\/\/www.biscuitsolution.com\/?s={search_term_string}\"},\"query-input\":{\"@type\":\"PropertyValueSpecification\",\"valueRequired\":true,\"valueName\":\"search_term_string\"}}],\"inLanguage\":\"pt-BR\"},false]}<\/script>\n<!-- \/ Yoast SEO plugin. -->","yoast_head_json":{"title":"M\u00e1quina autom\u00e1tica de pulveriza\u00e7\u00e3o de \u00f3leo para biscoitos para a linha de biscoitos - Fabricante de solu\u00e7\u00f5es de produ\u00e7\u00e3o de biscoitos","description":"A m\u00e1quina pulverizadora de \u00f3leo para biscoitos pode melhorar o sabor dos biscoitos pulverizando \u00f3leo uniformemente e pode ser integrada \u00e0 linha para diferentes biscoitos.","robots":{"index":"index","follow":"follow","max-snippet":"max-snippet:-1","max-image-preview":"max-image-preview:large","max-video-preview":"max-video-preview:-1"},"canonical":"https:\/\/www.biscuitsolution.com\/pt\/produto\/automatic-biscuit-oil-sprayer-machine-for-biscuit-line\/","og_locale":"pt_BR","og_type":"article","og_title":"Automatic Biscuit Oil Sprayer Machine For Biscuit Line - Biscuit Production Solution Manufacturer","og_description":"The biscuit oil sprayer machine can improve the taste of biscuits by evenly spraying oil, and can be integrated into the line for different biscuits.","og_url":"https:\/\/www.biscuitsolution.com\/pt\/produto\/automatic-biscuit-oil-sprayer-machine-for-biscuit-line\/","og_site_name":"Biscuit Production Solution Manufacturer","article_publisher":"https:\/\/www.facebook.com\/profile.php?id=100095205040823","article_modified_time":"2025-08-22T09:52:01+00:00","og_image":[{"width":600,"height":600,"url":"https:\/\/www.biscuitsolution.com\/wp-content\/uploads\/2025\/03\/biscuit-oil-sprayer-machine.jpg","type":"image\/jpeg"}],"twitter_card":"summary_large_image","twitter_site":"@shanna_zha26342","twitter_misc":{"Est. tempo de leitura":"4 minutos"},"schema":{"@context":"https:\/\/schema.org","@graph":[{"@type":"WebPage","@id":"https:\/\/www.biscuitsolution.com\/product\/automatic-biscuit-oil-sprayer-machine-for-biscuit-line\/","url":"https:\/\/www.biscuitsolution.com\/product\/automatic-biscuit-oil-sprayer-machine-for-biscuit-line\/","name":"M\u00e1quina autom\u00e1tica de pulveriza\u00e7\u00e3o de \u00f3leo para biscoitos para a linha de biscoitos - Fabricante de solu\u00e7\u00f5es de produ\u00e7\u00e3o de biscoitos","isPartOf":{"@id":"https:\/\/www.biscuitsolution.com\/#website"},"primaryImageOfPage":{"@id":"https:\/\/www.biscuitsolution.com\/product\/automatic-biscuit-oil-sprayer-machine-for-biscuit-line\/#primaryimage"},"image":{"@id":"https:\/\/www.biscuitsolution.com\/product\/automatic-biscuit-oil-sprayer-machine-for-biscuit-line\/#primaryimage"},"thumbnailUrl":"https:\/\/www.biscuitsolution.com\/wp-content\/uploads\/2025\/03\/biscuit-oil-sprayer-machine.jpg","datePublished":"2025-03-05T10:52:29+00:00","dateModified":"2025-08-22T09:52:01+00:00","description":"A m\u00e1quina pulverizadora de \u00f3leo para biscoitos pode melhorar o sabor dos biscoitos pulverizando \u00f3leo uniformemente e pode ser integrada \u00e0 linha para diferentes biscoitos.","breadcrumb":{"@id":"https:\/\/www.biscuitsolution.com\/product\/automatic-biscuit-oil-sprayer-machine-for-biscuit-line\/#breadcrumb"},"inLanguage":"pt-BR","potentialAction":[{"@type":"ReadAction","target":["https:\/\/www.biscuitsolution.com\/product\/automatic-biscuit-oil-sprayer-machine-for-biscuit-line\/"]}]},{"@type":"ImageObject","inLanguage":"pt-BR","@id":"https:\/\/www.biscuitsolution.com\/product\/automatic-biscuit-oil-sprayer-machine-for-biscuit-line\/#primaryimage","url":"https:\/\/www.biscuitsolution.com\/wp-content\/uploads\/2025\/03\/biscuit-oil-sprayer-machine.jpg","contentUrl":"https:\/\/www.biscuitsolution.com\/wp-content\/uploads\/2025\/03\/biscuit-oil-sprayer-machine.jpg","width":600,"height":600,"caption":"biscuit oil sprayer machine"},{"@type":"BreadcrumbList","@id":"https:\/\/www.biscuitsolution.com\/product\/automatic-biscuit-oil-sprayer-machine-for-biscuit-line\/#breadcrumb","itemListElement":[{"@type":"ListItem","position":1,"name":"Home","item":"https:\/\/www.biscuitsolution.com\/"},{"@type":"ListItem","position":2,"name":"Product","item":"https:\/\/www.biscuitsolution.com\/product\/"},{"@type":"ListItem","position":3,"name":"Automatic Biscuit Oil Sprayer Machine For Biscuit Line"}]},{"@type":"WebSite","@id":"https:\/\/www.biscuitsolution.com\/#website","url":"https:\/\/www.biscuitsolution.com\/","name":"Fabricante de solu\u00e7\u00f5es para produ\u00e7\u00e3o de biscoitos","description":"","potentialAction":[{"@type":"SearchAction","target":{"@type":"EntryPoint","urlTemplate":"https:\/\/www.biscuitsolution.com\/?s={search_term_string}"},"query-input":{"@type":"PropertyValueSpecification","valueRequired":true,"valueName":"search_term_string"}}],"inLanguage":"pt-BR"},false]}},"yasr_visitor_votes":{"stars_attributes":{"read_only":false,"span_bottom":false},"number_of_votes":2,"sum_votes":10},"_links":{"self":[{"href":"https:\/\/www.biscuitsolution.com\/pt\/wp-json\/wp\/v2\/product\/5305","targetHints":{"allow":["GET"]}}],"collection":[{"href":"https:\/\/www.biscuitsolution.com\/pt\/wp-json\/wp\/v2\/product"}],"about":[{"href":"https:\/\/www.biscuitsolution.com\/pt\/wp-json\/wp\/v2\/types\/product"}],"replies":[{"embeddable":true,"href":"https:\/\/www.biscuitsolution.com\/pt\/wp-json\/wp\/v2\/comments?post=5305"}],"version-history":[{"count":3,"href":"https:\/\/www.biscuitsolution.com\/pt\/wp-json\/wp\/v2\/product\/5305\/revisions"}],"predecessor-version":[{"id":5765,"href":"https:\/\/www.biscuitsolution.com\/pt\/wp-json\/wp\/v2\/product\/5305\/revisions\/5765"}],"wp:featuredmedia":[{"embeddable":true,"href":"https:\/\/www.biscuitsolution.com\/pt\/wp-json\/wp\/v2\/media\/5310"}],"wp:attachment":[{"href":"https:\/\/www.biscuitsolution.com\/pt\/wp-json\/wp\/v2\/media?parent=5305"}],"wp:term":[{"taxonomy":"product_brand","embeddable":true,"href":"https:\/\/www.biscuitsolution.com\/pt\/wp-json\/wp\/v2\/product_brand?post=5305"},{"taxonomy":"product_cat","embeddable":true,"href":"https:\/\/www.biscuitsolution.com\/pt\/wp-json\/wp\/v2\/product_cat?post=5305"},{"taxonomy":"product_tag","embeddable":true,"href":"https:\/\/www.biscuitsolution.com\/pt\/wp-json\/wp\/v2\/product_tag?post=5305"}],"curies":[{"name":"wp","href":"https:\/\/api.w.org\/{rel}","templated":true}]}}