{"id":5299,"date":"2025-03-05T18:48:29","date_gmt":"2025-03-05T10:48:29","guid":{"rendered":"https:\/\/www.biscuitsolution.com\/?post_type=product&#038;p=5299"},"modified":"2025-03-06T17:32:23","modified_gmt":"2025-03-06T09:32:23","slug":"sugar-powder-grinding-machine-for-biscuit-and-bread","status":"publish","type":"product","link":"https:\/\/www.biscuitsolution.com\/pt\/produto\/sugar-powder-grinding-machine-for-biscuit-and-bread\/","title":{"rendered":"M\u00e1quina de moagem de a\u00e7\u00facar em p\u00f3 para biscoitos e p\u00e3es"},"content":{"rendered":"<p>Nosso p\u00f3<strong> moedor de a\u00e7\u00facar<\/strong>s s\u00e3o projetados para atender \u00e0s necessidades dos fabricantes de biscoitos, p\u00e3es e outros produtos de panifica\u00e7\u00e3o.<\/p>\n<p>Essas m\u00e1quinas de alto desempenho usam tecnologia de moagem avan\u00e7ada para transformar o a\u00e7\u00facar bruto em um p\u00f3 fino e uniforme. Isso garante a textura ideal, a distribui\u00e7\u00e3o do sabor e a consist\u00eancia do produto.<\/p>\n<p><img fetchpriority=\"high\" decoding=\"async\" class=\"alignnone size-full wp-image-5300\" src=\"https:\/\/www.biscuitsolution.com\/wp-content\/uploads\/2025\/03\/biscuit-sugar-grinding-machine.jpg\" alt=\"m\u00e1quina de moagem de a\u00e7\u00facar\" width=\"800\" height=\"450\" srcset=\"https:\/\/www.biscuitsolution.com\/wp-content\/uploads\/2025\/03\/biscuit-sugar-grinding-machine.jpg 800w, https:\/\/www.biscuitsolution.com\/wp-content\/uploads\/2025\/03\/biscuit-sugar-grinding-machine-300x169.jpg 300w, https:\/\/www.biscuitsolution.com\/wp-content\/uploads\/2025\/03\/biscuit-sugar-grinding-machine-768x432.jpg 768w, https:\/\/www.biscuitsolution.com\/wp-content\/uploads\/2025\/03\/biscuit-sugar-grinding-machine-600x338.jpg 600w, https:\/\/www.biscuitsolution.com\/wp-content\/uploads\/2025\/03\/biscuit-sugar-grinding-machine-64x36.jpg 64w\" sizes=\"(max-width: 800px) 100vw, 800px\" \/><\/p>\n<h2>Composi\u00e7\u00e3o do biscoito M\u00e1quina de moer a\u00e7\u00facar<\/h2>\n<p>Sistema de alimenta\u00e7\u00e3o: Controle autom\u00e1tico da velocidade de alimenta\u00e7\u00e3o para evitar bloqueios, garanta que as mat\u00e9rias-primas entrem na c\u00e2mara de moagem de maneira uniforme e seja equipado com separa\u00e7\u00e3o magn\u00e9tica ou filtragem por tela para remover impurezas met\u00e1licas e materiais estranhos para garantir a pureza do produto.<\/p>\n<p>Sistema de tritura\u00e7\u00e3o: As l\u00e2minas de liga resistente ao desgaste s\u00e3o usadas para quebrar rapidamente grandes peda\u00e7os de part\u00edculas de a\u00e7\u00facar. Os discos dentados de alta precis\u00e3o e os an\u00e9is de moagem s\u00e3o combinados para obter uma moagem fina em n\u00edvel de m\u00edcron.<\/p>\n<p>Sistema de classifica\u00e7\u00e3o: Velocidade ajust\u00e1vel para controlar o tamanho das part\u00edculas de p\u00f3 (50-300\u03bcm) para atender aos diferentes requisitos do produto.<\/p>\n<p>Sistema de transmiss\u00e3o: Caixa de engrenagens correspondente para obter alta sa\u00edda de torque, adaptada a mat\u00e9rias-primas de alta dureza.<\/p>\n<p>Sistema de controle: Interface totalmente sens\u00edvel ao toque para monitorar par\u00e2metros operacionais (como corrente, temperatura, velocidade) em tempo real.<\/p>\n<p><img decoding=\"async\" class=\"alignnone size-full wp-image-5332\" src=\"https:\/\/www.biscuitsolution.com\/wp-content\/uploads\/2025\/03\/biscuit-sugar-grinding-machines-2.jpg\" alt=\"m\u00e1quina de moer a\u00e7\u00facar para biscoitos\" width=\"800\" height=\"450\" srcset=\"https:\/\/www.biscuitsolution.com\/wp-content\/uploads\/2025\/03\/biscuit-sugar-grinding-machines-2.jpg 800w, https:\/\/www.biscuitsolution.com\/wp-content\/uploads\/2025\/03\/biscuit-sugar-grinding-machines-2-300x169.jpg 300w, https:\/\/www.biscuitsolution.com\/wp-content\/uploads\/2025\/03\/biscuit-sugar-grinding-machines-2-768x432.jpg 768w, https:\/\/www.biscuitsolution.com\/wp-content\/uploads\/2025\/03\/biscuit-sugar-grinding-machines-2-18x10.jpg 18w, https:\/\/www.biscuitsolution.com\/wp-content\/uploads\/2025\/03\/biscuit-sugar-grinding-machines-2-600x338.jpg 600w, https:\/\/www.biscuitsolution.com\/wp-content\/uploads\/2025\/03\/biscuit-sugar-grinding-machines-2-64x36.jpg 64w\" sizes=\"(max-width: 800px) 100vw, 800px\" \/><\/p>\n<h2>Vantagens da m\u00e1quina de moagem de a\u00e7\u00facar em p\u00f3<\/h2>\n<p>Excelente precis\u00e3o de moagem: Equipado com um sistema de pulveriza\u00e7\u00e3o de v\u00e1rios est\u00e1gios e uma c\u00e2mara de moagem ajust\u00e1vel, ele pode produzir a\u00e7\u00facar em p\u00f3 com tamanhos de part\u00edcula que variam de 50 a 300 m\u00edcrons, que podem ser adaptados aos requisitos espec\u00edficos de sua receita.<\/p>\n<p>Desempenho eficiente: Adota um design de baixo consumo de energia e alto rendimento com capacidade de processamento de 500 a 3.000 kg\/h, reduzindo o tempo de inatividade da produ\u00e7\u00e3o e maximizando o rendimento.<\/p>\n<p>Seguran\u00e7a e higieniza\u00e7\u00e3o de n\u00edvel aliment\u00edcio: Feito de material de a\u00e7o inoxid\u00e1vel 304\/316L, est\u00e1 em conformidade com os padr\u00f5es da FDA, da UE e do HACCP. O design f\u00e1cil de limpar, com componentes remov\u00edveis e sem cantos mortos, minimiza o risco de contamina\u00e7\u00e3o cruzada.<\/p>\n<p>Versatilidade e durabilidade: Pode manusear v\u00e1rios tipos de a\u00e7\u00facar: a\u00e7\u00facar branco, a\u00e7\u00facar mascavo, a\u00e7\u00facar de confeiteiro, etc., e a estrutura resistente garante uma opera\u00e7\u00e3o confi\u00e1vel a longo prazo, mesmo em ambientes de produ\u00e7\u00e3o de alto volume.<\/p>\n<p><img decoding=\"async\" class=\"alignnone size-full wp-image-5333\" src=\"https:\/\/www.biscuitsolution.com\/wp-content\/uploads\/2025\/03\/biscuits-sugar-grinding-machine-2.jpg\" alt=\"m\u00e1quina de moer a\u00e7\u00facar\" width=\"800\" height=\"450\" srcset=\"https:\/\/www.biscuitsolution.com\/wp-content\/uploads\/2025\/03\/biscuits-sugar-grinding-machine-2.jpg 800w, https:\/\/www.biscuitsolution.com\/wp-content\/uploads\/2025\/03\/biscuits-sugar-grinding-machine-2-300x169.jpg 300w, https:\/\/www.biscuitsolution.com\/wp-content\/uploads\/2025\/03\/biscuits-sugar-grinding-machine-2-768x432.jpg 768w, https:\/\/www.biscuitsolution.com\/wp-content\/uploads\/2025\/03\/biscuits-sugar-grinding-machine-2-18x10.jpg 18w, https:\/\/www.biscuitsolution.com\/wp-content\/uploads\/2025\/03\/biscuits-sugar-grinding-machine-2-600x338.jpg 600w, https:\/\/www.biscuitsolution.com\/wp-content\/uploads\/2025\/03\/biscuits-sugar-grinding-machine-2-64x36.jpg 64w\" sizes=\"(max-width: 800px) 100vw, 800px\" \/><\/p>\n<h2>Aplica\u00e7\u00f5es da m\u00e1quina de moagem de a\u00e7\u00facar em p\u00f3<\/h2>\n<p>Fabrica\u00e7\u00e3o de biscoitos: Melhora a textura e a do\u00e7ura de biscoitos, bolachas e wafers.<\/p>\n<p>Produ\u00e7\u00e3o de p\u00e3es e doces: Garante a distribui\u00e7\u00e3o uniforme do a\u00e7\u00facar na massa, melhorando o sabor e o prazo de validade.<\/p>\n<p>Doces e salgadinhos: Ideal para a\u00e7\u00facar em p\u00f3 em confeitos, coberturas de chocolate e glac\u00eas.<\/p>\n<p>Processamento de alimentos: Para os setores farmac\u00eautico, cosm\u00e9tico e qu\u00edmico que exigem a\u00e7\u00facar em p\u00f3 fino.<\/p>\n<h2>Por que nos escolher?<\/h2>\n<p>Personaliza\u00e7\u00e3o: Personalize as especifica\u00e7\u00f5es da m\u00e1quina (capacidade, tamanho, automa\u00e7\u00e3o) para atender \u00e0s suas necessidades de produ\u00e7\u00e3o.<\/p>\n<p>Suporte global: Suporte t\u00e9cnico 24 horas por dia, 7 dias por semana e uma rede global de centros de servi\u00e7os certificados.<\/p>\n<p>Sustentabilidade: Modelos que economizam energia e reduzem as emiss\u00f5es de ru\u00eddo e poeira, de acordo com pr\u00e1ticas ecologicamente corretas.<\/p>\n<p>&nbsp;<\/p>\n<h2>Invista em precis\u00e3o. Melhore a qualidade de seus produtos<\/h2>\n<p>Entre em contato conosco hoje mesmo para uma consulta personalizada e descubra como nossos moedores de a\u00e7\u00facar em p\u00f3 podem otimizar sua linha de produ\u00e7\u00e3o.<\/p>\n<h2>Deixe uma mensagem para obter uma cota\u00e7\u00e3o<\/h2>\n\n<div class=\"wpcf7 no-js\" id=\"wpcf7-f4619-o1\" lang=\"en-US\" dir=\"ltr\" data-wpcf7-id=\"4619\">\n<div class=\"screen-reader-response\"><p role=\"status\" aria-live=\"polite\" aria-atomic=\"true\"><\/p> <ul><\/ul><\/div>\n<form action=\"\/pt\/wp-json\/wp\/v2\/product\/5299#wpcf7-f4619-o1\" method=\"post\" class=\"wpcf7-form init\" aria-label=\"Formul\u00e1rio de contato\" novalidate=\"novalidate\" data-status=\"init\" data-trp-original-action=\"\/pt\/wp-json\/wp\/v2\/product\/5299#wpcf7-f4619-o1\">\n<div style=\"display: none;\">\n<input type=\"hidden\" name=\"_wpcf7\" value=\"4619\" \/>\n<input type=\"hidden\" name=\"_wpcf7_version\" value=\"6.0.4\" \/>\n<input type=\"hidden\" name=\"_wpcf7_locale\" value=\"en_US\" \/>\n<input type=\"hidden\" name=\"_wpcf7_unit_tag\" value=\"wpcf7-f4619-o1\" \/>\n<input type=\"hidden\" name=\"_wpcf7_container_post\" value=\"0\" \/>\n<input type=\"hidden\" name=\"_wpcf7_posted_data_hash\" value=\"\" \/>\n<\/div>\n<p><label> Seu nome*<br \/>\n<span class=\"wpcf7-form-control-wrap\" data-name=\"your-name\"><input size=\"40\" maxlength=\"400\" class=\"wpcf7-form-control wpcf7-text wpcf7-validates-as-required\" aria-required=\"true\" aria-invalid=\"false\" value=\"\" type=\"text\" name=\"your-name\" \/><\/span> <\/label>\n<\/p>\n<p><label> Seu pa\u00eds<br \/>\n<span class=\"wpcf7-form-control-wrap\" data-name=\"your-country\"><input size=\"40\" maxlength=\"400\" class=\"wpcf7-form-control wpcf7-text\" aria-invalid=\"false\" value=\"\" type=\"text\" name=\"your-country\" \/><\/span><\/label>\n<\/p>\n<p><label> Seu e-mail*<br \/>\n<span class=\"wpcf7-form-control-wrap\" data-name=\"your-email\"><input size=\"40\" maxlength=\"400\" class=\"wpcf7-form-control wpcf7-email wpcf7-validates-as-required wpcf7-text wpcf7-validates-as-email\" aria-required=\"true\" aria-invalid=\"false\" value=\"\" type=\"email\" name=\"your-email\" \/><\/span> <\/label>\n<\/p>\n<p><label> Seu telefone<br \/>\n<span class=\"wpcf7-form-control-wrap\" data-name=\"your-phone\"><input size=\"40\" maxlength=\"400\" class=\"wpcf7-form-control wpcf7-tel wpcf7-text wpcf7-validates-as-tel\" aria-invalid=\"false\" value=\"\" type=\"tel\" name=\"your-phone\" \/><\/span> <\/label>\n<\/p>\n<p><label> Nome de sua empresa<br \/>\n<span class=\"wpcf7-form-control-wrap\" data-name=\"text-457\"><input size=\"40\" maxlength=\"400\" class=\"wpcf7-form-control wpcf7-text\" aria-invalid=\"false\" value=\"\" type=\"text\" name=\"text-457\" \/><\/span> <\/label>\n<\/p>\n<p><label> Site de sua empresa<br \/>\n<span class=\"wpcf7-form-control-wrap\" data-name=\"text-546\"><input size=\"40\" maxlength=\"400\" class=\"wpcf7-form-control wpcf7-text\" aria-invalid=\"false\" value=\"\" type=\"text\" name=\"text-546\" \/><\/span> <\/label>\n<\/p>\n<p><label> Seu requisito*<br \/>\n<span class=\"wpcf7-form-control-wrap\" data-name=\"your-message\"><textarea cols=\"40\" rows=\"10\" maxlength=\"2000\" class=\"wpcf7-form-control wpcf7-textarea wpcf7-validates-as-required\" aria-required=\"true\" aria-invalid=\"false\" name=\"your-message\"><\/textarea><\/span> <\/label>\n<\/p>\n<p><input class=\"wpcf7-form-control wpcf7-submit has-spinner\" type=\"submit\" value=\"Enviar\" \/>\n<\/p><p style=\"display: none !important;\" class=\"akismet-fields-container\" data-prefix=\"_wpcf7_ak_\"><label>&#916;<textarea name=\"_wpcf7_ak_hp_textarea\" cols=\"45\" rows=\"8\" maxlength=\"100\"><\/textarea><\/label><input type=\"hidden\" id=\"ak_js_1\" name=\"_wpcf7_ak_js\" value=\"147\"\/><script>document.getElementById( \"ak_js_1\" ).setAttribute( \"value\", ( new Date() ).getTime() );<\/script><\/p><div class=\"wpcf7-response-output\" aria-hidden=\"true\"><\/div>\n<input type=\"hidden\" name=\"trp-form-language\" value=\"pt\"\/><\/form>\n<\/div>\n\n<div style='text-align:left' class='yasr-auto-insert-visitor'><\/div>","protected":false},"excerpt":{"rendered":"<p>Modelo: GGWF-20B<br \/>\nPot\u00eancia do motor (kw): 4<br \/>\nCapacidade de produ\u00e7\u00e3o (kg\/h): 60-150<br \/>\nTens\u00e3o: 380V trif\u00e1sico<\/p>","protected":false},"featured_media":5303,"comment_status":"open","ping_status":"closed","template":"","meta":{"site-sidebar-layout":"default","site-content-layout":"","ast-site-content-layout":"default","site-content-style":"default","site-sidebar-style":"default","ast-global-header-display":"","ast-banner-title-visibility":"","ast-main-header-display":"","ast-hfb-above-header-display":"","ast-hfb-below-header-display":"","ast-hfb-mobile-header-display":"","site-post-title":"","ast-breadcrumbs-content":"","ast-featured-img":"","footer-sml-layout":"","theme-transparent-header-meta":"default","adv-header-id-meta":"","stick-header-meta":"","header-above-stick-meta":"","header-main-stick-meta":"","header-below-stick-meta":"","astra-migrate-meta-layouts":"set","ast-page-background-enabled":"default","ast-page-background-meta":{"desktop":{"background-color":"","background-image":"","background-repeat":"repeat","background-position":"center center","background-size":"auto","background-attachment":"scroll","background-type":"","background-media":"","overlay-type":"","overlay-color":"","overlay-opacity":"","overlay-gradient":""},"tablet":{"background-color":"","background-image":"","background-repeat":"repeat","background-position":"center center","background-size":"auto","background-attachment":"scroll","background-type":"","background-media":"","overlay-type":"","overlay-color":"","overlay-opacity":"","overlay-gradient":""},"mobile":{"background-color":"","background-image":"","background-repeat":"repeat","background-position":"center center","background-size":"auto","background-attachment":"scroll","background-type":"","background-media":"","overlay-type":"","overlay-color":"","overlay-opacity":"","overlay-gradient":""}},"ast-content-background-meta":{"desktop":{"background-color":"var(--ast-global-color-5)","background-image":"","background-repeat":"repeat","background-position":"center center","background-size":"auto","background-attachment":"scroll","background-type":"","background-media":"","overlay-type":"","overlay-color":"","overlay-opacity":"","overlay-gradient":""},"tablet":{"background-color":"var(--ast-global-color-5)","background-image":"","background-repeat":"repeat","background-position":"center center","background-size":"auto","background-attachment":"scroll","background-type":"","background-media":"","overlay-type":"","overlay-color":"","overlay-opacity":"","overlay-gradient":""},"mobile":{"background-color":"var(--ast-global-color-5)","background-image":"","background-repeat":"repeat","background-position":"center center","background-size":"auto","background-attachment":"scroll","background-type":"","background-media":"","overlay-type":"","overlay-color":"","overlay-opacity":"","overlay-gradient":""}},"yasr_overall_rating":0,"yasr_post_is_review":"","yasr_auto_insert_disabled":"","yasr_review_type":""},"product_brand":[],"product_cat":[22],"product_tag":[],"class_list":{"0":"post-5299","1":"product","2":"type-product","3":"status-publish","4":"has-post-thumbnail","6":"product_cat-hard-biscuit-production-line","7":"desktop-align-left","8":"tablet-align-left","9":"mobile-align-left","11":"first","12":"instock","13":"shipping-taxable","14":"product-type-simple"},"yoast_head":"<!-- This site is optimized with the Yoast SEO plugin v24.4 - https:\/\/yoast.com\/wordpress\/plugins\/seo\/ -->\n<title>Sugar Powder Grinding Machine for Biscuit and Bread - Biscuit Production Solution Manufacturer<\/title>\n<meta name=\"description\" content=\"Sugar powder grinding machine can be used for the processing and production of biscuits and bread factories, suitable for large, medium and small factories.\" \/>\n<meta name=\"robots\" content=\"index, follow, max-snippet:-1, max-image-preview:large, max-video-preview:-1\" \/>\n<link rel=\"canonical\" href=\"https:\/\/www.biscuitsolution.com\/pt\/produto\/sugar-powder-grinding-machine-for-biscuit-and-bread\/\" \/>\n<meta property=\"og:locale\" content=\"pt_BR\" \/>\n<meta property=\"og:type\" content=\"article\" \/>\n<meta property=\"og:title\" content=\"Sugar Powder Grinding Machine for Biscuit and Bread - Biscuit Production Solution Manufacturer\" \/>\n<meta property=\"og:description\" content=\"Sugar powder grinding machine can be used for the processing and production of biscuits and bread factories, suitable for large, medium and small factories.\" \/>\n<meta property=\"og:url\" content=\"https:\/\/www.biscuitsolution.com\/pt\/produto\/sugar-powder-grinding-machine-for-biscuit-and-bread\/\" \/>\n<meta property=\"og:site_name\" content=\"Biscuit Production Solution Manufacturer\" \/>\n<meta property=\"article:publisher\" content=\"https:\/\/www.facebook.com\/profile.php?id=100095205040823\" \/>\n<meta property=\"article:modified_time\" content=\"2025-03-06T09:32:23+00:00\" \/>\n<meta property=\"og:image\" content=\"https:\/\/www.biscuitsolution.com\/wp-content\/uploads\/2025\/03\/sugar-grinding-machine.jpg\" \/>\n\t<meta property=\"og:image:width\" content=\"600\" \/>\n\t<meta property=\"og:image:height\" content=\"600\" \/>\n\t<meta property=\"og:image:type\" content=\"image\/jpeg\" \/>\n<meta name=\"twitter:card\" content=\"summary_large_image\" \/>\n<meta name=\"twitter:site\" content=\"@shanna_zha26342\" \/>\n<meta name=\"twitter:label1\" content=\"Est. tempo de leitura\" \/>\n\t<meta name=\"twitter:data1\" content=\"3 minutos\" \/>\n<script type=\"application\/ld+json\" class=\"yoast-schema-graph\">{\"@context\":\"https:\/\/schema.org\",\"@graph\":[{\"@type\":\"WebPage\",\"@id\":\"https:\/\/www.biscuitsolution.com\/product\/sugar-powder-grinding-machine-for-biscuit-and-bread\/\",\"url\":\"https:\/\/www.biscuitsolution.com\/product\/sugar-powder-grinding-machine-for-biscuit-and-bread\/\",\"name\":\"Sugar Powder Grinding Machine for Biscuit and Bread - Biscuit Production Solution Manufacturer\",\"isPartOf\":{\"@id\":\"https:\/\/www.biscuitsolution.com\/#website\"},\"primaryImageOfPage\":{\"@id\":\"https:\/\/www.biscuitsolution.com\/product\/sugar-powder-grinding-machine-for-biscuit-and-bread\/#primaryimage\"},\"image\":{\"@id\":\"https:\/\/www.biscuitsolution.com\/product\/sugar-powder-grinding-machine-for-biscuit-and-bread\/#primaryimage\"},\"thumbnailUrl\":\"https:\/\/www.biscuitsolution.com\/wp-content\/uploads\/2025\/03\/sugar-grinding-machine.jpg\",\"datePublished\":\"2025-03-05T10:48:29+00:00\",\"dateModified\":\"2025-03-06T09:32:23+00:00\",\"description\":\"Sugar powder grinding machine can be used for the processing and production of biscuits and bread factories, suitable for large, medium and small factories.\",\"breadcrumb\":{\"@id\":\"https:\/\/www.biscuitsolution.com\/product\/sugar-powder-grinding-machine-for-biscuit-and-bread\/#breadcrumb\"},\"inLanguage\":\"pt-BR\",\"potentialAction\":[{\"@type\":\"ReadAction\",\"target\":[\"https:\/\/www.biscuitsolution.com\/product\/sugar-powder-grinding-machine-for-biscuit-and-bread\/\"]}]},{\"@type\":\"ImageObject\",\"inLanguage\":\"pt-BR\",\"@id\":\"https:\/\/www.biscuitsolution.com\/product\/sugar-powder-grinding-machine-for-biscuit-and-bread\/#primaryimage\",\"url\":\"https:\/\/www.biscuitsolution.com\/wp-content\/uploads\/2025\/03\/sugar-grinding-machine.jpg\",\"contentUrl\":\"https:\/\/www.biscuitsolution.com\/wp-content\/uploads\/2025\/03\/sugar-grinding-machine.jpg\",\"width\":600,\"height\":600,\"caption\":\"sugar grinding machine\"},{\"@type\":\"BreadcrumbList\",\"@id\":\"https:\/\/www.biscuitsolution.com\/product\/sugar-powder-grinding-machine-for-biscuit-and-bread\/#breadcrumb\",\"itemListElement\":[{\"@type\":\"ListItem\",\"position\":1,\"name\":\"Home\",\"item\":\"https:\/\/www.biscuitsolution.com\/\"},{\"@type\":\"ListItem\",\"position\":2,\"name\":\"Product\",\"item\":\"https:\/\/www.biscuitsolution.com\/product\/\"},{\"@type\":\"ListItem\",\"position\":3,\"name\":\"Sugar Powder Grinding Machine for Biscuit and Bread\"}]},{\"@type\":\"WebSite\",\"@id\":\"https:\/\/www.biscuitsolution.com\/#website\",\"url\":\"https:\/\/www.biscuitsolution.com\/\",\"name\":\"Biscuit Production Solution Manufacturer\",\"description\":\"\",\"potentialAction\":[{\"@type\":\"SearchAction\",\"target\":{\"@type\":\"EntryPoint\",\"urlTemplate\":\"https:\/\/www.biscuitsolution.com\/?s={search_term_string}\"},\"query-input\":{\"@type\":\"PropertyValueSpecification\",\"valueRequired\":true,\"valueName\":\"search_term_string\"}}],\"inLanguage\":\"pt-BR\"},false]}<\/script>\n<!-- \/ Yoast SEO plugin. -->","yoast_head_json":{"title":"M\u00e1quina de moagem de a\u00e7\u00facar em p\u00f3 para biscoitos e p\u00e3es - Fabricante de solu\u00e7\u00f5es para produ\u00e7\u00e3o de biscoitos","description":"A m\u00e1quina de moagem de a\u00e7\u00facar em p\u00f3 pode ser usada para o processamento e a produ\u00e7\u00e3o de biscoitos e f\u00e1bricas de p\u00e3o, adequada para f\u00e1bricas de grande, m\u00e9dio e pequeno porte.","robots":{"index":"index","follow":"follow","max-snippet":"max-snippet:-1","max-image-preview":"max-image-preview:large","max-video-preview":"max-video-preview:-1"},"canonical":"https:\/\/www.biscuitsolution.com\/pt\/produto\/sugar-powder-grinding-machine-for-biscuit-and-bread\/","og_locale":"pt_BR","og_type":"article","og_title":"Sugar Powder Grinding Machine for Biscuit and Bread - Biscuit Production Solution Manufacturer","og_description":"Sugar powder grinding machine can be used for the processing and production of biscuits and bread factories, suitable for large, medium and small factories.","og_url":"https:\/\/www.biscuitsolution.com\/pt\/produto\/sugar-powder-grinding-machine-for-biscuit-and-bread\/","og_site_name":"Biscuit Production Solution Manufacturer","article_publisher":"https:\/\/www.facebook.com\/profile.php?id=100095205040823","article_modified_time":"2025-03-06T09:32:23+00:00","og_image":[{"width":600,"height":600,"url":"https:\/\/www.biscuitsolution.com\/wp-content\/uploads\/2025\/03\/sugar-grinding-machine.jpg","type":"image\/jpeg"}],"twitter_card":"summary_large_image","twitter_site":"@shanna_zha26342","twitter_misc":{"Est. tempo de leitura":"3 minutos"},"schema":{"@context":"https:\/\/schema.org","@graph":[{"@type":"WebPage","@id":"https:\/\/www.biscuitsolution.com\/product\/sugar-powder-grinding-machine-for-biscuit-and-bread\/","url":"https:\/\/www.biscuitsolution.com\/product\/sugar-powder-grinding-machine-for-biscuit-and-bread\/","name":"M\u00e1quina de moagem de a\u00e7\u00facar em p\u00f3 para biscoitos e p\u00e3es - Fabricante de solu\u00e7\u00f5es para produ\u00e7\u00e3o de biscoitos","isPartOf":{"@id":"https:\/\/www.biscuitsolution.com\/#website"},"primaryImageOfPage":{"@id":"https:\/\/www.biscuitsolution.com\/product\/sugar-powder-grinding-machine-for-biscuit-and-bread\/#primaryimage"},"image":{"@id":"https:\/\/www.biscuitsolution.com\/product\/sugar-powder-grinding-machine-for-biscuit-and-bread\/#primaryimage"},"thumbnailUrl":"https:\/\/www.biscuitsolution.com\/wp-content\/uploads\/2025\/03\/sugar-grinding-machine.jpg","datePublished":"2025-03-05T10:48:29+00:00","dateModified":"2025-03-06T09:32:23+00:00","description":"A m\u00e1quina de moagem de a\u00e7\u00facar em p\u00f3 pode ser usada para o processamento e a produ\u00e7\u00e3o de biscoitos e f\u00e1bricas de p\u00e3o, adequada para f\u00e1bricas de grande, m\u00e9dio e pequeno porte.","breadcrumb":{"@id":"https:\/\/www.biscuitsolution.com\/product\/sugar-powder-grinding-machine-for-biscuit-and-bread\/#breadcrumb"},"inLanguage":"pt-BR","potentialAction":[{"@type":"ReadAction","target":["https:\/\/www.biscuitsolution.com\/product\/sugar-powder-grinding-machine-for-biscuit-and-bread\/"]}]},{"@type":"ImageObject","inLanguage":"pt-BR","@id":"https:\/\/www.biscuitsolution.com\/product\/sugar-powder-grinding-machine-for-biscuit-and-bread\/#primaryimage","url":"https:\/\/www.biscuitsolution.com\/wp-content\/uploads\/2025\/03\/sugar-grinding-machine.jpg","contentUrl":"https:\/\/www.biscuitsolution.com\/wp-content\/uploads\/2025\/03\/sugar-grinding-machine.jpg","width":600,"height":600,"caption":"sugar grinding machine"},{"@type":"BreadcrumbList","@id":"https:\/\/www.biscuitsolution.com\/product\/sugar-powder-grinding-machine-for-biscuit-and-bread\/#breadcrumb","itemListElement":[{"@type":"ListItem","position":1,"name":"Home","item":"https:\/\/www.biscuitsolution.com\/"},{"@type":"ListItem","position":2,"name":"Product","item":"https:\/\/www.biscuitsolution.com\/product\/"},{"@type":"ListItem","position":3,"name":"Sugar Powder Grinding Machine for Biscuit and Bread"}]},{"@type":"WebSite","@id":"https:\/\/www.biscuitsolution.com\/#website","url":"https:\/\/www.biscuitsolution.com\/","name":"Fabricante de solu\u00e7\u00f5es para produ\u00e7\u00e3o de biscoitos","description":"","potentialAction":[{"@type":"SearchAction","target":{"@type":"EntryPoint","urlTemplate":"https:\/\/www.biscuitsolution.com\/?s={search_term_string}"},"query-input":{"@type":"PropertyValueSpecification","valueRequired":true,"valueName":"search_term_string"}}],"inLanguage":"pt-BR"},false]}},"yasr_visitor_votes":{"stars_attributes":{"read_only":false,"span_bottom":false},"number_of_votes":3,"sum_votes":12},"_links":{"self":[{"href":"https:\/\/www.biscuitsolution.com\/pt\/wp-json\/wp\/v2\/product\/5299","targetHints":{"allow":["GET"]}}],"collection":[{"href":"https:\/\/www.biscuitsolution.com\/pt\/wp-json\/wp\/v2\/product"}],"about":[{"href":"https:\/\/www.biscuitsolution.com\/pt\/wp-json\/wp\/v2\/types\/product"}],"replies":[{"embeddable":true,"href":"https:\/\/www.biscuitsolution.com\/pt\/wp-json\/wp\/v2\/comments?post=5299"}],"version-history":[{"count":5,"href":"https:\/\/www.biscuitsolution.com\/pt\/wp-json\/wp\/v2\/product\/5299\/revisions"}],"predecessor-version":[{"id":5337,"href":"https:\/\/www.biscuitsolution.com\/pt\/wp-json\/wp\/v2\/product\/5299\/revisions\/5337"}],"wp:featuredmedia":[{"embeddable":true,"href":"https:\/\/www.biscuitsolution.com\/pt\/wp-json\/wp\/v2\/media\/5303"}],"wp:attachment":[{"href":"https:\/\/www.biscuitsolution.com\/pt\/wp-json\/wp\/v2\/media?parent=5299"}],"wp:term":[{"taxonomy":"product_brand","embeddable":true,"href":"https:\/\/www.biscuitsolution.com\/pt\/wp-json\/wp\/v2\/product_brand?post=5299"},{"taxonomy":"product_cat","embeddable":true,"href":"https:\/\/www.biscuitsolution.com\/pt\/wp-json\/wp\/v2\/product_cat?post=5299"},{"taxonomy":"product_tag","embeddable":true,"href":"https:\/\/www.biscuitsolution.com\/pt\/wp-json\/wp\/v2\/product_tag?post=5299"}],"curies":[{"name":"wp","href":"https:\/\/api.w.org\/{rel}","templated":true}]}}