{"id":5293,"date":"2025-03-04T18:14:10","date_gmt":"2025-03-04T10:14:10","guid":{"rendered":"https:\/\/www.biscuitsolution.com\/?post_type=product&#038;p=5293"},"modified":"2025-03-06T17:31:55","modified_gmt":"2025-03-06T09:31:55","slug":"industrial-biscuit-crusher-machine-multipurpose","status":"publish","type":"product","link":"https:\/\/www.biscuitsolution.com\/pt\/produto\/industrial-biscuit-crusher-machine-multipurpose\/","title":{"rendered":"M\u00e1quina trituradora de biscoitos industrial multiuso"},"content":{"rendered":"<p>A m\u00e1quina trituradora de biscoitos \u00e9 um equipamento industrial usado especialmente para triturar biscoitos, cookies e outros alimentos assados em migalhas ou em p\u00f3, e \u00e9 amplamente utilizada no setor de processamento de alimentos. A seguir, apresentamos uma introdu\u00e7\u00e3o detalhada ao triturador de biscoitos:<\/p>\n<p><img fetchpriority=\"high\" decoding=\"async\" class=\"alignnone size-full wp-image-5294\" src=\"https:\/\/www.biscuitsolution.com\/wp-content\/uploads\/2025\/03\/biscuit-crusher.jpg\" alt=\"m\u00e1quina trituradora de biscoitos\" width=\"800\" height=\"450\" srcset=\"https:\/\/www.biscuitsolution.com\/wp-content\/uploads\/2025\/03\/biscuit-crusher.jpg 800w, https:\/\/www.biscuitsolution.com\/wp-content\/uploads\/2025\/03\/biscuit-crusher-300x169.jpg 300w, https:\/\/www.biscuitsolution.com\/wp-content\/uploads\/2025\/03\/biscuit-crusher-768x432.jpg 768w, https:\/\/www.biscuitsolution.com\/wp-content\/uploads\/2025\/03\/biscuit-crusher-600x338.jpg 600w, https:\/\/www.biscuitsolution.com\/wp-content\/uploads\/2025\/03\/biscuit-crusher-64x36.jpg 64w\" sizes=\"(max-width: 800px) 100vw, 800px\" \/><\/p>\n<h2>Princ\u00edpio de funcionamento e caracter\u00edsticas da m\u00e1quina trituradora de biscoitos<\/h2>\n<p>Princ\u00edpio de funcionamento: O triturador de biscoitos opera principalmente por meio de for\u00e7a mec\u00e2nica para quebrar os biscoitos em peda\u00e7os menores.<\/p>\n<p>Tritura\u00e7\u00e3o eficiente: Equipada com um motor de alta pot\u00eancia, a m\u00e1quina pode reduzir rapidamente os biscoitos ao tamanho de part\u00edcula desejado.<\/p>\n<p>Material de grau aliment\u00edcio: Constru\u00eddo com materiais de grau aliment\u00edcio, como a\u00e7o inoxid\u00e1vel 304, ele garante a limpeza e a seguran\u00e7a do processo de tritura\u00e7\u00e3o.<\/p>\n<p>Ajustabilidade: o tamanho das part\u00edculas trituradas pode ser adaptado para atender aos requisitos espec\u00edficos de diferentes produtos, garantindo flexibilidade na produ\u00e7\u00e3o.<\/p>\n<p>F\u00e1cil de limpar: todos os componentes que entram em contato com os alimentos s\u00e3o projetados para desmontagem r\u00e1pida, tornando a limpeza e a desinfec\u00e7\u00e3o simples e eficientes.<\/p>\n<p>Projeto de baixo ru\u00eddo: O equipamento possui tecnologia avan\u00e7ada de redu\u00e7\u00e3o de ru\u00eddo para minimizar o ru\u00eddo operacional.<\/p>\n<p><img decoding=\"async\" class=\"alignnone size-full wp-image-5295\" src=\"https:\/\/www.biscuitsolution.com\/wp-content\/uploads\/2025\/03\/biscuit-crusher-machines.jpg\" alt=\"m\u00e1quina trituradora de biscoitos\" width=\"800\" height=\"450\" srcset=\"https:\/\/www.biscuitsolution.com\/wp-content\/uploads\/2025\/03\/biscuit-crusher-machines.jpg 800w, https:\/\/www.biscuitsolution.com\/wp-content\/uploads\/2025\/03\/biscuit-crusher-machines-300x169.jpg 300w, https:\/\/www.biscuitsolution.com\/wp-content\/uploads\/2025\/03\/biscuit-crusher-machines-768x432.jpg 768w, https:\/\/www.biscuitsolution.com\/wp-content\/uploads\/2025\/03\/biscuit-crusher-machines-600x338.jpg 600w, https:\/\/www.biscuitsolution.com\/wp-content\/uploads\/2025\/03\/biscuit-crusher-machines-64x36.jpg 64w\" sizes=\"(max-width: 800px) 100vw, 800px\" \/><\/p>\n<h2>Vantagens da trituradora de biscoitos<\/h2>\n<p>Produ\u00e7\u00e3o cont\u00ednua: Muitas trituradoras de biscoitos suportam alimenta\u00e7\u00e3o e descarga cont\u00ednuas, s\u00e3o adequadas para produ\u00e7\u00e3o industrial em larga escala e podem atender \u00e0s necessidades de alta produ\u00e7\u00e3o.<\/p>\n<p>Ajustabilidade: O equipamento geralmente \u00e9 equipado com uma tela ajust\u00e1vel ou com uma abertura de l\u00e2mina, e o usu\u00e1rio pode ajustar o tamanho das part\u00edculas trituradas de acordo com as necessidades, desde cavacos grossos at\u00e9 p\u00f3 fino.<\/p>\n<p>Multiuso: al\u00e9m de biscoitos, o triturador de biscoitos tamb\u00e9m pode processar nozes, cereais, frutas secas, doces, chocolate e outros materiais. Uma m\u00e1quina tem v\u00e1rios usos e economiza custos.<\/p>\n<p>Projeto com economia de energia: As modernas trituradoras de biscoitos geralmente usam motores e sistemas de transmiss\u00e3o eficientes com baixo consumo de energia. Elas tamb\u00e9m s\u00e3o equipadas com sistemas de controle inteligentes que podem ajustar automaticamente a pot\u00eancia de acordo com a carga.<\/p>\n<p><img decoding=\"async\" class=\"alignnone size-full wp-image-5296\" src=\"https:\/\/www.biscuitsolution.com\/wp-content\/uploads\/2025\/03\/crusher-machine.jpg\" alt=\"m\u00e1quina trituradora de biscoitos\" width=\"800\" height=\"450\" srcset=\"https:\/\/www.biscuitsolution.com\/wp-content\/uploads\/2025\/03\/crusher-machine.jpg 800w, https:\/\/www.biscuitsolution.com\/wp-content\/uploads\/2025\/03\/crusher-machine-300x169.jpg 300w, https:\/\/www.biscuitsolution.com\/wp-content\/uploads\/2025\/03\/crusher-machine-768x432.jpg 768w, https:\/\/www.biscuitsolution.com\/wp-content\/uploads\/2025\/03\/crusher-machine-600x338.jpg 600w, https:\/\/www.biscuitsolution.com\/wp-content\/uploads\/2025\/03\/crusher-machine-64x36.jpg 64w\" sizes=\"(max-width: 800px) 100vw, 800px\" \/><\/p>\n<h2>A m\u00e1quina trituradora de biscoitos \u00e9 vers\u00e1til em suas aplica\u00e7\u00f5es<\/h2>\n<p>Para decora\u00e7\u00f5es de panifica\u00e7\u00e3o, ele produz migalhas de biscoito que s\u00e3o comumente utilizadas para embelezar as superf\u00edcies de produtos assados, como bolos, biscoitos e crostas de torta, melhorando o sabor e o apelo visual.<\/p>\n<p>No reino do sorvete e das sobremesas, as migalhas de biscoito servem como ingrediente para introduzir camadas e uma textura crocante.<\/p>\n<p>Eles tamb\u00e9m podem ser incorporados a milkshakes e bebidas para dar um sabor diferenciado.<\/p>\n<p>Al\u00e9m disso, as migalhas de biscoito atuam como uma valiosa mat\u00e9ria-prima para barras energ\u00e9ticas e lanches saud\u00e1veis, contribuindo com energia extra e fibra alimentar.<\/p>\n<p>Com seu princ\u00edpio de tritura\u00e7\u00e3o universal e recursos de ajuste flex\u00edveis, a m\u00e1quina trituradora de biscoitos tamb\u00e9m pode ser usada para triturar uma variedade de outros alimentos e materiais. Por exemplo:<\/p>\n<ul>\n<li>Nozes: As nozes podem ser trituradas em pequenos peda\u00e7os ou em p\u00f3 para assar, fazer manteiga de nozes ou como ingredientes aliment\u00edcios.<\/li>\n<li>Gr\u00e3os e sementes: Podem ser triturados e transformados em p\u00f3 fino para panifica\u00e7\u00e3o, bebidas ou suplementos nutricionais.<\/li>\n<li>Frutas secas: As frutas secas trituradas podem ser usadas para assar, fazer barras energ\u00e9ticas ou como ingredientes de sobremesas.<\/li>\n<\/ul>\n<p>Como equipamento de processamento de alimentos, a trituradora de biscoitos tem muitas vantagens significativas, que n\u00e3o s\u00f3 melhoram a efici\u00eancia da produ\u00e7\u00e3o, mas tamb\u00e9m a qualidade do produto e o valor agregado. \u00c9 a escolha ideal para o processamento moderno de alimentos.<\/p>\n<h2>Deixe uma mensagem para obter uma cota\u00e7\u00e3o<\/h2>\n\n<div class=\"wpcf7 no-js\" id=\"wpcf7-f4619-o1\" lang=\"en-US\" dir=\"ltr\" data-wpcf7-id=\"4619\">\n<div class=\"screen-reader-response\"><p role=\"status\" aria-live=\"polite\" aria-atomic=\"true\"><\/p> <ul><\/ul><\/div>\n<form action=\"\/pt\/wp-json\/wp\/v2\/product\/5293#wpcf7-f4619-o1\" method=\"post\" class=\"wpcf7-form init\" aria-label=\"Formul\u00e1rio de contato\" novalidate=\"novalidate\" data-status=\"init\" data-trp-original-action=\"\/pt\/wp-json\/wp\/v2\/product\/5293#wpcf7-f4619-o1\">\n<div style=\"display: none;\">\n<input type=\"hidden\" name=\"_wpcf7\" value=\"4619\" \/>\n<input type=\"hidden\" name=\"_wpcf7_version\" value=\"6.0.4\" \/>\n<input type=\"hidden\" name=\"_wpcf7_locale\" value=\"en_US\" \/>\n<input type=\"hidden\" name=\"_wpcf7_unit_tag\" value=\"wpcf7-f4619-o1\" \/>\n<input type=\"hidden\" name=\"_wpcf7_container_post\" value=\"0\" \/>\n<input type=\"hidden\" name=\"_wpcf7_posted_data_hash\" value=\"\" \/>\n<\/div>\n<p><label> Seu nome*<br \/>\n<span class=\"wpcf7-form-control-wrap\" data-name=\"your-name\"><input size=\"40\" maxlength=\"400\" class=\"wpcf7-form-control wpcf7-text wpcf7-validates-as-required\" aria-required=\"true\" aria-invalid=\"false\" value=\"\" type=\"text\" name=\"your-name\" \/><\/span> <\/label>\n<\/p>\n<p><label> Seu pa\u00eds<br \/>\n<span class=\"wpcf7-form-control-wrap\" data-name=\"your-country\"><input size=\"40\" maxlength=\"400\" class=\"wpcf7-form-control wpcf7-text\" aria-invalid=\"false\" value=\"\" type=\"text\" name=\"your-country\" \/><\/span><\/label>\n<\/p>\n<p><label> Seu e-mail*<br \/>\n<span class=\"wpcf7-form-control-wrap\" data-name=\"your-email\"><input size=\"40\" maxlength=\"400\" class=\"wpcf7-form-control wpcf7-email wpcf7-validates-as-required wpcf7-text wpcf7-validates-as-email\" aria-required=\"true\" aria-invalid=\"false\" value=\"\" type=\"email\" name=\"your-email\" \/><\/span> <\/label>\n<\/p>\n<p><label> Seu telefone<br \/>\n<span class=\"wpcf7-form-control-wrap\" data-name=\"your-phone\"><input size=\"40\" maxlength=\"400\" class=\"wpcf7-form-control wpcf7-tel wpcf7-text wpcf7-validates-as-tel\" aria-invalid=\"false\" value=\"\" type=\"tel\" name=\"your-phone\" \/><\/span> <\/label>\n<\/p>\n<p><label> Nome de sua empresa<br \/>\n<span class=\"wpcf7-form-control-wrap\" data-name=\"text-457\"><input size=\"40\" maxlength=\"400\" class=\"wpcf7-form-control wpcf7-text\" aria-invalid=\"false\" value=\"\" type=\"text\" name=\"text-457\" \/><\/span> <\/label>\n<\/p>\n<p><label> Site de sua empresa<br \/>\n<span class=\"wpcf7-form-control-wrap\" data-name=\"text-546\"><input size=\"40\" maxlength=\"400\" class=\"wpcf7-form-control wpcf7-text\" aria-invalid=\"false\" value=\"\" type=\"text\" name=\"text-546\" \/><\/span> <\/label>\n<\/p>\n<p><label> Seu requisito*<br \/>\n<span class=\"wpcf7-form-control-wrap\" data-name=\"your-message\"><textarea cols=\"40\" rows=\"10\" maxlength=\"2000\" class=\"wpcf7-form-control wpcf7-textarea wpcf7-validates-as-required\" aria-required=\"true\" aria-invalid=\"false\" name=\"your-message\"><\/textarea><\/span> <\/label>\n<\/p>\n<p><input class=\"wpcf7-form-control wpcf7-submit has-spinner\" type=\"submit\" value=\"Enviar\" \/>\n<\/p><p style=\"display: none !important;\" class=\"akismet-fields-container\" data-prefix=\"_wpcf7_ak_\"><label>&#916;<textarea name=\"_wpcf7_ak_hp_textarea\" cols=\"45\" rows=\"8\" maxlength=\"100\"><\/textarea><\/label><input type=\"hidden\" id=\"ak_js_1\" name=\"_wpcf7_ak_js\" value=\"120\"\/><script>document.getElementById( \"ak_js_1\" ).setAttribute( \"value\", ( new Date() ).getTime() );<\/script><\/p><div class=\"wpcf7-response-output\" aria-hidden=\"true\"><\/div>\n<input type=\"hidden\" name=\"trp-form-language\" value=\"pt\"\/><\/form>\n<\/div>\n\n<div style='text-align:left' class='yasr-auto-insert-visitor'><\/div>","protected":false},"excerpt":{"rendered":"<p>Marca: GELGOOG<br \/>\nCondi\u00e7\u00f5es de pagamento: T\/T, L\/C, Money Gram, Western Union<br \/>\nLocal de origem: China<br \/>\nCondi\u00e7\u00f5es comerciais: Exw, FOB, CIF<br \/>\nPer\u00edodo de garantia: 12 meses<\/p>","protected":false},"featured_media":5297,"comment_status":"open","ping_status":"closed","template":"","meta":{"site-sidebar-layout":"default","site-content-layout":"","ast-site-content-layout":"default","site-content-style":"default","site-sidebar-style":"default","ast-global-header-display":"","ast-banner-title-visibility":"","ast-main-header-display":"","ast-hfb-above-header-display":"","ast-hfb-below-header-display":"","ast-hfb-mobile-header-display":"","site-post-title":"","ast-breadcrumbs-content":"","ast-featured-img":"","footer-sml-layout":"","theme-transparent-header-meta":"default","adv-header-id-meta":"","stick-header-meta":"","header-above-stick-meta":"","header-main-stick-meta":"","header-below-stick-meta":"","astra-migrate-meta-layouts":"set","ast-page-background-enabled":"default","ast-page-background-meta":{"desktop":{"background-color":"","background-image":"","background-repeat":"repeat","background-position":"center center","background-size":"auto","background-attachment":"scroll","background-type":"","background-media":"","overlay-type":"","overlay-color":"","overlay-opacity":"","overlay-gradient":""},"tablet":{"background-color":"","background-image":"","background-repeat":"repeat","background-position":"center center","background-size":"auto","background-attachment":"scroll","background-type":"","background-media":"","overlay-type":"","overlay-color":"","overlay-opacity":"","overlay-gradient":""},"mobile":{"background-color":"","background-image":"","background-repeat":"repeat","background-position":"center center","background-size":"auto","background-attachment":"scroll","background-type":"","background-media":"","overlay-type":"","overlay-color":"","overlay-opacity":"","overlay-gradient":""}},"ast-content-background-meta":{"desktop":{"background-color":"var(--ast-global-color-5)","background-image":"","background-repeat":"repeat","background-position":"center center","background-size":"auto","background-attachment":"scroll","background-type":"","background-media":"","overlay-type":"","overlay-color":"","overlay-opacity":"","overlay-gradient":""},"tablet":{"background-color":"var(--ast-global-color-5)","background-image":"","background-repeat":"repeat","background-position":"center center","background-size":"auto","background-attachment":"scroll","background-type":"","background-media":"","overlay-type":"","overlay-color":"","overlay-opacity":"","overlay-gradient":""},"mobile":{"background-color":"var(--ast-global-color-5)","background-image":"","background-repeat":"repeat","background-position":"center center","background-size":"auto","background-attachment":"scroll","background-type":"","background-media":"","overlay-type":"","overlay-color":"","overlay-opacity":"","overlay-gradient":""}},"yasr_overall_rating":0,"yasr_post_is_review":"","yasr_auto_insert_disabled":"","yasr_review_type":""},"product_brand":[],"product_cat":[22],"product_tag":[],"class_list":{"0":"post-5293","1":"product","2":"type-product","3":"status-publish","4":"has-post-thumbnail","6":"product_cat-hard-biscuit-production-line","7":"desktop-align-left","8":"tablet-align-left","9":"mobile-align-left","11":"first","12":"instock","13":"shipping-taxable","14":"product-type-simple"},"yoast_head":"<!-- This site is optimized with the Yoast SEO plugin v24.4 - https:\/\/yoast.com\/wordpress\/plugins\/seo\/ -->\n<title>Industrial Biscuit Crusher Machine Multipurpose - Biscuit Production Solution Manufacturer<\/title>\n<meta name=\"description\" content=\"The biscuit crusher machine can crush biscuits accurately and can be recycled. It can also be used to crush various nuts to increase the taste of biscuits.\" \/>\n<meta name=\"robots\" content=\"index, follow, max-snippet:-1, max-image-preview:large, max-video-preview:-1\" \/>\n<link rel=\"canonical\" href=\"https:\/\/www.biscuitsolution.com\/pt\/produto\/industrial-biscuit-crusher-machine-multipurpose\/\" \/>\n<meta property=\"og:locale\" content=\"pt_BR\" \/>\n<meta property=\"og:type\" content=\"article\" \/>\n<meta property=\"og:title\" content=\"Industrial Biscuit Crusher Machine Multipurpose - Biscuit Production Solution Manufacturer\" \/>\n<meta property=\"og:description\" content=\"The biscuit crusher machine can crush biscuits accurately and can be recycled. It can also be used to crush various nuts to increase the taste of biscuits.\" \/>\n<meta property=\"og:url\" content=\"https:\/\/www.biscuitsolution.com\/pt\/produto\/industrial-biscuit-crusher-machine-multipurpose\/\" \/>\n<meta property=\"og:site_name\" content=\"Biscuit Production Solution Manufacturer\" \/>\n<meta property=\"article:publisher\" content=\"https:\/\/www.facebook.com\/profile.php?id=100095205040823\" \/>\n<meta property=\"article:modified_time\" content=\"2025-03-06T09:31:55+00:00\" \/>\n<meta property=\"og:image\" content=\"https:\/\/www.biscuitsolution.com\/wp-content\/uploads\/2025\/03\/biscuit-crusher-machine.jpg\" \/>\n\t<meta property=\"og:image:width\" content=\"600\" \/>\n\t<meta property=\"og:image:height\" content=\"600\" \/>\n\t<meta property=\"og:image:type\" content=\"image\/jpeg\" \/>\n<meta name=\"twitter:card\" content=\"summary_large_image\" \/>\n<meta name=\"twitter:site\" content=\"@shanna_zha26342\" \/>\n<meta name=\"twitter:label1\" content=\"Est. tempo de leitura\" \/>\n\t<meta name=\"twitter:data1\" content=\"3 minutos\" \/>\n<script type=\"application\/ld+json\" class=\"yoast-schema-graph\">{\"@context\":\"https:\/\/schema.org\",\"@graph\":[{\"@type\":\"WebPage\",\"@id\":\"https:\/\/www.biscuitsolution.com\/product\/industrial-biscuit-crusher-machine-multipurpose\/\",\"url\":\"https:\/\/www.biscuitsolution.com\/product\/industrial-biscuit-crusher-machine-multipurpose\/\",\"name\":\"Industrial Biscuit Crusher Machine Multipurpose - Biscuit Production Solution Manufacturer\",\"isPartOf\":{\"@id\":\"https:\/\/www.biscuitsolution.com\/#website\"},\"primaryImageOfPage\":{\"@id\":\"https:\/\/www.biscuitsolution.com\/product\/industrial-biscuit-crusher-machine-multipurpose\/#primaryimage\"},\"image\":{\"@id\":\"https:\/\/www.biscuitsolution.com\/product\/industrial-biscuit-crusher-machine-multipurpose\/#primaryimage\"},\"thumbnailUrl\":\"https:\/\/www.biscuitsolution.com\/wp-content\/uploads\/2025\/03\/biscuit-crusher-machine.jpg\",\"datePublished\":\"2025-03-04T10:14:10+00:00\",\"dateModified\":\"2025-03-06T09:31:55+00:00\",\"description\":\"The biscuit crusher machine can crush biscuits accurately and can be recycled. It can also be used to crush various nuts to increase the taste of biscuits.\",\"breadcrumb\":{\"@id\":\"https:\/\/www.biscuitsolution.com\/product\/industrial-biscuit-crusher-machine-multipurpose\/#breadcrumb\"},\"inLanguage\":\"pt-BR\",\"potentialAction\":[{\"@type\":\"ReadAction\",\"target\":[\"https:\/\/www.biscuitsolution.com\/product\/industrial-biscuit-crusher-machine-multipurpose\/\"]}]},{\"@type\":\"ImageObject\",\"inLanguage\":\"pt-BR\",\"@id\":\"https:\/\/www.biscuitsolution.com\/product\/industrial-biscuit-crusher-machine-multipurpose\/#primaryimage\",\"url\":\"https:\/\/www.biscuitsolution.com\/wp-content\/uploads\/2025\/03\/biscuit-crusher-machine.jpg\",\"contentUrl\":\"https:\/\/www.biscuitsolution.com\/wp-content\/uploads\/2025\/03\/biscuit-crusher-machine.jpg\",\"width\":600,\"height\":600,\"caption\":\"biscuit crusher machine\"},{\"@type\":\"BreadcrumbList\",\"@id\":\"https:\/\/www.biscuitsolution.com\/product\/industrial-biscuit-crusher-machine-multipurpose\/#breadcrumb\",\"itemListElement\":[{\"@type\":\"ListItem\",\"position\":1,\"name\":\"Home\",\"item\":\"https:\/\/www.biscuitsolution.com\/\"},{\"@type\":\"ListItem\",\"position\":2,\"name\":\"Product\",\"item\":\"https:\/\/www.biscuitsolution.com\/product\/\"},{\"@type\":\"ListItem\",\"position\":3,\"name\":\"Industrial Biscuit Crusher Machine Multipurpose\"}]},{\"@type\":\"WebSite\",\"@id\":\"https:\/\/www.biscuitsolution.com\/#website\",\"url\":\"https:\/\/www.biscuitsolution.com\/\",\"name\":\"Biscuit Production Solution Manufacturer\",\"description\":\"\",\"potentialAction\":[{\"@type\":\"SearchAction\",\"target\":{\"@type\":\"EntryPoint\",\"urlTemplate\":\"https:\/\/www.biscuitsolution.com\/?s={search_term_string}\"},\"query-input\":{\"@type\":\"PropertyValueSpecification\",\"valueRequired\":true,\"valueName\":\"search_term_string\"}}],\"inLanguage\":\"pt-BR\"},false]}<\/script>\n<!-- \/ Yoast SEO plugin. -->","yoast_head_json":{"title":"M\u00e1quina trituradora de biscoitos industrial multiuso - Fabricante de solu\u00e7\u00f5es para produ\u00e7\u00e3o de biscoitos","description":"A m\u00e1quina trituradora de biscoitos pode triturar biscoitos com precis\u00e3o e pode ser reciclada. Ela tamb\u00e9m pode ser usada para triturar v\u00e1rias nozes para aumentar o sabor dos biscoitos.","robots":{"index":"index","follow":"follow","max-snippet":"max-snippet:-1","max-image-preview":"max-image-preview:large","max-video-preview":"max-video-preview:-1"},"canonical":"https:\/\/www.biscuitsolution.com\/pt\/produto\/industrial-biscuit-crusher-machine-multipurpose\/","og_locale":"pt_BR","og_type":"article","og_title":"Industrial Biscuit Crusher Machine Multipurpose - Biscuit Production Solution Manufacturer","og_description":"The biscuit crusher machine can crush biscuits accurately and can be recycled. It can also be used to crush various nuts to increase the taste of biscuits.","og_url":"https:\/\/www.biscuitsolution.com\/pt\/produto\/industrial-biscuit-crusher-machine-multipurpose\/","og_site_name":"Biscuit Production Solution Manufacturer","article_publisher":"https:\/\/www.facebook.com\/profile.php?id=100095205040823","article_modified_time":"2025-03-06T09:31:55+00:00","og_image":[{"width":600,"height":600,"url":"https:\/\/www.biscuitsolution.com\/wp-content\/uploads\/2025\/03\/biscuit-crusher-machine.jpg","type":"image\/jpeg"}],"twitter_card":"summary_large_image","twitter_site":"@shanna_zha26342","twitter_misc":{"Est. tempo de leitura":"3 minutos"},"schema":{"@context":"https:\/\/schema.org","@graph":[{"@type":"WebPage","@id":"https:\/\/www.biscuitsolution.com\/product\/industrial-biscuit-crusher-machine-multipurpose\/","url":"https:\/\/www.biscuitsolution.com\/product\/industrial-biscuit-crusher-machine-multipurpose\/","name":"M\u00e1quina trituradora de biscoitos industrial multiuso - Fabricante de solu\u00e7\u00f5es para produ\u00e7\u00e3o de biscoitos","isPartOf":{"@id":"https:\/\/www.biscuitsolution.com\/#website"},"primaryImageOfPage":{"@id":"https:\/\/www.biscuitsolution.com\/product\/industrial-biscuit-crusher-machine-multipurpose\/#primaryimage"},"image":{"@id":"https:\/\/www.biscuitsolution.com\/product\/industrial-biscuit-crusher-machine-multipurpose\/#primaryimage"},"thumbnailUrl":"https:\/\/www.biscuitsolution.com\/wp-content\/uploads\/2025\/03\/biscuit-crusher-machine.jpg","datePublished":"2025-03-04T10:14:10+00:00","dateModified":"2025-03-06T09:31:55+00:00","description":"A m\u00e1quina trituradora de biscoitos pode triturar biscoitos com precis\u00e3o e pode ser reciclada. Ela tamb\u00e9m pode ser usada para triturar v\u00e1rias nozes para aumentar o sabor dos biscoitos.","breadcrumb":{"@id":"https:\/\/www.biscuitsolution.com\/product\/industrial-biscuit-crusher-machine-multipurpose\/#breadcrumb"},"inLanguage":"pt-BR","potentialAction":[{"@type":"ReadAction","target":["https:\/\/www.biscuitsolution.com\/product\/industrial-biscuit-crusher-machine-multipurpose\/"]}]},{"@type":"ImageObject","inLanguage":"pt-BR","@id":"https:\/\/www.biscuitsolution.com\/product\/industrial-biscuit-crusher-machine-multipurpose\/#primaryimage","url":"https:\/\/www.biscuitsolution.com\/wp-content\/uploads\/2025\/03\/biscuit-crusher-machine.jpg","contentUrl":"https:\/\/www.biscuitsolution.com\/wp-content\/uploads\/2025\/03\/biscuit-crusher-machine.jpg","width":600,"height":600,"caption":"biscuit crusher machine"},{"@type":"BreadcrumbList","@id":"https:\/\/www.biscuitsolution.com\/product\/industrial-biscuit-crusher-machine-multipurpose\/#breadcrumb","itemListElement":[{"@type":"ListItem","position":1,"name":"Home","item":"https:\/\/www.biscuitsolution.com\/"},{"@type":"ListItem","position":2,"name":"Product","item":"https:\/\/www.biscuitsolution.com\/product\/"},{"@type":"ListItem","position":3,"name":"Industrial Biscuit Crusher Machine Multipurpose"}]},{"@type":"WebSite","@id":"https:\/\/www.biscuitsolution.com\/#website","url":"https:\/\/www.biscuitsolution.com\/","name":"Fabricante de solu\u00e7\u00f5es para produ\u00e7\u00e3o de biscoitos","description":"","potentialAction":[{"@type":"SearchAction","target":{"@type":"EntryPoint","urlTemplate":"https:\/\/www.biscuitsolution.com\/?s={search_term_string}"},"query-input":{"@type":"PropertyValueSpecification","valueRequired":true,"valueName":"search_term_string"}}],"inLanguage":"pt-BR"},false]}},"yasr_visitor_votes":{"stars_attributes":{"read_only":false,"span_bottom":false},"number_of_votes":1,"sum_votes":5},"_links":{"self":[{"href":"https:\/\/www.biscuitsolution.com\/pt\/wp-json\/wp\/v2\/product\/5293","targetHints":{"allow":["GET"]}}],"collection":[{"href":"https:\/\/www.biscuitsolution.com\/pt\/wp-json\/wp\/v2\/product"}],"about":[{"href":"https:\/\/www.biscuitsolution.com\/pt\/wp-json\/wp\/v2\/types\/product"}],"replies":[{"embeddable":true,"href":"https:\/\/www.biscuitsolution.com\/pt\/wp-json\/wp\/v2\/comments?post=5293"}],"version-history":[{"count":3,"href":"https:\/\/www.biscuitsolution.com\/pt\/wp-json\/wp\/v2\/product\/5293\/revisions"}],"predecessor-version":[{"id":5336,"href":"https:\/\/www.biscuitsolution.com\/pt\/wp-json\/wp\/v2\/product\/5293\/revisions\/5336"}],"wp:featuredmedia":[{"embeddable":true,"href":"https:\/\/www.biscuitsolution.com\/pt\/wp-json\/wp\/v2\/media\/5297"}],"wp:attachment":[{"href":"https:\/\/www.biscuitsolution.com\/pt\/wp-json\/wp\/v2\/media?parent=5293"}],"wp:term":[{"taxonomy":"product_brand","embeddable":true,"href":"https:\/\/www.biscuitsolution.com\/pt\/wp-json\/wp\/v2\/product_brand?post=5293"},{"taxonomy":"product_cat","embeddable":true,"href":"https:\/\/www.biscuitsolution.com\/pt\/wp-json\/wp\/v2\/product_cat?post=5293"},{"taxonomy":"product_tag","embeddable":true,"href":"https:\/\/www.biscuitsolution.com\/pt\/wp-json\/wp\/v2\/product_tag?post=5293"}],"curies":[{"name":"wp","href":"https:\/\/api.w.org\/{rel}","templated":true}]}}