{"id":5285,"date":"2025-03-04T17:49:12","date_gmt":"2025-03-04T09:49:12","guid":{"rendered":"https:\/\/www.biscuitsolution.com\/?post_type=product&#038;p=5285"},"modified":"2025-03-06T17:31:30","modified_gmt":"2025-03-06T09:31:30","slug":"intelligent-biscuit-baking-tunnel-oven-large-output","status":"publish","type":"product","link":"https:\/\/www.biscuitsolution.com\/pt\/produto\/intelligent-biscuit-baking-tunnel-oven-large-output\/","title":{"rendered":"Forno t\u00fanel inteligente para assar biscoitos com grande capacidade"},"content":{"rendered":"<h2>Introdu\u00e7\u00e3o ao forno t\u00fanel para assar biscoitos<\/h2>\n<p>O forno de t\u00fanel de cozimento de biscoitos inteligente \u00e9 um equipamento de cozimento inteligente projetado para a produ\u00e7\u00e3o de biscoitos em larga escala. Ele realiza cozimento ininterrupto durante 24 horas por meio de uma estrutura de t\u00fanel cont\u00ednuo, e a capacidade de produ\u00e7\u00e3o di\u00e1ria pode chegar a v\u00e1rias toneladas.<\/p>\n<p><img fetchpriority=\"high\" decoding=\"async\" class=\"alignnone size-full wp-image-5286\" src=\"https:\/\/www.biscuitsolution.com\/wp-content\/uploads\/2025\/03\/biscuit-baking-oven.jpg\" alt=\"forno t\u00fanel para assar biscoitos\" width=\"800\" height=\"450\" srcset=\"https:\/\/www.biscuitsolution.com\/wp-content\/uploads\/2025\/03\/biscuit-baking-oven.jpg 800w, https:\/\/www.biscuitsolution.com\/wp-content\/uploads\/2025\/03\/biscuit-baking-oven-300x169.jpg 300w, https:\/\/www.biscuitsolution.com\/wp-content\/uploads\/2025\/03\/biscuit-baking-oven-768x432.jpg 768w, https:\/\/www.biscuitsolution.com\/wp-content\/uploads\/2025\/03\/biscuit-baking-oven-600x338.jpg 600w, https:\/\/www.biscuitsolution.com\/wp-content\/uploads\/2025\/03\/biscuit-baking-oven-64x36.jpg 64w\" sizes=\"(max-width: 800px) 100vw, 800px\" \/><\/p>\n<h2>Composi\u00e7\u00e3o e opera\u00e7\u00e3o da estrutura do forno de t\u00fanel<\/h2>\n<ul>\n<li>Sistema de forno: cavidade do forno de isolamento segmentado (geralmente de 3 a 5 zonas), com suporte a controle de temperatura independente (faixa de temperatura: 150-300\u00b0C).<\/li>\n<li>Sistema de transporte: corrente ou esteira de malha resistente a altas temperaturas, velocidade ajust\u00e1vel (0,5 a 5 m\/min), adequada para diferentes espessuras de biscoito.<\/li>\n<li>Sistema de aquecimento: aquecimento el\u00e9trico, aquecimento a g\u00e1s ou m\u00f3dulo de aquecimento infravermelho, com alta efici\u00eancia e economia de energia.<\/li>\n<li>Sistema de controle inteligente: Tela sens\u00edvel ao toque + sensor PLC, com suporte a receitas predefinidas, alarme de falhas e monitoramento remoto.<\/li>\n<\/ul>\n<p>Processo de opera\u00e7\u00e3o: a massa entra na entrada do forno t\u00fanel ap\u00f3s a m\u00e1quina de moldagem \u2192 passa por cada zona de temperatura a uma velocidade uniforme por meio da esteira transportadora \u2192 o sistema inteligente de controle de temperatura ajusta dinamicamente os par\u00e2metros \u2192 o produto acabado \u00e9 resfriado e sai pela sa\u00edda.<\/p>\n<p><img decoding=\"async\" class=\"alignnone size-full wp-image-5287\" src=\"https:\/\/www.biscuitsolution.com\/wp-content\/uploads\/2025\/03\/biscuit-baking-ovens.jpg\" alt=\"forno t\u00fanel para assar biscoitos\" width=\"800\" height=\"450\" srcset=\"https:\/\/www.biscuitsolution.com\/wp-content\/uploads\/2025\/03\/biscuit-baking-ovens.jpg 800w, https:\/\/www.biscuitsolution.com\/wp-content\/uploads\/2025\/03\/biscuit-baking-ovens-300x169.jpg 300w, https:\/\/www.biscuitsolution.com\/wp-content\/uploads\/2025\/03\/biscuit-baking-ovens-768x432.jpg 768w, https:\/\/www.biscuitsolution.com\/wp-content\/uploads\/2025\/03\/biscuit-baking-ovens-600x338.jpg 600w, https:\/\/www.biscuitsolution.com\/wp-content\/uploads\/2025\/03\/biscuit-baking-ovens-64x36.jpg 64w\" sizes=\"(max-width: 800px) 100vw, 800px\" \/><\/p>\n<h2>Vantagens do forno para assar biscoitos<\/h2>\n<ul>\n<li>Capacidade de produ\u00e7\u00e3o eficiente: Os biscoitos passam por diferentes zonas de temperatura por meio de uma correia transportadora cont\u00ednua para obter um cozimento ininterrupto, o que pode atender a um grande n\u00famero de necessidades de produ\u00e7\u00e3o de biscoitos.<\/li>\n<li>Temperatura precisa: Pode fornecer distribui\u00e7\u00e3o uniforme de calor e controle preciso da temperatura para garantir um efeito consistente de assar biscoitos e aquecimento uniforme dos biscoitos, o que pode garantir a apar\u00eancia e o sabor dos biscoitos.<\/li>\n<li>Produtos diversificados: Al\u00e9m de biscoitos, os fornos de t\u00fanel tamb\u00e9m podem ser usados para assar outros produtos de panifica\u00e7\u00e3o, como p\u00e3es, bolos, bolos lunares, tortas de gema de ovo, etc. Seu controle flex\u00edvel de temperatura e tempo tamb\u00e9m \u00e9 adequado para a produ\u00e7\u00e3o de biscoitos com diferentes receitas e tipos.<\/li>\n<li>Alta efici\u00eancia energ\u00e9tica: O forno de t\u00fanel para assar biscoitos adota materiais de isolamento eficientes e sistemas de recupera\u00e7\u00e3o de calor para reduzir a perda de calor e o consumo de energia.<\/li>\n<li>Escalabilidade: Pode ser ajustado de acordo com a escala da linha de produ\u00e7\u00e3o para atender \u00e0s necessidades de expans\u00e3o futura da empresa.<\/li>\n<\/ul>\n<p><img decoding=\"async\" class=\"alignnone size-full wp-image-5288\" src=\"https:\/\/www.biscuitsolution.com\/wp-content\/uploads\/2025\/03\/biscuit-tunnel-oven.jpg\" alt=\"forno t\u00fanel para assar biscoitos\" width=\"800\" height=\"450\" srcset=\"https:\/\/www.biscuitsolution.com\/wp-content\/uploads\/2025\/03\/biscuit-tunnel-oven.jpg 800w, https:\/\/www.biscuitsolution.com\/wp-content\/uploads\/2025\/03\/biscuit-tunnel-oven-300x169.jpg 300w, https:\/\/www.biscuitsolution.com\/wp-content\/uploads\/2025\/03\/biscuit-tunnel-oven-768x432.jpg 768w, https:\/\/www.biscuitsolution.com\/wp-content\/uploads\/2025\/03\/biscuit-tunnel-oven-600x338.jpg 600w, https:\/\/www.biscuitsolution.com\/wp-content\/uploads\/2025\/03\/biscuit-tunnel-oven-64x36.jpg 64w\" sizes=\"(max-width: 800px) 100vw, 800px\" \/><\/p>\n<h2>O forno t\u00fanel de biscoitos se adapta ao cen\u00e1rio<\/h2>\n<ol>\n<li>F\u00e1brica de alimentos em larga escala: linha de produ\u00e7\u00e3o de biscoitos com uma produ\u00e7\u00e3o m\u00e9dia di\u00e1ria de mais de 10 toneladas.<\/li>\n<li>Cadeia de empresas de panifica\u00e7\u00e3o: produ\u00e7\u00e3o centralizada na cozinha central para garantir um sabor padronizado.<\/li>\n<li>Empresas voltadas para a exporta\u00e7\u00e3o: atendem aos requisitos da certifica\u00e7\u00e3o internacional de alimentos (como HACCP, ISO) para a higiene e estabilidade dos equipamentos.<\/li>\n<li>Necessidades especiais: Fun\u00e7\u00f5es adicionais, como pulveriza\u00e7\u00e3o de \u00f3leo, aspers\u00e3o de a\u00e7\u00facar, resfriamento, etc., podem ser integradas para expandir a linha de produtos.<\/li>\n<\/ol>\n<p><img loading=\"lazy\" decoding=\"async\" class=\"alignnone size-full wp-image-5289\" src=\"https:\/\/www.biscuitsolution.com\/wp-content\/uploads\/2025\/03\/tunnel-oven.jpg\" alt=\"forno para assar biscoitos\" width=\"800\" height=\"450\" srcset=\"https:\/\/www.biscuitsolution.com\/wp-content\/uploads\/2025\/03\/tunnel-oven.jpg 800w, https:\/\/www.biscuitsolution.com\/wp-content\/uploads\/2025\/03\/tunnel-oven-300x169.jpg 300w, https:\/\/www.biscuitsolution.com\/wp-content\/uploads\/2025\/03\/tunnel-oven-768x432.jpg 768w, https:\/\/www.biscuitsolution.com\/wp-content\/uploads\/2025\/03\/tunnel-oven-600x338.jpg 600w, https:\/\/www.biscuitsolution.com\/wp-content\/uploads\/2025\/03\/tunnel-oven-64x36.jpg 64w\" sizes=\"(max-width: 800px) 100vw, 800px\" \/><\/p>\n<p>Os fornos de t\u00fanel para biscoitos s\u00e3o amplamente utilizados na produ\u00e7\u00e3o em larga escala no setor de processamento de alimentos devido \u00e0 sua alta efici\u00eancia, uniformidade e flexibilidade, e s\u00e3o especialmente adequados para a produ\u00e7\u00e3o cont\u00ednua de produtos assados, como biscoitos e cookies. Se forem necess\u00e1rias solu\u00e7\u00f5es personalizadas ou par\u00e2metros t\u00e9cnicos, podemos oferecer mais consultas.<\/p>\n<h2>Deixe uma mensagem para obter uma cota\u00e7\u00e3o<\/h2>\n\n<div class=\"wpcf7 no-js\" id=\"wpcf7-f4619-o1\" lang=\"en-US\" dir=\"ltr\" data-wpcf7-id=\"4619\">\n<div class=\"screen-reader-response\"><p role=\"status\" aria-live=\"polite\" aria-atomic=\"true\"><\/p> <ul><\/ul><\/div>\n<form action=\"\/pt\/wp-json\/wp\/v2\/product\/5285#wpcf7-f4619-o1\" method=\"post\" class=\"wpcf7-form init\" aria-label=\"Formul\u00e1rio de contato\" novalidate=\"novalidate\" data-status=\"init\" data-trp-original-action=\"\/pt\/wp-json\/wp\/v2\/product\/5285#wpcf7-f4619-o1\">\n<div style=\"display: none;\">\n<input type=\"hidden\" name=\"_wpcf7\" value=\"4619\" \/>\n<input type=\"hidden\" name=\"_wpcf7_version\" value=\"6.0.4\" \/>\n<input type=\"hidden\" name=\"_wpcf7_locale\" value=\"en_US\" \/>\n<input type=\"hidden\" name=\"_wpcf7_unit_tag\" value=\"wpcf7-f4619-o1\" \/>\n<input type=\"hidden\" name=\"_wpcf7_container_post\" value=\"0\" \/>\n<input type=\"hidden\" name=\"_wpcf7_posted_data_hash\" value=\"\" \/>\n<\/div>\n<p><label> Seu nome*<br \/>\n<span class=\"wpcf7-form-control-wrap\" data-name=\"your-name\"><input size=\"40\" maxlength=\"400\" class=\"wpcf7-form-control wpcf7-text wpcf7-validates-as-required\" aria-required=\"true\" aria-invalid=\"false\" value=\"\" type=\"text\" name=\"your-name\" \/><\/span> <\/label>\n<\/p>\n<p><label> Seu pa\u00eds<br \/>\n<span class=\"wpcf7-form-control-wrap\" data-name=\"your-country\"><input size=\"40\" maxlength=\"400\" class=\"wpcf7-form-control wpcf7-text\" aria-invalid=\"false\" value=\"\" type=\"text\" name=\"your-country\" \/><\/span><\/label>\n<\/p>\n<p><label> Seu e-mail*<br \/>\n<span class=\"wpcf7-form-control-wrap\" data-name=\"your-email\"><input size=\"40\" maxlength=\"400\" class=\"wpcf7-form-control wpcf7-email wpcf7-validates-as-required wpcf7-text wpcf7-validates-as-email\" aria-required=\"true\" aria-invalid=\"false\" value=\"\" type=\"email\" name=\"your-email\" \/><\/span> <\/label>\n<\/p>\n<p><label> Seu telefone<br \/>\n<span class=\"wpcf7-form-control-wrap\" data-name=\"your-phone\"><input size=\"40\" maxlength=\"400\" class=\"wpcf7-form-control wpcf7-tel wpcf7-text wpcf7-validates-as-tel\" aria-invalid=\"false\" value=\"\" type=\"tel\" name=\"your-phone\" \/><\/span> <\/label>\n<\/p>\n<p><label> Nome de sua empresa<br \/>\n<span class=\"wpcf7-form-control-wrap\" data-name=\"text-457\"><input size=\"40\" maxlength=\"400\" class=\"wpcf7-form-control wpcf7-text\" aria-invalid=\"false\" value=\"\" type=\"text\" name=\"text-457\" \/><\/span> <\/label>\n<\/p>\n<p><label> Site de sua empresa<br \/>\n<span class=\"wpcf7-form-control-wrap\" data-name=\"text-546\"><input size=\"40\" maxlength=\"400\" class=\"wpcf7-form-control wpcf7-text\" aria-invalid=\"false\" value=\"\" type=\"text\" name=\"text-546\" \/><\/span> <\/label>\n<\/p>\n<p><label> Seu requisito*<br \/>\n<span class=\"wpcf7-form-control-wrap\" data-name=\"your-message\"><textarea cols=\"40\" rows=\"10\" maxlength=\"2000\" class=\"wpcf7-form-control wpcf7-textarea wpcf7-validates-as-required\" aria-required=\"true\" aria-invalid=\"false\" name=\"your-message\"><\/textarea><\/span> <\/label>\n<\/p>\n<p><input class=\"wpcf7-form-control wpcf7-submit has-spinner\" type=\"submit\" value=\"Enviar\" \/>\n<\/p><p style=\"display: none !important;\" class=\"akismet-fields-container\" data-prefix=\"_wpcf7_ak_\"><label>&#916;<textarea name=\"_wpcf7_ak_hp_textarea\" cols=\"45\" rows=\"8\" maxlength=\"100\"><\/textarea><\/label><input type=\"hidden\" id=\"ak_js_1\" name=\"_wpcf7_ak_js\" value=\"95\"\/><script>document.getElementById( \"ak_js_1\" ).setAttribute( \"value\", ( new Date() ).getTime() );<\/script><\/p><div class=\"wpcf7-response-output\" aria-hidden=\"true\"><\/div>\n<input type=\"hidden\" name=\"trp-form-language\" value=\"pt\"\/><\/form>\n<\/div>\n\n<div style='text-align:left' class='yasr-auto-insert-visitor'><\/div>","protected":false},"excerpt":{"rendered":"<p>Marca: GELGOOG<\/p>\n<p>Tens\u00e3o: 380V<\/p>\n<p>E-mail: shanna@machinehall.com<\/p>\n<p>Tel: +8618638676709<\/p>","protected":false},"featured_media":5290,"comment_status":"open","ping_status":"closed","template":"","meta":{"site-sidebar-layout":"default","site-content-layout":"","ast-site-content-layout":"default","site-content-style":"default","site-sidebar-style":"default","ast-global-header-display":"","ast-banner-title-visibility":"","ast-main-header-display":"","ast-hfb-above-header-display":"","ast-hfb-below-header-display":"","ast-hfb-mobile-header-display":"","site-post-title":"","ast-breadcrumbs-content":"","ast-featured-img":"","footer-sml-layout":"","theme-transparent-header-meta":"default","adv-header-id-meta":"","stick-header-meta":"","header-above-stick-meta":"","header-main-stick-meta":"","header-below-stick-meta":"","astra-migrate-meta-layouts":"set","ast-page-background-enabled":"default","ast-page-background-meta":{"desktop":{"background-color":"","background-image":"","background-repeat":"repeat","background-position":"center center","background-size":"auto","background-attachment":"scroll","background-type":"","background-media":"","overlay-type":"","overlay-color":"","overlay-opacity":"","overlay-gradient":""},"tablet":{"background-color":"","background-image":"","background-repeat":"repeat","background-position":"center center","background-size":"auto","background-attachment":"scroll","background-type":"","background-media":"","overlay-type":"","overlay-color":"","overlay-opacity":"","overlay-gradient":""},"mobile":{"background-color":"","background-image":"","background-repeat":"repeat","background-position":"center center","background-size":"auto","background-attachment":"scroll","background-type":"","background-media":"","overlay-type":"","overlay-color":"","overlay-opacity":"","overlay-gradient":""}},"ast-content-background-meta":{"desktop":{"background-color":"var(--ast-global-color-5)","background-image":"","background-repeat":"repeat","background-position":"center center","background-size":"auto","background-attachment":"scroll","background-type":"","background-media":"","overlay-type":"","overlay-color":"","overlay-opacity":"","overlay-gradient":""},"tablet":{"background-color":"var(--ast-global-color-5)","background-image":"","background-repeat":"repeat","background-position":"center center","background-size":"auto","background-attachment":"scroll","background-type":"","background-media":"","overlay-type":"","overlay-color":"","overlay-opacity":"","overlay-gradient":""},"mobile":{"background-color":"var(--ast-global-color-5)","background-image":"","background-repeat":"repeat","background-position":"center center","background-size":"auto","background-attachment":"scroll","background-type":"","background-media":"","overlay-type":"","overlay-color":"","overlay-opacity":"","overlay-gradient":""}},"yasr_overall_rating":0,"yasr_post_is_review":"","yasr_auto_insert_disabled":"","yasr_review_type":""},"product_brand":[],"product_cat":[22],"product_tag":[],"class_list":{"0":"post-5285","1":"product","2":"type-product","3":"status-publish","4":"has-post-thumbnail","6":"product_cat-hard-biscuit-production-line","7":"desktop-align-left","8":"tablet-align-left","9":"mobile-align-left","11":"first","12":"instock","13":"shipping-taxable","14":"product-type-simple"},"yoast_head":"<!-- This site is optimized with the Yoast SEO plugin v24.4 - https:\/\/yoast.com\/wordpress\/plugins\/seo\/ -->\n<title>Intelligent Biscuit Baking Tunnel Oven Large Output<\/title>\n<meta name=\"description\" content=\"Biscuit baking tunnel oven can realize uninterrupted baking of large quantities of biscuits and can intelligently adjust the temperature to ensure quality.\" \/>\n<meta name=\"robots\" content=\"index, follow, max-snippet:-1, max-image-preview:large, max-video-preview:-1\" \/>\n<link rel=\"canonical\" href=\"https:\/\/www.biscuitsolution.com\/pt\/produto\/intelligent-biscuit-baking-tunnel-oven-large-output\/\" \/>\n<meta property=\"og:locale\" content=\"pt_BR\" \/>\n<meta property=\"og:type\" content=\"article\" \/>\n<meta property=\"og:title\" content=\"Intelligent Biscuit Baking Tunnel Oven Large Output\" \/>\n<meta property=\"og:description\" content=\"Biscuit baking tunnel oven can realize uninterrupted baking of large quantities of biscuits and can intelligently adjust the temperature to ensure quality.\" \/>\n<meta property=\"og:url\" content=\"https:\/\/www.biscuitsolution.com\/pt\/produto\/intelligent-biscuit-baking-tunnel-oven-large-output\/\" \/>\n<meta property=\"og:site_name\" content=\"Biscuit Production Solution Manufacturer\" \/>\n<meta property=\"article:publisher\" content=\"https:\/\/www.facebook.com\/profile.php?id=100095205040823\" \/>\n<meta property=\"article:modified_time\" content=\"2025-03-06T09:31:30+00:00\" \/>\n<meta property=\"og:image\" content=\"https:\/\/www.biscuitsolution.com\/wp-content\/uploads\/2025\/03\/biscuit-baking-tunnel-oven.jpg\" \/>\n\t<meta property=\"og:image:width\" content=\"600\" \/>\n\t<meta property=\"og:image:height\" content=\"600\" \/>\n\t<meta property=\"og:image:type\" content=\"image\/jpeg\" \/>\n<meta name=\"twitter:card\" content=\"summary_large_image\" \/>\n<meta name=\"twitter:site\" content=\"@shanna_zha26342\" \/>\n<meta name=\"twitter:label1\" content=\"Est. tempo de leitura\" \/>\n\t<meta name=\"twitter:data1\" content=\"3 minutos\" \/>\n<script type=\"application\/ld+json\" class=\"yoast-schema-graph\">{\"@context\":\"https:\/\/schema.org\",\"@graph\":[{\"@type\":\"WebPage\",\"@id\":\"https:\/\/www.biscuitsolution.com\/product\/intelligent-biscuit-baking-tunnel-oven-large-output\/\",\"url\":\"https:\/\/www.biscuitsolution.com\/product\/intelligent-biscuit-baking-tunnel-oven-large-output\/\",\"name\":\"Intelligent Biscuit Baking Tunnel Oven Large Output\",\"isPartOf\":{\"@id\":\"https:\/\/www.biscuitsolution.com\/#website\"},\"primaryImageOfPage\":{\"@id\":\"https:\/\/www.biscuitsolution.com\/product\/intelligent-biscuit-baking-tunnel-oven-large-output\/#primaryimage\"},\"image\":{\"@id\":\"https:\/\/www.biscuitsolution.com\/product\/intelligent-biscuit-baking-tunnel-oven-large-output\/#primaryimage\"},\"thumbnailUrl\":\"https:\/\/www.biscuitsolution.com\/wp-content\/uploads\/2025\/03\/biscuit-baking-tunnel-oven.jpg\",\"datePublished\":\"2025-03-04T09:49:12+00:00\",\"dateModified\":\"2025-03-06T09:31:30+00:00\",\"description\":\"Biscuit baking tunnel oven can realize uninterrupted baking of large quantities of biscuits and can intelligently adjust the temperature to ensure quality.\",\"breadcrumb\":{\"@id\":\"https:\/\/www.biscuitsolution.com\/product\/intelligent-biscuit-baking-tunnel-oven-large-output\/#breadcrumb\"},\"inLanguage\":\"pt-BR\",\"potentialAction\":[{\"@type\":\"ReadAction\",\"target\":[\"https:\/\/www.biscuitsolution.com\/product\/intelligent-biscuit-baking-tunnel-oven-large-output\/\"]}]},{\"@type\":\"ImageObject\",\"inLanguage\":\"pt-BR\",\"@id\":\"https:\/\/www.biscuitsolution.com\/product\/intelligent-biscuit-baking-tunnel-oven-large-output\/#primaryimage\",\"url\":\"https:\/\/www.biscuitsolution.com\/wp-content\/uploads\/2025\/03\/biscuit-baking-tunnel-oven.jpg\",\"contentUrl\":\"https:\/\/www.biscuitsolution.com\/wp-content\/uploads\/2025\/03\/biscuit-baking-tunnel-oven.jpg\",\"width\":600,\"height\":600,\"caption\":\"biscuit baking tunnel oven\"},{\"@type\":\"BreadcrumbList\",\"@id\":\"https:\/\/www.biscuitsolution.com\/product\/intelligent-biscuit-baking-tunnel-oven-large-output\/#breadcrumb\",\"itemListElement\":[{\"@type\":\"ListItem\",\"position\":1,\"name\":\"Home\",\"item\":\"https:\/\/www.biscuitsolution.com\/\"},{\"@type\":\"ListItem\",\"position\":2,\"name\":\"Product\",\"item\":\"https:\/\/www.biscuitsolution.com\/product\/\"},{\"@type\":\"ListItem\",\"position\":3,\"name\":\"Intelligent Biscuit Baking Tunnel Oven Large Output\"}]},{\"@type\":\"WebSite\",\"@id\":\"https:\/\/www.biscuitsolution.com\/#website\",\"url\":\"https:\/\/www.biscuitsolution.com\/\",\"name\":\"Biscuit Production Solution Manufacturer\",\"description\":\"\",\"potentialAction\":[{\"@type\":\"SearchAction\",\"target\":{\"@type\":\"EntryPoint\",\"urlTemplate\":\"https:\/\/www.biscuitsolution.com\/?s={search_term_string}\"},\"query-input\":{\"@type\":\"PropertyValueSpecification\",\"valueRequired\":true,\"valueName\":\"search_term_string\"}}],\"inLanguage\":\"pt-BR\"},false]}<\/script>\n<!-- \/ Yoast SEO plugin. -->","yoast_head_json":{"title":"Forno t\u00fanel inteligente para assar biscoitos com grande capacidade","description":"O forno t\u00fanel para assar biscoitos pode assar ininterruptamente grandes quantidades de biscoitos e pode ajustar a temperatura de forma inteligente para garantir a qualidade.","robots":{"index":"index","follow":"follow","max-snippet":"max-snippet:-1","max-image-preview":"max-image-preview:large","max-video-preview":"max-video-preview:-1"},"canonical":"https:\/\/www.biscuitsolution.com\/pt\/produto\/intelligent-biscuit-baking-tunnel-oven-large-output\/","og_locale":"pt_BR","og_type":"article","og_title":"Intelligent Biscuit Baking Tunnel Oven Large Output","og_description":"Biscuit baking tunnel oven can realize uninterrupted baking of large quantities of biscuits and can intelligently adjust the temperature to ensure quality.","og_url":"https:\/\/www.biscuitsolution.com\/pt\/produto\/intelligent-biscuit-baking-tunnel-oven-large-output\/","og_site_name":"Biscuit Production Solution Manufacturer","article_publisher":"https:\/\/www.facebook.com\/profile.php?id=100095205040823","article_modified_time":"2025-03-06T09:31:30+00:00","og_image":[{"width":600,"height":600,"url":"https:\/\/www.biscuitsolution.com\/wp-content\/uploads\/2025\/03\/biscuit-baking-tunnel-oven.jpg","type":"image\/jpeg"}],"twitter_card":"summary_large_image","twitter_site":"@shanna_zha26342","twitter_misc":{"Est. tempo de leitura":"3 minutos"},"schema":{"@context":"https:\/\/schema.org","@graph":[{"@type":"WebPage","@id":"https:\/\/www.biscuitsolution.com\/product\/intelligent-biscuit-baking-tunnel-oven-large-output\/","url":"https:\/\/www.biscuitsolution.com\/product\/intelligent-biscuit-baking-tunnel-oven-large-output\/","name":"Forno t\u00fanel inteligente para assar biscoitos com grande capacidade","isPartOf":{"@id":"https:\/\/www.biscuitsolution.com\/#website"},"primaryImageOfPage":{"@id":"https:\/\/www.biscuitsolution.com\/product\/intelligent-biscuit-baking-tunnel-oven-large-output\/#primaryimage"},"image":{"@id":"https:\/\/www.biscuitsolution.com\/product\/intelligent-biscuit-baking-tunnel-oven-large-output\/#primaryimage"},"thumbnailUrl":"https:\/\/www.biscuitsolution.com\/wp-content\/uploads\/2025\/03\/biscuit-baking-tunnel-oven.jpg","datePublished":"2025-03-04T09:49:12+00:00","dateModified":"2025-03-06T09:31:30+00:00","description":"O forno t\u00fanel para assar biscoitos pode assar ininterruptamente grandes quantidades de biscoitos e pode ajustar a temperatura de forma inteligente para garantir a qualidade.","breadcrumb":{"@id":"https:\/\/www.biscuitsolution.com\/product\/intelligent-biscuit-baking-tunnel-oven-large-output\/#breadcrumb"},"inLanguage":"pt-BR","potentialAction":[{"@type":"ReadAction","target":["https:\/\/www.biscuitsolution.com\/product\/intelligent-biscuit-baking-tunnel-oven-large-output\/"]}]},{"@type":"ImageObject","inLanguage":"pt-BR","@id":"https:\/\/www.biscuitsolution.com\/product\/intelligent-biscuit-baking-tunnel-oven-large-output\/#primaryimage","url":"https:\/\/www.biscuitsolution.com\/wp-content\/uploads\/2025\/03\/biscuit-baking-tunnel-oven.jpg","contentUrl":"https:\/\/www.biscuitsolution.com\/wp-content\/uploads\/2025\/03\/biscuit-baking-tunnel-oven.jpg","width":600,"height":600,"caption":"biscuit baking tunnel oven"},{"@type":"BreadcrumbList","@id":"https:\/\/www.biscuitsolution.com\/product\/intelligent-biscuit-baking-tunnel-oven-large-output\/#breadcrumb","itemListElement":[{"@type":"ListItem","position":1,"name":"Home","item":"https:\/\/www.biscuitsolution.com\/"},{"@type":"ListItem","position":2,"name":"Product","item":"https:\/\/www.biscuitsolution.com\/product\/"},{"@type":"ListItem","position":3,"name":"Intelligent Biscuit Baking Tunnel Oven Large Output"}]},{"@type":"WebSite","@id":"https:\/\/www.biscuitsolution.com\/#website","url":"https:\/\/www.biscuitsolution.com\/","name":"Fabricante de solu\u00e7\u00f5es para produ\u00e7\u00e3o de biscoitos","description":"","potentialAction":[{"@type":"SearchAction","target":{"@type":"EntryPoint","urlTemplate":"https:\/\/www.biscuitsolution.com\/?s={search_term_string}"},"query-input":{"@type":"PropertyValueSpecification","valueRequired":true,"valueName":"search_term_string"}}],"inLanguage":"pt-BR"},false]}},"yasr_visitor_votes":{"stars_attributes":{"read_only":false,"span_bottom":false},"number_of_votes":2,"sum_votes":10},"_links":{"self":[{"href":"https:\/\/www.biscuitsolution.com\/pt\/wp-json\/wp\/v2\/product\/5285","targetHints":{"allow":["GET"]}}],"collection":[{"href":"https:\/\/www.biscuitsolution.com\/pt\/wp-json\/wp\/v2\/product"}],"about":[{"href":"https:\/\/www.biscuitsolution.com\/pt\/wp-json\/wp\/v2\/types\/product"}],"replies":[{"embeddable":true,"href":"https:\/\/www.biscuitsolution.com\/pt\/wp-json\/wp\/v2\/comments?post=5285"}],"version-history":[{"count":3,"href":"https:\/\/www.biscuitsolution.com\/pt\/wp-json\/wp\/v2\/product\/5285\/revisions"}],"predecessor-version":[{"id":5335,"href":"https:\/\/www.biscuitsolution.com\/pt\/wp-json\/wp\/v2\/product\/5285\/revisions\/5335"}],"wp:featuredmedia":[{"embeddable":true,"href":"https:\/\/www.biscuitsolution.com\/pt\/wp-json\/wp\/v2\/media\/5290"}],"wp:attachment":[{"href":"https:\/\/www.biscuitsolution.com\/pt\/wp-json\/wp\/v2\/media?parent=5285"}],"wp:term":[{"taxonomy":"product_brand","embeddable":true,"href":"https:\/\/www.biscuitsolution.com\/pt\/wp-json\/wp\/v2\/product_brand?post=5285"},{"taxonomy":"product_cat","embeddable":true,"href":"https:\/\/www.biscuitsolution.com\/pt\/wp-json\/wp\/v2\/product_cat?post=5285"},{"taxonomy":"product_tag","embeddable":true,"href":"https:\/\/www.biscuitsolution.com\/pt\/wp-json\/wp\/v2\/product_tag?post=5285"}],"curies":[{"name":"wp","href":"https:\/\/api.w.org\/{rel}","templated":true}]}}