{"id":4853,"date":"2025-02-21T10:50:02","date_gmt":"2025-02-21T10:50:02","guid":{"rendered":"https:\/\/www.biscuitsolution.com\/?post_type=product&#038;p=4853"},"modified":"2025-02-25T01:37:30","modified_gmt":"2025-02-25T01:37:30","slug":"sesame-crackers-making-machine-customization-function","status":"publish","type":"product","link":"https:\/\/www.biscuitsolution.com\/pt\/produto\/sesame-crackers-making-machine-customization-function\/","title":{"rendered":"Fun\u00e7\u00e3o de personaliza\u00e7\u00e3o da m\u00e1quina de fabrica\u00e7\u00e3o de biscoitos de gergelim"},"content":{"rendered":"<p>No setor de processamento de alimentos, o<strong> M\u00e1quina para fabrica\u00e7\u00e3o de biscoitos de gergelim<\/strong> \u00e9 uma pe\u00e7a indispens\u00e1vel do equipamento.<\/p>\n<p><img fetchpriority=\"high\" decoding=\"async\" class=\"alignnone size-full wp-image-4854\" src=\"https:\/\/www.biscuitsolution.com\/wp-content\/uploads\/2025\/02\/sesame-crackers-making-machine.jpg\" alt=\"M\u00e1quina para fabrica\u00e7\u00e3o de biscoitos de gergelim\" width=\"800\" height=\"450\" srcset=\"https:\/\/www.biscuitsolution.com\/wp-content\/uploads\/2025\/02\/sesame-crackers-making-machine.jpg 800w, https:\/\/www.biscuitsolution.com\/wp-content\/uploads\/2025\/02\/sesame-crackers-making-machine-600x338.jpg 600w, https:\/\/www.biscuitsolution.com\/wp-content\/uploads\/2025\/02\/sesame-crackers-making-machine-300x169.jpg 300w, https:\/\/www.biscuitsolution.com\/wp-content\/uploads\/2025\/02\/sesame-crackers-making-machine-768x432.jpg 768w\" sizes=\"(max-width: 800px) 100vw, 800px\" \/><\/p>\n<ul>\n<li>O processo de produ\u00e7\u00e3o de biscoitos de gergelim \u00e9 automatizado, come\u00e7ando com a mistura de ingredientes como farinha, sementes de gergelim, a\u00e7\u00facar e \u00e1gua para criar uma massa. Essa massa \u00e9 ent\u00e3o moldada com precis\u00e3o, cortada em peda\u00e7os uniformes e assada com perfei\u00e7\u00e3o.<\/li>\n<li>Os controles ajust\u00e1veis de temperatura e tempo da m\u00e1quina garantem que os biscoitos atinjam o n\u00edvel ideal de croc\u00e2ncia e sabor. Gra\u00e7as \u00e0 sua automa\u00e7\u00e3o avan\u00e7ada, a m\u00e1quina n\u00e3o apenas aumenta a efici\u00eancia da produ\u00e7\u00e3o, mas tamb\u00e9m mant\u00e9m a qualidade consistente.<\/li>\n<li>Ele \u00e9 adequado tanto para pequenas padarias que desejam aumentar a produ\u00e7\u00e3o quanto para grandes f\u00e1bricas de alimentos que visam atender \u00e0 alta demanda do mercado.<\/li>\n<\/ul>\n<p><img decoding=\"async\" class=\"alignnone size-full wp-image-4855\" src=\"https:\/\/www.biscuitsolution.com\/wp-content\/uploads\/2025\/02\/sesame-crackers-machine.jpg\" alt=\"M\u00e1quina para fabrica\u00e7\u00e3o de biscoitos de gergelim\" width=\"800\" height=\"450\" srcset=\"https:\/\/www.biscuitsolution.com\/wp-content\/uploads\/2025\/02\/sesame-crackers-machine.jpg 800w, https:\/\/www.biscuitsolution.com\/wp-content\/uploads\/2025\/02\/sesame-crackers-machine-600x338.jpg 600w, https:\/\/www.biscuitsolution.com\/wp-content\/uploads\/2025\/02\/sesame-crackers-machine-300x169.jpg 300w, https:\/\/www.biscuitsolution.com\/wp-content\/uploads\/2025\/02\/sesame-crackers-machine-768x432.jpg 768w\" sizes=\"(max-width: 800px) 100vw, 800px\" \/><\/p>\n<h2>Tipos de m\u00e1quinas para fabrica\u00e7\u00e3o de biscoitos de gergelim<\/h2>\n<p>A produ\u00e7\u00e3o de crackers de gergelim envolve v\u00e1rios est\u00e1gios, incluindo mistura, forma\u00e7\u00e3o, corte, revestimento e embalagem. Aqui est\u00e3o as principais m\u00e1quinas dispon\u00edveis:<\/p>\n<ul>\n<li>M\u00e1quina autom\u00e1tica de forma\u00e7\u00e3o e corte: Essas m\u00e1quinas lidam com a forma\u00e7\u00e3o da massa e o corte preciso. A capacidade de produ\u00e7\u00e3o \u00e9 de pelo menos 100 kg por hora. Sua estrutura de achatamento de v\u00e1rias camadas garante uma espessura uniforme.<\/li>\n<li>Sistema de revestimento e tempero: Temperos, etc. s\u00e3o pulverizados uniformemente na superf\u00edcie dos biscoitos por meio de um cabe\u00e7ote de pulveriza\u00e7\u00e3o fina, garantindo uma cobertura uniforme e consistente para cada biscoito.<\/li>\n<li>M\u00e1quina de embalagem de travesseiros: velocidade r\u00e1pida, pode se adaptar a diferentes especifica\u00e7\u00f5es de embalagem de biscoitos, ajustando o tamanho e a velocidade da embalagem, para atender \u00e0s diversas necessidades de embalagem, geralmente usada para embalagens pequenas independentes ou embalagens m\u00faltiplas de biscoitos de gergelim.<\/li>\n<\/ul>\n<p><img decoding=\"async\" class=\"alignnone size-full wp-image-4856\" src=\"https:\/\/www.biscuitsolution.com\/wp-content\/uploads\/2025\/02\/sesame-crackers-machines.jpg\" alt=\"M\u00e1quina para fabrica\u00e7\u00e3o de biscoitos de gergelim\" width=\"800\" height=\"450\" srcset=\"https:\/\/www.biscuitsolution.com\/wp-content\/uploads\/2025\/02\/sesame-crackers-machines.jpg 800w, https:\/\/www.biscuitsolution.com\/wp-content\/uploads\/2025\/02\/sesame-crackers-machines-600x338.jpg 600w, https:\/\/www.biscuitsolution.com\/wp-content\/uploads\/2025\/02\/sesame-crackers-machines-300x169.jpg 300w, https:\/\/www.biscuitsolution.com\/wp-content\/uploads\/2025\/02\/sesame-crackers-machines-768x432.jpg 768w\" sizes=\"(max-width: 800px) 100vw, 800px\" \/><\/p>\n<h2>Fatores que afetam o pre\u00e7o da m\u00e1quina de fabrica\u00e7\u00e3o de biscoitos de gergelim<\/h2>\n<ol>\n<li>Capacidade de produ\u00e7\u00e3o: Equipamentos com velocidade de produ\u00e7\u00e3o r\u00e1pida e opera\u00e7\u00e3o cont\u00ednua e est\u00e1vel t\u00eam um pre\u00e7o relativamente alto.<\/li>\n<li>Qualidade e material: M\u00e1quinas feitas de a\u00e7o inoxid\u00e1vel de alta qualidade, motores de alto desempenho e sistemas de controle avan\u00e7ados t\u00eam qualidade mais confi\u00e1vel e pre\u00e7os mais altos.<\/li>\n<li>Suporte t\u00e9cnico: Se o fabricante puder fornecer suporte t\u00e9cnico oportuno e profissional, incluindo instala\u00e7\u00e3o e comissionamento, treinamento de opera\u00e7\u00e3o, reparo de falhas e outros servi\u00e7os completos, o pre\u00e7o do equipamento tamb\u00e9m ser\u00e1 afetado at\u00e9 certo ponto.<\/li>\n<li>Fun\u00e7\u00e3o personalizada: De acordo com o processo de produ\u00e7\u00e3o e o processo especial do usu\u00e1rio, o pre\u00e7o do equipamento personalizado com m\u00f3dulos de fun\u00e7\u00e3o especial pode aumentar mais, dependendo da complexidade da personaliza\u00e7\u00e3o.<\/li>\n<li>Especifica\u00e7\u00f5es especiais: Se voc\u00ea precisar personalizar moldes para fabrica\u00e7\u00e3o de biscoitos de tamanho e formato especiais ou tiver requisitos especiais para a capacidade de produ\u00e7\u00e3o e a fun\u00e7\u00e3o do equipamento, o pre\u00e7o do equipamento personalizado ser\u00e1 mais alto do que o do equipamento padr\u00e3o.<\/li>\n<\/ol>\n<p><img loading=\"lazy\" decoding=\"async\" class=\"alignnone size-full wp-image-4857\" src=\"https:\/\/www.biscuitsolution.com\/wp-content\/uploads\/2025\/02\/sesame-crackers-making-machine-price.jpg\" alt=\"M\u00e1quina para fabrica\u00e7\u00e3o de biscoitos de gergelim\" width=\"800\" height=\"450\" srcset=\"https:\/\/www.biscuitsolution.com\/wp-content\/uploads\/2025\/02\/sesame-crackers-making-machine-price.jpg 800w, https:\/\/www.biscuitsolution.com\/wp-content\/uploads\/2025\/02\/sesame-crackers-making-machine-price-600x338.jpg 600w, https:\/\/www.biscuitsolution.com\/wp-content\/uploads\/2025\/02\/sesame-crackers-making-machine-price-300x169.jpg 300w, https:\/\/www.biscuitsolution.com\/wp-content\/uploads\/2025\/02\/sesame-crackers-making-machine-price-768x432.jpg 768w\" sizes=\"(max-width: 800px) 100vw, 800px\" \/><\/p>\n<h2>Perguntas frequentes sobre a m\u00e1quina de fabrica\u00e7\u00e3o de biscoitos de gergelim<\/h2>\n<p>\u00c9 poss\u00edvel fazer biscoitos de gergelim de diferentes formatos?<br \/>\nSim. Estamos equipados com moldes substitu\u00edveis. Simplesmente trocando os moldes, podemos fazer v\u00e1rios formatos convencionais, como redondo, quadrado, tri\u00e2ngulo e at\u00e9 mesmo alguns formatos especiais personalizados para atender \u00e0s diversas necessidades do mercado.<\/p>\n<p>A qualidade dos biscoitos de gergelim produzidos \u00e9 est\u00e1vel?<br \/>\nMuito est\u00e1vel. A m\u00e1quina conta com um sistema preciso de dosagem de mat\u00e9ria-prima e segue rigorosamente a f\u00f3rmula predefinida para eliminar erros de ingredientes humanos.<\/p>\n<p>Qual \u00e9 a faixa de pre\u00e7o?<br \/>\nA faixa de pre\u00e7o \u00e9 ampla, dependendo de fatores como o grau de automa\u00e7\u00e3o, a capacidade de produ\u00e7\u00e3o e a diversidade funcional do equipamento.<\/p>\n<h2>Deixe uma mensagem para obter uma cota\u00e7\u00e3o<\/h2>\n\n<div class=\"wpcf7 no-js\" id=\"wpcf7-f4619-o1\" lang=\"en-US\" dir=\"ltr\" data-wpcf7-id=\"4619\">\n<div class=\"screen-reader-response\"><p role=\"status\" aria-live=\"polite\" aria-atomic=\"true\"><\/p> <ul><\/ul><\/div>\n<form action=\"\/pt\/wp-json\/wp\/v2\/product\/4853#wpcf7-f4619-o1\" method=\"post\" class=\"wpcf7-form init\" aria-label=\"Formul\u00e1rio de contato\" novalidate=\"novalidate\" data-status=\"init\" data-trp-original-action=\"\/pt\/wp-json\/wp\/v2\/product\/4853#wpcf7-f4619-o1\">\n<div style=\"display: none;\">\n<input type=\"hidden\" name=\"_wpcf7\" value=\"4619\" \/>\n<input type=\"hidden\" name=\"_wpcf7_version\" value=\"6.0.4\" \/>\n<input type=\"hidden\" name=\"_wpcf7_locale\" value=\"en_US\" \/>\n<input type=\"hidden\" name=\"_wpcf7_unit_tag\" value=\"wpcf7-f4619-o1\" \/>\n<input type=\"hidden\" name=\"_wpcf7_container_post\" value=\"0\" \/>\n<input type=\"hidden\" name=\"_wpcf7_posted_data_hash\" value=\"\" \/>\n<\/div>\n<p><label> Seu nome*<br \/>\n<span class=\"wpcf7-form-control-wrap\" data-name=\"your-name\"><input size=\"40\" maxlength=\"400\" class=\"wpcf7-form-control wpcf7-text wpcf7-validates-as-required\" aria-required=\"true\" aria-invalid=\"false\" value=\"\" type=\"text\" name=\"your-name\" \/><\/span> <\/label>\n<\/p>\n<p><label> Seu pa\u00eds<br \/>\n<span class=\"wpcf7-form-control-wrap\" data-name=\"your-country\"><input size=\"40\" maxlength=\"400\" class=\"wpcf7-form-control wpcf7-text\" aria-invalid=\"false\" value=\"\" type=\"text\" name=\"your-country\" \/><\/span><\/label>\n<\/p>\n<p><label> Seu e-mail*<br \/>\n<span class=\"wpcf7-form-control-wrap\" data-name=\"your-email\"><input size=\"40\" maxlength=\"400\" class=\"wpcf7-form-control wpcf7-email wpcf7-validates-as-required wpcf7-text wpcf7-validates-as-email\" aria-required=\"true\" aria-invalid=\"false\" value=\"\" type=\"email\" name=\"your-email\" \/><\/span> <\/label>\n<\/p>\n<p><label> Seu telefone<br \/>\n<span class=\"wpcf7-form-control-wrap\" data-name=\"your-phone\"><input size=\"40\" maxlength=\"400\" class=\"wpcf7-form-control wpcf7-tel wpcf7-text wpcf7-validates-as-tel\" aria-invalid=\"false\" value=\"\" type=\"tel\" name=\"your-phone\" \/><\/span> <\/label>\n<\/p>\n<p><label> Nome de sua empresa<br \/>\n<span class=\"wpcf7-form-control-wrap\" data-name=\"text-457\"><input size=\"40\" maxlength=\"400\" class=\"wpcf7-form-control wpcf7-text\" aria-invalid=\"false\" value=\"\" type=\"text\" name=\"text-457\" \/><\/span> <\/label>\n<\/p>\n<p><label> Site de sua empresa<br \/>\n<span class=\"wpcf7-form-control-wrap\" data-name=\"text-546\"><input size=\"40\" maxlength=\"400\" class=\"wpcf7-form-control wpcf7-text\" aria-invalid=\"false\" value=\"\" type=\"text\" name=\"text-546\" \/><\/span> <\/label>\n<\/p>\n<p><label> Seu requisito*<br \/>\n<span class=\"wpcf7-form-control-wrap\" data-name=\"your-message\"><textarea cols=\"40\" rows=\"10\" maxlength=\"2000\" class=\"wpcf7-form-control wpcf7-textarea wpcf7-validates-as-required\" aria-required=\"true\" aria-invalid=\"false\" name=\"your-message\"><\/textarea><\/span> <\/label>\n<\/p>\n<p><input class=\"wpcf7-form-control wpcf7-submit has-spinner\" type=\"submit\" value=\"Enviar\" \/>\n<\/p><p style=\"display: none !important;\" class=\"akismet-fields-container\" data-prefix=\"_wpcf7_ak_\"><label>&#916;<textarea name=\"_wpcf7_ak_hp_textarea\" cols=\"45\" rows=\"8\" maxlength=\"100\"><\/textarea><\/label><input type=\"hidden\" id=\"ak_js_1\" name=\"_wpcf7_ak_js\" value=\"88\"\/><script>document.getElementById( \"ak_js_1\" ).setAttribute( \"value\", ( new Date() ).getTime() );<\/script><\/p><div class=\"wpcf7-response-output\" aria-hidden=\"true\"><\/div>\n<input type=\"hidden\" name=\"trp-form-language\" value=\"pt\"\/><\/form>\n<\/div>\n\n<div style='text-align:left' class='yasr-auto-insert-visitor'><\/div>","protected":false},"excerpt":{"rendered":"<p>Marca: GELGOOG<\/p>\n<p>Tens\u00e3o: 380V<\/p>\n<p>Capacity\uff1a100kg\/h-1000kg\/h<\/p>\n<p>E-mail: shanna@machinehall.com<\/p>\n<p>Tel: +8618638676709<\/p>","protected":false},"featured_media":4858,"comment_status":"open","ping_status":"closed","template":"","meta":{"site-sidebar-layout":"default","site-content-layout":"","ast-site-content-layout":"default","site-content-style":"default","site-sidebar-style":"default","ast-global-header-display":"","ast-banner-title-visibility":"","ast-main-header-display":"","ast-hfb-above-header-display":"","ast-hfb-below-header-display":"","ast-hfb-mobile-header-display":"","site-post-title":"","ast-breadcrumbs-content":"","ast-featured-img":"","footer-sml-layout":"","theme-transparent-header-meta":"default","adv-header-id-meta":"","stick-header-meta":"","header-above-stick-meta":"","header-main-stick-meta":"","header-below-stick-meta":"","astra-migrate-meta-layouts":"set","ast-page-background-enabled":"default","ast-page-background-meta":{"desktop":{"background-color":"","background-image":"","background-repeat":"repeat","background-position":"center center","background-size":"auto","background-attachment":"scroll","background-type":"","background-media":"","overlay-type":"","overlay-color":"","overlay-opacity":"","overlay-gradient":""},"tablet":{"background-color":"","background-image":"","background-repeat":"repeat","background-position":"center center","background-size":"auto","background-attachment":"scroll","background-type":"","background-media":"","overlay-type":"","overlay-color":"","overlay-opacity":"","overlay-gradient":""},"mobile":{"background-color":"","background-image":"","background-repeat":"repeat","background-position":"center center","background-size":"auto","background-attachment":"scroll","background-type":"","background-media":"","overlay-type":"","overlay-color":"","overlay-opacity":"","overlay-gradient":""}},"ast-content-background-meta":{"desktop":{"background-color":"var(--ast-global-color-5)","background-image":"","background-repeat":"repeat","background-position":"center center","background-size":"auto","background-attachment":"scroll","background-type":"","background-media":"","overlay-type":"","overlay-color":"","overlay-opacity":"","overlay-gradient":""},"tablet":{"background-color":"var(--ast-global-color-5)","background-image":"","background-repeat":"repeat","background-position":"center center","background-size":"auto","background-attachment":"scroll","background-type":"","background-media":"","overlay-type":"","overlay-color":"","overlay-opacity":"","overlay-gradient":""},"mobile":{"background-color":"var(--ast-global-color-5)","background-image":"","background-repeat":"repeat","background-position":"center center","background-size":"auto","background-attachment":"scroll","background-type":"","background-media":"","overlay-type":"","overlay-color":"","overlay-opacity":"","overlay-gradient":""}},"yasr_overall_rating":0,"yasr_post_is_review":"","yasr_auto_insert_disabled":"","yasr_review_type":""},"product_brand":[],"product_cat":[22],"product_tag":[],"class_list":{"0":"post-4853","1":"product","2":"type-product","3":"status-publish","4":"has-post-thumbnail","6":"product_cat-hard-biscuit-production-line","7":"desktop-align-left","8":"tablet-align-left","9":"mobile-align-left","11":"first","12":"instock","13":"shipping-taxable","14":"product-type-simple"},"yoast_head":"<!-- This site is optimized with the Yoast SEO plugin v24.4 - https:\/\/yoast.com\/wordpress\/plugins\/seo\/ -->\n<title>Sesame Crackers Making Machine Customization Function - Biscuit Production Solution Manufacturer<\/title>\n<meta name=\"description\" content=\"Sesame crackers making machine is functional and suitable for small bakeries seeking to expand production and is more suitable for large food factories.\" \/>\n<meta name=\"robots\" content=\"index, follow, max-snippet:-1, max-image-preview:large, max-video-preview:-1\" \/>\n<link rel=\"canonical\" href=\"https:\/\/www.biscuitsolution.com\/pt\/produto\/sesame-crackers-making-machine-customization-function\/\" \/>\n<meta property=\"og:locale\" content=\"pt_BR\" \/>\n<meta property=\"og:type\" content=\"article\" \/>\n<meta property=\"og:title\" content=\"Sesame Crackers Making Machine Customization Function - Biscuit Production Solution Manufacturer\" \/>\n<meta property=\"og:description\" content=\"Sesame crackers making machine is functional and suitable for small bakeries seeking to expand production and is more suitable for large food factories.\" \/>\n<meta property=\"og:url\" content=\"https:\/\/www.biscuitsolution.com\/pt\/produto\/sesame-crackers-making-machine-customization-function\/\" \/>\n<meta property=\"og:site_name\" content=\"Biscuit Production Solution Manufacturer\" \/>\n<meta property=\"article:publisher\" content=\"https:\/\/www.facebook.com\/profile.php?id=100095205040823\" \/>\n<meta property=\"article:modified_time\" content=\"2025-02-25T01:37:30+00:00\" \/>\n<meta property=\"og:image\" content=\"https:\/\/www.biscuitsolution.com\/wp-content\/uploads\/2025\/02\/sesame-crackers-making-machines.jpg\" \/>\n\t<meta property=\"og:image:width\" content=\"600\" \/>\n\t<meta property=\"og:image:height\" content=\"600\" \/>\n\t<meta property=\"og:image:type\" content=\"image\/jpeg\" \/>\n<meta name=\"twitter:card\" content=\"summary_large_image\" \/>\n<meta name=\"twitter:site\" content=\"@shanna_zha26342\" \/>\n<meta name=\"twitter:label1\" content=\"Est. tempo de leitura\" \/>\n\t<meta name=\"twitter:data1\" content=\"4 minutos\" \/>\n<script type=\"application\/ld+json\" class=\"yoast-schema-graph\">{\"@context\":\"https:\/\/schema.org\",\"@graph\":[{\"@type\":\"WebPage\",\"@id\":\"https:\/\/www.biscuitsolution.com\/product\/sesame-crackers-making-machine-customization-function\/\",\"url\":\"https:\/\/www.biscuitsolution.com\/product\/sesame-crackers-making-machine-customization-function\/\",\"name\":\"Sesame Crackers Making Machine Customization Function - Biscuit Production Solution Manufacturer\",\"isPartOf\":{\"@id\":\"https:\/\/www.biscuitsolution.com\/#website\"},\"primaryImageOfPage\":{\"@id\":\"https:\/\/www.biscuitsolution.com\/product\/sesame-crackers-making-machine-customization-function\/#primaryimage\"},\"image\":{\"@id\":\"https:\/\/www.biscuitsolution.com\/product\/sesame-crackers-making-machine-customization-function\/#primaryimage\"},\"thumbnailUrl\":\"https:\/\/www.biscuitsolution.com\/wp-content\/uploads\/2025\/02\/sesame-crackers-making-machines.jpg\",\"datePublished\":\"2025-02-21T10:50:02+00:00\",\"dateModified\":\"2025-02-25T01:37:30+00:00\",\"description\":\"Sesame crackers making machine is functional and suitable for small bakeries seeking to expand production and is more suitable for large food factories.\",\"breadcrumb\":{\"@id\":\"https:\/\/www.biscuitsolution.com\/product\/sesame-crackers-making-machine-customization-function\/#breadcrumb\"},\"inLanguage\":\"pt-BR\",\"potentialAction\":[{\"@type\":\"ReadAction\",\"target\":[\"https:\/\/www.biscuitsolution.com\/product\/sesame-crackers-making-machine-customization-function\/\"]}]},{\"@type\":\"ImageObject\",\"inLanguage\":\"pt-BR\",\"@id\":\"https:\/\/www.biscuitsolution.com\/product\/sesame-crackers-making-machine-customization-function\/#primaryimage\",\"url\":\"https:\/\/www.biscuitsolution.com\/wp-content\/uploads\/2025\/02\/sesame-crackers-making-machines.jpg\",\"contentUrl\":\"https:\/\/www.biscuitsolution.com\/wp-content\/uploads\/2025\/02\/sesame-crackers-making-machines.jpg\",\"width\":600,\"height\":600},{\"@type\":\"BreadcrumbList\",\"@id\":\"https:\/\/www.biscuitsolution.com\/product\/sesame-crackers-making-machine-customization-function\/#breadcrumb\",\"itemListElement\":[{\"@type\":\"ListItem\",\"position\":1,\"name\":\"Home\",\"item\":\"https:\/\/www.biscuitsolution.com\/\"},{\"@type\":\"ListItem\",\"position\":2,\"name\":\"Product\",\"item\":\"https:\/\/www.biscuitsolution.com\/product\/\"},{\"@type\":\"ListItem\",\"position\":3,\"name\":\"Sesame Crackers Making Machine Customization Function\"}]},{\"@type\":\"WebSite\",\"@id\":\"https:\/\/www.biscuitsolution.com\/#website\",\"url\":\"https:\/\/www.biscuitsolution.com\/\",\"name\":\"Biscuit Production Solution Manufacturer\",\"description\":\"\",\"potentialAction\":[{\"@type\":\"SearchAction\",\"target\":{\"@type\":\"EntryPoint\",\"urlTemplate\":\"https:\/\/www.biscuitsolution.com\/?s={search_term_string}\"},\"query-input\":{\"@type\":\"PropertyValueSpecification\",\"valueRequired\":true,\"valueName\":\"search_term_string\"}}],\"inLanguage\":\"pt-BR\"},false]}<\/script>\n<!-- \/ Yoast SEO plugin. -->","yoast_head_json":{"title":"Fun\u00e7\u00e3o de personaliza\u00e7\u00e3o da m\u00e1quina de fabrica\u00e7\u00e3o de biscoitos de gergelim - Fabricante de solu\u00e7\u00f5es de produ\u00e7\u00e3o de biscoitos","description":"A m\u00e1quina de fabrica\u00e7\u00e3o de biscoitos de gergelim \u00e9 funcional e adequada para pequenas padarias que buscam expandir a produ\u00e7\u00e3o e \u00e9 mais adequada para grandes f\u00e1bricas de alimentos.","robots":{"index":"index","follow":"follow","max-snippet":"max-snippet:-1","max-image-preview":"max-image-preview:large","max-video-preview":"max-video-preview:-1"},"canonical":"https:\/\/www.biscuitsolution.com\/pt\/produto\/sesame-crackers-making-machine-customization-function\/","og_locale":"pt_BR","og_type":"article","og_title":"Sesame Crackers Making Machine Customization Function - Biscuit Production Solution Manufacturer","og_description":"Sesame crackers making machine is functional and suitable for small bakeries seeking to expand production and is more suitable for large food factories.","og_url":"https:\/\/www.biscuitsolution.com\/pt\/produto\/sesame-crackers-making-machine-customization-function\/","og_site_name":"Biscuit Production Solution Manufacturer","article_publisher":"https:\/\/www.facebook.com\/profile.php?id=100095205040823","article_modified_time":"2025-02-25T01:37:30+00:00","og_image":[{"width":600,"height":600,"url":"https:\/\/www.biscuitsolution.com\/wp-content\/uploads\/2025\/02\/sesame-crackers-making-machines.jpg","type":"image\/jpeg"}],"twitter_card":"summary_large_image","twitter_site":"@shanna_zha26342","twitter_misc":{"Est. tempo de leitura":"4 minutos"},"schema":{"@context":"https:\/\/schema.org","@graph":[{"@type":"WebPage","@id":"https:\/\/www.biscuitsolution.com\/product\/sesame-crackers-making-machine-customization-function\/","url":"https:\/\/www.biscuitsolution.com\/product\/sesame-crackers-making-machine-customization-function\/","name":"Fun\u00e7\u00e3o de personaliza\u00e7\u00e3o da m\u00e1quina de fabrica\u00e7\u00e3o de biscoitos de gergelim - Fabricante de solu\u00e7\u00f5es de produ\u00e7\u00e3o de biscoitos","isPartOf":{"@id":"https:\/\/www.biscuitsolution.com\/#website"},"primaryImageOfPage":{"@id":"https:\/\/www.biscuitsolution.com\/product\/sesame-crackers-making-machine-customization-function\/#primaryimage"},"image":{"@id":"https:\/\/www.biscuitsolution.com\/product\/sesame-crackers-making-machine-customization-function\/#primaryimage"},"thumbnailUrl":"https:\/\/www.biscuitsolution.com\/wp-content\/uploads\/2025\/02\/sesame-crackers-making-machines.jpg","datePublished":"2025-02-21T10:50:02+00:00","dateModified":"2025-02-25T01:37:30+00:00","description":"A m\u00e1quina de fabrica\u00e7\u00e3o de biscoitos de gergelim \u00e9 funcional e adequada para pequenas padarias que buscam expandir a produ\u00e7\u00e3o e \u00e9 mais adequada para grandes f\u00e1bricas de alimentos.","breadcrumb":{"@id":"https:\/\/www.biscuitsolution.com\/product\/sesame-crackers-making-machine-customization-function\/#breadcrumb"},"inLanguage":"pt-BR","potentialAction":[{"@type":"ReadAction","target":["https:\/\/www.biscuitsolution.com\/product\/sesame-crackers-making-machine-customization-function\/"]}]},{"@type":"ImageObject","inLanguage":"pt-BR","@id":"https:\/\/www.biscuitsolution.com\/product\/sesame-crackers-making-machine-customization-function\/#primaryimage","url":"https:\/\/www.biscuitsolution.com\/wp-content\/uploads\/2025\/02\/sesame-crackers-making-machines.jpg","contentUrl":"https:\/\/www.biscuitsolution.com\/wp-content\/uploads\/2025\/02\/sesame-crackers-making-machines.jpg","width":600,"height":600},{"@type":"BreadcrumbList","@id":"https:\/\/www.biscuitsolution.com\/product\/sesame-crackers-making-machine-customization-function\/#breadcrumb","itemListElement":[{"@type":"ListItem","position":1,"name":"Home","item":"https:\/\/www.biscuitsolution.com\/"},{"@type":"ListItem","position":2,"name":"Product","item":"https:\/\/www.biscuitsolution.com\/product\/"},{"@type":"ListItem","position":3,"name":"Sesame Crackers Making Machine Customization Function"}]},{"@type":"WebSite","@id":"https:\/\/www.biscuitsolution.com\/#website","url":"https:\/\/www.biscuitsolution.com\/","name":"Fabricante de solu\u00e7\u00f5es para produ\u00e7\u00e3o de biscoitos","description":"","potentialAction":[{"@type":"SearchAction","target":{"@type":"EntryPoint","urlTemplate":"https:\/\/www.biscuitsolution.com\/?s={search_term_string}"},"query-input":{"@type":"PropertyValueSpecification","valueRequired":true,"valueName":"search_term_string"}}],"inLanguage":"pt-BR"},false]}},"yasr_visitor_votes":{"stars_attributes":{"read_only":false,"span_bottom":false},"number_of_votes":1,"sum_votes":5},"_links":{"self":[{"href":"https:\/\/www.biscuitsolution.com\/pt\/wp-json\/wp\/v2\/product\/4853","targetHints":{"allow":["GET"]}}],"collection":[{"href":"https:\/\/www.biscuitsolution.com\/pt\/wp-json\/wp\/v2\/product"}],"about":[{"href":"https:\/\/www.biscuitsolution.com\/pt\/wp-json\/wp\/v2\/types\/product"}],"replies":[{"embeddable":true,"href":"https:\/\/www.biscuitsolution.com\/pt\/wp-json\/wp\/v2\/comments?post=4853"}],"version-history":[{"count":1,"href":"https:\/\/www.biscuitsolution.com\/pt\/wp-json\/wp\/v2\/product\/4853\/revisions"}],"predecessor-version":[{"id":4859,"href":"https:\/\/www.biscuitsolution.com\/pt\/wp-json\/wp\/v2\/product\/4853\/revisions\/4859"}],"wp:featuredmedia":[{"embeddable":true,"href":"https:\/\/www.biscuitsolution.com\/pt\/wp-json\/wp\/v2\/media\/4858"}],"wp:attachment":[{"href":"https:\/\/www.biscuitsolution.com\/pt\/wp-json\/wp\/v2\/media?parent=4853"}],"wp:term":[{"taxonomy":"product_brand","embeddable":true,"href":"https:\/\/www.biscuitsolution.com\/pt\/wp-json\/wp\/v2\/product_brand?post=4853"},{"taxonomy":"product_cat","embeddable":true,"href":"https:\/\/www.biscuitsolution.com\/pt\/wp-json\/wp\/v2\/product_cat?post=4853"},{"taxonomy":"product_tag","embeddable":true,"href":"https:\/\/www.biscuitsolution.com\/pt\/wp-json\/wp\/v2\/product_tag?post=4853"}],"curies":[{"name":"wp","href":"https:\/\/api.w.org\/{rel}","templated":true}]}}