{"id":4830,"date":"2025-02-21T10:20:31","date_gmt":"2025-02-21T10:20:31","guid":{"rendered":"https:\/\/www.biscuitsolution.com\/?post_type=product&#038;p=4830"},"modified":"2025-02-25T01:38:54","modified_gmt":"2025-02-25T01:38:54","slug":"multifunctional-fancy-cracker-making-machinesupplier","status":"publish","type":"product","link":"https:\/\/www.biscuitsolution.com\/pt\/produto\/multifunctional-fancy-cracker-making-machinesupplier\/","title":{"rendered":"M\u00e1quina multifuncional para fabrica\u00e7\u00e3o de biscoitos de fantasia|Fornecedor"},"content":{"rendered":"<h2>Caracter\u00edsticas da m\u00e1quina de fabrica\u00e7\u00e3o de biscoitos de fantasia<\/h2>\n<p><img fetchpriority=\"high\" decoding=\"async\" class=\"alignnone size-full wp-image-4831\" src=\"https:\/\/www.biscuitsolution.com\/wp-content\/uploads\/2025\/02\/fancy-cracker-making-machines.jpg\" alt=\"M\u00e1quina de fabrica\u00e7\u00e3o de biscoitos de fantasia\" width=\"800\" height=\"450\" srcset=\"https:\/\/www.biscuitsolution.com\/wp-content\/uploads\/2025\/02\/fancy-cracker-making-machines.jpg 800w, https:\/\/www.biscuitsolution.com\/wp-content\/uploads\/2025\/02\/fancy-cracker-making-machines-600x338.jpg 600w, https:\/\/www.biscuitsolution.com\/wp-content\/uploads\/2025\/02\/fancy-cracker-making-machines-300x169.jpg 300w, https:\/\/www.biscuitsolution.com\/wp-content\/uploads\/2025\/02\/fancy-cracker-making-machines-768x432.jpg 768w\" sizes=\"(max-width: 800px) 100vw, 800px\" \/><\/p>\n<ol>\n<li>Processo de produ\u00e7\u00e3o automatizado: Desde a mistura da mat\u00e9ria-prima, passando pela moldagem at\u00e9 o cozimento, todo o processo \u00e9 automatizado, reduzindo a interven\u00e7\u00e3o manual e melhorando a efici\u00eancia da produ\u00e7\u00e3o.<\/li>\n<li>Produ\u00e7\u00e3o diversificada de produtos: Ela pode produzir v\u00e1rios tipos de biscoitos, como biscoitos crocantes, biscoitos graham, biscoitos art\u00edsticos, etc., para atender \u00e0s diferentes necessidades do mercado.<\/li>\n<li>Controle preciso: Equipado com sistemas avan\u00e7ados de controle eletr\u00f4nico, ele pode ajustar par\u00e2metros como velocidade e temperatura para garantir a qualidade consistente do produto.<\/li>\n<li>Seguran\u00e7a e higiene dos alimentos: Utiliza materiais de grau aliment\u00edcio e antibacterianos, atende aos mais altos padr\u00f5es de higiene do setor e garante um processo de produ\u00e7\u00e3o seguro e higi\u00eanico.<\/li>\n<li>Economia de energia e alta efici\u00eancia: Otimiza o consumo de energia, reduz os custos operacionais e o impacto ambiental.<\/li>\n<\/ol>\n<p><img decoding=\"async\" class=\"alignnone size-full wp-image-4832\" src=\"https:\/\/www.biscuitsolution.com\/wp-content\/uploads\/2025\/02\/fancy-cracker-making-machine.jpg\" alt=\"M\u00e1quina de fabrica\u00e7\u00e3o de biscoitos de fantasia\" width=\"800\" height=\"450\" srcset=\"https:\/\/www.biscuitsolution.com\/wp-content\/uploads\/2025\/02\/fancy-cracker-making-machine.jpg 800w, https:\/\/www.biscuitsolution.com\/wp-content\/uploads\/2025\/02\/fancy-cracker-making-machine-600x338.jpg 600w, https:\/\/www.biscuitsolution.com\/wp-content\/uploads\/2025\/02\/fancy-cracker-making-machine-300x169.jpg 300w, https:\/\/www.biscuitsolution.com\/wp-content\/uploads\/2025\/02\/fancy-cracker-making-machine-768x432.jpg 768w\" sizes=\"(max-width: 800px) 100vw, 800px\" \/><\/p>\n<h2>A Fancy Cracker Making Machine oferece v\u00e1rios benef\u00edcios importantes.<\/h2>\n<ul>\n<li>Em primeiro lugar, sua natureza automatizada aumenta muito a efici\u00eancia da produ\u00e7\u00e3o, reduz as despesas com m\u00e3o de obra e mant\u00e9m a qualidade consistente do produto.<\/li>\n<li>Em segundo lugar, a m\u00e1quina \u00e9 altamente adapt\u00e1vel, permitindo a personaliza\u00e7\u00e3o dos par\u00e2metros de produ\u00e7\u00e3o para atender aos requisitos individuais do produto.<\/li>\n<li>Al\u00e9m disso, prioriza a prote\u00e7\u00e3o ambiental e a seguran\u00e7a, utilizando materiais ecologicamente corretos e projetos com efici\u00eancia energ\u00e9tica, que ajudam a minimizar o uso de energia e a produ\u00e7\u00e3o de res\u00edduos.<\/li>\n<li>A m\u00e1quina tamb\u00e9m \u00e9 de f\u00e1cil utiliza\u00e7\u00e3o, com uma interface de tela sens\u00edvel ao toque e controles automatizados que simplificam a opera\u00e7\u00e3o e reduzem as necessidades de manuten\u00e7\u00e3o.<\/li>\n<li>Por fim, ele assegura uma qualidade uniforme, com controles precisos de temperatura e velocidade que garantem a textura e o sabor consistentes de cada biscoito.<\/li>\n<\/ul>\n<p><img decoding=\"async\" class=\"alignnone size-full wp-image-4833\" src=\"https:\/\/www.biscuitsolution.com\/wp-content\/uploads\/2025\/02\/fancy-cracker-making-machines-suppliers.jpg\" alt=\"M\u00e1quina de fabrica\u00e7\u00e3o de biscoitos de fantasia\" width=\"800\" height=\"450\" srcset=\"https:\/\/www.biscuitsolution.com\/wp-content\/uploads\/2025\/02\/fancy-cracker-making-machines-suppliers.jpg 800w, https:\/\/www.biscuitsolution.com\/wp-content\/uploads\/2025\/02\/fancy-cracker-making-machines-suppliers-600x338.jpg 600w, https:\/\/www.biscuitsolution.com\/wp-content\/uploads\/2025\/02\/fancy-cracker-making-machines-suppliers-300x169.jpg 300w, https:\/\/www.biscuitsolution.com\/wp-content\/uploads\/2025\/02\/fancy-cracker-making-machines-suppliers-768x432.jpg 768w\" sizes=\"(max-width: 800px) 100vw, 800px\" \/><\/p>\n<h2>Fornecedores de m\u00e1quinas para fabrica\u00e7\u00e3o de biscoitos finos Escolha-nos<\/h2>\n<ul>\n<li>Experi\u00eancia profissional e suporte t\u00e9cnico: Temos uma vasta experi\u00eancia no setor e podemos lhe oferecer uma gama completa de suporte t\u00e9cnico, desde a sele\u00e7\u00e3o de equipamentos at\u00e9 a instala\u00e7\u00e3o e o comissionamento.<\/li>\n<li>Solu\u00e7\u00f5es personalizadas: Oferecemos servi\u00e7os personalizados para projetar a linha de produ\u00e7\u00e3o mais adequada para voc\u00ea, de acordo com suas necessidades de produ\u00e7\u00e3o e or\u00e7amento.<\/li>\n<li>Equipamento Premium: Nossas m\u00e1quinas s\u00e3o fabricadas com tecnologia de ponta e materiais superiores, garantindo durabilidade duradoura e desempenho confi\u00e1vel.<\/li>\n<li>Suporte p\u00f3s-venda completo: Oferecemos servi\u00e7os p\u00f3s-venda completos, abrangendo manuten\u00e7\u00e3o, fornecimento de pe\u00e7as de reposi\u00e7\u00e3o e consultoria t\u00e9cnica, para manter sua produ\u00e7\u00e3o funcionando sem problemas.<\/li>\n<li>Aclama\u00e7\u00e3o e confian\u00e7a globais: Nossos equipamentos gozam de amplo reconhecimento global, respaldados pelo feedback positivo dos clientes, com qualidade e desempenho garantidos.<\/li>\n<\/ul>\n<p><img loading=\"lazy\" decoding=\"async\" class=\"alignnone size-full wp-image-4834\" src=\"https:\/\/www.biscuitsolution.com\/wp-content\/uploads\/2025\/02\/fancy-cracker-making-machine-suppliers.jpg\" alt=\"M\u00e1quina de fabrica\u00e7\u00e3o de biscoitos de fantasia\" width=\"800\" height=\"450\" srcset=\"https:\/\/www.biscuitsolution.com\/wp-content\/uploads\/2025\/02\/fancy-cracker-making-machine-suppliers.jpg 800w, https:\/\/www.biscuitsolution.com\/wp-content\/uploads\/2025\/02\/fancy-cracker-making-machine-suppliers-600x338.jpg 600w, https:\/\/www.biscuitsolution.com\/wp-content\/uploads\/2025\/02\/fancy-cracker-making-machine-suppliers-300x169.jpg 300w, https:\/\/www.biscuitsolution.com\/wp-content\/uploads\/2025\/02\/fancy-cracker-making-machine-suppliers-768x432.jpg 768w\" sizes=\"(max-width: 800px) 100vw, 800px\" \/><\/p>\n<h2>Perguntas frequentes sobre a m\u00e1quina de fabrica\u00e7\u00e3o de biscoitos de fantasia<\/h2>\n<ol>\n<li>Qual \u00e9 a pot\u00eancia do equipamento e ele consome muita eletricidade?<br \/>\nA pot\u00eancia do equipamento geralmente fica entre 10 e 50 quilowatts, dependendo da fun\u00e7\u00e3o e das especifica\u00e7\u00f5es do equipamento. O consumo de energia ser\u00e1 afetado por fatores como o tempo de opera\u00e7\u00e3o do equipamento, a velocidade de produ\u00e7\u00e3o, a temperatura de cozimento, etc.<\/li>\n<li>A opera\u00e7\u00e3o \u00e9 complicada e requer treinamento profissional?<br \/>\nA opera\u00e7\u00e3o do equipamento \u00e9 profissional, mas n\u00e3o complicada. Ap\u00f3s a conclus\u00e3o da instala\u00e7\u00e3o e do comissionamento do novo equipamento, o fornecedor geralmente oferece treinamento profissional para o operador, incluindo a opera\u00e7\u00e3o b\u00e1sica do equipamento, a configura\u00e7\u00e3o de par\u00e2metros, a manuten\u00e7\u00e3o di\u00e1ria etc.<\/li>\n<li>\u00c9 poss\u00edvel produzir cookies de diferentes espessuras e tamanhos?<br \/>\nSim. As m\u00e1quinas de fabrica\u00e7\u00e3o de biscoitos sofisticados geralmente t\u00eam dispositivos e moldes de forma\u00e7\u00e3o ajust\u00e1veis, que podem ajustar a espessura e o tamanho dos biscoitos de acordo com as necessidades de produ\u00e7\u00e3o.<\/li>\n<\/ol>\n<h2>Deixe uma mensagem para obter uma cota\u00e7\u00e3o<\/h2>\n\n<div class=\"wpcf7 no-js\" id=\"wpcf7-f4619-o1\" lang=\"en-US\" dir=\"ltr\" data-wpcf7-id=\"4619\">\n<div class=\"screen-reader-response\"><p role=\"status\" aria-live=\"polite\" aria-atomic=\"true\"><\/p> <ul><\/ul><\/div>\n<form action=\"\/pt\/wp-json\/wp\/v2\/product\/4830#wpcf7-f4619-o1\" method=\"post\" class=\"wpcf7-form init\" aria-label=\"Formul\u00e1rio de contato\" novalidate=\"novalidate\" data-status=\"init\" data-trp-original-action=\"\/pt\/wp-json\/wp\/v2\/product\/4830#wpcf7-f4619-o1\">\n<div style=\"display: none;\">\n<input type=\"hidden\" name=\"_wpcf7\" value=\"4619\" \/>\n<input type=\"hidden\" name=\"_wpcf7_version\" value=\"6.0.4\" \/>\n<input type=\"hidden\" name=\"_wpcf7_locale\" value=\"en_US\" \/>\n<input type=\"hidden\" name=\"_wpcf7_unit_tag\" value=\"wpcf7-f4619-o1\" \/>\n<input type=\"hidden\" name=\"_wpcf7_container_post\" value=\"0\" \/>\n<input type=\"hidden\" name=\"_wpcf7_posted_data_hash\" value=\"\" \/>\n<\/div>\n<p><label> Seu nome*<br \/>\n<span class=\"wpcf7-form-control-wrap\" data-name=\"your-name\"><input size=\"40\" maxlength=\"400\" class=\"wpcf7-form-control wpcf7-text wpcf7-validates-as-required\" aria-required=\"true\" aria-invalid=\"false\" value=\"\" type=\"text\" name=\"your-name\" \/><\/span> <\/label>\n<\/p>\n<p><label> Seu pa\u00eds<br \/>\n<span class=\"wpcf7-form-control-wrap\" data-name=\"your-country\"><input size=\"40\" maxlength=\"400\" class=\"wpcf7-form-control wpcf7-text\" aria-invalid=\"false\" value=\"\" type=\"text\" name=\"your-country\" \/><\/span><\/label>\n<\/p>\n<p><label> Seu e-mail*<br \/>\n<span class=\"wpcf7-form-control-wrap\" data-name=\"your-email\"><input size=\"40\" maxlength=\"400\" class=\"wpcf7-form-control wpcf7-email wpcf7-validates-as-required wpcf7-text wpcf7-validates-as-email\" aria-required=\"true\" aria-invalid=\"false\" value=\"\" type=\"email\" name=\"your-email\" \/><\/span> <\/label>\n<\/p>\n<p><label> Seu telefone<br \/>\n<span class=\"wpcf7-form-control-wrap\" data-name=\"your-phone\"><input size=\"40\" maxlength=\"400\" class=\"wpcf7-form-control wpcf7-tel wpcf7-text wpcf7-validates-as-tel\" aria-invalid=\"false\" value=\"\" type=\"tel\" name=\"your-phone\" \/><\/span> <\/label>\n<\/p>\n<p><label> Nome de sua empresa<br \/>\n<span class=\"wpcf7-form-control-wrap\" data-name=\"text-457\"><input size=\"40\" maxlength=\"400\" class=\"wpcf7-form-control wpcf7-text\" aria-invalid=\"false\" value=\"\" type=\"text\" name=\"text-457\" \/><\/span> <\/label>\n<\/p>\n<p><label> Site de sua empresa<br \/>\n<span class=\"wpcf7-form-control-wrap\" data-name=\"text-546\"><input size=\"40\" maxlength=\"400\" class=\"wpcf7-form-control wpcf7-text\" aria-invalid=\"false\" value=\"\" type=\"text\" name=\"text-546\" \/><\/span> <\/label>\n<\/p>\n<p><label> Seu requisito*<br \/>\n<span class=\"wpcf7-form-control-wrap\" data-name=\"your-message\"><textarea cols=\"40\" rows=\"10\" maxlength=\"2000\" class=\"wpcf7-form-control wpcf7-textarea wpcf7-validates-as-required\" aria-required=\"true\" aria-invalid=\"false\" name=\"your-message\"><\/textarea><\/span> <\/label>\n<\/p>\n<p><input class=\"wpcf7-form-control wpcf7-submit has-spinner\" type=\"submit\" value=\"Enviar\" \/>\n<\/p><p style=\"display: none !important;\" class=\"akismet-fields-container\" data-prefix=\"_wpcf7_ak_\"><label>&#916;<textarea name=\"_wpcf7_ak_hp_textarea\" cols=\"45\" rows=\"8\" maxlength=\"100\"><\/textarea><\/label><input type=\"hidden\" id=\"ak_js_1\" name=\"_wpcf7_ak_js\" value=\"142\"\/><script>document.getElementById( \"ak_js_1\" ).setAttribute( \"value\", ( new Date() ).getTime() );<\/script><\/p><div class=\"wpcf7-response-output\" aria-hidden=\"true\"><\/div>\n<input type=\"hidden\" name=\"trp-form-language\" value=\"pt\"\/><\/form>\n<\/div>\n\n<p>&nbsp;<\/p>\n<div style='text-align:left' class='yasr-auto-insert-visitor'><\/div>","protected":false},"excerpt":{"rendered":"<p>Marca: GELGOOG<\/p>\n<p>Tens\u00e3o: 380V<\/p>\n<p>Capacity\uff1a100kg\/h-1000kg\/h<\/p>\n<p>E-mail: shanna@machinehall.com<\/p>\n<p>Tel: +8618638676709<\/p>","protected":false},"featured_media":4835,"comment_status":"open","ping_status":"closed","template":"","meta":{"site-sidebar-layout":"default","site-content-layout":"","ast-site-content-layout":"default","site-content-style":"default","site-sidebar-style":"default","ast-global-header-display":"","ast-banner-title-visibility":"","ast-main-header-display":"","ast-hfb-above-header-display":"","ast-hfb-below-header-display":"","ast-hfb-mobile-header-display":"","site-post-title":"","ast-breadcrumbs-content":"","ast-featured-img":"","footer-sml-layout":"","theme-transparent-header-meta":"default","adv-header-id-meta":"","stick-header-meta":"","header-above-stick-meta":"","header-main-stick-meta":"","header-below-stick-meta":"","astra-migrate-meta-layouts":"set","ast-page-background-enabled":"default","ast-page-background-meta":{"desktop":{"background-color":"","background-image":"","background-repeat":"repeat","background-position":"center center","background-size":"auto","background-attachment":"scroll","background-type":"","background-media":"","overlay-type":"","overlay-color":"","overlay-opacity":"","overlay-gradient":""},"tablet":{"background-color":"","background-image":"","background-repeat":"repeat","background-position":"center center","background-size":"auto","background-attachment":"scroll","background-type":"","background-media":"","overlay-type":"","overlay-color":"","overlay-opacity":"","overlay-gradient":""},"mobile":{"background-color":"","background-image":"","background-repeat":"repeat","background-position":"center center","background-size":"auto","background-attachment":"scroll","background-type":"","background-media":"","overlay-type":"","overlay-color":"","overlay-opacity":"","overlay-gradient":""}},"ast-content-background-meta":{"desktop":{"background-color":"var(--ast-global-color-5)","background-image":"","background-repeat":"repeat","background-position":"center center","background-size":"auto","background-attachment":"scroll","background-type":"","background-media":"","overlay-type":"","overlay-color":"","overlay-opacity":"","overlay-gradient":""},"tablet":{"background-color":"var(--ast-global-color-5)","background-image":"","background-repeat":"repeat","background-position":"center center","background-size":"auto","background-attachment":"scroll","background-type":"","background-media":"","overlay-type":"","overlay-color":"","overlay-opacity":"","overlay-gradient":""},"mobile":{"background-color":"var(--ast-global-color-5)","background-image":"","background-repeat":"repeat","background-position":"center center","background-size":"auto","background-attachment":"scroll","background-type":"","background-media":"","overlay-type":"","overlay-color":"","overlay-opacity":"","overlay-gradient":""}},"yasr_overall_rating":0,"yasr_post_is_review":"","yasr_auto_insert_disabled":"","yasr_review_type":""},"product_brand":[],"product_cat":[22],"product_tag":[],"class_list":{"0":"post-4830","1":"product","2":"type-product","3":"status-publish","4":"has-post-thumbnail","6":"product_cat-hard-biscuit-production-line","7":"desktop-align-left","8":"tablet-align-left","9":"mobile-align-left","11":"first","12":"instock","13":"shipping-taxable","14":"product-type-simple"},"yoast_head":"<!-- This site is optimized with the Yoast SEO plugin v24.4 - https:\/\/yoast.com\/wordpress\/plugins\/seo\/ -->\n<title>Multifunctional Fancy Cracker Making Machine|Supplier - Biscuit Production Solution Manufacturer<\/title>\n<meta name=\"description\" content=\"Fancy cracker making machine is highly automated and versatile, and can meet diverse production needs. As a supplier, we provide quality services.\" \/>\n<meta name=\"robots\" content=\"index, follow, max-snippet:-1, max-image-preview:large, max-video-preview:-1\" \/>\n<link rel=\"canonical\" href=\"https:\/\/www.biscuitsolution.com\/pt\/produto\/multifunctional-fancy-cracker-making-machinesupplier\/\" \/>\n<meta property=\"og:locale\" content=\"pt_BR\" \/>\n<meta property=\"og:type\" content=\"article\" \/>\n<meta property=\"og:title\" content=\"Multifunctional Fancy Cracker Making Machine|Supplier - Biscuit Production Solution Manufacturer\" \/>\n<meta property=\"og:description\" content=\"Fancy cracker making machine is highly automated and versatile, and can meet diverse production needs. As a supplier, we provide quality services.\" \/>\n<meta property=\"og:url\" content=\"https:\/\/www.biscuitsolution.com\/pt\/produto\/multifunctional-fancy-cracker-making-machinesupplier\/\" \/>\n<meta property=\"og:site_name\" content=\"Biscuit Production Solution Manufacturer\" \/>\n<meta property=\"article:publisher\" content=\"https:\/\/www.facebook.com\/profile.php?id=100095205040823\" \/>\n<meta property=\"article:modified_time\" content=\"2025-02-25T01:38:54+00:00\" \/>\n<meta property=\"og:image\" content=\"https:\/\/www.biscuitsolution.com\/wp-content\/uploads\/2025\/02\/fancy-cracker-machine.jpg\" \/>\n\t<meta property=\"og:image:width\" content=\"600\" \/>\n\t<meta property=\"og:image:height\" content=\"600\" \/>\n\t<meta property=\"og:image:type\" content=\"image\/jpeg\" \/>\n<meta name=\"twitter:card\" content=\"summary_large_image\" \/>\n<meta name=\"twitter:site\" content=\"@shanna_zha26342\" \/>\n<meta name=\"twitter:label1\" content=\"Est. tempo de leitura\" \/>\n\t<meta name=\"twitter:data1\" content=\"4 minutos\" \/>\n<script type=\"application\/ld+json\" class=\"yoast-schema-graph\">{\"@context\":\"https:\/\/schema.org\",\"@graph\":[{\"@type\":\"WebPage\",\"@id\":\"https:\/\/www.biscuitsolution.com\/product\/multifunctional-fancy-cracker-making-machinesupplier\/\",\"url\":\"https:\/\/www.biscuitsolution.com\/product\/multifunctional-fancy-cracker-making-machinesupplier\/\",\"name\":\"Multifunctional Fancy Cracker Making Machine|Supplier - Biscuit Production Solution Manufacturer\",\"isPartOf\":{\"@id\":\"https:\/\/www.biscuitsolution.com\/#website\"},\"primaryImageOfPage\":{\"@id\":\"https:\/\/www.biscuitsolution.com\/product\/multifunctional-fancy-cracker-making-machinesupplier\/#primaryimage\"},\"image\":{\"@id\":\"https:\/\/www.biscuitsolution.com\/product\/multifunctional-fancy-cracker-making-machinesupplier\/#primaryimage\"},\"thumbnailUrl\":\"https:\/\/www.biscuitsolution.com\/wp-content\/uploads\/2025\/02\/fancy-cracker-machine.jpg\",\"datePublished\":\"2025-02-21T10:20:31+00:00\",\"dateModified\":\"2025-02-25T01:38:54+00:00\",\"description\":\"Fancy cracker making machine is highly automated and versatile, and can meet diverse production needs. As a supplier, we provide quality services.\",\"breadcrumb\":{\"@id\":\"https:\/\/www.biscuitsolution.com\/product\/multifunctional-fancy-cracker-making-machinesupplier\/#breadcrumb\"},\"inLanguage\":\"pt-BR\",\"potentialAction\":[{\"@type\":\"ReadAction\",\"target\":[\"https:\/\/www.biscuitsolution.com\/product\/multifunctional-fancy-cracker-making-machinesupplier\/\"]}]},{\"@type\":\"ImageObject\",\"inLanguage\":\"pt-BR\",\"@id\":\"https:\/\/www.biscuitsolution.com\/product\/multifunctional-fancy-cracker-making-machinesupplier\/#primaryimage\",\"url\":\"https:\/\/www.biscuitsolution.com\/wp-content\/uploads\/2025\/02\/fancy-cracker-machine.jpg\",\"contentUrl\":\"https:\/\/www.biscuitsolution.com\/wp-content\/uploads\/2025\/02\/fancy-cracker-machine.jpg\",\"width\":600,\"height\":600},{\"@type\":\"BreadcrumbList\",\"@id\":\"https:\/\/www.biscuitsolution.com\/product\/multifunctional-fancy-cracker-making-machinesupplier\/#breadcrumb\",\"itemListElement\":[{\"@type\":\"ListItem\",\"position\":1,\"name\":\"Home\",\"item\":\"https:\/\/www.biscuitsolution.com\/\"},{\"@type\":\"ListItem\",\"position\":2,\"name\":\"Product\",\"item\":\"https:\/\/www.biscuitsolution.com\/product\/\"},{\"@type\":\"ListItem\",\"position\":3,\"name\":\"Multifunctional Fancy Cracker Making Machine|Supplier\"}]},{\"@type\":\"WebSite\",\"@id\":\"https:\/\/www.biscuitsolution.com\/#website\",\"url\":\"https:\/\/www.biscuitsolution.com\/\",\"name\":\"Biscuit Production Solution Manufacturer\",\"description\":\"\",\"potentialAction\":[{\"@type\":\"SearchAction\",\"target\":{\"@type\":\"EntryPoint\",\"urlTemplate\":\"https:\/\/www.biscuitsolution.com\/?s={search_term_string}\"},\"query-input\":{\"@type\":\"PropertyValueSpecification\",\"valueRequired\":true,\"valueName\":\"search_term_string\"}}],\"inLanguage\":\"pt-BR\"},false]}<\/script>\n<!-- \/ Yoast SEO plugin. -->","yoast_head_json":{"title":"M\u00e1quina multifuncional para fabrica\u00e7\u00e3o de biscoitos de fantasia|Fornecedor - Fabricante de solu\u00e7\u00f5es para produ\u00e7\u00e3o de biscoitos","description":"A m\u00e1quina de fabrica\u00e7\u00e3o de biscoitos de fantasia \u00e9 altamente automatizada e vers\u00e1til, e pode atender a diversas necessidades de produ\u00e7\u00e3o. Como fornecedor, prestamos servi\u00e7os de qualidade.","robots":{"index":"index","follow":"follow","max-snippet":"max-snippet:-1","max-image-preview":"max-image-preview:large","max-video-preview":"max-video-preview:-1"},"canonical":"https:\/\/www.biscuitsolution.com\/pt\/produto\/multifunctional-fancy-cracker-making-machinesupplier\/","og_locale":"pt_BR","og_type":"article","og_title":"Multifunctional Fancy Cracker Making Machine|Supplier - Biscuit Production Solution Manufacturer","og_description":"Fancy cracker making machine is highly automated and versatile, and can meet diverse production needs. As a supplier, we provide quality services.","og_url":"https:\/\/www.biscuitsolution.com\/pt\/produto\/multifunctional-fancy-cracker-making-machinesupplier\/","og_site_name":"Biscuit Production Solution Manufacturer","article_publisher":"https:\/\/www.facebook.com\/profile.php?id=100095205040823","article_modified_time":"2025-02-25T01:38:54+00:00","og_image":[{"width":600,"height":600,"url":"https:\/\/www.biscuitsolution.com\/wp-content\/uploads\/2025\/02\/fancy-cracker-machine.jpg","type":"image\/jpeg"}],"twitter_card":"summary_large_image","twitter_site":"@shanna_zha26342","twitter_misc":{"Est. tempo de leitura":"4 minutos"},"schema":{"@context":"https:\/\/schema.org","@graph":[{"@type":"WebPage","@id":"https:\/\/www.biscuitsolution.com\/product\/multifunctional-fancy-cracker-making-machinesupplier\/","url":"https:\/\/www.biscuitsolution.com\/product\/multifunctional-fancy-cracker-making-machinesupplier\/","name":"M\u00e1quina multifuncional para fabrica\u00e7\u00e3o de biscoitos de fantasia|Fornecedor - Fabricante de solu\u00e7\u00f5es para produ\u00e7\u00e3o de biscoitos","isPartOf":{"@id":"https:\/\/www.biscuitsolution.com\/#website"},"primaryImageOfPage":{"@id":"https:\/\/www.biscuitsolution.com\/product\/multifunctional-fancy-cracker-making-machinesupplier\/#primaryimage"},"image":{"@id":"https:\/\/www.biscuitsolution.com\/product\/multifunctional-fancy-cracker-making-machinesupplier\/#primaryimage"},"thumbnailUrl":"https:\/\/www.biscuitsolution.com\/wp-content\/uploads\/2025\/02\/fancy-cracker-machine.jpg","datePublished":"2025-02-21T10:20:31+00:00","dateModified":"2025-02-25T01:38:54+00:00","description":"A m\u00e1quina de fabrica\u00e7\u00e3o de biscoitos de fantasia \u00e9 altamente automatizada e vers\u00e1til, e pode atender a diversas necessidades de produ\u00e7\u00e3o. Como fornecedor, prestamos servi\u00e7os de qualidade.","breadcrumb":{"@id":"https:\/\/www.biscuitsolution.com\/product\/multifunctional-fancy-cracker-making-machinesupplier\/#breadcrumb"},"inLanguage":"pt-BR","potentialAction":[{"@type":"ReadAction","target":["https:\/\/www.biscuitsolution.com\/product\/multifunctional-fancy-cracker-making-machinesupplier\/"]}]},{"@type":"ImageObject","inLanguage":"pt-BR","@id":"https:\/\/www.biscuitsolution.com\/product\/multifunctional-fancy-cracker-making-machinesupplier\/#primaryimage","url":"https:\/\/www.biscuitsolution.com\/wp-content\/uploads\/2025\/02\/fancy-cracker-machine.jpg","contentUrl":"https:\/\/www.biscuitsolution.com\/wp-content\/uploads\/2025\/02\/fancy-cracker-machine.jpg","width":600,"height":600},{"@type":"BreadcrumbList","@id":"https:\/\/www.biscuitsolution.com\/product\/multifunctional-fancy-cracker-making-machinesupplier\/#breadcrumb","itemListElement":[{"@type":"ListItem","position":1,"name":"Home","item":"https:\/\/www.biscuitsolution.com\/"},{"@type":"ListItem","position":2,"name":"Product","item":"https:\/\/www.biscuitsolution.com\/product\/"},{"@type":"ListItem","position":3,"name":"Multifunctional Fancy Cracker Making Machine|Supplier"}]},{"@type":"WebSite","@id":"https:\/\/www.biscuitsolution.com\/#website","url":"https:\/\/www.biscuitsolution.com\/","name":"Fabricante de solu\u00e7\u00f5es para produ\u00e7\u00e3o de biscoitos","description":"","potentialAction":[{"@type":"SearchAction","target":{"@type":"EntryPoint","urlTemplate":"https:\/\/www.biscuitsolution.com\/?s={search_term_string}"},"query-input":{"@type":"PropertyValueSpecification","valueRequired":true,"valueName":"search_term_string"}}],"inLanguage":"pt-BR"},false]}},"yasr_visitor_votes":{"stars_attributes":{"read_only":false,"span_bottom":false},"number_of_votes":2,"sum_votes":10},"_links":{"self":[{"href":"https:\/\/www.biscuitsolution.com\/pt\/wp-json\/wp\/v2\/product\/4830","targetHints":{"allow":["GET"]}}],"collection":[{"href":"https:\/\/www.biscuitsolution.com\/pt\/wp-json\/wp\/v2\/product"}],"about":[{"href":"https:\/\/www.biscuitsolution.com\/pt\/wp-json\/wp\/v2\/types\/product"}],"replies":[{"embeddable":true,"href":"https:\/\/www.biscuitsolution.com\/pt\/wp-json\/wp\/v2\/comments?post=4830"}],"version-history":[{"count":1,"href":"https:\/\/www.biscuitsolution.com\/pt\/wp-json\/wp\/v2\/product\/4830\/revisions"}],"predecessor-version":[{"id":4836,"href":"https:\/\/www.biscuitsolution.com\/pt\/wp-json\/wp\/v2\/product\/4830\/revisions\/4836"}],"wp:featuredmedia":[{"embeddable":true,"href":"https:\/\/www.biscuitsolution.com\/pt\/wp-json\/wp\/v2\/media\/4835"}],"wp:attachment":[{"href":"https:\/\/www.biscuitsolution.com\/pt\/wp-json\/wp\/v2\/media?parent=4830"}],"wp:term":[{"taxonomy":"product_brand","embeddable":true,"href":"https:\/\/www.biscuitsolution.com\/pt\/wp-json\/wp\/v2\/product_brand?post=4830"},{"taxonomy":"product_cat","embeddable":true,"href":"https:\/\/www.biscuitsolution.com\/pt\/wp-json\/wp\/v2\/product_cat?post=4830"},{"taxonomy":"product_tag","embeddable":true,"href":"https:\/\/www.biscuitsolution.com\/pt\/wp-json\/wp\/v2\/product_tag?post=4830"}],"curies":[{"name":"wp","href":"https:\/\/api.w.org\/{rel}","templated":true}]}}