{"id":4823,"date":"2025-02-21T10:11:18","date_gmt":"2025-02-21T10:11:18","guid":{"rendered":"https:\/\/www.biscuitsolution.com\/?post_type=product&#038;p=4823"},"modified":"2025-03-15T07:32:45","modified_gmt":"2025-03-14T23:32:45","slug":"automatic-sandwich-cracker-making-machine-high-capacity","status":"publish","type":"product","link":"https:\/\/www.biscuitsolution.com\/pt\/produto\/automatic-sandwich-cracker-making-machine-high-capacity\/","title":{"rendered":"M\u00e1quina Autom\u00e1tica para Fabrica\u00e7\u00e3o de Biscoitos Sandu\u00edche de Alta Capacidade"},"content":{"rendered":"<p>O mercado global de <strong>M\u00e1quinas autom\u00e1ticas para fabrica\u00e7\u00e3o de biscoitos tipo sandu\u00edche<\/strong> est\u00e1 crescendo rapidamente, impulsionado pela crescente demanda por alimentos de conveni\u00eancia e pela necessidade de processos de produ\u00e7\u00e3o eficientes.<\/p>\n<p><img fetchpriority=\"high\" decoding=\"async\" class=\"alignnone size-full wp-image-4824\" src=\"https:\/\/www.biscuitsolution.com\/wp-content\/uploads\/2025\/02\/automatic-sandwich-crackers-making-machine.jpg\" alt=\"M\u00e1quina autom\u00e1tica para fabrica\u00e7\u00e3o de biscoitos tipo sandu\u00edche\" width=\"800\" height=\"450\" srcset=\"https:\/\/www.biscuitsolution.com\/wp-content\/uploads\/2025\/02\/automatic-sandwich-crackers-making-machine.jpg 800w, https:\/\/www.biscuitsolution.com\/wp-content\/uploads\/2025\/02\/automatic-sandwich-crackers-making-machine-600x338.jpg 600w, https:\/\/www.biscuitsolution.com\/wp-content\/uploads\/2025\/02\/automatic-sandwich-crackers-making-machine-300x169.jpg 300w, https:\/\/www.biscuitsolution.com\/wp-content\/uploads\/2025\/02\/automatic-sandwich-crackers-making-machine-768x432.jpg 768w\" sizes=\"(max-width: 800px) 100vw, 800px\" \/><\/p>\n<p>Investimos continuamente em P&amp;D para introduzir recursos mais avan\u00e7ados, como automa\u00e7\u00e3o aprimorada, controle digital e design ecol\u00f3gico, entre outros.<\/p>\n<h2>Como funciona<\/h2>\n<p>As m\u00e1quinas autom\u00e1ticas de fabrica\u00e7\u00e3o de biscoitos tipo sandu\u00edche operam por meio da integra\u00e7\u00e3o perfeita de v\u00e1rios componentes principais:<\/p>\n<ul>\n<li>Prepara\u00e7\u00e3o da massa e forma\u00e7\u00e3o de folhas: A m\u00e1quina mistura os ingredientes para formar uma massa lisa, que \u00e9 ent\u00e3o prensada em folhas uniformes.<\/li>\n<li>Corte e cozimento: As folhas de massa s\u00e3o cortadas em formas individuais de biscoitos e assadas com perfei\u00e7\u00e3o em um forno de t\u00fanel.<\/li>\n<li>Recheio e montagem: Os biscoitos assados s\u00e3o recheados com uma quantidade exata de creme ou outros recheios e, em seguida, colocados em um sandu\u00edche.<\/li>\n<li>Embalagem: Os biscoitos sandu\u00edche prontos s\u00e3o embalados automaticamente para garantir o frescor e aumentar a vida \u00fatil.<\/li>\n<\/ul>\n<p><img decoding=\"async\" class=\"alignnone size-full wp-image-4825\" src=\"https:\/\/www.biscuitsolution.com\/wp-content\/uploads\/2025\/02\/sandwich-cracker-making-machine.jpg\" alt=\"M\u00e1quina para fabrica\u00e7\u00e3o de biscoitos tipo sandu\u00edche\" width=\"800\" height=\"450\" srcset=\"https:\/\/www.biscuitsolution.com\/wp-content\/uploads\/2025\/02\/sandwich-cracker-making-machine.jpg 800w, https:\/\/www.biscuitsolution.com\/wp-content\/uploads\/2025\/02\/sandwich-cracker-making-machine-600x338.jpg 600w, https:\/\/www.biscuitsolution.com\/wp-content\/uploads\/2025\/02\/sandwich-cracker-making-machine-300x169.jpg 300w, https:\/\/www.biscuitsolution.com\/wp-content\/uploads\/2025\/02\/sandwich-cracker-making-machine-768x432.jpg 768w\" sizes=\"(max-width: 800px) 100vw, 800px\" \/><\/p>\n<h2>Principais recursos e benef\u00edcios<\/h2>\n<p>1. Alta capacidade de produ\u00e7\u00e3o<br \/>\nAs m\u00e1quinas autom\u00e1ticas de fabrica\u00e7\u00e3o de biscoitos tipo sandu\u00edche podem produzir milhares de biscoitos tipo sandu\u00edche por hora, o que as torna ideais para produ\u00e7\u00e3o em larga escala. Modelos como o GG-BG1200 podem processar at\u00e9 1.200 kg por hora, garantindo que voc\u00ea possa atender \u00e0s altas demandas do mercado.<\/p>\n<p>2. Qualidade consistente do produto<br \/>\nA automa\u00e7\u00e3o garante que cada biscoito seja uniforme em tamanho, forma e espessura. O sistema de enchimento preciso da m\u00e1quina garante que cada biscoito de sandu\u00edche tenha a quantidade perfeita de recheio, resultando em sabor e apar\u00eancia consistentes.<\/p>\n<p>3. Economia de m\u00e3o de obra<br \/>\nAo automatizar o processo de produ\u00e7\u00e3o, a m\u00e1quina reduz significativamente a necessidade de m\u00e3o de obra. Isso n\u00e3o apenas reduz os custos de m\u00e3o de obra, mas tamb\u00e9m minimiza o risco de erro humano, garantindo uma linha de produ\u00e7\u00e3o mais confi\u00e1vel.<\/p>\n<p><img decoding=\"async\" class=\"alignnone size-full wp-image-4826\" src=\"https:\/\/www.biscuitsolution.com\/wp-content\/uploads\/2025\/02\/sandwich-crackers-machine.jpg\" alt=\"M\u00e1quina para fabrica\u00e7\u00e3o de biscoitos tipo sandu\u00edche\" width=\"800\" height=\"450\" srcset=\"https:\/\/www.biscuitsolution.com\/wp-content\/uploads\/2025\/02\/sandwich-crackers-machine.jpg 800w, https:\/\/www.biscuitsolution.com\/wp-content\/uploads\/2025\/02\/sandwich-crackers-machine-600x338.jpg 600w, https:\/\/www.biscuitsolution.com\/wp-content\/uploads\/2025\/02\/sandwich-crackers-machine-300x169.jpg 300w, https:\/\/www.biscuitsolution.com\/wp-content\/uploads\/2025\/02\/sandwich-crackers-machine-768x432.jpg 768w\" sizes=\"(max-width: 800px) 100vw, 800px\" \/><\/p>\n<p>4. Versatilidade<br \/>\nA m\u00e1quina pode ser ajustada para produzir crackers de v\u00e1rios formatos e tamanhos. Ela tamb\u00e9m suporta diferentes tipos de recheio, permitindo que voc\u00ea crie um produto diversificado que atenda a uma variedade de prefer\u00eancias do consumidor.<\/p>\n<p>5. Higiene e seguran\u00e7a<br \/>\nTodas as pe\u00e7as que entram em contato com os alimentos s\u00e3o feitas de materiais de grau aliment\u00edcio, garantindo f\u00e1cil limpeza e desinfec\u00e7\u00e3o. Esse design atende aos r\u00edgidos padr\u00f5es de seguran\u00e7a alimentar e proporciona um ambiente de produ\u00e7\u00e3o higi\u00eanico.<\/p>\n<p>6. Efici\u00eancia energ\u00e9tica<br \/>\nAs modernas m\u00e1quinas de fabrica\u00e7\u00e3o de biscoitos tipo sandu\u00edche s\u00e3o projetadas tendo em mente a efici\u00eancia energ\u00e9tica. Elas consomem menos eletricidade e, ao mesmo tempo, mant\u00eam o desempenho ideal, ajudando-o a reduzir os custos operacionais e a minimizar o impacto ambiental.<\/p>\n<p><img loading=\"lazy\" decoding=\"async\" class=\"alignnone size-full wp-image-4827\" src=\"https:\/\/www.biscuitsolution.com\/wp-content\/uploads\/2025\/02\/sandwich-crackers-making-machine.jpg\" alt=\"M\u00e1quina para fabrica\u00e7\u00e3o de biscoitos tipo sandu\u00edche\" width=\"800\" height=\"450\" srcset=\"https:\/\/www.biscuitsolution.com\/wp-content\/uploads\/2025\/02\/sandwich-crackers-making-machine.jpg 800w, https:\/\/www.biscuitsolution.com\/wp-content\/uploads\/2025\/02\/sandwich-crackers-making-machine-600x338.jpg 600w, https:\/\/www.biscuitsolution.com\/wp-content\/uploads\/2025\/02\/sandwich-crackers-making-machine-300x169.jpg 300w, https:\/\/www.biscuitsolution.com\/wp-content\/uploads\/2025\/02\/sandwich-crackers-making-machine-768x432.jpg 768w\" sizes=\"(max-width: 800px) 100vw, 800px\" \/><\/p>\n<h2>Conclus\u00e3o<\/h2>\n<p>A m\u00e1quina autom\u00e1tica para fabrica\u00e7\u00e3o de biscoitos tipo sandu\u00edche \u00e9 um investimento que vale a pena para qualquer padaria ou fabricante de salgadinhos que pretenda aumentar a produtividade, melhorar a qualidade do produto e permanecer competitivo no mercado. Com seus recursos avan\u00e7ados, alta efici\u00eancia e flexibilidade, a m\u00e1quina tem o potencial de revolucionar a maneira como os biscoitos tipo sandu\u00edche s\u00e3o feitos.<\/p>\n<h2>Deixe uma mensagem para obter uma cota\u00e7\u00e3o<\/h2>\n\n<div class=\"wpcf7 no-js\" id=\"wpcf7-f4619-o1\" lang=\"en-US\" dir=\"ltr\" data-wpcf7-id=\"4619\">\n<div class=\"screen-reader-response\"><p role=\"status\" aria-live=\"polite\" aria-atomic=\"true\"><\/p> <ul><\/ul><\/div>\n<form action=\"\/pt\/wp-json\/wp\/v2\/product\/4823#wpcf7-f4619-o1\" method=\"post\" class=\"wpcf7-form init\" aria-label=\"Formul\u00e1rio de contato\" novalidate=\"novalidate\" data-status=\"init\" data-trp-original-action=\"\/pt\/wp-json\/wp\/v2\/product\/4823#wpcf7-f4619-o1\">\n<div style=\"display: none;\">\n<input type=\"hidden\" name=\"_wpcf7\" value=\"4619\" \/>\n<input type=\"hidden\" name=\"_wpcf7_version\" value=\"6.0.4\" \/>\n<input type=\"hidden\" name=\"_wpcf7_locale\" value=\"en_US\" \/>\n<input type=\"hidden\" name=\"_wpcf7_unit_tag\" value=\"wpcf7-f4619-o1\" \/>\n<input type=\"hidden\" name=\"_wpcf7_container_post\" value=\"0\" \/>\n<input type=\"hidden\" name=\"_wpcf7_posted_data_hash\" value=\"\" \/>\n<\/div>\n<p><label> Seu nome*<br \/>\n<span class=\"wpcf7-form-control-wrap\" data-name=\"your-name\"><input size=\"40\" maxlength=\"400\" class=\"wpcf7-form-control wpcf7-text wpcf7-validates-as-required\" aria-required=\"true\" aria-invalid=\"false\" value=\"\" type=\"text\" name=\"your-name\" \/><\/span> <\/label>\n<\/p>\n<p><label> Seu pa\u00eds<br \/>\n<span class=\"wpcf7-form-control-wrap\" data-name=\"your-country\"><input size=\"40\" maxlength=\"400\" class=\"wpcf7-form-control wpcf7-text\" aria-invalid=\"false\" value=\"\" type=\"text\" name=\"your-country\" \/><\/span><\/label>\n<\/p>\n<p><label> Seu e-mail*<br \/>\n<span class=\"wpcf7-form-control-wrap\" data-name=\"your-email\"><input size=\"40\" maxlength=\"400\" class=\"wpcf7-form-control wpcf7-email wpcf7-validates-as-required wpcf7-text wpcf7-validates-as-email\" aria-required=\"true\" aria-invalid=\"false\" value=\"\" type=\"email\" name=\"your-email\" \/><\/span> <\/label>\n<\/p>\n<p><label> Seu telefone<br \/>\n<span class=\"wpcf7-form-control-wrap\" data-name=\"your-phone\"><input size=\"40\" maxlength=\"400\" class=\"wpcf7-form-control wpcf7-tel wpcf7-text wpcf7-validates-as-tel\" aria-invalid=\"false\" value=\"\" type=\"tel\" name=\"your-phone\" \/><\/span> <\/label>\n<\/p>\n<p><label> Nome de sua empresa<br \/>\n<span class=\"wpcf7-form-control-wrap\" data-name=\"text-457\"><input size=\"40\" maxlength=\"400\" class=\"wpcf7-form-control wpcf7-text\" aria-invalid=\"false\" value=\"\" type=\"text\" name=\"text-457\" \/><\/span> <\/label>\n<\/p>\n<p><label> Site de sua empresa<br \/>\n<span class=\"wpcf7-form-control-wrap\" data-name=\"text-546\"><input size=\"40\" maxlength=\"400\" class=\"wpcf7-form-control wpcf7-text\" aria-invalid=\"false\" value=\"\" type=\"text\" name=\"text-546\" \/><\/span> <\/label>\n<\/p>\n<p><label> Seu requisito*<br \/>\n<span class=\"wpcf7-form-control-wrap\" data-name=\"your-message\"><textarea cols=\"40\" rows=\"10\" maxlength=\"2000\" class=\"wpcf7-form-control wpcf7-textarea wpcf7-validates-as-required\" aria-required=\"true\" aria-invalid=\"false\" name=\"your-message\"><\/textarea><\/span> <\/label>\n<\/p>\n<p><input class=\"wpcf7-form-control wpcf7-submit has-spinner\" type=\"submit\" value=\"Enviar\" \/>\n<\/p><p style=\"display: none !important;\" class=\"akismet-fields-container\" data-prefix=\"_wpcf7_ak_\"><label>&#916;<textarea name=\"_wpcf7_ak_hp_textarea\" cols=\"45\" rows=\"8\" maxlength=\"100\"><\/textarea><\/label><input type=\"hidden\" id=\"ak_js_1\" name=\"_wpcf7_ak_js\" value=\"188\"\/><script>document.getElementById( \"ak_js_1\" ).setAttribute( \"value\", ( new Date() ).getTime() );<\/script><\/p><div class=\"wpcf7-response-output\" aria-hidden=\"true\"><\/div>\n<input type=\"hidden\" name=\"trp-form-language\" value=\"pt\"\/><\/form>\n<\/div>\n\n<p>&nbsp;<\/p>\n<div style='text-align:left' class='yasr-auto-insert-visitor'><\/div>","protected":false},"excerpt":{"rendered":"<p>Marca: GELGOOG<\/p>\n<p>Tens\u00e3o: 380V<\/p>\n<p>Sa\u00edda: 500-1200KG\/H<\/p>\n<p>E-mail: shanna@machinehall.com<\/p>\n<p>Telefone: +8618638676709<\/p>","protected":false},"featured_media":4828,"comment_status":"open","ping_status":"closed","template":"","meta":{"site-sidebar-layout":"default","site-content-layout":"","ast-site-content-layout":"default","site-content-style":"default","site-sidebar-style":"default","ast-global-header-display":"","ast-banner-title-visibility":"","ast-main-header-display":"","ast-hfb-above-header-display":"","ast-hfb-below-header-display":"","ast-hfb-mobile-header-display":"","site-post-title":"","ast-breadcrumbs-content":"","ast-featured-img":"","footer-sml-layout":"","theme-transparent-header-meta":"default","adv-header-id-meta":"","stick-header-meta":"","header-above-stick-meta":"","header-main-stick-meta":"","header-below-stick-meta":"","astra-migrate-meta-layouts":"set","ast-page-background-enabled":"default","ast-page-background-meta":{"desktop":{"background-color":"","background-image":"","background-repeat":"repeat","background-position":"center center","background-size":"auto","background-attachment":"scroll","background-type":"","background-media":"","overlay-type":"","overlay-color":"","overlay-opacity":"","overlay-gradient":""},"tablet":{"background-color":"","background-image":"","background-repeat":"repeat","background-position":"center center","background-size":"auto","background-attachment":"scroll","background-type":"","background-media":"","overlay-type":"","overlay-color":"","overlay-opacity":"","overlay-gradient":""},"mobile":{"background-color":"","background-image":"","background-repeat":"repeat","background-position":"center center","background-size":"auto","background-attachment":"scroll","background-type":"","background-media":"","overlay-type":"","overlay-color":"","overlay-opacity":"","overlay-gradient":""}},"ast-content-background-meta":{"desktop":{"background-color":"var(--ast-global-color-5)","background-image":"","background-repeat":"repeat","background-position":"center center","background-size":"auto","background-attachment":"scroll","background-type":"","background-media":"","overlay-type":"","overlay-color":"","overlay-opacity":"","overlay-gradient":""},"tablet":{"background-color":"var(--ast-global-color-5)","background-image":"","background-repeat":"repeat","background-position":"center center","background-size":"auto","background-attachment":"scroll","background-type":"","background-media":"","overlay-type":"","overlay-color":"","overlay-opacity":"","overlay-gradient":""},"mobile":{"background-color":"var(--ast-global-color-5)","background-image":"","background-repeat":"repeat","background-position":"center center","background-size":"auto","background-attachment":"scroll","background-type":"","background-media":"","overlay-type":"","overlay-color":"","overlay-opacity":"","overlay-gradient":""}},"yasr_overall_rating":0,"yasr_post_is_review":"","yasr_auto_insert_disabled":"","yasr_review_type":""},"product_brand":[],"product_cat":[22],"product_tag":[],"class_list":{"0":"post-4823","1":"product","2":"type-product","3":"status-publish","4":"has-post-thumbnail","6":"product_cat-hard-biscuit-production-line","7":"desktop-align-left","8":"tablet-align-left","9":"mobile-align-left","11":"first","12":"instock","13":"shipping-taxable","14":"product-type-simple"},"yoast_head":"<!-- This site is optimized with the Yoast SEO plugin v24.4 - https:\/\/yoast.com\/wordpress\/plugins\/seo\/ -->\n<title>Automatic Sandwich Cracker Making Machine High Capacity - Biscuit Production Solution Manufacturer<\/title>\n<meta name=\"description\" content=\"The automatic sandwich cracker making machine can process up to 1200 kg per hour and supports different filling types to meet the needs of the market.\" \/>\n<meta name=\"robots\" content=\"index, follow, max-snippet:-1, max-image-preview:large, max-video-preview:-1\" \/>\n<link rel=\"canonical\" href=\"https:\/\/www.biscuitsolution.com\/pt\/produto\/automatic-sandwich-cracker-making-machine-high-capacity\/\" \/>\n<meta property=\"og:locale\" content=\"pt_BR\" \/>\n<meta property=\"og:type\" content=\"article\" \/>\n<meta property=\"og:title\" content=\"Automatic Sandwich Cracker Making Machine High Capacity - Biscuit Production Solution Manufacturer\" \/>\n<meta property=\"og:description\" content=\"The automatic sandwich cracker making machine can process up to 1200 kg per hour and supports different filling types to meet the needs of the market.\" \/>\n<meta property=\"og:url\" content=\"https:\/\/www.biscuitsolution.com\/pt\/produto\/automatic-sandwich-cracker-making-machine-high-capacity\/\" \/>\n<meta property=\"og:site_name\" content=\"Biscuit Production Solution Manufacturer\" \/>\n<meta property=\"article:publisher\" content=\"https:\/\/www.facebook.com\/profile.php?id=100095205040823\" \/>\n<meta property=\"article:modified_time\" content=\"2025-03-14T23:32:45+00:00\" \/>\n<meta property=\"og:image\" content=\"https:\/\/www.biscuitsolution.com\/wp-content\/uploads\/2025\/02\/automatic-sandwich-cracker-making-machine.jpg\" \/>\n\t<meta property=\"og:image:width\" content=\"600\" \/>\n\t<meta property=\"og:image:height\" content=\"600\" \/>\n\t<meta property=\"og:image:type\" content=\"image\/jpeg\" \/>\n<meta name=\"twitter:card\" content=\"summary_large_image\" \/>\n<meta name=\"twitter:site\" content=\"@shanna_zha26342\" \/>\n<meta name=\"twitter:label1\" content=\"Est. tempo de leitura\" \/>\n\t<meta name=\"twitter:data1\" content=\"3 minutos\" \/>\n<script type=\"application\/ld+json\" class=\"yoast-schema-graph\">{\"@context\":\"https:\/\/schema.org\",\"@graph\":[{\"@type\":\"WebPage\",\"@id\":\"https:\/\/www.biscuitsolution.com\/product\/automatic-sandwich-cracker-making-machine-high-capacity\/\",\"url\":\"https:\/\/www.biscuitsolution.com\/product\/automatic-sandwich-cracker-making-machine-high-capacity\/\",\"name\":\"Automatic Sandwich Cracker Making Machine High Capacity - Biscuit Production Solution Manufacturer\",\"isPartOf\":{\"@id\":\"https:\/\/www.biscuitsolution.com\/#website\"},\"primaryImageOfPage\":{\"@id\":\"https:\/\/www.biscuitsolution.com\/product\/automatic-sandwich-cracker-making-machine-high-capacity\/#primaryimage\"},\"image\":{\"@id\":\"https:\/\/www.biscuitsolution.com\/product\/automatic-sandwich-cracker-making-machine-high-capacity\/#primaryimage\"},\"thumbnailUrl\":\"https:\/\/www.biscuitsolution.com\/wp-content\/uploads\/2025\/02\/automatic-sandwich-cracker-making-machine.jpg\",\"datePublished\":\"2025-02-21T10:11:18+00:00\",\"dateModified\":\"2025-03-14T23:32:45+00:00\",\"description\":\"The automatic sandwich cracker making machine can process up to 1200 kg per hour and supports different filling types to meet the needs of the market.\",\"breadcrumb\":{\"@id\":\"https:\/\/www.biscuitsolution.com\/product\/automatic-sandwich-cracker-making-machine-high-capacity\/#breadcrumb\"},\"inLanguage\":\"pt-BR\",\"potentialAction\":[{\"@type\":\"ReadAction\",\"target\":[\"https:\/\/www.biscuitsolution.com\/product\/automatic-sandwich-cracker-making-machine-high-capacity\/\"]}]},{\"@type\":\"ImageObject\",\"inLanguage\":\"pt-BR\",\"@id\":\"https:\/\/www.biscuitsolution.com\/product\/automatic-sandwich-cracker-making-machine-high-capacity\/#primaryimage\",\"url\":\"https:\/\/www.biscuitsolution.com\/wp-content\/uploads\/2025\/02\/automatic-sandwich-cracker-making-machine.jpg\",\"contentUrl\":\"https:\/\/www.biscuitsolution.com\/wp-content\/uploads\/2025\/02\/automatic-sandwich-cracker-making-machine.jpg\",\"width\":600,\"height\":600},{\"@type\":\"BreadcrumbList\",\"@id\":\"https:\/\/www.biscuitsolution.com\/product\/automatic-sandwich-cracker-making-machine-high-capacity\/#breadcrumb\",\"itemListElement\":[{\"@type\":\"ListItem\",\"position\":1,\"name\":\"Home\",\"item\":\"https:\/\/www.biscuitsolution.com\/\"},{\"@type\":\"ListItem\",\"position\":2,\"name\":\"Product\",\"item\":\"https:\/\/www.biscuitsolution.com\/product\/\"},{\"@type\":\"ListItem\",\"position\":3,\"name\":\"Automatic Sandwich Cracker Making Machine High Capacity\"}]},{\"@type\":\"WebSite\",\"@id\":\"https:\/\/www.biscuitsolution.com\/#website\",\"url\":\"https:\/\/www.biscuitsolution.com\/\",\"name\":\"Biscuit Production Solution Manufacturer\",\"description\":\"\",\"potentialAction\":[{\"@type\":\"SearchAction\",\"target\":{\"@type\":\"EntryPoint\",\"urlTemplate\":\"https:\/\/www.biscuitsolution.com\/?s={search_term_string}\"},\"query-input\":{\"@type\":\"PropertyValueSpecification\",\"valueRequired\":true,\"valueName\":\"search_term_string\"}}],\"inLanguage\":\"pt-BR\"},false]}<\/script>\n<!-- \/ Yoast SEO plugin. -->","yoast_head_json":{"title":"M\u00e1quina autom\u00e1tica para fabrica\u00e7\u00e3o de biscoitos tipo sandu\u00edche de alta capacidade - Fabricante de solu\u00e7\u00f5es para produ\u00e7\u00e3o de biscoitos","description":"A m\u00e1quina autom\u00e1tica de fabrica\u00e7\u00e3o de biscoitos tipo sandu\u00edche pode processar at\u00e9 1.200 kg por hora e suporta diferentes tipos de recheio para atender \u00e0s necessidades do mercado.","robots":{"index":"index","follow":"follow","max-snippet":"max-snippet:-1","max-image-preview":"max-image-preview:large","max-video-preview":"max-video-preview:-1"},"canonical":"https:\/\/www.biscuitsolution.com\/pt\/produto\/automatic-sandwich-cracker-making-machine-high-capacity\/","og_locale":"pt_BR","og_type":"article","og_title":"Automatic Sandwich Cracker Making Machine High Capacity - Biscuit Production Solution Manufacturer","og_description":"The automatic sandwich cracker making machine can process up to 1200 kg per hour and supports different filling types to meet the needs of the market.","og_url":"https:\/\/www.biscuitsolution.com\/pt\/produto\/automatic-sandwich-cracker-making-machine-high-capacity\/","og_site_name":"Biscuit Production Solution Manufacturer","article_publisher":"https:\/\/www.facebook.com\/profile.php?id=100095205040823","article_modified_time":"2025-03-14T23:32:45+00:00","og_image":[{"width":600,"height":600,"url":"https:\/\/www.biscuitsolution.com\/wp-content\/uploads\/2025\/02\/automatic-sandwich-cracker-making-machine.jpg","type":"image\/jpeg"}],"twitter_card":"summary_large_image","twitter_site":"@shanna_zha26342","twitter_misc":{"Est. tempo de leitura":"3 minutos"},"schema":{"@context":"https:\/\/schema.org","@graph":[{"@type":"WebPage","@id":"https:\/\/www.biscuitsolution.com\/product\/automatic-sandwich-cracker-making-machine-high-capacity\/","url":"https:\/\/www.biscuitsolution.com\/product\/automatic-sandwich-cracker-making-machine-high-capacity\/","name":"M\u00e1quina autom\u00e1tica para fabrica\u00e7\u00e3o de biscoitos tipo sandu\u00edche de alta capacidade - Fabricante de solu\u00e7\u00f5es para produ\u00e7\u00e3o de biscoitos","isPartOf":{"@id":"https:\/\/www.biscuitsolution.com\/#website"},"primaryImageOfPage":{"@id":"https:\/\/www.biscuitsolution.com\/product\/automatic-sandwich-cracker-making-machine-high-capacity\/#primaryimage"},"image":{"@id":"https:\/\/www.biscuitsolution.com\/product\/automatic-sandwich-cracker-making-machine-high-capacity\/#primaryimage"},"thumbnailUrl":"https:\/\/www.biscuitsolution.com\/wp-content\/uploads\/2025\/02\/automatic-sandwich-cracker-making-machine.jpg","datePublished":"2025-02-21T10:11:18+00:00","dateModified":"2025-03-14T23:32:45+00:00","description":"A m\u00e1quina autom\u00e1tica de fabrica\u00e7\u00e3o de biscoitos tipo sandu\u00edche pode processar at\u00e9 1.200 kg por hora e suporta diferentes tipos de recheio para atender \u00e0s necessidades do mercado.","breadcrumb":{"@id":"https:\/\/www.biscuitsolution.com\/product\/automatic-sandwich-cracker-making-machine-high-capacity\/#breadcrumb"},"inLanguage":"pt-BR","potentialAction":[{"@type":"ReadAction","target":["https:\/\/www.biscuitsolution.com\/product\/automatic-sandwich-cracker-making-machine-high-capacity\/"]}]},{"@type":"ImageObject","inLanguage":"pt-BR","@id":"https:\/\/www.biscuitsolution.com\/product\/automatic-sandwich-cracker-making-machine-high-capacity\/#primaryimage","url":"https:\/\/www.biscuitsolution.com\/wp-content\/uploads\/2025\/02\/automatic-sandwich-cracker-making-machine.jpg","contentUrl":"https:\/\/www.biscuitsolution.com\/wp-content\/uploads\/2025\/02\/automatic-sandwich-cracker-making-machine.jpg","width":600,"height":600},{"@type":"BreadcrumbList","@id":"https:\/\/www.biscuitsolution.com\/product\/automatic-sandwich-cracker-making-machine-high-capacity\/#breadcrumb","itemListElement":[{"@type":"ListItem","position":1,"name":"Home","item":"https:\/\/www.biscuitsolution.com\/"},{"@type":"ListItem","position":2,"name":"Product","item":"https:\/\/www.biscuitsolution.com\/product\/"},{"@type":"ListItem","position":3,"name":"Automatic Sandwich Cracker Making Machine High Capacity"}]},{"@type":"WebSite","@id":"https:\/\/www.biscuitsolution.com\/#website","url":"https:\/\/www.biscuitsolution.com\/","name":"Fabricante de solu\u00e7\u00f5es para produ\u00e7\u00e3o de biscoitos","description":"","potentialAction":[{"@type":"SearchAction","target":{"@type":"EntryPoint","urlTemplate":"https:\/\/www.biscuitsolution.com\/?s={search_term_string}"},"query-input":{"@type":"PropertyValueSpecification","valueRequired":true,"valueName":"search_term_string"}}],"inLanguage":"pt-BR"},false]}},"yasr_visitor_votes":{"stars_attributes":{"read_only":false,"span_bottom":false},"number_of_votes":1,"sum_votes":5},"_links":{"self":[{"href":"https:\/\/www.biscuitsolution.com\/pt\/wp-json\/wp\/v2\/product\/4823","targetHints":{"allow":["GET"]}}],"collection":[{"href":"https:\/\/www.biscuitsolution.com\/pt\/wp-json\/wp\/v2\/product"}],"about":[{"href":"https:\/\/www.biscuitsolution.com\/pt\/wp-json\/wp\/v2\/types\/product"}],"replies":[{"embeddable":true,"href":"https:\/\/www.biscuitsolution.com\/pt\/wp-json\/wp\/v2\/comments?post=4823"}],"version-history":[{"count":1,"href":"https:\/\/www.biscuitsolution.com\/pt\/wp-json\/wp\/v2\/product\/4823\/revisions"}],"predecessor-version":[{"id":4829,"href":"https:\/\/www.biscuitsolution.com\/pt\/wp-json\/wp\/v2\/product\/4823\/revisions\/4829"}],"wp:featuredmedia":[{"embeddable":true,"href":"https:\/\/www.biscuitsolution.com\/pt\/wp-json\/wp\/v2\/media\/4828"}],"wp:attachment":[{"href":"https:\/\/www.biscuitsolution.com\/pt\/wp-json\/wp\/v2\/media?parent=4823"}],"wp:term":[{"taxonomy":"product_brand","embeddable":true,"href":"https:\/\/www.biscuitsolution.com\/pt\/wp-json\/wp\/v2\/product_brand?post=4823"},{"taxonomy":"product_cat","embeddable":true,"href":"https:\/\/www.biscuitsolution.com\/pt\/wp-json\/wp\/v2\/product_cat?post=4823"},{"taxonomy":"product_tag","embeddable":true,"href":"https:\/\/www.biscuitsolution.com\/pt\/wp-json\/wp\/v2\/product_tag?post=4823"}],"curies":[{"name":"wp","href":"https:\/\/api.w.org\/{rel}","templated":true}]}}