{"id":4815,"date":"2025-02-21T10:00:10","date_gmt":"2025-02-21T10:00:10","guid":{"rendered":"https:\/\/www.biscuitsolution.com\/?post_type=product&#038;p=4815"},"modified":"2025-02-25T01:39:46","modified_gmt":"2025-02-25T01:39:46","slug":"industrial-saltine-cracker-making-machine","status":"publish","type":"product","link":"https:\/\/www.biscuitsolution.com\/pt\/produto\/industrial-saltine-cracker-making-machine\/","title":{"rendered":"M\u00e1quina industrial de fabrica\u00e7\u00e3o de biscoitos salgados: Eficiente e inteligente"},"content":{"rendered":"<p>O<strong> linha de produ\u00e7\u00e3o industrial de biscoitos salgados<\/strong> tornou-se a principal arma para as empresas reduzirem custos e aumentarem a efici\u00eancia com sua automa\u00e7\u00e3o completa de processos, design de alta capacidade e suporte flex\u00edvel a f\u00f3rmulas!<\/p>\n<p><img fetchpriority=\"high\" decoding=\"async\" class=\"alignnone size-full wp-image-4816\" src=\"https:\/\/www.biscuitsolution.com\/wp-content\/uploads\/2025\/02\/saltine-cracker-making-machine.jpg\" alt=\"M\u00e1quina industrial de fabrica\u00e7\u00e3o de biscoitos salgados\" width=\"800\" height=\"450\" srcset=\"https:\/\/www.biscuitsolution.com\/wp-content\/uploads\/2025\/02\/saltine-cracker-making-machine.jpg 800w, https:\/\/www.biscuitsolution.com\/wp-content\/uploads\/2025\/02\/saltine-cracker-making-machine-600x338.jpg 600w, https:\/\/www.biscuitsolution.com\/wp-content\/uploads\/2025\/02\/saltine-cracker-making-machine-300x169.jpg 300w, https:\/\/www.biscuitsolution.com\/wp-content\/uploads\/2025\/02\/saltine-cracker-making-machine-768x432.jpg 768w\" sizes=\"(max-width: 800px) 100vw, 800px\" \/><\/p>\n<p>Como um dos principais fabricantes do setor, oferecemos a voc\u00ea uma solu\u00e7\u00e3o completa, desde a mistura de mat\u00e9rias-primas at\u00e9 a embalagem, para atender \u00e0s diversas necessidades de empresas de diferentes tamanhos.<\/p>\n<h2>Vantagens da m\u00e1quina industrial de fabrica\u00e7\u00e3o de biscoitos salgados<\/h2>\n<ol>\n<li>Automa\u00e7\u00e3o total do processo: componentes el\u00e9tricos de alta qualidade s\u00e3o usados para obter um controle preciso da temperatura, da velocidade e do volume de enchimento para garantir a espessura do produto e a consist\u00eancia do sabor.<\/li>\n<li>Projeto integrado: mistura, moldagem, cozimento, resfriamento, embalagem e outros m\u00f3dulos integrados para reduzir a interven\u00e7\u00e3o manual, com uma capacidade de produ\u00e7\u00e3o de 150-5500 kg\/hora, adequada para pequenas f\u00e1bricas e grandes produ\u00e7\u00f5es industriais.<\/li>\n<li>Sistema de cozimento de precis\u00e3o: O forno t\u00fanel \u00e9 acionado por aquecimento el\u00e9trico ou a g\u00e1s, e a temperatura \u00e9 controlada em diferentes zonas (\u00e1rea de forma\u00e7\u00e3o, \u00e1rea de cozimento, \u00e1rea de colora\u00e7\u00e3o) para garantir que os biscoitos fiquem crocantes e uniformes, e que a cor seja dourada.<\/li>\n<li>Garantia de material de grau aliment\u00edcio: A superf\u00edcie de contato do equipamento \u00e9 feita de a\u00e7o inoxid\u00e1vel 304, e as pe\u00e7as de transmiss\u00e3o s\u00e3o equipadas com rolamentos NSK e correias transportadoras de PU de grau aliment\u00edcio, que est\u00e3o em conformidade com as certifica\u00e7\u00f5es HACCP e ISO 9001 para eliminar os riscos de contamina\u00e7\u00e3o.<\/li>\n<\/ol>\n<p><img decoding=\"async\" class=\"alignnone size-full wp-image-4817\" src=\"https:\/\/www.biscuitsolution.com\/wp-content\/uploads\/2025\/02\/industrial-saltine-cracker-machine.jpg\" alt=\"M\u00e1quina industrial de fabrica\u00e7\u00e3o de biscoitos salgados\" width=\"800\" height=\"450\" srcset=\"https:\/\/www.biscuitsolution.com\/wp-content\/uploads\/2025\/02\/industrial-saltine-cracker-machine.jpg 800w, https:\/\/www.biscuitsolution.com\/wp-content\/uploads\/2025\/02\/industrial-saltine-cracker-machine-600x338.jpg 600w, https:\/\/www.biscuitsolution.com\/wp-content\/uploads\/2025\/02\/industrial-saltine-cracker-machine-300x169.jpg 300w, https:\/\/www.biscuitsolution.com\/wp-content\/uploads\/2025\/02\/industrial-saltine-cracker-machine-768x432.jpg 768w\" sizes=\"(max-width: 800px) 100vw, 800px\" \/><\/p>\n<h2>M\u00e1quina de fabrica\u00e7\u00e3o de biscoitos salgados de alta flexibilidade<\/h2>\n<ul>\n<li>Suporte a f\u00f3rmulas e processos: Fornecer servi\u00e7os personalizados de depura\u00e7\u00e3o de f\u00f3rmulas, dar suporte a crackers de refrigerante, crackers de sandu\u00edche, crackers ultrafinos e outras categorias de expans\u00e3o.<\/li>\n<li>Expans\u00e3o modular: O layout da linha de produ\u00e7\u00e3o pode ser personalizado de acordo com o espa\u00e7o da f\u00e1brica, e as fun\u00e7\u00f5es adicionais (como pulveriza\u00e7\u00e3o autom\u00e1tica de \u00f3leo, pulveriza\u00e7\u00e3o, embalagem e classifica\u00e7\u00e3o) podem ser atualizadas para aumentar o valor agregado.<\/li>\n<li>Tecnologia de troca r\u00e1pida de molde: Suporta a substitui\u00e7\u00e3o flex\u00edvel do molde, pode produzir biscoitos quadrados, redondos, ondulados e outras formas de biscoitos salgados, alternando perfeitamente diferentes sabores (como original, queijo, picante, etc.).<\/li>\n<\/ul>\n<p><img decoding=\"async\" class=\"alignnone size-full wp-image-4818\" src=\"https:\/\/www.biscuitsolution.com\/wp-content\/uploads\/2025\/02\/saltine-cracker-machine.jpg\" alt=\"M\u00e1quina de fabrica\u00e7\u00e3o de biscoitos salgados\" width=\"800\" height=\"450\" srcset=\"https:\/\/www.biscuitsolution.com\/wp-content\/uploads\/2025\/02\/saltine-cracker-machine.jpg 800w, https:\/\/www.biscuitsolution.com\/wp-content\/uploads\/2025\/02\/saltine-cracker-machine-600x338.jpg 600w, https:\/\/www.biscuitsolution.com\/wp-content\/uploads\/2025\/02\/saltine-cracker-machine-300x169.jpg 300w, https:\/\/www.biscuitsolution.com\/wp-content\/uploads\/2025\/02\/saltine-cracker-machine-768x432.jpg 768w\" sizes=\"(max-width: 800px) 100vw, 800px\" \/><\/p>\n<h2>Par\u00e2metros t\u00e9cnicos e destaques de desempenho<\/h2>\n<table style=\"height: 446px;\" width=\"791\">\n<tbody>\n<tr>\n<td width=\"102\">M\u00f3dulos principais<\/td>\n<td width=\"451\">Especifica\u00e7\u00f5es t\u00e9cnicas e vantagens<\/td>\n<\/tr>\n<tr>\n<td width=\"102\">Misturador de mat\u00e9ria-prima<\/td>\n<td width=\"451\">Pot\u00eancia de 5,5 kW, tempo de mistura de 10 a 15 minutos, funil de a\u00e7o inoxid\u00e1vel 304, suporte \u00e0 mistura uniforme de mat\u00e9rias-primas secas e \u00famidas.<\/td>\n<\/tr>\n<tr>\n<td width=\"102\">M\u00e1quina formadora<\/td>\n<td width=\"451\">Corte acionado por servo, precis\u00e3o de forma\u00e7\u00e3o de \u00b10,2 mm, suporte \u00e0 troca r\u00e1pida de molde, capacidade de produ\u00e7\u00e3o de 150 a 200 kg\/hora.<\/td>\n<\/tr>\n<tr>\n<td width=\"102\">Forno de t\u00fanel<\/td>\n<td width=\"451\">Comprimento de 20 metros, controle de temperatura de 5 zonas, pot\u00eancia de aquecimento el\u00e9trico de 100-120kW, efici\u00eancia t\u00e9rmica do tipo g\u00e1s de at\u00e9 85%.<\/td>\n<\/tr>\n<tr>\n<td width=\"102\">Sistema de embalagem<\/td>\n<td width=\"451\">Classifica\u00e7\u00e3o e embalagem totalmente autom\u00e1ticas, velocidade de 40 a 230 sacos\/minuto, suporta v\u00e1cuo, enchimento de nitrog\u00eanio e outras formas de embalagem.<\/td>\n<\/tr>\n<\/tbody>\n<\/table>\n<h2><img loading=\"lazy\" decoding=\"async\" class=\"alignnone size-full wp-image-4819\" src=\"https:\/\/www.biscuitsolution.com\/wp-content\/uploads\/2025\/02\/industrial-saltine-cracker-making-machine.jpg\" alt=\"M\u00e1quina industrial de fabrica\u00e7\u00e3o de biscoitos salgados\" width=\"800\" height=\"450\" srcset=\"https:\/\/www.biscuitsolution.com\/wp-content\/uploads\/2025\/02\/industrial-saltine-cracker-making-machine.jpg 800w, https:\/\/www.biscuitsolution.com\/wp-content\/uploads\/2025\/02\/industrial-saltine-cracker-making-machine-600x338.jpg 600w, https:\/\/www.biscuitsolution.com\/wp-content\/uploads\/2025\/02\/industrial-saltine-cracker-making-machine-300x169.jpg 300w, https:\/\/www.biscuitsolution.com\/wp-content\/uploads\/2025\/02\/industrial-saltine-cracker-making-machine-768x432.jpg 768w\" sizes=\"(max-width: 800px) 100vw, 800px\" \/><\/h2>\n<h2>Por que os clientes globais nos escolhem?<\/h2>\n<p>D\u00e9cadas de ac\u00famulo de tecnologia, estabilidade do equipamento l\u00edder no setor;<br \/>\nMais de 100 pa\u00edses com experi\u00eancia em servi\u00e7os e profundo conhecimento das necessidades locais;<br \/>\nAcompanhamento completo, desde P&amp;D at\u00e9 o p\u00f3s-venda, para que o investimento n\u00e3o tenha preocupa\u00e7\u00f5es.<br \/>\nTome uma atitude agora e comece uma nova era de produ\u00e7\u00e3o eficiente!<br \/>\nDeixe uma mensagem para consultar e receber:<br \/>\nPlano de planejamento de linha de produ\u00e7\u00e3o personalizado (incluindo diagrama de layout 3D);<br \/>\nV\u00eddeos de casos de sucesso de clientes semelhantes;<\/p>\n<h2>Deixe uma mensagem para obter uma cota\u00e7\u00e3o<\/h2>\n\n<div class=\"wpcf7 no-js\" id=\"wpcf7-f4619-o1\" lang=\"en-US\" dir=\"ltr\" data-wpcf7-id=\"4619\">\n<div class=\"screen-reader-response\"><p role=\"status\" aria-live=\"polite\" aria-atomic=\"true\"><\/p> <ul><\/ul><\/div>\n<form action=\"\/pt\/wp-json\/wp\/v2\/product\/4815#wpcf7-f4619-o1\" method=\"post\" class=\"wpcf7-form init\" aria-label=\"Formul\u00e1rio de contato\" novalidate=\"novalidate\" data-status=\"init\" data-trp-original-action=\"\/pt\/wp-json\/wp\/v2\/product\/4815#wpcf7-f4619-o1\">\n<div style=\"display: none;\">\n<input type=\"hidden\" name=\"_wpcf7\" value=\"4619\" \/>\n<input type=\"hidden\" name=\"_wpcf7_version\" value=\"6.0.4\" \/>\n<input type=\"hidden\" name=\"_wpcf7_locale\" value=\"en_US\" \/>\n<input type=\"hidden\" name=\"_wpcf7_unit_tag\" value=\"wpcf7-f4619-o1\" \/>\n<input type=\"hidden\" name=\"_wpcf7_container_post\" value=\"0\" \/>\n<input type=\"hidden\" name=\"_wpcf7_posted_data_hash\" value=\"\" \/>\n<\/div>\n<p><label> Seu nome*<br \/>\n<span class=\"wpcf7-form-control-wrap\" data-name=\"your-name\"><input size=\"40\" maxlength=\"400\" class=\"wpcf7-form-control wpcf7-text wpcf7-validates-as-required\" aria-required=\"true\" aria-invalid=\"false\" value=\"\" type=\"text\" name=\"your-name\" \/><\/span> <\/label>\n<\/p>\n<p><label> Seu pa\u00eds<br \/>\n<span class=\"wpcf7-form-control-wrap\" data-name=\"your-country\"><input size=\"40\" maxlength=\"400\" class=\"wpcf7-form-control wpcf7-text\" aria-invalid=\"false\" value=\"\" type=\"text\" name=\"your-country\" \/><\/span><\/label>\n<\/p>\n<p><label> Seu e-mail*<br \/>\n<span class=\"wpcf7-form-control-wrap\" data-name=\"your-email\"><input size=\"40\" maxlength=\"400\" class=\"wpcf7-form-control wpcf7-email wpcf7-validates-as-required wpcf7-text wpcf7-validates-as-email\" aria-required=\"true\" aria-invalid=\"false\" value=\"\" type=\"email\" name=\"your-email\" \/><\/span> <\/label>\n<\/p>\n<p><label> Seu telefone<br \/>\n<span class=\"wpcf7-form-control-wrap\" data-name=\"your-phone\"><input size=\"40\" maxlength=\"400\" class=\"wpcf7-form-control wpcf7-tel wpcf7-text wpcf7-validates-as-tel\" aria-invalid=\"false\" value=\"\" type=\"tel\" name=\"your-phone\" \/><\/span> <\/label>\n<\/p>\n<p><label> Nome de sua empresa<br \/>\n<span class=\"wpcf7-form-control-wrap\" data-name=\"text-457\"><input size=\"40\" maxlength=\"400\" class=\"wpcf7-form-control wpcf7-text\" aria-invalid=\"false\" value=\"\" type=\"text\" name=\"text-457\" \/><\/span> <\/label>\n<\/p>\n<p><label> Site de sua empresa<br \/>\n<span class=\"wpcf7-form-control-wrap\" data-name=\"text-546\"><input size=\"40\" maxlength=\"400\" class=\"wpcf7-form-control wpcf7-text\" aria-invalid=\"false\" value=\"\" type=\"text\" name=\"text-546\" \/><\/span> <\/label>\n<\/p>\n<p><label> Seu requisito*<br \/>\n<span class=\"wpcf7-form-control-wrap\" data-name=\"your-message\"><textarea cols=\"40\" rows=\"10\" maxlength=\"2000\" class=\"wpcf7-form-control wpcf7-textarea wpcf7-validates-as-required\" aria-required=\"true\" aria-invalid=\"false\" name=\"your-message\"><\/textarea><\/span> <\/label>\n<\/p>\n<p><input class=\"wpcf7-form-control wpcf7-submit has-spinner\" type=\"submit\" value=\"Enviar\" \/>\n<\/p><p style=\"display: none !important;\" class=\"akismet-fields-container\" data-prefix=\"_wpcf7_ak_\"><label>&#916;<textarea name=\"_wpcf7_ak_hp_textarea\" cols=\"45\" rows=\"8\" maxlength=\"100\"><\/textarea><\/label><input type=\"hidden\" id=\"ak_js_1\" name=\"_wpcf7_ak_js\" value=\"27\"\/><script>document.getElementById( \"ak_js_1\" ).setAttribute( \"value\", ( new Date() ).getTime() );<\/script><\/p><div class=\"wpcf7-response-output\" aria-hidden=\"true\"><\/div>\n<input type=\"hidden\" name=\"trp-form-language\" value=\"pt\"\/><\/form>\n<\/div>\n\n<p>&nbsp;<\/p>\n<div style='text-align:left' class='yasr-auto-insert-visitor'><\/div>","protected":false},"excerpt":{"rendered":"<p>Marca: GELGOOG<\/p>\n<p>Tens\u00e3o: 380V<\/p>\n<p>Capacity\uff1a100kg\/h-1000kg\/h<\/p>\n<p>E-mail: shanna@machinehall.com<\/p>\n<p>Tel: +8618638676709<\/p>","protected":false},"featured_media":4820,"comment_status":"open","ping_status":"closed","template":"","meta":{"site-sidebar-layout":"default","site-content-layout":"","ast-site-content-layout":"default","site-content-style":"default","site-sidebar-style":"default","ast-global-header-display":"","ast-banner-title-visibility":"","ast-main-header-display":"","ast-hfb-above-header-display":"","ast-hfb-below-header-display":"","ast-hfb-mobile-header-display":"","site-post-title":"","ast-breadcrumbs-content":"","ast-featured-img":"","footer-sml-layout":"","theme-transparent-header-meta":"default","adv-header-id-meta":"","stick-header-meta":"","header-above-stick-meta":"","header-main-stick-meta":"","header-below-stick-meta":"","astra-migrate-meta-layouts":"set","ast-page-background-enabled":"default","ast-page-background-meta":{"desktop":{"background-color":"","background-image":"","background-repeat":"repeat","background-position":"center center","background-size":"auto","background-attachment":"scroll","background-type":"","background-media":"","overlay-type":"","overlay-color":"","overlay-opacity":"","overlay-gradient":""},"tablet":{"background-color":"","background-image":"","background-repeat":"repeat","background-position":"center center","background-size":"auto","background-attachment":"scroll","background-type":"","background-media":"","overlay-type":"","overlay-color":"","overlay-opacity":"","overlay-gradient":""},"mobile":{"background-color":"","background-image":"","background-repeat":"repeat","background-position":"center center","background-size":"auto","background-attachment":"scroll","background-type":"","background-media":"","overlay-type":"","overlay-color":"","overlay-opacity":"","overlay-gradient":""}},"ast-content-background-meta":{"desktop":{"background-color":"var(--ast-global-color-5)","background-image":"","background-repeat":"repeat","background-position":"center center","background-size":"auto","background-attachment":"scroll","background-type":"","background-media":"","overlay-type":"","overlay-color":"","overlay-opacity":"","overlay-gradient":""},"tablet":{"background-color":"var(--ast-global-color-5)","background-image":"","background-repeat":"repeat","background-position":"center center","background-size":"auto","background-attachment":"scroll","background-type":"","background-media":"","overlay-type":"","overlay-color":"","overlay-opacity":"","overlay-gradient":""},"mobile":{"background-color":"var(--ast-global-color-5)","background-image":"","background-repeat":"repeat","background-position":"center center","background-size":"auto","background-attachment":"scroll","background-type":"","background-media":"","overlay-type":"","overlay-color":"","overlay-opacity":"","overlay-gradient":""}},"yasr_overall_rating":0,"yasr_post_is_review":"","yasr_auto_insert_disabled":"","yasr_review_type":""},"product_brand":[],"product_cat":[22],"product_tag":[],"class_list":{"0":"post-4815","1":"product","2":"type-product","3":"status-publish","4":"has-post-thumbnail","6":"product_cat-hard-biscuit-production-line","7":"desktop-align-left","8":"tablet-align-left","9":"mobile-align-left","11":"first","12":"instock","13":"shipping-taxable","14":"product-type-simple"},"yoast_head":"<!-- This site is optimized with the Yoast SEO plugin v24.4 - https:\/\/yoast.com\/wordpress\/plugins\/seo\/ -->\n<title>Industrial Saltine Cracker Making Machine: Efficient and Intelligent - Biscuit Production Solution Manufacturer<\/title>\n<meta name=\"description\" content=\"Industrial saltine cracker making machine have become the core tools of enterprises with their automation, high capacity, and flexible recipe support.\" \/>\n<meta name=\"robots\" content=\"index, follow, max-snippet:-1, max-image-preview:large, max-video-preview:-1\" \/>\n<link rel=\"canonical\" href=\"https:\/\/www.biscuitsolution.com\/pt\/produto\/industrial-saltine-cracker-making-machine\/\" \/>\n<meta property=\"og:locale\" content=\"pt_BR\" \/>\n<meta property=\"og:type\" content=\"article\" \/>\n<meta property=\"og:title\" content=\"Industrial Saltine Cracker Making Machine: Efficient and Intelligent - Biscuit Production Solution Manufacturer\" \/>\n<meta property=\"og:description\" content=\"Industrial saltine cracker making machine have become the core tools of enterprises with their automation, high capacity, and flexible recipe support.\" \/>\n<meta property=\"og:url\" content=\"https:\/\/www.biscuitsolution.com\/pt\/produto\/industrial-saltine-cracker-making-machine\/\" \/>\n<meta property=\"og:site_name\" content=\"Biscuit Production Solution Manufacturer\" \/>\n<meta property=\"article:publisher\" content=\"https:\/\/www.facebook.com\/profile.php?id=100095205040823\" \/>\n<meta property=\"article:modified_time\" content=\"2025-02-25T01:39:46+00:00\" \/>\n<meta property=\"og:image\" content=\"https:\/\/www.biscuitsolution.com\/wp-content\/uploads\/2025\/02\/industrial-saltine-cracker-making-machines.jpg\" \/>\n\t<meta property=\"og:image:width\" content=\"600\" \/>\n\t<meta property=\"og:image:height\" content=\"600\" \/>\n\t<meta property=\"og:image:type\" content=\"image\/jpeg\" \/>\n<meta name=\"twitter:card\" content=\"summary_large_image\" \/>\n<meta name=\"twitter:site\" content=\"@shanna_zha26342\" \/>\n<meta name=\"twitter:label1\" content=\"Est. tempo de leitura\" \/>\n\t<meta name=\"twitter:data1\" content=\"4 minutos\" \/>\n<script type=\"application\/ld+json\" class=\"yoast-schema-graph\">{\"@context\":\"https:\/\/schema.org\",\"@graph\":[{\"@type\":\"WebPage\",\"@id\":\"https:\/\/www.biscuitsolution.com\/product\/industrial-saltine-cracker-making-machine\/\",\"url\":\"https:\/\/www.biscuitsolution.com\/product\/industrial-saltine-cracker-making-machine\/\",\"name\":\"Industrial Saltine Cracker Making Machine: Efficient and Intelligent - Biscuit Production Solution Manufacturer\",\"isPartOf\":{\"@id\":\"https:\/\/www.biscuitsolution.com\/#website\"},\"primaryImageOfPage\":{\"@id\":\"https:\/\/www.biscuitsolution.com\/product\/industrial-saltine-cracker-making-machine\/#primaryimage\"},\"image\":{\"@id\":\"https:\/\/www.biscuitsolution.com\/product\/industrial-saltine-cracker-making-machine\/#primaryimage\"},\"thumbnailUrl\":\"https:\/\/www.biscuitsolution.com\/wp-content\/uploads\/2025\/02\/industrial-saltine-cracker-making-machines.jpg\",\"datePublished\":\"2025-02-21T10:00:10+00:00\",\"dateModified\":\"2025-02-25T01:39:46+00:00\",\"description\":\"Industrial saltine cracker making machine have become the core tools of enterprises with their automation, high capacity, and flexible recipe support.\",\"breadcrumb\":{\"@id\":\"https:\/\/www.biscuitsolution.com\/product\/industrial-saltine-cracker-making-machine\/#breadcrumb\"},\"inLanguage\":\"pt-BR\",\"potentialAction\":[{\"@type\":\"ReadAction\",\"target\":[\"https:\/\/www.biscuitsolution.com\/product\/industrial-saltine-cracker-making-machine\/\"]}]},{\"@type\":\"ImageObject\",\"inLanguage\":\"pt-BR\",\"@id\":\"https:\/\/www.biscuitsolution.com\/product\/industrial-saltine-cracker-making-machine\/#primaryimage\",\"url\":\"https:\/\/www.biscuitsolution.com\/wp-content\/uploads\/2025\/02\/industrial-saltine-cracker-making-machines.jpg\",\"contentUrl\":\"https:\/\/www.biscuitsolution.com\/wp-content\/uploads\/2025\/02\/industrial-saltine-cracker-making-machines.jpg\",\"width\":600,\"height\":600,\"caption\":\"industrial saltine cracker making machine\"},{\"@type\":\"BreadcrumbList\",\"@id\":\"https:\/\/www.biscuitsolution.com\/product\/industrial-saltine-cracker-making-machine\/#breadcrumb\",\"itemListElement\":[{\"@type\":\"ListItem\",\"position\":1,\"name\":\"Home\",\"item\":\"https:\/\/www.biscuitsolution.com\/\"},{\"@type\":\"ListItem\",\"position\":2,\"name\":\"Product\",\"item\":\"https:\/\/www.biscuitsolution.com\/product\/\"},{\"@type\":\"ListItem\",\"position\":3,\"name\":\"Industrial Saltine Cracker Making Machine: Efficient and Intelligent\"}]},{\"@type\":\"WebSite\",\"@id\":\"https:\/\/www.biscuitsolution.com\/#website\",\"url\":\"https:\/\/www.biscuitsolution.com\/\",\"name\":\"Biscuit Production Solution Manufacturer\",\"description\":\"\",\"potentialAction\":[{\"@type\":\"SearchAction\",\"target\":{\"@type\":\"EntryPoint\",\"urlTemplate\":\"https:\/\/www.biscuitsolution.com\/?s={search_term_string}\"},\"query-input\":{\"@type\":\"PropertyValueSpecification\",\"valueRequired\":true,\"valueName\":\"search_term_string\"}}],\"inLanguage\":\"pt-BR\"},false]}<\/script>\n<!-- \/ Yoast SEO plugin. -->","yoast_head_json":{"title":"M\u00e1quina industrial de fabrica\u00e7\u00e3o de biscoitos salgados: Eficiente e inteligente - Fabricante de solu\u00e7\u00f5es para produ\u00e7\u00e3o de biscoitos","description":"A m\u00e1quina industrial para fabrica\u00e7\u00e3o de biscoitos salgados tornou-se a principal ferramenta das empresas com sua automa\u00e7\u00e3o, alta capacidade e suporte flex\u00edvel a receitas.","robots":{"index":"index","follow":"follow","max-snippet":"max-snippet:-1","max-image-preview":"max-image-preview:large","max-video-preview":"max-video-preview:-1"},"canonical":"https:\/\/www.biscuitsolution.com\/pt\/produto\/industrial-saltine-cracker-making-machine\/","og_locale":"pt_BR","og_type":"article","og_title":"Industrial Saltine Cracker Making Machine: Efficient and Intelligent - Biscuit Production Solution Manufacturer","og_description":"Industrial saltine cracker making machine have become the core tools of enterprises with their automation, high capacity, and flexible recipe support.","og_url":"https:\/\/www.biscuitsolution.com\/pt\/produto\/industrial-saltine-cracker-making-machine\/","og_site_name":"Biscuit Production Solution Manufacturer","article_publisher":"https:\/\/www.facebook.com\/profile.php?id=100095205040823","article_modified_time":"2025-02-25T01:39:46+00:00","og_image":[{"width":600,"height":600,"url":"https:\/\/www.biscuitsolution.com\/wp-content\/uploads\/2025\/02\/industrial-saltine-cracker-making-machines.jpg","type":"image\/jpeg"}],"twitter_card":"summary_large_image","twitter_site":"@shanna_zha26342","twitter_misc":{"Est. tempo de leitura":"4 minutos"},"schema":{"@context":"https:\/\/schema.org","@graph":[{"@type":"WebPage","@id":"https:\/\/www.biscuitsolution.com\/product\/industrial-saltine-cracker-making-machine\/","url":"https:\/\/www.biscuitsolution.com\/product\/industrial-saltine-cracker-making-machine\/","name":"M\u00e1quina industrial de fabrica\u00e7\u00e3o de biscoitos salgados: Eficiente e inteligente - Fabricante de solu\u00e7\u00f5es para produ\u00e7\u00e3o de biscoitos","isPartOf":{"@id":"https:\/\/www.biscuitsolution.com\/#website"},"primaryImageOfPage":{"@id":"https:\/\/www.biscuitsolution.com\/product\/industrial-saltine-cracker-making-machine\/#primaryimage"},"image":{"@id":"https:\/\/www.biscuitsolution.com\/product\/industrial-saltine-cracker-making-machine\/#primaryimage"},"thumbnailUrl":"https:\/\/www.biscuitsolution.com\/wp-content\/uploads\/2025\/02\/industrial-saltine-cracker-making-machines.jpg","datePublished":"2025-02-21T10:00:10+00:00","dateModified":"2025-02-25T01:39:46+00:00","description":"A m\u00e1quina industrial para fabrica\u00e7\u00e3o de biscoitos salgados tornou-se a principal ferramenta das empresas com sua automa\u00e7\u00e3o, alta capacidade e suporte flex\u00edvel a receitas.","breadcrumb":{"@id":"https:\/\/www.biscuitsolution.com\/product\/industrial-saltine-cracker-making-machine\/#breadcrumb"},"inLanguage":"pt-BR","potentialAction":[{"@type":"ReadAction","target":["https:\/\/www.biscuitsolution.com\/product\/industrial-saltine-cracker-making-machine\/"]}]},{"@type":"ImageObject","inLanguage":"pt-BR","@id":"https:\/\/www.biscuitsolution.com\/product\/industrial-saltine-cracker-making-machine\/#primaryimage","url":"https:\/\/www.biscuitsolution.com\/wp-content\/uploads\/2025\/02\/industrial-saltine-cracker-making-machines.jpg","contentUrl":"https:\/\/www.biscuitsolution.com\/wp-content\/uploads\/2025\/02\/industrial-saltine-cracker-making-machines.jpg","width":600,"height":600,"caption":"industrial saltine cracker making machine"},{"@type":"BreadcrumbList","@id":"https:\/\/www.biscuitsolution.com\/product\/industrial-saltine-cracker-making-machine\/#breadcrumb","itemListElement":[{"@type":"ListItem","position":1,"name":"Home","item":"https:\/\/www.biscuitsolution.com\/"},{"@type":"ListItem","position":2,"name":"Product","item":"https:\/\/www.biscuitsolution.com\/product\/"},{"@type":"ListItem","position":3,"name":"Industrial Saltine Cracker Making Machine: Efficient and Intelligent"}]},{"@type":"WebSite","@id":"https:\/\/www.biscuitsolution.com\/#website","url":"https:\/\/www.biscuitsolution.com\/","name":"Fabricante de solu\u00e7\u00f5es para produ\u00e7\u00e3o de biscoitos","description":"","potentialAction":[{"@type":"SearchAction","target":{"@type":"EntryPoint","urlTemplate":"https:\/\/www.biscuitsolution.com\/?s={search_term_string}"},"query-input":{"@type":"PropertyValueSpecification","valueRequired":true,"valueName":"search_term_string"}}],"inLanguage":"pt-BR"},false]}},"yasr_visitor_votes":{"stars_attributes":{"read_only":false,"span_bottom":false},"number_of_votes":2,"sum_votes":10},"_links":{"self":[{"href":"https:\/\/www.biscuitsolution.com\/pt\/wp-json\/wp\/v2\/product\/4815","targetHints":{"allow":["GET"]}}],"collection":[{"href":"https:\/\/www.biscuitsolution.com\/pt\/wp-json\/wp\/v2\/product"}],"about":[{"href":"https:\/\/www.biscuitsolution.com\/pt\/wp-json\/wp\/v2\/types\/product"}],"replies":[{"embeddable":true,"href":"https:\/\/www.biscuitsolution.com\/pt\/wp-json\/wp\/v2\/comments?post=4815"}],"version-history":[{"count":2,"href":"https:\/\/www.biscuitsolution.com\/pt\/wp-json\/wp\/v2\/product\/4815\/revisions"}],"predecessor-version":[{"id":4822,"href":"https:\/\/www.biscuitsolution.com\/pt\/wp-json\/wp\/v2\/product\/4815\/revisions\/4822"}],"wp:featuredmedia":[{"embeddable":true,"href":"https:\/\/www.biscuitsolution.com\/pt\/wp-json\/wp\/v2\/media\/4820"}],"wp:attachment":[{"href":"https:\/\/www.biscuitsolution.com\/pt\/wp-json\/wp\/v2\/media?parent=4815"}],"wp:term":[{"taxonomy":"product_brand","embeddable":true,"href":"https:\/\/www.biscuitsolution.com\/pt\/wp-json\/wp\/v2\/product_brand?post=4815"},{"taxonomy":"product_cat","embeddable":true,"href":"https:\/\/www.biscuitsolution.com\/pt\/wp-json\/wp\/v2\/product_cat?post=4815"},{"taxonomy":"product_tag","embeddable":true,"href":"https:\/\/www.biscuitsolution.com\/pt\/wp-json\/wp\/v2\/product_tag?post=4815"}],"curies":[{"name":"wp","href":"https:\/\/api.w.org\/{rel}","templated":true}]}}