{"id":4807,"date":"2025-02-21T09:47:27","date_gmt":"2025-02-21T09:47:27","guid":{"rendered":"https:\/\/www.biscuitsolution.com\/?post_type=product&#038;p=4807"},"modified":"2025-02-25T01:40:12","modified_gmt":"2025-02-25T01:40:12","slug":"professional-automatic-cracker-making-machine-manufacturer","status":"publish","type":"product","link":"https:\/\/www.biscuitsolution.com\/pt\/produto\/professional-automatic-cracker-making-machine-manufacturer\/","title":{"rendered":"Fabricante profissional de m\u00e1quina autom\u00e1tica para fabrica\u00e7\u00e3o de biscoitos"},"content":{"rendered":"<p>A m\u00e1quina autom\u00e1tica de fabrica\u00e7\u00e3o de biscoitos \u00e9 equipada com tecnologia de automa\u00e7\u00e3o de ponta. Desde a mistura da massa, a modelagem e o cozimento, todos os elos s\u00e3o controlados com precis\u00e3o.<\/p>\n<p><img fetchpriority=\"high\" decoding=\"async\" class=\"alignnone size-full wp-image-4808\" src=\"https:\/\/www.biscuitsolution.com\/wp-content\/uploads\/2025\/02\/automatic-crackers-making-machine.jpg\" alt=\"m\u00e1quina autom\u00e1tica de fabrica\u00e7\u00e3o de biscoitos\" width=\"800\" height=\"450\" srcset=\"https:\/\/www.biscuitsolution.com\/wp-content\/uploads\/2025\/02\/automatic-crackers-making-machine.jpg 800w, https:\/\/www.biscuitsolution.com\/wp-content\/uploads\/2025\/02\/automatic-crackers-making-machine-600x338.jpg 600w, https:\/\/www.biscuitsolution.com\/wp-content\/uploads\/2025\/02\/automatic-crackers-making-machine-300x169.jpg 300w, https:\/\/www.biscuitsolution.com\/wp-content\/uploads\/2025\/02\/automatic-crackers-making-machine-768x432.jpg 768w\" sizes=\"(max-width: 800px) 100vw, 800px\" \/><\/p>\n<p>Ele pode produzir de forma est\u00e1vel biscoitos com especifica\u00e7\u00f5es uniformes e excelente sabor de acordo com o programa predefinido, o que melhora muito a efici\u00eancia da produ\u00e7\u00e3o, economiza custos de m\u00e3o de obra e garante que cada biscoito atenda aos altos padr\u00f5es de qualidade.<\/p>\n<h2>Por que escolher nossa m\u00e1quina autom\u00e1tica de fabrica\u00e7\u00e3o de biscoitos?<\/h2>\n<ul>\n<li>Super capacidade e flexibilidade<br \/>\nSuporta uma variedade de tipos de produtos: desde biscoitos com g\u00e1s, biscoitos tipo sandu\u00edche (como o estilo Oreo) at\u00e9 biscoitos personalizados com formato especial, uma m\u00e1quina pode fazer v\u00e1rias coisas.<br \/>\nProjeto de alto rendimento: Alguns modelos podem atingir uma capacidade de 80-1500 kg\/hora, atendendo \u00e0s diversas necessidades de pequenas f\u00e1bricas e grandes empresas.<br \/>\nTroca r\u00e1pida de molde: adapte-se a diferentes formatos (redondo, quadrado, retangular) e espessuras (3 a 8 mm), troque facilmente os modos de produ\u00e7\u00e3o e reduza o tempo de inatividade.<\/li>\n<li>Tecnologia de ponta e controle inteligente<br \/>\nSistema Siemens PLC: controle de processo totalmente automatizado, ajuste preciso de temperatura, velocidade e quantidade de enchimento, garantindo a consist\u00eancia do produto7.<br \/>\nMateriais de grau aliment\u00edcio: s\u00e3o usados a\u00e7o inoxid\u00e1vel e rolamentos NSK, de acordo com os padr\u00f5es internacionais de seguran\u00e7a alimentar (como a certifica\u00e7\u00e3o ISO 9001, CE e SGS).<br \/>\nProjeto de economia de energia: suporta acionamento multienergia a g\u00e1s, eletricidade ou diesel para reduzir os custos de consumo de energia.<\/li>\n<\/ul>\n<p><img decoding=\"async\" class=\"alignnone size-full wp-image-4809\" src=\"https:\/\/www.biscuitsolution.com\/wp-content\/uploads\/2025\/02\/cracker-making-machine.jpg\" alt=\"m\u00e1quina autom\u00e1tica de fabrica\u00e7\u00e3o de biscoitos\" width=\"800\" height=\"450\" srcset=\"https:\/\/www.biscuitsolution.com\/wp-content\/uploads\/2025\/02\/cracker-making-machine.jpg 800w, https:\/\/www.biscuitsolution.com\/wp-content\/uploads\/2025\/02\/cracker-making-machine-600x338.jpg 600w, https:\/\/www.biscuitsolution.com\/wp-content\/uploads\/2025\/02\/cracker-making-machine-300x169.jpg 300w, https:\/\/www.biscuitsolution.com\/wp-content\/uploads\/2025\/02\/cracker-making-machine-768x432.jpg 768w\" sizes=\"(max-width: 800px) 100vw, 800px\" \/><\/p>\n<ul>\n<li>Solu\u00e7\u00e3o de processo completo<br \/>\nIntegrada da mistura \u00e0 embalagem: alguns modelos de m\u00e1quinas autom\u00e1ticas de fabrica\u00e7\u00e3o de biscoitos integram sistemas autom\u00e1ticos de enchimento (creme, geleia, chocolate) e embalagem para reduzir a interven\u00e7\u00e3o manual e aumentar a efici\u00eancia.<br \/>\nLayout personalizado da linha de produ\u00e7\u00e3o: projete a disposi\u00e7\u00e3o dos equipamentos de acordo com o espa\u00e7o da f\u00e1brica do cliente e forne\u00e7a suporte t\u00e9cnico gratuito para garantir uma produ\u00e7\u00e3o r\u00e1pida.<\/li>\n<li>Garantia p\u00f3s-venda globalmente confi\u00e1vel<br \/>\nGarantia de 1 ano + servi\u00e7o de manuten\u00e7\u00e3o vital\u00edcio: Uma equipe de engenheiros profissionais \u00e9 respons\u00e1vel pela instala\u00e7\u00e3o do equipamento, comissionamento e treinamento de opera\u00e7\u00e3o em todo o mundo para garantir a opera\u00e7\u00e3o est\u00e1vel e de longo prazo do equipamento.<br \/>\nMecanismo de resposta r\u00e1pida: Como fabricante de m\u00e1quinas de biscoitos, oferecemos suporte t\u00e9cnico on-line 24 horas por dia e garantimos o fornecimento global de pe\u00e7as sobressalentes para minimizar as perdas causadas pelo tempo de inatividade do equipamento.<\/li>\n<\/ul>\n<p><img decoding=\"async\" class=\"alignnone size-full wp-image-4811\" src=\"https:\/\/www.biscuitsolution.com\/wp-content\/uploads\/2025\/02\/cracker-making-machines-manufacturer-1.jpg\" alt=\"Fabricante de m\u00e1quinas para fabrica\u00e7\u00e3o de biscoitos\" width=\"800\" height=\"450\" srcset=\"https:\/\/www.biscuitsolution.com\/wp-content\/uploads\/2025\/02\/cracker-making-machines-manufacturer-1.jpg 800w, https:\/\/www.biscuitsolution.com\/wp-content\/uploads\/2025\/02\/cracker-making-machines-manufacturer-1-600x338.jpg 600w, https:\/\/www.biscuitsolution.com\/wp-content\/uploads\/2025\/02\/cracker-making-machines-manufacturer-1-300x169.jpg 300w, https:\/\/www.biscuitsolution.com\/wp-content\/uploads\/2025\/02\/cracker-making-machines-manufacturer-1-768x432.jpg 768w\" sizes=\"(max-width: 800px) 100vw, 800px\" \/><\/p>\n<h2>Casos de sucesso: Crescendo junto com marcas de renome mundial<\/h2>\n<p>Nossos equipamentos j\u00e1 atenderam a clientes em mais de 100 pa\u00edses, incluindo marcas internacionais, como Estados Unidos e \u00cdndia. N\u00e3o importa se voc\u00ea \u00e9 uma empresa iniciante ou uma multinacional, podemos oferecer solu\u00e7\u00f5es personalizadas.<\/p>\n<h2>Tome uma atitude agora e comece a produzir com efici\u00eancia!<\/h2>\n<p>Se voc\u00ea precisa de um modelo padr\u00e3o ou de uma m\u00e1quina autom\u00e1tica de fabrica\u00e7\u00e3o de crackers altamente personalizada, podemos atender \u00e0s suas necessidades com desempenho de alto custo. Deixe uma mensagem para consulta:<br \/>\nManuais detalhados de produtos e par\u00e2metros t\u00e9cnicos;<br \/>\nV\u00eddeos de casos de sucesso e avalia\u00e7\u00f5es de clientes;<br \/>\nDeixe uma mensagem para consulta e aproveite a oportunidade de mercado!<\/p>\n<p><img loading=\"lazy\" decoding=\"async\" class=\"alignnone size-full wp-image-4812\" src=\"https:\/\/www.biscuitsolution.com\/wp-content\/uploads\/2025\/02\/cracker-making-machine-manufacturer.jpg\" alt=\"Fabricante de m\u00e1quinas para fabrica\u00e7\u00e3o de biscoitos\" width=\"800\" height=\"450\" srcset=\"https:\/\/www.biscuitsolution.com\/wp-content\/uploads\/2025\/02\/cracker-making-machine-manufacturer.jpg 800w, https:\/\/www.biscuitsolution.com\/wp-content\/uploads\/2025\/02\/cracker-making-machine-manufacturer-600x338.jpg 600w, https:\/\/www.biscuitsolution.com\/wp-content\/uploads\/2025\/02\/cracker-making-machine-manufacturer-300x169.jpg 300w, https:\/\/www.biscuitsolution.com\/wp-content\/uploads\/2025\/02\/cracker-making-machine-manufacturer-768x432.jpg 768w\" sizes=\"(max-width: 800px) 100vw, 800px\" \/><\/p>\n<h2>Deixe uma mensagem para obter uma cota\u00e7\u00e3o<\/h2>\n\n<div class=\"wpcf7 no-js\" id=\"wpcf7-f4619-o1\" lang=\"en-US\" dir=\"ltr\" data-wpcf7-id=\"4619\">\n<div class=\"screen-reader-response\"><p role=\"status\" aria-live=\"polite\" aria-atomic=\"true\"><\/p> <ul><\/ul><\/div>\n<form action=\"\/pt\/wp-json\/wp\/v2\/product\/4807#wpcf7-f4619-o1\" method=\"post\" class=\"wpcf7-form init\" aria-label=\"Formul\u00e1rio de contato\" novalidate=\"novalidate\" data-status=\"init\" data-trp-original-action=\"\/pt\/wp-json\/wp\/v2\/product\/4807#wpcf7-f4619-o1\">\n<div style=\"display: none;\">\n<input type=\"hidden\" name=\"_wpcf7\" value=\"4619\" \/>\n<input type=\"hidden\" name=\"_wpcf7_version\" value=\"6.0.4\" \/>\n<input type=\"hidden\" name=\"_wpcf7_locale\" value=\"en_US\" \/>\n<input type=\"hidden\" name=\"_wpcf7_unit_tag\" value=\"wpcf7-f4619-o1\" \/>\n<input type=\"hidden\" name=\"_wpcf7_container_post\" value=\"0\" \/>\n<input type=\"hidden\" name=\"_wpcf7_posted_data_hash\" value=\"\" \/>\n<\/div>\n<p><label> Seu nome*<br \/>\n<span class=\"wpcf7-form-control-wrap\" data-name=\"your-name\"><input size=\"40\" maxlength=\"400\" class=\"wpcf7-form-control wpcf7-text wpcf7-validates-as-required\" aria-required=\"true\" aria-invalid=\"false\" value=\"\" type=\"text\" name=\"your-name\" \/><\/span> <\/label>\n<\/p>\n<p><label> Seu pa\u00eds<br \/>\n<span class=\"wpcf7-form-control-wrap\" data-name=\"your-country\"><input size=\"40\" maxlength=\"400\" class=\"wpcf7-form-control wpcf7-text\" aria-invalid=\"false\" value=\"\" type=\"text\" name=\"your-country\" \/><\/span><\/label>\n<\/p>\n<p><label> Seu e-mail*<br \/>\n<span class=\"wpcf7-form-control-wrap\" data-name=\"your-email\"><input size=\"40\" maxlength=\"400\" class=\"wpcf7-form-control wpcf7-email wpcf7-validates-as-required wpcf7-text wpcf7-validates-as-email\" aria-required=\"true\" aria-invalid=\"false\" value=\"\" type=\"email\" name=\"your-email\" \/><\/span> <\/label>\n<\/p>\n<p><label> Seu telefone<br \/>\n<span class=\"wpcf7-form-control-wrap\" data-name=\"your-phone\"><input size=\"40\" maxlength=\"400\" class=\"wpcf7-form-control wpcf7-tel wpcf7-text wpcf7-validates-as-tel\" aria-invalid=\"false\" value=\"\" type=\"tel\" name=\"your-phone\" \/><\/span> <\/label>\n<\/p>\n<p><label> Nome de sua empresa<br \/>\n<span class=\"wpcf7-form-control-wrap\" data-name=\"text-457\"><input size=\"40\" maxlength=\"400\" class=\"wpcf7-form-control wpcf7-text\" aria-invalid=\"false\" value=\"\" type=\"text\" name=\"text-457\" \/><\/span> <\/label>\n<\/p>\n<p><label> Site de sua empresa<br \/>\n<span class=\"wpcf7-form-control-wrap\" data-name=\"text-546\"><input size=\"40\" maxlength=\"400\" class=\"wpcf7-form-control wpcf7-text\" aria-invalid=\"false\" value=\"\" type=\"text\" name=\"text-546\" \/><\/span> <\/label>\n<\/p>\n<p><label> Seu requisito*<br \/>\n<span class=\"wpcf7-form-control-wrap\" data-name=\"your-message\"><textarea cols=\"40\" rows=\"10\" maxlength=\"2000\" class=\"wpcf7-form-control wpcf7-textarea wpcf7-validates-as-required\" aria-required=\"true\" aria-invalid=\"false\" name=\"your-message\"><\/textarea><\/span> <\/label>\n<\/p>\n<p><input class=\"wpcf7-form-control wpcf7-submit has-spinner\" type=\"submit\" value=\"Enviar\" \/>\n<\/p><p style=\"display: none !important;\" class=\"akismet-fields-container\" data-prefix=\"_wpcf7_ak_\"><label>&#916;<textarea name=\"_wpcf7_ak_hp_textarea\" cols=\"45\" rows=\"8\" maxlength=\"100\"><\/textarea><\/label><input type=\"hidden\" id=\"ak_js_1\" name=\"_wpcf7_ak_js\" value=\"206\"\/><script>document.getElementById( \"ak_js_1\" ).setAttribute( \"value\", ( new Date() ).getTime() );<\/script><\/p><div class=\"wpcf7-response-output\" aria-hidden=\"true\"><\/div>\n<input type=\"hidden\" name=\"trp-form-language\" value=\"pt\"\/><\/form>\n<\/div>\n\n<div style='text-align:left' class='yasr-auto-insert-visitor'><\/div>","protected":false},"excerpt":{"rendered":"<p>Marca: GELGOOG<\/p>\n<p>Capacidade: 100~1200kg\/h<\/p>\n<p>E-mail: shanna@machinehall.com<\/p>\n<p>Tel: +8618638676709<\/p>","protected":false},"featured_media":4813,"comment_status":"open","ping_status":"closed","template":"","meta":{"site-sidebar-layout":"default","site-content-layout":"","ast-site-content-layout":"default","site-content-style":"default","site-sidebar-style":"default","ast-global-header-display":"","ast-banner-title-visibility":"","ast-main-header-display":"","ast-hfb-above-header-display":"","ast-hfb-below-header-display":"","ast-hfb-mobile-header-display":"","site-post-title":"","ast-breadcrumbs-content":"","ast-featured-img":"","footer-sml-layout":"","theme-transparent-header-meta":"default","adv-header-id-meta":"","stick-header-meta":"","header-above-stick-meta":"","header-main-stick-meta":"","header-below-stick-meta":"","astra-migrate-meta-layouts":"set","ast-page-background-enabled":"default","ast-page-background-meta":{"desktop":{"background-color":"","background-image":"","background-repeat":"repeat","background-position":"center center","background-size":"auto","background-attachment":"scroll","background-type":"","background-media":"","overlay-type":"","overlay-color":"","overlay-opacity":"","overlay-gradient":""},"tablet":{"background-color":"","background-image":"","background-repeat":"repeat","background-position":"center center","background-size":"auto","background-attachment":"scroll","background-type":"","background-media":"","overlay-type":"","overlay-color":"","overlay-opacity":"","overlay-gradient":""},"mobile":{"background-color":"","background-image":"","background-repeat":"repeat","background-position":"center center","background-size":"auto","background-attachment":"scroll","background-type":"","background-media":"","overlay-type":"","overlay-color":"","overlay-opacity":"","overlay-gradient":""}},"ast-content-background-meta":{"desktop":{"background-color":"var(--ast-global-color-5)","background-image":"","background-repeat":"repeat","background-position":"center center","background-size":"auto","background-attachment":"scroll","background-type":"","background-media":"","overlay-type":"","overlay-color":"","overlay-opacity":"","overlay-gradient":""},"tablet":{"background-color":"var(--ast-global-color-5)","background-image":"","background-repeat":"repeat","background-position":"center center","background-size":"auto","background-attachment":"scroll","background-type":"","background-media":"","overlay-type":"","overlay-color":"","overlay-opacity":"","overlay-gradient":""},"mobile":{"background-color":"var(--ast-global-color-5)","background-image":"","background-repeat":"repeat","background-position":"center center","background-size":"auto","background-attachment":"scroll","background-type":"","background-media":"","overlay-type":"","overlay-color":"","overlay-opacity":"","overlay-gradient":""}},"yasr_overall_rating":0,"yasr_post_is_review":"","yasr_auto_insert_disabled":"","yasr_review_type":""},"product_brand":[],"product_cat":[22],"product_tag":[],"class_list":{"0":"post-4807","1":"product","2":"type-product","3":"status-publish","4":"has-post-thumbnail","6":"product_cat-hard-biscuit-production-line","7":"desktop-align-left","8":"tablet-align-left","9":"mobile-align-left","11":"first","12":"instock","13":"shipping-taxable","14":"product-type-simple"},"yoast_head":"<!-- This site is optimized with the Yoast SEO plugin v24.4 - https:\/\/yoast.com\/wordpress\/plugins\/seo\/ -->\n<title>Professional Automatic Cracker Making Machine Manufacturer - Biscuit Production Solution Manufacturer<\/title>\n<meta name=\"description\" content=\"Our automatic cracker making machine integrates the entire process from dough to baking, which can greatly improve efficiency and save labor costs.\" \/>\n<meta name=\"robots\" content=\"index, follow, max-snippet:-1, max-image-preview:large, max-video-preview:-1\" \/>\n<link rel=\"canonical\" href=\"https:\/\/www.biscuitsolution.com\/pt\/produto\/professional-automatic-cracker-making-machine-manufacturer\/\" \/>\n<meta property=\"og:locale\" content=\"pt_BR\" \/>\n<meta property=\"og:type\" content=\"article\" \/>\n<meta property=\"og:title\" content=\"Professional Automatic Cracker Making Machine Manufacturer - Biscuit Production Solution Manufacturer\" \/>\n<meta property=\"og:description\" content=\"Our automatic cracker making machine integrates the entire process from dough to baking, which can greatly improve efficiency and save labor costs.\" \/>\n<meta property=\"og:url\" content=\"https:\/\/www.biscuitsolution.com\/pt\/produto\/professional-automatic-cracker-making-machine-manufacturer\/\" \/>\n<meta property=\"og:site_name\" content=\"Biscuit Production Solution Manufacturer\" \/>\n<meta property=\"article:publisher\" content=\"https:\/\/www.facebook.com\/profile.php?id=100095205040823\" \/>\n<meta property=\"article:modified_time\" content=\"2025-02-25T01:40:12+00:00\" \/>\n<meta property=\"og:image\" content=\"https:\/\/www.biscuitsolution.com\/wp-content\/uploads\/2025\/02\/automatic-cracker-making-machine.jpg\" \/>\n\t<meta property=\"og:image:width\" content=\"600\" \/>\n\t<meta property=\"og:image:height\" content=\"600\" \/>\n\t<meta property=\"og:image:type\" content=\"image\/jpeg\" \/>\n<meta name=\"twitter:card\" content=\"summary_large_image\" \/>\n<meta name=\"twitter:site\" content=\"@shanna_zha26342\" \/>\n<meta name=\"twitter:label1\" content=\"Est. tempo de leitura\" \/>\n\t<meta name=\"twitter:data1\" content=\"3 minutos\" \/>\n<script type=\"application\/ld+json\" class=\"yoast-schema-graph\">{\"@context\":\"https:\/\/schema.org\",\"@graph\":[{\"@type\":\"WebPage\",\"@id\":\"https:\/\/www.biscuitsolution.com\/product\/professional-automatic-cracker-making-machine-manufacturer\/\",\"url\":\"https:\/\/www.biscuitsolution.com\/product\/professional-automatic-cracker-making-machine-manufacturer\/\",\"name\":\"Professional Automatic Cracker Making Machine Manufacturer - Biscuit Production Solution Manufacturer\",\"isPartOf\":{\"@id\":\"https:\/\/www.biscuitsolution.com\/#website\"},\"primaryImageOfPage\":{\"@id\":\"https:\/\/www.biscuitsolution.com\/product\/professional-automatic-cracker-making-machine-manufacturer\/#primaryimage\"},\"image\":{\"@id\":\"https:\/\/www.biscuitsolution.com\/product\/professional-automatic-cracker-making-machine-manufacturer\/#primaryimage\"},\"thumbnailUrl\":\"https:\/\/www.biscuitsolution.com\/wp-content\/uploads\/2025\/02\/automatic-cracker-making-machine.jpg\",\"datePublished\":\"2025-02-21T09:47:27+00:00\",\"dateModified\":\"2025-02-25T01:40:12+00:00\",\"description\":\"Our automatic cracker making machine integrates the entire process from dough to baking, which can greatly improve efficiency and save labor costs.\",\"breadcrumb\":{\"@id\":\"https:\/\/www.biscuitsolution.com\/product\/professional-automatic-cracker-making-machine-manufacturer\/#breadcrumb\"},\"inLanguage\":\"pt-BR\",\"potentialAction\":[{\"@type\":\"ReadAction\",\"target\":[\"https:\/\/www.biscuitsolution.com\/product\/professional-automatic-cracker-making-machine-manufacturer\/\"]}]},{\"@type\":\"ImageObject\",\"inLanguage\":\"pt-BR\",\"@id\":\"https:\/\/www.biscuitsolution.com\/product\/professional-automatic-cracker-making-machine-manufacturer\/#primaryimage\",\"url\":\"https:\/\/www.biscuitsolution.com\/wp-content\/uploads\/2025\/02\/automatic-cracker-making-machine.jpg\",\"contentUrl\":\"https:\/\/www.biscuitsolution.com\/wp-content\/uploads\/2025\/02\/automatic-cracker-making-machine.jpg\",\"width\":600,\"height\":600,\"caption\":\"automatic cracker making machine\"},{\"@type\":\"BreadcrumbList\",\"@id\":\"https:\/\/www.biscuitsolution.com\/product\/professional-automatic-cracker-making-machine-manufacturer\/#breadcrumb\",\"itemListElement\":[{\"@type\":\"ListItem\",\"position\":1,\"name\":\"Home\",\"item\":\"https:\/\/www.biscuitsolution.com\/\"},{\"@type\":\"ListItem\",\"position\":2,\"name\":\"Product\",\"item\":\"https:\/\/www.biscuitsolution.com\/product\/\"},{\"@type\":\"ListItem\",\"position\":3,\"name\":\"Professional Automatic Cracker Making Machine Manufacturer\"}]},{\"@type\":\"WebSite\",\"@id\":\"https:\/\/www.biscuitsolution.com\/#website\",\"url\":\"https:\/\/www.biscuitsolution.com\/\",\"name\":\"Biscuit Production Solution Manufacturer\",\"description\":\"\",\"potentialAction\":[{\"@type\":\"SearchAction\",\"target\":{\"@type\":\"EntryPoint\",\"urlTemplate\":\"https:\/\/www.biscuitsolution.com\/?s={search_term_string}\"},\"query-input\":{\"@type\":\"PropertyValueSpecification\",\"valueRequired\":true,\"valueName\":\"search_term_string\"}}],\"inLanguage\":\"pt-BR\"},false]}<\/script>\n<!-- \/ Yoast SEO plugin. -->","yoast_head_json":{"title":"Fabricante profissional de m\u00e1quina autom\u00e1tica para fabrica\u00e7\u00e3o de biscoitos - Fabricante de solu\u00e7\u00f5es para produ\u00e7\u00e3o de biscoitos","description":"Nossa m\u00e1quina autom\u00e1tica de fabrica\u00e7\u00e3o de biscoitos integra todo o processo, desde a massa at\u00e9 o cozimento, o que pode aumentar muito a efici\u00eancia e economizar custos de m\u00e3o de obra.","robots":{"index":"index","follow":"follow","max-snippet":"max-snippet:-1","max-image-preview":"max-image-preview:large","max-video-preview":"max-video-preview:-1"},"canonical":"https:\/\/www.biscuitsolution.com\/pt\/produto\/professional-automatic-cracker-making-machine-manufacturer\/","og_locale":"pt_BR","og_type":"article","og_title":"Professional Automatic Cracker Making Machine Manufacturer - Biscuit Production Solution Manufacturer","og_description":"Our automatic cracker making machine integrates the entire process from dough to baking, which can greatly improve efficiency and save labor costs.","og_url":"https:\/\/www.biscuitsolution.com\/pt\/produto\/professional-automatic-cracker-making-machine-manufacturer\/","og_site_name":"Biscuit Production Solution Manufacturer","article_publisher":"https:\/\/www.facebook.com\/profile.php?id=100095205040823","article_modified_time":"2025-02-25T01:40:12+00:00","og_image":[{"width":600,"height":600,"url":"https:\/\/www.biscuitsolution.com\/wp-content\/uploads\/2025\/02\/automatic-cracker-making-machine.jpg","type":"image\/jpeg"}],"twitter_card":"summary_large_image","twitter_site":"@shanna_zha26342","twitter_misc":{"Est. tempo de leitura":"3 minutos"},"schema":{"@context":"https:\/\/schema.org","@graph":[{"@type":"WebPage","@id":"https:\/\/www.biscuitsolution.com\/product\/professional-automatic-cracker-making-machine-manufacturer\/","url":"https:\/\/www.biscuitsolution.com\/product\/professional-automatic-cracker-making-machine-manufacturer\/","name":"Fabricante profissional de m\u00e1quina autom\u00e1tica para fabrica\u00e7\u00e3o de biscoitos - Fabricante de solu\u00e7\u00f5es para produ\u00e7\u00e3o de biscoitos","isPartOf":{"@id":"https:\/\/www.biscuitsolution.com\/#website"},"primaryImageOfPage":{"@id":"https:\/\/www.biscuitsolution.com\/product\/professional-automatic-cracker-making-machine-manufacturer\/#primaryimage"},"image":{"@id":"https:\/\/www.biscuitsolution.com\/product\/professional-automatic-cracker-making-machine-manufacturer\/#primaryimage"},"thumbnailUrl":"https:\/\/www.biscuitsolution.com\/wp-content\/uploads\/2025\/02\/automatic-cracker-making-machine.jpg","datePublished":"2025-02-21T09:47:27+00:00","dateModified":"2025-02-25T01:40:12+00:00","description":"Nossa m\u00e1quina autom\u00e1tica de fabrica\u00e7\u00e3o de biscoitos integra todo o processo, desde a massa at\u00e9 o cozimento, o que pode aumentar muito a efici\u00eancia e economizar custos de m\u00e3o de obra.","breadcrumb":{"@id":"https:\/\/www.biscuitsolution.com\/product\/professional-automatic-cracker-making-machine-manufacturer\/#breadcrumb"},"inLanguage":"pt-BR","potentialAction":[{"@type":"ReadAction","target":["https:\/\/www.biscuitsolution.com\/product\/professional-automatic-cracker-making-machine-manufacturer\/"]}]},{"@type":"ImageObject","inLanguage":"pt-BR","@id":"https:\/\/www.biscuitsolution.com\/product\/professional-automatic-cracker-making-machine-manufacturer\/#primaryimage","url":"https:\/\/www.biscuitsolution.com\/wp-content\/uploads\/2025\/02\/automatic-cracker-making-machine.jpg","contentUrl":"https:\/\/www.biscuitsolution.com\/wp-content\/uploads\/2025\/02\/automatic-cracker-making-machine.jpg","width":600,"height":600,"caption":"automatic cracker making machine"},{"@type":"BreadcrumbList","@id":"https:\/\/www.biscuitsolution.com\/product\/professional-automatic-cracker-making-machine-manufacturer\/#breadcrumb","itemListElement":[{"@type":"ListItem","position":1,"name":"Home","item":"https:\/\/www.biscuitsolution.com\/"},{"@type":"ListItem","position":2,"name":"Product","item":"https:\/\/www.biscuitsolution.com\/product\/"},{"@type":"ListItem","position":3,"name":"Professional Automatic Cracker Making Machine Manufacturer"}]},{"@type":"WebSite","@id":"https:\/\/www.biscuitsolution.com\/#website","url":"https:\/\/www.biscuitsolution.com\/","name":"Fabricante de solu\u00e7\u00f5es para produ\u00e7\u00e3o de biscoitos","description":"","potentialAction":[{"@type":"SearchAction","target":{"@type":"EntryPoint","urlTemplate":"https:\/\/www.biscuitsolution.com\/?s={search_term_string}"},"query-input":{"@type":"PropertyValueSpecification","valueRequired":true,"valueName":"search_term_string"}}],"inLanguage":"pt-BR"},false]}},"yasr_visitor_votes":{"stars_attributes":{"read_only":false,"span_bottom":false},"number_of_votes":1,"sum_votes":5},"_links":{"self":[{"href":"https:\/\/www.biscuitsolution.com\/pt\/wp-json\/wp\/v2\/product\/4807","targetHints":{"allow":["GET"]}}],"collection":[{"href":"https:\/\/www.biscuitsolution.com\/pt\/wp-json\/wp\/v2\/product"}],"about":[{"href":"https:\/\/www.biscuitsolution.com\/pt\/wp-json\/wp\/v2\/types\/product"}],"replies":[{"embeddable":true,"href":"https:\/\/www.biscuitsolution.com\/pt\/wp-json\/wp\/v2\/comments?post=4807"}],"version-history":[{"count":1,"href":"https:\/\/www.biscuitsolution.com\/pt\/wp-json\/wp\/v2\/product\/4807\/revisions"}],"predecessor-version":[{"id":4814,"href":"https:\/\/www.biscuitsolution.com\/pt\/wp-json\/wp\/v2\/product\/4807\/revisions\/4814"}],"wp:featuredmedia":[{"embeddable":true,"href":"https:\/\/www.biscuitsolution.com\/pt\/wp-json\/wp\/v2\/media\/4813"}],"wp:attachment":[{"href":"https:\/\/www.biscuitsolution.com\/pt\/wp-json\/wp\/v2\/media?parent=4807"}],"wp:term":[{"taxonomy":"product_brand","embeddable":true,"href":"https:\/\/www.biscuitsolution.com\/pt\/wp-json\/wp\/v2\/product_brand?post=4807"},{"taxonomy":"product_cat","embeddable":true,"href":"https:\/\/www.biscuitsolution.com\/pt\/wp-json\/wp\/v2\/product_cat?post=4807"},{"taxonomy":"product_tag","embeddable":true,"href":"https:\/\/www.biscuitsolution.com\/pt\/wp-json\/wp\/v2\/product_tag?post=4807"}],"curies":[{"name":"wp","href":"https:\/\/api.w.org\/{rel}","templated":true}]}}