{"id":4788,"date":"2025-02-21T09:27:17","date_gmt":"2025-02-21T09:27:17","guid":{"rendered":"https:\/\/www.biscuitsolution.com\/?post_type=product&#038;p=4788"},"modified":"2025-09-16T16:15:27","modified_gmt":"2025-09-16T08:15:27","slug":"soda-cracker-production-line","status":"publish","type":"product","link":"https:\/\/www.biscuitsolution.com\/pt\/produto\/soda-cracker-production-line\/","title":{"rendered":"Solu\u00e7\u00e3o de linha de produ\u00e7\u00e3o de cracker de soda totalmente autom\u00e1tica"},"content":{"rendered":"<p>No mercado de lanches saud\u00e1veis, os biscoitos com g\u00e1s s\u00e3o muito apreciados devido ao seu baixo teor de gordura, baixo teor de a\u00e7\u00facar e alto teor de fibras.<\/p>\n<p>Nosso <strong>Linha de produ\u00e7\u00e3o de cracker de soda totalmente autom\u00e1tica<\/strong>com seus principais pontos fortes de efici\u00eancia, flexibilidade e higiene, tornou-se a solu\u00e7\u00e3o perfeita para empresas de processamento de alimentos de todos os tamanhos atenderem \u00e0s suas necessidades de produ\u00e7\u00e3o.<\/p>\n<p><img fetchpriority=\"high\" decoding=\"async\" class=\"alignnone size-full wp-image-4789\" src=\"https:\/\/www.biscuitsolution.com\/wp-content\/uploads\/2025\/02\/soda-crackers-production-line.jpg\" alt=\"Linha de produ\u00e7\u00e3o de cracker de soda\" width=\"800\" height=\"450\" srcset=\"https:\/\/www.biscuitsolution.com\/wp-content\/uploads\/2025\/02\/soda-crackers-production-line.jpg 800w, https:\/\/www.biscuitsolution.com\/wp-content\/uploads\/2025\/02\/soda-crackers-production-line-600x338.jpg 600w, https:\/\/www.biscuitsolution.com\/wp-content\/uploads\/2025\/02\/soda-crackers-production-line-300x169.jpg 300w, https:\/\/www.biscuitsolution.com\/wp-content\/uploads\/2025\/02\/soda-crackers-production-line-768x432.jpg 768w\" sizes=\"(max-width: 800px) 100vw, 800px\" \/><\/p>\n<h2>Equipamentos e processos essenciais<\/h2>\n<p>A linha de produ\u00e7\u00e3o abrange equipamentos de automa\u00e7\u00e3o de todo o processo, desde o processamento da mat\u00e9ria-prima at\u00e9 a embalagem do produto acabado:<\/p>\n<ul>\n<li>Sistema de mistura inteligente: Um misturador de massa horizontal \u00e9 usado para garantir que a farinha, a \u00e1gua e os materiais auxiliares sejam misturados uniformemente para melhorar a efici\u00eancia da fermenta\u00e7\u00e3o.<\/li>\n<li>Forma\u00e7\u00e3o e lamina\u00e7\u00e3o precisas: A m\u00e1quina de lamina\u00e7\u00e3o de tr\u00eas rolos prensa a massa em folhas finas uniformes e \u00e9 equipada com uma m\u00e1quina de estampagem ou de corte de rolos para se adaptar com flexibilidade a uma variedade de formatos de biscoito (como quadrado e redondo). O molde \u00e9 feito de a\u00e7o inoxid\u00e1vel, que \u00e9 resistente \u00e0 corros\u00e3o e f\u00e1cil de substituir.<\/li>\n<li>Cozimento e resfriamento eficientes: O forno t\u00fanel (aquecimento el\u00e9trico ou a g\u00e1s) alcan\u00e7a um controle preciso da temperatura e coopera com uma esteira transportadora de resfriamento de v\u00e1rias camadas para garantir o sabor crocante dos biscoitos.<\/li>\n<li>Embalagem automatizada: m\u00e1quinas de embalagem vertical ou em almofada permitem a embalagem de v\u00e1rias especifica\u00e7\u00f5es, e a tecnologia de selagem a v\u00e1cuo aumenta a vida \u00fatil e reduz os riscos de oxida\u00e7\u00e3o.<\/li>\n<\/ul>\n<p><img decoding=\"async\" class=\"alignnone size-full wp-image-4790\" src=\"https:\/\/www.biscuitsolution.com\/wp-content\/uploads\/2025\/02\/soda-crackers-processing-line.jpg\" alt=\"linha de processamento de cracker de soda\" width=\"800\" height=\"450\" srcset=\"https:\/\/www.biscuitsolution.com\/wp-content\/uploads\/2025\/02\/soda-crackers-processing-line.jpg 800w, https:\/\/www.biscuitsolution.com\/wp-content\/uploads\/2025\/02\/soda-crackers-processing-line-600x338.jpg 600w, https:\/\/www.biscuitsolution.com\/wp-content\/uploads\/2025\/02\/soda-crackers-processing-line-300x169.jpg 300w, https:\/\/www.biscuitsolution.com\/wp-content\/uploads\/2025\/02\/soda-crackers-processing-line-768x432.jpg 768w\" sizes=\"(max-width: 800px) 100vw, 800px\" \/><\/p>\n<h2>Principais vantagens do C<strong>racker<\/strong> Linha de produ\u00e7\u00e3o<\/h2>\n<ol>\n<li>Melhoria da efici\u00eancia: O processo automatizado permite a produ\u00e7\u00e3o cont\u00ednua, com uma capacidade de produ\u00e7\u00e3o de 500-1200 kg\/h, e uma redu\u00e7\u00e3o de 30% nos custos de m\u00e3o de obra.<\/li>\n<li>Personaliza\u00e7\u00e3o flex\u00edvel: O design modular permite a expans\u00e3o do equipamento, e biscoitos de diferentes sabores (original, cebola, gergelim) e formatos podem ser produzidos com a substitui\u00e7\u00e3o dos moldes para atender \u00e0s diversas necessidades do mercado.<\/li>\n<li>Sanitiza\u00e7\u00e3o e seguran\u00e7a: Toda a linha utiliza a\u00e7o inoxid\u00e1vel SUS304 de grau aliment\u00edcio, combinado com um ambiente de produ\u00e7\u00e3o fechado, de acordo com os padr\u00f5es internacionais de seguran\u00e7a alimentar.<\/li>\n<li>Qualidade est\u00e1vel: Os processos padronizados garantem que o peso e a espessura de cada biscoito sejam consistentes, ajudando a estabelecer uma imagem de marca<\/li>\n<\/ol>\n<p><img decoding=\"async\" class=\"alignnone size-full wp-image-4791\" src=\"https:\/\/www.biscuitsolution.com\/wp-content\/uploads\/2025\/02\/soda-cracker-production-lines.jpg\" alt=\"Linha de produ\u00e7\u00e3o de cracker de soda\" width=\"800\" height=\"450\" srcset=\"https:\/\/www.biscuitsolution.com\/wp-content\/uploads\/2025\/02\/soda-cracker-production-lines.jpg 800w, https:\/\/www.biscuitsolution.com\/wp-content\/uploads\/2025\/02\/soda-cracker-production-lines-600x338.jpg 600w, https:\/\/www.biscuitsolution.com\/wp-content\/uploads\/2025\/02\/soda-cracker-production-lines-300x169.jpg 300w, https:\/\/www.biscuitsolution.com\/wp-content\/uploads\/2025\/02\/soda-cracker-production-lines-768x432.jpg 768w\" sizes=\"(max-width: 800px) 100vw, 800px\" \/><\/p>\n<h2>Cen\u00e1rios aplic\u00e1veis e valor para o cliente<\/h2>\n<ul>\n<li>Startups e f\u00e1bricas de pequeno e m\u00e9dio porte: Voc\u00ea pode escolher uma linha de produ\u00e7\u00e3o de m\u00e9dio porte de 500 a 800 kg\/h, com investimento flex\u00edvel e produ\u00e7\u00e3o r\u00e1pida.<\/li>\n<li>Grandes grupos de alimentos: configura\u00e7\u00e3o de alta capacidade de 1200 kg\/h, com controle inteligente de temperatura e sistemas de reciclagem de res\u00edduos para reduzir os custos gerais.<\/li>\n<li>Expans\u00e3o diversificada do mercado: Apoiar o desenvolvimento de sabores salgados, doces e especiais (como alto teor de fibras, gergelim preto), abrangendo supermercados, buf\u00eas e lanches saud\u00e1veis.<\/li>\n<\/ul>\n<p><img loading=\"lazy\" decoding=\"async\" class=\"alignnone size-full wp-image-4792\" src=\"https:\/\/www.biscuitsolution.com\/wp-content\/uploads\/2025\/02\/soda-cracker-processing-line.jpg\" alt=\"Linha de produ\u00e7\u00e3o de cracker de soda\" width=\"800\" height=\"450\" srcset=\"https:\/\/www.biscuitsolution.com\/wp-content\/uploads\/2025\/02\/soda-cracker-processing-line.jpg 800w, https:\/\/www.biscuitsolution.com\/wp-content\/uploads\/2025\/02\/soda-cracker-processing-line-600x338.jpg 600w, https:\/\/www.biscuitsolution.com\/wp-content\/uploads\/2025\/02\/soda-cracker-processing-line-300x169.jpg 300w, https:\/\/www.biscuitsolution.com\/wp-content\/uploads\/2025\/02\/soda-cracker-processing-line-768x432.jpg 768w\" sizes=\"(max-width: 800px) 100vw, 800px\" \/><\/p>\n<h2>Raz\u00f5es para nos escolher<\/h2>\n<ul>\n<li>Garantia t\u00e9cnica: Uma equipe de engenheiros com 30 anos de experi\u00eancia no setor, fornecendo um servi\u00e7o completo, desde a instala\u00e7\u00e3o do equipamento at\u00e9 o treinamento do processo.<\/li>\n<li>Verifica\u00e7\u00e3o de caso global: O feedback do cliente mostra que a linha de produ\u00e7\u00e3o ajudou a aumentar o volume de pedidos em 350%, e a taxa de qualifica\u00e7\u00e3o do produto excede 99%.<\/li>\n<li>Suporte personalizado: Projete solu\u00e7\u00f5es exclusivas de acordo com as necessidades da empresa e forne\u00e7a uma garantia de 1 ano para os principais componentes.<\/li>\n<\/ul>\n<div class=\"ast-oembed-container\" style=\"height: 100%;\"><iframe title=\"Linha de produ\u00e7\u00e3o de cracker de soda de sa\u00edda ultra-alta\" width=\"422\" height=\"750\" src=\"https:\/\/www.youtube.com\/embed\/A8jI8q9G_QE?feature=oembed\" frameborder=\"0\" allow=\"accelerometer; autoplay; clipboard-write; encrypted-media; gyroscope; picture-in-picture; web-share\" referrerpolicy=\"strict-origin-when-cross-origin\" allowfullscreen><\/iframe><\/div>\n<h2>Deixe uma mensagem para obter uma cota\u00e7\u00e3o<\/h2>\n\n<div class=\"wpcf7 no-js\" id=\"wpcf7-f4619-o1\" lang=\"en-US\" dir=\"ltr\" data-wpcf7-id=\"4619\">\n<div class=\"screen-reader-response\"><p role=\"status\" aria-live=\"polite\" aria-atomic=\"true\"><\/p> <ul><\/ul><\/div>\n<form action=\"\/pt\/wp-json\/wp\/v2\/product\/4788#wpcf7-f4619-o1\" method=\"post\" class=\"wpcf7-form init\" aria-label=\"Formul\u00e1rio de contato\" novalidate=\"novalidate\" data-status=\"init\" data-trp-original-action=\"\/pt\/wp-json\/wp\/v2\/product\/4788#wpcf7-f4619-o1\">\n<div style=\"display: none;\">\n<input type=\"hidden\" name=\"_wpcf7\" value=\"4619\" \/>\n<input type=\"hidden\" name=\"_wpcf7_version\" value=\"6.0.4\" \/>\n<input type=\"hidden\" name=\"_wpcf7_locale\" value=\"en_US\" \/>\n<input type=\"hidden\" name=\"_wpcf7_unit_tag\" value=\"wpcf7-f4619-o1\" \/>\n<input type=\"hidden\" name=\"_wpcf7_container_post\" value=\"0\" \/>\n<input type=\"hidden\" name=\"_wpcf7_posted_data_hash\" value=\"\" \/>\n<\/div>\n<p><label> Seu nome*<br \/>\n<span class=\"wpcf7-form-control-wrap\" data-name=\"your-name\"><input size=\"40\" maxlength=\"400\" class=\"wpcf7-form-control wpcf7-text wpcf7-validates-as-required\" aria-required=\"true\" aria-invalid=\"false\" value=\"\" type=\"text\" name=\"your-name\" \/><\/span> <\/label>\n<\/p>\n<p><label> Seu pa\u00eds<br \/>\n<span class=\"wpcf7-form-control-wrap\" data-name=\"your-country\"><input size=\"40\" maxlength=\"400\" class=\"wpcf7-form-control wpcf7-text\" aria-invalid=\"false\" value=\"\" type=\"text\" name=\"your-country\" \/><\/span><\/label>\n<\/p>\n<p><label> Seu e-mail*<br \/>\n<span class=\"wpcf7-form-control-wrap\" data-name=\"your-email\"><input size=\"40\" maxlength=\"400\" class=\"wpcf7-form-control wpcf7-email wpcf7-validates-as-required wpcf7-text wpcf7-validates-as-email\" aria-required=\"true\" aria-invalid=\"false\" value=\"\" type=\"email\" name=\"your-email\" \/><\/span> <\/label>\n<\/p>\n<p><label> Seu telefone<br \/>\n<span class=\"wpcf7-form-control-wrap\" data-name=\"your-phone\"><input size=\"40\" maxlength=\"400\" class=\"wpcf7-form-control wpcf7-tel wpcf7-text wpcf7-validates-as-tel\" aria-invalid=\"false\" value=\"\" type=\"tel\" name=\"your-phone\" \/><\/span> <\/label>\n<\/p>\n<p><label> Nome de sua empresa<br \/>\n<span class=\"wpcf7-form-control-wrap\" data-name=\"text-457\"><input size=\"40\" maxlength=\"400\" class=\"wpcf7-form-control wpcf7-text\" aria-invalid=\"false\" value=\"\" type=\"text\" name=\"text-457\" \/><\/span> <\/label>\n<\/p>\n<p><label> Site de sua empresa<br \/>\n<span class=\"wpcf7-form-control-wrap\" data-name=\"text-546\"><input size=\"40\" maxlength=\"400\" class=\"wpcf7-form-control wpcf7-text\" aria-invalid=\"false\" value=\"\" type=\"text\" name=\"text-546\" \/><\/span> <\/label>\n<\/p>\n<p><label> Seu requisito*<br \/>\n<span class=\"wpcf7-form-control-wrap\" data-name=\"your-message\"><textarea cols=\"40\" rows=\"10\" maxlength=\"2000\" class=\"wpcf7-form-control wpcf7-textarea wpcf7-validates-as-required\" aria-required=\"true\" aria-invalid=\"false\" name=\"your-message\"><\/textarea><\/span> <\/label>\n<\/p>\n<p><input class=\"wpcf7-form-control wpcf7-submit has-spinner\" type=\"submit\" value=\"Enviar\" \/>\n<\/p><p style=\"display: none !important;\" class=\"akismet-fields-container\" data-prefix=\"_wpcf7_ak_\"><label>&#916;<textarea name=\"_wpcf7_ak_hp_textarea\" cols=\"45\" rows=\"8\" maxlength=\"100\"><\/textarea><\/label><input type=\"hidden\" id=\"ak_js_1\" name=\"_wpcf7_ak_js\" value=\"169\"\/><script>document.getElementById( \"ak_js_1\" ).setAttribute( \"value\", ( new Date() ).getTime() );<\/script><\/p><div class=\"wpcf7-response-output\" aria-hidden=\"true\"><\/div>\n<input type=\"hidden\" name=\"trp-form-language\" value=\"pt\"\/><\/form>\n<\/div>\n\n<p>&nbsp;<\/p>\n<div style='text-align:left' class='yasr-auto-insert-visitor'><\/div>","protected":false},"excerpt":{"rendered":"<p>Marca: GELGOOG<\/p>\n<p>Tens\u00e3o: 380V<\/p>\n<p>Sa\u00edda: 500-1200KG\/H<\/p>\n<p>E-mail: shanna@machinehall.com<\/p>\n<p>Telefone: +8618638676709<\/p>","protected":false},"featured_media":4793,"comment_status":"open","ping_status":"closed","template":"","meta":{"site-sidebar-layout":"default","site-content-layout":"","ast-site-content-layout":"default","site-content-style":"default","site-sidebar-style":"default","ast-global-header-display":"","ast-banner-title-visibility":"","ast-main-header-display":"","ast-hfb-above-header-display":"","ast-hfb-below-header-display":"","ast-hfb-mobile-header-display":"","site-post-title":"","ast-breadcrumbs-content":"","ast-featured-img":"","footer-sml-layout":"","theme-transparent-header-meta":"default","adv-header-id-meta":"","stick-header-meta":"","header-above-stick-meta":"","header-main-stick-meta":"","header-below-stick-meta":"","astra-migrate-meta-layouts":"set","ast-page-background-enabled":"default","ast-page-background-meta":{"desktop":{"background-color":"","background-image":"","background-repeat":"repeat","background-position":"center center","background-size":"auto","background-attachment":"scroll","background-type":"","background-media":"","overlay-type":"","overlay-color":"","overlay-opacity":"","overlay-gradient":""},"tablet":{"background-color":"","background-image":"","background-repeat":"repeat","background-position":"center center","background-size":"auto","background-attachment":"scroll","background-type":"","background-media":"","overlay-type":"","overlay-color":"","overlay-opacity":"","overlay-gradient":""},"mobile":{"background-color":"","background-image":"","background-repeat":"repeat","background-position":"center center","background-size":"auto","background-attachment":"scroll","background-type":"","background-media":"","overlay-type":"","overlay-color":"","overlay-opacity":"","overlay-gradient":""}},"ast-content-background-meta":{"desktop":{"background-color":"var(--ast-global-color-5)","background-image":"","background-repeat":"repeat","background-position":"center center","background-size":"auto","background-attachment":"scroll","background-type":"","background-media":"","overlay-type":"","overlay-color":"","overlay-opacity":"","overlay-gradient":""},"tablet":{"background-color":"var(--ast-global-color-5)","background-image":"","background-repeat":"repeat","background-position":"center center","background-size":"auto","background-attachment":"scroll","background-type":"","background-media":"","overlay-type":"","overlay-color":"","overlay-opacity":"","overlay-gradient":""},"mobile":{"background-color":"var(--ast-global-color-5)","background-image":"","background-repeat":"repeat","background-position":"center center","background-size":"auto","background-attachment":"scroll","background-type":"","background-media":"","overlay-type":"","overlay-color":"","overlay-opacity":"","overlay-gradient":""}},"yasr_overall_rating":4.9,"yasr_post_is_review":"","yasr_auto_insert_disabled":"","yasr_review_type":""},"product_brand":[],"product_cat":[22],"product_tag":[],"class_list":{"0":"post-4788","1":"product","2":"type-product","3":"status-publish","4":"has-post-thumbnail","6":"product_cat-hard-biscuit-production-line","7":"desktop-align-left","8":"tablet-align-left","9":"mobile-align-left","11":"first","12":"instock","13":"shipping-taxable","14":"product-type-simple"},"yoast_head":"<!-- This site is optimized with the Yoast SEO plugin v24.4 - https:\/\/yoast.com\/wordpress\/plugins\/seo\/ -->\n<title>Fully Automatic Soda Cracker Production Line Solution - Biscuit Production Solution Manufacturer<\/title>\n<meta name=\"description\" content=\"The soda cracker production line adopts advanced automation technology and can flexibly respond to meet the taste needs of different consumers.\" \/>\n<meta name=\"robots\" content=\"index, follow, max-snippet:-1, max-image-preview:large, max-video-preview:-1\" \/>\n<link rel=\"canonical\" href=\"https:\/\/www.biscuitsolution.com\/pt\/produto\/soda-cracker-production-line\/\" \/>\n<meta property=\"og:locale\" content=\"pt_BR\" \/>\n<meta property=\"og:type\" content=\"article\" \/>\n<meta property=\"og:title\" content=\"Fully Automatic Soda Cracker Production Line Solution - Biscuit Production Solution Manufacturer\" \/>\n<meta property=\"og:description\" content=\"The soda cracker production line adopts advanced automation technology and can flexibly respond to meet the taste needs of different consumers.\" \/>\n<meta property=\"og:url\" content=\"https:\/\/www.biscuitsolution.com\/pt\/produto\/soda-cracker-production-line\/\" \/>\n<meta property=\"og:site_name\" content=\"Biscuit Production Solution Manufacturer\" \/>\n<meta property=\"article:publisher\" content=\"https:\/\/www.facebook.com\/profile.php?id=100095205040823\" \/>\n<meta property=\"article:modified_time\" content=\"2025-09-16T08:15:27+00:00\" \/>\n<meta property=\"og:image\" content=\"https:\/\/www.biscuitsolution.com\/wp-content\/uploads\/2025\/02\/soda-cracker-production-line.jpg\" \/>\n\t<meta property=\"og:image:width\" content=\"600\" \/>\n\t<meta property=\"og:image:height\" content=\"600\" \/>\n\t<meta property=\"og:image:type\" content=\"image\/jpeg\" \/>\n<meta name=\"twitter:card\" content=\"summary_large_image\" \/>\n<meta name=\"twitter:site\" content=\"@shanna_zha26342\" \/>\n<meta name=\"twitter:label1\" content=\"Est. tempo de leitura\" \/>\n\t<meta name=\"twitter:data1\" content=\"3 minutos\" \/>\n<script type=\"application\/ld+json\" class=\"yoast-schema-graph\">{\"@context\":\"https:\/\/schema.org\",\"@graph\":[{\"@type\":\"WebPage\",\"@id\":\"https:\/\/www.biscuitsolution.com\/product\/soda-cracker-production-line\/\",\"url\":\"https:\/\/www.biscuitsolution.com\/product\/soda-cracker-production-line\/\",\"name\":\"Fully Automatic Soda Cracker Production Line Solution - Biscuit Production Solution Manufacturer\",\"isPartOf\":{\"@id\":\"https:\/\/www.biscuitsolution.com\/#website\"},\"primaryImageOfPage\":{\"@id\":\"https:\/\/www.biscuitsolution.com\/product\/soda-cracker-production-line\/#primaryimage\"},\"image\":{\"@id\":\"https:\/\/www.biscuitsolution.com\/product\/soda-cracker-production-line\/#primaryimage\"},\"thumbnailUrl\":\"https:\/\/www.biscuitsolution.com\/wp-content\/uploads\/2025\/02\/soda-cracker-production-line.jpg\",\"datePublished\":\"2025-02-21T09:27:17+00:00\",\"dateModified\":\"2025-09-16T08:15:27+00:00\",\"description\":\"The soda cracker production line adopts advanced automation technology and can flexibly respond to meet the taste needs of different consumers.\",\"breadcrumb\":{\"@id\":\"https:\/\/www.biscuitsolution.com\/product\/soda-cracker-production-line\/#breadcrumb\"},\"inLanguage\":\"pt-BR\",\"potentialAction\":[{\"@type\":\"ReadAction\",\"target\":[\"https:\/\/www.biscuitsolution.com\/product\/soda-cracker-production-line\/\"]}]},{\"@type\":\"ImageObject\",\"inLanguage\":\"pt-BR\",\"@id\":\"https:\/\/www.biscuitsolution.com\/product\/soda-cracker-production-line\/#primaryimage\",\"url\":\"https:\/\/www.biscuitsolution.com\/wp-content\/uploads\/2025\/02\/soda-cracker-production-line.jpg\",\"contentUrl\":\"https:\/\/www.biscuitsolution.com\/wp-content\/uploads\/2025\/02\/soda-cracker-production-line.jpg\",\"width\":600,\"height\":600},{\"@type\":\"BreadcrumbList\",\"@id\":\"https:\/\/www.biscuitsolution.com\/product\/soda-cracker-production-line\/#breadcrumb\",\"itemListElement\":[{\"@type\":\"ListItem\",\"position\":1,\"name\":\"Home\",\"item\":\"https:\/\/www.biscuitsolution.com\/\"},{\"@type\":\"ListItem\",\"position\":2,\"name\":\"Product\",\"item\":\"https:\/\/www.biscuitsolution.com\/product\/\"},{\"@type\":\"ListItem\",\"position\":3,\"name\":\"Fully Automatic Soda Cracker Production Line Solution\"}]},{\"@type\":\"WebSite\",\"@id\":\"https:\/\/www.biscuitsolution.com\/#website\",\"url\":\"https:\/\/www.biscuitsolution.com\/\",\"name\":\"Biscuit Production Solution Manufacturer\",\"description\":\"\",\"potentialAction\":[{\"@type\":\"SearchAction\",\"target\":{\"@type\":\"EntryPoint\",\"urlTemplate\":\"https:\/\/www.biscuitsolution.com\/?s={search_term_string}\"},\"query-input\":{\"@type\":\"PropertyValueSpecification\",\"valueRequired\":true,\"valueName\":\"search_term_string\"}}],\"inLanguage\":\"pt-BR\"},false]}<\/script>\n<!-- \/ Yoast SEO plugin. -->","yoast_head_json":{"title":"Solu\u00e7\u00e3o de linha de produ\u00e7\u00e3o de biscoitos de soda totalmente autom\u00e1tica - Fabricante de solu\u00e7\u00f5es de produ\u00e7\u00e3o de biscoitos","description":"A linha de produ\u00e7\u00e3o de biscoitos de refrigerante adota tecnologia de automa\u00e7\u00e3o avan\u00e7ada e pode responder de forma flex\u00edvel para atender \u00e0s necessidades de gosto de diferentes consumidores.","robots":{"index":"index","follow":"follow","max-snippet":"max-snippet:-1","max-image-preview":"max-image-preview:large","max-video-preview":"max-video-preview:-1"},"canonical":"https:\/\/www.biscuitsolution.com\/pt\/produto\/soda-cracker-production-line\/","og_locale":"pt_BR","og_type":"article","og_title":"Fully Automatic Soda Cracker Production Line Solution - Biscuit Production Solution Manufacturer","og_description":"The soda cracker production line adopts advanced automation technology and can flexibly respond to meet the taste needs of different consumers.","og_url":"https:\/\/www.biscuitsolution.com\/pt\/produto\/soda-cracker-production-line\/","og_site_name":"Biscuit Production Solution Manufacturer","article_publisher":"https:\/\/www.facebook.com\/profile.php?id=100095205040823","article_modified_time":"2025-09-16T08:15:27+00:00","og_image":[{"width":600,"height":600,"url":"https:\/\/www.biscuitsolution.com\/wp-content\/uploads\/2025\/02\/soda-cracker-production-line.jpg","type":"image\/jpeg"}],"twitter_card":"summary_large_image","twitter_site":"@shanna_zha26342","twitter_misc":{"Est. tempo de leitura":"3 minutos"},"schema":{"@context":"https:\/\/schema.org","@graph":[{"@type":"WebPage","@id":"https:\/\/www.biscuitsolution.com\/product\/soda-cracker-production-line\/","url":"https:\/\/www.biscuitsolution.com\/product\/soda-cracker-production-line\/","name":"Solu\u00e7\u00e3o de linha de produ\u00e7\u00e3o de biscoitos de soda totalmente autom\u00e1tica - Fabricante de solu\u00e7\u00f5es de produ\u00e7\u00e3o de biscoitos","isPartOf":{"@id":"https:\/\/www.biscuitsolution.com\/#website"},"primaryImageOfPage":{"@id":"https:\/\/www.biscuitsolution.com\/product\/soda-cracker-production-line\/#primaryimage"},"image":{"@id":"https:\/\/www.biscuitsolution.com\/product\/soda-cracker-production-line\/#primaryimage"},"thumbnailUrl":"https:\/\/www.biscuitsolution.com\/wp-content\/uploads\/2025\/02\/soda-cracker-production-line.jpg","datePublished":"2025-02-21T09:27:17+00:00","dateModified":"2025-09-16T08:15:27+00:00","description":"A linha de produ\u00e7\u00e3o de biscoitos de refrigerante adota tecnologia de automa\u00e7\u00e3o avan\u00e7ada e pode responder de forma flex\u00edvel para atender \u00e0s necessidades de gosto de diferentes consumidores.","breadcrumb":{"@id":"https:\/\/www.biscuitsolution.com\/product\/soda-cracker-production-line\/#breadcrumb"},"inLanguage":"pt-BR","potentialAction":[{"@type":"ReadAction","target":["https:\/\/www.biscuitsolution.com\/product\/soda-cracker-production-line\/"]}]},{"@type":"ImageObject","inLanguage":"pt-BR","@id":"https:\/\/www.biscuitsolution.com\/product\/soda-cracker-production-line\/#primaryimage","url":"https:\/\/www.biscuitsolution.com\/wp-content\/uploads\/2025\/02\/soda-cracker-production-line.jpg","contentUrl":"https:\/\/www.biscuitsolution.com\/wp-content\/uploads\/2025\/02\/soda-cracker-production-line.jpg","width":600,"height":600},{"@type":"BreadcrumbList","@id":"https:\/\/www.biscuitsolution.com\/product\/soda-cracker-production-line\/#breadcrumb","itemListElement":[{"@type":"ListItem","position":1,"name":"Home","item":"https:\/\/www.biscuitsolution.com\/"},{"@type":"ListItem","position":2,"name":"Product","item":"https:\/\/www.biscuitsolution.com\/product\/"},{"@type":"ListItem","position":3,"name":"Fully Automatic Soda Cracker Production Line Solution"}]},{"@type":"WebSite","@id":"https:\/\/www.biscuitsolution.com\/#website","url":"https:\/\/www.biscuitsolution.com\/","name":"Fabricante de solu\u00e7\u00f5es para produ\u00e7\u00e3o de biscoitos","description":"","potentialAction":[{"@type":"SearchAction","target":{"@type":"EntryPoint","urlTemplate":"https:\/\/www.biscuitsolution.com\/?s={search_term_string}"},"query-input":{"@type":"PropertyValueSpecification","valueRequired":true,"valueName":"search_term_string"}}],"inLanguage":"pt-BR"},false]}},"yasr_visitor_votes":{"stars_attributes":{"read_only":false,"span_bottom":false},"number_of_votes":3,"sum_votes":15},"_links":{"self":[{"href":"https:\/\/www.biscuitsolution.com\/pt\/wp-json\/wp\/v2\/product\/4788","targetHints":{"allow":["GET"]}}],"collection":[{"href":"https:\/\/www.biscuitsolution.com\/pt\/wp-json\/wp\/v2\/product"}],"about":[{"href":"https:\/\/www.biscuitsolution.com\/pt\/wp-json\/wp\/v2\/types\/product"}],"replies":[{"embeddable":true,"href":"https:\/\/www.biscuitsolution.com\/pt\/wp-json\/wp\/v2\/comments?post=4788"}],"version-history":[{"count":3,"href":"https:\/\/www.biscuitsolution.com\/pt\/wp-json\/wp\/v2\/product\/4788\/revisions"}],"predecessor-version":[{"id":5785,"href":"https:\/\/www.biscuitsolution.com\/pt\/wp-json\/wp\/v2\/product\/4788\/revisions\/5785"}],"wp:featuredmedia":[{"embeddable":true,"href":"https:\/\/www.biscuitsolution.com\/pt\/wp-json\/wp\/v2\/media\/4793"}],"wp:attachment":[{"href":"https:\/\/www.biscuitsolution.com\/pt\/wp-json\/wp\/v2\/media?parent=4788"}],"wp:term":[{"taxonomy":"product_brand","embeddable":true,"href":"https:\/\/www.biscuitsolution.com\/pt\/wp-json\/wp\/v2\/product_brand?post=4788"},{"taxonomy":"product_cat","embeddable":true,"href":"https:\/\/www.biscuitsolution.com\/pt\/wp-json\/wp\/v2\/product_cat?post=4788"},{"taxonomy":"product_tag","embeddable":true,"href":"https:\/\/www.biscuitsolution.com\/pt\/wp-json\/wp\/v2\/product_tag?post=4788"}],"curies":[{"name":"wp","href":"https:\/\/api.w.org\/{rel}","templated":true}]}}