{"id":4775,"date":"2025-02-21T09:12:58","date_gmt":"2025-02-21T09:12:58","guid":{"rendered":"https:\/\/www.biscuitsolution.com\/?post_type=product&#038;p=4775"},"modified":"2025-02-21T09:19:32","modified_gmt":"2025-02-21T09:19:32","slug":"high-efficiency-automatic-sugar-cookie-making-machine-for-sale","status":"publish","type":"product","link":"https:\/\/www.biscuitsolution.com\/pt\/produto\/high-efficiency-automatic-sugar-cookie-making-machine-for-sale\/","title":{"rendered":"M\u00e1quina autom\u00e1tica de alta efici\u00eancia para fabrica\u00e7\u00e3o de biscoitos de a\u00e7\u00facar para venda"},"content":{"rendered":"<p><strong>M\u00e1quina de produ\u00e7\u00e3o de biscoitos de a\u00e7\u00facar<\/strong> \u00e9 um equipamento automatizado projetado para a produ\u00e7\u00e3o eficiente e padronizada de biscoitos de a\u00e7\u00facar, integrando as fun\u00e7\u00f5es de mistura de mat\u00e9ria-prima, moldagem, cozimento e embalagem.<\/p>\n<p><img fetchpriority=\"high\" decoding=\"async\" class=\"alignnone size-full wp-image-4776\" src=\"https:\/\/www.biscuitsolution.com\/wp-content\/uploads\/2025\/02\/sugar-cookie-making-machine.jpg\" alt=\"M\u00e1quina de fazer biscoitos de a\u00e7\u00facar\" width=\"800\" height=\"450\" srcset=\"https:\/\/www.biscuitsolution.com\/wp-content\/uploads\/2025\/02\/sugar-cookie-making-machine.jpg 800w, https:\/\/www.biscuitsolution.com\/wp-content\/uploads\/2025\/02\/sugar-cookie-making-machine-600x338.jpg 600w, https:\/\/www.biscuitsolution.com\/wp-content\/uploads\/2025\/02\/sugar-cookie-making-machine-300x169.jpg 300w, https:\/\/www.biscuitsolution.com\/wp-content\/uploads\/2025\/02\/sugar-cookie-making-machine-768x432.jpg 768w\" sizes=\"(max-width: 800px) 100vw, 800px\" \/><\/p>\n<h2>Principais vantagens da m\u00e1quina de produ\u00e7\u00e3o de biscoitos de a\u00e7\u00facar<\/h2>\n<ul>\n<li>Produ\u00e7\u00e3o totalmente automatizada<br \/>\nAdotando um avan\u00e7ado sistema de controle PLC, n\u00e3o \u00e9 necess\u00e1ria nenhuma interven\u00e7\u00e3o manual desde a mistura da mat\u00e9ria-prima, moldagem at\u00e9 o cozimento e embalagem, suportando uma capacidade de produ\u00e7\u00e3o de at\u00e9 2.000 kg\/h de biscoitos por hora, reduzindo significativamente os custos de m\u00e3o de obra.<\/li>\n<li>Flexibilidade e diversifica\u00e7\u00e3o<br \/>\nEquipado com moldes substitu\u00edveis, ele pode alternar rapidamente entre diferentes formatos (como formato de cora\u00e7\u00e3o, formato de estrela, tema de f\u00e9rias) e tamanhos, e \u00e9 compat\u00edvel com uma variedade de receitas, inclusive sem gl\u00faten, vegetarianas e outras necessidades de sa\u00fade.<\/li>\n<\/ul>\n<p><img decoding=\"async\" class=\"alignnone size-full wp-image-4777\" src=\"https:\/\/www.biscuitsolution.com\/wp-content\/uploads\/2025\/02\/sugar-cookie-.jpg\" alt=\"M\u00e1quina de fazer biscoitos de a\u00e7\u00facar\" width=\"800\" height=\"450\" srcset=\"https:\/\/www.biscuitsolution.com\/wp-content\/uploads\/2025\/02\/sugar-cookie-.jpg 800w, https:\/\/www.biscuitsolution.com\/wp-content\/uploads\/2025\/02\/sugar-cookie--600x338.jpg 600w, https:\/\/www.biscuitsolution.com\/wp-content\/uploads\/2025\/02\/sugar-cookie--300x169.jpg 300w, https:\/\/www.biscuitsolution.com\/wp-content\/uploads\/2025\/02\/sugar-cookie--768x432.jpg 768w\" sizes=\"(max-width: 800px) 100vw, 800px\" \/><\/p>\n<ul>\n<li>Controle de qualidade preciso<br \/>\nSistema integrado de monitoramento em tempo real, por meio de sensores para detectar a espessura do biscoito e a uniformidade da cor, combinado com o gerenciamento remoto dos dados de produ\u00e7\u00e3o, para garantir a estabilidade da qualidade de cada lote.<\/li>\n<li>Design eficiente e com economia de energia<br \/>\nAdotando motores de baixo consumo de energia e tecnologia de recupera\u00e7\u00e3o de calor, ele economiza 30% de eletricidade em compara\u00e7\u00e3o com o equipamento tradicional, adequado para necessidades de produ\u00e7\u00e3o cont\u00ednua de longo prazo<\/li>\n<li>Cen\u00e1rios aplic\u00e1veis e retorno sobre o investimento<br \/>\nGrandes f\u00e1bricas de alimentos: suportam 90 kg\/hora de capacidade de processamento de mat\u00e9ria-prima para atender \u00e0s necessidades de pedidos do mercado global.<br \/>\nPanificadoras de pequeno e m\u00e9dio porte: design compacto (ocupando uma \u00e1rea de &lt;1,5\u33a1), que permite a implanta\u00e7\u00e3o r\u00e1pida e a expans\u00e3o flex\u00edvel.<\/li>\n<\/ul>\n<p><img decoding=\"async\" class=\"alignnone size-full wp-image-4778\" src=\"https:\/\/www.biscuitsolution.com\/wp-content\/uploads\/2025\/02\/sugar-cookie-making-machine-for-sale.jpg\" alt=\"M\u00e1quina de fabrica\u00e7\u00e3o de biscoitos de a\u00e7\u00facar para venda\" width=\"800\" height=\"450\" srcset=\"https:\/\/www.biscuitsolution.com\/wp-content\/uploads\/2025\/02\/sugar-cookie-making-machine-for-sale.jpg 800w, https:\/\/www.biscuitsolution.com\/wp-content\/uploads\/2025\/02\/sugar-cookie-making-machine-for-sale-600x338.jpg 600w, https:\/\/www.biscuitsolution.com\/wp-content\/uploads\/2025\/02\/sugar-cookie-making-machine-for-sale-300x169.jpg 300w, https:\/\/www.biscuitsolution.com\/wp-content\/uploads\/2025\/02\/sugar-cookie-making-machine-for-sale-768x432.jpg 768w\" sizes=\"(max-width: 800px) 100vw, 800px\" \/><\/p>\n<h2>M\u00e9todo de sele\u00e7\u00e3o da m\u00e1quina de fazer biscoitos de a\u00e7\u00facar para venda<\/h2>\n<ul>\n<li>Demanda clara: demanda de produ\u00e7\u00e3o e demanda funcional. De acordo com as necessidades da f\u00e1brica, a m\u00e1quina tem produ\u00e7\u00e3o e pre\u00e7os diferentes. Algumas m\u00e1quinas multifuncionais completam automaticamente v\u00e1rios links, como cozimento, resfriamento e embalagem, e t\u00eam fun\u00e7\u00f5es mais ricas.<\/li>\n<li>Efeito de moldagem: Observe se o formato dos biscoitos feitos pela m\u00e1quina \u00e9 regular, o tamanho \u00e9 uniforme e a superf\u00edcie \u00e9 lisa. Voc\u00ea pode ver as amostras da m\u00e1quina ou consultar a avalia\u00e7\u00e3o de outros usu\u00e1rios para entender seu efeito de moldagem.<\/li>\n<li>Qualidade do cozimento: Para m\u00e1quinas com fun\u00e7\u00f5es de cozimento, preste aten\u00e7\u00e3o se o controle de temperatura \u00e9 preciso e se o cozimento \u00e9 uniforme. O cozimento irregular far\u00e1 com que algumas partes dos biscoitos fiquem queimadas e outras mal cozidas, afetando o sabor e a apar\u00eancia.<\/li>\n<\/ul>\n<div class=\"ast-oembed-container\" style=\"height: 100%;\"><iframe title=\"Linha de produ\u00e7\u00e3o de biscoitos totalmente autom\u00e1tica\" width=\"500\" height=\"281\" src=\"https:\/\/www.youtube.com\/embed\/SpIe-aL2eWs?feature=oembed\" frameborder=\"0\" allow=\"accelerometer; autoplay; clipboard-write; encrypted-media; gyroscope; picture-in-picture; web-share\" referrerpolicy=\"strict-origin-when-cross-origin\" allowfullscreen><\/iframe><\/div>\n<ul>\n<li>Estabilidade operacional: Garantir um desempenho consistente e est\u00e1vel \u00e9 vital para a produ\u00e7\u00e3o cont\u00ednua e para manter a qualidade uniforme do produto. \u00c9 essencial avaliar os materiais usados, os processos de fabrica\u00e7\u00e3o e a qualidade dos principais componentes, como os motores. Optar por marcas e modelos com um hist\u00f3rico confi\u00e1vel e reputa\u00e7\u00e3o positiva \u00e9 fundamental para garantir a confiabilidade a longo prazo.<\/li>\n<li>Servi\u00e7o p\u00f3s-venda: \u00c9 essencial entender o servi\u00e7o p\u00f3s-venda prestado pelo fabricante ou fornecedor. Isso envolve aspectos importantes, como a dura\u00e7\u00e3o da garantia, a velocidade da resposta ao reparo e a disponibilidade de suporte t\u00e9cnico cont\u00ednuo. Um servi\u00e7o p\u00f3s-venda eficaz pode resolver rapidamente os problemas relacionados \u00e0 m\u00e1quina, reduzindo as interrup\u00e7\u00f5es e as perdas na produ\u00e7\u00e3o.<\/li>\n<\/ul>\n<h2>Deixe uma mensagem para obter uma cota\u00e7\u00e3o<\/h2>\n\n<div class=\"wpcf7 no-js\" id=\"wpcf7-f4619-o1\" lang=\"en-US\" dir=\"ltr\" data-wpcf7-id=\"4619\">\n<div class=\"screen-reader-response\"><p role=\"status\" aria-live=\"polite\" aria-atomic=\"true\"><\/p> <ul><\/ul><\/div>\n<form action=\"\/pt\/wp-json\/wp\/v2\/product\/4775#wpcf7-f4619-o1\" method=\"post\" class=\"wpcf7-form init\" aria-label=\"Formul\u00e1rio de contato\" novalidate=\"novalidate\" data-status=\"init\" data-trp-original-action=\"\/pt\/wp-json\/wp\/v2\/product\/4775#wpcf7-f4619-o1\">\n<div style=\"display: none;\">\n<input type=\"hidden\" name=\"_wpcf7\" value=\"4619\" \/>\n<input type=\"hidden\" name=\"_wpcf7_version\" value=\"6.0.4\" \/>\n<input type=\"hidden\" name=\"_wpcf7_locale\" value=\"en_US\" \/>\n<input type=\"hidden\" name=\"_wpcf7_unit_tag\" value=\"wpcf7-f4619-o1\" \/>\n<input type=\"hidden\" name=\"_wpcf7_container_post\" value=\"0\" \/>\n<input type=\"hidden\" name=\"_wpcf7_posted_data_hash\" value=\"\" \/>\n<\/div>\n<p><label> Seu nome*<br \/>\n<span class=\"wpcf7-form-control-wrap\" data-name=\"your-name\"><input size=\"40\" maxlength=\"400\" class=\"wpcf7-form-control wpcf7-text wpcf7-validates-as-required\" aria-required=\"true\" aria-invalid=\"false\" value=\"\" type=\"text\" name=\"your-name\" \/><\/span> <\/label>\n<\/p>\n<p><label> Seu pa\u00eds<br \/>\n<span class=\"wpcf7-form-control-wrap\" data-name=\"your-country\"><input size=\"40\" maxlength=\"400\" class=\"wpcf7-form-control wpcf7-text\" aria-invalid=\"false\" value=\"\" type=\"text\" name=\"your-country\" \/><\/span><\/label>\n<\/p>\n<p><label> Seu e-mail*<br \/>\n<span class=\"wpcf7-form-control-wrap\" data-name=\"your-email\"><input size=\"40\" maxlength=\"400\" class=\"wpcf7-form-control wpcf7-email wpcf7-validates-as-required wpcf7-text wpcf7-validates-as-email\" aria-required=\"true\" aria-invalid=\"false\" value=\"\" type=\"email\" name=\"your-email\" \/><\/span> <\/label>\n<\/p>\n<p><label> Seu telefone<br \/>\n<span class=\"wpcf7-form-control-wrap\" data-name=\"your-phone\"><input size=\"40\" maxlength=\"400\" class=\"wpcf7-form-control wpcf7-tel wpcf7-text wpcf7-validates-as-tel\" aria-invalid=\"false\" value=\"\" type=\"tel\" name=\"your-phone\" \/><\/span> <\/label>\n<\/p>\n<p><label> Nome de sua empresa<br \/>\n<span class=\"wpcf7-form-control-wrap\" data-name=\"text-457\"><input size=\"40\" maxlength=\"400\" class=\"wpcf7-form-control wpcf7-text\" aria-invalid=\"false\" value=\"\" type=\"text\" name=\"text-457\" \/><\/span> <\/label>\n<\/p>\n<p><label> Site de sua empresa<br \/>\n<span class=\"wpcf7-form-control-wrap\" data-name=\"text-546\"><input size=\"40\" maxlength=\"400\" class=\"wpcf7-form-control wpcf7-text\" aria-invalid=\"false\" value=\"\" type=\"text\" name=\"text-546\" \/><\/span> <\/label>\n<\/p>\n<p><label> Seu requisito*<br \/>\n<span class=\"wpcf7-form-control-wrap\" data-name=\"your-message\"><textarea cols=\"40\" rows=\"10\" maxlength=\"2000\" class=\"wpcf7-form-control wpcf7-textarea wpcf7-validates-as-required\" aria-required=\"true\" aria-invalid=\"false\" name=\"your-message\"><\/textarea><\/span> <\/label>\n<\/p>\n<p><input class=\"wpcf7-form-control wpcf7-submit has-spinner\" type=\"submit\" value=\"Enviar\" \/>\n<\/p><p style=\"display: none !important;\" class=\"akismet-fields-container\" data-prefix=\"_wpcf7_ak_\"><label>&#916;<textarea name=\"_wpcf7_ak_hp_textarea\" cols=\"45\" rows=\"8\" maxlength=\"100\"><\/textarea><\/label><input type=\"hidden\" id=\"ak_js_1\" name=\"_wpcf7_ak_js\" value=\"152\"\/><script>document.getElementById( \"ak_js_1\" ).setAttribute( \"value\", ( new Date() ).getTime() );<\/script><\/p><div class=\"wpcf7-response-output\" aria-hidden=\"true\"><\/div>\n<input type=\"hidden\" name=\"trp-form-language\" value=\"pt\"\/><\/form>\n<\/div>\n\n<div style='text-align:left' class='yasr-auto-insert-visitor'><\/div>","protected":false},"excerpt":{"rendered":"<p>Marca: GELGOOG<\/p>\n<p>E-mail: shanna@machinehall.com<\/p>\n<p>Tel: +8618638676709<\/p>\n<p>Capacidade: 100-1200KG\/H<\/p>","protected":false},"featured_media":4779,"comment_status":"open","ping_status":"closed","template":"","meta":{"site-sidebar-layout":"default","site-content-layout":"","ast-site-content-layout":"default","site-content-style":"default","site-sidebar-style":"default","ast-global-header-display":"","ast-banner-title-visibility":"","ast-main-header-display":"","ast-hfb-above-header-display":"","ast-hfb-below-header-display":"","ast-hfb-mobile-header-display":"","site-post-title":"","ast-breadcrumbs-content":"","ast-featured-img":"","footer-sml-layout":"","theme-transparent-header-meta":"default","adv-header-id-meta":"","stick-header-meta":"","header-above-stick-meta":"","header-main-stick-meta":"","header-below-stick-meta":"","astra-migrate-meta-layouts":"set","ast-page-background-enabled":"default","ast-page-background-meta":{"desktop":{"background-color":"","background-image":"","background-repeat":"repeat","background-position":"center center","background-size":"auto","background-attachment":"scroll","background-type":"","background-media":"","overlay-type":"","overlay-color":"","overlay-opacity":"","overlay-gradient":""},"tablet":{"background-color":"","background-image":"","background-repeat":"repeat","background-position":"center center","background-size":"auto","background-attachment":"scroll","background-type":"","background-media":"","overlay-type":"","overlay-color":"","overlay-opacity":"","overlay-gradient":""},"mobile":{"background-color":"","background-image":"","background-repeat":"repeat","background-position":"center center","background-size":"auto","background-attachment":"scroll","background-type":"","background-media":"","overlay-type":"","overlay-color":"","overlay-opacity":"","overlay-gradient":""}},"ast-content-background-meta":{"desktop":{"background-color":"var(--ast-global-color-5)","background-image":"","background-repeat":"repeat","background-position":"center center","background-size":"auto","background-attachment":"scroll","background-type":"","background-media":"","overlay-type":"","overlay-color":"","overlay-opacity":"","overlay-gradient":""},"tablet":{"background-color":"var(--ast-global-color-5)","background-image":"","background-repeat":"repeat","background-position":"center center","background-size":"auto","background-attachment":"scroll","background-type":"","background-media":"","overlay-type":"","overlay-color":"","overlay-opacity":"","overlay-gradient":""},"mobile":{"background-color":"var(--ast-global-color-5)","background-image":"","background-repeat":"repeat","background-position":"center center","background-size":"auto","background-attachment":"scroll","background-type":"","background-media":"","overlay-type":"","overlay-color":"","overlay-opacity":"","overlay-gradient":""}},"yasr_overall_rating":0,"yasr_post_is_review":"","yasr_auto_insert_disabled":"","yasr_review_type":""},"product_brand":[],"product_cat":[24],"product_tag":[],"class_list":{"0":"post-4775","1":"product","2":"type-product","3":"status-publish","4":"has-post-thumbnail","6":"product_cat-cookie-production-line","7":"desktop-align-left","8":"tablet-align-left","9":"mobile-align-left","11":"first","12":"instock","13":"shipping-taxable","14":"product-type-simple"},"yoast_head":"<!-- This site is optimized with the Yoast SEO plugin v24.4 - https:\/\/yoast.com\/wordpress\/plugins\/seo\/ -->\n<title>High-Efficiency Automatic Sugar Cookie Making Machine for Sale - Biscuit Production Solution Manufacturer<\/title>\n<meta name=\"description\" content=\"Sugar cookie making machine is an automated equipment designed for standardized production of sugar cookies, integrating mixing, and baking functions.\" \/>\n<meta name=\"robots\" content=\"index, follow, max-snippet:-1, max-image-preview:large, max-video-preview:-1\" \/>\n<link rel=\"canonical\" href=\"https:\/\/www.biscuitsolution.com\/pt\/produto\/high-efficiency-automatic-sugar-cookie-making-machine-for-sale\/\" \/>\n<meta property=\"og:locale\" content=\"pt_BR\" \/>\n<meta property=\"og:type\" content=\"article\" \/>\n<meta property=\"og:title\" content=\"High-Efficiency Automatic Sugar Cookie Making Machine for Sale - Biscuit Production Solution Manufacturer\" \/>\n<meta property=\"og:description\" content=\"Sugar cookie making machine is an automated equipment designed for standardized production of sugar cookies, integrating mixing, and baking functions.\" \/>\n<meta property=\"og:url\" content=\"https:\/\/www.biscuitsolution.com\/pt\/produto\/high-efficiency-automatic-sugar-cookie-making-machine-for-sale\/\" \/>\n<meta property=\"og:site_name\" content=\"Biscuit Production Solution Manufacturer\" \/>\n<meta property=\"article:publisher\" content=\"https:\/\/www.facebook.com\/profile.php?id=100095205040823\" \/>\n<meta property=\"article:modified_time\" content=\"2025-02-21T09:19:32+00:00\" \/>\n<meta property=\"og:image\" content=\"https:\/\/www.biscuitsolution.com\/wp-content\/uploads\/2025\/02\/\u4e3b\u56fe-15.jpg\" \/>\n\t<meta property=\"og:image:width\" content=\"600\" \/>\n\t<meta property=\"og:image:height\" content=\"600\" \/>\n\t<meta property=\"og:image:type\" content=\"image\/jpeg\" \/>\n<meta name=\"twitter:card\" content=\"summary_large_image\" \/>\n<meta name=\"twitter:site\" content=\"@shanna_zha26342\" \/>\n<meta name=\"twitter:label1\" content=\"Est. tempo de leitura\" \/>\n\t<meta name=\"twitter:data1\" content=\"3 minutos\" \/>\n<script type=\"application\/ld+json\" class=\"yoast-schema-graph\">{\"@context\":\"https:\/\/schema.org\",\"@graph\":[{\"@type\":\"WebPage\",\"@id\":\"https:\/\/www.biscuitsolution.com\/product\/high-efficiency-automatic-sugar-cookie-making-machine-for-sale\/\",\"url\":\"https:\/\/www.biscuitsolution.com\/product\/high-efficiency-automatic-sugar-cookie-making-machine-for-sale\/\",\"name\":\"High-Efficiency Automatic Sugar Cookie Making Machine for Sale - Biscuit Production Solution Manufacturer\",\"isPartOf\":{\"@id\":\"https:\/\/www.biscuitsolution.com\/#website\"},\"primaryImageOfPage\":{\"@id\":\"https:\/\/www.biscuitsolution.com\/product\/high-efficiency-automatic-sugar-cookie-making-machine-for-sale\/#primaryimage\"},\"image\":{\"@id\":\"https:\/\/www.biscuitsolution.com\/product\/high-efficiency-automatic-sugar-cookie-making-machine-for-sale\/#primaryimage\"},\"thumbnailUrl\":\"https:\/\/www.biscuitsolution.com\/wp-content\/uploads\/2025\/02\/\u4e3b\u56fe-15.jpg\",\"datePublished\":\"2025-02-21T09:12:58+00:00\",\"dateModified\":\"2025-02-21T09:19:32+00:00\",\"description\":\"Sugar cookie making machine is an automated equipment designed for standardized production of sugar cookies, integrating mixing, and baking functions.\",\"breadcrumb\":{\"@id\":\"https:\/\/www.biscuitsolution.com\/product\/high-efficiency-automatic-sugar-cookie-making-machine-for-sale\/#breadcrumb\"},\"inLanguage\":\"pt-BR\",\"potentialAction\":[{\"@type\":\"ReadAction\",\"target\":[\"https:\/\/www.biscuitsolution.com\/product\/high-efficiency-automatic-sugar-cookie-making-machine-for-sale\/\"]}]},{\"@type\":\"ImageObject\",\"inLanguage\":\"pt-BR\",\"@id\":\"https:\/\/www.biscuitsolution.com\/product\/high-efficiency-automatic-sugar-cookie-making-machine-for-sale\/#primaryimage\",\"url\":\"https:\/\/www.biscuitsolution.com\/wp-content\/uploads\/2025\/02\/\u4e3b\u56fe-15.jpg\",\"contentUrl\":\"https:\/\/www.biscuitsolution.com\/wp-content\/uploads\/2025\/02\/\u4e3b\u56fe-15.jpg\",\"width\":600,\"height\":600,\"caption\":\"sugar cookie making machine\"},{\"@type\":\"BreadcrumbList\",\"@id\":\"https:\/\/www.biscuitsolution.com\/product\/high-efficiency-automatic-sugar-cookie-making-machine-for-sale\/#breadcrumb\",\"itemListElement\":[{\"@type\":\"ListItem\",\"position\":1,\"name\":\"Home\",\"item\":\"https:\/\/www.biscuitsolution.com\/\"},{\"@type\":\"ListItem\",\"position\":2,\"name\":\"Product\",\"item\":\"https:\/\/www.biscuitsolution.com\/product\/\"},{\"@type\":\"ListItem\",\"position\":3,\"name\":\"High-Efficiency Automatic Sugar Cookie Making Machine for Sale\"}]},{\"@type\":\"WebSite\",\"@id\":\"https:\/\/www.biscuitsolution.com\/#website\",\"url\":\"https:\/\/www.biscuitsolution.com\/\",\"name\":\"Biscuit Production Solution Manufacturer\",\"description\":\"\",\"potentialAction\":[{\"@type\":\"SearchAction\",\"target\":{\"@type\":\"EntryPoint\",\"urlTemplate\":\"https:\/\/www.biscuitsolution.com\/?s={search_term_string}\"},\"query-input\":{\"@type\":\"PropertyValueSpecification\",\"valueRequired\":true,\"valueName\":\"search_term_string\"}}],\"inLanguage\":\"pt-BR\"},false]}<\/script>\n<!-- \/ Yoast SEO plugin. -->","yoast_head_json":{"title":"M\u00e1quina autom\u00e1tica de alta efici\u00eancia para fabrica\u00e7\u00e3o de biscoitos de a\u00e7\u00facar para venda - Fabricante de solu\u00e7\u00f5es para produ\u00e7\u00e3o de biscoitos","description":"A m\u00e1quina de fabrica\u00e7\u00e3o de biscoitos de a\u00e7\u00facar \u00e9 um equipamento automatizado projetado para a produ\u00e7\u00e3o padronizada de biscoitos de a\u00e7\u00facar, integrando fun\u00e7\u00f5es de mistura e cozimento.","robots":{"index":"index","follow":"follow","max-snippet":"max-snippet:-1","max-image-preview":"max-image-preview:large","max-video-preview":"max-video-preview:-1"},"canonical":"https:\/\/www.biscuitsolution.com\/pt\/produto\/high-efficiency-automatic-sugar-cookie-making-machine-for-sale\/","og_locale":"pt_BR","og_type":"article","og_title":"High-Efficiency Automatic Sugar Cookie Making Machine for Sale - Biscuit Production Solution Manufacturer","og_description":"Sugar cookie making machine is an automated equipment designed for standardized production of sugar cookies, integrating mixing, and baking functions.","og_url":"https:\/\/www.biscuitsolution.com\/pt\/produto\/high-efficiency-automatic-sugar-cookie-making-machine-for-sale\/","og_site_name":"Biscuit Production Solution Manufacturer","article_publisher":"https:\/\/www.facebook.com\/profile.php?id=100095205040823","article_modified_time":"2025-02-21T09:19:32+00:00","og_image":[{"width":600,"height":600,"url":"https:\/\/www.biscuitsolution.com\/wp-content\/uploads\/2025\/02\/\u4e3b\u56fe-15.jpg","type":"image\/jpeg"}],"twitter_card":"summary_large_image","twitter_site":"@shanna_zha26342","twitter_misc":{"Est. tempo de leitura":"3 minutos"},"schema":{"@context":"https:\/\/schema.org","@graph":[{"@type":"WebPage","@id":"https:\/\/www.biscuitsolution.com\/product\/high-efficiency-automatic-sugar-cookie-making-machine-for-sale\/","url":"https:\/\/www.biscuitsolution.com\/product\/high-efficiency-automatic-sugar-cookie-making-machine-for-sale\/","name":"M\u00e1quina autom\u00e1tica de alta efici\u00eancia para fabrica\u00e7\u00e3o de biscoitos de a\u00e7\u00facar para venda - Fabricante de solu\u00e7\u00f5es para produ\u00e7\u00e3o de biscoitos","isPartOf":{"@id":"https:\/\/www.biscuitsolution.com\/#website"},"primaryImageOfPage":{"@id":"https:\/\/www.biscuitsolution.com\/product\/high-efficiency-automatic-sugar-cookie-making-machine-for-sale\/#primaryimage"},"image":{"@id":"https:\/\/www.biscuitsolution.com\/product\/high-efficiency-automatic-sugar-cookie-making-machine-for-sale\/#primaryimage"},"thumbnailUrl":"https:\/\/www.biscuitsolution.com\/wp-content\/uploads\/2025\/02\/\u4e3b\u56fe-15.jpg","datePublished":"2025-02-21T09:12:58+00:00","dateModified":"2025-02-21T09:19:32+00:00","description":"A m\u00e1quina de fabrica\u00e7\u00e3o de biscoitos de a\u00e7\u00facar \u00e9 um equipamento automatizado projetado para a produ\u00e7\u00e3o padronizada de biscoitos de a\u00e7\u00facar, integrando fun\u00e7\u00f5es de mistura e cozimento.","breadcrumb":{"@id":"https:\/\/www.biscuitsolution.com\/product\/high-efficiency-automatic-sugar-cookie-making-machine-for-sale\/#breadcrumb"},"inLanguage":"pt-BR","potentialAction":[{"@type":"ReadAction","target":["https:\/\/www.biscuitsolution.com\/product\/high-efficiency-automatic-sugar-cookie-making-machine-for-sale\/"]}]},{"@type":"ImageObject","inLanguage":"pt-BR","@id":"https:\/\/www.biscuitsolution.com\/product\/high-efficiency-automatic-sugar-cookie-making-machine-for-sale\/#primaryimage","url":"https:\/\/www.biscuitsolution.com\/wp-content\/uploads\/2025\/02\/\u4e3b\u56fe-15.jpg","contentUrl":"https:\/\/www.biscuitsolution.com\/wp-content\/uploads\/2025\/02\/\u4e3b\u56fe-15.jpg","width":600,"height":600,"caption":"sugar cookie making machine"},{"@type":"BreadcrumbList","@id":"https:\/\/www.biscuitsolution.com\/product\/high-efficiency-automatic-sugar-cookie-making-machine-for-sale\/#breadcrumb","itemListElement":[{"@type":"ListItem","position":1,"name":"Home","item":"https:\/\/www.biscuitsolution.com\/"},{"@type":"ListItem","position":2,"name":"Product","item":"https:\/\/www.biscuitsolution.com\/product\/"},{"@type":"ListItem","position":3,"name":"High-Efficiency Automatic Sugar Cookie Making Machine for Sale"}]},{"@type":"WebSite","@id":"https:\/\/www.biscuitsolution.com\/#website","url":"https:\/\/www.biscuitsolution.com\/","name":"Fabricante de solu\u00e7\u00f5es para produ\u00e7\u00e3o de biscoitos","description":"","potentialAction":[{"@type":"SearchAction","target":{"@type":"EntryPoint","urlTemplate":"https:\/\/www.biscuitsolution.com\/?s={search_term_string}"},"query-input":{"@type":"PropertyValueSpecification","valueRequired":true,"valueName":"search_term_string"}}],"inLanguage":"pt-BR"},false]}},"yasr_visitor_votes":{"stars_attributes":{"read_only":false,"span_bottom":false},"number_of_votes":0,"sum_votes":0},"_links":{"self":[{"href":"https:\/\/www.biscuitsolution.com\/pt\/wp-json\/wp\/v2\/product\/4775","targetHints":{"allow":["GET"]}}],"collection":[{"href":"https:\/\/www.biscuitsolution.com\/pt\/wp-json\/wp\/v2\/product"}],"about":[{"href":"https:\/\/www.biscuitsolution.com\/pt\/wp-json\/wp\/v2\/types\/product"}],"replies":[{"embeddable":true,"href":"https:\/\/www.biscuitsolution.com\/pt\/wp-json\/wp\/v2\/comments?post=4775"}],"version-history":[{"count":2,"href":"https:\/\/www.biscuitsolution.com\/pt\/wp-json\/wp\/v2\/product\/4775\/revisions"}],"predecessor-version":[{"id":4781,"href":"https:\/\/www.biscuitsolution.com\/pt\/wp-json\/wp\/v2\/product\/4775\/revisions\/4781"}],"wp:featuredmedia":[{"embeddable":true,"href":"https:\/\/www.biscuitsolution.com\/pt\/wp-json\/wp\/v2\/media\/4779"}],"wp:attachment":[{"href":"https:\/\/www.biscuitsolution.com\/pt\/wp-json\/wp\/v2\/media?parent=4775"}],"wp:term":[{"taxonomy":"product_brand","embeddable":true,"href":"https:\/\/www.biscuitsolution.com\/pt\/wp-json\/wp\/v2\/product_brand?post=4775"},{"taxonomy":"product_cat","embeddable":true,"href":"https:\/\/www.biscuitsolution.com\/pt\/wp-json\/wp\/v2\/product_cat?post=4775"},{"taxonomy":"product_tag","embeddable":true,"href":"https:\/\/www.biscuitsolution.com\/pt\/wp-json\/wp\/v2\/product_tag?post=4775"}],"curies":[{"name":"wp","href":"https:\/\/api.w.org\/{rel}","templated":true}]}}