{"id":4769,"date":"2025-02-21T09:06:16","date_gmt":"2025-02-21T09:06:16","guid":{"rendered":"https:\/\/www.biscuitsolution.com\/?post_type=product&#038;p=4769"},"modified":"2025-02-21T09:06:16","modified_gmt":"2025-02-21T09:06:16","slug":"complete-automatic-cookie-production-line-high-efficiency","status":"publish","type":"product","link":"https:\/\/www.biscuitsolution.com\/pt\/produto\/complete-automatic-cookie-production-line-high-efficiency\/","title":{"rendered":"Linha de produ\u00e7\u00e3o autom\u00e1tica completa de biscoitos de alta efici\u00eancia"},"content":{"rendered":"<h2>Introdu\u00e7\u00e3o \u00e0 linha de produ\u00e7\u00e3o autom\u00e1tica de biscoitos<\/h2>\n<ol>\n<li>Ele integra v\u00e1rios elos de produ\u00e7\u00e3o, desde o processamento da mat\u00e9ria-prima at\u00e9 a embalagem final, reduz a interven\u00e7\u00e3o manual e melhora a efici\u00eancia da produ\u00e7\u00e3o e a estabilidade da qualidade do produto.<\/li>\n<li>A linha de produ\u00e7\u00e3o geralmente \u00e9 composta por sistema de mistura de massa, sistema de moldagem, sistema de cozimento, sistema de resfriamento, sistema de pulveriza\u00e7\u00e3o de \u00f3leo e a\u00e7\u00facar, sistema de embalagem, etc., e \u00e9 amplamente utilizada em f\u00e1bricas de processamento de alimentos, fabricantes de biscoitos e outras empresas.<\/li>\n<\/ol>\n<p><img fetchpriority=\"high\" decoding=\"async\" class=\"alignnone size-full wp-image-4770\" src=\"https:\/\/www.biscuitsolution.com\/wp-content\/uploads\/2025\/02\/cookie-production-line.jpg\" alt=\"linha de produ\u00e7\u00e3o autom\u00e1tica de biscoitos\" width=\"800\" height=\"450\" srcset=\"https:\/\/www.biscuitsolution.com\/wp-content\/uploads\/2025\/02\/cookie-production-line.jpg 800w, https:\/\/www.biscuitsolution.com\/wp-content\/uploads\/2025\/02\/cookie-production-line-600x338.jpg 600w, https:\/\/www.biscuitsolution.com\/wp-content\/uploads\/2025\/02\/cookie-production-line-300x169.jpg 300w, https:\/\/www.biscuitsolution.com\/wp-content\/uploads\/2025\/02\/cookie-production-line-768x432.jpg 768w\" sizes=\"(max-width: 800px) 100vw, 800px\" \/><\/p>\n<h2>Introdu\u00e7\u00e3o \u00e0s principais fun\u00e7\u00f5es da linha de produ\u00e7\u00e3o de biscoitos<\/h2>\n<ol>\n<li>Fun\u00e7\u00e3o de mistura de massa: Depois de pesar as mat\u00e9rias-primas de acordo com a f\u00f3rmula, coloque-as no tanque de mistura para a mistura completa. Por meio da mistura, as diversas mat\u00e9rias-primas s\u00e3o misturadas uniformemente para formar uma massa com consist\u00eancia e textura adequadas. Ajuste a velocidade e o tempo de mistura de acordo com os requisitos de diferentes biscoitos.<\/li>\n<li>Fun\u00e7\u00e3o de moldagem: V\u00e1rios m\u00e9todos de moldagem podem ser usados, como moldagem por estampagem, moldagem por extrus\u00e3o, moldagem por impress\u00e3o em rolo etc., que \u00e9 o elo principal da linha de produ\u00e7\u00e3o.<\/li>\n<li>Fun\u00e7\u00e3o de cozimento: Os biscoitos formados s\u00e3o transportados para o forno de cozimento para serem assados. O forno de cozimento geralmente adota m\u00e9todos de aquecimento como eletricidade, g\u00e1s ou vapor, que podem controlar com precis\u00e3o a temperatura, a umidade e o tempo de cozimento no forno.<\/li>\n<li>Fun\u00e7\u00e3o de pulveriza\u00e7\u00e3o de \u00f3leo e polvilhamento de a\u00e7\u00facar: De acordo com as necessidades de diferentes biscoitos, a linha de produ\u00e7\u00e3o pode ser equipada com dispositivos de pulveriza\u00e7\u00e3o de \u00f3leo e de aspers\u00e3o de a\u00e7\u00facar.<\/li>\n<li>Fun\u00e7\u00e3o de embalagem: Os biscoitos resfriados s\u00e3o transportados para o sistema de embalagem para serem embalados.<\/li>\n<\/ol>\n<p><img decoding=\"async\" class=\"alignnone size-full wp-image-4771\" src=\"https:\/\/www.biscuitsolution.com\/wp-content\/uploads\/2025\/02\/automatic-cookie-line-.jpg\" alt=\"linha de produ\u00e7\u00e3o de biscoitos\" width=\"800\" height=\"450\" srcset=\"https:\/\/www.biscuitsolution.com\/wp-content\/uploads\/2025\/02\/automatic-cookie-line-.jpg 800w, https:\/\/www.biscuitsolution.com\/wp-content\/uploads\/2025\/02\/automatic-cookie-line--600x338.jpg 600w, https:\/\/www.biscuitsolution.com\/wp-content\/uploads\/2025\/02\/automatic-cookie-line--300x169.jpg 300w, https:\/\/www.biscuitsolution.com\/wp-content\/uploads\/2025\/02\/automatic-cookie-line--768x432.jpg 768w\" sizes=\"(max-width: 800px) 100vw, 800px\" \/><\/p>\n<h2>Perguntas frequentes sobre a linha de produ\u00e7\u00e3o autom\u00e1tica de biscoitos<\/h2>\n<ul>\n<li>Como ajustar a espessura e o tamanho dos biscoitos?<br \/>\nPara a espessura, no processo de forma\u00e7\u00e3o, ela \u00e9 controlada pelo ajuste da folga entre a matriz de perfura\u00e7\u00e3o, o bocal de extrus\u00e3o ou o rolo.<\/li>\n<li>A linha de produ\u00e7\u00e3o pode produzir diferentes tipos de biscoitos?<br \/>\nDe modo geral, a linha de produ\u00e7\u00e3o autom\u00e1tica de biscoitos tem certa versatilidade e pode produzir diferentes tipos de biscoitos ajustando a receita, mudando a matriz e ajustando os par\u00e2metros do equipamento, mas para alguns biscoitos com processos e requisitos especiais, pode ser necess\u00e1rio transformar parcialmente a linha de produ\u00e7\u00e3o ou adicionar equipamentos espec\u00edficos.<\/li>\n<li>Como determinar a capacidade da linha de produ\u00e7\u00e3o autom\u00e1tica de biscoitos?<br \/>\nA capacidade da linha de produ\u00e7\u00e3o geralmente est\u00e1 relacionada a fatores como o modelo, a especifica\u00e7\u00e3o, a configura\u00e7\u00e3o e o processo de produ\u00e7\u00e3o do equipamento.<\/li>\n<li>O consumo de energia da linha de produ\u00e7\u00e3o \u00e9 alto?<br \/>\nO consumo de energia da linha de produ\u00e7\u00e3o autom\u00e1tica de biscoitos depende principalmente da pot\u00eancia, do tempo de opera\u00e7\u00e3o e do m\u00e9todo de aquecimento do equipamento. O consumo de energia de diferentes linhas de produ\u00e7\u00e3o varia.<\/li>\n<\/ul>\n<h2><img decoding=\"async\" class=\"alignnone size-full wp-image-4772\" src=\"https:\/\/www.biscuitsolution.com\/wp-content\/uploads\/2025\/02\/automatic-cookie-production-line-.jpg\" alt=\"linha de produ\u00e7\u00e3o de biscoitos\" width=\"800\" height=\"450\" srcset=\"https:\/\/www.biscuitsolution.com\/wp-content\/uploads\/2025\/02\/automatic-cookie-production-line-.jpg 800w, https:\/\/www.biscuitsolution.com\/wp-content\/uploads\/2025\/02\/automatic-cookie-production-line--600x338.jpg 600w, https:\/\/www.biscuitsolution.com\/wp-content\/uploads\/2025\/02\/automatic-cookie-production-line--300x169.jpg 300w, https:\/\/www.biscuitsolution.com\/wp-content\/uploads\/2025\/02\/automatic-cookie-production-line--768x432.jpg 768w\" sizes=\"(max-width: 800px) 100vw, 800px\" \/><br \/>\nDeixe uma mensagem para obter uma cota\u00e7\u00e3o<\/h2>\n\n<div class=\"wpcf7 no-js\" id=\"wpcf7-f4619-o1\" lang=\"en-US\" dir=\"ltr\" data-wpcf7-id=\"4619\">\n<div class=\"screen-reader-response\"><p role=\"status\" aria-live=\"polite\" aria-atomic=\"true\"><\/p> <ul><\/ul><\/div>\n<form action=\"\/pt\/wp-json\/wp\/v2\/product\/4769#wpcf7-f4619-o1\" method=\"post\" class=\"wpcf7-form init\" aria-label=\"Formul\u00e1rio de contato\" novalidate=\"novalidate\" data-status=\"init\" data-trp-original-action=\"\/pt\/wp-json\/wp\/v2\/product\/4769#wpcf7-f4619-o1\">\n<div style=\"display: none;\">\n<input type=\"hidden\" name=\"_wpcf7\" value=\"4619\" \/>\n<input type=\"hidden\" name=\"_wpcf7_version\" value=\"6.0.4\" \/>\n<input type=\"hidden\" name=\"_wpcf7_locale\" value=\"en_US\" \/>\n<input type=\"hidden\" name=\"_wpcf7_unit_tag\" value=\"wpcf7-f4619-o1\" \/>\n<input type=\"hidden\" name=\"_wpcf7_container_post\" value=\"0\" \/>\n<input type=\"hidden\" name=\"_wpcf7_posted_data_hash\" value=\"\" \/>\n<\/div>\n<p><label> Seu nome*<br \/>\n<span class=\"wpcf7-form-control-wrap\" data-name=\"your-name\"><input size=\"40\" maxlength=\"400\" class=\"wpcf7-form-control wpcf7-text wpcf7-validates-as-required\" aria-required=\"true\" aria-invalid=\"false\" value=\"\" type=\"text\" name=\"your-name\" \/><\/span> <\/label>\n<\/p>\n<p><label> Seu pa\u00eds<br \/>\n<span class=\"wpcf7-form-control-wrap\" data-name=\"your-country\"><input size=\"40\" maxlength=\"400\" class=\"wpcf7-form-control wpcf7-text\" aria-invalid=\"false\" value=\"\" type=\"text\" name=\"your-country\" \/><\/span><\/label>\n<\/p>\n<p><label> Seu e-mail*<br \/>\n<span class=\"wpcf7-form-control-wrap\" data-name=\"your-email\"><input size=\"40\" maxlength=\"400\" class=\"wpcf7-form-control wpcf7-email wpcf7-validates-as-required wpcf7-text wpcf7-validates-as-email\" aria-required=\"true\" aria-invalid=\"false\" value=\"\" type=\"email\" name=\"your-email\" \/><\/span> <\/label>\n<\/p>\n<p><label> Seu telefone<br \/>\n<span class=\"wpcf7-form-control-wrap\" data-name=\"your-phone\"><input size=\"40\" maxlength=\"400\" class=\"wpcf7-form-control wpcf7-tel wpcf7-text wpcf7-validates-as-tel\" aria-invalid=\"false\" value=\"\" type=\"tel\" name=\"your-phone\" \/><\/span> <\/label>\n<\/p>\n<p><label> Nome de sua empresa<br \/>\n<span class=\"wpcf7-form-control-wrap\" data-name=\"text-457\"><input size=\"40\" maxlength=\"400\" class=\"wpcf7-form-control wpcf7-text\" aria-invalid=\"false\" value=\"\" type=\"text\" name=\"text-457\" \/><\/span> <\/label>\n<\/p>\n<p><label> Site de sua empresa<br \/>\n<span class=\"wpcf7-form-control-wrap\" data-name=\"text-546\"><input size=\"40\" maxlength=\"400\" class=\"wpcf7-form-control wpcf7-text\" aria-invalid=\"false\" value=\"\" type=\"text\" name=\"text-546\" \/><\/span> <\/label>\n<\/p>\n<p><label> Seu requisito*<br \/>\n<span class=\"wpcf7-form-control-wrap\" data-name=\"your-message\"><textarea cols=\"40\" rows=\"10\" maxlength=\"2000\" class=\"wpcf7-form-control wpcf7-textarea wpcf7-validates-as-required\" aria-required=\"true\" aria-invalid=\"false\" name=\"your-message\"><\/textarea><\/span> <\/label>\n<\/p>\n<p><input class=\"wpcf7-form-control wpcf7-submit has-spinner\" type=\"submit\" value=\"Enviar\" \/>\n<\/p><p style=\"display: none !important;\" class=\"akismet-fields-container\" data-prefix=\"_wpcf7_ak_\"><label>&#916;<textarea name=\"_wpcf7_ak_hp_textarea\" cols=\"45\" rows=\"8\" maxlength=\"100\"><\/textarea><\/label><input type=\"hidden\" id=\"ak_js_1\" name=\"_wpcf7_ak_js\" value=\"21\"\/><script>document.getElementById( \"ak_js_1\" ).setAttribute( \"value\", ( new Date() ).getTime() );<\/script><\/p><div class=\"wpcf7-response-output\" aria-hidden=\"true\"><\/div>\n<input type=\"hidden\" name=\"trp-form-language\" value=\"pt\"\/><\/form>\n<\/div>\n\n<div style='text-align:left' class='yasr-auto-insert-visitor'><\/div>","protected":false},"excerpt":{"rendered":"<p>Capacidade: 100-1000KG\/H<\/p>\n<p>Tens\u00e3o: 380V<\/p>\n<p>Marca: GELGOOG<\/p>\n<p>E-mail: shanna@machinehall.com<\/p>\n<p>Tel: +8618638676709<\/p>","protected":false},"featured_media":4773,"comment_status":"open","ping_status":"closed","template":"","meta":{"site-sidebar-layout":"default","site-content-layout":"","ast-site-content-layout":"default","site-content-style":"default","site-sidebar-style":"default","ast-global-header-display":"","ast-banner-title-visibility":"","ast-main-header-display":"","ast-hfb-above-header-display":"","ast-hfb-below-header-display":"","ast-hfb-mobile-header-display":"","site-post-title":"","ast-breadcrumbs-content":"","ast-featured-img":"","footer-sml-layout":"","theme-transparent-header-meta":"default","adv-header-id-meta":"","stick-header-meta":"","header-above-stick-meta":"","header-main-stick-meta":"","header-below-stick-meta":"","astra-migrate-meta-layouts":"set","ast-page-background-enabled":"default","ast-page-background-meta":{"desktop":{"background-color":"","background-image":"","background-repeat":"repeat","background-position":"center center","background-size":"auto","background-attachment":"scroll","background-type":"","background-media":"","overlay-type":"","overlay-color":"","overlay-opacity":"","overlay-gradient":""},"tablet":{"background-color":"","background-image":"","background-repeat":"repeat","background-position":"center center","background-size":"auto","background-attachment":"scroll","background-type":"","background-media":"","overlay-type":"","overlay-color":"","overlay-opacity":"","overlay-gradient":""},"mobile":{"background-color":"","background-image":"","background-repeat":"repeat","background-position":"center center","background-size":"auto","background-attachment":"scroll","background-type":"","background-media":"","overlay-type":"","overlay-color":"","overlay-opacity":"","overlay-gradient":""}},"ast-content-background-meta":{"desktop":{"background-color":"var(--ast-global-color-5)","background-image":"","background-repeat":"repeat","background-position":"center center","background-size":"auto","background-attachment":"scroll","background-type":"","background-media":"","overlay-type":"","overlay-color":"","overlay-opacity":"","overlay-gradient":""},"tablet":{"background-color":"var(--ast-global-color-5)","background-image":"","background-repeat":"repeat","background-position":"center center","background-size":"auto","background-attachment":"scroll","background-type":"","background-media":"","overlay-type":"","overlay-color":"","overlay-opacity":"","overlay-gradient":""},"mobile":{"background-color":"var(--ast-global-color-5)","background-image":"","background-repeat":"repeat","background-position":"center center","background-size":"auto","background-attachment":"scroll","background-type":"","background-media":"","overlay-type":"","overlay-color":"","overlay-opacity":"","overlay-gradient":""}},"yasr_overall_rating":0,"yasr_post_is_review":"","yasr_auto_insert_disabled":"","yasr_review_type":""},"product_brand":[],"product_cat":[24],"product_tag":[],"class_list":{"0":"post-4769","1":"product","2":"type-product","3":"status-publish","4":"has-post-thumbnail","6":"product_cat-cookie-production-line","7":"desktop-align-left","8":"tablet-align-left","9":"mobile-align-left","11":"first","12":"instock","13":"shipping-taxable","14":"product-type-simple"},"yoast_head":"<!-- This site is optimized with the Yoast SEO plugin v24.4 - https:\/\/yoast.com\/wordpress\/plugins\/seo\/ -->\n<title>Complete Automatic Cookie Production Line High Efficiency - Biscuit Production Solution Manufacturer<\/title>\n<meta name=\"description\" content=\"The automatic cookie production line is a complete system composed of automated mechanical equipment for efficient cookie production.\" \/>\n<meta name=\"robots\" content=\"index, follow, max-snippet:-1, max-image-preview:large, max-video-preview:-1\" \/>\n<link rel=\"canonical\" href=\"https:\/\/www.biscuitsolution.com\/pt\/produto\/complete-automatic-cookie-production-line-high-efficiency\/\" \/>\n<meta property=\"og:locale\" content=\"pt_BR\" \/>\n<meta property=\"og:type\" content=\"article\" \/>\n<meta property=\"og:title\" content=\"Complete Automatic Cookie Production Line High Efficiency - Biscuit Production Solution Manufacturer\" \/>\n<meta property=\"og:description\" content=\"The automatic cookie production line is a complete system composed of automated mechanical equipment for efficient cookie production.\" \/>\n<meta property=\"og:url\" content=\"https:\/\/www.biscuitsolution.com\/pt\/produto\/complete-automatic-cookie-production-line-high-efficiency\/\" \/>\n<meta property=\"og:site_name\" content=\"Biscuit Production Solution Manufacturer\" \/>\n<meta property=\"article:publisher\" content=\"https:\/\/www.facebook.com\/profile.php?id=100095205040823\" \/>\n<meta property=\"og:image\" content=\"https:\/\/www.biscuitsolution.com\/wp-content\/uploads\/2025\/02\/\u4e3b\u56fe-14.jpg\" \/>\n\t<meta property=\"og:image:width\" content=\"600\" \/>\n\t<meta property=\"og:image:height\" content=\"600\" \/>\n\t<meta property=\"og:image:type\" content=\"image\/jpeg\" \/>\n<meta name=\"twitter:card\" content=\"summary_large_image\" \/>\n<meta name=\"twitter:site\" content=\"@shanna_zha26342\" \/>\n<meta name=\"twitter:label1\" content=\"Est. tempo de leitura\" \/>\n\t<meta name=\"twitter:data1\" content=\"3 minutos\" \/>\n<script type=\"application\/ld+json\" class=\"yoast-schema-graph\">{\"@context\":\"https:\/\/schema.org\",\"@graph\":[{\"@type\":\"WebPage\",\"@id\":\"https:\/\/www.biscuitsolution.com\/product\/complete-automatic-cookie-production-line-high-efficiency\/\",\"url\":\"https:\/\/www.biscuitsolution.com\/product\/complete-automatic-cookie-production-line-high-efficiency\/\",\"name\":\"Complete Automatic Cookie Production Line High Efficiency - Biscuit Production Solution Manufacturer\",\"isPartOf\":{\"@id\":\"https:\/\/www.biscuitsolution.com\/#website\"},\"primaryImageOfPage\":{\"@id\":\"https:\/\/www.biscuitsolution.com\/product\/complete-automatic-cookie-production-line-high-efficiency\/#primaryimage\"},\"image\":{\"@id\":\"https:\/\/www.biscuitsolution.com\/product\/complete-automatic-cookie-production-line-high-efficiency\/#primaryimage\"},\"thumbnailUrl\":\"https:\/\/www.biscuitsolution.com\/wp-content\/uploads\/2025\/02\/\u4e3b\u56fe-14.jpg\",\"datePublished\":\"2025-02-21T09:06:16+00:00\",\"description\":\"The automatic cookie production line is a complete system composed of automated mechanical equipment for efficient cookie production.\",\"breadcrumb\":{\"@id\":\"https:\/\/www.biscuitsolution.com\/product\/complete-automatic-cookie-production-line-high-efficiency\/#breadcrumb\"},\"inLanguage\":\"pt-BR\",\"potentialAction\":[{\"@type\":\"ReadAction\",\"target\":[\"https:\/\/www.biscuitsolution.com\/product\/complete-automatic-cookie-production-line-high-efficiency\/\"]}]},{\"@type\":\"ImageObject\",\"inLanguage\":\"pt-BR\",\"@id\":\"https:\/\/www.biscuitsolution.com\/product\/complete-automatic-cookie-production-line-high-efficiency\/#primaryimage\",\"url\":\"https:\/\/www.biscuitsolution.com\/wp-content\/uploads\/2025\/02\/\u4e3b\u56fe-14.jpg\",\"contentUrl\":\"https:\/\/www.biscuitsolution.com\/wp-content\/uploads\/2025\/02\/\u4e3b\u56fe-14.jpg\",\"width\":600,\"height\":600,\"caption\":\"automatic cookie production line\"},{\"@type\":\"BreadcrumbList\",\"@id\":\"https:\/\/www.biscuitsolution.com\/product\/complete-automatic-cookie-production-line-high-efficiency\/#breadcrumb\",\"itemListElement\":[{\"@type\":\"ListItem\",\"position\":1,\"name\":\"Home\",\"item\":\"https:\/\/www.biscuitsolution.com\/\"},{\"@type\":\"ListItem\",\"position\":2,\"name\":\"Product\",\"item\":\"https:\/\/www.biscuitsolution.com\/product\/\"},{\"@type\":\"ListItem\",\"position\":3,\"name\":\"Complete Automatic Cookie Production Line High Efficiency\"}]},{\"@type\":\"WebSite\",\"@id\":\"https:\/\/www.biscuitsolution.com\/#website\",\"url\":\"https:\/\/www.biscuitsolution.com\/\",\"name\":\"Biscuit Production Solution Manufacturer\",\"description\":\"\",\"potentialAction\":[{\"@type\":\"SearchAction\",\"target\":{\"@type\":\"EntryPoint\",\"urlTemplate\":\"https:\/\/www.biscuitsolution.com\/?s={search_term_string}\"},\"query-input\":{\"@type\":\"PropertyValueSpecification\",\"valueRequired\":true,\"valueName\":\"search_term_string\"}}],\"inLanguage\":\"pt-BR\"},false]}<\/script>\n<!-- \/ Yoast SEO plugin. -->","yoast_head_json":{"title":"Linha de produ\u00e7\u00e3o autom\u00e1tica completa de biscoitos de alta efici\u00eancia - Fabricante de solu\u00e7\u00f5es de produ\u00e7\u00e3o de biscoitos","description":"A linha de produ\u00e7\u00e3o autom\u00e1tica de biscoitos \u00e9 um sistema completo composto de equipamentos mec\u00e2nicos automatizados para a produ\u00e7\u00e3o eficiente de biscoitos.","robots":{"index":"index","follow":"follow","max-snippet":"max-snippet:-1","max-image-preview":"max-image-preview:large","max-video-preview":"max-video-preview:-1"},"canonical":"https:\/\/www.biscuitsolution.com\/pt\/produto\/complete-automatic-cookie-production-line-high-efficiency\/","og_locale":"pt_BR","og_type":"article","og_title":"Complete Automatic Cookie Production Line High Efficiency - Biscuit Production Solution Manufacturer","og_description":"The automatic cookie production line is a complete system composed of automated mechanical equipment for efficient cookie production.","og_url":"https:\/\/www.biscuitsolution.com\/pt\/produto\/complete-automatic-cookie-production-line-high-efficiency\/","og_site_name":"Biscuit Production Solution Manufacturer","article_publisher":"https:\/\/www.facebook.com\/profile.php?id=100095205040823","og_image":[{"width":600,"height":600,"url":"https:\/\/www.biscuitsolution.com\/wp-content\/uploads\/2025\/02\/\u4e3b\u56fe-14.jpg","type":"image\/jpeg"}],"twitter_card":"summary_large_image","twitter_site":"@shanna_zha26342","twitter_misc":{"Est. tempo de leitura":"3 minutos"},"schema":{"@context":"https:\/\/schema.org","@graph":[{"@type":"WebPage","@id":"https:\/\/www.biscuitsolution.com\/product\/complete-automatic-cookie-production-line-high-efficiency\/","url":"https:\/\/www.biscuitsolution.com\/product\/complete-automatic-cookie-production-line-high-efficiency\/","name":"Linha de produ\u00e7\u00e3o autom\u00e1tica completa de biscoitos de alta efici\u00eancia - Fabricante de solu\u00e7\u00f5es de produ\u00e7\u00e3o de biscoitos","isPartOf":{"@id":"https:\/\/www.biscuitsolution.com\/#website"},"primaryImageOfPage":{"@id":"https:\/\/www.biscuitsolution.com\/product\/complete-automatic-cookie-production-line-high-efficiency\/#primaryimage"},"image":{"@id":"https:\/\/www.biscuitsolution.com\/product\/complete-automatic-cookie-production-line-high-efficiency\/#primaryimage"},"thumbnailUrl":"https:\/\/www.biscuitsolution.com\/wp-content\/uploads\/2025\/02\/\u4e3b\u56fe-14.jpg","datePublished":"2025-02-21T09:06:16+00:00","description":"A linha de produ\u00e7\u00e3o autom\u00e1tica de biscoitos \u00e9 um sistema completo composto de equipamentos mec\u00e2nicos automatizados para a produ\u00e7\u00e3o eficiente de biscoitos.","breadcrumb":{"@id":"https:\/\/www.biscuitsolution.com\/product\/complete-automatic-cookie-production-line-high-efficiency\/#breadcrumb"},"inLanguage":"pt-BR","potentialAction":[{"@type":"ReadAction","target":["https:\/\/www.biscuitsolution.com\/product\/complete-automatic-cookie-production-line-high-efficiency\/"]}]},{"@type":"ImageObject","inLanguage":"pt-BR","@id":"https:\/\/www.biscuitsolution.com\/product\/complete-automatic-cookie-production-line-high-efficiency\/#primaryimage","url":"https:\/\/www.biscuitsolution.com\/wp-content\/uploads\/2025\/02\/\u4e3b\u56fe-14.jpg","contentUrl":"https:\/\/www.biscuitsolution.com\/wp-content\/uploads\/2025\/02\/\u4e3b\u56fe-14.jpg","width":600,"height":600,"caption":"automatic cookie production line"},{"@type":"BreadcrumbList","@id":"https:\/\/www.biscuitsolution.com\/product\/complete-automatic-cookie-production-line-high-efficiency\/#breadcrumb","itemListElement":[{"@type":"ListItem","position":1,"name":"Home","item":"https:\/\/www.biscuitsolution.com\/"},{"@type":"ListItem","position":2,"name":"Product","item":"https:\/\/www.biscuitsolution.com\/product\/"},{"@type":"ListItem","position":3,"name":"Complete Automatic Cookie Production Line High Efficiency"}]},{"@type":"WebSite","@id":"https:\/\/www.biscuitsolution.com\/#website","url":"https:\/\/www.biscuitsolution.com\/","name":"Fabricante de solu\u00e7\u00f5es para produ\u00e7\u00e3o de biscoitos","description":"","potentialAction":[{"@type":"SearchAction","target":{"@type":"EntryPoint","urlTemplate":"https:\/\/www.biscuitsolution.com\/?s={search_term_string}"},"query-input":{"@type":"PropertyValueSpecification","valueRequired":true,"valueName":"search_term_string"}}],"inLanguage":"pt-BR"},false]}},"yasr_visitor_votes":{"stars_attributes":{"read_only":false,"span_bottom":false},"number_of_votes":0,"sum_votes":0},"_links":{"self":[{"href":"https:\/\/www.biscuitsolution.com\/pt\/wp-json\/wp\/v2\/product\/4769","targetHints":{"allow":["GET"]}}],"collection":[{"href":"https:\/\/www.biscuitsolution.com\/pt\/wp-json\/wp\/v2\/product"}],"about":[{"href":"https:\/\/www.biscuitsolution.com\/pt\/wp-json\/wp\/v2\/types\/product"}],"replies":[{"embeddable":true,"href":"https:\/\/www.biscuitsolution.com\/pt\/wp-json\/wp\/v2\/comments?post=4769"}],"version-history":[{"count":1,"href":"https:\/\/www.biscuitsolution.com\/pt\/wp-json\/wp\/v2\/product\/4769\/revisions"}],"predecessor-version":[{"id":4774,"href":"https:\/\/www.biscuitsolution.com\/pt\/wp-json\/wp\/v2\/product\/4769\/revisions\/4774"}],"wp:featuredmedia":[{"embeddable":true,"href":"https:\/\/www.biscuitsolution.com\/pt\/wp-json\/wp\/v2\/media\/4773"}],"wp:attachment":[{"href":"https:\/\/www.biscuitsolution.com\/pt\/wp-json\/wp\/v2\/media?parent=4769"}],"wp:term":[{"taxonomy":"product_brand","embeddable":true,"href":"https:\/\/www.biscuitsolution.com\/pt\/wp-json\/wp\/v2\/product_brand?post=4769"},{"taxonomy":"product_cat","embeddable":true,"href":"https:\/\/www.biscuitsolution.com\/pt\/wp-json\/wp\/v2\/product_cat?post=4769"},{"taxonomy":"product_tag","embeddable":true,"href":"https:\/\/www.biscuitsolution.com\/pt\/wp-json\/wp\/v2\/product_tag?post=4769"}],"curies":[{"name":"wp","href":"https:\/\/api.w.org\/{rel}","templated":true}]}}