{"id":4734,"date":"2025-02-19T10:29:09","date_gmt":"2025-02-19T10:29:09","guid":{"rendered":"https:\/\/www.biscuitsolution.com\/?post_type=product&#038;p=4734"},"modified":"2025-02-19T10:29:10","modified_gmt":"2025-02-19T10:29:10","slug":"industrial-kurabiye-cookie-making-machine-efficient","status":"publish","type":"product","link":"https:\/\/www.biscuitsolution.com\/pt\/produto\/industrial-kurabiye-cookie-making-machine-efficient\/","title":{"rendered":"M\u00e1quina industrial de fabrica\u00e7\u00e3o de biscoitos Kurabiye eficiente"},"content":{"rendered":"<p>O <strong>M\u00e1quina industrial de fabrica\u00e7\u00e3o de biscoitos Kurabiye<\/strong> \u00e9 uma ferramenta de produ\u00e7\u00e3o altamente eficiente, especificamente adaptada para a fabrica\u00e7\u00e3o em larga escala de biscoitos Kurabiye. Ela \u00e9 capaz de produzir biscoitos em uma ampla variedade de sabores e formatos, atendendo \u00e0s diversas prefer\u00eancias dos consumidores e, como resultado, aumentando a competitividade do produto no mercado.<\/p>\n<p><img fetchpriority=\"high\" decoding=\"async\" class=\"alignnone size-full wp-image-4735\" src=\"https:\/\/www.biscuitsolution.com\/wp-content\/uploads\/2025\/02\/kurabiye-cookie-making-machine.jpg\" alt=\"M\u00e1quina industrial de fabrica\u00e7\u00e3o de biscoitos kurabiye\" width=\"800\" height=\"450\" srcset=\"https:\/\/www.biscuitsolution.com\/wp-content\/uploads\/2025\/02\/kurabiye-cookie-making-machine.jpg 800w, https:\/\/www.biscuitsolution.com\/wp-content\/uploads\/2025\/02\/kurabiye-cookie-making-machine-600x338.jpg 600w, https:\/\/www.biscuitsolution.com\/wp-content\/uploads\/2025\/02\/kurabiye-cookie-making-machine-300x169.jpg 300w, https:\/\/www.biscuitsolution.com\/wp-content\/uploads\/2025\/02\/kurabiye-cookie-making-machine-768x432.jpg 768w\" sizes=\"(max-width: 800px) 100vw, 800px\" \/><\/p>\n<h2>Princ\u00edpio de funcionamento da m\u00e1quina industrial de fabrica\u00e7\u00e3o de biscoitos Kurabiye<\/h2>\n<ol>\n<li>Forma\u00e7\u00e3o da massa: A massa \u00e9 processada no formato dos biscoitos Kurabiye por um molde, um dispositivo de corte ou uma extrusora. Por exemplo, um molde rotativo pode pressionar a massa em um formato espec\u00edfico e, em seguida, cort\u00e1-la; uma extrusora pode extrudar a massa de um bocal para formar embri\u00f5es de biscoitos de v\u00e1rios formatos.<\/li>\n<li>Enchimento de recheio: Para biscoitos Kurabiye com recheios, a m\u00e1quina \u00e9 equipada com um sistema de enchimento de recheio. O recheio \u00e9 extrudado quantitativamente no embri\u00e3o do biscoito. Recheios comuns, como calda de chocolate, geleia, nozes picadas etc., podem ser controlados com precis\u00e3o em termos de quantidade e posi\u00e7\u00e3o do recheio.<\/li>\n<li>Est\u00e1gio de cozimento: A m\u00e1quina de fabrica\u00e7\u00e3o \u00e9 conectada a um equipamento de cozimento, como um forno de t\u00fanel ou um forno rotativo. O embri\u00e3o do biscoito \u00e9 assado no forno por tempo e temperatura adequados para dar forma, cor e obter o sabor desejado do biscoito.<\/li>\n<\/ol>\n<p><img decoding=\"async\" class=\"alignnone size-full wp-image-4736\" src=\"https:\/\/www.biscuitsolution.com\/wp-content\/uploads\/2025\/02\/kurabiye-cookie-machine.jpg\" alt=\"M\u00e1quina para fabrica\u00e7\u00e3o de biscoitos kurabiye\" width=\"800\" height=\"450\" srcset=\"https:\/\/www.biscuitsolution.com\/wp-content\/uploads\/2025\/02\/kurabiye-cookie-machine.jpg 800w, https:\/\/www.biscuitsolution.com\/wp-content\/uploads\/2025\/02\/kurabiye-cookie-machine-600x338.jpg 600w, https:\/\/www.biscuitsolution.com\/wp-content\/uploads\/2025\/02\/kurabiye-cookie-machine-300x169.jpg 300w, https:\/\/www.biscuitsolution.com\/wp-content\/uploads\/2025\/02\/kurabiye-cookie-machine-768x432.jpg 768w\" sizes=\"(max-width: 800px) 100vw, 800px\" \/><\/p>\n<h2>Caracter\u00edsticas de desempenho da m\u00e1quina de fazer biscoitos Kurabiye<\/h2>\n<ol>\n<li>Alta efici\u00eancia de produ\u00e7\u00e3o: milhares ou at\u00e9 mais cookies Kurabiye podem ser produzidos por hora para atender \u00e0s necessidades da produ\u00e7\u00e3o em larga escala, melhorar a efici\u00eancia da produ\u00e7\u00e3o e reduzir os custos de m\u00e3o de obra.<\/li>\n<li>Qualidade est\u00e1vel do produto: O peso, a espessura, o formato e o grau de cozimento dos biscoitos podem ser controlados com precis\u00e3o para garantir a qualidade e o sabor consistentes de cada biscoito Kurabiye e melhorar a estabilidade da qualidade do produto.<\/li>\n<li>Flexibilidade: Simplesmente trocando os moldes ou ajustando as configura\u00e7\u00f5es, a m\u00e1quina pode produzir biscoitos Kurabiye em v\u00e1rios formatos, tamanhos e sabores. Ela tamb\u00e9m se integra perfeitamente a outros equipamentos para processos de produ\u00e7\u00e3o abrangentes, incluindo mistura de massa, prepara\u00e7\u00e3o de recheio e embalagem.<\/li>\n<li>F\u00e1cil de usar: a m\u00e1quina industrial de fabrica\u00e7\u00e3o de biscoitos Kurabiye apresenta um sistema de controle avan\u00e7ado com uma interface intuitiva. Os operadores podem dominar rapidamente suas fun\u00e7\u00f5es ap\u00f3s um treinamento m\u00ednimo, reduzindo a complexidade e a possibilidade de erros associados \u00e0s opera\u00e7\u00f5es manuais.<\/li>\n<li>Higi\u00eanica e segura: Constru\u00edda com materiais de grau aliment\u00edcio, a m\u00e1quina atende a rigorosos padr\u00f5es de higiene. Seu design f\u00e1cil de limpar garante que o processo de produ\u00e7\u00e3o permane\u00e7a higi\u00eanico e seguro, protegendo a qualidade dos biscoitos.<\/li>\n<\/ol>\n<p><img decoding=\"async\" class=\"alignnone size-full wp-image-4737\" src=\"https:\/\/www.biscuitsolution.com\/wp-content\/uploads\/2025\/02\/industrial-kurabiye-cookie-making-machine.jpg\" alt=\"M\u00e1quina para fabrica\u00e7\u00e3o de biscoitos kurabiye\" width=\"800\" height=\"450\" srcset=\"https:\/\/www.biscuitsolution.com\/wp-content\/uploads\/2025\/02\/industrial-kurabiye-cookie-making-machine.jpg 800w, https:\/\/www.biscuitsolution.com\/wp-content\/uploads\/2025\/02\/industrial-kurabiye-cookie-making-machine-600x338.jpg 600w, https:\/\/www.biscuitsolution.com\/wp-content\/uploads\/2025\/02\/industrial-kurabiye-cookie-making-machine-300x169.jpg 300w, https:\/\/www.biscuitsolution.com\/wp-content\/uploads\/2025\/02\/industrial-kurabiye-cookie-making-machine-768x432.jpg 768w\" sizes=\"(max-width: 800px) 100vw, 800px\" \/><\/p>\n<h2>Cen\u00e1rios aplic\u00e1veis<\/h2>\n<p>Essa m\u00e1quina de fabrica\u00e7\u00e3o de biscoitos Kurabiye n\u00e3o \u00e9 apenas adequada para produ\u00e7\u00e3o comercial em larga escala, mas tamb\u00e9m pode ser personalizada de acordo com as necessidades do cliente. Ela \u00e9 adequada para pequenas e m\u00e9dias empresas ou grandes f\u00e1bricas de processamento de alimentos.<\/p>\n<p>Para obter mais informa\u00e7\u00f5es ou comprar, \u00e9 recomend\u00e1vel entrar em contato com nossos fabricantes profissionais para obter suporte t\u00e9cnico e servi\u00e7os detalhados.<\/p>\n<div class=\"ast-oembed-container\" style=\"height: 100%;\"><iframe title=\"M\u00e1quina industrial de fabrica\u00e7\u00e3o de biscoitos Kurabiye autom\u00e1tica 1000kg\/h\" width=\"500\" height=\"281\" src=\"https:\/\/www.youtube.com\/embed\/Pq9pCycFrxQ?feature=oembed\" frameborder=\"0\" allow=\"accelerometer; autoplay; clipboard-write; encrypted-media; gyroscope; picture-in-picture; web-share\" referrerpolicy=\"strict-origin-when-cross-origin\" allowfullscreen><\/iframe><\/div>\n<h2>Deixe uma mensagem para obter uma cota\u00e7\u00e3o<\/h2>\n\n<div class=\"wpcf7 no-js\" id=\"wpcf7-f4619-o1\" lang=\"en-US\" dir=\"ltr\" data-wpcf7-id=\"4619\">\n<div class=\"screen-reader-response\"><p role=\"status\" aria-live=\"polite\" aria-atomic=\"true\"><\/p> <ul><\/ul><\/div>\n<form action=\"\/pt\/wp-json\/wp\/v2\/product\/4734#wpcf7-f4619-o1\" method=\"post\" class=\"wpcf7-form init\" aria-label=\"Formul\u00e1rio de contato\" novalidate=\"novalidate\" data-status=\"init\" data-trp-original-action=\"\/pt\/wp-json\/wp\/v2\/product\/4734#wpcf7-f4619-o1\">\n<div style=\"display: none;\">\n<input type=\"hidden\" name=\"_wpcf7\" value=\"4619\" \/>\n<input type=\"hidden\" name=\"_wpcf7_version\" value=\"6.0.4\" \/>\n<input type=\"hidden\" name=\"_wpcf7_locale\" value=\"en_US\" \/>\n<input type=\"hidden\" name=\"_wpcf7_unit_tag\" value=\"wpcf7-f4619-o1\" \/>\n<input type=\"hidden\" name=\"_wpcf7_container_post\" value=\"0\" \/>\n<input type=\"hidden\" name=\"_wpcf7_posted_data_hash\" value=\"\" \/>\n<\/div>\n<p><label> Seu nome*<br \/>\n<span class=\"wpcf7-form-control-wrap\" data-name=\"your-name\"><input size=\"40\" maxlength=\"400\" class=\"wpcf7-form-control wpcf7-text wpcf7-validates-as-required\" aria-required=\"true\" aria-invalid=\"false\" value=\"\" type=\"text\" name=\"your-name\" \/><\/span> <\/label>\n<\/p>\n<p><label> Seu pa\u00eds<br \/>\n<span class=\"wpcf7-form-control-wrap\" data-name=\"your-country\"><input size=\"40\" maxlength=\"400\" class=\"wpcf7-form-control wpcf7-text\" aria-invalid=\"false\" value=\"\" type=\"text\" name=\"your-country\" \/><\/span><\/label>\n<\/p>\n<p><label> Seu e-mail*<br \/>\n<span class=\"wpcf7-form-control-wrap\" data-name=\"your-email\"><input size=\"40\" maxlength=\"400\" class=\"wpcf7-form-control wpcf7-email wpcf7-validates-as-required wpcf7-text wpcf7-validates-as-email\" aria-required=\"true\" aria-invalid=\"false\" value=\"\" type=\"email\" name=\"your-email\" \/><\/span> <\/label>\n<\/p>\n<p><label> Seu telefone<br \/>\n<span class=\"wpcf7-form-control-wrap\" data-name=\"your-phone\"><input size=\"40\" maxlength=\"400\" class=\"wpcf7-form-control wpcf7-tel wpcf7-text wpcf7-validates-as-tel\" aria-invalid=\"false\" value=\"\" type=\"tel\" name=\"your-phone\" \/><\/span> <\/label>\n<\/p>\n<p><label> Nome de sua empresa<br \/>\n<span class=\"wpcf7-form-control-wrap\" data-name=\"text-457\"><input size=\"40\" maxlength=\"400\" class=\"wpcf7-form-control wpcf7-text\" aria-invalid=\"false\" value=\"\" type=\"text\" name=\"text-457\" \/><\/span> <\/label>\n<\/p>\n<p><label> Site de sua empresa<br \/>\n<span class=\"wpcf7-form-control-wrap\" data-name=\"text-546\"><input size=\"40\" maxlength=\"400\" class=\"wpcf7-form-control wpcf7-text\" aria-invalid=\"false\" value=\"\" type=\"text\" name=\"text-546\" \/><\/span> <\/label>\n<\/p>\n<p><label> Seu requisito*<br \/>\n<span class=\"wpcf7-form-control-wrap\" data-name=\"your-message\"><textarea cols=\"40\" rows=\"10\" maxlength=\"2000\" class=\"wpcf7-form-control wpcf7-textarea wpcf7-validates-as-required\" aria-required=\"true\" aria-invalid=\"false\" name=\"your-message\"><\/textarea><\/span> <\/label>\n<\/p>\n<p><input class=\"wpcf7-form-control wpcf7-submit has-spinner\" type=\"submit\" value=\"Enviar\" \/>\n<\/p><p style=\"display: none !important;\" class=\"akismet-fields-container\" data-prefix=\"_wpcf7_ak_\"><label>&#916;<textarea name=\"_wpcf7_ak_hp_textarea\" cols=\"45\" rows=\"8\" maxlength=\"100\"><\/textarea><\/label><input type=\"hidden\" id=\"ak_js_1\" name=\"_wpcf7_ak_js\" value=\"58\"\/><script>document.getElementById( \"ak_js_1\" ).setAttribute( \"value\", ( new Date() ).getTime() );<\/script><\/p><div class=\"wpcf7-response-output\" aria-hidden=\"true\"><\/div>\n<input type=\"hidden\" name=\"trp-form-language\" value=\"pt\"\/><\/form>\n<\/div>\n\n<p>&nbsp;<\/p>\n<div style='text-align:left' class='yasr-auto-insert-visitor'><\/div>","protected":false},"excerpt":{"rendered":"<p>Marca: GELGOOG<\/p>\n<p>E-mail: shanna@machinehall.com<\/p>\n<p>Tel: +8618638676709<\/p>\n<p>Aplica\u00e7\u00e3o: biscoito kurabiye e biscoito macio.<\/p>\n<p>Tens\u00e3o: 380V<\/p>\n<p>Capacity\uff1a100kg\/h-1000kg\/h<\/p>","protected":false},"featured_media":4738,"comment_status":"open","ping_status":"closed","template":"","meta":{"site-sidebar-layout":"default","site-content-layout":"","ast-site-content-layout":"default","site-content-style":"default","site-sidebar-style":"default","ast-global-header-display":"","ast-banner-title-visibility":"","ast-main-header-display":"","ast-hfb-above-header-display":"","ast-hfb-below-header-display":"","ast-hfb-mobile-header-display":"","site-post-title":"","ast-breadcrumbs-content":"","ast-featured-img":"","footer-sml-layout":"","theme-transparent-header-meta":"default","adv-header-id-meta":"","stick-header-meta":"","header-above-stick-meta":"","header-main-stick-meta":"","header-below-stick-meta":"","astra-migrate-meta-layouts":"set","ast-page-background-enabled":"default","ast-page-background-meta":{"desktop":{"background-color":"","background-image":"","background-repeat":"repeat","background-position":"center center","background-size":"auto","background-attachment":"scroll","background-type":"","background-media":"","overlay-type":"","overlay-color":"","overlay-opacity":"","overlay-gradient":""},"tablet":{"background-color":"","background-image":"","background-repeat":"repeat","background-position":"center center","background-size":"auto","background-attachment":"scroll","background-type":"","background-media":"","overlay-type":"","overlay-color":"","overlay-opacity":"","overlay-gradient":""},"mobile":{"background-color":"","background-image":"","background-repeat":"repeat","background-position":"center center","background-size":"auto","background-attachment":"scroll","background-type":"","background-media":"","overlay-type":"","overlay-color":"","overlay-opacity":"","overlay-gradient":""}},"ast-content-background-meta":{"desktop":{"background-color":"var(--ast-global-color-5)","background-image":"","background-repeat":"repeat","background-position":"center center","background-size":"auto","background-attachment":"scroll","background-type":"","background-media":"","overlay-type":"","overlay-color":"","overlay-opacity":"","overlay-gradient":""},"tablet":{"background-color":"var(--ast-global-color-5)","background-image":"","background-repeat":"repeat","background-position":"center center","background-size":"auto","background-attachment":"scroll","background-type":"","background-media":"","overlay-type":"","overlay-color":"","overlay-opacity":"","overlay-gradient":""},"mobile":{"background-color":"var(--ast-global-color-5)","background-image":"","background-repeat":"repeat","background-position":"center center","background-size":"auto","background-attachment":"scroll","background-type":"","background-media":"","overlay-type":"","overlay-color":"","overlay-opacity":"","overlay-gradient":""}},"yasr_overall_rating":0,"yasr_post_is_review":"","yasr_auto_insert_disabled":"","yasr_review_type":""},"product_brand":[],"product_cat":[24],"product_tag":[],"class_list":{"0":"post-4734","1":"product","2":"type-product","3":"status-publish","4":"has-post-thumbnail","6":"product_cat-cookie-production-line","7":"desktop-align-left","8":"tablet-align-left","9":"mobile-align-left","11":"first","12":"instock","13":"shipping-taxable","14":"product-type-simple"},"yoast_head":"<!-- This site is optimized with the Yoast SEO plugin v24.4 - https:\/\/yoast.com\/wordpress\/plugins\/seo\/ -->\n<title>Industrial Kurabiye Cookie Making Machine Efficient - Biscuit Production Solution Manufacturer<\/title>\n<meta name=\"description\" content=\"Industrial Kurabiye cookie production machine is an efficient equipment that can produce cookies in a variety of flavors and shapes to meet different needs.\" \/>\n<meta name=\"robots\" content=\"index, follow, max-snippet:-1, max-image-preview:large, max-video-preview:-1\" \/>\n<link rel=\"canonical\" href=\"https:\/\/www.biscuitsolution.com\/pt\/produto\/industrial-kurabiye-cookie-making-machine-efficient\/\" \/>\n<meta property=\"og:locale\" content=\"pt_BR\" \/>\n<meta property=\"og:type\" content=\"article\" \/>\n<meta property=\"og:title\" content=\"Industrial Kurabiye Cookie Making Machine Efficient - Biscuit Production Solution Manufacturer\" \/>\n<meta property=\"og:description\" content=\"Industrial Kurabiye cookie production machine is an efficient equipment that can produce cookies in a variety of flavors and shapes to meet different needs.\" \/>\n<meta property=\"og:url\" content=\"https:\/\/www.biscuitsolution.com\/pt\/produto\/industrial-kurabiye-cookie-making-machine-efficient\/\" \/>\n<meta property=\"og:site_name\" content=\"Biscuit Production Solution Manufacturer\" \/>\n<meta property=\"article:publisher\" content=\"https:\/\/www.facebook.com\/profile.php?id=100095205040823\" \/>\n<meta property=\"article:modified_time\" content=\"2025-02-19T10:29:10+00:00\" \/>\n<meta property=\"og:image\" content=\"https:\/\/www.biscuitsolution.com\/wp-content\/uploads\/2025\/02\/\u4e3b\u56fe-10.jpg\" \/>\n\t<meta property=\"og:image:width\" content=\"600\" \/>\n\t<meta property=\"og:image:height\" content=\"600\" \/>\n\t<meta property=\"og:image:type\" content=\"image\/jpeg\" \/>\n<meta name=\"twitter:card\" content=\"summary_large_image\" \/>\n<meta name=\"twitter:site\" content=\"@shanna_zha26342\" \/>\n<meta name=\"twitter:label1\" content=\"Est. tempo de leitura\" \/>\n\t<meta name=\"twitter:data1\" content=\"3 minutos\" \/>\n<script type=\"application\/ld+json\" class=\"yoast-schema-graph\">{\"@context\":\"https:\/\/schema.org\",\"@graph\":[{\"@type\":\"WebPage\",\"@id\":\"https:\/\/www.biscuitsolution.com\/product\/industrial-kurabiye-cookie-making-machine-efficient\/\",\"url\":\"https:\/\/www.biscuitsolution.com\/product\/industrial-kurabiye-cookie-making-machine-efficient\/\",\"name\":\"Industrial Kurabiye Cookie Making Machine Efficient - Biscuit Production Solution Manufacturer\",\"isPartOf\":{\"@id\":\"https:\/\/www.biscuitsolution.com\/#website\"},\"primaryImageOfPage\":{\"@id\":\"https:\/\/www.biscuitsolution.com\/product\/industrial-kurabiye-cookie-making-machine-efficient\/#primaryimage\"},\"image\":{\"@id\":\"https:\/\/www.biscuitsolution.com\/product\/industrial-kurabiye-cookie-making-machine-efficient\/#primaryimage\"},\"thumbnailUrl\":\"https:\/\/www.biscuitsolution.com\/wp-content\/uploads\/2025\/02\/\u4e3b\u56fe-10.jpg\",\"datePublished\":\"2025-02-19T10:29:09+00:00\",\"dateModified\":\"2025-02-19T10:29:10+00:00\",\"description\":\"Industrial Kurabiye cookie production machine is an efficient equipment that can produce cookies in a variety of flavors and shapes to meet different needs.\",\"breadcrumb\":{\"@id\":\"https:\/\/www.biscuitsolution.com\/product\/industrial-kurabiye-cookie-making-machine-efficient\/#breadcrumb\"},\"inLanguage\":\"pt-BR\",\"potentialAction\":[{\"@type\":\"ReadAction\",\"target\":[\"https:\/\/www.biscuitsolution.com\/product\/industrial-kurabiye-cookie-making-machine-efficient\/\"]}]},{\"@type\":\"ImageObject\",\"inLanguage\":\"pt-BR\",\"@id\":\"https:\/\/www.biscuitsolution.com\/product\/industrial-kurabiye-cookie-making-machine-efficient\/#primaryimage\",\"url\":\"https:\/\/www.biscuitsolution.com\/wp-content\/uploads\/2025\/02\/\u4e3b\u56fe-10.jpg\",\"contentUrl\":\"https:\/\/www.biscuitsolution.com\/wp-content\/uploads\/2025\/02\/\u4e3b\u56fe-10.jpg\",\"width\":600,\"height\":600,\"caption\":\"industrial kurabiye cookie making machine\"},{\"@type\":\"BreadcrumbList\",\"@id\":\"https:\/\/www.biscuitsolution.com\/product\/industrial-kurabiye-cookie-making-machine-efficient\/#breadcrumb\",\"itemListElement\":[{\"@type\":\"ListItem\",\"position\":1,\"name\":\"Home\",\"item\":\"https:\/\/www.biscuitsolution.com\/\"},{\"@type\":\"ListItem\",\"position\":2,\"name\":\"Product\",\"item\":\"https:\/\/www.biscuitsolution.com\/product\/\"},{\"@type\":\"ListItem\",\"position\":3,\"name\":\"Industrial Kurabiye Cookie Making Machine Efficient\"}]},{\"@type\":\"WebSite\",\"@id\":\"https:\/\/www.biscuitsolution.com\/#website\",\"url\":\"https:\/\/www.biscuitsolution.com\/\",\"name\":\"Biscuit Production Solution Manufacturer\",\"description\":\"\",\"potentialAction\":[{\"@type\":\"SearchAction\",\"target\":{\"@type\":\"EntryPoint\",\"urlTemplate\":\"https:\/\/www.biscuitsolution.com\/?s={search_term_string}\"},\"query-input\":{\"@type\":\"PropertyValueSpecification\",\"valueRequired\":true,\"valueName\":\"search_term_string\"}}],\"inLanguage\":\"pt-BR\"},false]}<\/script>\n<!-- \/ Yoast SEO plugin. -->","yoast_head_json":{"title":"M\u00e1quina industrial de fabrica\u00e7\u00e3o de biscoitos Kurabiye eficiente - Fabricante de solu\u00e7\u00f5es de produ\u00e7\u00e3o de biscoitos","description":"A m\u00e1quina industrial de produ\u00e7\u00e3o de biscoitos Kurabiye \u00e9 um equipamento eficiente que pode produzir biscoitos em uma variedade de sabores e formatos para atender a diferentes necessidades.","robots":{"index":"index","follow":"follow","max-snippet":"max-snippet:-1","max-image-preview":"max-image-preview:large","max-video-preview":"max-video-preview:-1"},"canonical":"https:\/\/www.biscuitsolution.com\/pt\/produto\/industrial-kurabiye-cookie-making-machine-efficient\/","og_locale":"pt_BR","og_type":"article","og_title":"Industrial Kurabiye Cookie Making Machine Efficient - Biscuit Production Solution Manufacturer","og_description":"Industrial Kurabiye cookie production machine is an efficient equipment that can produce cookies in a variety of flavors and shapes to meet different needs.","og_url":"https:\/\/www.biscuitsolution.com\/pt\/produto\/industrial-kurabiye-cookie-making-machine-efficient\/","og_site_name":"Biscuit Production Solution Manufacturer","article_publisher":"https:\/\/www.facebook.com\/profile.php?id=100095205040823","article_modified_time":"2025-02-19T10:29:10+00:00","og_image":[{"width":600,"height":600,"url":"https:\/\/www.biscuitsolution.com\/wp-content\/uploads\/2025\/02\/\u4e3b\u56fe-10.jpg","type":"image\/jpeg"}],"twitter_card":"summary_large_image","twitter_site":"@shanna_zha26342","twitter_misc":{"Est. tempo de leitura":"3 minutos"},"schema":{"@context":"https:\/\/schema.org","@graph":[{"@type":"WebPage","@id":"https:\/\/www.biscuitsolution.com\/product\/industrial-kurabiye-cookie-making-machine-efficient\/","url":"https:\/\/www.biscuitsolution.com\/product\/industrial-kurabiye-cookie-making-machine-efficient\/","name":"M\u00e1quina industrial de fabrica\u00e7\u00e3o de biscoitos Kurabiye eficiente - Fabricante de solu\u00e7\u00f5es de produ\u00e7\u00e3o de biscoitos","isPartOf":{"@id":"https:\/\/www.biscuitsolution.com\/#website"},"primaryImageOfPage":{"@id":"https:\/\/www.biscuitsolution.com\/product\/industrial-kurabiye-cookie-making-machine-efficient\/#primaryimage"},"image":{"@id":"https:\/\/www.biscuitsolution.com\/product\/industrial-kurabiye-cookie-making-machine-efficient\/#primaryimage"},"thumbnailUrl":"https:\/\/www.biscuitsolution.com\/wp-content\/uploads\/2025\/02\/\u4e3b\u56fe-10.jpg","datePublished":"2025-02-19T10:29:09+00:00","dateModified":"2025-02-19T10:29:10+00:00","description":"A m\u00e1quina industrial de produ\u00e7\u00e3o de biscoitos Kurabiye \u00e9 um equipamento eficiente que pode produzir biscoitos em uma variedade de sabores e formatos para atender a diferentes necessidades.","breadcrumb":{"@id":"https:\/\/www.biscuitsolution.com\/product\/industrial-kurabiye-cookie-making-machine-efficient\/#breadcrumb"},"inLanguage":"pt-BR","potentialAction":[{"@type":"ReadAction","target":["https:\/\/www.biscuitsolution.com\/product\/industrial-kurabiye-cookie-making-machine-efficient\/"]}]},{"@type":"ImageObject","inLanguage":"pt-BR","@id":"https:\/\/www.biscuitsolution.com\/product\/industrial-kurabiye-cookie-making-machine-efficient\/#primaryimage","url":"https:\/\/www.biscuitsolution.com\/wp-content\/uploads\/2025\/02\/\u4e3b\u56fe-10.jpg","contentUrl":"https:\/\/www.biscuitsolution.com\/wp-content\/uploads\/2025\/02\/\u4e3b\u56fe-10.jpg","width":600,"height":600,"caption":"industrial kurabiye cookie making machine"},{"@type":"BreadcrumbList","@id":"https:\/\/www.biscuitsolution.com\/product\/industrial-kurabiye-cookie-making-machine-efficient\/#breadcrumb","itemListElement":[{"@type":"ListItem","position":1,"name":"Home","item":"https:\/\/www.biscuitsolution.com\/"},{"@type":"ListItem","position":2,"name":"Product","item":"https:\/\/www.biscuitsolution.com\/product\/"},{"@type":"ListItem","position":3,"name":"Industrial Kurabiye Cookie Making Machine Efficient"}]},{"@type":"WebSite","@id":"https:\/\/www.biscuitsolution.com\/#website","url":"https:\/\/www.biscuitsolution.com\/","name":"Fabricante de solu\u00e7\u00f5es para produ\u00e7\u00e3o de biscoitos","description":"","potentialAction":[{"@type":"SearchAction","target":{"@type":"EntryPoint","urlTemplate":"https:\/\/www.biscuitsolution.com\/?s={search_term_string}"},"query-input":{"@type":"PropertyValueSpecification","valueRequired":true,"valueName":"search_term_string"}}],"inLanguage":"pt-BR"},false]}},"yasr_visitor_votes":{"stars_attributes":{"read_only":false,"span_bottom":false},"number_of_votes":0,"sum_votes":0},"_links":{"self":[{"href":"https:\/\/www.biscuitsolution.com\/pt\/wp-json\/wp\/v2\/product\/4734","targetHints":{"allow":["GET"]}}],"collection":[{"href":"https:\/\/www.biscuitsolution.com\/pt\/wp-json\/wp\/v2\/product"}],"about":[{"href":"https:\/\/www.biscuitsolution.com\/pt\/wp-json\/wp\/v2\/types\/product"}],"replies":[{"embeddable":true,"href":"https:\/\/www.biscuitsolution.com\/pt\/wp-json\/wp\/v2\/comments?post=4734"}],"version-history":[{"count":1,"href":"https:\/\/www.biscuitsolution.com\/pt\/wp-json\/wp\/v2\/product\/4734\/revisions"}],"predecessor-version":[{"id":4739,"href":"https:\/\/www.biscuitsolution.com\/pt\/wp-json\/wp\/v2\/product\/4734\/revisions\/4739"}],"wp:featuredmedia":[{"embeddable":true,"href":"https:\/\/www.biscuitsolution.com\/pt\/wp-json\/wp\/v2\/media\/4738"}],"wp:attachment":[{"href":"https:\/\/www.biscuitsolution.com\/pt\/wp-json\/wp\/v2\/media?parent=4734"}],"wp:term":[{"taxonomy":"product_brand","embeddable":true,"href":"https:\/\/www.biscuitsolution.com\/pt\/wp-json\/wp\/v2\/product_brand?post=4734"},{"taxonomy":"product_cat","embeddable":true,"href":"https:\/\/www.biscuitsolution.com\/pt\/wp-json\/wp\/v2\/product_cat?post=4734"},{"taxonomy":"product_tag","embeddable":true,"href":"https:\/\/www.biscuitsolution.com\/pt\/wp-json\/wp\/v2\/product_tag?post=4734"}],"curies":[{"name":"wp","href":"https:\/\/api.w.org\/{rel}","templated":true}]}}