{"id":4728,"date":"2025-02-19T10:17:01","date_gmt":"2025-02-19T10:17:01","guid":{"rendered":"https:\/\/www.biscuitsolution.com\/?post_type=product&#038;p=4728"},"modified":"2025-02-19T10:17:02","modified_gmt":"2025-02-19T10:17:02","slug":"oatmeal-cookies-making-machine-large-production","status":"publish","type":"product","link":"https:\/\/www.biscuitsolution.com\/pt\/produto\/oatmeal-cookies-making-machine-large-production\/","title":{"rendered":"M\u00e1quina para fabrica\u00e7\u00e3o de biscoitos de aveia Grande produ\u00e7\u00e3o"},"content":{"rendered":"<p>O <strong>M\u00e1quina de fazer biscoitos de aveia<\/strong> \u00e9 uma maravilha da moderna tecnologia de processamento de alimentos que permite a produ\u00e7\u00e3o eficiente e consistente desses deliciosos biscoitos.<\/p>\n<p><img fetchpriority=\"high\" decoding=\"async\" class=\"alignnone size-full wp-image-4729\" src=\"https:\/\/www.biscuitsolution.com\/wp-content\/uploads\/2025\/02\/oatmeal-cookies-making-machine-price.jpg\" alt=\"M\u00e1quina para fabrica\u00e7\u00e3o de biscoitos de aveia\" width=\"800\" height=\"450\" srcset=\"https:\/\/www.biscuitsolution.com\/wp-content\/uploads\/2025\/02\/oatmeal-cookies-making-machine-price.jpg 800w, https:\/\/www.biscuitsolution.com\/wp-content\/uploads\/2025\/02\/oatmeal-cookies-making-machine-price-600x338.jpg 600w, https:\/\/www.biscuitsolution.com\/wp-content\/uploads\/2025\/02\/oatmeal-cookies-making-machine-price-300x169.jpg 300w, https:\/\/www.biscuitsolution.com\/wp-content\/uploads\/2025\/02\/oatmeal-cookies-making-machine-price-768x432.jpg 768w\" sizes=\"(max-width: 800px) 100vw, 800px\" \/><\/p>\n<h2>Componentes principais da m\u00e1quina de fabrica\u00e7\u00e3o de biscoitos de aveia<\/h2>\n<ol>\n<li>Sistema de mistura de massa: Essa unidade combina todos os ingredientes nas propor\u00e7\u00f5es certas, acionada por um motor robusto que opera a p\u00e1 misturadora em velocidades ajust\u00e1veis. Isso garante a distribui\u00e7\u00e3o uniforme da aveia e alcan\u00e7a a consist\u00eancia desejada da massa.<\/li>\n<li>Transportador de massa: Projetado para transportar a massa levemente pegajosa sem alterar seu formato, a velocidade da esteira transportadora pode ser modificada para se alinhar ao ritmo geral de produ\u00e7\u00e3o da m\u00e1quina.<\/li>\n<li>Unidade de conforma\u00e7\u00e3o: V\u00e1rios mecanismos de forma\u00e7\u00e3o est\u00e3o dispon\u00edveis, sendo o sistema de forma\u00e7\u00e3o rotativo uma op\u00e7\u00e3o popular. Aqui, a massa \u00e9 for\u00e7ada a entrar em uma cavidade de molde rotativa usando um pist\u00e3o ou alimentador de parafuso.<\/li>\n<li>Forno: normalmente estruturado como um t\u00fanel com v\u00e1rias zonas de aquecimento, o forno assa cookies colocados em bandejas ou esteiras cont\u00ednuas. A temperatura e o fluxo de ar de cada zona de aquecimento podem ser regulados com precis\u00e3o.<\/li>\n<li>Sistema de resfriamento: Composto por um t\u00fanel de resfriamento ou uma s\u00e9rie de esteiras com ventiladores que sopram ar frio, esse sistema resfria rapidamente os biscoitos, fixando sua estrutura e obtendo a croc\u00e2ncia desejada.<\/li>\n<\/ol>\n<p><img decoding=\"async\" class=\"alignnone size-full wp-image-4730\" src=\"https:\/\/www.biscuitsolution.com\/wp-content\/uploads\/2025\/02\/oatmeal-cookies-making-machine.jpg\" alt=\"Pre\u00e7o da m\u00e1quina de fabrica\u00e7\u00e3o de biscoitos de aveia\" width=\"800\" height=\"450\" srcset=\"https:\/\/www.biscuitsolution.com\/wp-content\/uploads\/2025\/02\/oatmeal-cookies-making-machine.jpg 800w, https:\/\/www.biscuitsolution.com\/wp-content\/uploads\/2025\/02\/oatmeal-cookies-making-machine-600x338.jpg 600w, https:\/\/www.biscuitsolution.com\/wp-content\/uploads\/2025\/02\/oatmeal-cookies-making-machine-300x169.jpg 300w, https:\/\/www.biscuitsolution.com\/wp-content\/uploads\/2025\/02\/oatmeal-cookies-making-machine-768x432.jpg 768w\" sizes=\"(max-width: 800px) 100vw, 800px\" \/><\/p>\n<h2>Fatores que influenciam o pre\u00e7o das m\u00e1quinas de fabrica\u00e7\u00e3o de biscoitos de aveia<\/h2>\n<ul>\n<li>Capacidade de produ\u00e7\u00e3o: Um dos principais fatores que afetam o pre\u00e7o \u00e9 a capacidade de produ\u00e7\u00e3o da m\u00e1quina. As m\u00e1quinas projetadas para produ\u00e7\u00e3o de alto volume, como aquelas capazes de produzir milhares ou at\u00e9 dezenas de milhares de biscoitos de aveia por hora, normalmente t\u00eam um pre\u00e7o mais alto.<\/li>\n<li>Manuseio de mat\u00e9ria-prima: As m\u00e1quinas que podem processar grandes quantidades de mat\u00e9rias-primas simultaneamente tendem a custar mais. Isso se deve ao tamanho maior e \u00e0 maior demanda de material de componentes como o tanque de mistura e os potentes dispositivos de agita\u00e7\u00e3o, que aumentam os custos de fabrica\u00e7\u00e3o.<\/li>\n<li>Precis\u00e3o na forma\u00e7\u00e3o: A capacidade de moldar com precis\u00e3o a massa de biscoito de aveia em uma variedade de biscoitos complexos e altamente consistentes tamb\u00e9m afeta o pre\u00e7o. As m\u00e1quinas com recursos avan\u00e7ados de moldagem geralmente s\u00e3o mais caras.<\/li>\n<li>Qualidade da estrutura mec\u00e2nica: A durabilidade e a robustez da estrutura mec\u00e2nica geral da m\u00e1quina desempenham um papel significativo no pre\u00e7o. As m\u00e1quinas constru\u00eddas para suportar uma produ\u00e7\u00e3o de longo prazo e de alta intensidade com o m\u00ednimo de avarias e reparos geralmente t\u00eam pre\u00e7os mais altos.<\/li>\n<\/ul>\n<p><img decoding=\"async\" class=\"alignnone size-full wp-image-4731\" src=\"https:\/\/www.biscuitsolution.com\/wp-content\/uploads\/2025\/02\/oatmeal-cookies-machine-price.jpg\" alt=\"M\u00e1quina para fabrica\u00e7\u00e3o de biscoitos de aveia\" width=\"800\" height=\"450\" srcset=\"https:\/\/www.biscuitsolution.com\/wp-content\/uploads\/2025\/02\/oatmeal-cookies-machine-price.jpg 800w, https:\/\/www.biscuitsolution.com\/wp-content\/uploads\/2025\/02\/oatmeal-cookies-machine-price-600x338.jpg 600w, https:\/\/www.biscuitsolution.com\/wp-content\/uploads\/2025\/02\/oatmeal-cookies-machine-price-300x169.jpg 300w, https:\/\/www.biscuitsolution.com\/wp-content\/uploads\/2025\/02\/oatmeal-cookies-machine-price-768x432.jpg 768w\" sizes=\"(max-width: 800px) 100vw, 800px\" \/><\/p>\n<h2>Vantagens da m\u00e1quina de fazer biscoitos de aveia<\/h2>\n<ul>\n<li>Alto rendimento: Uma m\u00e1quina de fabrica\u00e7\u00e3o de biscoitos de tamanho m\u00e9dio pode produzir milhares de biscoitos de aveia por hora, o que \u00e9 fundamental para atender \u00e0 grande demanda do mercado, especialmente em ambientes comerciais, como supermercados, cadeias de padarias e atacado de alimentos.<\/li>\n<li>Opera\u00e7\u00e3o cont\u00ednua e est\u00e1vel: Essa m\u00e1quina pode funcionar continuamente por um longo per\u00edodo e, desde que a manuten\u00e7\u00e3o adequada e o fornecimento de mat\u00e9ria-prima sejam realizados, a produ\u00e7\u00e3o ininterrupta pode ser garantida.<\/li>\n<li>Moldagem e cozimento uniformes: A m\u00e1quina pode fornecer par\u00e2metros de processo uniformes no processo de moldagem e cozimento. Ela pode tornar a cor, o sabor e a textura dos biscoitos altamente consistentes, o que ajuda a construir a imagem da marca e a confian\u00e7a do consumidor.<\/li>\n<li>Vantagem da rela\u00e7\u00e3o custo-benef\u00edcio: O pre\u00e7o da m\u00e1quina de fabrica\u00e7\u00e3o de biscoitos de aveia \u00e9 muito vantajoso, e o projeto se concentra na efici\u00eancia energ\u00e9tica, o que pode economizar custos.<\/li>\n<li>Ajuste da diversidade de produtos: Essa m\u00e1quina tem alta flexibilidade e pode ajustar facilmente os par\u00e2metros de produ\u00e7\u00e3o para produzir biscoitos de aveia de diferentes formas, sabores e tamanhos.<\/li>\n<\/ul>\n<div class=\"ast-oembed-container\" style=\"height: 100%;\"><iframe title=\"Linha de produ\u00e7\u00e3o autom\u00e1tica de biscoitos para f\u00e1bricas de salgadinhos\" width=\"500\" height=\"281\" src=\"https:\/\/www.youtube.com\/embed\/lRPO7ysTJFI?feature=oembed\" frameborder=\"0\" allow=\"accelerometer; autoplay; clipboard-write; encrypted-media; gyroscope; picture-in-picture; web-share\" referrerpolicy=\"strict-origin-when-cross-origin\" allowfullscreen><\/iframe><\/div>\n<h2>Deixe uma mensagem para obter uma cota\u00e7\u00e3o<\/h2>\n\n<div class=\"wpcf7 no-js\" id=\"wpcf7-f4619-o1\" lang=\"en-US\" dir=\"ltr\" data-wpcf7-id=\"4619\">\n<div class=\"screen-reader-response\"><p role=\"status\" aria-live=\"polite\" aria-atomic=\"true\"><\/p> <ul><\/ul><\/div>\n<form action=\"\/pt\/wp-json\/wp\/v2\/product\/4728#wpcf7-f4619-o1\" method=\"post\" class=\"wpcf7-form init\" aria-label=\"Formul\u00e1rio de contato\" novalidate=\"novalidate\" data-status=\"init\" data-trp-original-action=\"\/pt\/wp-json\/wp\/v2\/product\/4728#wpcf7-f4619-o1\">\n<div style=\"display: none;\">\n<input type=\"hidden\" name=\"_wpcf7\" value=\"4619\" \/>\n<input type=\"hidden\" name=\"_wpcf7_version\" value=\"6.0.4\" \/>\n<input type=\"hidden\" name=\"_wpcf7_locale\" value=\"en_US\" \/>\n<input type=\"hidden\" name=\"_wpcf7_unit_tag\" value=\"wpcf7-f4619-o1\" \/>\n<input type=\"hidden\" name=\"_wpcf7_container_post\" value=\"0\" \/>\n<input type=\"hidden\" name=\"_wpcf7_posted_data_hash\" value=\"\" \/>\n<\/div>\n<p><label> Seu nome*<br \/>\n<span class=\"wpcf7-form-control-wrap\" data-name=\"your-name\"><input size=\"40\" maxlength=\"400\" class=\"wpcf7-form-control wpcf7-text wpcf7-validates-as-required\" aria-required=\"true\" aria-invalid=\"false\" value=\"\" type=\"text\" name=\"your-name\" \/><\/span> <\/label>\n<\/p>\n<p><label> Seu pa\u00eds<br \/>\n<span class=\"wpcf7-form-control-wrap\" data-name=\"your-country\"><input size=\"40\" maxlength=\"400\" class=\"wpcf7-form-control wpcf7-text\" aria-invalid=\"false\" value=\"\" type=\"text\" name=\"your-country\" \/><\/span><\/label>\n<\/p>\n<p><label> Seu e-mail*<br \/>\n<span class=\"wpcf7-form-control-wrap\" data-name=\"your-email\"><input size=\"40\" maxlength=\"400\" class=\"wpcf7-form-control wpcf7-email wpcf7-validates-as-required wpcf7-text wpcf7-validates-as-email\" aria-required=\"true\" aria-invalid=\"false\" value=\"\" type=\"email\" name=\"your-email\" \/><\/span> <\/label>\n<\/p>\n<p><label> Seu telefone<br \/>\n<span class=\"wpcf7-form-control-wrap\" data-name=\"your-phone\"><input size=\"40\" maxlength=\"400\" class=\"wpcf7-form-control wpcf7-tel wpcf7-text wpcf7-validates-as-tel\" aria-invalid=\"false\" value=\"\" type=\"tel\" name=\"your-phone\" \/><\/span> <\/label>\n<\/p>\n<p><label> Nome de sua empresa<br \/>\n<span class=\"wpcf7-form-control-wrap\" data-name=\"text-457\"><input size=\"40\" maxlength=\"400\" class=\"wpcf7-form-control wpcf7-text\" aria-invalid=\"false\" value=\"\" type=\"text\" name=\"text-457\" \/><\/span> <\/label>\n<\/p>\n<p><label> Site de sua empresa<br \/>\n<span class=\"wpcf7-form-control-wrap\" data-name=\"text-546\"><input size=\"40\" maxlength=\"400\" class=\"wpcf7-form-control wpcf7-text\" aria-invalid=\"false\" value=\"\" type=\"text\" name=\"text-546\" \/><\/span> <\/label>\n<\/p>\n<p><label> Seu requisito*<br \/>\n<span class=\"wpcf7-form-control-wrap\" data-name=\"your-message\"><textarea cols=\"40\" rows=\"10\" maxlength=\"2000\" class=\"wpcf7-form-control wpcf7-textarea wpcf7-validates-as-required\" aria-required=\"true\" aria-invalid=\"false\" name=\"your-message\"><\/textarea><\/span> <\/label>\n<\/p>\n<p><input class=\"wpcf7-form-control wpcf7-submit has-spinner\" type=\"submit\" value=\"Enviar\" \/>\n<\/p><p style=\"display: none !important;\" class=\"akismet-fields-container\" data-prefix=\"_wpcf7_ak_\"><label>&#916;<textarea name=\"_wpcf7_ak_hp_textarea\" cols=\"45\" rows=\"8\" maxlength=\"100\"><\/textarea><\/label><input type=\"hidden\" id=\"ak_js_1\" name=\"_wpcf7_ak_js\" value=\"153\"\/><script>document.getElementById( \"ak_js_1\" ).setAttribute( \"value\", ( new Date() ).getTime() );<\/script><\/p><div class=\"wpcf7-response-output\" aria-hidden=\"true\"><\/div>\n<input type=\"hidden\" name=\"trp-form-language\" value=\"pt\"\/><\/form>\n<\/div>\n\n<div style='text-align:left' class='yasr-auto-insert-visitor'><\/div>","protected":false},"excerpt":{"rendered":"<p>Marca: GELGOOG<\/p>\n<p>Tens\u00e3o: 380V<\/p>\n<p>Capacity\uff1a100kg\/h-1000kg\/h<\/p>\n<p>E-mail: shanna@machinehall.com<\/p>\n<p>Tel: +8618638676709<\/p>","protected":false},"featured_media":4732,"comment_status":"open","ping_status":"closed","template":"","meta":{"site-sidebar-layout":"default","site-content-layout":"","ast-site-content-layout":"default","site-content-style":"default","site-sidebar-style":"default","ast-global-header-display":"","ast-banner-title-visibility":"","ast-main-header-display":"","ast-hfb-above-header-display":"","ast-hfb-below-header-display":"","ast-hfb-mobile-header-display":"","site-post-title":"","ast-breadcrumbs-content":"","ast-featured-img":"","footer-sml-layout":"","theme-transparent-header-meta":"default","adv-header-id-meta":"","stick-header-meta":"","header-above-stick-meta":"","header-main-stick-meta":"","header-below-stick-meta":"","astra-migrate-meta-layouts":"set","ast-page-background-enabled":"default","ast-page-background-meta":{"desktop":{"background-color":"","background-image":"","background-repeat":"repeat","background-position":"center center","background-size":"auto","background-attachment":"scroll","background-type":"","background-media":"","overlay-type":"","overlay-color":"","overlay-opacity":"","overlay-gradient":""},"tablet":{"background-color":"","background-image":"","background-repeat":"repeat","background-position":"center center","background-size":"auto","background-attachment":"scroll","background-type":"","background-media":"","overlay-type":"","overlay-color":"","overlay-opacity":"","overlay-gradient":""},"mobile":{"background-color":"","background-image":"","background-repeat":"repeat","background-position":"center center","background-size":"auto","background-attachment":"scroll","background-type":"","background-media":"","overlay-type":"","overlay-color":"","overlay-opacity":"","overlay-gradient":""}},"ast-content-background-meta":{"desktop":{"background-color":"var(--ast-global-color-5)","background-image":"","background-repeat":"repeat","background-position":"center center","background-size":"auto","background-attachment":"scroll","background-type":"","background-media":"","overlay-type":"","overlay-color":"","overlay-opacity":"","overlay-gradient":""},"tablet":{"background-color":"var(--ast-global-color-5)","background-image":"","background-repeat":"repeat","background-position":"center center","background-size":"auto","background-attachment":"scroll","background-type":"","background-media":"","overlay-type":"","overlay-color":"","overlay-opacity":"","overlay-gradient":""},"mobile":{"background-color":"var(--ast-global-color-5)","background-image":"","background-repeat":"repeat","background-position":"center center","background-size":"auto","background-attachment":"scroll","background-type":"","background-media":"","overlay-type":"","overlay-color":"","overlay-opacity":"","overlay-gradient":""}},"yasr_overall_rating":0,"yasr_post_is_review":"","yasr_auto_insert_disabled":"","yasr_review_type":""},"product_brand":[],"product_cat":[24],"product_tag":[],"class_list":{"0":"post-4728","1":"product","2":"type-product","3":"status-publish","4":"has-post-thumbnail","6":"product_cat-cookie-production-line","7":"desktop-align-left","8":"tablet-align-left","9":"mobile-align-left","11":"first","12":"instock","13":"shipping-taxable","14":"product-type-simple"},"yoast_head":"<!-- This site is optimized with the Yoast SEO plugin v24.4 - https:\/\/yoast.com\/wordpress\/plugins\/seo\/ -->\n<title>Oatmeal Cookies Making Machine Large Production - Biscuit Production Solution Manufacturer<\/title>\n<meta name=\"description\" content=\"Oatmeal cookies making machine can produce large quantities of oatmeal cookies in a relatively short time, ensuring each cookie has a consistent texture.\" \/>\n<meta name=\"robots\" content=\"index, follow, max-snippet:-1, max-image-preview:large, max-video-preview:-1\" \/>\n<link rel=\"canonical\" href=\"https:\/\/www.biscuitsolution.com\/pt\/produto\/oatmeal-cookies-making-machine-large-production\/\" \/>\n<meta property=\"og:locale\" content=\"pt_BR\" \/>\n<meta property=\"og:type\" content=\"article\" \/>\n<meta property=\"og:title\" content=\"Oatmeal Cookies Making Machine Large Production - Biscuit Production Solution Manufacturer\" \/>\n<meta property=\"og:description\" content=\"Oatmeal cookies making machine can produce large quantities of oatmeal cookies in a relatively short time, ensuring each cookie has a consistent texture.\" \/>\n<meta property=\"og:url\" content=\"https:\/\/www.biscuitsolution.com\/pt\/produto\/oatmeal-cookies-making-machine-large-production\/\" \/>\n<meta property=\"og:site_name\" content=\"Biscuit Production Solution Manufacturer\" \/>\n<meta property=\"article:publisher\" content=\"https:\/\/www.facebook.com\/profile.php?id=100095205040823\" \/>\n<meta property=\"article:modified_time\" content=\"2025-02-19T10:17:02+00:00\" \/>\n<meta property=\"og:image\" content=\"https:\/\/www.biscuitsolution.com\/wp-content\/uploads\/2025\/02\/\u4e3b\u56fe-9.jpg\" \/>\n\t<meta property=\"og:image:width\" content=\"600\" \/>\n\t<meta property=\"og:image:height\" content=\"600\" \/>\n\t<meta property=\"og:image:type\" content=\"image\/jpeg\" \/>\n<meta name=\"twitter:card\" content=\"summary_large_image\" \/>\n<meta name=\"twitter:site\" content=\"@shanna_zha26342\" \/>\n<meta name=\"twitter:label1\" content=\"Est. tempo de leitura\" \/>\n\t<meta name=\"twitter:data1\" content=\"4 minutos\" \/>\n<script type=\"application\/ld+json\" class=\"yoast-schema-graph\">{\"@context\":\"https:\/\/schema.org\",\"@graph\":[{\"@type\":\"WebPage\",\"@id\":\"https:\/\/www.biscuitsolution.com\/product\/oatmeal-cookies-making-machine-large-production\/\",\"url\":\"https:\/\/www.biscuitsolution.com\/product\/oatmeal-cookies-making-machine-large-production\/\",\"name\":\"Oatmeal Cookies Making Machine Large Production - Biscuit Production Solution Manufacturer\",\"isPartOf\":{\"@id\":\"https:\/\/www.biscuitsolution.com\/#website\"},\"primaryImageOfPage\":{\"@id\":\"https:\/\/www.biscuitsolution.com\/product\/oatmeal-cookies-making-machine-large-production\/#primaryimage\"},\"image\":{\"@id\":\"https:\/\/www.biscuitsolution.com\/product\/oatmeal-cookies-making-machine-large-production\/#primaryimage\"},\"thumbnailUrl\":\"https:\/\/www.biscuitsolution.com\/wp-content\/uploads\/2025\/02\/\u4e3b\u56fe-9.jpg\",\"datePublished\":\"2025-02-19T10:17:01+00:00\",\"dateModified\":\"2025-02-19T10:17:02+00:00\",\"description\":\"Oatmeal cookies making machine can produce large quantities of oatmeal cookies in a relatively short time, ensuring each cookie has a consistent texture.\",\"breadcrumb\":{\"@id\":\"https:\/\/www.biscuitsolution.com\/product\/oatmeal-cookies-making-machine-large-production\/#breadcrumb\"},\"inLanguage\":\"pt-BR\",\"potentialAction\":[{\"@type\":\"ReadAction\",\"target\":[\"https:\/\/www.biscuitsolution.com\/product\/oatmeal-cookies-making-machine-large-production\/\"]}]},{\"@type\":\"ImageObject\",\"inLanguage\":\"pt-BR\",\"@id\":\"https:\/\/www.biscuitsolution.com\/product\/oatmeal-cookies-making-machine-large-production\/#primaryimage\",\"url\":\"https:\/\/www.biscuitsolution.com\/wp-content\/uploads\/2025\/02\/\u4e3b\u56fe-9.jpg\",\"contentUrl\":\"https:\/\/www.biscuitsolution.com\/wp-content\/uploads\/2025\/02\/\u4e3b\u56fe-9.jpg\",\"width\":600,\"height\":600,\"caption\":\"oatmeal cookies making machine\"},{\"@type\":\"BreadcrumbList\",\"@id\":\"https:\/\/www.biscuitsolution.com\/product\/oatmeal-cookies-making-machine-large-production\/#breadcrumb\",\"itemListElement\":[{\"@type\":\"ListItem\",\"position\":1,\"name\":\"Home\",\"item\":\"https:\/\/www.biscuitsolution.com\/\"},{\"@type\":\"ListItem\",\"position\":2,\"name\":\"Product\",\"item\":\"https:\/\/www.biscuitsolution.com\/product\/\"},{\"@type\":\"ListItem\",\"position\":3,\"name\":\"Oatmeal Cookies Making Machine Large Production\"}]},{\"@type\":\"WebSite\",\"@id\":\"https:\/\/www.biscuitsolution.com\/#website\",\"url\":\"https:\/\/www.biscuitsolution.com\/\",\"name\":\"Biscuit Production Solution Manufacturer\",\"description\":\"\",\"potentialAction\":[{\"@type\":\"SearchAction\",\"target\":{\"@type\":\"EntryPoint\",\"urlTemplate\":\"https:\/\/www.biscuitsolution.com\/?s={search_term_string}\"},\"query-input\":{\"@type\":\"PropertyValueSpecification\",\"valueRequired\":true,\"valueName\":\"search_term_string\"}}],\"inLanguage\":\"pt-BR\"},false]}<\/script>\n<!-- \/ Yoast SEO plugin. -->","yoast_head_json":{"title":"M\u00e1quina de fabrica\u00e7\u00e3o de biscoitos de aveia de grande produ\u00e7\u00e3o - Fabricante de solu\u00e7\u00f5es de produ\u00e7\u00e3o de biscoitos","description":"A m\u00e1quina de fabrica\u00e7\u00e3o de biscoitos de aveia pode produzir grandes quantidades de biscoitos de aveia em um tempo relativamente curto, garantindo que cada biscoito tenha uma textura consistente.","robots":{"index":"index","follow":"follow","max-snippet":"max-snippet:-1","max-image-preview":"max-image-preview:large","max-video-preview":"max-video-preview:-1"},"canonical":"https:\/\/www.biscuitsolution.com\/pt\/produto\/oatmeal-cookies-making-machine-large-production\/","og_locale":"pt_BR","og_type":"article","og_title":"Oatmeal Cookies Making Machine Large Production - Biscuit Production Solution Manufacturer","og_description":"Oatmeal cookies making machine can produce large quantities of oatmeal cookies in a relatively short time, ensuring each cookie has a consistent texture.","og_url":"https:\/\/www.biscuitsolution.com\/pt\/produto\/oatmeal-cookies-making-machine-large-production\/","og_site_name":"Biscuit Production Solution Manufacturer","article_publisher":"https:\/\/www.facebook.com\/profile.php?id=100095205040823","article_modified_time":"2025-02-19T10:17:02+00:00","og_image":[{"width":600,"height":600,"url":"https:\/\/www.biscuitsolution.com\/wp-content\/uploads\/2025\/02\/\u4e3b\u56fe-9.jpg","type":"image\/jpeg"}],"twitter_card":"summary_large_image","twitter_site":"@shanna_zha26342","twitter_misc":{"Est. tempo de leitura":"4 minutos"},"schema":{"@context":"https:\/\/schema.org","@graph":[{"@type":"WebPage","@id":"https:\/\/www.biscuitsolution.com\/product\/oatmeal-cookies-making-machine-large-production\/","url":"https:\/\/www.biscuitsolution.com\/product\/oatmeal-cookies-making-machine-large-production\/","name":"M\u00e1quina de fabrica\u00e7\u00e3o de biscoitos de aveia de grande produ\u00e7\u00e3o - Fabricante de solu\u00e7\u00f5es de produ\u00e7\u00e3o de biscoitos","isPartOf":{"@id":"https:\/\/www.biscuitsolution.com\/#website"},"primaryImageOfPage":{"@id":"https:\/\/www.biscuitsolution.com\/product\/oatmeal-cookies-making-machine-large-production\/#primaryimage"},"image":{"@id":"https:\/\/www.biscuitsolution.com\/product\/oatmeal-cookies-making-machine-large-production\/#primaryimage"},"thumbnailUrl":"https:\/\/www.biscuitsolution.com\/wp-content\/uploads\/2025\/02\/\u4e3b\u56fe-9.jpg","datePublished":"2025-02-19T10:17:01+00:00","dateModified":"2025-02-19T10:17:02+00:00","description":"A m\u00e1quina de fabrica\u00e7\u00e3o de biscoitos de aveia pode produzir grandes quantidades de biscoitos de aveia em um tempo relativamente curto, garantindo que cada biscoito tenha uma textura consistente.","breadcrumb":{"@id":"https:\/\/www.biscuitsolution.com\/product\/oatmeal-cookies-making-machine-large-production\/#breadcrumb"},"inLanguage":"pt-BR","potentialAction":[{"@type":"ReadAction","target":["https:\/\/www.biscuitsolution.com\/product\/oatmeal-cookies-making-machine-large-production\/"]}]},{"@type":"ImageObject","inLanguage":"pt-BR","@id":"https:\/\/www.biscuitsolution.com\/product\/oatmeal-cookies-making-machine-large-production\/#primaryimage","url":"https:\/\/www.biscuitsolution.com\/wp-content\/uploads\/2025\/02\/\u4e3b\u56fe-9.jpg","contentUrl":"https:\/\/www.biscuitsolution.com\/wp-content\/uploads\/2025\/02\/\u4e3b\u56fe-9.jpg","width":600,"height":600,"caption":"oatmeal cookies making machine"},{"@type":"BreadcrumbList","@id":"https:\/\/www.biscuitsolution.com\/product\/oatmeal-cookies-making-machine-large-production\/#breadcrumb","itemListElement":[{"@type":"ListItem","position":1,"name":"Home","item":"https:\/\/www.biscuitsolution.com\/"},{"@type":"ListItem","position":2,"name":"Product","item":"https:\/\/www.biscuitsolution.com\/product\/"},{"@type":"ListItem","position":3,"name":"Oatmeal Cookies Making Machine Large Production"}]},{"@type":"WebSite","@id":"https:\/\/www.biscuitsolution.com\/#website","url":"https:\/\/www.biscuitsolution.com\/","name":"Fabricante de solu\u00e7\u00f5es para produ\u00e7\u00e3o de biscoitos","description":"","potentialAction":[{"@type":"SearchAction","target":{"@type":"EntryPoint","urlTemplate":"https:\/\/www.biscuitsolution.com\/?s={search_term_string}"},"query-input":{"@type":"PropertyValueSpecification","valueRequired":true,"valueName":"search_term_string"}}],"inLanguage":"pt-BR"},false]}},"yasr_visitor_votes":{"stars_attributes":{"read_only":false,"span_bottom":false},"number_of_votes":0,"sum_votes":0},"_links":{"self":[{"href":"https:\/\/www.biscuitsolution.com\/pt\/wp-json\/wp\/v2\/product\/4728","targetHints":{"allow":["GET"]}}],"collection":[{"href":"https:\/\/www.biscuitsolution.com\/pt\/wp-json\/wp\/v2\/product"}],"about":[{"href":"https:\/\/www.biscuitsolution.com\/pt\/wp-json\/wp\/v2\/types\/product"}],"replies":[{"embeddable":true,"href":"https:\/\/www.biscuitsolution.com\/pt\/wp-json\/wp\/v2\/comments?post=4728"}],"version-history":[{"count":1,"href":"https:\/\/www.biscuitsolution.com\/pt\/wp-json\/wp\/v2\/product\/4728\/revisions"}],"predecessor-version":[{"id":4733,"href":"https:\/\/www.biscuitsolution.com\/pt\/wp-json\/wp\/v2\/product\/4728\/revisions\/4733"}],"wp:featuredmedia":[{"embeddable":true,"href":"https:\/\/www.biscuitsolution.com\/pt\/wp-json\/wp\/v2\/media\/4732"}],"wp:attachment":[{"href":"https:\/\/www.biscuitsolution.com\/pt\/wp-json\/wp\/v2\/media?parent=4728"}],"wp:term":[{"taxonomy":"product_brand","embeddable":true,"href":"https:\/\/www.biscuitsolution.com\/pt\/wp-json\/wp\/v2\/product_brand?post=4728"},{"taxonomy":"product_cat","embeddable":true,"href":"https:\/\/www.biscuitsolution.com\/pt\/wp-json\/wp\/v2\/product_cat?post=4728"},{"taxonomy":"product_tag","embeddable":true,"href":"https:\/\/www.biscuitsolution.com\/pt\/wp-json\/wp\/v2\/product_tag?post=4728"}],"curies":[{"name":"wp","href":"https:\/\/api.w.org\/{rel}","templated":true}]}}