{"id":4695,"date":"2025-02-19T09:41:13","date_gmt":"2025-02-19T09:41:13","guid":{"rendered":"https:\/\/www.biscuitsolution.com\/?post_type=product&#038;p=4695"},"modified":"2025-02-19T09:41:13","modified_gmt":"2025-02-19T09:41:13","slug":"automatic-marie-biscuit-making-machine","status":"publish","type":"product","link":"https:\/\/www.biscuitsolution.com\/pt\/produto\/automatic-marie-biscuit-making-machine\/","title":{"rendered":"M\u00e1quina autom\u00e1tica para fabrica\u00e7\u00e3o de biscoitos Marie de alta efici\u00eancia"},"content":{"rendered":"<p>O<strong> M\u00e1quina autom\u00e1tica para fabrica\u00e7\u00e3o de biscoitos marie<\/strong> \u00e9 um equipamento sofisticado projetado para produzir eficientemente biscoitos marie em grande escala. A seguir, apresentaremos o equipamento em detalhes sob os aspectos de sua capacidade e efici\u00eancia de produ\u00e7\u00e3o, vantagens da m\u00e1quina, etc.<\/p>\n<p><img fetchpriority=\"high\" decoding=\"async\" class=\"alignnone size-full wp-image-4696\" src=\"https:\/\/www.biscuitsolution.com\/wp-content\/uploads\/2025\/02\/automatic-marie-biscuits-machine.jpg\" alt=\"M\u00e1quina autom\u00e1tica para fabrica\u00e7\u00e3o de biscoitos marie\" width=\"800\" height=\"450\" srcset=\"https:\/\/www.biscuitsolution.com\/wp-content\/uploads\/2025\/02\/automatic-marie-biscuits-machine.jpg 800w, https:\/\/www.biscuitsolution.com\/wp-content\/uploads\/2025\/02\/automatic-marie-biscuits-machine-600x338.jpg 600w, https:\/\/www.biscuitsolution.com\/wp-content\/uploads\/2025\/02\/automatic-marie-biscuits-machine-300x169.jpg 300w, https:\/\/www.biscuitsolution.com\/wp-content\/uploads\/2025\/02\/automatic-marie-biscuits-machine-768x432.jpg 768w\" sizes=\"(max-width: 800px) 100vw, 800px\" \/><\/p>\n<h2>Capacidade e efici\u00eancia de produ\u00e7\u00e3o da m\u00e1quina de fabrica\u00e7\u00e3o de biscoitos Marie<\/h2>\n<ul>\n<li>Produ\u00e7\u00e3o em alta velocidade: A linha de produ\u00e7\u00e3o autom\u00e1tica \u00e9 projetada para produzir um grande n\u00famero de biscoitos em um curto espa\u00e7o de tempo. A velocidade de produ\u00e7\u00e3o pode variar dependendo do modelo e de sua configura\u00e7\u00e3o, mas, em geral, essas m\u00e1quinas podem produzir milhares de biscoitos por hora.<\/li>\n<li>Qualidade consistente do produto: O processo automatizado garante que cada biscoito tenha o mesmo tamanho, formato e textura. O controle preciso dos processos de mistura de massa, forma\u00e7\u00e3o, cozimento e resfriamento garante a qualidade consistente do produto. Isso \u00e9 essencial para manter a reputa\u00e7\u00e3o da marca e atender \u00e0s expectativas dos clientes.<\/li>\n<\/ul>\n<p><img decoding=\"async\" class=\"alignnone size-full wp-image-4698\" src=\"https:\/\/www.biscuitsolution.com\/wp-content\/uploads\/2025\/02\/automatic-marie-biscuit-machine.jpg\" alt=\"m\u00e1quina de fazer biscoitos marie\" width=\"800\" height=\"450\" srcset=\"https:\/\/www.biscuitsolution.com\/wp-content\/uploads\/2025\/02\/automatic-marie-biscuit-machine.jpg 800w, https:\/\/www.biscuitsolution.com\/wp-content\/uploads\/2025\/02\/automatic-marie-biscuit-machine-600x338.jpg 600w, https:\/\/www.biscuitsolution.com\/wp-content\/uploads\/2025\/02\/automatic-marie-biscuit-machine-300x169.jpg 300w, https:\/\/www.biscuitsolution.com\/wp-content\/uploads\/2025\/02\/automatic-marie-biscuit-machine-768x432.jpg 768w\" sizes=\"(max-width: 800px) 100vw, 800px\" \/><\/p>\n<h2>Benef\u00edcios da escolha da m\u00e1quina autom\u00e1tica para fabrica\u00e7\u00e3o de biscoitos Marie<\/h2>\n<ol>\n<li>Utiliza\u00e7\u00e3o eficiente da for\u00e7a de trabalho: Gra\u00e7as \u00e0 automa\u00e7\u00e3o na produ\u00e7\u00e3o, h\u00e1 uma redu\u00e7\u00e3o consider\u00e1vel nos requisitos de m\u00e3o de obra. O n\u00famero de funcion\u00e1rios necess\u00e1rios para operar o maquin\u00e1rio \u00e9 muito menor do que nas abordagens convencionais de produ\u00e7\u00e3o manual. Essa redu\u00e7\u00e3o n\u00e3o apenas diminui as despesas com m\u00e3o de obra, mas tamb\u00e9m diminui a probabilidade de erros humanos durante a fase de produ\u00e7\u00e3o.<\/li>\n<li>Garantia de qualidade: A m\u00e1quina \u00e9 capaz de realizar um rigoroso controle de qualidade. Durante todo o processo de produ\u00e7\u00e3o, os sensores e sistemas de controle acompanham de perto par\u00e2metros como temperatura, dura\u00e7\u00e3o e propor\u00e7\u00f5es dos ingredientes. Qualquer diverg\u00eancia em rela\u00e7\u00e3o \u00e0s normas estabelecidas pode ser rapidamente identificada e retificada, garantindo que apenas os biscoitos Marie de primeira linha sejam fabricados.<\/li>\n<li>Adaptabilidade: A m\u00e1quina de produ\u00e7\u00e3o de biscoitos marie que oferecemos \u00e9 ajust\u00e1vel para criar biscoitos com dimens\u00f5es e formas variadas. Alguns modelos permitem at\u00e9 mesmo pequenos ajustes na receita por meio de modifica\u00e7\u00f5es no sistema de distribui\u00e7\u00e3o de ingredientes. Essa capacidade de adapta\u00e7\u00e3o permite que os fabricantes expandam sua linha de produtos e se adaptem melhor \u00e0s exig\u00eancias do mercado.<\/li>\n<\/ol>\n<p><img decoding=\"async\" class=\"alignnone size-full wp-image-4699\" src=\"https:\/\/www.biscuitsolution.com\/wp-content\/uploads\/2025\/02\/marie-biscuit-making-machine.jpg\" alt=\"m\u00e1quina de fazer biscoitos marie\" width=\"800\" height=\"450\" srcset=\"https:\/\/www.biscuitsolution.com\/wp-content\/uploads\/2025\/02\/marie-biscuit-making-machine.jpg 800w, https:\/\/www.biscuitsolution.com\/wp-content\/uploads\/2025\/02\/marie-biscuit-making-machine-600x338.jpg 600w, https:\/\/www.biscuitsolution.com\/wp-content\/uploads\/2025\/02\/marie-biscuit-making-machine-300x169.jpg 300w, https:\/\/www.biscuitsolution.com\/wp-content\/uploads\/2025\/02\/marie-biscuit-making-machine-768x432.jpg 768w\" sizes=\"(max-width: 800px) 100vw, 800px\" \/><\/p>\n<h2>Considera\u00e7\u00f5es sobre a compra da m\u00e1quina de fabrica\u00e7\u00e3o de biscoitos Marie<\/h2>\n<ol>\n<li>Requisitos de produ\u00e7\u00e3o: Seja claro sobre sua produ\u00e7\u00e3o esperada. Se voc\u00ea for uma padaria pequena, uma m\u00e1quina que possa produzir de algumas centenas a alguns milhares de biscoitos por hora pode ser suficiente. Mas para grandes f\u00e1bricas de alimentos, \u00e9 necess\u00e1rio um equipamento de alta capacidade que possa produzir dezenas de milhares de biscoitos por hora.<\/li>\n<li>Diversidade de produtos: Se voc\u00ea planeja lan\u00e7ar v\u00e1rios sabores ou diferentes formatos de biscoitos, considere se a m\u00e1quina pode fazer biscoitos Marie de diferentes tamanhos, formatos e receitas.<\/li>\n<li>Qualidade dos componentes: Preste aten\u00e7\u00e3o \u00e0 qualidade dos principais componentes, como motores, transmiss\u00f5es, sistemas de controle de temperatura, etc. Voc\u00ea pode verificar a marca, as especifica\u00e7\u00f5es e a reputa\u00e7\u00e3o da m\u00e1quina e entender sua reputa\u00e7\u00e3o no setor para avaliar a qualidade geral e a confiabilidade da m\u00e1quina.<\/li>\n<\/ol>\n<p><img loading=\"lazy\" decoding=\"async\" class=\"alignnone size-full wp-image-4700\" src=\"https:\/\/www.biscuitsolution.com\/wp-content\/uploads\/2025\/02\/automatic-marie-biscuit-making-machine.jpg\" alt=\"M\u00e1quina autom\u00e1tica para fabrica\u00e7\u00e3o de biscoitos marie\" width=\"800\" height=\"450\" srcset=\"https:\/\/www.biscuitsolution.com\/wp-content\/uploads\/2025\/02\/automatic-marie-biscuit-making-machine.jpg 800w, https:\/\/www.biscuitsolution.com\/wp-content\/uploads\/2025\/02\/automatic-marie-biscuit-making-machine-600x338.jpg 600w, https:\/\/www.biscuitsolution.com\/wp-content\/uploads\/2025\/02\/automatic-marie-biscuit-making-machine-300x169.jpg 300w, https:\/\/www.biscuitsolution.com\/wp-content\/uploads\/2025\/02\/automatic-marie-biscuit-making-machine-768x432.jpg 768w\" sizes=\"(max-width: 800px) 100vw, 800px\" \/><\/p>\n<h2>Por que nos escolher<\/h2>\n<ul>\n<li>A estrutura prim\u00e1ria de nossa m\u00e1quina autom\u00e1tica para fabrica\u00e7\u00e3o de biscoitos marie \u00e9 constru\u00edda em a\u00e7o inoxid\u00e1vel de qualidade superior. Esse material \u00e9 capaz de suportar demandas rigorosas de produ\u00e7\u00e3o e facilita a limpeza, garantindo assim a ades\u00e3o \u00e0s mais rigorosas normas de higiene alimentar.<\/li>\n<li>Antes de enviarmos as m\u00e1quinas aos clientes, realizamos testes operacionais. Essa etapa garante que as m\u00e1quinas possam manter um desempenho consistente, mesmo sob cargas pesadas e per\u00edodos prolongados de opera\u00e7\u00e3o. Consequentemente, garantimos que cada m\u00e1quina entregue aos nossos clientes seja de alta qualidade.<\/li>\n<li>Oferecemos uma ampla gama de servi\u00e7os personalizados e somos capazes de modificar a m\u00e1quina com agilidade para se adequar ao sabor e \u00e0 f\u00f3rmula dos biscoitos, garantindo uma adapta\u00e7\u00e3o perfeita aos requisitos exclusivos de seu produto.<\/li>\n<li>Podemos integrar e organizar cuidadosamente v\u00e1rias m\u00e1quinas e aparelhos, garantindo que todos os segmentos da linha de produ\u00e7\u00e3o estejam estreitamente ligados, alcan\u00e7ando assim a efici\u00eancia ideal da produ\u00e7\u00e3o.<\/li>\n<\/ul>\n<h2>Deixe uma mensagem para obter uma cota\u00e7\u00e3o<\/h2>\n\n<div class=\"wpcf7 no-js\" id=\"wpcf7-f4619-o1\" lang=\"en-US\" dir=\"ltr\" data-wpcf7-id=\"4619\">\n<div class=\"screen-reader-response\"><p role=\"status\" aria-live=\"polite\" aria-atomic=\"true\"><\/p> <ul><\/ul><\/div>\n<form action=\"\/pt\/wp-json\/wp\/v2\/product\/4695#wpcf7-f4619-o1\" method=\"post\" class=\"wpcf7-form init\" aria-label=\"Formul\u00e1rio de contato\" novalidate=\"novalidate\" data-status=\"init\" data-trp-original-action=\"\/pt\/wp-json\/wp\/v2\/product\/4695#wpcf7-f4619-o1\">\n<div style=\"display: none;\">\n<input type=\"hidden\" name=\"_wpcf7\" value=\"4619\" \/>\n<input type=\"hidden\" name=\"_wpcf7_version\" value=\"6.0.4\" \/>\n<input type=\"hidden\" name=\"_wpcf7_locale\" value=\"en_US\" \/>\n<input type=\"hidden\" name=\"_wpcf7_unit_tag\" value=\"wpcf7-f4619-o1\" \/>\n<input type=\"hidden\" name=\"_wpcf7_container_post\" value=\"0\" \/>\n<input type=\"hidden\" name=\"_wpcf7_posted_data_hash\" value=\"\" \/>\n<\/div>\n<p><label> Seu nome*<br \/>\n<span class=\"wpcf7-form-control-wrap\" data-name=\"your-name\"><input size=\"40\" maxlength=\"400\" class=\"wpcf7-form-control wpcf7-text wpcf7-validates-as-required\" aria-required=\"true\" aria-invalid=\"false\" value=\"\" type=\"text\" name=\"your-name\" \/><\/span> <\/label>\n<\/p>\n<p><label> Seu pa\u00eds<br \/>\n<span class=\"wpcf7-form-control-wrap\" data-name=\"your-country\"><input size=\"40\" maxlength=\"400\" class=\"wpcf7-form-control wpcf7-text\" aria-invalid=\"false\" value=\"\" type=\"text\" name=\"your-country\" \/><\/span><\/label>\n<\/p>\n<p><label> Seu e-mail*<br \/>\n<span class=\"wpcf7-form-control-wrap\" data-name=\"your-email\"><input size=\"40\" maxlength=\"400\" class=\"wpcf7-form-control wpcf7-email wpcf7-validates-as-required wpcf7-text wpcf7-validates-as-email\" aria-required=\"true\" aria-invalid=\"false\" value=\"\" type=\"email\" name=\"your-email\" \/><\/span> <\/label>\n<\/p>\n<p><label> Seu telefone<br \/>\n<span class=\"wpcf7-form-control-wrap\" data-name=\"your-phone\"><input size=\"40\" maxlength=\"400\" class=\"wpcf7-form-control wpcf7-tel wpcf7-text wpcf7-validates-as-tel\" aria-invalid=\"false\" value=\"\" type=\"tel\" name=\"your-phone\" \/><\/span> <\/label>\n<\/p>\n<p><label> Nome de sua empresa<br \/>\n<span class=\"wpcf7-form-control-wrap\" data-name=\"text-457\"><input size=\"40\" maxlength=\"400\" class=\"wpcf7-form-control wpcf7-text\" aria-invalid=\"false\" value=\"\" type=\"text\" name=\"text-457\" \/><\/span> <\/label>\n<\/p>\n<p><label> Site de sua empresa<br \/>\n<span class=\"wpcf7-form-control-wrap\" data-name=\"text-546\"><input size=\"40\" maxlength=\"400\" class=\"wpcf7-form-control wpcf7-text\" aria-invalid=\"false\" value=\"\" type=\"text\" name=\"text-546\" \/><\/span> <\/label>\n<\/p>\n<p><label> Seu requisito*<br \/>\n<span class=\"wpcf7-form-control-wrap\" data-name=\"your-message\"><textarea cols=\"40\" rows=\"10\" maxlength=\"2000\" class=\"wpcf7-form-control wpcf7-textarea wpcf7-validates-as-required\" aria-required=\"true\" aria-invalid=\"false\" name=\"your-message\"><\/textarea><\/span> <\/label>\n<\/p>\n<p><input class=\"wpcf7-form-control wpcf7-submit has-spinner\" type=\"submit\" value=\"Enviar\" \/>\n<\/p><p style=\"display: none !important;\" class=\"akismet-fields-container\" data-prefix=\"_wpcf7_ak_\"><label>&#916;<textarea name=\"_wpcf7_ak_hp_textarea\" cols=\"45\" rows=\"8\" maxlength=\"100\"><\/textarea><\/label><input type=\"hidden\" id=\"ak_js_1\" name=\"_wpcf7_ak_js\" value=\"157\"\/><script>document.getElementById( \"ak_js_1\" ).setAttribute( \"value\", ( new Date() ).getTime() );<\/script><\/p><div class=\"wpcf7-response-output\" aria-hidden=\"true\"><\/div>\n<input type=\"hidden\" name=\"trp-form-language\" value=\"pt\"\/><\/form>\n<\/div>\n\n<div style='text-align:left' class='yasr-auto-insert-visitor'><\/div>","protected":false},"excerpt":{"rendered":"<p>Marca: GELGOOG<\/p>\n<p>Tens\u00e3o: 380V<\/p>\n<p>E-mail: shanna@machinehall.com<\/p>\n<p>Tel: +8618638676709<\/p>\n<p>Aplica\u00e7\u00e3o: biscoito Marie e outros biscoitos duros<\/p>","protected":false},"featured_media":4697,"comment_status":"open","ping_status":"closed","template":"","meta":{"site-sidebar-layout":"default","site-content-layout":"","ast-site-content-layout":"default","site-content-style":"default","site-sidebar-style":"default","ast-global-header-display":"","ast-banner-title-visibility":"","ast-main-header-display":"","ast-hfb-above-header-display":"","ast-hfb-below-header-display":"","ast-hfb-mobile-header-display":"","site-post-title":"","ast-breadcrumbs-content":"","ast-featured-img":"","footer-sml-layout":"","theme-transparent-header-meta":"default","adv-header-id-meta":"","stick-header-meta":"","header-above-stick-meta":"","header-main-stick-meta":"","header-below-stick-meta":"","astra-migrate-meta-layouts":"set","ast-page-background-enabled":"default","ast-page-background-meta":{"desktop":{"background-color":"","background-image":"","background-repeat":"repeat","background-position":"center center","background-size":"auto","background-attachment":"scroll","background-type":"","background-media":"","overlay-type":"","overlay-color":"","overlay-opacity":"","overlay-gradient":""},"tablet":{"background-color":"","background-image":"","background-repeat":"repeat","background-position":"center center","background-size":"auto","background-attachment":"scroll","background-type":"","background-media":"","overlay-type":"","overlay-color":"","overlay-opacity":"","overlay-gradient":""},"mobile":{"background-color":"","background-image":"","background-repeat":"repeat","background-position":"center center","background-size":"auto","background-attachment":"scroll","background-type":"","background-media":"","overlay-type":"","overlay-color":"","overlay-opacity":"","overlay-gradient":""}},"ast-content-background-meta":{"desktop":{"background-color":"var(--ast-global-color-5)","background-image":"","background-repeat":"repeat","background-position":"center center","background-size":"auto","background-attachment":"scroll","background-type":"","background-media":"","overlay-type":"","overlay-color":"","overlay-opacity":"","overlay-gradient":""},"tablet":{"background-color":"var(--ast-global-color-5)","background-image":"","background-repeat":"repeat","background-position":"center center","background-size":"auto","background-attachment":"scroll","background-type":"","background-media":"","overlay-type":"","overlay-color":"","overlay-opacity":"","overlay-gradient":""},"mobile":{"background-color":"var(--ast-global-color-5)","background-image":"","background-repeat":"repeat","background-position":"center center","background-size":"auto","background-attachment":"scroll","background-type":"","background-media":"","overlay-type":"","overlay-color":"","overlay-opacity":"","overlay-gradient":""}},"yasr_overall_rating":0,"yasr_post_is_review":"","yasr_auto_insert_disabled":"","yasr_review_type":""},"product_brand":[],"product_cat":[22],"product_tag":[],"class_list":{"0":"post-4695","1":"product","2":"type-product","3":"status-publish","4":"has-post-thumbnail","6":"product_cat-hard-biscuit-production-line","7":"desktop-align-left","8":"tablet-align-left","9":"mobile-align-left","11":"first","12":"instock","13":"shipping-taxable","14":"product-type-simple"},"yoast_head":"<!-- This site is optimized with the Yoast SEO plugin v24.4 - https:\/\/yoast.com\/wordpress\/plugins\/seo\/ -->\n<title>Automatic Marie Biscuit Making Machine High Efficiency - Biscuit Production Solution Manufacturer<\/title>\n<meta name=\"description\" content=\"Automatic Marie Making biscuit machine has a high capacity and can meet the needs of factories of different sizes. Increase production and upgrade factory\u3002\" \/>\n<meta name=\"robots\" content=\"index, follow, max-snippet:-1, max-image-preview:large, max-video-preview:-1\" \/>\n<link rel=\"canonical\" href=\"https:\/\/www.biscuitsolution.com\/pt\/produto\/automatic-marie-biscuit-making-machine\/\" \/>\n<meta property=\"og:locale\" content=\"pt_BR\" \/>\n<meta property=\"og:type\" content=\"article\" \/>\n<meta property=\"og:title\" content=\"Automatic Marie Biscuit Making Machine High Efficiency - Biscuit Production Solution Manufacturer\" \/>\n<meta property=\"og:description\" content=\"Automatic Marie Making biscuit machine has a high capacity and can meet the needs of factories of different sizes. Increase production and upgrade factory\u3002\" \/>\n<meta property=\"og:url\" content=\"https:\/\/www.biscuitsolution.com\/pt\/produto\/automatic-marie-biscuit-making-machine\/\" \/>\n<meta property=\"og:site_name\" content=\"Biscuit Production Solution Manufacturer\" \/>\n<meta property=\"article:publisher\" content=\"https:\/\/www.facebook.com\/profile.php?id=100095205040823\" \/>\n<meta property=\"og:image\" content=\"https:\/\/www.biscuitsolution.com\/wp-content\/uploads\/2025\/02\/\u4e3b\u56fe-4.jpg\" \/>\n\t<meta property=\"og:image:width\" content=\"600\" \/>\n\t<meta property=\"og:image:height\" content=\"600\" \/>\n\t<meta property=\"og:image:type\" content=\"image\/jpeg\" \/>\n<meta name=\"twitter:card\" content=\"summary_large_image\" \/>\n<meta name=\"twitter:site\" content=\"@shanna_zha26342\" \/>\n<meta name=\"twitter:label1\" content=\"Est. tempo de leitura\" \/>\n\t<meta name=\"twitter:data1\" content=\"4 minutos\" \/>\n<script type=\"application\/ld+json\" class=\"yoast-schema-graph\">{\"@context\":\"https:\/\/schema.org\",\"@graph\":[{\"@type\":\"WebPage\",\"@id\":\"https:\/\/www.biscuitsolution.com\/product\/automatic-marie-biscuit-making-machine\/\",\"url\":\"https:\/\/www.biscuitsolution.com\/product\/automatic-marie-biscuit-making-machine\/\",\"name\":\"Automatic Marie Biscuit Making Machine High Efficiency - Biscuit Production Solution Manufacturer\",\"isPartOf\":{\"@id\":\"https:\/\/www.biscuitsolution.com\/#website\"},\"primaryImageOfPage\":{\"@id\":\"https:\/\/www.biscuitsolution.com\/product\/automatic-marie-biscuit-making-machine\/#primaryimage\"},\"image\":{\"@id\":\"https:\/\/www.biscuitsolution.com\/product\/automatic-marie-biscuit-making-machine\/#primaryimage\"},\"thumbnailUrl\":\"https:\/\/www.biscuitsolution.com\/wp-content\/uploads\/2025\/02\/\u4e3b\u56fe-4.jpg\",\"datePublished\":\"2025-02-19T09:41:13+00:00\",\"description\":\"Automatic Marie Making biscuit machine has a high capacity and can meet the needs of factories of different sizes. Increase production and upgrade factory\u3002\",\"breadcrumb\":{\"@id\":\"https:\/\/www.biscuitsolution.com\/product\/automatic-marie-biscuit-making-machine\/#breadcrumb\"},\"inLanguage\":\"pt-BR\",\"potentialAction\":[{\"@type\":\"ReadAction\",\"target\":[\"https:\/\/www.biscuitsolution.com\/product\/automatic-marie-biscuit-making-machine\/\"]}]},{\"@type\":\"ImageObject\",\"inLanguage\":\"pt-BR\",\"@id\":\"https:\/\/www.biscuitsolution.com\/product\/automatic-marie-biscuit-making-machine\/#primaryimage\",\"url\":\"https:\/\/www.biscuitsolution.com\/wp-content\/uploads\/2025\/02\/\u4e3b\u56fe-4.jpg\",\"contentUrl\":\"https:\/\/www.biscuitsolution.com\/wp-content\/uploads\/2025\/02\/\u4e3b\u56fe-4.jpg\",\"width\":600,\"height\":600,\"caption\":\"automatic marie biscuit making machine\"},{\"@type\":\"BreadcrumbList\",\"@id\":\"https:\/\/www.biscuitsolution.com\/product\/automatic-marie-biscuit-making-machine\/#breadcrumb\",\"itemListElement\":[{\"@type\":\"ListItem\",\"position\":1,\"name\":\"Home\",\"item\":\"https:\/\/www.biscuitsolution.com\/\"},{\"@type\":\"ListItem\",\"position\":2,\"name\":\"Product\",\"item\":\"https:\/\/www.biscuitsolution.com\/product\/\"},{\"@type\":\"ListItem\",\"position\":3,\"name\":\"Automatic Marie Biscuit Making Machine High Efficiency\"}]},{\"@type\":\"WebSite\",\"@id\":\"https:\/\/www.biscuitsolution.com\/#website\",\"url\":\"https:\/\/www.biscuitsolution.com\/\",\"name\":\"Biscuit Production Solution Manufacturer\",\"description\":\"\",\"potentialAction\":[{\"@type\":\"SearchAction\",\"target\":{\"@type\":\"EntryPoint\",\"urlTemplate\":\"https:\/\/www.biscuitsolution.com\/?s={search_term_string}\"},\"query-input\":{\"@type\":\"PropertyValueSpecification\",\"valueRequired\":true,\"valueName\":\"search_term_string\"}}],\"inLanguage\":\"pt-BR\"},false]}<\/script>\n<!-- \/ Yoast SEO plugin. -->","yoast_head_json":{"title":"M\u00e1quina autom\u00e1tica para fabrica\u00e7\u00e3o de biscoitos Marie de alta efici\u00eancia - Fabricante de solu\u00e7\u00f5es para produ\u00e7\u00e3o de biscoitos","description":"A m\u00e1quina autom\u00e1tica de biscoitos Marie Making tem alta capacidade e pode atender \u00e0s necessidades de f\u00e1bricas de diferentes tamanhos. Aumente a produ\u00e7\u00e3o e atualize a f\u00e1brica\u3002","robots":{"index":"index","follow":"follow","max-snippet":"max-snippet:-1","max-image-preview":"max-image-preview:large","max-video-preview":"max-video-preview:-1"},"canonical":"https:\/\/www.biscuitsolution.com\/pt\/produto\/automatic-marie-biscuit-making-machine\/","og_locale":"pt_BR","og_type":"article","og_title":"Automatic Marie Biscuit Making Machine High Efficiency - Biscuit Production Solution Manufacturer","og_description":"Automatic Marie Making biscuit machine has a high capacity and can meet the needs of factories of different sizes. Increase production and upgrade factory\u3002","og_url":"https:\/\/www.biscuitsolution.com\/pt\/produto\/automatic-marie-biscuit-making-machine\/","og_site_name":"Biscuit Production Solution Manufacturer","article_publisher":"https:\/\/www.facebook.com\/profile.php?id=100095205040823","og_image":[{"width":600,"height":600,"url":"https:\/\/www.biscuitsolution.com\/wp-content\/uploads\/2025\/02\/\u4e3b\u56fe-4.jpg","type":"image\/jpeg"}],"twitter_card":"summary_large_image","twitter_site":"@shanna_zha26342","twitter_misc":{"Est. tempo de leitura":"4 minutos"},"schema":{"@context":"https:\/\/schema.org","@graph":[{"@type":"WebPage","@id":"https:\/\/www.biscuitsolution.com\/product\/automatic-marie-biscuit-making-machine\/","url":"https:\/\/www.biscuitsolution.com\/product\/automatic-marie-biscuit-making-machine\/","name":"M\u00e1quina autom\u00e1tica para fabrica\u00e7\u00e3o de biscoitos Marie de alta efici\u00eancia - Fabricante de solu\u00e7\u00f5es para produ\u00e7\u00e3o de biscoitos","isPartOf":{"@id":"https:\/\/www.biscuitsolution.com\/#website"},"primaryImageOfPage":{"@id":"https:\/\/www.biscuitsolution.com\/product\/automatic-marie-biscuit-making-machine\/#primaryimage"},"image":{"@id":"https:\/\/www.biscuitsolution.com\/product\/automatic-marie-biscuit-making-machine\/#primaryimage"},"thumbnailUrl":"https:\/\/www.biscuitsolution.com\/wp-content\/uploads\/2025\/02\/\u4e3b\u56fe-4.jpg","datePublished":"2025-02-19T09:41:13+00:00","description":"A m\u00e1quina autom\u00e1tica de biscoitos Marie Making tem alta capacidade e pode atender \u00e0s necessidades de f\u00e1bricas de diferentes tamanhos. Aumente a produ\u00e7\u00e3o e atualize a f\u00e1brica\u3002","breadcrumb":{"@id":"https:\/\/www.biscuitsolution.com\/product\/automatic-marie-biscuit-making-machine\/#breadcrumb"},"inLanguage":"pt-BR","potentialAction":[{"@type":"ReadAction","target":["https:\/\/www.biscuitsolution.com\/product\/automatic-marie-biscuit-making-machine\/"]}]},{"@type":"ImageObject","inLanguage":"pt-BR","@id":"https:\/\/www.biscuitsolution.com\/product\/automatic-marie-biscuit-making-machine\/#primaryimage","url":"https:\/\/www.biscuitsolution.com\/wp-content\/uploads\/2025\/02\/\u4e3b\u56fe-4.jpg","contentUrl":"https:\/\/www.biscuitsolution.com\/wp-content\/uploads\/2025\/02\/\u4e3b\u56fe-4.jpg","width":600,"height":600,"caption":"automatic marie biscuit making machine"},{"@type":"BreadcrumbList","@id":"https:\/\/www.biscuitsolution.com\/product\/automatic-marie-biscuit-making-machine\/#breadcrumb","itemListElement":[{"@type":"ListItem","position":1,"name":"Home","item":"https:\/\/www.biscuitsolution.com\/"},{"@type":"ListItem","position":2,"name":"Product","item":"https:\/\/www.biscuitsolution.com\/product\/"},{"@type":"ListItem","position":3,"name":"Automatic Marie Biscuit Making Machine High Efficiency"}]},{"@type":"WebSite","@id":"https:\/\/www.biscuitsolution.com\/#website","url":"https:\/\/www.biscuitsolution.com\/","name":"Fabricante de solu\u00e7\u00f5es para produ\u00e7\u00e3o de biscoitos","description":"","potentialAction":[{"@type":"SearchAction","target":{"@type":"EntryPoint","urlTemplate":"https:\/\/www.biscuitsolution.com\/?s={search_term_string}"},"query-input":{"@type":"PropertyValueSpecification","valueRequired":true,"valueName":"search_term_string"}}],"inLanguage":"pt-BR"},false]}},"yasr_visitor_votes":{"stars_attributes":{"read_only":false,"span_bottom":false},"number_of_votes":2,"sum_votes":10},"_links":{"self":[{"href":"https:\/\/www.biscuitsolution.com\/pt\/wp-json\/wp\/v2\/product\/4695","targetHints":{"allow":["GET"]}}],"collection":[{"href":"https:\/\/www.biscuitsolution.com\/pt\/wp-json\/wp\/v2\/product"}],"about":[{"href":"https:\/\/www.biscuitsolution.com\/pt\/wp-json\/wp\/v2\/types\/product"}],"replies":[{"embeddable":true,"href":"https:\/\/www.biscuitsolution.com\/pt\/wp-json\/wp\/v2\/comments?post=4695"}],"version-history":[{"count":1,"href":"https:\/\/www.biscuitsolution.com\/pt\/wp-json\/wp\/v2\/product\/4695\/revisions"}],"predecessor-version":[{"id":4701,"href":"https:\/\/www.biscuitsolution.com\/pt\/wp-json\/wp\/v2\/product\/4695\/revisions\/4701"}],"wp:featuredmedia":[{"embeddable":true,"href":"https:\/\/www.biscuitsolution.com\/pt\/wp-json\/wp\/v2\/media\/4697"}],"wp:attachment":[{"href":"https:\/\/www.biscuitsolution.com\/pt\/wp-json\/wp\/v2\/media?parent=4695"}],"wp:term":[{"taxonomy":"product_brand","embeddable":true,"href":"https:\/\/www.biscuitsolution.com\/pt\/wp-json\/wp\/v2\/product_brand?post=4695"},{"taxonomy":"product_cat","embeddable":true,"href":"https:\/\/www.biscuitsolution.com\/pt\/wp-json\/wp\/v2\/product_cat?post=4695"},{"taxonomy":"product_tag","embeddable":true,"href":"https:\/\/www.biscuitsolution.com\/pt\/wp-json\/wp\/v2\/product_tag?post=4695"}],"curies":[{"name":"wp","href":"https:\/\/api.w.org\/{rel}","templated":true}]}}