{"id":4673,"date":"2025-02-19T09:17:50","date_gmt":"2025-02-19T09:17:50","guid":{"rendered":"https:\/\/www.biscuitsolution.com\/?post_type=product&#038;p=4673"},"modified":"2025-12-23T14:27:21","modified_gmt":"2025-12-23T06:27:21","slug":"lady-finger-biscuit-production-line","status":"publish","type":"product","link":"https:\/\/www.biscuitsolution.com\/pt\/produto\/lady-finger-biscuit-production-line\/","title":{"rendered":"Garantia de qualidade da linha de produ\u00e7\u00e3o de biscoitos Lady Finger"},"content":{"rendered":"<p>Nosso <strong>Linha de produ\u00e7\u00e3o de biscoitos lady finger<\/strong> garante qualidade consistente em todos os est\u00e1gios - da mistura \u00e0 embalagem - protegendo a reputa\u00e7\u00e3o de sua marca com equipamentos confi\u00e1veis e de alto desempenho.<\/p>\n<p><img fetchpriority=\"high\" decoding=\"async\" class=\"alignnone size-full wp-image-4674\" src=\"https:\/\/www.biscuitsolution.com\/wp-content\/uploads\/2025\/02\/lady-finger-biscuit-production-line.jpg\" alt=\"Linha de produ\u00e7\u00e3o de biscoitos lady finger\" width=\"800\" height=\"450\" srcset=\"https:\/\/www.biscuitsolution.com\/wp-content\/uploads\/2025\/02\/lady-finger-biscuit-production-line.jpg 800w, https:\/\/www.biscuitsolution.com\/wp-content\/uploads\/2025\/02\/lady-finger-biscuit-production-line-600x338.jpg 600w, https:\/\/www.biscuitsolution.com\/wp-content\/uploads\/2025\/02\/lady-finger-biscuit-production-line-300x169.jpg 300w, https:\/\/www.biscuitsolution.com\/wp-content\/uploads\/2025\/02\/lady-finger-biscuit-production-line-768x432.jpg 768w\" sizes=\"(max-width: 800px) 100vw, 800px\" \/><\/p>\n<h2>A linha de produ\u00e7\u00e3o industrial de biscoitos de dedo utiliza equipamentos especializados<\/h2>\n<ul>\n<li>Mistura de mat\u00e9rias-primas: Um misturador horizontal de l\u00e2mina dupla ou um misturador planet\u00e1rio \u00e9 normalmente empregado para essa finalidade. Essas m\u00e1quinas s\u00e3o capazes de fornecer a pot\u00eancia de mistura adequada para garantir a mistura completa das mat\u00e9rias-primas. A velocidade e a dura\u00e7\u00e3o da mistura podem ser ajustadas de acordo com as propriedades da massa.<\/li>\n<li>Extrus\u00e3o e modelagem: A extrusora \u00e9 o componente central. Ela consiste em um funil projetado para armazenar a massa, um mecanismo de parafuso que impulsiona a massa para frente e bicos de extrus\u00e3o de formatos variados. A configura\u00e7\u00e3o e as dimens\u00f5es do bocal de extrus\u00e3o determinam a apar\u00eancia do biscoito de dedo. Ao alterar o bocal, \u00e9 poss\u00edvel fabricar biscoitos com especifica\u00e7\u00f5es diferentes.<\/li>\n<li>Etapa de cozimento: O forno de cozimento na linha de produ\u00e7\u00e3o de biscoitos lady finger \u00e9 aquecido a g\u00e1s ou eletricamente e \u00e9 equipado com um rack de bandeja de cozimento de v\u00e1rias camadas e um sistema de circula\u00e7\u00e3o de ar quente para garantir que o calor seja distribu\u00eddo uniformemente para que todos os biscoitos possam ser assados uniformemente.<\/li>\n<\/ul>\n<p><img decoding=\"async\" class=\"alignnone size-full wp-image-4675\" src=\"https:\/\/www.biscuitsolution.com\/wp-content\/uploads\/2025\/02\/lady-finger-biscuit.jpg\" alt=\"Linha industrial de biscoitos de dedo\" width=\"800\" height=\"450\" srcset=\"https:\/\/www.biscuitsolution.com\/wp-content\/uploads\/2025\/02\/lady-finger-biscuit.jpg 800w, https:\/\/www.biscuitsolution.com\/wp-content\/uploads\/2025\/02\/lady-finger-biscuit-600x338.jpg 600w, https:\/\/www.biscuitsolution.com\/wp-content\/uploads\/2025\/02\/lady-finger-biscuit-300x169.jpg 300w, https:\/\/www.biscuitsolution.com\/wp-content\/uploads\/2025\/02\/lady-finger-biscuit-768x432.jpg 768w\" sizes=\"(max-width: 800px) 100vw, 800px\" \/><\/p>\n<ul>\n<li>Est\u00e1gio de resfriamento: Normalmente, \u00e9 usada uma esteira transportadora de resfriamento ou um rack de resfriamento. A esteira transportadora de resfriamento pode resfriar gradualmente os biscoitos durante o movimento, e a velocidade e o ambiente de resfriamento podem ser controlados. O rack de resfriamento retira o calor dos biscoitos por meio de ventila\u00e7\u00e3o natural ou for\u00e7ada.<\/li>\n<li>Etapas de embalagem: H\u00e1 muitos tipos de equipamentos de embalagem, como m\u00e1quinas verticais de forma\u00e7\u00e3o-enchimento-selagem para embalar biscoitos individuais e m\u00e1quinas horizontais de embalagem com almofadas para embalagens combinadas de v\u00e1rias embalagens.<\/li>\n<\/ul>\n<h2 class=\"ds-markdown-paragraph\"><strong>Caracter\u00edsticas da linha Our Lady Finger Biscuit<\/strong><\/h2>\n<p class=\"ds-markdown-paragraph\">\u2705\u00a0<strong>Qualidade consistente<\/strong>\u00a0- Sistemas de controle avan\u00e7ados garantem a uniformidade de forma, tamanho, sabor e cor.<\/p>\n<p class=\"ds-markdown-paragraph\">\u2705\u00a0<strong>Sabor e aroma superiores<\/strong>\u00a0- Par\u00e2metros de cozimento ajust\u00e1veis (temperatura, tempo, umidade) para atender \u00e0s diversas prefer\u00eancias dos consumidores.<\/p>\n<h2><img decoding=\"async\" class=\"alignnone size-full wp-image-4676\" src=\"https:\/\/www.biscuitsolution.com\/wp-content\/uploads\/2025\/02\/lady-finger-biscuit-production-lines.jpg\" alt=\"Linha de produ\u00e7\u00e3o de biscoitos lady finger\" width=\"800\" height=\"450\" srcset=\"https:\/\/www.biscuitsolution.com\/wp-content\/uploads\/2025\/02\/lady-finger-biscuit-production-lines.jpg 800w, https:\/\/www.biscuitsolution.com\/wp-content\/uploads\/2025\/02\/lady-finger-biscuit-production-lines-600x338.jpg 600w, https:\/\/www.biscuitsolution.com\/wp-content\/uploads\/2025\/02\/lady-finger-biscuit-production-lines-300x169.jpg 300w, https:\/\/www.biscuitsolution.com\/wp-content\/uploads\/2025\/02\/lady-finger-biscuit-production-lines-768x432.jpg 768w\" sizes=\"(max-width: 800px) 100vw, 800px\" \/><\/h2>\n<p class=\"ds-markdown-paragraph\">\u2705\u00a0<strong>Efici\u00eancia energ\u00e9tica e de materiais<\/strong>\u00a0- Os motores que economizam energia e o aquecimento otimizado reduzem o consumo e o desperd\u00edcio.<\/p>\n<p class=\"ds-markdown-paragraph\">\u2705\u00a0<strong>Design higi\u00eanico<\/strong>\u00a0- Constru\u00e7\u00e3o em a\u00e7o inoxid\u00e1vel de grau aliment\u00edcio, f\u00e1cil de limpar, atende aos r\u00edgidos padr\u00f5es de seguran\u00e7a alimentar.<\/p>\n<p class=\"ds-markdown-paragraph\">\u2705\u00a0<strong>Flexibilidade de produ\u00e7\u00e3o<\/strong>\u00a0- Trocas r\u00e1pidas de molde e processos ajust\u00e1veis permitem uma ampla variedade de formas, tamanhos e sabores.<\/p>\n<p class=\"ds-markdown-paragraph\">\u2705\u00a0<strong>Resposta ao mercado<\/strong>\u00a0- Ajustes r\u00e1pidos de receitas e processos para lan\u00e7ar novos produtos alinhados \u00e0s tend\u00eancias.<\/p>\n<div class=\"ast-oembed-container\" style=\"height: 100%;\"><iframe title=\"Linha de produ\u00e7\u00e3o de biscoitos Processo de fabrica\u00e7\u00e3o completo da GELGOOG\" width=\"422\" height=\"750\" src=\"https:\/\/www.youtube.com\/embed\/G0pzAOl68z0?feature=oembed\" frameborder=\"0\" allow=\"accelerometer; autoplay; clipboard-write; encrypted-media; gyroscope; picture-in-picture; web-share\" referrerpolicy=\"strict-origin-when-cross-origin\" allowfullscreen><\/iframe><\/div>\n<p class=\"ds-markdown-paragraph\"><strong>Ideal para:<\/strong><\/p>\n<ul>\n<li>\n<p class=\"ds-markdown-paragraph\">Fabricantes de biscoitos em grande escala<\/p>\n<\/li>\n<li>\n<p class=\"ds-markdown-paragraph\">F\u00e1bricas de processamento de alimentos expandindo linhas de produtos<\/p>\n<\/li>\n<li>\n<p class=\"ds-markdown-paragraph\">Marcas com foco em qualidade e consist\u00eancia<\/p>\n<\/li>\n<li>\n<p class=\"ds-markdown-paragraph\">Unidades de produ\u00e7\u00e3o voltadas para a exporta\u00e7\u00e3o<\/p>\n<\/li>\n<\/ul>\n<hr \/>\n<p class=\"ds-markdown-paragraph\"><strong>Entre em contato conosco para obter uma solu\u00e7\u00e3o personalizada para a linha de biscoitos Lady Finger<\/strong><\/p>\n<p class=\"ds-markdown-paragraph\">Fornecemos linhas de produ\u00e7\u00e3o de ponta a ponta projetadas para efici\u00eancia, qualidade e escalabilidade, com o apoio de suporte t\u00e9cnico completo e servi\u00e7o p\u00f3s-venda.<\/p>\n<h2>Deixe uma mensagem para obter uma cota\u00e7\u00e3o<\/h2>\n\n<div class=\"wpcf7 no-js\" id=\"wpcf7-f4619-o1\" lang=\"en-US\" dir=\"ltr\" data-wpcf7-id=\"4619\">\n<div class=\"screen-reader-response\"><p role=\"status\" aria-live=\"polite\" aria-atomic=\"true\"><\/p> <ul><\/ul><\/div>\n<form action=\"\/pt\/wp-json\/wp\/v2\/product\/4673#wpcf7-f4619-o1\" method=\"post\" class=\"wpcf7-form init\" aria-label=\"Formul\u00e1rio de contato\" novalidate=\"novalidate\" data-status=\"init\" data-trp-original-action=\"\/pt\/wp-json\/wp\/v2\/product\/4673#wpcf7-f4619-o1\">\n<div style=\"display: none;\">\n<input type=\"hidden\" name=\"_wpcf7\" value=\"4619\" \/>\n<input type=\"hidden\" name=\"_wpcf7_version\" value=\"6.0.4\" \/>\n<input type=\"hidden\" name=\"_wpcf7_locale\" value=\"en_US\" \/>\n<input type=\"hidden\" name=\"_wpcf7_unit_tag\" value=\"wpcf7-f4619-o1\" \/>\n<input type=\"hidden\" name=\"_wpcf7_container_post\" value=\"0\" \/>\n<input type=\"hidden\" name=\"_wpcf7_posted_data_hash\" value=\"\" \/>\n<\/div>\n<p><label> Seu nome*<br \/>\n<span class=\"wpcf7-form-control-wrap\" data-name=\"your-name\"><input size=\"40\" maxlength=\"400\" class=\"wpcf7-form-control wpcf7-text wpcf7-validates-as-required\" aria-required=\"true\" aria-invalid=\"false\" value=\"\" type=\"text\" name=\"your-name\" \/><\/span> <\/label>\n<\/p>\n<p><label> Seu pa\u00eds<br \/>\n<span class=\"wpcf7-form-control-wrap\" data-name=\"your-country\"><input size=\"40\" maxlength=\"400\" class=\"wpcf7-form-control wpcf7-text\" aria-invalid=\"false\" value=\"\" type=\"text\" name=\"your-country\" \/><\/span><\/label>\n<\/p>\n<p><label> Seu e-mail*<br \/>\n<span class=\"wpcf7-form-control-wrap\" data-name=\"your-email\"><input size=\"40\" maxlength=\"400\" class=\"wpcf7-form-control wpcf7-email wpcf7-validates-as-required wpcf7-text wpcf7-validates-as-email\" aria-required=\"true\" aria-invalid=\"false\" value=\"\" type=\"email\" name=\"your-email\" \/><\/span> <\/label>\n<\/p>\n<p><label> Seu telefone<br \/>\n<span class=\"wpcf7-form-control-wrap\" data-name=\"your-phone\"><input size=\"40\" maxlength=\"400\" class=\"wpcf7-form-control wpcf7-tel wpcf7-text wpcf7-validates-as-tel\" aria-invalid=\"false\" value=\"\" type=\"tel\" name=\"your-phone\" \/><\/span> <\/label>\n<\/p>\n<p><label> Nome de sua empresa<br \/>\n<span class=\"wpcf7-form-control-wrap\" data-name=\"text-457\"><input size=\"40\" maxlength=\"400\" class=\"wpcf7-form-control wpcf7-text\" aria-invalid=\"false\" value=\"\" type=\"text\" name=\"text-457\" \/><\/span> <\/label>\n<\/p>\n<p><label> Site de sua empresa<br \/>\n<span class=\"wpcf7-form-control-wrap\" data-name=\"text-546\"><input size=\"40\" maxlength=\"400\" class=\"wpcf7-form-control wpcf7-text\" aria-invalid=\"false\" value=\"\" type=\"text\" name=\"text-546\" \/><\/span> <\/label>\n<\/p>\n<p><label> Seu requisito*<br \/>\n<span class=\"wpcf7-form-control-wrap\" data-name=\"your-message\"><textarea cols=\"40\" rows=\"10\" maxlength=\"2000\" class=\"wpcf7-form-control wpcf7-textarea wpcf7-validates-as-required\" aria-required=\"true\" aria-invalid=\"false\" name=\"your-message\"><\/textarea><\/span> <\/label>\n<\/p>\n<p><input class=\"wpcf7-form-control wpcf7-submit has-spinner\" type=\"submit\" value=\"Enviar\" \/>\n<\/p><p style=\"display: none !important;\" class=\"akismet-fields-container\" data-prefix=\"_wpcf7_ak_\"><label>&#916;<textarea name=\"_wpcf7_ak_hp_textarea\" cols=\"45\" rows=\"8\" maxlength=\"100\"><\/textarea><\/label><input type=\"hidden\" id=\"ak_js_1\" name=\"_wpcf7_ak_js\" value=\"3\"\/><script>document.getElementById( \"ak_js_1\" ).setAttribute( \"value\", ( new Date() ).getTime() );<\/script><\/p><div class=\"wpcf7-response-output\" aria-hidden=\"true\"><\/div>\n<input type=\"hidden\" name=\"trp-form-language\" value=\"pt\"\/><\/form>\n<\/div>\n\n<p>&nbsp;<\/p>\n<div style='text-align:left' class='yasr-auto-insert-visitor'><\/div>","protected":false},"excerpt":{"rendered":"<p>Marca: GELGOOG<\/p>\n<p>E-mail: shanna@machinehall.com<\/p>\n<p>Tel: +8618638676709<\/p>\n<p>Capacidade: 100~2000KG\/H<\/p>\n<p>Tens\u00e3o: 380V<\/p>","protected":false},"featured_media":4677,"comment_status":"open","ping_status":"closed","template":"","meta":{"site-sidebar-layout":"default","site-content-layout":"","ast-site-content-layout":"default","site-content-style":"default","site-sidebar-style":"default","ast-global-header-display":"","ast-banner-title-visibility":"","ast-main-header-display":"","ast-hfb-above-header-display":"","ast-hfb-below-header-display":"","ast-hfb-mobile-header-display":"","site-post-title":"","ast-breadcrumbs-content":"","ast-featured-img":"","footer-sml-layout":"","theme-transparent-header-meta":"default","adv-header-id-meta":"","stick-header-meta":"","header-above-stick-meta":"","header-main-stick-meta":"","header-below-stick-meta":"","astra-migrate-meta-layouts":"set","ast-page-background-enabled":"default","ast-page-background-meta":{"desktop":{"background-color":"","background-image":"","background-repeat":"repeat","background-position":"center center","background-size":"auto","background-attachment":"scroll","background-type":"","background-media":"","overlay-type":"","overlay-color":"","overlay-opacity":"","overlay-gradient":""},"tablet":{"background-color":"","background-image":"","background-repeat":"repeat","background-position":"center center","background-size":"auto","background-attachment":"scroll","background-type":"","background-media":"","overlay-type":"","overlay-color":"","overlay-opacity":"","overlay-gradient":""},"mobile":{"background-color":"","background-image":"","background-repeat":"repeat","background-position":"center center","background-size":"auto","background-attachment":"scroll","background-type":"","background-media":"","overlay-type":"","overlay-color":"","overlay-opacity":"","overlay-gradient":""}},"ast-content-background-meta":{"desktop":{"background-color":"var(--ast-global-color-5)","background-image":"","background-repeat":"repeat","background-position":"center center","background-size":"auto","background-attachment":"scroll","background-type":"","background-media":"","overlay-type":"","overlay-color":"","overlay-opacity":"","overlay-gradient":""},"tablet":{"background-color":"var(--ast-global-color-5)","background-image":"","background-repeat":"repeat","background-position":"center center","background-size":"auto","background-attachment":"scroll","background-type":"","background-media":"","overlay-type":"","overlay-color":"","overlay-opacity":"","overlay-gradient":""},"mobile":{"background-color":"var(--ast-global-color-5)","background-image":"","background-repeat":"repeat","background-position":"center center","background-size":"auto","background-attachment":"scroll","background-type":"","background-media":"","overlay-type":"","overlay-color":"","overlay-opacity":"","overlay-gradient":""}},"yasr_overall_rating":5,"yasr_post_is_review":"","yasr_auto_insert_disabled":"","yasr_review_type":""},"product_brand":[],"product_cat":[25],"product_tag":[],"class_list":{"0":"post-4673","1":"product","2":"type-product","3":"status-publish","4":"has-post-thumbnail","6":"product_cat-soft-biscuit-production-line","7":"desktop-align-left","8":"tablet-align-left","9":"mobile-align-left","11":"first","12":"instock","13":"shipping-taxable","14":"product-type-simple"},"yoast_head":"<!-- This site is optimized with the Yoast SEO plugin v24.4 - https:\/\/yoast.com\/wordpress\/plugins\/seo\/ -->\n<title>Lady Finger Biscuit Production Line Quality Assurance - Biscuit Production Solution Manufacturer<\/title>\n<meta name=\"description\" content=\"lady finger biscuit production line is a set of automated equipment used for producing finger biscuits that realize continuous and large-scale production.\" \/>\n<meta name=\"robots\" content=\"index, follow, max-snippet:-1, max-image-preview:large, max-video-preview:-1\" \/>\n<link rel=\"canonical\" href=\"https:\/\/www.biscuitsolution.com\/pt\/produto\/lady-finger-biscuit-production-line\/\" \/>\n<meta property=\"og:locale\" content=\"pt_BR\" \/>\n<meta property=\"og:type\" content=\"article\" \/>\n<meta property=\"og:title\" content=\"Lady Finger Biscuit Production Line Quality Assurance - Biscuit Production Solution Manufacturer\" \/>\n<meta property=\"og:description\" content=\"lady finger biscuit production line is a set of automated equipment used for producing finger biscuits that realize continuous and large-scale production.\" \/>\n<meta property=\"og:url\" content=\"https:\/\/www.biscuitsolution.com\/pt\/produto\/lady-finger-biscuit-production-line\/\" \/>\n<meta property=\"og:site_name\" content=\"Biscuit Production Solution Manufacturer\" \/>\n<meta property=\"article:publisher\" content=\"https:\/\/www.facebook.com\/profile.php?id=100095205040823\" \/>\n<meta property=\"article:modified_time\" content=\"2025-12-23T06:27:21+00:00\" \/>\n<meta property=\"og:image\" content=\"https:\/\/www.biscuitsolution.com\/wp-content\/uploads\/2025\/02\/\u4e3b\u56fe-1.jpg\" \/>\n\t<meta property=\"og:image:width\" content=\"600\" \/>\n\t<meta property=\"og:image:height\" content=\"600\" \/>\n\t<meta property=\"og:image:type\" content=\"image\/jpeg\" \/>\n<meta name=\"twitter:card\" content=\"summary_large_image\" \/>\n<meta name=\"twitter:site\" content=\"@shanna_zha26342\" \/>\n<meta name=\"twitter:label1\" content=\"Est. tempo de leitura\" \/>\n\t<meta name=\"twitter:data1\" content=\"3 minutos\" \/>\n<script type=\"application\/ld+json\" class=\"yoast-schema-graph\">{\"@context\":\"https:\/\/schema.org\",\"@graph\":[{\"@type\":\"WebPage\",\"@id\":\"https:\/\/www.biscuitsolution.com\/product\/lady-finger-biscuit-production-line\/\",\"url\":\"https:\/\/www.biscuitsolution.com\/product\/lady-finger-biscuit-production-line\/\",\"name\":\"Lady Finger Biscuit Production Line Quality Assurance - Biscuit Production Solution Manufacturer\",\"isPartOf\":{\"@id\":\"https:\/\/www.biscuitsolution.com\/#website\"},\"primaryImageOfPage\":{\"@id\":\"https:\/\/www.biscuitsolution.com\/product\/lady-finger-biscuit-production-line\/#primaryimage\"},\"image\":{\"@id\":\"https:\/\/www.biscuitsolution.com\/product\/lady-finger-biscuit-production-line\/#primaryimage\"},\"thumbnailUrl\":\"https:\/\/www.biscuitsolution.com\/wp-content\/uploads\/2025\/02\/\u4e3b\u56fe-1.jpg\",\"datePublished\":\"2025-02-19T09:17:50+00:00\",\"dateModified\":\"2025-12-23T06:27:21+00:00\",\"description\":\"lady finger biscuit production line is a set of automated equipment used for producing finger biscuits that realize continuous and large-scale production.\",\"breadcrumb\":{\"@id\":\"https:\/\/www.biscuitsolution.com\/product\/lady-finger-biscuit-production-line\/#breadcrumb\"},\"inLanguage\":\"pt-BR\",\"potentialAction\":[{\"@type\":\"ReadAction\",\"target\":[\"https:\/\/www.biscuitsolution.com\/product\/lady-finger-biscuit-production-line\/\"]}]},{\"@type\":\"ImageObject\",\"inLanguage\":\"pt-BR\",\"@id\":\"https:\/\/www.biscuitsolution.com\/product\/lady-finger-biscuit-production-line\/#primaryimage\",\"url\":\"https:\/\/www.biscuitsolution.com\/wp-content\/uploads\/2025\/02\/\u4e3b\u56fe-1.jpg\",\"contentUrl\":\"https:\/\/www.biscuitsolution.com\/wp-content\/uploads\/2025\/02\/\u4e3b\u56fe-1.jpg\",\"width\":600,\"height\":600},{\"@type\":\"BreadcrumbList\",\"@id\":\"https:\/\/www.biscuitsolution.com\/product\/lady-finger-biscuit-production-line\/#breadcrumb\",\"itemListElement\":[{\"@type\":\"ListItem\",\"position\":1,\"name\":\"Home\",\"item\":\"https:\/\/www.biscuitsolution.com\/\"},{\"@type\":\"ListItem\",\"position\":2,\"name\":\"Product\",\"item\":\"https:\/\/www.biscuitsolution.com\/product\/\"},{\"@type\":\"ListItem\",\"position\":3,\"name\":\"Lady Finger Biscuit Production Line Quality Assurance\"}]},{\"@type\":\"WebSite\",\"@id\":\"https:\/\/www.biscuitsolution.com\/#website\",\"url\":\"https:\/\/www.biscuitsolution.com\/\",\"name\":\"Biscuit Production Solution Manufacturer\",\"description\":\"\",\"potentialAction\":[{\"@type\":\"SearchAction\",\"target\":{\"@type\":\"EntryPoint\",\"urlTemplate\":\"https:\/\/www.biscuitsolution.com\/?s={search_term_string}\"},\"query-input\":{\"@type\":\"PropertyValueSpecification\",\"valueRequired\":true,\"valueName\":\"search_term_string\"}}],\"inLanguage\":\"pt-BR\"},false]}<\/script>\n<!-- \/ Yoast SEO plugin. -->","yoast_head_json":{"title":"Garantia de qualidade da linha de produ\u00e7\u00e3o de biscoitos Lady Finger - Fabricante de solu\u00e7\u00f5es de produ\u00e7\u00e3o de biscoitos","description":"A linha de produ\u00e7\u00e3o de biscoitos tipo \"lady finger biscuit\" \u00e9 um conjunto de equipamentos automatizados usados para a produ\u00e7\u00e3o de biscoitos tipo \"finger biscuit\" que realizam produ\u00e7\u00e3o cont\u00ednua e em larga escala.","robots":{"index":"index","follow":"follow","max-snippet":"max-snippet:-1","max-image-preview":"max-image-preview:large","max-video-preview":"max-video-preview:-1"},"canonical":"https:\/\/www.biscuitsolution.com\/pt\/produto\/lady-finger-biscuit-production-line\/","og_locale":"pt_BR","og_type":"article","og_title":"Lady Finger Biscuit Production Line Quality Assurance - Biscuit Production Solution Manufacturer","og_description":"lady finger biscuit production line is a set of automated equipment used for producing finger biscuits that realize continuous and large-scale production.","og_url":"https:\/\/www.biscuitsolution.com\/pt\/produto\/lady-finger-biscuit-production-line\/","og_site_name":"Biscuit Production Solution Manufacturer","article_publisher":"https:\/\/www.facebook.com\/profile.php?id=100095205040823","article_modified_time":"2025-12-23T06:27:21+00:00","og_image":[{"width":600,"height":600,"url":"https:\/\/www.biscuitsolution.com\/wp-content\/uploads\/2025\/02\/\u4e3b\u56fe-1.jpg","type":"image\/jpeg"}],"twitter_card":"summary_large_image","twitter_site":"@shanna_zha26342","twitter_misc":{"Est. tempo de leitura":"3 minutos"},"schema":{"@context":"https:\/\/schema.org","@graph":[{"@type":"WebPage","@id":"https:\/\/www.biscuitsolution.com\/product\/lady-finger-biscuit-production-line\/","url":"https:\/\/www.biscuitsolution.com\/product\/lady-finger-biscuit-production-line\/","name":"Garantia de qualidade da linha de produ\u00e7\u00e3o de biscoitos Lady Finger - Fabricante de solu\u00e7\u00f5es de produ\u00e7\u00e3o de biscoitos","isPartOf":{"@id":"https:\/\/www.biscuitsolution.com\/#website"},"primaryImageOfPage":{"@id":"https:\/\/www.biscuitsolution.com\/product\/lady-finger-biscuit-production-line\/#primaryimage"},"image":{"@id":"https:\/\/www.biscuitsolution.com\/product\/lady-finger-biscuit-production-line\/#primaryimage"},"thumbnailUrl":"https:\/\/www.biscuitsolution.com\/wp-content\/uploads\/2025\/02\/\u4e3b\u56fe-1.jpg","datePublished":"2025-02-19T09:17:50+00:00","dateModified":"2025-12-23T06:27:21+00:00","description":"A linha de produ\u00e7\u00e3o de biscoitos tipo \"lady finger biscuit\" \u00e9 um conjunto de equipamentos automatizados usados para a produ\u00e7\u00e3o de biscoitos tipo \"finger biscuit\" que realizam produ\u00e7\u00e3o cont\u00ednua e em larga escala.","breadcrumb":{"@id":"https:\/\/www.biscuitsolution.com\/product\/lady-finger-biscuit-production-line\/#breadcrumb"},"inLanguage":"pt-BR","potentialAction":[{"@type":"ReadAction","target":["https:\/\/www.biscuitsolution.com\/product\/lady-finger-biscuit-production-line\/"]}]},{"@type":"ImageObject","inLanguage":"pt-BR","@id":"https:\/\/www.biscuitsolution.com\/product\/lady-finger-biscuit-production-line\/#primaryimage","url":"https:\/\/www.biscuitsolution.com\/wp-content\/uploads\/2025\/02\/\u4e3b\u56fe-1.jpg","contentUrl":"https:\/\/www.biscuitsolution.com\/wp-content\/uploads\/2025\/02\/\u4e3b\u56fe-1.jpg","width":600,"height":600},{"@type":"BreadcrumbList","@id":"https:\/\/www.biscuitsolution.com\/product\/lady-finger-biscuit-production-line\/#breadcrumb","itemListElement":[{"@type":"ListItem","position":1,"name":"Home","item":"https:\/\/www.biscuitsolution.com\/"},{"@type":"ListItem","position":2,"name":"Product","item":"https:\/\/www.biscuitsolution.com\/product\/"},{"@type":"ListItem","position":3,"name":"Lady Finger Biscuit Production Line Quality Assurance"}]},{"@type":"WebSite","@id":"https:\/\/www.biscuitsolution.com\/#website","url":"https:\/\/www.biscuitsolution.com\/","name":"Fabricante de solu\u00e7\u00f5es para produ\u00e7\u00e3o de biscoitos","description":"","potentialAction":[{"@type":"SearchAction","target":{"@type":"EntryPoint","urlTemplate":"https:\/\/www.biscuitsolution.com\/?s={search_term_string}"},"query-input":{"@type":"PropertyValueSpecification","valueRequired":true,"valueName":"search_term_string"}}],"inLanguage":"pt-BR"},false]}},"yasr_visitor_votes":{"stars_attributes":{"read_only":false,"span_bottom":false},"number_of_votes":1,"sum_votes":5},"_links":{"self":[{"href":"https:\/\/www.biscuitsolution.com\/pt\/wp-json\/wp\/v2\/product\/4673","targetHints":{"allow":["GET"]}}],"collection":[{"href":"https:\/\/www.biscuitsolution.com\/pt\/wp-json\/wp\/v2\/product"}],"about":[{"href":"https:\/\/www.biscuitsolution.com\/pt\/wp-json\/wp\/v2\/types\/product"}],"replies":[{"embeddable":true,"href":"https:\/\/www.biscuitsolution.com\/pt\/wp-json\/wp\/v2\/comments?post=4673"}],"version-history":[{"count":3,"href":"https:\/\/www.biscuitsolution.com\/pt\/wp-json\/wp\/v2\/product\/4673\/revisions"}],"predecessor-version":[{"id":5860,"href":"https:\/\/www.biscuitsolution.com\/pt\/wp-json\/wp\/v2\/product\/4673\/revisions\/5860"}],"wp:featuredmedia":[{"embeddable":true,"href":"https:\/\/www.biscuitsolution.com\/pt\/wp-json\/wp\/v2\/media\/4677"}],"wp:attachment":[{"href":"https:\/\/www.biscuitsolution.com\/pt\/wp-json\/wp\/v2\/media?parent=4673"}],"wp:term":[{"taxonomy":"product_brand","embeddable":true,"href":"https:\/\/www.biscuitsolution.com\/pt\/wp-json\/wp\/v2\/product_brand?post=4673"},{"taxonomy":"product_cat","embeddable":true,"href":"https:\/\/www.biscuitsolution.com\/pt\/wp-json\/wp\/v2\/product_cat?post=4673"},{"taxonomy":"product_tag","embeddable":true,"href":"https:\/\/www.biscuitsolution.com\/pt\/wp-json\/wp\/v2\/product_tag?post=4673"}],"curies":[{"name":"wp","href":"https:\/\/api.w.org\/{rel}","templated":true}]}}