{"id":4668,"date":"2025-02-19T09:10:24","date_gmt":"2025-02-19T09:10:24","guid":{"rendered":"https:\/\/www.biscuitsolution.com\/?post_type=product&#038;p=4668"},"modified":"2025-02-19T09:10:24","modified_gmt":"2025-02-19T09:10:24","slug":"automatic-marie-biscuit-production-line","status":"publish","type":"product","link":"https:\/\/www.biscuitsolution.com\/pt\/produto\/automatic-marie-biscuit-production-line\/","title":{"rendered":"Linha de produ\u00e7\u00e3o autom\u00e1tica de biscoitos Marie com acionamento el\u00e9trico"},"content":{"rendered":"<p>O <strong>linha de produ\u00e7\u00e3o autom\u00e1tica de biscoitos marie<\/strong>\u00a0O processo de produ\u00e7\u00e3o industrial \u00e9 dividido em quatro etapas, principalmente a mistura da mat\u00e9ria-prima, a forma\u00e7\u00e3o da massa, a forma\u00e7\u00e3o do biscoito, o cozimento, o resfriamento e a embalagem.<\/p>\n<p><img fetchpriority=\"high\" decoding=\"async\" class=\"alignnone size-full wp-image-4669\" src=\"https:\/\/www.biscuitsolution.com\/wp-content\/uploads\/2025\/02\/automatic-marie-biscuit-production-line.jpg\" alt=\"linha de produ\u00e7\u00e3o autom\u00e1tica de biscoitos marie\" width=\"800\" height=\"450\" srcset=\"https:\/\/www.biscuitsolution.com\/wp-content\/uploads\/2025\/02\/automatic-marie-biscuit-production-line.jpg 800w, https:\/\/www.biscuitsolution.com\/wp-content\/uploads\/2025\/02\/automatic-marie-biscuit-production-line-600x338.jpg 600w, https:\/\/www.biscuitsolution.com\/wp-content\/uploads\/2025\/02\/automatic-marie-biscuit-production-line-300x169.jpg 300w, https:\/\/www.biscuitsolution.com\/wp-content\/uploads\/2025\/02\/automatic-marie-biscuit-production-line-768x432.jpg 768w\" sizes=\"(max-width: 800px) 100vw, 800px\" \/><\/p>\n<h2>Principais componentes da linha de produ\u00e7\u00e3o de biscoitos Marie<\/h2>\n<ul>\n<li>Misturador de massa: inclui misturador de massa horizontal e misturador de massa vertical, usado para misturar uniformemente farinha, \u00e1gua, a\u00e7\u00facar e outras mat\u00e9rias-primas na massa.<\/li>\n<li>M\u00e1quina autom\u00e1tica de despejo de massa e sistema de alimenta\u00e7\u00e3o: despeja automaticamente a massa amassada no equipamento de forma\u00e7\u00e3o subsequente.<\/li>\n<li>M\u00e1quina de lamina\u00e7\u00e3o de tr\u00eas rolos: pressiona a massa em folhas finas para prepar\u00e1-la para a forma\u00e7\u00e3o.<\/li>\n<li>M\u00e1quina de lamina\u00e7\u00e3o: empilha v\u00e1rias camadas de folhas de massa fina para aumentar a estratifica\u00e7\u00e3o dos biscoitos.<\/li>\n<li>M\u00e1quina formadora: incluindo m\u00e1quina formadora de cortador rotativo e m\u00e1quina formadora de molde, que corta ou pressiona a massa em biscoitos de diferentes formatos, conforme necess\u00e1rio.<\/li>\n<li>Forno t\u00fanel: utiliza uma variedade de fontes de aquecimento (como eletricidade, g\u00e1s, \u00f3leo diesel, etc.) para assar a massa e torn\u00e1-la crocante e com biscoitos deliciosos.<\/li>\n<li>Esteira de resfriamento e m\u00e1quina de empilhamento: resfrie e empilhe os biscoitos assados para posterior embalagem.<\/li>\n<li>M\u00e1quina de embalagem: Embale os biscoitos resfriados para garantir que os produtos permane\u00e7am frescos durante o transporte e as vendas.<\/li>\n<\/ul>\n<p><img decoding=\"async\" class=\"alignnone size-full wp-image-4670\" src=\"https:\/\/www.biscuitsolution.com\/wp-content\/uploads\/2025\/02\/automatic-marie-biscuit-production-lines.jpg\" alt=\"linha de produ\u00e7\u00e3o de biscoitos marie\" width=\"800\" height=\"450\" srcset=\"https:\/\/www.biscuitsolution.com\/wp-content\/uploads\/2025\/02\/automatic-marie-biscuit-production-lines.jpg 800w, https:\/\/www.biscuitsolution.com\/wp-content\/uploads\/2025\/02\/automatic-marie-biscuit-production-lines-600x338.jpg 600w, https:\/\/www.biscuitsolution.com\/wp-content\/uploads\/2025\/02\/automatic-marie-biscuit-production-lines-300x169.jpg 300w, https:\/\/www.biscuitsolution.com\/wp-content\/uploads\/2025\/02\/automatic-marie-biscuit-production-lines-768x432.jpg 768w\" sizes=\"(max-width: 800px) 100vw, 800px\" \/><\/p>\n<h2>Linha de produ\u00e7\u00e3o autom\u00e1tica de biscoitos Marie Processo de produ\u00e7\u00e3o<\/h2>\n<ul>\n<li>Mistura de mat\u00e9ria-prima: Coloque farinha, \u00e1gua, a\u00e7\u00facar e outras mat\u00e9rias-primas no misturador de massa e misture-os para formar uma massa uniforme.<\/li>\n<li>Forma\u00e7\u00e3o da massa: A massa misturada \u00e9 enviada para a laminadora de tr\u00eas rolos e para a m\u00e1quina de lamina\u00e7\u00e3o por meio da m\u00e1quina autom\u00e1tica de despejo de massa e do sistema de alimenta\u00e7\u00e3o, prensada em folhas finas e empilhada em v\u00e1rias camadas.<\/li>\n<li>Forma\u00e7\u00e3o de biscoitos: A massa de v\u00e1rias camadas \u00e9 cortada ou pressionada no formato exclusivo dos biscoitos Marie pela m\u00e1quina de moldagem.<\/li>\n<li>Cozimento: Os biscoitos formados s\u00e3o enviados ao forno t\u00fanel para serem assados e ficarem crocantes.<\/li>\n<li>Resfriamento e embalagem: Depois que os biscoitos assados s\u00e3o resfriados pela esteira transportadora de resfriamento, eles s\u00e3o empilhados pela m\u00e1quina de empilhamento e, finalmente, embalados pela m\u00e1quina de embalagem<\/li>\n<\/ul>\n<div class=\"ast-oembed-container\" style=\"height: 100%;\"><iframe title=\"Produ\u00e7\u00e3o super alta! Linha de produ\u00e7\u00e3o de biscoitos duros totalmente autom\u00e1tica\" width=\"500\" height=\"281\" src=\"https:\/\/www.youtube.com\/embed\/--GGk0Xd-so?feature=oembed\" frameborder=\"0\" allow=\"accelerometer; autoplay; clipboard-write; encrypted-media; gyroscope; picture-in-picture; web-share\" referrerpolicy=\"strict-origin-when-cross-origin\" allowfullscreen><\/iframe><\/div>\n<h2>Caracter\u00edsticas da linha de produ\u00e7\u00e3o de biscoitos Marie<\/h2>\n<ul>\n<li>Opera\u00e7\u00e3o totalmente automatizada: Uma s\u00e9rie de processos, desde o transporte de mat\u00e9ria-prima, mistura, moldagem, cozimento, pulveriza\u00e7\u00e3o de \u00f3leo, resfriamento at\u00e9 a embalagem, s\u00e3o todos conclu\u00eddos por equipamentos automatizados, o que reduz bastante a interven\u00e7\u00e3o manual e melhora a efici\u00eancia da produ\u00e7\u00e3o e a estabilidade da qualidade do produto<\/li>\n<li>Troca e ajuste r\u00e1pidos do molde: O equipamento de moldagem da linha de produ\u00e7\u00e3o geralmente tem a fun\u00e7\u00e3o de troca e ajuste r\u00e1pido do molde, o que pode concluir a substitui\u00e7\u00e3o do molde e o ajuste dos par\u00e2metros do equipamento em um curto espa\u00e7o de tempo, reduzir o tempo de troca da produ\u00e7\u00e3o e melhorar a utiliza\u00e7\u00e3o do equipamento.<\/li>\n<li>Opera\u00e7\u00e3o cont\u00ednua e est\u00e1vel: A linha de produ\u00e7\u00e3o autom\u00e1tica de biscoitos marie tem um design razo\u00e1vel, estrutura compacta e conex\u00e3o estreita entre v\u00e1rias partes. Ela pode alcan\u00e7ar uma opera\u00e7\u00e3o de produ\u00e7\u00e3o cont\u00ednua e est\u00e1vel a longo prazo, e a capacidade de produ\u00e7\u00e3o geralmente \u00e9 alta.<\/li>\n<li>Produ\u00e7\u00e3o de v\u00e1rios produtos: Os biscoitos Marie de v\u00e1rios formatos, sabores e especifica\u00e7\u00f5es podem ser produzidos substituindo-se diferentes moldes e ajustando-se o processo de produ\u00e7\u00e3o.<\/li>\n<li>Conformidade com os padr\u00f5es de higiene alimentar: O equipamento \u00e9 feito de a\u00e7o inoxid\u00e1vel de grau aliment\u00edcio, que \u00e9 f\u00e1cil de limpar e desinfetar, atende aos r\u00edgidos padr\u00f5es de higiene alimentar e evita que os alimentos sejam contaminados.<\/li>\n<\/ul>\n<h2>Deixe uma mensagem para obter uma cota\u00e7\u00e3o<\/h2>\n\n<div class=\"wpcf7 no-js\" id=\"wpcf7-f4619-o1\" lang=\"en-US\" dir=\"ltr\" data-wpcf7-id=\"4619\">\n<div class=\"screen-reader-response\"><p role=\"status\" aria-live=\"polite\" aria-atomic=\"true\"><\/p> <ul><\/ul><\/div>\n<form action=\"\/pt\/wp-json\/wp\/v2\/product\/4668#wpcf7-f4619-o1\" method=\"post\" class=\"wpcf7-form init\" aria-label=\"Formul\u00e1rio de contato\" novalidate=\"novalidate\" data-status=\"init\" data-trp-original-action=\"\/pt\/wp-json\/wp\/v2\/product\/4668#wpcf7-f4619-o1\">\n<div style=\"display: none;\">\n<input type=\"hidden\" name=\"_wpcf7\" value=\"4619\" \/>\n<input type=\"hidden\" name=\"_wpcf7_version\" value=\"6.0.4\" \/>\n<input type=\"hidden\" name=\"_wpcf7_locale\" value=\"en_US\" \/>\n<input type=\"hidden\" name=\"_wpcf7_unit_tag\" value=\"wpcf7-f4619-o1\" \/>\n<input type=\"hidden\" name=\"_wpcf7_container_post\" value=\"0\" \/>\n<input type=\"hidden\" name=\"_wpcf7_posted_data_hash\" value=\"\" \/>\n<\/div>\n<p><label> Seu nome*<br \/>\n<span class=\"wpcf7-form-control-wrap\" data-name=\"your-name\"><input size=\"40\" maxlength=\"400\" class=\"wpcf7-form-control wpcf7-text wpcf7-validates-as-required\" aria-required=\"true\" aria-invalid=\"false\" value=\"\" type=\"text\" name=\"your-name\" \/><\/span> <\/label>\n<\/p>\n<p><label> Seu pa\u00eds<br \/>\n<span class=\"wpcf7-form-control-wrap\" data-name=\"your-country\"><input size=\"40\" maxlength=\"400\" class=\"wpcf7-form-control wpcf7-text\" aria-invalid=\"false\" value=\"\" type=\"text\" name=\"your-country\" \/><\/span><\/label>\n<\/p>\n<p><label> Seu e-mail*<br \/>\n<span class=\"wpcf7-form-control-wrap\" data-name=\"your-email\"><input size=\"40\" maxlength=\"400\" class=\"wpcf7-form-control wpcf7-email wpcf7-validates-as-required wpcf7-text wpcf7-validates-as-email\" aria-required=\"true\" aria-invalid=\"false\" value=\"\" type=\"email\" name=\"your-email\" \/><\/span> <\/label>\n<\/p>\n<p><label> Seu telefone<br \/>\n<span class=\"wpcf7-form-control-wrap\" data-name=\"your-phone\"><input size=\"40\" maxlength=\"400\" class=\"wpcf7-form-control wpcf7-tel wpcf7-text wpcf7-validates-as-tel\" aria-invalid=\"false\" value=\"\" type=\"tel\" name=\"your-phone\" \/><\/span> <\/label>\n<\/p>\n<p><label> Nome de sua empresa<br \/>\n<span class=\"wpcf7-form-control-wrap\" data-name=\"text-457\"><input size=\"40\" maxlength=\"400\" class=\"wpcf7-form-control wpcf7-text\" aria-invalid=\"false\" value=\"\" type=\"text\" name=\"text-457\" \/><\/span> <\/label>\n<\/p>\n<p><label> Site de sua empresa<br \/>\n<span class=\"wpcf7-form-control-wrap\" data-name=\"text-546\"><input size=\"40\" maxlength=\"400\" class=\"wpcf7-form-control wpcf7-text\" aria-invalid=\"false\" value=\"\" type=\"text\" name=\"text-546\" \/><\/span> <\/label>\n<\/p>\n<p><label> Seu requisito*<br \/>\n<span class=\"wpcf7-form-control-wrap\" data-name=\"your-message\"><textarea cols=\"40\" rows=\"10\" maxlength=\"2000\" class=\"wpcf7-form-control wpcf7-textarea wpcf7-validates-as-required\" aria-required=\"true\" aria-invalid=\"false\" name=\"your-message\"><\/textarea><\/span> <\/label>\n<\/p>\n<p><input class=\"wpcf7-form-control wpcf7-submit has-spinner\" type=\"submit\" value=\"Enviar\" \/>\n<\/p><p style=\"display: none !important;\" class=\"akismet-fields-container\" data-prefix=\"_wpcf7_ak_\"><label>&#916;<textarea name=\"_wpcf7_ak_hp_textarea\" cols=\"45\" rows=\"8\" maxlength=\"100\"><\/textarea><\/label><input type=\"hidden\" id=\"ak_js_1\" name=\"_wpcf7_ak_js\" value=\"57\"\/><script>document.getElementById( \"ak_js_1\" ).setAttribute( \"value\", ( new Date() ).getTime() );<\/script><\/p><div class=\"wpcf7-response-output\" aria-hidden=\"true\"><\/div>\n<input type=\"hidden\" name=\"trp-form-language\" value=\"pt\"\/><\/form>\n<\/div>\n\n<div style='text-align:left' class='yasr-auto-insert-visitor'><\/div>","protected":false},"excerpt":{"rendered":"<p>Marca: GELGOOG<\/p>\n<p>Tens\u00e3o: 380V<\/p>\n<p>E-mail: shanna@machinehall.com<\/p>\n<p>Tel: +8618638676709<\/p>\n<p>Aplica\u00e7\u00e3o: biscoito Marie e outros biscoitos duros<\/p>","protected":false},"featured_media":4671,"comment_status":"open","ping_status":"closed","template":"","meta":{"site-sidebar-layout":"default","site-content-layout":"","ast-site-content-layout":"default","site-content-style":"default","site-sidebar-style":"default","ast-global-header-display":"","ast-banner-title-visibility":"","ast-main-header-display":"","ast-hfb-above-header-display":"","ast-hfb-below-header-display":"","ast-hfb-mobile-header-display":"","site-post-title":"","ast-breadcrumbs-content":"","ast-featured-img":"","footer-sml-layout":"","theme-transparent-header-meta":"default","adv-header-id-meta":"","stick-header-meta":"","header-above-stick-meta":"","header-main-stick-meta":"","header-below-stick-meta":"","astra-migrate-meta-layouts":"set","ast-page-background-enabled":"default","ast-page-background-meta":{"desktop":{"background-color":"","background-image":"","background-repeat":"repeat","background-position":"center center","background-size":"auto","background-attachment":"scroll","background-type":"","background-media":"","overlay-type":"","overlay-color":"","overlay-opacity":"","overlay-gradient":""},"tablet":{"background-color":"","background-image":"","background-repeat":"repeat","background-position":"center center","background-size":"auto","background-attachment":"scroll","background-type":"","background-media":"","overlay-type":"","overlay-color":"","overlay-opacity":"","overlay-gradient":""},"mobile":{"background-color":"","background-image":"","background-repeat":"repeat","background-position":"center center","background-size":"auto","background-attachment":"scroll","background-type":"","background-media":"","overlay-type":"","overlay-color":"","overlay-opacity":"","overlay-gradient":""}},"ast-content-background-meta":{"desktop":{"background-color":"var(--ast-global-color-5)","background-image":"","background-repeat":"repeat","background-position":"center center","background-size":"auto","background-attachment":"scroll","background-type":"","background-media":"","overlay-type":"","overlay-color":"","overlay-opacity":"","overlay-gradient":""},"tablet":{"background-color":"var(--ast-global-color-5)","background-image":"","background-repeat":"repeat","background-position":"center center","background-size":"auto","background-attachment":"scroll","background-type":"","background-media":"","overlay-type":"","overlay-color":"","overlay-opacity":"","overlay-gradient":""},"mobile":{"background-color":"var(--ast-global-color-5)","background-image":"","background-repeat":"repeat","background-position":"center center","background-size":"auto","background-attachment":"scroll","background-type":"","background-media":"","overlay-type":"","overlay-color":"","overlay-opacity":"","overlay-gradient":""}},"yasr_overall_rating":0,"yasr_post_is_review":"","yasr_auto_insert_disabled":"","yasr_review_type":""},"product_brand":[],"product_cat":[22],"product_tag":[],"class_list":{"0":"post-4668","1":"product","2":"type-product","3":"status-publish","4":"has-post-thumbnail","6":"product_cat-hard-biscuit-production-line","7":"desktop-align-left","8":"tablet-align-left","9":"mobile-align-left","11":"first","12":"instock","13":"shipping-taxable","14":"product-type-simple"},"yoast_head":"<!-- This site is optimized with the Yoast SEO plugin v24.4 - https:\/\/yoast.com\/wordpress\/plugins\/seo\/ -->\n<title>Automatic Marie Biscuit Production Line Electric Drive - Biscuit Production Solution Manufacturer<\/title>\n<meta name=\"description\" content=\"In the automatic marie biscuit production line, some equipment is powered by electricity, which can effectively reduce energy consumption and reduce costs.\" \/>\n<meta name=\"robots\" content=\"index, follow, max-snippet:-1, max-image-preview:large, max-video-preview:-1\" \/>\n<link rel=\"canonical\" href=\"https:\/\/www.biscuitsolution.com\/pt\/produto\/automatic-marie-biscuit-production-line\/\" \/>\n<meta property=\"og:locale\" content=\"pt_BR\" \/>\n<meta property=\"og:type\" content=\"article\" \/>\n<meta property=\"og:title\" content=\"Automatic Marie Biscuit Production Line Electric Drive - Biscuit Production Solution Manufacturer\" \/>\n<meta property=\"og:description\" content=\"In the automatic marie biscuit production line, some equipment is powered by electricity, which can effectively reduce energy consumption and reduce costs.\" \/>\n<meta property=\"og:url\" content=\"https:\/\/www.biscuitsolution.com\/pt\/produto\/automatic-marie-biscuit-production-line\/\" \/>\n<meta property=\"og:site_name\" content=\"Biscuit Production Solution Manufacturer\" \/>\n<meta property=\"article:publisher\" content=\"https:\/\/www.facebook.com\/profile.php?id=100095205040823\" \/>\n<meta property=\"og:image\" content=\"https:\/\/www.biscuitsolution.com\/wp-content\/uploads\/2025\/02\/\u4e3b\u56fe.jpg\" \/>\n\t<meta property=\"og:image:width\" content=\"600\" \/>\n\t<meta property=\"og:image:height\" content=\"600\" \/>\n\t<meta property=\"og:image:type\" content=\"image\/jpeg\" \/>\n<meta name=\"twitter:card\" content=\"summary_large_image\" \/>\n<meta name=\"twitter:site\" content=\"@shanna_zha26342\" \/>\n<meta name=\"twitter:label1\" content=\"Est. tempo de leitura\" \/>\n\t<meta name=\"twitter:data1\" content=\"3 minutos\" \/>\n<script type=\"application\/ld+json\" class=\"yoast-schema-graph\">{\"@context\":\"https:\/\/schema.org\",\"@graph\":[{\"@type\":\"WebPage\",\"@id\":\"https:\/\/www.biscuitsolution.com\/product\/automatic-marie-biscuit-production-line\/\",\"url\":\"https:\/\/www.biscuitsolution.com\/product\/automatic-marie-biscuit-production-line\/\",\"name\":\"Automatic Marie Biscuit Production Line Electric Drive - Biscuit Production Solution Manufacturer\",\"isPartOf\":{\"@id\":\"https:\/\/www.biscuitsolution.com\/#website\"},\"primaryImageOfPage\":{\"@id\":\"https:\/\/www.biscuitsolution.com\/product\/automatic-marie-biscuit-production-line\/#primaryimage\"},\"image\":{\"@id\":\"https:\/\/www.biscuitsolution.com\/product\/automatic-marie-biscuit-production-line\/#primaryimage\"},\"thumbnailUrl\":\"https:\/\/www.biscuitsolution.com\/wp-content\/uploads\/2025\/02\/\u4e3b\u56fe.jpg\",\"datePublished\":\"2025-02-19T09:10:24+00:00\",\"description\":\"In the automatic marie biscuit production line, some equipment is powered by electricity, which can effectively reduce energy consumption and reduce costs.\",\"breadcrumb\":{\"@id\":\"https:\/\/www.biscuitsolution.com\/product\/automatic-marie-biscuit-production-line\/#breadcrumb\"},\"inLanguage\":\"pt-BR\",\"potentialAction\":[{\"@type\":\"ReadAction\",\"target\":[\"https:\/\/www.biscuitsolution.com\/product\/automatic-marie-biscuit-production-line\/\"]}]},{\"@type\":\"ImageObject\",\"inLanguage\":\"pt-BR\",\"@id\":\"https:\/\/www.biscuitsolution.com\/product\/automatic-marie-biscuit-production-line\/#primaryimage\",\"url\":\"https:\/\/www.biscuitsolution.com\/wp-content\/uploads\/2025\/02\/\u4e3b\u56fe.jpg\",\"contentUrl\":\"https:\/\/www.biscuitsolution.com\/wp-content\/uploads\/2025\/02\/\u4e3b\u56fe.jpg\",\"width\":600,\"height\":600,\"caption\":\"automatic marie biscuit production line\"},{\"@type\":\"BreadcrumbList\",\"@id\":\"https:\/\/www.biscuitsolution.com\/product\/automatic-marie-biscuit-production-line\/#breadcrumb\",\"itemListElement\":[{\"@type\":\"ListItem\",\"position\":1,\"name\":\"Home\",\"item\":\"https:\/\/www.biscuitsolution.com\/\"},{\"@type\":\"ListItem\",\"position\":2,\"name\":\"Product\",\"item\":\"https:\/\/www.biscuitsolution.com\/product\/\"},{\"@type\":\"ListItem\",\"position\":3,\"name\":\"Automatic Marie Biscuit Production Line Electric Drive\"}]},{\"@type\":\"WebSite\",\"@id\":\"https:\/\/www.biscuitsolution.com\/#website\",\"url\":\"https:\/\/www.biscuitsolution.com\/\",\"name\":\"Biscuit Production Solution Manufacturer\",\"description\":\"\",\"potentialAction\":[{\"@type\":\"SearchAction\",\"target\":{\"@type\":\"EntryPoint\",\"urlTemplate\":\"https:\/\/www.biscuitsolution.com\/?s={search_term_string}\"},\"query-input\":{\"@type\":\"PropertyValueSpecification\",\"valueRequired\":true,\"valueName\":\"search_term_string\"}}],\"inLanguage\":\"pt-BR\"},false]}<\/script>\n<!-- \/ Yoast SEO plugin. -->","yoast_head_json":{"title":"Linha de produ\u00e7\u00e3o autom\u00e1tica de biscoitos Marie com acionamento el\u00e9trico - Fabricante de solu\u00e7\u00f5es de produ\u00e7\u00e3o de biscoitos","description":"Na linha de produ\u00e7\u00e3o autom\u00e1tica de biscoitos marie, alguns equipamentos s\u00e3o alimentados por eletricidade, o que pode reduzir efetivamente o consumo de energia e os custos.","robots":{"index":"index","follow":"follow","max-snippet":"max-snippet:-1","max-image-preview":"max-image-preview:large","max-video-preview":"max-video-preview:-1"},"canonical":"https:\/\/www.biscuitsolution.com\/pt\/produto\/automatic-marie-biscuit-production-line\/","og_locale":"pt_BR","og_type":"article","og_title":"Automatic Marie Biscuit Production Line Electric Drive - Biscuit Production Solution Manufacturer","og_description":"In the automatic marie biscuit production line, some equipment is powered by electricity, which can effectively reduce energy consumption and reduce costs.","og_url":"https:\/\/www.biscuitsolution.com\/pt\/produto\/automatic-marie-biscuit-production-line\/","og_site_name":"Biscuit Production Solution Manufacturer","article_publisher":"https:\/\/www.facebook.com\/profile.php?id=100095205040823","og_image":[{"width":600,"height":600,"url":"https:\/\/www.biscuitsolution.com\/wp-content\/uploads\/2025\/02\/\u4e3b\u56fe.jpg","type":"image\/jpeg"}],"twitter_card":"summary_large_image","twitter_site":"@shanna_zha26342","twitter_misc":{"Est. tempo de leitura":"3 minutos"},"schema":{"@context":"https:\/\/schema.org","@graph":[{"@type":"WebPage","@id":"https:\/\/www.biscuitsolution.com\/product\/automatic-marie-biscuit-production-line\/","url":"https:\/\/www.biscuitsolution.com\/product\/automatic-marie-biscuit-production-line\/","name":"Linha de produ\u00e7\u00e3o autom\u00e1tica de biscoitos Marie com acionamento el\u00e9trico - Fabricante de solu\u00e7\u00f5es de produ\u00e7\u00e3o de biscoitos","isPartOf":{"@id":"https:\/\/www.biscuitsolution.com\/#website"},"primaryImageOfPage":{"@id":"https:\/\/www.biscuitsolution.com\/product\/automatic-marie-biscuit-production-line\/#primaryimage"},"image":{"@id":"https:\/\/www.biscuitsolution.com\/product\/automatic-marie-biscuit-production-line\/#primaryimage"},"thumbnailUrl":"https:\/\/www.biscuitsolution.com\/wp-content\/uploads\/2025\/02\/\u4e3b\u56fe.jpg","datePublished":"2025-02-19T09:10:24+00:00","description":"Na linha de produ\u00e7\u00e3o autom\u00e1tica de biscoitos marie, alguns equipamentos s\u00e3o alimentados por eletricidade, o que pode reduzir efetivamente o consumo de energia e os custos.","breadcrumb":{"@id":"https:\/\/www.biscuitsolution.com\/product\/automatic-marie-biscuit-production-line\/#breadcrumb"},"inLanguage":"pt-BR","potentialAction":[{"@type":"ReadAction","target":["https:\/\/www.biscuitsolution.com\/product\/automatic-marie-biscuit-production-line\/"]}]},{"@type":"ImageObject","inLanguage":"pt-BR","@id":"https:\/\/www.biscuitsolution.com\/product\/automatic-marie-biscuit-production-line\/#primaryimage","url":"https:\/\/www.biscuitsolution.com\/wp-content\/uploads\/2025\/02\/\u4e3b\u56fe.jpg","contentUrl":"https:\/\/www.biscuitsolution.com\/wp-content\/uploads\/2025\/02\/\u4e3b\u56fe.jpg","width":600,"height":600,"caption":"automatic marie biscuit production line"},{"@type":"BreadcrumbList","@id":"https:\/\/www.biscuitsolution.com\/product\/automatic-marie-biscuit-production-line\/#breadcrumb","itemListElement":[{"@type":"ListItem","position":1,"name":"Home","item":"https:\/\/www.biscuitsolution.com\/"},{"@type":"ListItem","position":2,"name":"Product","item":"https:\/\/www.biscuitsolution.com\/product\/"},{"@type":"ListItem","position":3,"name":"Automatic Marie Biscuit Production Line Electric Drive"}]},{"@type":"WebSite","@id":"https:\/\/www.biscuitsolution.com\/#website","url":"https:\/\/www.biscuitsolution.com\/","name":"Fabricante de solu\u00e7\u00f5es para produ\u00e7\u00e3o de biscoitos","description":"","potentialAction":[{"@type":"SearchAction","target":{"@type":"EntryPoint","urlTemplate":"https:\/\/www.biscuitsolution.com\/?s={search_term_string}"},"query-input":{"@type":"PropertyValueSpecification","valueRequired":true,"valueName":"search_term_string"}}],"inLanguage":"pt-BR"},false]}},"yasr_visitor_votes":{"stars_attributes":{"read_only":false,"span_bottom":false},"number_of_votes":1,"sum_votes":5},"_links":{"self":[{"href":"https:\/\/www.biscuitsolution.com\/pt\/wp-json\/wp\/v2\/product\/4668","targetHints":{"allow":["GET"]}}],"collection":[{"href":"https:\/\/www.biscuitsolution.com\/pt\/wp-json\/wp\/v2\/product"}],"about":[{"href":"https:\/\/www.biscuitsolution.com\/pt\/wp-json\/wp\/v2\/types\/product"}],"replies":[{"embeddable":true,"href":"https:\/\/www.biscuitsolution.com\/pt\/wp-json\/wp\/v2\/comments?post=4668"}],"version-history":[{"count":1,"href":"https:\/\/www.biscuitsolution.com\/pt\/wp-json\/wp\/v2\/product\/4668\/revisions"}],"predecessor-version":[{"id":4672,"href":"https:\/\/www.biscuitsolution.com\/pt\/wp-json\/wp\/v2\/product\/4668\/revisions\/4672"}],"wp:featuredmedia":[{"embeddable":true,"href":"https:\/\/www.biscuitsolution.com\/pt\/wp-json\/wp\/v2\/media\/4671"}],"wp:attachment":[{"href":"https:\/\/www.biscuitsolution.com\/pt\/wp-json\/wp\/v2\/media?parent=4668"}],"wp:term":[{"taxonomy":"product_brand","embeddable":true,"href":"https:\/\/www.biscuitsolution.com\/pt\/wp-json\/wp\/v2\/product_brand?post=4668"},{"taxonomy":"product_cat","embeddable":true,"href":"https:\/\/www.biscuitsolution.com\/pt\/wp-json\/wp\/v2\/product_cat?post=4668"},{"taxonomy":"product_tag","embeddable":true,"href":"https:\/\/www.biscuitsolution.com\/pt\/wp-json\/wp\/v2\/product_tag?post=4668"}],"curies":[{"name":"wp","href":"https:\/\/api.w.org\/{rel}","templated":true}]}}