{"id":4663,"date":"2025-02-19T08:51:31","date_gmt":"2025-02-19T08:51:31","guid":{"rendered":"https:\/\/www.biscuitsolution.com\/?post_type=product&#038;p=4663"},"modified":"2025-08-12T15:49:20","modified_gmt":"2025-08-12T07:49:20","slug":"shortbread-biscuit-production-line-automatic-efficient","status":"publish","type":"product","link":"https:\/\/www.biscuitsolution.com\/pt\/produto\/shortbread-biscuit-production-line-automatic-efficient\/","title":{"rendered":"Linha de produ\u00e7\u00e3o de biscoitos Shortbread autom\u00e1tica e eficiente"},"content":{"rendered":"<p>O <strong>Linha de produ\u00e7\u00e3o autom\u00e1tica de biscoitos shortbread<\/strong> \u00e9 usado principalmente em f\u00e1bricas de processamento de alimentos em larga escala. Ela pode produzir biscoitos amanteigados de v\u00e1rios sabores. Tamb\u00e9m pode ser usado para produzir biscoitos amanteigados com formas e embalagens personalizadas.<\/p>\n<p><strong>Biscoitos Shortbread<\/strong> s\u00e3o um biscoito tradicional origin\u00e1rio da Esc\u00f3cia. Eles s\u00e3o conhecidos como butter shortbread ou cream shortbread em chin\u00eas. Eles se caracterizam por sua textura quebradi\u00e7a e escamosa e por derreterem na boca. Seus principais ingredientes s\u00e3o farinha, manteiga e a\u00e7\u00facar.<\/p>\n<p><img fetchpriority=\"high\" decoding=\"async\" class=\"alignnone size-full wp-image-4664\" src=\"https:\/\/www.biscuitsolution.com\/wp-content\/uploads\/2025\/02\/shortbread-biscuits.jpg\" alt=\"Linha de produ\u00e7\u00e3o de biscoitos shortbread\" width=\"800\" height=\"450\" srcset=\"https:\/\/www.biscuitsolution.com\/wp-content\/uploads\/2025\/02\/shortbread-biscuits.jpg 800w, https:\/\/www.biscuitsolution.com\/wp-content\/uploads\/2025\/02\/shortbread-biscuits-600x338.jpg 600w, https:\/\/www.biscuitsolution.com\/wp-content\/uploads\/2025\/02\/shortbread-biscuits-300x169.jpg 300w, https:\/\/www.biscuitsolution.com\/wp-content\/uploads\/2025\/02\/shortbread-biscuits-768x432.jpg 768w\" sizes=\"(max-width: 800px) 100vw, 800px\" \/><\/p>\n<h2>Como funciona a linha de produ\u00e7\u00e3o de biscoitos Shortbread<\/h2>\n<ol>\n<li>Processo de mistura: As mat\u00e9rias-primas s\u00e3o misturadas em um misturador em uma determinada ordem e tempo. Geralmente, a manteiga e o a\u00e7\u00facar s\u00e3o misturados primeiro, e o misturador funciona em velocidade m\u00e9dia. Em seguida, s\u00e3o adicionados a farinha e o sal, e o misturador passa a funcionar em velocidade baixa para formar uma massa uniforme.<\/li>\n<li>Etapa de forma\u00e7\u00e3o: A massa mista pode ser formada de v\u00e1rias maneiras. Uma delas \u00e9 a forma\u00e7\u00e3o por rolo, e a outra \u00e9 a forma\u00e7\u00e3o por extrus\u00e3o. A press\u00e3o e a velocidade do equipamento de forma\u00e7\u00e3o podem ser ajustadas de acordo com as propriedades da massa e os requisitos do produto.<\/li>\n<li>Etapa de cozimento: A temperatura e o tempo do forno na linha de produ\u00e7\u00e3o autom\u00e1tica de biscoitos amanteigados s\u00e3o determinados de acordo com fatores como o tamanho, a espessura e a f\u00f3rmula dos biscoitos amanteigados. A temperatura geral de cozimento est\u00e1 entre 160-180\u00b0C.<\/li>\n<li>Resfriamento e embalagem: Os biscoitos shortbread assados s\u00e3o retirados do forno e colocados na esteira de resfriamento para resfriamento natural. Os biscoitos de shortbread resfriados s\u00e3o embalados por um equipamento de embalagem automatizado. O equipamento de embalagem pode ser embalado quantitativamente de acordo com as exig\u00eancias do produto.<\/li>\n<\/ol>\n<div class=\"ast-oembed-container\" style=\"height: 100%;\"><iframe title=\"Linha de produ\u00e7\u00e3o autom\u00e1tica de biscoitos para f\u00e1bricas de salgadinhos\" width=\"500\" height=\"281\" src=\"https:\/\/www.youtube.com\/embed\/lRPO7ysTJFI?feature=oembed\" frameborder=\"0\" allow=\"accelerometer; autoplay; clipboard-write; encrypted-media; gyroscope; picture-in-picture; web-share\" referrerpolicy=\"strict-origin-when-cross-origin\" allowfullscreen><\/iframe><\/div>\n<h2>Caracter\u00edsticas da linha de produ\u00e7\u00e3o autom\u00e1tica de biscoitos Shortbread<\/h2>\n<ol>\n<li>Automa\u00e7\u00e3o avan\u00e7ada: A linha completa de produ\u00e7\u00e3o de biscoitos shortbread \u00e9 equipada com um sofisticado sistema de controle autom\u00e1tico. Cada etapa, desde o fornecimento e a medi\u00e7\u00e3o de mat\u00e9rias-primas at\u00e9 a mistura, a modelagem, o cozimento e a embalagem, pode ser gerenciada com precis\u00e3o por um sistema de controle predefinido.<\/li>\n<li>Eficiente e com economia de energia: O maquin\u00e1rio de cozimento utiliza t\u00e9cnicas de aquecimento de \u00faltima gera\u00e7\u00e3o, como um sistema de recircula\u00e7\u00e3o de ar quente. Esse sistema dispersa uniformemente o ar quente por todo o forno, garantindo que os biscoitos shortbread sejam aquecidos de maneira uniforme, reduzindo assim o tempo de cozimento e o consumo de energia.<\/li>\n<li>F\u00e1cil de limpar e manter: A maioria das m\u00e1quinas e equipamentos da linha de produ\u00e7\u00e3o de biscoitos amanteigados \u00e9 feita de materiais f\u00e1ceis de limpar, como a\u00e7o inoxid\u00e1vel, e o projeto estrutural do equipamento \u00e9 f\u00e1cil de desmontar e montar e pode ser facilmente limpo ap\u00f3s a produ\u00e7\u00e3o.<\/li>\n<li>Modelagem precisa e qualidade consistente: O maquin\u00e1rio de forma\u00e7\u00e3o de biscoitos \u00e9 capaz de regular com precis\u00e3o a forma e as dimens\u00f5es dos biscoitos shortbread. Durante a fase de cozimento, a precis\u00e3o do controle de temperatura do forno pode atingir \u00b11\u2103, garantindo que a consist\u00eancia do cozimento de cada lote de biscoitos shortbread seja uniforme, resultando em sabor e apar\u00eancia altamente est\u00e1veis do produto.<\/li>\n<\/ol>\n<p><img decoding=\"async\" class=\"alignnone size-full wp-image-4665\" src=\"https:\/\/www.biscuitsolution.com\/wp-content\/uploads\/2025\/02\/shortbread-biscuit.jpg\" alt=\"Linha de produ\u00e7\u00e3o autom\u00e1tica de biscoitos shortbread\" width=\"800\" height=\"450\" srcset=\"https:\/\/www.biscuitsolution.com\/wp-content\/uploads\/2025\/02\/shortbread-biscuit.jpg 800w, https:\/\/www.biscuitsolution.com\/wp-content\/uploads\/2025\/02\/shortbread-biscuit-600x338.jpg 600w, https:\/\/www.biscuitsolution.com\/wp-content\/uploads\/2025\/02\/shortbread-biscuit-300x169.jpg 300w, https:\/\/www.biscuitsolution.com\/wp-content\/uploads\/2025\/02\/shortbread-biscuit-768x432.jpg 768w\" sizes=\"(max-width: 800px) 100vw, 800px\" \/><\/p>\n<h2>Deixe uma mensagem para obter uma cota\u00e7\u00e3o<\/h2>\n\n<div class=\"wpcf7 no-js\" id=\"wpcf7-f4619-o1\" lang=\"en-US\" dir=\"ltr\" data-wpcf7-id=\"4619\">\n<div class=\"screen-reader-response\"><p role=\"status\" aria-live=\"polite\" aria-atomic=\"true\"><\/p> <ul><\/ul><\/div>\n<form action=\"\/pt\/wp-json\/wp\/v2\/product\/4663#wpcf7-f4619-o1\" method=\"post\" class=\"wpcf7-form init\" aria-label=\"Formul\u00e1rio de contato\" novalidate=\"novalidate\" data-status=\"init\" data-trp-original-action=\"\/pt\/wp-json\/wp\/v2\/product\/4663#wpcf7-f4619-o1\">\n<div style=\"display: none;\">\n<input type=\"hidden\" name=\"_wpcf7\" value=\"4619\" \/>\n<input type=\"hidden\" name=\"_wpcf7_version\" value=\"6.0.4\" \/>\n<input type=\"hidden\" name=\"_wpcf7_locale\" value=\"en_US\" \/>\n<input type=\"hidden\" name=\"_wpcf7_unit_tag\" value=\"wpcf7-f4619-o1\" \/>\n<input type=\"hidden\" name=\"_wpcf7_container_post\" value=\"0\" \/>\n<input type=\"hidden\" name=\"_wpcf7_posted_data_hash\" value=\"\" \/>\n<\/div>\n<p><label> Seu nome*<br \/>\n<span class=\"wpcf7-form-control-wrap\" data-name=\"your-name\"><input size=\"40\" maxlength=\"400\" class=\"wpcf7-form-control wpcf7-text wpcf7-validates-as-required\" aria-required=\"true\" aria-invalid=\"false\" value=\"\" type=\"text\" name=\"your-name\" \/><\/span> <\/label>\n<\/p>\n<p><label> Seu pa\u00eds<br \/>\n<span class=\"wpcf7-form-control-wrap\" data-name=\"your-country\"><input size=\"40\" maxlength=\"400\" class=\"wpcf7-form-control wpcf7-text\" aria-invalid=\"false\" value=\"\" type=\"text\" name=\"your-country\" \/><\/span><\/label>\n<\/p>\n<p><label> Seu e-mail*<br \/>\n<span class=\"wpcf7-form-control-wrap\" data-name=\"your-email\"><input size=\"40\" maxlength=\"400\" class=\"wpcf7-form-control wpcf7-email wpcf7-validates-as-required wpcf7-text wpcf7-validates-as-email\" aria-required=\"true\" aria-invalid=\"false\" value=\"\" type=\"email\" name=\"your-email\" \/><\/span> <\/label>\n<\/p>\n<p><label> Seu telefone<br \/>\n<span class=\"wpcf7-form-control-wrap\" data-name=\"your-phone\"><input size=\"40\" maxlength=\"400\" class=\"wpcf7-form-control wpcf7-tel wpcf7-text wpcf7-validates-as-tel\" aria-invalid=\"false\" value=\"\" type=\"tel\" name=\"your-phone\" \/><\/span> <\/label>\n<\/p>\n<p><label> Nome de sua empresa<br \/>\n<span class=\"wpcf7-form-control-wrap\" data-name=\"text-457\"><input size=\"40\" maxlength=\"400\" class=\"wpcf7-form-control wpcf7-text\" aria-invalid=\"false\" value=\"\" type=\"text\" name=\"text-457\" \/><\/span> <\/label>\n<\/p>\n<p><label> Site de sua empresa<br \/>\n<span class=\"wpcf7-form-control-wrap\" data-name=\"text-546\"><input size=\"40\" maxlength=\"400\" class=\"wpcf7-form-control wpcf7-text\" aria-invalid=\"false\" value=\"\" type=\"text\" name=\"text-546\" \/><\/span> <\/label>\n<\/p>\n<p><label> Seu requisito*<br \/>\n<span class=\"wpcf7-form-control-wrap\" data-name=\"your-message\"><textarea cols=\"40\" rows=\"10\" maxlength=\"2000\" class=\"wpcf7-form-control wpcf7-textarea wpcf7-validates-as-required\" aria-required=\"true\" aria-invalid=\"false\" name=\"your-message\"><\/textarea><\/span> <\/label>\n<\/p>\n<p><input class=\"wpcf7-form-control wpcf7-submit has-spinner\" type=\"submit\" value=\"Enviar\" \/>\n<\/p><p style=\"display: none !important;\" class=\"akismet-fields-container\" data-prefix=\"_wpcf7_ak_\"><label>&#916;<textarea name=\"_wpcf7_ak_hp_textarea\" cols=\"45\" rows=\"8\" maxlength=\"100\"><\/textarea><\/label><input type=\"hidden\" id=\"ak_js_1\" name=\"_wpcf7_ak_js\" value=\"17\"\/><script>document.getElementById( \"ak_js_1\" ).setAttribute( \"value\", ( new Date() ).getTime() );<\/script><\/p><div class=\"wpcf7-response-output\" aria-hidden=\"true\"><\/div>\n<input type=\"hidden\" name=\"trp-form-language\" value=\"pt\"\/><\/form>\n<\/div>\n\n<div style='text-align:left' class='yasr-auto-insert-visitor'><\/div>","protected":false},"excerpt":{"rendered":"<p>Capacidade: 100-1200KG\/H<\/p>\n<p>Marca: GELGOOG<\/p>\n<p>E-mail: shanna@machinehall.com<\/p>\n<p>Tel: +8618638676709<\/p>\n<p>Aplica\u00e7\u00e3o: biscoitos shortbread e outros biscoitos.<\/p>","protected":false},"featured_media":4666,"comment_status":"open","ping_status":"closed","template":"","meta":{"site-sidebar-layout":"default","site-content-layout":"","ast-site-content-layout":"default","site-content-style":"default","site-sidebar-style":"default","ast-global-header-display":"","ast-banner-title-visibility":"","ast-main-header-display":"","ast-hfb-above-header-display":"","ast-hfb-below-header-display":"","ast-hfb-mobile-header-display":"","site-post-title":"","ast-breadcrumbs-content":"","ast-featured-img":"","footer-sml-layout":"","theme-transparent-header-meta":"default","adv-header-id-meta":"","stick-header-meta":"","header-above-stick-meta":"","header-main-stick-meta":"","header-below-stick-meta":"","astra-migrate-meta-layouts":"set","ast-page-background-enabled":"default","ast-page-background-meta":{"desktop":{"background-color":"","background-image":"","background-repeat":"repeat","background-position":"center center","background-size":"auto","background-attachment":"scroll","background-type":"","background-media":"","overlay-type":"","overlay-color":"","overlay-opacity":"","overlay-gradient":""},"tablet":{"background-color":"","background-image":"","background-repeat":"repeat","background-position":"center center","background-size":"auto","background-attachment":"scroll","background-type":"","background-media":"","overlay-type":"","overlay-color":"","overlay-opacity":"","overlay-gradient":""},"mobile":{"background-color":"","background-image":"","background-repeat":"repeat","background-position":"center center","background-size":"auto","background-attachment":"scroll","background-type":"","background-media":"","overlay-type":"","overlay-color":"","overlay-opacity":"","overlay-gradient":""}},"ast-content-background-meta":{"desktop":{"background-color":"var(--ast-global-color-5)","background-image":"","background-repeat":"repeat","background-position":"center center","background-size":"auto","background-attachment":"scroll","background-type":"","background-media":"","overlay-type":"","overlay-color":"","overlay-opacity":"","overlay-gradient":""},"tablet":{"background-color":"var(--ast-global-color-5)","background-image":"","background-repeat":"repeat","background-position":"center center","background-size":"auto","background-attachment":"scroll","background-type":"","background-media":"","overlay-type":"","overlay-color":"","overlay-opacity":"","overlay-gradient":""},"mobile":{"background-color":"var(--ast-global-color-5)","background-image":"","background-repeat":"repeat","background-position":"center center","background-size":"auto","background-attachment":"scroll","background-type":"","background-media":"","overlay-type":"","overlay-color":"","overlay-opacity":"","overlay-gradient":""}},"yasr_overall_rating":0,"yasr_post_is_review":"","yasr_auto_insert_disabled":"","yasr_review_type":""},"product_brand":[],"product_cat":[25],"product_tag":[],"class_list":{"0":"post-4663","1":"product","2":"type-product","3":"status-publish","4":"has-post-thumbnail","6":"product_cat-soft-biscuit-production-line","7":"desktop-align-left","8":"tablet-align-left","9":"mobile-align-left","11":"first","12":"instock","13":"shipping-taxable","14":"product-type-simple"},"yoast_head":"<!-- This site is optimized with the Yoast SEO plugin v24.4 - https:\/\/yoast.com\/wordpress\/plugins\/seo\/ -->\n<title>Shortbread Biscuit Production Line Automatic Efficient - Biscuit Production Solution Manufacturer<\/title>\n<meta name=\"description\" content=\"shortbread biscuit production line automatically combines precision engineering with technology to ensure consistency and meet the demands of the industry.\" \/>\n<meta name=\"robots\" content=\"index, follow, max-snippet:-1, max-image-preview:large, max-video-preview:-1\" \/>\n<link rel=\"canonical\" href=\"https:\/\/www.biscuitsolution.com\/pt\/produto\/shortbread-biscuit-production-line-automatic-efficient\/\" \/>\n<meta property=\"og:locale\" content=\"pt_BR\" \/>\n<meta property=\"og:type\" content=\"article\" \/>\n<meta property=\"og:title\" content=\"Shortbread Biscuit Production Line Automatic Efficient - Biscuit Production Solution Manufacturer\" \/>\n<meta property=\"og:description\" content=\"shortbread biscuit production line automatically combines precision engineering with technology to ensure consistency and meet the demands of the industry.\" \/>\n<meta property=\"og:url\" content=\"https:\/\/www.biscuitsolution.com\/pt\/produto\/shortbread-biscuit-production-line-automatic-efficient\/\" \/>\n<meta property=\"og:site_name\" content=\"Biscuit Production Solution Manufacturer\" \/>\n<meta property=\"article:publisher\" content=\"https:\/\/www.facebook.com\/profile.php?id=100095205040823\" \/>\n<meta property=\"article:modified_time\" content=\"2025-08-12T07:49:20+00:00\" \/>\n<meta property=\"og:image\" content=\"https:\/\/www.biscuitsolution.com\/wp-content\/uploads\/2025\/02\/shortbread-biscuit-production-line.jpg\" \/>\n\t<meta property=\"og:image:width\" content=\"600\" \/>\n\t<meta property=\"og:image:height\" content=\"600\" \/>\n\t<meta property=\"og:image:type\" content=\"image\/jpeg\" \/>\n<meta name=\"twitter:card\" content=\"summary_large_image\" \/>\n<meta name=\"twitter:site\" content=\"@shanna_zha26342\" \/>\n<meta name=\"twitter:label1\" content=\"Est. tempo de leitura\" \/>\n\t<meta name=\"twitter:data1\" content=\"3 minutos\" \/>\n<script type=\"application\/ld+json\" class=\"yoast-schema-graph\">{\"@context\":\"https:\/\/schema.org\",\"@graph\":[{\"@type\":\"WebPage\",\"@id\":\"https:\/\/www.biscuitsolution.com\/product\/shortbread-biscuit-production-line-automatic-efficient\/\",\"url\":\"https:\/\/www.biscuitsolution.com\/product\/shortbread-biscuit-production-line-automatic-efficient\/\",\"name\":\"Shortbread Biscuit Production Line Automatic Efficient - Biscuit Production Solution Manufacturer\",\"isPartOf\":{\"@id\":\"https:\/\/www.biscuitsolution.com\/#website\"},\"primaryImageOfPage\":{\"@id\":\"https:\/\/www.biscuitsolution.com\/product\/shortbread-biscuit-production-line-automatic-efficient\/#primaryimage\"},\"image\":{\"@id\":\"https:\/\/www.biscuitsolution.com\/product\/shortbread-biscuit-production-line-automatic-efficient\/#primaryimage\"},\"thumbnailUrl\":\"https:\/\/www.biscuitsolution.com\/wp-content\/uploads\/2025\/02\/shortbread-biscuit-production-line.jpg\",\"datePublished\":\"2025-02-19T08:51:31+00:00\",\"dateModified\":\"2025-08-12T07:49:20+00:00\",\"description\":\"shortbread biscuit production line automatically combines precision engineering with technology to ensure consistency and meet the demands of the industry.\",\"breadcrumb\":{\"@id\":\"https:\/\/www.biscuitsolution.com\/product\/shortbread-biscuit-production-line-automatic-efficient\/#breadcrumb\"},\"inLanguage\":\"pt-BR\",\"potentialAction\":[{\"@type\":\"ReadAction\",\"target\":[\"https:\/\/www.biscuitsolution.com\/product\/shortbread-biscuit-production-line-automatic-efficient\/\"]}]},{\"@type\":\"ImageObject\",\"inLanguage\":\"pt-BR\",\"@id\":\"https:\/\/www.biscuitsolution.com\/product\/shortbread-biscuit-production-line-automatic-efficient\/#primaryimage\",\"url\":\"https:\/\/www.biscuitsolution.com\/wp-content\/uploads\/2025\/02\/shortbread-biscuit-production-line.jpg\",\"contentUrl\":\"https:\/\/www.biscuitsolution.com\/wp-content\/uploads\/2025\/02\/shortbread-biscuit-production-line.jpg\",\"width\":600,\"height\":600},{\"@type\":\"BreadcrumbList\",\"@id\":\"https:\/\/www.biscuitsolution.com\/product\/shortbread-biscuit-production-line-automatic-efficient\/#breadcrumb\",\"itemListElement\":[{\"@type\":\"ListItem\",\"position\":1,\"name\":\"Home\",\"item\":\"https:\/\/www.biscuitsolution.com\/\"},{\"@type\":\"ListItem\",\"position\":2,\"name\":\"Product\",\"item\":\"https:\/\/www.biscuitsolution.com\/product\/\"},{\"@type\":\"ListItem\",\"position\":3,\"name\":\"Shortbread Biscuit Production Line Automatic Efficient\"}]},{\"@type\":\"WebSite\",\"@id\":\"https:\/\/www.biscuitsolution.com\/#website\",\"url\":\"https:\/\/www.biscuitsolution.com\/\",\"name\":\"Biscuit Production Solution Manufacturer\",\"description\":\"\",\"potentialAction\":[{\"@type\":\"SearchAction\",\"target\":{\"@type\":\"EntryPoint\",\"urlTemplate\":\"https:\/\/www.biscuitsolution.com\/?s={search_term_string}\"},\"query-input\":{\"@type\":\"PropertyValueSpecification\",\"valueRequired\":true,\"valueName\":\"search_term_string\"}}],\"inLanguage\":\"pt-BR\"},false]}<\/script>\n<!-- \/ Yoast SEO plugin. -->","yoast_head_json":{"title":"Linha de produ\u00e7\u00e3o de biscoitos Shortbread autom\u00e1tica e eficiente - Fabricante de solu\u00e7\u00f5es de produ\u00e7\u00e3o de biscoitos","description":"A linha de produ\u00e7\u00e3o de biscoitos shortbread combina automaticamente a engenharia de precis\u00e3o com a tecnologia para garantir a consist\u00eancia e atender \u00e0s demandas do setor.","robots":{"index":"index","follow":"follow","max-snippet":"max-snippet:-1","max-image-preview":"max-image-preview:large","max-video-preview":"max-video-preview:-1"},"canonical":"https:\/\/www.biscuitsolution.com\/pt\/produto\/shortbread-biscuit-production-line-automatic-efficient\/","og_locale":"pt_BR","og_type":"article","og_title":"Shortbread Biscuit Production Line Automatic Efficient - Biscuit Production Solution Manufacturer","og_description":"shortbread biscuit production line automatically combines precision engineering with technology to ensure consistency and meet the demands of the industry.","og_url":"https:\/\/www.biscuitsolution.com\/pt\/produto\/shortbread-biscuit-production-line-automatic-efficient\/","og_site_name":"Biscuit Production Solution Manufacturer","article_publisher":"https:\/\/www.facebook.com\/profile.php?id=100095205040823","article_modified_time":"2025-08-12T07:49:20+00:00","og_image":[{"width":600,"height":600,"url":"https:\/\/www.biscuitsolution.com\/wp-content\/uploads\/2025\/02\/shortbread-biscuit-production-line.jpg","type":"image\/jpeg"}],"twitter_card":"summary_large_image","twitter_site":"@shanna_zha26342","twitter_misc":{"Est. tempo de leitura":"3 minutos"},"schema":{"@context":"https:\/\/schema.org","@graph":[{"@type":"WebPage","@id":"https:\/\/www.biscuitsolution.com\/product\/shortbread-biscuit-production-line-automatic-efficient\/","url":"https:\/\/www.biscuitsolution.com\/product\/shortbread-biscuit-production-line-automatic-efficient\/","name":"Linha de produ\u00e7\u00e3o de biscoitos Shortbread autom\u00e1tica e eficiente - Fabricante de solu\u00e7\u00f5es de produ\u00e7\u00e3o de biscoitos","isPartOf":{"@id":"https:\/\/www.biscuitsolution.com\/#website"},"primaryImageOfPage":{"@id":"https:\/\/www.biscuitsolution.com\/product\/shortbread-biscuit-production-line-automatic-efficient\/#primaryimage"},"image":{"@id":"https:\/\/www.biscuitsolution.com\/product\/shortbread-biscuit-production-line-automatic-efficient\/#primaryimage"},"thumbnailUrl":"https:\/\/www.biscuitsolution.com\/wp-content\/uploads\/2025\/02\/shortbread-biscuit-production-line.jpg","datePublished":"2025-02-19T08:51:31+00:00","dateModified":"2025-08-12T07:49:20+00:00","description":"A linha de produ\u00e7\u00e3o de biscoitos shortbread combina automaticamente a engenharia de precis\u00e3o com a tecnologia para garantir a consist\u00eancia e atender \u00e0s demandas do setor.","breadcrumb":{"@id":"https:\/\/www.biscuitsolution.com\/product\/shortbread-biscuit-production-line-automatic-efficient\/#breadcrumb"},"inLanguage":"pt-BR","potentialAction":[{"@type":"ReadAction","target":["https:\/\/www.biscuitsolution.com\/product\/shortbread-biscuit-production-line-automatic-efficient\/"]}]},{"@type":"ImageObject","inLanguage":"pt-BR","@id":"https:\/\/www.biscuitsolution.com\/product\/shortbread-biscuit-production-line-automatic-efficient\/#primaryimage","url":"https:\/\/www.biscuitsolution.com\/wp-content\/uploads\/2025\/02\/shortbread-biscuit-production-line.jpg","contentUrl":"https:\/\/www.biscuitsolution.com\/wp-content\/uploads\/2025\/02\/shortbread-biscuit-production-line.jpg","width":600,"height":600},{"@type":"BreadcrumbList","@id":"https:\/\/www.biscuitsolution.com\/product\/shortbread-biscuit-production-line-automatic-efficient\/#breadcrumb","itemListElement":[{"@type":"ListItem","position":1,"name":"Home","item":"https:\/\/www.biscuitsolution.com\/"},{"@type":"ListItem","position":2,"name":"Product","item":"https:\/\/www.biscuitsolution.com\/product\/"},{"@type":"ListItem","position":3,"name":"Shortbread Biscuit Production Line Automatic Efficient"}]},{"@type":"WebSite","@id":"https:\/\/www.biscuitsolution.com\/#website","url":"https:\/\/www.biscuitsolution.com\/","name":"Fabricante de solu\u00e7\u00f5es para produ\u00e7\u00e3o de biscoitos","description":"","potentialAction":[{"@type":"SearchAction","target":{"@type":"EntryPoint","urlTemplate":"https:\/\/www.biscuitsolution.com\/?s={search_term_string}"},"query-input":{"@type":"PropertyValueSpecification","valueRequired":true,"valueName":"search_term_string"}}],"inLanguage":"pt-BR"},false]}},"yasr_visitor_votes":{"stars_attributes":{"read_only":false,"span_bottom":false},"number_of_votes":0,"sum_votes":0},"_links":{"self":[{"href":"https:\/\/www.biscuitsolution.com\/pt\/wp-json\/wp\/v2\/product\/4663","targetHints":{"allow":["GET"]}}],"collection":[{"href":"https:\/\/www.biscuitsolution.com\/pt\/wp-json\/wp\/v2\/product"}],"about":[{"href":"https:\/\/www.biscuitsolution.com\/pt\/wp-json\/wp\/v2\/types\/product"}],"replies":[{"embeddable":true,"href":"https:\/\/www.biscuitsolution.com\/pt\/wp-json\/wp\/v2\/comments?post=4663"}],"version-history":[{"count":3,"href":"https:\/\/www.biscuitsolution.com\/pt\/wp-json\/wp\/v2\/product\/4663\/revisions"}],"predecessor-version":[{"id":5761,"href":"https:\/\/www.biscuitsolution.com\/pt\/wp-json\/wp\/v2\/product\/4663\/revisions\/5761"}],"wp:featuredmedia":[{"embeddable":true,"href":"https:\/\/www.biscuitsolution.com\/pt\/wp-json\/wp\/v2\/media\/4666"}],"wp:attachment":[{"href":"https:\/\/www.biscuitsolution.com\/pt\/wp-json\/wp\/v2\/media?parent=4663"}],"wp:term":[{"taxonomy":"product_brand","embeddable":true,"href":"https:\/\/www.biscuitsolution.com\/pt\/wp-json\/wp\/v2\/product_brand?post=4663"},{"taxonomy":"product_cat","embeddable":true,"href":"https:\/\/www.biscuitsolution.com\/pt\/wp-json\/wp\/v2\/product_cat?post=4663"},{"taxonomy":"product_tag","embeddable":true,"href":"https:\/\/www.biscuitsolution.com\/pt\/wp-json\/wp\/v2\/product_tag?post=4663"}],"curies":[{"name":"wp","href":"https:\/\/api.w.org\/{rel}","templated":true}]}}