{"id":4656,"date":"2025-02-19T08:44:03","date_gmt":"2025-02-19T08:44:03","guid":{"rendered":"https:\/\/www.biscuitsolution.com\/?post_type=product&#038;p=4656"},"modified":"2025-10-30T10:47:10","modified_gmt":"2025-10-30T02:47:10","slug":"automatic-sandwich-biscuit-production-line-1100kg-h","status":"publish","type":"product","link":"https:\/\/www.biscuitsolution.com\/pt\/produto\/automatic-sandwich-biscuit-production-line-1100kg-h\/","title":{"rendered":"Linha de produ\u00e7\u00e3o autom\u00e1tica de biscoitos tipo sandu\u00edche 1100 kg\/H"},"content":{"rendered":"<p>Um<strong> Linha de produ\u00e7\u00e3o autom\u00e1tica de biscoitos tipo sandu\u00edche<\/strong> \u00e9 um sistema de fabrica\u00e7\u00e3o complexo e altamente eficiente, projetado para produzir biscoitos tipo sandu\u00edche em grandes quantidades com o m\u00ednimo de interven\u00e7\u00e3o humana.<\/p>\n<p><img fetchpriority=\"high\" decoding=\"async\" class=\"alignnone wp-image-4659 size-full\" src=\"https:\/\/www.biscuitsolution.com\/wp-content\/uploads\/2025\/02\/sandwich-biscuit.jpg\" alt=\"Linha de produ\u00e7\u00e3o de biscoitos tipo sandu\u00edche\" width=\"800\" height=\"450\" srcset=\"https:\/\/www.biscuitsolution.com\/wp-content\/uploads\/2025\/02\/sandwich-biscuit.jpg 800w, https:\/\/www.biscuitsolution.com\/wp-content\/uploads\/2025\/02\/sandwich-biscuit-600x338.jpg 600w, https:\/\/www.biscuitsolution.com\/wp-content\/uploads\/2025\/02\/sandwich-biscuit-300x169.jpg 300w, https:\/\/www.biscuitsolution.com\/wp-content\/uploads\/2025\/02\/sandwich-biscuit-768x432.jpg 768w\" sizes=\"(max-width: 800px) 100vw, 800px\" \/><\/p>\n<h2>Componentes da linha de produ\u00e7\u00e3o de biscoitos tipo sandu\u00edche<\/h2>\n<ol>\n<li>\n<p class=\"ds-markdown-paragraph\"><strong>Unidade de prepara\u00e7\u00e3o de massa<\/strong><br \/>\nEquipada com um misturador de alto desempenho, essa unidade garante que a massa atinja uma consist\u00eancia uniforme e a textura ideal. Os modelos avan\u00e7ados apresentam controles program\u00e1veis que ajustam automaticamente a velocidade e a dura\u00e7\u00e3o da mistura de acordo com receitas predefinidas, garantindo a consist\u00eancia de lote para lote.<\/p>\n<\/li>\n<li>\n<p class=\"ds-markdown-paragraph\"><strong>Unidade formadora de biscoitos<\/strong><br \/>\nEsse est\u00e1gio utiliza uma moldadora rotativa ou um sistema baseado em extrus\u00e3o para moldar as bases dos biscoitos com precis\u00e3o. A moldadora rotativa \u00e9 especialmente eficaz para produzir biscoitos de formato uniforme com desenhos detalhados, o que \u00e9 essencial para as camadas externas dos biscoitos tipo sandu\u00edche.<\/p>\n<\/li>\n<li>\n<p class=\"ds-markdown-paragraph\"><strong>Forno para assar<\/strong><br \/>\nUm forno t\u00fanel de v\u00e1rias zonas com circula\u00e7\u00e3o de ar quente ou tecnologia de aquecimento por infravermelho garante um cozimento uniforme e o desenvolvimento ideal da cor. A temperatura e o tempo de cozimento podem ser ajustados com precis\u00e3o de acordo com o tipo de biscoito e os requisitos da receita.<\/p>\n<\/li>\n<li>\n<p class=\"ds-markdown-paragraph\"><strong>Unidade de aplica\u00e7\u00e3o de enchimento<\/strong><br \/>\nUsando bicos de precis\u00e3o e transportadores sincronizados, essa unidade deposita uma quantidade controlada de recheio - como creme, chocolate ou geleia - nas bases dos biscoitos. O volume de enchimento e a velocidade do transportador s\u00e3o ajust\u00e1veis para manter o alinhamento e evitar o transbordamento ou a escassez.<\/p>\n<\/li>\n<li>\n<p class=\"ds-markdown-paragraph\"><strong>Unidade de montagem e embalagem<\/strong><br \/>\nA segunda camada de biscoito \u00e9 automaticamente colocada sobre as bases preenchidas para formar a estrutura do sandu\u00edche. Os biscoitos acabados s\u00e3o ent\u00e3o direcionados para sistemas de embalagem automatizados, que podem lidar com tudo, desde a embalagem de fluxo e o ensacamento at\u00e9 o encaixotamento e a embalagem m\u00faltipla, de acordo com os requisitos de vendas.<\/p>\n<\/li>\n<\/ol>\n<p><img decoding=\"async\" class=\"alignnone size-full wp-image-4657\" src=\"https:\/\/www.biscuitsolution.com\/wp-content\/uploads\/2025\/02\/sandwich-biscuite.jpg\" alt=\"Linha de produ\u00e7\u00e3o de biscoitos tipo sandu\u00edche\" width=\"800\" height=\"450\" srcset=\"https:\/\/www.biscuitsolution.com\/wp-content\/uploads\/2025\/02\/sandwich-biscuite.jpg 800w, https:\/\/www.biscuitsolution.com\/wp-content\/uploads\/2025\/02\/sandwich-biscuite-600x338.jpg 600w, https:\/\/www.biscuitsolution.com\/wp-content\/uploads\/2025\/02\/sandwich-biscuite-300x169.jpg 300w, https:\/\/www.biscuitsolution.com\/wp-content\/uploads\/2025\/02\/sandwich-biscuite-768x432.jpg 768w\" sizes=\"(max-width: 800px) 100vw, 800px\" \/><\/p>\n<h2>Caracter\u00edsticas da linha de produ\u00e7\u00e3o autom\u00e1tica de biscoitos tipo sandu\u00edche<\/h2>\n<ul>\n<li>\n<p class=\"ds-markdown-paragraph\"><strong>Alta efici\u00eancia de produ\u00e7\u00e3o<\/strong><br \/>\nCapaz de produzir milhares de biscoitos tipo sandu\u00edche por hora, a linha atende \u00e0s demandas dos canais de varejo e distribui\u00e7\u00e3o em larga escala sem comprometer a qualidade ou a consist\u00eancia.<\/p>\n<\/li>\n<li>\n<p class=\"ds-markdown-paragraph\"><strong>Qualidade consistente do produto<\/strong><br \/>\nO controle preciso da mistura, da forma\u00e7\u00e3o, do cozimento e do recheio garante que todos os biscoitos tenham o mesmo sabor, textura e apar\u00eancia - fortalecendo a reputa\u00e7\u00e3o da sua marca e a confian\u00e7a do consumidor.<\/p>\n<\/li>\n<li>\n<p class=\"ds-markdown-paragraph\"><strong>Excelente flexibilidade de produ\u00e7\u00e3o<\/strong><br \/>\nAdapte-se facilmente \u00e0s novas tend\u00eancias do mercado modificando receitas, trocando moldes ou ajustando os par\u00e2metros do processo. Isso permite que voc\u00ea introduza novos sabores, formatos ou variedades de recheio com o m\u00ednimo de tempo de inatividade.<\/p>\n<\/li>\n<li>\n<p class=\"ds-markdown-paragraph\"><strong>Redu\u00e7\u00e3o da depend\u00eancia de m\u00e3o de obra<\/strong><br \/>\nA automa\u00e7\u00e3o total reduz significativamente a necessidade de m\u00e3o de obra manual, cortando os custos operacionais e minimizando os erros ou inconsist\u00eancias relacionados ao homem em todo o processo de produ\u00e7\u00e3o.<\/p>\n<\/li>\n<\/ul>\n<div class=\"ast-oembed-container\" style=\"height: 100%;\"><iframe title=\"Veja! Linha de produ\u00e7\u00e3o de biscoito sandu\u00edche industrial muito profissional\" width=\"500\" height=\"281\" src=\"https:\/\/www.youtube.com\/embed\/1zMh_8a0S4E?feature=oembed\" frameborder=\"0\" allow=\"accelerometer; autoplay; clipboard-write; encrypted-media; gyroscope; picture-in-picture; web-share\" referrerpolicy=\"strict-origin-when-cross-origin\" allowfullscreen><\/iframe><\/div>\n<h3><strong>Considera\u00e7\u00f5es sobre investimento e suporte<\/strong><\/h3>\n<p class=\"ds-markdown-paragraph\">O estabelecimento de uma linha de produ\u00e7\u00e3o autom\u00e1tica de biscoitos tipo sandu\u00edche requer um investimento de capital significativo, com custos que variam de acordo com a capacidade, o n\u00edvel de automa\u00e7\u00e3o e o fabricante - normalmente variando de centenas de milhares a v\u00e1rios milh\u00f5es de d\u00f3lares.<\/p>\n<p class=\"ds-markdown-paragraph\">Ao selecionar o equipamento, \u00e9 essencial fazer parceria com um fabricante que ofere\u00e7a suporte t\u00e9cnico confi\u00e1vel, pe\u00e7as sobressalentes prontamente dispon\u00edveis e servi\u00e7o p\u00f3s-venda abrangente para garantir a estabilidade operacional de longo prazo e um forte retorno sobre o investimento.<\/p>\n<h2>Deixe uma mensagem para obter uma cota\u00e7\u00e3o<\/h2>\n\n<div class=\"wpcf7 no-js\" id=\"wpcf7-f4619-o1\" lang=\"en-US\" dir=\"ltr\" data-wpcf7-id=\"4619\">\n<div class=\"screen-reader-response\"><p role=\"status\" aria-live=\"polite\" aria-atomic=\"true\"><\/p> <ul><\/ul><\/div>\n<form action=\"\/pt\/wp-json\/wp\/v2\/product\/4656#wpcf7-f4619-o1\" method=\"post\" class=\"wpcf7-form init\" aria-label=\"Formul\u00e1rio de contato\" novalidate=\"novalidate\" data-status=\"init\" data-trp-original-action=\"\/pt\/wp-json\/wp\/v2\/product\/4656#wpcf7-f4619-o1\">\n<div style=\"display: none;\">\n<input type=\"hidden\" name=\"_wpcf7\" value=\"4619\" \/>\n<input type=\"hidden\" name=\"_wpcf7_version\" value=\"6.0.4\" \/>\n<input type=\"hidden\" name=\"_wpcf7_locale\" value=\"en_US\" \/>\n<input type=\"hidden\" name=\"_wpcf7_unit_tag\" value=\"wpcf7-f4619-o1\" \/>\n<input type=\"hidden\" name=\"_wpcf7_container_post\" value=\"0\" \/>\n<input type=\"hidden\" name=\"_wpcf7_posted_data_hash\" value=\"\" \/>\n<\/div>\n<p><label> Seu nome*<br \/>\n<span class=\"wpcf7-form-control-wrap\" data-name=\"your-name\"><input size=\"40\" maxlength=\"400\" class=\"wpcf7-form-control wpcf7-text wpcf7-validates-as-required\" aria-required=\"true\" aria-invalid=\"false\" value=\"\" type=\"text\" name=\"your-name\" \/><\/span> <\/label>\n<\/p>\n<p><label> Seu pa\u00eds<br \/>\n<span class=\"wpcf7-form-control-wrap\" data-name=\"your-country\"><input size=\"40\" maxlength=\"400\" class=\"wpcf7-form-control wpcf7-text\" aria-invalid=\"false\" value=\"\" type=\"text\" name=\"your-country\" \/><\/span><\/label>\n<\/p>\n<p><label> Seu e-mail*<br \/>\n<span class=\"wpcf7-form-control-wrap\" data-name=\"your-email\"><input size=\"40\" maxlength=\"400\" class=\"wpcf7-form-control wpcf7-email wpcf7-validates-as-required wpcf7-text wpcf7-validates-as-email\" aria-required=\"true\" aria-invalid=\"false\" value=\"\" type=\"email\" name=\"your-email\" \/><\/span> <\/label>\n<\/p>\n<p><label> Seu telefone<br \/>\n<span class=\"wpcf7-form-control-wrap\" data-name=\"your-phone\"><input size=\"40\" maxlength=\"400\" class=\"wpcf7-form-control wpcf7-tel wpcf7-text wpcf7-validates-as-tel\" aria-invalid=\"false\" value=\"\" type=\"tel\" name=\"your-phone\" \/><\/span> <\/label>\n<\/p>\n<p><label> Nome de sua empresa<br \/>\n<span class=\"wpcf7-form-control-wrap\" data-name=\"text-457\"><input size=\"40\" maxlength=\"400\" class=\"wpcf7-form-control wpcf7-text\" aria-invalid=\"false\" value=\"\" type=\"text\" name=\"text-457\" \/><\/span> <\/label>\n<\/p>\n<p><label> Site de sua empresa<br \/>\n<span class=\"wpcf7-form-control-wrap\" data-name=\"text-546\"><input size=\"40\" maxlength=\"400\" class=\"wpcf7-form-control wpcf7-text\" aria-invalid=\"false\" value=\"\" type=\"text\" name=\"text-546\" \/><\/span> <\/label>\n<\/p>\n<p><label> Seu requisito*<br \/>\n<span class=\"wpcf7-form-control-wrap\" data-name=\"your-message\"><textarea cols=\"40\" rows=\"10\" maxlength=\"2000\" class=\"wpcf7-form-control wpcf7-textarea wpcf7-validates-as-required\" aria-required=\"true\" aria-invalid=\"false\" name=\"your-message\"><\/textarea><\/span> <\/label>\n<\/p>\n<p><input class=\"wpcf7-form-control wpcf7-submit has-spinner\" type=\"submit\" value=\"Enviar\" \/>\n<\/p><p style=\"display: none !important;\" class=\"akismet-fields-container\" data-prefix=\"_wpcf7_ak_\"><label>&#916;<textarea name=\"_wpcf7_ak_hp_textarea\" cols=\"45\" rows=\"8\" maxlength=\"100\"><\/textarea><\/label><input type=\"hidden\" id=\"ak_js_1\" name=\"_wpcf7_ak_js\" value=\"171\"\/><script>document.getElementById( \"ak_js_1\" ).setAttribute( \"value\", ( new Date() ).getTime() );<\/script><\/p><div class=\"wpcf7-response-output\" aria-hidden=\"true\"><\/div>\n<input type=\"hidden\" name=\"trp-form-language\" value=\"pt\"\/><\/form>\n<\/div>\n\n<div style='text-align:left' class='yasr-auto-insert-visitor'><\/div>","protected":false},"excerpt":{"rendered":"<p>Marca: GELGOOG<\/p>\n<p>Tens\u00e3o: 380V<\/p>\n<p>Capacity\uff1a100-1200kg\/h<\/p>\n<p>E-mail: shanna@machinehall.com<\/p>\n<p>Tel: +8618638676709<\/p>","protected":false},"featured_media":4658,"comment_status":"open","ping_status":"closed","template":"","meta":{"site-sidebar-layout":"default","site-content-layout":"","ast-site-content-layout":"default","site-content-style":"default","site-sidebar-style":"default","ast-global-header-display":"","ast-banner-title-visibility":"","ast-main-header-display":"","ast-hfb-above-header-display":"","ast-hfb-below-header-display":"","ast-hfb-mobile-header-display":"","site-post-title":"","ast-breadcrumbs-content":"","ast-featured-img":"","footer-sml-layout":"","theme-transparent-header-meta":"default","adv-header-id-meta":"","stick-header-meta":"","header-above-stick-meta":"","header-main-stick-meta":"","header-below-stick-meta":"","astra-migrate-meta-layouts":"set","ast-page-background-enabled":"default","ast-page-background-meta":{"desktop":{"background-color":"","background-image":"","background-repeat":"repeat","background-position":"center center","background-size":"auto","background-attachment":"scroll","background-type":"","background-media":"","overlay-type":"","overlay-color":"","overlay-opacity":"","overlay-gradient":""},"tablet":{"background-color":"","background-image":"","background-repeat":"repeat","background-position":"center center","background-size":"auto","background-attachment":"scroll","background-type":"","background-media":"","overlay-type":"","overlay-color":"","overlay-opacity":"","overlay-gradient":""},"mobile":{"background-color":"","background-image":"","background-repeat":"repeat","background-position":"center center","background-size":"auto","background-attachment":"scroll","background-type":"","background-media":"","overlay-type":"","overlay-color":"","overlay-opacity":"","overlay-gradient":""}},"ast-content-background-meta":{"desktop":{"background-color":"var(--ast-global-color-5)","background-image":"","background-repeat":"repeat","background-position":"center center","background-size":"auto","background-attachment":"scroll","background-type":"","background-media":"","overlay-type":"","overlay-color":"","overlay-opacity":"","overlay-gradient":""},"tablet":{"background-color":"var(--ast-global-color-5)","background-image":"","background-repeat":"repeat","background-position":"center center","background-size":"auto","background-attachment":"scroll","background-type":"","background-media":"","overlay-type":"","overlay-color":"","overlay-opacity":"","overlay-gradient":""},"mobile":{"background-color":"var(--ast-global-color-5)","background-image":"","background-repeat":"repeat","background-position":"center center","background-size":"auto","background-attachment":"scroll","background-type":"","background-media":"","overlay-type":"","overlay-color":"","overlay-opacity":"","overlay-gradient":""}},"yasr_overall_rating":4.9,"yasr_post_is_review":"","yasr_auto_insert_disabled":"","yasr_review_type":""},"product_brand":[],"product_cat":[25],"product_tag":[],"class_list":{"0":"post-4656","1":"product","2":"type-product","3":"status-publish","4":"has-post-thumbnail","6":"product_cat-soft-biscuit-production-line","7":"desktop-align-left","8":"tablet-align-left","9":"mobile-align-left","11":"first","12":"instock","13":"shipping-taxable","14":"product-type-simple"},"yoast_head":"<!-- This site is optimized with the Yoast SEO plugin v24.4 - https:\/\/yoast.com\/wordpress\/plugins\/seo\/ -->\n<title>Automatic Sandwich Biscuit Production Line 1100kg\/H - Biscuit Production Solution Manufacturer<\/title>\n<meta name=\"description\" content=\"Automatic sandwich biscuit production line is a highly efficient system designed to produce in large quantities with minimal human intervention.\" \/>\n<meta name=\"robots\" content=\"index, follow, max-snippet:-1, max-image-preview:large, max-video-preview:-1\" \/>\n<link rel=\"canonical\" href=\"https:\/\/www.biscuitsolution.com\/pt\/produto\/automatic-sandwich-biscuit-production-line-1100kg-h\/\" \/>\n<meta property=\"og:locale\" content=\"pt_BR\" \/>\n<meta property=\"og:type\" content=\"article\" \/>\n<meta property=\"og:title\" content=\"Automatic Sandwich Biscuit Production Line 1100kg\/H - Biscuit Production Solution Manufacturer\" \/>\n<meta property=\"og:description\" content=\"Automatic sandwich biscuit production line is a highly efficient system designed to produce in large quantities with minimal human intervention.\" \/>\n<meta property=\"og:url\" content=\"https:\/\/www.biscuitsolution.com\/pt\/produto\/automatic-sandwich-biscuit-production-line-1100kg-h\/\" \/>\n<meta property=\"og:site_name\" content=\"Biscuit Production Solution Manufacturer\" \/>\n<meta property=\"article:publisher\" content=\"https:\/\/www.facebook.com\/profile.php?id=100095205040823\" \/>\n<meta property=\"article:modified_time\" content=\"2025-10-30T02:47:10+00:00\" \/>\n<meta property=\"og:image\" content=\"https:\/\/www.biscuitsolution.com\/wp-content\/uploads\/2025\/02\/sandwich-biscuit-production-line.jpg\" \/>\n\t<meta property=\"og:image:width\" content=\"600\" \/>\n\t<meta property=\"og:image:height\" content=\"600\" \/>\n\t<meta property=\"og:image:type\" content=\"image\/jpeg\" \/>\n<meta name=\"twitter:card\" content=\"summary_large_image\" \/>\n<meta name=\"twitter:site\" content=\"@shanna_zha26342\" \/>\n<meta name=\"twitter:label1\" content=\"Est. tempo de leitura\" \/>\n\t<meta name=\"twitter:data1\" content=\"3 minutos\" \/>\n<script type=\"application\/ld+json\" class=\"yoast-schema-graph\">{\"@context\":\"https:\/\/schema.org\",\"@graph\":[{\"@type\":\"WebPage\",\"@id\":\"https:\/\/www.biscuitsolution.com\/product\/automatic-sandwich-biscuit-production-line-1100kg-h\/\",\"url\":\"https:\/\/www.biscuitsolution.com\/product\/automatic-sandwich-biscuit-production-line-1100kg-h\/\",\"name\":\"Automatic Sandwich Biscuit Production Line 1100kg\/H - Biscuit Production Solution Manufacturer\",\"isPartOf\":{\"@id\":\"https:\/\/www.biscuitsolution.com\/#website\"},\"primaryImageOfPage\":{\"@id\":\"https:\/\/www.biscuitsolution.com\/product\/automatic-sandwich-biscuit-production-line-1100kg-h\/#primaryimage\"},\"image\":{\"@id\":\"https:\/\/www.biscuitsolution.com\/product\/automatic-sandwich-biscuit-production-line-1100kg-h\/#primaryimage\"},\"thumbnailUrl\":\"https:\/\/www.biscuitsolution.com\/wp-content\/uploads\/2025\/02\/sandwich-biscuit-production-line.jpg\",\"datePublished\":\"2025-02-19T08:44:03+00:00\",\"dateModified\":\"2025-10-30T02:47:10+00:00\",\"description\":\"Automatic sandwich biscuit production line is a highly efficient system designed to produce in large quantities with minimal human intervention.\",\"breadcrumb\":{\"@id\":\"https:\/\/www.biscuitsolution.com\/product\/automatic-sandwich-biscuit-production-line-1100kg-h\/#breadcrumb\"},\"inLanguage\":\"pt-BR\",\"potentialAction\":[{\"@type\":\"ReadAction\",\"target\":[\"https:\/\/www.biscuitsolution.com\/product\/automatic-sandwich-biscuit-production-line-1100kg-h\/\"]}]},{\"@type\":\"ImageObject\",\"inLanguage\":\"pt-BR\",\"@id\":\"https:\/\/www.biscuitsolution.com\/product\/automatic-sandwich-biscuit-production-line-1100kg-h\/#primaryimage\",\"url\":\"https:\/\/www.biscuitsolution.com\/wp-content\/uploads\/2025\/02\/sandwich-biscuit-production-line.jpg\",\"contentUrl\":\"https:\/\/www.biscuitsolution.com\/wp-content\/uploads\/2025\/02\/sandwich-biscuit-production-line.jpg\",\"width\":600,\"height\":600,\"caption\":\"automatic sandwich biscuit production line\"},{\"@type\":\"BreadcrumbList\",\"@id\":\"https:\/\/www.biscuitsolution.com\/product\/automatic-sandwich-biscuit-production-line-1100kg-h\/#breadcrumb\",\"itemListElement\":[{\"@type\":\"ListItem\",\"position\":1,\"name\":\"Home\",\"item\":\"https:\/\/www.biscuitsolution.com\/\"},{\"@type\":\"ListItem\",\"position\":2,\"name\":\"Product\",\"item\":\"https:\/\/www.biscuitsolution.com\/product\/\"},{\"@type\":\"ListItem\",\"position\":3,\"name\":\"Automatic Sandwich Biscuit Production Line 1100kg\/H\"}]},{\"@type\":\"WebSite\",\"@id\":\"https:\/\/www.biscuitsolution.com\/#website\",\"url\":\"https:\/\/www.biscuitsolution.com\/\",\"name\":\"Biscuit Production Solution Manufacturer\",\"description\":\"\",\"potentialAction\":[{\"@type\":\"SearchAction\",\"target\":{\"@type\":\"EntryPoint\",\"urlTemplate\":\"https:\/\/www.biscuitsolution.com\/?s={search_term_string}\"},\"query-input\":{\"@type\":\"PropertyValueSpecification\",\"valueRequired\":true,\"valueName\":\"search_term_string\"}}],\"inLanguage\":\"pt-BR\"},false]}<\/script>\n<!-- \/ Yoast SEO plugin. -->","yoast_head_json":{"title":"Linha de produ\u00e7\u00e3o autom\u00e1tica de biscoitos tipo sandu\u00edche 1100 kg\/H - Fabricante de solu\u00e7\u00f5es de produ\u00e7\u00e3o de biscoitos","description":"A linha de produ\u00e7\u00e3o autom\u00e1tica de biscoitos tipo sandu\u00edche \u00e9 um sistema altamente eficiente projetado para produzir em grandes quantidades com o m\u00ednimo de interven\u00e7\u00e3o humana.","robots":{"index":"index","follow":"follow","max-snippet":"max-snippet:-1","max-image-preview":"max-image-preview:large","max-video-preview":"max-video-preview:-1"},"canonical":"https:\/\/www.biscuitsolution.com\/pt\/produto\/automatic-sandwich-biscuit-production-line-1100kg-h\/","og_locale":"pt_BR","og_type":"article","og_title":"Automatic Sandwich Biscuit Production Line 1100kg\/H - Biscuit Production Solution Manufacturer","og_description":"Automatic sandwich biscuit production line is a highly efficient system designed to produce in large quantities with minimal human intervention.","og_url":"https:\/\/www.biscuitsolution.com\/pt\/produto\/automatic-sandwich-biscuit-production-line-1100kg-h\/","og_site_name":"Biscuit Production Solution Manufacturer","article_publisher":"https:\/\/www.facebook.com\/profile.php?id=100095205040823","article_modified_time":"2025-10-30T02:47:10+00:00","og_image":[{"width":600,"height":600,"url":"https:\/\/www.biscuitsolution.com\/wp-content\/uploads\/2025\/02\/sandwich-biscuit-production-line.jpg","type":"image\/jpeg"}],"twitter_card":"summary_large_image","twitter_site":"@shanna_zha26342","twitter_misc":{"Est. tempo de leitura":"3 minutos"},"schema":{"@context":"https:\/\/schema.org","@graph":[{"@type":"WebPage","@id":"https:\/\/www.biscuitsolution.com\/product\/automatic-sandwich-biscuit-production-line-1100kg-h\/","url":"https:\/\/www.biscuitsolution.com\/product\/automatic-sandwich-biscuit-production-line-1100kg-h\/","name":"Linha de produ\u00e7\u00e3o autom\u00e1tica de biscoitos tipo sandu\u00edche 1100 kg\/H - Fabricante de solu\u00e7\u00f5es de produ\u00e7\u00e3o de biscoitos","isPartOf":{"@id":"https:\/\/www.biscuitsolution.com\/#website"},"primaryImageOfPage":{"@id":"https:\/\/www.biscuitsolution.com\/product\/automatic-sandwich-biscuit-production-line-1100kg-h\/#primaryimage"},"image":{"@id":"https:\/\/www.biscuitsolution.com\/product\/automatic-sandwich-biscuit-production-line-1100kg-h\/#primaryimage"},"thumbnailUrl":"https:\/\/www.biscuitsolution.com\/wp-content\/uploads\/2025\/02\/sandwich-biscuit-production-line.jpg","datePublished":"2025-02-19T08:44:03+00:00","dateModified":"2025-10-30T02:47:10+00:00","description":"A linha de produ\u00e7\u00e3o autom\u00e1tica de biscoitos tipo sandu\u00edche \u00e9 um sistema altamente eficiente projetado para produzir em grandes quantidades com o m\u00ednimo de interven\u00e7\u00e3o humana.","breadcrumb":{"@id":"https:\/\/www.biscuitsolution.com\/product\/automatic-sandwich-biscuit-production-line-1100kg-h\/#breadcrumb"},"inLanguage":"pt-BR","potentialAction":[{"@type":"ReadAction","target":["https:\/\/www.biscuitsolution.com\/product\/automatic-sandwich-biscuit-production-line-1100kg-h\/"]}]},{"@type":"ImageObject","inLanguage":"pt-BR","@id":"https:\/\/www.biscuitsolution.com\/product\/automatic-sandwich-biscuit-production-line-1100kg-h\/#primaryimage","url":"https:\/\/www.biscuitsolution.com\/wp-content\/uploads\/2025\/02\/sandwich-biscuit-production-line.jpg","contentUrl":"https:\/\/www.biscuitsolution.com\/wp-content\/uploads\/2025\/02\/sandwich-biscuit-production-line.jpg","width":600,"height":600,"caption":"automatic sandwich biscuit production line"},{"@type":"BreadcrumbList","@id":"https:\/\/www.biscuitsolution.com\/product\/automatic-sandwich-biscuit-production-line-1100kg-h\/#breadcrumb","itemListElement":[{"@type":"ListItem","position":1,"name":"Home","item":"https:\/\/www.biscuitsolution.com\/"},{"@type":"ListItem","position":2,"name":"Product","item":"https:\/\/www.biscuitsolution.com\/product\/"},{"@type":"ListItem","position":3,"name":"Automatic Sandwich Biscuit Production Line 1100kg\/H"}]},{"@type":"WebSite","@id":"https:\/\/www.biscuitsolution.com\/#website","url":"https:\/\/www.biscuitsolution.com\/","name":"Fabricante de solu\u00e7\u00f5es para produ\u00e7\u00e3o de biscoitos","description":"","potentialAction":[{"@type":"SearchAction","target":{"@type":"EntryPoint","urlTemplate":"https:\/\/www.biscuitsolution.com\/?s={search_term_string}"},"query-input":{"@type":"PropertyValueSpecification","valueRequired":true,"valueName":"search_term_string"}}],"inLanguage":"pt-BR"},false]}},"yasr_visitor_votes":{"stars_attributes":{"read_only":false,"span_bottom":false},"number_of_votes":0,"sum_votes":0},"_links":{"self":[{"href":"https:\/\/www.biscuitsolution.com\/pt\/wp-json\/wp\/v2\/product\/4656","targetHints":{"allow":["GET"]}}],"collection":[{"href":"https:\/\/www.biscuitsolution.com\/pt\/wp-json\/wp\/v2\/product"}],"about":[{"href":"https:\/\/www.biscuitsolution.com\/pt\/wp-json\/wp\/v2\/types\/product"}],"replies":[{"embeddable":true,"href":"https:\/\/www.biscuitsolution.com\/pt\/wp-json\/wp\/v2\/comments?post=4656"}],"version-history":[{"count":4,"href":"https:\/\/www.biscuitsolution.com\/pt\/wp-json\/wp\/v2\/product\/4656\/revisions"}],"predecessor-version":[{"id":5819,"href":"https:\/\/www.biscuitsolution.com\/pt\/wp-json\/wp\/v2\/product\/4656\/revisions\/5819"}],"wp:featuredmedia":[{"embeddable":true,"href":"https:\/\/www.biscuitsolution.com\/pt\/wp-json\/wp\/v2\/media\/4658"}],"wp:attachment":[{"href":"https:\/\/www.biscuitsolution.com\/pt\/wp-json\/wp\/v2\/media?parent=4656"}],"wp:term":[{"taxonomy":"product_brand","embeddable":true,"href":"https:\/\/www.biscuitsolution.com\/pt\/wp-json\/wp\/v2\/product_brand?post=4656"},{"taxonomy":"product_cat","embeddable":true,"href":"https:\/\/www.biscuitsolution.com\/pt\/wp-json\/wp\/v2\/product_cat?post=4656"},{"taxonomy":"product_tag","embeddable":true,"href":"https:\/\/www.biscuitsolution.com\/pt\/wp-json\/wp\/v2\/product_tag?post=4656"}],"curies":[{"name":"wp","href":"https:\/\/api.w.org\/{rel}","templated":true}]}}