{"id":4650,"date":"2025-02-19T08:32:19","date_gmt":"2025-02-19T08:32:19","guid":{"rendered":"https:\/\/www.biscuitsolution.com\/?post_type=product&#038;p=4650"},"modified":"2025-02-19T08:45:29","modified_gmt":"2025-02-19T08:45:29","slug":"fully-automatic-biscuit-making-machine-for-factory","status":"publish","type":"product","link":"https:\/\/www.biscuitsolution.com\/pt\/produto\/fully-automatic-biscuit-making-machine-for-factory\/","title":{"rendered":"M\u00e1quina de fabrica\u00e7\u00e3o de biscoitos totalmente autom\u00e1tica para f\u00e1brica"},"content":{"rendered":"<p><strong>M\u00e1quina de fabrica\u00e7\u00e3o de biscoitos totalmente autom\u00e1tica<\/strong> n\u00e3o exige muita interven\u00e7\u00e3o manual, desde a entrega precisa das mat\u00e9rias-primas at\u00e9 a mistura e a modelagem da massa e, por fim, o cozimento no forno. Ele foi projetado para a produ\u00e7\u00e3o em larga escala de biscoitos em f\u00e1bricas.<\/p>\n<p><img fetchpriority=\"high\" decoding=\"async\" class=\"alignnone size-full wp-image-4651\" src=\"https:\/\/www.biscuitsolution.com\/wp-content\/uploads\/2025\/02\/fully-automatic-biscuit-machine.jpg\" alt=\"M\u00e1quina de fabrica\u00e7\u00e3o de biscoitos totalmente autom\u00e1tica\" width=\"800\" height=\"450\" srcset=\"https:\/\/www.biscuitsolution.com\/wp-content\/uploads\/2025\/02\/fully-automatic-biscuit-machine.jpg 800w, https:\/\/www.biscuitsolution.com\/wp-content\/uploads\/2025\/02\/fully-automatic-biscuit-machine-600x338.jpg 600w, https:\/\/www.biscuitsolution.com\/wp-content\/uploads\/2025\/02\/fully-automatic-biscuit-machine-300x169.jpg 300w, https:\/\/www.biscuitsolution.com\/wp-content\/uploads\/2025\/02\/fully-automatic-biscuit-machine-768x432.jpg 768w\" sizes=\"(max-width: 800px) 100vw, 800px\" \/><\/p>\n<h2>An\u00e1lise da estrutura da m\u00e1quina autom\u00e1tica para fabrica\u00e7\u00e3o de biscoitos<\/h2>\n<ul>\n<li>Sistema de entrega de mat\u00e9ria-prima: equipado com balan\u00e7as eletr\u00f4nicas de alta precis\u00e3o e dispositivos de alimenta\u00e7\u00e3o autom\u00e1tica, ele pode colocar com precis\u00e3o farinha, a\u00e7\u00facar, \u00f3leo e outras mat\u00e9rias-primas no tanque de mistura em sequ\u00eancia, de acordo com a f\u00f3rmula predefinida, criando uma boa base para os processos subsequentes.<\/li>\n<li>Unidade de mistura e moldagem: As potentes l\u00e2minas de agita\u00e7\u00e3o misturam totalmente as mat\u00e9rias-primas em uma massa uniforme e, em seguida, as extrudam e cortam por meio de moldes especiais para dar forma a v\u00e1rios formatos requintados de biscoitos, como redondos, quadrados, animais etc.<\/li>\n<li>Sistema de cozimento: A m\u00e1quina de fabrica\u00e7\u00e3o de biscoitos totalmente autom\u00e1tica adota tecnologia avan\u00e7ada de controle de temperatura para simular o ambiente de cozimento dos fornos tradicionais, controlar com precis\u00e3o a temperatura, a umidade e o tempo, garantir que os biscoitos sejam aquecidos uniformemente de dentro para fora e obter um sabor dourado e crocante perfeito.<\/li>\n<li>Conex\u00e3o de transporte e embalagem: Os biscoitos acabados saem ordenadamente pela esteira transportadora e podem ser conectados diretamente ao equipamento de embalagem para realizar um processo de produ\u00e7\u00e3o totalmente automatizado, reduzir as liga\u00e7\u00f5es de manuseio manual e melhorar ainda mais a efici\u00eancia da produ\u00e7\u00e3o.<\/li>\n<\/ul>\n<p><img decoding=\"async\" class=\"alignnone size-full wp-image-4652\" src=\"https:\/\/www.biscuitsolution.com\/wp-content\/uploads\/2025\/02\/automatic-biscuit-making-machine.jpg\" alt=\"M\u00e1quina autom\u00e1tica para fabrica\u00e7\u00e3o de biscoitos\" width=\"800\" height=\"450\" srcset=\"https:\/\/www.biscuitsolution.com\/wp-content\/uploads\/2025\/02\/automatic-biscuit-making-machine.jpg 800w, https:\/\/www.biscuitsolution.com\/wp-content\/uploads\/2025\/02\/automatic-biscuit-making-machine-600x338.jpg 600w, https:\/\/www.biscuitsolution.com\/wp-content\/uploads\/2025\/02\/automatic-biscuit-making-machine-300x169.jpg 300w, https:\/\/www.biscuitsolution.com\/wp-content\/uploads\/2025\/02\/automatic-biscuit-making-machine-768x432.jpg 768w\" sizes=\"(max-width: 800px) 100vw, 800px\" \/><\/p>\n<h2>Vantagens da m\u00e1quina de fabrica\u00e7\u00e3o de biscoitos totalmente autom\u00e1tica<\/h2>\n<ul>\n<li>Super alta efici\u00eancia: Em compara\u00e7\u00e3o com os equipamentos manuais ou semiautom\u00e1ticos tradicionais, a velocidade de produ\u00e7\u00e3o da m\u00e1quina de fabrica\u00e7\u00e3o de biscoitos totalmente autom\u00e1tica \u00e9 incr\u00edvel. Ela pode produzir um grande n\u00famero de biscoitos com qualidade est\u00e1vel em um curto espa\u00e7o de tempo, atender \u00e0 crescente demanda do mercado por biscoitos, reduzir bastante o ciclo de produ\u00e7\u00e3o e ajudar as empresas a aproveitar as oportunidades do mercado.<\/li>\n<li>Qualidade est\u00e1vel: Com um sistema de controle preciso, o peso, a forma e o grau de cozimento de cada biscoito podem ser altamente consistentes. Seja pelo sabor ou pela apar\u00eancia, os consumidores podem desfrutar de uma experi\u00eancia padronizada de alta qualidade e estabelecer uma boa reputa\u00e7\u00e3o para a marca.<\/li>\n<li>Economia de m\u00e3o de obra: no passado, eram necess\u00e1rios muitos trabalhadores em v\u00e1rios elos de produ\u00e7\u00e3o, mas agora a m\u00e1quina autom\u00e1tica de fabrica\u00e7\u00e3o de biscoitos precisa de apenas alguns operadores. Isso n\u00e3o apenas reduz os custos de m\u00e3o de obra, mas tamb\u00e9m reduz os problemas de qualidade causados por fatores humanos, tornando o gerenciamento da produ\u00e7\u00e3o mais f\u00e1cil e mais eficiente.<\/li>\n<li>Versatilidade: Mudando os moldes, ajustando os par\u00e2metros, etc., voc\u00ea pode facilmente fazer v\u00e1rios tipos de biscoitos, como biscoitos de creme, biscoitos de refrigerante, biscoitos de sandu\u00edche, etc., para atender \u00e0s prefer\u00eancias de gosto de diferentes consumidores e ampliar a cobertura de mercado dos produtos.<\/li>\n<\/ul>\n<p>Com seu excelente desempenho, a m\u00e1quina de fabrica\u00e7\u00e3o de biscoitos totalmente autom\u00e1tica se tornou uma ferramenta indispens\u00e1vel na moderna ind\u00fastria de produ\u00e7\u00e3o de biscoitos. Se quiser saber mais detalhes, sinta-se \u00e0 vontade para entrar em contato com nossa equipe de profissionais, que o atender\u00e1 de todo o cora\u00e7\u00e3o!<\/p>\n<div class=\"ast-oembed-container\" style=\"height: 100%;\"><iframe title=\"Como s\u00e3o produzidos os biscoitos duros?\" width=\"500\" height=\"281\" src=\"https:\/\/www.youtube.com\/embed\/pSrx0C7-hKs?feature=oembed\" frameborder=\"0\" allow=\"accelerometer; autoplay; clipboard-write; encrypted-media; gyroscope; picture-in-picture; web-share\" referrerpolicy=\"strict-origin-when-cross-origin\" allowfullscreen><\/iframe><\/div>\n<h2>Deixe uma mensagem para obter uma cota\u00e7\u00e3o<\/h2>\n\n<div class=\"wpcf7 no-js\" id=\"wpcf7-f4619-o1\" lang=\"en-US\" dir=\"ltr\" data-wpcf7-id=\"4619\">\n<div class=\"screen-reader-response\"><p role=\"status\" aria-live=\"polite\" aria-atomic=\"true\"><\/p> <ul><\/ul><\/div>\n<form action=\"\/pt\/wp-json\/wp\/v2\/product\/4650#wpcf7-f4619-o1\" method=\"post\" class=\"wpcf7-form init\" aria-label=\"Formul\u00e1rio de contato\" novalidate=\"novalidate\" data-status=\"init\" data-trp-original-action=\"\/pt\/wp-json\/wp\/v2\/product\/4650#wpcf7-f4619-o1\">\n<div style=\"display: none;\">\n<input type=\"hidden\" name=\"_wpcf7\" value=\"4619\" \/>\n<input type=\"hidden\" name=\"_wpcf7_version\" value=\"6.0.4\" \/>\n<input type=\"hidden\" name=\"_wpcf7_locale\" value=\"en_US\" \/>\n<input type=\"hidden\" name=\"_wpcf7_unit_tag\" value=\"wpcf7-f4619-o1\" \/>\n<input type=\"hidden\" name=\"_wpcf7_container_post\" value=\"0\" \/>\n<input type=\"hidden\" name=\"_wpcf7_posted_data_hash\" value=\"\" \/>\n<\/div>\n<p><label> Seu nome*<br \/>\n<span class=\"wpcf7-form-control-wrap\" data-name=\"your-name\"><input size=\"40\" maxlength=\"400\" class=\"wpcf7-form-control wpcf7-text wpcf7-validates-as-required\" aria-required=\"true\" aria-invalid=\"false\" value=\"\" type=\"text\" name=\"your-name\" \/><\/span> <\/label>\n<\/p>\n<p><label> Seu pa\u00eds<br \/>\n<span class=\"wpcf7-form-control-wrap\" data-name=\"your-country\"><input size=\"40\" maxlength=\"400\" class=\"wpcf7-form-control wpcf7-text\" aria-invalid=\"false\" value=\"\" type=\"text\" name=\"your-country\" \/><\/span><\/label>\n<\/p>\n<p><label> Seu e-mail*<br \/>\n<span class=\"wpcf7-form-control-wrap\" data-name=\"your-email\"><input size=\"40\" maxlength=\"400\" class=\"wpcf7-form-control wpcf7-email wpcf7-validates-as-required wpcf7-text wpcf7-validates-as-email\" aria-required=\"true\" aria-invalid=\"false\" value=\"\" type=\"email\" name=\"your-email\" \/><\/span> <\/label>\n<\/p>\n<p><label> Seu telefone<br \/>\n<span class=\"wpcf7-form-control-wrap\" data-name=\"your-phone\"><input size=\"40\" maxlength=\"400\" class=\"wpcf7-form-control wpcf7-tel wpcf7-text wpcf7-validates-as-tel\" aria-invalid=\"false\" value=\"\" type=\"tel\" name=\"your-phone\" \/><\/span> <\/label>\n<\/p>\n<p><label> Nome de sua empresa<br \/>\n<span class=\"wpcf7-form-control-wrap\" data-name=\"text-457\"><input size=\"40\" maxlength=\"400\" class=\"wpcf7-form-control wpcf7-text\" aria-invalid=\"false\" value=\"\" type=\"text\" name=\"text-457\" \/><\/span> <\/label>\n<\/p>\n<p><label> Site de sua empresa<br \/>\n<span class=\"wpcf7-form-control-wrap\" data-name=\"text-546\"><input size=\"40\" maxlength=\"400\" class=\"wpcf7-form-control wpcf7-text\" aria-invalid=\"false\" value=\"\" type=\"text\" name=\"text-546\" \/><\/span> <\/label>\n<\/p>\n<p><label> Seu requisito*<br \/>\n<span class=\"wpcf7-form-control-wrap\" data-name=\"your-message\"><textarea cols=\"40\" rows=\"10\" maxlength=\"2000\" class=\"wpcf7-form-control wpcf7-textarea wpcf7-validates-as-required\" aria-required=\"true\" aria-invalid=\"false\" name=\"your-message\"><\/textarea><\/span> <\/label>\n<\/p>\n<p><input class=\"wpcf7-form-control wpcf7-submit has-spinner\" type=\"submit\" value=\"Enviar\" \/>\n<\/p><p style=\"display: none !important;\" class=\"akismet-fields-container\" data-prefix=\"_wpcf7_ak_\"><label>&#916;<textarea name=\"_wpcf7_ak_hp_textarea\" cols=\"45\" rows=\"8\" maxlength=\"100\"><\/textarea><\/label><input type=\"hidden\" id=\"ak_js_1\" name=\"_wpcf7_ak_js\" value=\"218\"\/><script>document.getElementById( \"ak_js_1\" ).setAttribute( \"value\", ( new Date() ).getTime() );<\/script><\/p><div class=\"wpcf7-response-output\" aria-hidden=\"true\"><\/div>\n<input type=\"hidden\" name=\"trp-form-language\" value=\"pt\"\/><\/form>\n<\/div>\n\n<div style='text-align:left' class='yasr-auto-insert-visitor'><\/div>","protected":false},"excerpt":{"rendered":"<p>Marca: GELGOOG<\/p>\n<p>Tens\u00e3o: 380V<\/p>\n<p>Capacity\uff1a100kg\/h-1000kg\/h<\/p>\n<p>E-mail: shanna@machinehall.com<\/p>\n<p>Tel: +8618638676709<\/p>","protected":false},"featured_media":4654,"comment_status":"open","ping_status":"closed","template":"","meta":{"site-sidebar-layout":"default","site-content-layout":"","ast-site-content-layout":"default","site-content-style":"default","site-sidebar-style":"default","ast-global-header-display":"","ast-banner-title-visibility":"","ast-main-header-display":"","ast-hfb-above-header-display":"","ast-hfb-below-header-display":"","ast-hfb-mobile-header-display":"","site-post-title":"","ast-breadcrumbs-content":"","ast-featured-img":"","footer-sml-layout":"","theme-transparent-header-meta":"default","adv-header-id-meta":"","stick-header-meta":"","header-above-stick-meta":"","header-main-stick-meta":"","header-below-stick-meta":"","astra-migrate-meta-layouts":"set","ast-page-background-enabled":"default","ast-page-background-meta":{"desktop":{"background-color":"","background-image":"","background-repeat":"repeat","background-position":"center center","background-size":"auto","background-attachment":"scroll","background-type":"","background-media":"","overlay-type":"","overlay-color":"","overlay-opacity":"","overlay-gradient":""},"tablet":{"background-color":"","background-image":"","background-repeat":"repeat","background-position":"center center","background-size":"auto","background-attachment":"scroll","background-type":"","background-media":"","overlay-type":"","overlay-color":"","overlay-opacity":"","overlay-gradient":""},"mobile":{"background-color":"","background-image":"","background-repeat":"repeat","background-position":"center center","background-size":"auto","background-attachment":"scroll","background-type":"","background-media":"","overlay-type":"","overlay-color":"","overlay-opacity":"","overlay-gradient":""}},"ast-content-background-meta":{"desktop":{"background-color":"var(--ast-global-color-5)","background-image":"","background-repeat":"repeat","background-position":"center center","background-size":"auto","background-attachment":"scroll","background-type":"","background-media":"","overlay-type":"","overlay-color":"","overlay-opacity":"","overlay-gradient":""},"tablet":{"background-color":"var(--ast-global-color-5)","background-image":"","background-repeat":"repeat","background-position":"center center","background-size":"auto","background-attachment":"scroll","background-type":"","background-media":"","overlay-type":"","overlay-color":"","overlay-opacity":"","overlay-gradient":""},"mobile":{"background-color":"var(--ast-global-color-5)","background-image":"","background-repeat":"repeat","background-position":"center center","background-size":"auto","background-attachment":"scroll","background-type":"","background-media":"","overlay-type":"","overlay-color":"","overlay-opacity":"","overlay-gradient":""}},"yasr_overall_rating":0,"yasr_post_is_review":"","yasr_auto_insert_disabled":"","yasr_review_type":""},"product_brand":[],"product_cat":[22],"product_tag":[],"class_list":{"0":"post-4650","1":"product","2":"type-product","3":"status-publish","4":"has-post-thumbnail","6":"product_cat-hard-biscuit-production-line","7":"desktop-align-left","8":"tablet-align-left","9":"mobile-align-left","11":"first","12":"instock","13":"shipping-taxable","14":"product-type-simple"},"yoast_head":"<!-- This site is optimized with the Yoast SEO plugin v24.4 - https:\/\/yoast.com\/wordpress\/plugins\/seo\/ -->\n<title>Fully Automatic Biscuit Making Machine For Factory - Biscuit Production Solution Manufacturer<\/title>\n<meta name=\"description\" content=\"Fully automatic biscuit making machine that can make many different types of biscuits. our professional team can provide detailed information.\" \/>\n<meta name=\"robots\" content=\"index, follow, max-snippet:-1, max-image-preview:large, max-video-preview:-1\" \/>\n<link rel=\"canonical\" href=\"https:\/\/www.biscuitsolution.com\/pt\/produto\/fully-automatic-biscuit-making-machine-for-factory\/\" \/>\n<meta property=\"og:locale\" content=\"pt_BR\" \/>\n<meta property=\"og:type\" content=\"article\" \/>\n<meta property=\"og:title\" content=\"Fully Automatic Biscuit Making Machine For Factory - Biscuit Production Solution Manufacturer\" \/>\n<meta property=\"og:description\" content=\"Fully automatic biscuit making machine that can make many different types of biscuits. our professional team can provide detailed information.\" \/>\n<meta property=\"og:url\" content=\"https:\/\/www.biscuitsolution.com\/pt\/produto\/fully-automatic-biscuit-making-machine-for-factory\/\" \/>\n<meta property=\"og:site_name\" content=\"Biscuit Production Solution Manufacturer\" \/>\n<meta property=\"article:publisher\" content=\"https:\/\/www.facebook.com\/profile.php?id=100095205040823\" \/>\n<meta property=\"article:modified_time\" content=\"2025-02-19T08:45:29+00:00\" \/>\n<meta property=\"og:image\" content=\"https:\/\/www.biscuitsolution.com\/wp-content\/uploads\/2025\/02\/fully-automatic-biscuit-making-machine.jpg\" \/>\n\t<meta property=\"og:image:width\" content=\"600\" \/>\n\t<meta property=\"og:image:height\" content=\"600\" \/>\n\t<meta property=\"og:image:type\" content=\"image\/jpeg\" \/>\n<meta name=\"twitter:card\" content=\"summary_large_image\" \/>\n<meta name=\"twitter:site\" content=\"@shanna_zha26342\" \/>\n<meta name=\"twitter:label1\" content=\"Est. tempo de leitura\" \/>\n\t<meta name=\"twitter:data1\" content=\"3 minutos\" \/>\n<script type=\"application\/ld+json\" class=\"yoast-schema-graph\">{\"@context\":\"https:\/\/schema.org\",\"@graph\":[{\"@type\":\"WebPage\",\"@id\":\"https:\/\/www.biscuitsolution.com\/product\/fully-automatic-biscuit-making-machine-for-factory\/\",\"url\":\"https:\/\/www.biscuitsolution.com\/product\/fully-automatic-biscuit-making-machine-for-factory\/\",\"name\":\"Fully Automatic Biscuit Making Machine For Factory - Biscuit Production Solution Manufacturer\",\"isPartOf\":{\"@id\":\"https:\/\/www.biscuitsolution.com\/#website\"},\"primaryImageOfPage\":{\"@id\":\"https:\/\/www.biscuitsolution.com\/product\/fully-automatic-biscuit-making-machine-for-factory\/#primaryimage\"},\"image\":{\"@id\":\"https:\/\/www.biscuitsolution.com\/product\/fully-automatic-biscuit-making-machine-for-factory\/#primaryimage\"},\"thumbnailUrl\":\"https:\/\/www.biscuitsolution.com\/wp-content\/uploads\/2025\/02\/fully-automatic-biscuit-making-machine.jpg\",\"datePublished\":\"2025-02-19T08:32:19+00:00\",\"dateModified\":\"2025-02-19T08:45:29+00:00\",\"description\":\"Fully automatic biscuit making machine that can make many different types of biscuits. our professional team can provide detailed information.\",\"breadcrumb\":{\"@id\":\"https:\/\/www.biscuitsolution.com\/product\/fully-automatic-biscuit-making-machine-for-factory\/#breadcrumb\"},\"inLanguage\":\"pt-BR\",\"potentialAction\":[{\"@type\":\"ReadAction\",\"target\":[\"https:\/\/www.biscuitsolution.com\/product\/fully-automatic-biscuit-making-machine-for-factory\/\"]}]},{\"@type\":\"ImageObject\",\"inLanguage\":\"pt-BR\",\"@id\":\"https:\/\/www.biscuitsolution.com\/product\/fully-automatic-biscuit-making-machine-for-factory\/#primaryimage\",\"url\":\"https:\/\/www.biscuitsolution.com\/wp-content\/uploads\/2025\/02\/fully-automatic-biscuit-making-machine.jpg\",\"contentUrl\":\"https:\/\/www.biscuitsolution.com\/wp-content\/uploads\/2025\/02\/fully-automatic-biscuit-making-machine.jpg\",\"width\":600,\"height\":600,\"caption\":\"fully automatic biscuit making machine\"},{\"@type\":\"BreadcrumbList\",\"@id\":\"https:\/\/www.biscuitsolution.com\/product\/fully-automatic-biscuit-making-machine-for-factory\/#breadcrumb\",\"itemListElement\":[{\"@type\":\"ListItem\",\"position\":1,\"name\":\"Home\",\"item\":\"https:\/\/www.biscuitsolution.com\/\"},{\"@type\":\"ListItem\",\"position\":2,\"name\":\"Product\",\"item\":\"https:\/\/www.biscuitsolution.com\/product\/\"},{\"@type\":\"ListItem\",\"position\":3,\"name\":\"Fully Automatic Biscuit Making Machine For Factory\"}]},{\"@type\":\"WebSite\",\"@id\":\"https:\/\/www.biscuitsolution.com\/#website\",\"url\":\"https:\/\/www.biscuitsolution.com\/\",\"name\":\"Biscuit Production Solution Manufacturer\",\"description\":\"\",\"potentialAction\":[{\"@type\":\"SearchAction\",\"target\":{\"@type\":\"EntryPoint\",\"urlTemplate\":\"https:\/\/www.biscuitsolution.com\/?s={search_term_string}\"},\"query-input\":{\"@type\":\"PropertyValueSpecification\",\"valueRequired\":true,\"valueName\":\"search_term_string\"}}],\"inLanguage\":\"pt-BR\"},false]}<\/script>\n<!-- \/ Yoast SEO plugin. -->","yoast_head_json":{"title":"M\u00e1quina de fabrica\u00e7\u00e3o de biscoitos totalmente autom\u00e1tica para f\u00e1brica - Fabricante de solu\u00e7\u00f5es de produ\u00e7\u00e3o de biscoitos","description":"M\u00e1quina de fabrica\u00e7\u00e3o de biscoitos totalmente autom\u00e1tica que pode fazer muitos tipos diferentes de biscoitos. Nossa equipe de profissionais pode fornecer informa\u00e7\u00f5es detalhadas.","robots":{"index":"index","follow":"follow","max-snippet":"max-snippet:-1","max-image-preview":"max-image-preview:large","max-video-preview":"max-video-preview:-1"},"canonical":"https:\/\/www.biscuitsolution.com\/pt\/produto\/fully-automatic-biscuit-making-machine-for-factory\/","og_locale":"pt_BR","og_type":"article","og_title":"Fully Automatic Biscuit Making Machine For Factory - Biscuit Production Solution Manufacturer","og_description":"Fully automatic biscuit making machine that can make many different types of biscuits. our professional team can provide detailed information.","og_url":"https:\/\/www.biscuitsolution.com\/pt\/produto\/fully-automatic-biscuit-making-machine-for-factory\/","og_site_name":"Biscuit Production Solution Manufacturer","article_publisher":"https:\/\/www.facebook.com\/profile.php?id=100095205040823","article_modified_time":"2025-02-19T08:45:29+00:00","og_image":[{"width":600,"height":600,"url":"https:\/\/www.biscuitsolution.com\/wp-content\/uploads\/2025\/02\/fully-automatic-biscuit-making-machine.jpg","type":"image\/jpeg"}],"twitter_card":"summary_large_image","twitter_site":"@shanna_zha26342","twitter_misc":{"Est. tempo de leitura":"3 minutos"},"schema":{"@context":"https:\/\/schema.org","@graph":[{"@type":"WebPage","@id":"https:\/\/www.biscuitsolution.com\/product\/fully-automatic-biscuit-making-machine-for-factory\/","url":"https:\/\/www.biscuitsolution.com\/product\/fully-automatic-biscuit-making-machine-for-factory\/","name":"M\u00e1quina de fabrica\u00e7\u00e3o de biscoitos totalmente autom\u00e1tica para f\u00e1brica - Fabricante de solu\u00e7\u00f5es de produ\u00e7\u00e3o de biscoitos","isPartOf":{"@id":"https:\/\/www.biscuitsolution.com\/#website"},"primaryImageOfPage":{"@id":"https:\/\/www.biscuitsolution.com\/product\/fully-automatic-biscuit-making-machine-for-factory\/#primaryimage"},"image":{"@id":"https:\/\/www.biscuitsolution.com\/product\/fully-automatic-biscuit-making-machine-for-factory\/#primaryimage"},"thumbnailUrl":"https:\/\/www.biscuitsolution.com\/wp-content\/uploads\/2025\/02\/fully-automatic-biscuit-making-machine.jpg","datePublished":"2025-02-19T08:32:19+00:00","dateModified":"2025-02-19T08:45:29+00:00","description":"M\u00e1quina de fabrica\u00e7\u00e3o de biscoitos totalmente autom\u00e1tica que pode fazer muitos tipos diferentes de biscoitos. Nossa equipe de profissionais pode fornecer informa\u00e7\u00f5es detalhadas.","breadcrumb":{"@id":"https:\/\/www.biscuitsolution.com\/product\/fully-automatic-biscuit-making-machine-for-factory\/#breadcrumb"},"inLanguage":"pt-BR","potentialAction":[{"@type":"ReadAction","target":["https:\/\/www.biscuitsolution.com\/product\/fully-automatic-biscuit-making-machine-for-factory\/"]}]},{"@type":"ImageObject","inLanguage":"pt-BR","@id":"https:\/\/www.biscuitsolution.com\/product\/fully-automatic-biscuit-making-machine-for-factory\/#primaryimage","url":"https:\/\/www.biscuitsolution.com\/wp-content\/uploads\/2025\/02\/fully-automatic-biscuit-making-machine.jpg","contentUrl":"https:\/\/www.biscuitsolution.com\/wp-content\/uploads\/2025\/02\/fully-automatic-biscuit-making-machine.jpg","width":600,"height":600,"caption":"fully automatic biscuit making machine"},{"@type":"BreadcrumbList","@id":"https:\/\/www.biscuitsolution.com\/product\/fully-automatic-biscuit-making-machine-for-factory\/#breadcrumb","itemListElement":[{"@type":"ListItem","position":1,"name":"Home","item":"https:\/\/www.biscuitsolution.com\/"},{"@type":"ListItem","position":2,"name":"Product","item":"https:\/\/www.biscuitsolution.com\/product\/"},{"@type":"ListItem","position":3,"name":"Fully Automatic Biscuit Making Machine For Factory"}]},{"@type":"WebSite","@id":"https:\/\/www.biscuitsolution.com\/#website","url":"https:\/\/www.biscuitsolution.com\/","name":"Fabricante de solu\u00e7\u00f5es para produ\u00e7\u00e3o de biscoitos","description":"","potentialAction":[{"@type":"SearchAction","target":{"@type":"EntryPoint","urlTemplate":"https:\/\/www.biscuitsolution.com\/?s={search_term_string}"},"query-input":{"@type":"PropertyValueSpecification","valueRequired":true,"valueName":"search_term_string"}}],"inLanguage":"pt-BR"},false]}},"yasr_visitor_votes":{"stars_attributes":{"read_only":false,"span_bottom":false},"number_of_votes":1,"sum_votes":5},"_links":{"self":[{"href":"https:\/\/www.biscuitsolution.com\/pt\/wp-json\/wp\/v2\/product\/4650","targetHints":{"allow":["GET"]}}],"collection":[{"href":"https:\/\/www.biscuitsolution.com\/pt\/wp-json\/wp\/v2\/product"}],"about":[{"href":"https:\/\/www.biscuitsolution.com\/pt\/wp-json\/wp\/v2\/types\/product"}],"replies":[{"embeddable":true,"href":"https:\/\/www.biscuitsolution.com\/pt\/wp-json\/wp\/v2\/comments?post=4650"}],"version-history":[{"count":2,"href":"https:\/\/www.biscuitsolution.com\/pt\/wp-json\/wp\/v2\/product\/4650\/revisions"}],"predecessor-version":[{"id":4662,"href":"https:\/\/www.biscuitsolution.com\/pt\/wp-json\/wp\/v2\/product\/4650\/revisions\/4662"}],"wp:featuredmedia":[{"embeddable":true,"href":"https:\/\/www.biscuitsolution.com\/pt\/wp-json\/wp\/v2\/media\/4654"}],"wp:attachment":[{"href":"https:\/\/www.biscuitsolution.com\/pt\/wp-json\/wp\/v2\/media?parent=4650"}],"wp:term":[{"taxonomy":"product_brand","embeddable":true,"href":"https:\/\/www.biscuitsolution.com\/pt\/wp-json\/wp\/v2\/product_brand?post=4650"},{"taxonomy":"product_cat","embeddable":true,"href":"https:\/\/www.biscuitsolution.com\/pt\/wp-json\/wp\/v2\/product_cat?post=4650"},{"taxonomy":"product_tag","embeddable":true,"href":"https:\/\/www.biscuitsolution.com\/pt\/wp-json\/wp\/v2\/product_tag?post=4650"}],"curies":[{"name":"wp","href":"https:\/\/api.w.org\/{rel}","templated":true}]}}