{"id":4614,"date":"2025-02-18T09:13:44","date_gmt":"2025-02-18T09:13:44","guid":{"rendered":"https:\/\/www.biscuitsolution.com\/?post_type=product&#038;p=4614"},"modified":"2025-09-16T15:22:57","modified_gmt":"2025-09-16T07:22:57","slug":"automatic-biscuit-production-line","status":"publish","type":"product","link":"https:\/\/www.biscuitsolution.com\/pt\/produto\/automatic-biscuit-production-line\/","title":{"rendered":"Linha de produ\u00e7\u00e3o autom\u00e1tica de biscoitos com qualidade inigual\u00e1vel"},"content":{"rendered":"<p>O <strong>linha de produ\u00e7\u00e3o autom\u00e1tica de biscoitos<\/strong> integra v\u00e1rias opera\u00e7\u00f5es unit\u00e1rias, incluindo mistura de mat\u00e9ria-prima, forma\u00e7\u00e3o de massa, cozimento de biscoitos, resfriamento e embalagem.<\/p>\n<p>Realiza\u00e7\u00e3o de um processo de produ\u00e7\u00e3o totalmente automatizado, desde as mat\u00e9rias-primas at\u00e9 os biscoitos acabados, o que pode aumentar muito a produtividade da empresa.<\/p>\n<p><img fetchpriority=\"high\" decoding=\"async\" class=\"alignnone wp-image-4616 size-full\" src=\"https:\/\/www.biscuitsolution.com\/wp-content\/uploads\/2025\/02\/biscuit-production-lines.jpg\" alt=\"linha de produ\u00e7\u00e3o autom\u00e1tica de biscoitos\" width=\"800\" height=\"450\" srcset=\"https:\/\/www.biscuitsolution.com\/wp-content\/uploads\/2025\/02\/biscuit-production-lines.jpg 800w, https:\/\/www.biscuitsolution.com\/wp-content\/uploads\/2025\/02\/biscuit-production-lines-600x338.jpg 600w, https:\/\/www.biscuitsolution.com\/wp-content\/uploads\/2025\/02\/biscuit-production-lines-300x169.jpg 300w, https:\/\/www.biscuitsolution.com\/wp-content\/uploads\/2025\/02\/biscuit-production-lines-768x432.jpg 768w\" sizes=\"(max-width: 800px) 100vw, 800px\" \/><\/p>\n<h2>Estrutura da linha de produ\u00e7\u00e3o de biscoitos e processo de fabrica\u00e7\u00e3o<\/h2>\n<ul>\n<li>Processo de mistura de mat\u00e9ria-prima: Equipada com um design de p\u00e1 de agita\u00e7\u00e3o multidimensional e um sistema inteligente de controle de velocidade vari\u00e1vel, a p\u00e1 de agita\u00e7\u00e3o pode ser misturada de v\u00e1rios \u00e2ngulos e velocidades em todas as dire\u00e7\u00f5es e ajustada de forma flex\u00edvel de acordo com diferentes receitas de biscoitos para misturar totalmente as mat\u00e9rias-primas e obter o efeito de mistura ideal.<\/li>\n<li>Pe\u00e7a de moldagem: Equipados com um sistema de moldes de alta precis\u00e3o, esses moldes s\u00e3o feitos por meio de tecnologia de processamento CNC com dimens\u00f5es precisas para garantir que os biscoitos tenham formato regular e bordas claras ap\u00f3s a forma\u00e7\u00e3o. Atendem \u00e0s necessidades de produ\u00e7\u00e3o de biscoitos de v\u00e1rios formatos, tamanhos e personalizados pelos clientes no mercado.<\/li>\n<li>Link de cozimento: A linha de produ\u00e7\u00e3o autom\u00e1tica de biscoitos usa uma tecnologia inovadora de cozimento que combina a circula\u00e7\u00e3o de ar quente com aquecimento por infravermelho distante e combina sensores de temperatura de alta precis\u00e3o e sistemas de controle de temperatura de parti\u00e7\u00e3o para fazer com que a temperatura no forno seja distribu\u00edda uniformemente e consistente em todos os cantos.<\/li>\n<li>Processo de embalagem: O uso de equipamentos de empacotamento automatizado de alta velocidade n\u00e3o s\u00f3 tem uma velocidade de empacotamento r\u00e1pida, mas tamb\u00e9m tem uma precis\u00e3o extremamente alta e controla rigorosamente a quantidade, as especifica\u00e7\u00f5es e outros requisitos de cada pacote de biscoitos. Ele tem grande adaptabilidade a todos os tipos de materiais de embalagem e pode ajustar com flexibilidade a forma de embalagem.<\/li>\n<\/ul>\n<p><img decoding=\"async\" class=\"alignnone size-full wp-image-4615\" src=\"https:\/\/www.biscuitsolution.com\/wp-content\/uploads\/2025\/02\/biscuit-production-line.jpg\" alt=\"linha de produ\u00e7\u00e3o de biscoitos\" width=\"800\" height=\"450\" srcset=\"https:\/\/www.biscuitsolution.com\/wp-content\/uploads\/2025\/02\/biscuit-production-line.jpg 800w, https:\/\/www.biscuitsolution.com\/wp-content\/uploads\/2025\/02\/biscuit-production-line-600x338.jpg 600w, https:\/\/www.biscuitsolution.com\/wp-content\/uploads\/2025\/02\/biscuit-production-line-300x169.jpg 300w, https:\/\/www.biscuitsolution.com\/wp-content\/uploads\/2025\/02\/biscuit-production-line-768x432.jpg 768w\" sizes=\"(max-width: 800px) 100vw, 800px\" \/><\/p>\n<h2>Raz\u00f5es para escolher a linha de produ\u00e7\u00e3o autom\u00e1tica de biscoitos<\/h2>\n<ol>\n<li>Em termos de efici\u00eancia de produ\u00e7\u00e3o: cada elo tem um alto grau de automa\u00e7\u00e3o, como mistura eficiente e uniforme, moldagem r\u00e1pida e precisa, controle preciso de cozimento e embalagem precisa e de alta velocidade. A liga\u00e7\u00e3o geral reduz bastante o ciclo de produ\u00e7\u00e3o, permitindo que as empresas produzam mais produtos de biscoito de alta qualidade.<\/li>\n<li>F\u00e1cil de limpar e manter: O design do equipamento da linha de produ\u00e7\u00e3o \u00e9 f\u00e1cil de limpar, com uma superf\u00edcie lisa e sem cantos mortos sanit\u00e1rios. Al\u00e9m disso, durante a manuten\u00e7\u00e3o do equipamento, toda a linha de produ\u00e7\u00e3o pode ser desinfetada e limpa regularmente para garantir a conformidade com os padr\u00f5es de seguran\u00e7a alimentar.<\/li>\n<li>Ritmo de produ\u00e7\u00e3o est\u00e1vel: A linha de produ\u00e7\u00e3o de biscoitos n\u00e3o \u00e9 afetada por fatores como a fadiga do trabalhador, garantindo que o intervalo de tempo de produ\u00e7\u00e3o de cada biscoito seja basicamente o mesmo. Isso pode planejar efetivamente o processo de produ\u00e7\u00e3o e facilitar para a empresa a organiza\u00e7\u00e3o de embalagens subsequentes, transporte e outros v\u00ednculos.<\/li>\n<li>Uso eficiente de mat\u00e9rias-primas: O sistema de lotes automatizado distribui com precis\u00e3o as mat\u00e9rias-primas de acordo com a f\u00f3rmula especificada, minimizando assim o desperd\u00edcio. Ao mesmo tempo, a regula\u00e7\u00e3o meticulosa do processo de fabrica\u00e7\u00e3o permite um uso mais criterioso dos materiais, aumentando sua taxa de utiliza\u00e7\u00e3o e, consequentemente, reduzindo as despesas de produ\u00e7\u00e3o.<\/li>\n<\/ol>\n<div class=\"ast-oembed-container\" style=\"height: 100%;\"><iframe title=\"Veja! Linha de produ\u00e7\u00e3o de biscoito sandu\u00edche industrial muito profissional\" width=\"500\" height=\"281\" src=\"https:\/\/www.youtube.com\/embed\/1zMh_8a0S4E?feature=oembed\" frameborder=\"0\" allow=\"accelerometer; autoplay; clipboard-write; encrypted-media; gyroscope; picture-in-picture; web-share\" referrerpolicy=\"strict-origin-when-cross-origin\" allowfullscreen><\/iframe><\/div>\n<h2><strong>Linha de produ\u00e7\u00e3o de biscoitos para venda<\/strong><\/h2>\n<p>Como fabricante profissional de m\u00e1quinas de biscoitos, oferecemos linhas de produ\u00e7\u00e3o de biscoitos de pequeno, m\u00e9dio e grande porte.<\/p>\n<p>Al\u00e9m disso, nossas m\u00e1quinas autom\u00e1ticas de biscoitos podem produzir uma variedade de tipos de biscoitos, como biscoitos de creme, biscoitos de sandu\u00edche, biscoitos de refrigerante e biscoitos de vegetais.<\/p>\n<p>Nossas m\u00e1quinas oferecem uma variedade de m\u00e9todos de aquecimento (el\u00e9trico, a g\u00e1s e a \u00f3leo).<\/p>\n<p><strong>Nossos modelos de produtos atuais incluem:<\/strong><\/p>\n<table style=\"height: 331px;\" width=\"1266\" cellspacing=\"0\">\n<tbody>\n<tr>\n<td rowspan=\"2\">Modelo<\/td>\n<td rowspan=\"2\">Capacidade<\/td>\n<td rowspan=\"2\">Largura interna do forno de t\u00fanel<\/td>\n<td rowspan=\"2\">M\u00e9todo de aquecimento<\/td>\n<td>Dimens\u00f5es<\/td>\n<td rowspan=\"2\">Tens\u00e3o<\/td>\n<\/tr>\n<tr>\n<td>(sem m\u00e1quina de embalagem)<\/td>\n<\/tr>\n<tr>\n<td>GG-BG400\/420<\/td>\n<td>100-250 kg\/h<\/td>\n<td>400\/420 mm<\/td>\n<td>El\u00e9trica,G\u00e1s<\/td>\n<td>L45m*W5m*H2m<\/td>\n<td>380V 50HZ 3PH<\/td>\n<\/tr>\n<tr>\n<td>GG-BG600<\/td>\n<td>250-400kg\/h<\/td>\n<td>600 mm<\/td>\n<td>El\u00e9trica,G\u00e1s<\/td>\n<td>L50m*W5m*H2m<\/td>\n<td>380V 50HZ 3PH<\/td>\n<\/tr>\n<tr>\n<td>GG-BG800<\/td>\n<td>500-800 kg\/h<\/td>\n<td>800 mm<\/td>\n<td>El\u00e9trica, g\u00e1s, diesel<\/td>\n<td>L100m*W5m*H2,5m<\/td>\n<td>380V 50HZ 3PH<\/td>\n<\/tr>\n<tr>\n<td>GG-BG1000<\/td>\n<td>800-1000kg\/h<\/td>\n<td>1000 mm<\/td>\n<td>El\u00e9trica, g\u00e1s, diesel<\/td>\n<td>L105m*W12m*H3m<\/td>\n<td>380V 50HZ 3PH<\/td>\n<\/tr>\n<tr>\n<td>GG-BG1200<\/td>\n<td>800-1200 kg\/h<\/td>\n<td>1200 mm<\/td>\n<td>El\u00e9trica, g\u00e1s, diesel<\/td>\n<td>L120m*W15m*H3m<\/td>\n<td>380V 50HZ 3PH<\/td>\n<\/tr>\n<\/tbody>\n<\/table>\n<h2>Fabricantes de linhas de produ\u00e7\u00e3o de biscoitos<\/h2>\n<p>Como um dos principais fabricantes de linhas de produ\u00e7\u00e3o de biscoitos, somos especializados em projetar, fabricar e instalar solu\u00e7\u00f5es automatizadas personalizadas, adaptadas \u00e0s diversas necessidades de produ\u00e7\u00e3o.<\/p>\n<p>Nossa experi\u00eancia garante um desempenho confi\u00e1vel, conformidade com os padr\u00f5es internacionais de seguran\u00e7a alimentar e inova\u00e7\u00e3o cont\u00ednua na tecnologia de fabrica\u00e7\u00e3o de biscoitos.<\/p>\n<p>Com suporte p\u00f3s-venda e servi\u00e7os t\u00e9cnicos abrangentes, fazemos parcerias com clientes em todo o mundo para aprimorar suas capacidades de produ\u00e7\u00e3o e maximizar a efici\u00eancia operacional.<\/p>\n<h2>Deixe uma mensagem para obter uma cota\u00e7\u00e3o<\/h2>\n\n<div class=\"wpcf7 no-js\" id=\"wpcf7-f4619-o1\" lang=\"en-US\" dir=\"ltr\" data-wpcf7-id=\"4619\">\n<div class=\"screen-reader-response\"><p role=\"status\" aria-live=\"polite\" aria-atomic=\"true\"><\/p> <ul><\/ul><\/div>\n<form action=\"\/pt\/wp-json\/wp\/v2\/product\/4614#wpcf7-f4619-o1\" method=\"post\" class=\"wpcf7-form init\" aria-label=\"Formul\u00e1rio de contato\" novalidate=\"novalidate\" data-status=\"init\" data-trp-original-action=\"\/pt\/wp-json\/wp\/v2\/product\/4614#wpcf7-f4619-o1\">\n<div style=\"display: none;\">\n<input type=\"hidden\" name=\"_wpcf7\" value=\"4619\" \/>\n<input type=\"hidden\" name=\"_wpcf7_version\" value=\"6.0.4\" \/>\n<input type=\"hidden\" name=\"_wpcf7_locale\" value=\"en_US\" \/>\n<input type=\"hidden\" name=\"_wpcf7_unit_tag\" value=\"wpcf7-f4619-o1\" \/>\n<input type=\"hidden\" name=\"_wpcf7_container_post\" value=\"0\" \/>\n<input type=\"hidden\" name=\"_wpcf7_posted_data_hash\" value=\"\" \/>\n<\/div>\n<p><label> Seu nome*<br \/>\n<span class=\"wpcf7-form-control-wrap\" data-name=\"your-name\"><input size=\"40\" maxlength=\"400\" class=\"wpcf7-form-control wpcf7-text wpcf7-validates-as-required\" aria-required=\"true\" aria-invalid=\"false\" value=\"\" type=\"text\" name=\"your-name\" \/><\/span> <\/label>\n<\/p>\n<p><label> Seu pa\u00eds<br \/>\n<span class=\"wpcf7-form-control-wrap\" data-name=\"your-country\"><input size=\"40\" maxlength=\"400\" class=\"wpcf7-form-control wpcf7-text\" aria-invalid=\"false\" value=\"\" type=\"text\" name=\"your-country\" \/><\/span><\/label>\n<\/p>\n<p><label> Seu e-mail*<br \/>\n<span class=\"wpcf7-form-control-wrap\" data-name=\"your-email\"><input size=\"40\" maxlength=\"400\" class=\"wpcf7-form-control wpcf7-email wpcf7-validates-as-required wpcf7-text wpcf7-validates-as-email\" aria-required=\"true\" aria-invalid=\"false\" value=\"\" type=\"email\" name=\"your-email\" \/><\/span> <\/label>\n<\/p>\n<p><label> Seu telefone<br \/>\n<span class=\"wpcf7-form-control-wrap\" data-name=\"your-phone\"><input size=\"40\" maxlength=\"400\" class=\"wpcf7-form-control wpcf7-tel wpcf7-text wpcf7-validates-as-tel\" aria-invalid=\"false\" value=\"\" type=\"tel\" name=\"your-phone\" \/><\/span> <\/label>\n<\/p>\n<p><label> Nome de sua empresa<br \/>\n<span class=\"wpcf7-form-control-wrap\" data-name=\"text-457\"><input size=\"40\" maxlength=\"400\" class=\"wpcf7-form-control wpcf7-text\" aria-invalid=\"false\" value=\"\" type=\"text\" name=\"text-457\" \/><\/span> <\/label>\n<\/p>\n<p><label> Site de sua empresa<br \/>\n<span class=\"wpcf7-form-control-wrap\" data-name=\"text-546\"><input size=\"40\" maxlength=\"400\" class=\"wpcf7-form-control wpcf7-text\" aria-invalid=\"false\" value=\"\" type=\"text\" name=\"text-546\" \/><\/span> <\/label>\n<\/p>\n<p><label> Seu requisito*<br \/>\n<span class=\"wpcf7-form-control-wrap\" data-name=\"your-message\"><textarea cols=\"40\" rows=\"10\" maxlength=\"2000\" class=\"wpcf7-form-control wpcf7-textarea wpcf7-validates-as-required\" aria-required=\"true\" aria-invalid=\"false\" name=\"your-message\"><\/textarea><\/span> <\/label>\n<\/p>\n<p><input class=\"wpcf7-form-control wpcf7-submit has-spinner\" type=\"submit\" value=\"Enviar\" \/>\n<\/p><p style=\"display: none !important;\" class=\"akismet-fields-container\" data-prefix=\"_wpcf7_ak_\"><label>&#916;<textarea name=\"_wpcf7_ak_hp_textarea\" cols=\"45\" rows=\"8\" maxlength=\"100\"><\/textarea><\/label><input type=\"hidden\" id=\"ak_js_1\" name=\"_wpcf7_ak_js\" value=\"9\"\/><script>document.getElementById( \"ak_js_1\" ).setAttribute( \"value\", ( new Date() ).getTime() );<\/script><\/p><div class=\"wpcf7-response-output\" aria-hidden=\"true\"><\/div>\n<input type=\"hidden\" name=\"trp-form-language\" value=\"pt\"\/><\/form>\n<\/div>\n\n<div style='text-align:left' class='yasr-auto-insert-visitor'><\/div>","protected":false},"excerpt":{"rendered":"<p>Marca: GELGOOG<\/p>\n<p>Tens\u00e3o: 380V<\/p>\n<p>Capacity\uff1a100kg\/h-1000kg\/h<\/p>\n<p>E-mail: shanna@machinehall.com<\/p>\n<p>Tel: +8618638676709<\/p>","protected":false},"featured_media":4617,"comment_status":"open","ping_status":"closed","template":"","meta":{"site-sidebar-layout":"default","site-content-layout":"","ast-site-content-layout":"default","site-content-style":"default","site-sidebar-style":"default","ast-global-header-display":"","ast-banner-title-visibility":"","ast-main-header-display":"","ast-hfb-above-header-display":"","ast-hfb-below-header-display":"","ast-hfb-mobile-header-display":"","site-post-title":"","ast-breadcrumbs-content":"","ast-featured-img":"","footer-sml-layout":"","theme-transparent-header-meta":"default","adv-header-id-meta":"","stick-header-meta":"","header-above-stick-meta":"","header-main-stick-meta":"","header-below-stick-meta":"","astra-migrate-meta-layouts":"set","ast-page-background-enabled":"default","ast-page-background-meta":{"desktop":{"background-color":"","background-image":"","background-repeat":"repeat","background-position":"center center","background-size":"auto","background-attachment":"scroll","background-type":"","background-media":"","overlay-type":"","overlay-color":"","overlay-opacity":"","overlay-gradient":""},"tablet":{"background-color":"","background-image":"","background-repeat":"repeat","background-position":"center center","background-size":"auto","background-attachment":"scroll","background-type":"","background-media":"","overlay-type":"","overlay-color":"","overlay-opacity":"","overlay-gradient":""},"mobile":{"background-color":"","background-image":"","background-repeat":"repeat","background-position":"center center","background-size":"auto","background-attachment":"scroll","background-type":"","background-media":"","overlay-type":"","overlay-color":"","overlay-opacity":"","overlay-gradient":""}},"ast-content-background-meta":{"desktop":{"background-color":"var(--ast-global-color-5)","background-image":"","background-repeat":"repeat","background-position":"center center","background-size":"auto","background-attachment":"scroll","background-type":"","background-media":"","overlay-type":"","overlay-color":"","overlay-opacity":"","overlay-gradient":""},"tablet":{"background-color":"var(--ast-global-color-5)","background-image":"","background-repeat":"repeat","background-position":"center center","background-size":"auto","background-attachment":"scroll","background-type":"","background-media":"","overlay-type":"","overlay-color":"","overlay-opacity":"","overlay-gradient":""},"mobile":{"background-color":"var(--ast-global-color-5)","background-image":"","background-repeat":"repeat","background-position":"center center","background-size":"auto","background-attachment":"scroll","background-type":"","background-media":"","overlay-type":"","overlay-color":"","overlay-opacity":"","overlay-gradient":""}},"yasr_overall_rating":5,"yasr_post_is_review":"","yasr_auto_insert_disabled":"","yasr_review_type":""},"product_brand":[],"product_cat":[22],"product_tag":[],"class_list":{"0":"post-4614","1":"product","2":"type-product","3":"status-publish","4":"has-post-thumbnail","6":"product_cat-hard-biscuit-production-line","7":"desktop-align-left","8":"tablet-align-left","9":"mobile-align-left","11":"first","12":"instock","13":"shipping-taxable","14":"product-type-simple"},"yoast_head":"<!-- This site is optimized with the Yoast SEO plugin v24.4 - https:\/\/yoast.com\/wordpress\/plugins\/seo\/ -->\n<title>Automatic Biscuit Production Line Unrivaled Quality<\/title>\n<meta name=\"description\" content=\"Our automatic biscuit production line adopts high-precision technology, optimizes production structure, have a continuous and stable operating status.\" \/>\n<meta name=\"robots\" content=\"index, follow, max-snippet:-1, max-image-preview:large, max-video-preview:-1\" \/>\n<link rel=\"canonical\" href=\"https:\/\/www.biscuitsolution.com\/pt\/produto\/automatic-biscuit-production-line\/\" \/>\n<meta property=\"og:locale\" content=\"pt_BR\" \/>\n<meta property=\"og:type\" content=\"article\" \/>\n<meta property=\"og:title\" content=\"Automatic Biscuit Production Line Unrivaled Quality\" \/>\n<meta property=\"og:description\" content=\"Our automatic biscuit production line adopts high-precision technology, optimizes production structure, have a continuous and stable operating status.\" \/>\n<meta property=\"og:url\" content=\"https:\/\/www.biscuitsolution.com\/pt\/produto\/automatic-biscuit-production-line\/\" \/>\n<meta property=\"og:site_name\" content=\"Biscuit Production Solution Manufacturer\" \/>\n<meta property=\"article:publisher\" content=\"https:\/\/www.facebook.com\/profile.php?id=100095205040823\" \/>\n<meta property=\"article:modified_time\" content=\"2025-09-16T07:22:57+00:00\" \/>\n<meta property=\"og:image\" content=\"https:\/\/www.biscuitsolution.com\/wp-content\/uploads\/2025\/02\/automatic-biscuit-production-line.jpg\" \/>\n\t<meta property=\"og:image:width\" content=\"600\" \/>\n\t<meta property=\"og:image:height\" content=\"600\" \/>\n\t<meta property=\"og:image:type\" content=\"image\/jpeg\" \/>\n<meta name=\"twitter:card\" content=\"summary_large_image\" \/>\n<meta name=\"twitter:site\" content=\"@shanna_zha26342\" \/>\n<meta name=\"twitter:label1\" content=\"Est. tempo de leitura\" \/>\n\t<meta name=\"twitter:data1\" content=\"4 minutos\" \/>\n<script type=\"application\/ld+json\" class=\"yoast-schema-graph\">{\"@context\":\"https:\/\/schema.org\",\"@graph\":[{\"@type\":\"WebPage\",\"@id\":\"https:\/\/www.biscuitsolution.com\/product\/automatic-biscuit-production-line\/\",\"url\":\"https:\/\/www.biscuitsolution.com\/product\/automatic-biscuit-production-line\/\",\"name\":\"Automatic Biscuit Production Line Unrivaled Quality\",\"isPartOf\":{\"@id\":\"https:\/\/www.biscuitsolution.com\/#website\"},\"primaryImageOfPage\":{\"@id\":\"https:\/\/www.biscuitsolution.com\/product\/automatic-biscuit-production-line\/#primaryimage\"},\"image\":{\"@id\":\"https:\/\/www.biscuitsolution.com\/product\/automatic-biscuit-production-line\/#primaryimage\"},\"thumbnailUrl\":\"https:\/\/www.biscuitsolution.com\/wp-content\/uploads\/2025\/02\/automatic-biscuit-production-line.jpg\",\"datePublished\":\"2025-02-18T09:13:44+00:00\",\"dateModified\":\"2025-09-16T07:22:57+00:00\",\"description\":\"Our automatic biscuit production line adopts high-precision technology, optimizes production structure, have a continuous and stable operating status.\",\"breadcrumb\":{\"@id\":\"https:\/\/www.biscuitsolution.com\/product\/automatic-biscuit-production-line\/#breadcrumb\"},\"inLanguage\":\"pt-BR\",\"potentialAction\":[{\"@type\":\"ReadAction\",\"target\":[\"https:\/\/www.biscuitsolution.com\/product\/automatic-biscuit-production-line\/\"]}]},{\"@type\":\"ImageObject\",\"inLanguage\":\"pt-BR\",\"@id\":\"https:\/\/www.biscuitsolution.com\/product\/automatic-biscuit-production-line\/#primaryimage\",\"url\":\"https:\/\/www.biscuitsolution.com\/wp-content\/uploads\/2025\/02\/automatic-biscuit-production-line.jpg\",\"contentUrl\":\"https:\/\/www.biscuitsolution.com\/wp-content\/uploads\/2025\/02\/automatic-biscuit-production-line.jpg\",\"width\":600,\"height\":600,\"caption\":\"Automatic Biscuit Production Line Unrivaled Quality\"},{\"@type\":\"BreadcrumbList\",\"@id\":\"https:\/\/www.biscuitsolution.com\/product\/automatic-biscuit-production-line\/#breadcrumb\",\"itemListElement\":[{\"@type\":\"ListItem\",\"position\":1,\"name\":\"Home\",\"item\":\"https:\/\/www.biscuitsolution.com\/\"},{\"@type\":\"ListItem\",\"position\":2,\"name\":\"Product\",\"item\":\"https:\/\/www.biscuitsolution.com\/product\/\"},{\"@type\":\"ListItem\",\"position\":3,\"name\":\"Automatic Biscuit Production Line Unrivaled Quality\"}]},{\"@type\":\"WebSite\",\"@id\":\"https:\/\/www.biscuitsolution.com\/#website\",\"url\":\"https:\/\/www.biscuitsolution.com\/\",\"name\":\"Biscuit Production Solution Manufacturer\",\"description\":\"\",\"potentialAction\":[{\"@type\":\"SearchAction\",\"target\":{\"@type\":\"EntryPoint\",\"urlTemplate\":\"https:\/\/www.biscuitsolution.com\/?s={search_term_string}\"},\"query-input\":{\"@type\":\"PropertyValueSpecification\",\"valueRequired\":true,\"valueName\":\"search_term_string\"}}],\"inLanguage\":\"pt-BR\"},false]}<\/script>\n<!-- \/ Yoast SEO plugin. -->","yoast_head_json":{"title":"Linha de produ\u00e7\u00e3o autom\u00e1tica de biscoitos com qualidade inigual\u00e1vel","description":"Nossa linha de produ\u00e7\u00e3o autom\u00e1tica de biscoitos adota tecnologia de alta precis\u00e3o, otimiza a estrutura de produ\u00e7\u00e3o e tem um status operacional cont\u00ednuo e est\u00e1vel.","robots":{"index":"index","follow":"follow","max-snippet":"max-snippet:-1","max-image-preview":"max-image-preview:large","max-video-preview":"max-video-preview:-1"},"canonical":"https:\/\/www.biscuitsolution.com\/pt\/produto\/automatic-biscuit-production-line\/","og_locale":"pt_BR","og_type":"article","og_title":"Automatic Biscuit Production Line Unrivaled Quality","og_description":"Our automatic biscuit production line adopts high-precision technology, optimizes production structure, have a continuous and stable operating status.","og_url":"https:\/\/www.biscuitsolution.com\/pt\/produto\/automatic-biscuit-production-line\/","og_site_name":"Biscuit Production Solution Manufacturer","article_publisher":"https:\/\/www.facebook.com\/profile.php?id=100095205040823","article_modified_time":"2025-09-16T07:22:57+00:00","og_image":[{"width":600,"height":600,"url":"https:\/\/www.biscuitsolution.com\/wp-content\/uploads\/2025\/02\/automatic-biscuit-production-line.jpg","type":"image\/jpeg"}],"twitter_card":"summary_large_image","twitter_site":"@shanna_zha26342","twitter_misc":{"Est. tempo de leitura":"4 minutos"},"schema":{"@context":"https:\/\/schema.org","@graph":[{"@type":"WebPage","@id":"https:\/\/www.biscuitsolution.com\/product\/automatic-biscuit-production-line\/","url":"https:\/\/www.biscuitsolution.com\/product\/automatic-biscuit-production-line\/","name":"Linha de produ\u00e7\u00e3o autom\u00e1tica de biscoitos com qualidade inigual\u00e1vel","isPartOf":{"@id":"https:\/\/www.biscuitsolution.com\/#website"},"primaryImageOfPage":{"@id":"https:\/\/www.biscuitsolution.com\/product\/automatic-biscuit-production-line\/#primaryimage"},"image":{"@id":"https:\/\/www.biscuitsolution.com\/product\/automatic-biscuit-production-line\/#primaryimage"},"thumbnailUrl":"https:\/\/www.biscuitsolution.com\/wp-content\/uploads\/2025\/02\/automatic-biscuit-production-line.jpg","datePublished":"2025-02-18T09:13:44+00:00","dateModified":"2025-09-16T07:22:57+00:00","description":"Nossa linha de produ\u00e7\u00e3o autom\u00e1tica de biscoitos adota tecnologia de alta precis\u00e3o, otimiza a estrutura de produ\u00e7\u00e3o e tem um status operacional cont\u00ednuo e est\u00e1vel.","breadcrumb":{"@id":"https:\/\/www.biscuitsolution.com\/product\/automatic-biscuit-production-line\/#breadcrumb"},"inLanguage":"pt-BR","potentialAction":[{"@type":"ReadAction","target":["https:\/\/www.biscuitsolution.com\/product\/automatic-biscuit-production-line\/"]}]},{"@type":"ImageObject","inLanguage":"pt-BR","@id":"https:\/\/www.biscuitsolution.com\/product\/automatic-biscuit-production-line\/#primaryimage","url":"https:\/\/www.biscuitsolution.com\/wp-content\/uploads\/2025\/02\/automatic-biscuit-production-line.jpg","contentUrl":"https:\/\/www.biscuitsolution.com\/wp-content\/uploads\/2025\/02\/automatic-biscuit-production-line.jpg","width":600,"height":600,"caption":"Automatic Biscuit Production Line Unrivaled Quality"},{"@type":"BreadcrumbList","@id":"https:\/\/www.biscuitsolution.com\/product\/automatic-biscuit-production-line\/#breadcrumb","itemListElement":[{"@type":"ListItem","position":1,"name":"Home","item":"https:\/\/www.biscuitsolution.com\/"},{"@type":"ListItem","position":2,"name":"Product","item":"https:\/\/www.biscuitsolution.com\/product\/"},{"@type":"ListItem","position":3,"name":"Automatic Biscuit Production Line Unrivaled Quality"}]},{"@type":"WebSite","@id":"https:\/\/www.biscuitsolution.com\/#website","url":"https:\/\/www.biscuitsolution.com\/","name":"Fabricante de solu\u00e7\u00f5es para produ\u00e7\u00e3o de biscoitos","description":"","potentialAction":[{"@type":"SearchAction","target":{"@type":"EntryPoint","urlTemplate":"https:\/\/www.biscuitsolution.com\/?s={search_term_string}"},"query-input":{"@type":"PropertyValueSpecification","valueRequired":true,"valueName":"search_term_string"}}],"inLanguage":"pt-BR"},false]}},"yasr_visitor_votes":{"stars_attributes":{"read_only":false,"span_bottom":false},"number_of_votes":3,"sum_votes":15},"_links":{"self":[{"href":"https:\/\/www.biscuitsolution.com\/pt\/wp-json\/wp\/v2\/product\/4614","targetHints":{"allow":["GET"]}}],"collection":[{"href":"https:\/\/www.biscuitsolution.com\/pt\/wp-json\/wp\/v2\/product"}],"about":[{"href":"https:\/\/www.biscuitsolution.com\/pt\/wp-json\/wp\/v2\/types\/product"}],"replies":[{"embeddable":true,"href":"https:\/\/www.biscuitsolution.com\/pt\/wp-json\/wp\/v2\/comments?post=4614"}],"version-history":[{"count":8,"href":"https:\/\/www.biscuitsolution.com\/pt\/wp-json\/wp\/v2\/product\/4614\/revisions"}],"predecessor-version":[{"id":5783,"href":"https:\/\/www.biscuitsolution.com\/pt\/wp-json\/wp\/v2\/product\/4614\/revisions\/5783"}],"wp:featuredmedia":[{"embeddable":true,"href":"https:\/\/www.biscuitsolution.com\/pt\/wp-json\/wp\/v2\/media\/4617"}],"wp:attachment":[{"href":"https:\/\/www.biscuitsolution.com\/pt\/wp-json\/wp\/v2\/media?parent=4614"}],"wp:term":[{"taxonomy":"product_brand","embeddable":true,"href":"https:\/\/www.biscuitsolution.com\/pt\/wp-json\/wp\/v2\/product_brand?post=4614"},{"taxonomy":"product_cat","embeddable":true,"href":"https:\/\/www.biscuitsolution.com\/pt\/wp-json\/wp\/v2\/product_cat?post=4614"},{"taxonomy":"product_tag","embeddable":true,"href":"https:\/\/www.biscuitsolution.com\/pt\/wp-json\/wp\/v2\/product_tag?post=4614"}],"curies":[{"name":"wp","href":"https:\/\/api.w.org\/{rel}","templated":true}]}}