{"id":5787,"date":"2025-09-22T16:40:50","date_gmt":"2025-09-22T08:40:50","guid":{"rendered":"https:\/\/www.biscuitsolution.com\/?post_type=product&#038;p=5787"},"modified":"2025-09-22T16:46:03","modified_gmt":"2025-09-22T08:46:03","slug":"biscuit-factory-production-line","status":"publish","type":"product","link":"https:\/\/www.biscuitsolution.com\/fr\/produit\/biscuit-factory-production-line\/","title":{"rendered":"Automatisation de la ligne de production d'une usine de biscuits"},"content":{"rendered":"<p>Un moderne <strong>Ligne de production d'une biscuiterie<\/strong> est un syst\u00e8me continu enti\u00e8rement automatis\u00e9 qui transforme la farine, le sucre, la graisse et d'autres ingr\u00e9dients en biscuits finis et emball\u00e9s en une seule fois.<\/p>\n<p><img fetchpriority=\"high\" decoding=\"async\" class=\"alignnone size-full wp-image-5740\" src=\"https:\/\/www.biscuitsolution.com\/wp-content\/uploads\/2025\/07\/biscuits-making-business.jpg\" alt=\"\" width=\"800\" height=\"450\" srcset=\"https:\/\/www.biscuitsolution.com\/wp-content\/uploads\/2025\/07\/biscuits-making-business.jpg 800w, https:\/\/www.biscuitsolution.com\/wp-content\/uploads\/2025\/07\/biscuits-making-business-300x169.jpg 300w, https:\/\/www.biscuitsolution.com\/wp-content\/uploads\/2025\/07\/biscuits-making-business-768x432.jpg 768w, https:\/\/www.biscuitsolution.com\/wp-content\/uploads\/2025\/07\/biscuits-making-business-18x10.jpg 18w, https:\/\/www.biscuitsolution.com\/wp-content\/uploads\/2025\/07\/biscuits-making-business-600x338.jpg 600w, https:\/\/www.biscuitsolution.com\/wp-content\/uploads\/2025\/07\/biscuits-making-business-64x36.jpg 64w\" sizes=\"(max-width: 800px) 100vw, 800px\" \/><\/p>\n<h2>Fonctions essentielles et composantes cl\u00e9s<\/h2>\n<p>Une cha\u00eene de production compl\u00e8te effectue une s\u00e9rie d'op\u00e9rations continues\uff1a<\/p>\n<table style=\"height: 805px;\" width=\"1095\">\n<tbody>\n<tr>\n<td width=\"189\"><strong>Stade<\/strong><\/td>\n<td width=\"189\"><strong>Fonction<\/strong><\/td>\n<td width=\"189\"><strong>\u00c9quipements cl\u00e9s<\/strong><\/td>\n<\/tr>\n<tr>\n<td width=\"189\"><strong>Manutention des mati\u00e8res premi\u00e8res<\/strong><\/td>\n<td width=\"189\">Stockage, transport et pesage pr\u00e9cis d'ingr\u00e9dients tels que la farine, le sucre, les graisses, l'eau et les agents levants.<\/td>\n<td width=\"189\">Silos, tamiseurs, tr\u00e9mies de pes\u00e9e, r\u00e9servoirs de liquide, syst\u00e8mes de transport pneumatique.<\/td>\n<\/tr>\n<tr>\n<td width=\"189\"><strong>M\u00e9lange de la p\u00e2te<\/strong><\/td>\n<td width=\"189\">M\u00e9lange d'ingr\u00e9dients dans un ordre sp\u00e9cifique pour former une p\u00e2te homog\u00e8ne ayant la bonne consistance et la bonne texture.<\/td>\n<td width=\"189\">M\u00e9langeurs horizontaux ou verticaux (p\u00e9trins).<\/td>\n<\/tr>\n<tr>\n<td width=\"189\"><strong>Alimentation en p\u00e2te<\/strong><\/td>\n<td width=\"189\">Transf\u00e9rer la p\u00e2te m\u00e9lang\u00e9e \u00e0 l'\u00e9tape de formage de mani\u00e8re coh\u00e9rente et sans d\u00e9gradation.<\/td>\n<td width=\"189\">Convoyeurs de p\u00e2te, alimentateurs \u00e0 tr\u00e9mie.<\/td>\n<\/tr>\n<tr>\n<td width=\"189\"><strong>Formage et moulage<\/strong><\/td>\n<td width=\"189\">Fa\u00e7onner la p\u00e2te pour obtenir des formes de biscuits sp\u00e9cifiques (par exemple, des ronds, des carr\u00e9s, des animaux, des motifs moul\u00e9s par rotation).<\/td>\n<td width=\"189\">\n<ol>\n<li>Moule rotatif : Pour les p\u00e2tes dures et s\u00e8ches (par exemple, les sabl\u00e9s).<\/li>\n<li>Machine \u00e0 d\u00e9couper : Pour les p\u00e2tes feuillet\u00e9es et estamp\u00e9es (par exemple, crackers, digestifs).<\/li>\n<li>Machine \u00e0 d\u00e9couper le fil : Pour les p\u00e2tes molles et collantes (par exemple, les biscuits aux p\u00e9pites de chocolat).<\/li>\n<\/ol>\n<\/td>\n<\/tr>\n<tr>\n<td width=\"189\"><strong>P\u00e2tisserie<\/strong><\/td>\n<td width=\"189\">Le c\u0153ur du processus. L'application d'une chaleur contr\u00f4l\u00e9e pour fixer la structure, d\u00e9velopper la saveur, la couleur et la texture.<\/td>\n<td width=\"189\">Four tunnel multizone.<\/td>\n<\/tr>\n<tr>\n<td width=\"189\">\u00a0<strong>Refroidissement<\/strong><\/td>\n<td width=\"189\">R\u00e9duire progressivement la temp\u00e9rature et l'humidit\u00e9 interne du biscuit jusqu'\u00e0 ce qu'il atteigne un niveau appropri\u00e9 pour l'emballage sans devenir d\u00e9tremp\u00e9.<\/td>\n<td width=\"189\">Convoyeurs de refroidissement \u00e0 plusieurs niveaux.<\/td>\n<\/tr>\n<tr>\n<td width=\"189\"><strong>\u00a0Garniture et sandwich<\/strong><\/td>\n<td width=\"189\">(Facultatif) Ajouter de la cr\u00e8me, du chocolat, de la confiture ou du gla\u00e7age entre deux biscuits ou sur le dessus.<\/td>\n<td width=\"189\">Machine \u00e0 faire des sandwichs \u00e0 la cr\u00e8me, machine \u00e0 enrober le chocolat, syst\u00e8mes de pulv\u00e9risation et de bouchage.<\/td>\n<\/tr>\n<tr>\n<td width=\"189\"><strong>\u00a0Emballage<\/strong><\/td>\n<td width=\"189\">Peser, regrouper et prot\u00e9ger le produit final en vue de sa conservation, de son marquage et de sa distribution.<\/td>\n<td width=\"189\">Peseuses multit\u00eates, emballeuses \u00e0 flux, machines \u00e0 remplir et \u00e0 sceller verticales (VFFS), \u00e9tuyeuses.<\/td>\n<\/tr>\n<\/tbody>\n<\/table>\n<p><img decoding=\"async\" class=\"alignnone size-full wp-image-5410\" src=\"https:\/\/www.biscuitsolution.com\/wp-content\/uploads\/2025\/03\/biscuit-production-line-supplier-China.jpg\" alt=\"\" width=\"800\" height=\"450\" srcset=\"https:\/\/www.biscuitsolution.com\/wp-content\/uploads\/2025\/03\/biscuit-production-line-supplier-China.jpg 800w, https:\/\/www.biscuitsolution.com\/wp-content\/uploads\/2025\/03\/biscuit-production-line-supplier-China-300x169.jpg 300w, https:\/\/www.biscuitsolution.com\/wp-content\/uploads\/2025\/03\/biscuit-production-line-supplier-China-768x432.jpg 768w, https:\/\/www.biscuitsolution.com\/wp-content\/uploads\/2025\/03\/biscuit-production-line-supplier-China-18x10.jpg 18w, https:\/\/www.biscuitsolution.com\/wp-content\/uploads\/2025\/03\/biscuit-production-line-supplier-China-600x338.jpg 600w, https:\/\/www.biscuitsolution.com\/wp-content\/uploads\/2025\/03\/biscuit-production-line-supplier-China-64x36.jpg 64w\" sizes=\"(max-width: 800px) 100vw, 800px\" \/><\/p>\n<h2>Applications et gamme de produits<\/h2>\n<p>Une seule ligne de production bien con\u00e7ue peut \u00eatre tr\u00e8s polyvalente et produire un large \u00e9ventail de produits :<\/p>\n<ul>\n<li>Crackers : Crackers soda, crackers \u00e0 la cr\u00e8me, snacks sal\u00e9s.<\/li>\n<li>Biscuits \u00e0 p\u00e2te dure : Biscuits digestifs, biscuits Marie, biscuits petit-d\u00e9jeuner.<\/li>\n<li>Biscuits \u00e0 p\u00e2te bris\u00e9e : Biscuits au beurre, sabl\u00e9s, biscuits moul\u00e9s rotatifs.<\/li>\n<li>Biscuits \u00e0 p\u00e2te molle : Biscuits de type am\u00e9ricain (p\u00e9pites de chocolat, flocons d'avoine).<\/li>\n<li>Biscuits sandwichs : Biscuits fourr\u00e9s \u00e0 la cr\u00e8me (par exemple, style Oreo).<\/li>\n<li>Biscuits enrob\u00e9s : Biscuits enrob\u00e9s de chocolat, gaufrettes.<\/li>\n<\/ul>\n<div class=\"ast-oembed-container\" style=\"height: 100%;\"><iframe title=\"Ligne de production de biscuits moelleux \u00e9tonnants\" width=\"500\" height=\"281\" src=\"https:\/\/www.youtube.com\/embed\/L6X4GrnjFiI?feature=oembed\" frameborder=\"0\" allow=\"accelerometer; autoplay; clipboard-write; encrypted-media; gyroscope; picture-in-picture; web-share\" referrerpolicy=\"strict-origin-when-cross-origin\" allowfullscreen><\/iframe><\/div>\n<h2>Pourquoi choisir notre ligne de production de biscuits ?<\/h2>\n<ol>\n<li>\n<h3>Solutions cl\u00e9s en main de bout en bout<\/h3>\n<\/li>\n<\/ol>\n<p>Nous ne nous contentons pas de vendre des machines, nous r\u00e9alisons des projets complets. De l'am\u00e9nagement et de la conception de l'usine \u00e0 la formation du personnel et \u00e0 la maintenance continue, en passant par la fabrication, l'installation et la mise en service de l'\u00e9quipement, nous offrons un point de responsabilit\u00e9 unique.<\/p>\n<ol start=\"2\">\n<li>\n<h3>Qualit\u00e9 de construction et hygi\u00e8ne sup\u00e9rieures<\/h3>\n<\/li>\n<\/ol>\n<p>Nos machines sont construites en acier inoxydable de haute qualit\u00e9, approuv\u00e9 pour le contact alimentaire (par exemple, SS304, SS316). Les conceptions privil\u00e9gient un acc\u00e8s facile pour le nettoyage et l'entretien, avec des syst\u00e8mes CIP disponibles, ce qui vous permet de respecter les normes internationales les plus strictes en mati\u00e8re de s\u00e9curit\u00e9 alimentaire (HACCP, GMP, FDA).<\/p>\n<ol start=\"3\">\n<li>\n<h3>Priorit\u00e9 \u00e0 l'efficacit\u00e9 et \u00e0 la durabilit\u00e9<\/h3>\n<\/li>\n<\/ol>\n<ul>\n<li>Fours \u00e0 haut rendement \u00e9nerg\u00e9tique : Nos fours sont dot\u00e9s de syst\u00e8mes avanc\u00e9s d'isolation et de r\u00e9cup\u00e9ration de la chaleur, ce qui r\u00e9duit consid\u00e9rablement votre consommation d'\u00e9nergie et vos co\u00fbts d'exploitation.<\/li>\n<li>Un minimum de d\u00e9chets : Les distributeurs de p\u00e2te de pr\u00e9cision et les peseuses multi-t\u00eates assurent un contr\u00f4le pr\u00e9cis du poids, minimisant ainsi les pertes de produits.<\/li>\n<li>Temps de fonctionnement \u00e9lev\u00e9 : Une ing\u00e9nierie robuste et des composants fiables permettent \u00e0 votre ligne de fonctionner plus longtemps avec moins de temps d'arr\u00eat.<\/li>\n<\/ul>\n<p>&nbsp;<\/p>\n<h2>Laissez un message pour obtenir un devis<\/h2>\n\n<div class=\"wpcf7 no-js\" id=\"wpcf7-f4619-o1\" lang=\"en-US\" dir=\"ltr\" data-wpcf7-id=\"4619\">\n<div class=\"screen-reader-response\"><p role=\"status\" aria-live=\"polite\" aria-atomic=\"true\"><\/p> <ul><\/ul><\/div>\n<form action=\"\/fr\/wp-json\/wp\/v2\/product\/5787#wpcf7-f4619-o1\" method=\"post\" class=\"wpcf7-form init\" aria-label=\"Formulaire de contact\" novalidate=\"novalidate\" data-status=\"init\" data-trp-original-action=\"\/fr\/wp-json\/wp\/v2\/product\/5787#wpcf7-f4619-o1\">\n<div style=\"display: none;\">\n<input type=\"hidden\" name=\"_wpcf7\" value=\"4619\" \/>\n<input type=\"hidden\" name=\"_wpcf7_version\" value=\"6.0.4\" \/>\n<input type=\"hidden\" name=\"_wpcf7_locale\" value=\"en_US\" \/>\n<input type=\"hidden\" name=\"_wpcf7_unit_tag\" value=\"wpcf7-f4619-o1\" \/>\n<input type=\"hidden\" name=\"_wpcf7_container_post\" value=\"0\" \/>\n<input type=\"hidden\" name=\"_wpcf7_posted_data_hash\" value=\"\" \/>\n<\/div>\n<p><label> Votre nom*<br \/>\n<span class=\"wpcf7-form-control-wrap\" data-name=\"your-name\"><input size=\"40\" maxlength=\"400\" class=\"wpcf7-form-control wpcf7-text wpcf7-validates-as-required\" aria-required=\"true\" aria-invalid=\"false\" value=\"\" type=\"text\" name=\"your-name\" \/><\/span> <\/label>\n<\/p>\n<p><label> Votre pays<br \/>\n<span class=\"wpcf7-form-control-wrap\" data-name=\"your-country\"><input size=\"40\" maxlength=\"400\" class=\"wpcf7-form-control wpcf7-text\" aria-invalid=\"false\" value=\"\" type=\"text\" name=\"your-country\" \/><\/span><\/label>\n<\/p>\n<p><label> Votre courriel*<br \/>\n<span class=\"wpcf7-form-control-wrap\" data-name=\"your-email\"><input size=\"40\" maxlength=\"400\" class=\"wpcf7-form-control wpcf7-email wpcf7-validates-as-required wpcf7-text wpcf7-validates-as-email\" aria-required=\"true\" aria-invalid=\"false\" value=\"\" type=\"email\" name=\"your-email\" \/><\/span> <\/label>\n<\/p>\n<p><label> Votre t\u00e9l\u00e9phone<br \/>\n<span class=\"wpcf7-form-control-wrap\" data-name=\"your-phone\"><input size=\"40\" maxlength=\"400\" class=\"wpcf7-form-control wpcf7-tel wpcf7-text wpcf7-validates-as-tel\" aria-invalid=\"false\" value=\"\" type=\"tel\" name=\"your-phone\" \/><\/span> <\/label>\n<\/p>\n<p><label> Nom de l'entreprise<br \/>\n<span class=\"wpcf7-form-control-wrap\" data-name=\"text-457\"><input size=\"40\" maxlength=\"400\" class=\"wpcf7-form-control wpcf7-text\" aria-invalid=\"false\" value=\"\" type=\"text\" name=\"text-457\" \/><\/span> <\/label>\n<\/p>\n<p><label> Le site web de votre entreprise<br \/>\n<span class=\"wpcf7-form-control-wrap\" data-name=\"text-546\"><input size=\"40\" maxlength=\"400\" class=\"wpcf7-form-control wpcf7-text\" aria-invalid=\"false\" value=\"\" type=\"text\" name=\"text-546\" \/><\/span> <\/label>\n<\/p>\n<p><label> Votre demande*<br \/>\n<span class=\"wpcf7-form-control-wrap\" data-name=\"your-message\"><textarea cols=\"40\" rows=\"10\" maxlength=\"2000\" class=\"wpcf7-form-control wpcf7-textarea wpcf7-validates-as-required\" aria-required=\"true\" aria-invalid=\"false\" name=\"your-message\"><\/textarea><\/span> <\/label>\n<\/p>\n<p><input class=\"wpcf7-form-control wpcf7-submit has-spinner\" type=\"submit\" value=\"Soumettre\" \/>\n<\/p><p style=\"display: none !important;\" class=\"akismet-fields-container\" data-prefix=\"_wpcf7_ak_\"><label>&#916;<textarea name=\"_wpcf7_ak_hp_textarea\" cols=\"45\" rows=\"8\" maxlength=\"100\"><\/textarea><\/label><input type=\"hidden\" id=\"ak_js_1\" name=\"_wpcf7_ak_js\" value=\"52\"\/><script>document.getElementById( \"ak_js_1\" ).setAttribute( \"value\", ( new Date() ).getTime() );<\/script><\/p><div class=\"wpcf7-response-output\" aria-hidden=\"true\"><\/div>\n<input type=\"hidden\" name=\"trp-form-language\" value=\"fr\"\/><\/form>\n<\/div>\n\n<div style='text-align:left' class='yasr-auto-insert-visitor'><\/div>","protected":false},"excerpt":{"rendered":"<p>A modern biscuit factory&#8217;s production line is a fully automated, continuous system that processes flour, sugar, fat, and other ingredients into packaged, finished biscuits in one go. Core Functions &amp; Key Components A complete production line performs a series of continuous operations\uff1a Stage Function Key Equipment Raw Material Handling Storage, transportation, and precise weighing of [&hellip;]<\/p>","protected":false},"featured_media":5788,"comment_status":"open","ping_status":"closed","template":"","meta":{"site-sidebar-layout":"default","site-content-layout":"","ast-site-content-layout":"default","site-content-style":"default","site-sidebar-style":"default","ast-global-header-display":"","ast-banner-title-visibility":"","ast-main-header-display":"","ast-hfb-above-header-display":"","ast-hfb-below-header-display":"","ast-hfb-mobile-header-display":"","site-post-title":"","ast-breadcrumbs-content":"","ast-featured-img":"","footer-sml-layout":"","theme-transparent-header-meta":"default","adv-header-id-meta":"","stick-header-meta":"","header-above-stick-meta":"","header-main-stick-meta":"","header-below-stick-meta":"","astra-migrate-meta-layouts":"set","ast-page-background-enabled":"default","ast-page-background-meta":{"desktop":{"background-color":"","background-image":"","background-repeat":"repeat","background-position":"center center","background-size":"auto","background-attachment":"scroll","background-type":"","background-media":"","overlay-type":"","overlay-color":"","overlay-opacity":"","overlay-gradient":""},"tablet":{"background-color":"","background-image":"","background-repeat":"repeat","background-position":"center center","background-size":"auto","background-attachment":"scroll","background-type":"","background-media":"","overlay-type":"","overlay-color":"","overlay-opacity":"","overlay-gradient":""},"mobile":{"background-color":"","background-image":"","background-repeat":"repeat","background-position":"center center","background-size":"auto","background-attachment":"scroll","background-type":"","background-media":"","overlay-type":"","overlay-color":"","overlay-opacity":"","overlay-gradient":""}},"ast-content-background-meta":{"desktop":{"background-color":"var(--ast-global-color-5)","background-image":"","background-repeat":"repeat","background-position":"center center","background-size":"auto","background-attachment":"scroll","background-type":"","background-media":"","overlay-type":"","overlay-color":"","overlay-opacity":"","overlay-gradient":""},"tablet":{"background-color":"var(--ast-global-color-5)","background-image":"","background-repeat":"repeat","background-position":"center center","background-size":"auto","background-attachment":"scroll","background-type":"","background-media":"","overlay-type":"","overlay-color":"","overlay-opacity":"","overlay-gradient":""},"mobile":{"background-color":"var(--ast-global-color-5)","background-image":"","background-repeat":"repeat","background-position":"center center","background-size":"auto","background-attachment":"scroll","background-type":"","background-media":"","overlay-type":"","overlay-color":"","overlay-opacity":"","overlay-gradient":""}},"yasr_overall_rating":5,"yasr_post_is_review":"","yasr_auto_insert_disabled":"","yasr_review_type":""},"product_brand":[],"product_cat":[22],"product_tag":[],"class_list":{"0":"post-5787","1":"product","2":"type-product","3":"status-publish","4":"has-post-thumbnail","6":"product_cat-hard-biscuit-production-line","7":"desktop-align-left","8":"tablet-align-left","9":"mobile-align-left","11":"first","12":"instock","13":"shipping-taxable","14":"product-type-simple"},"yoast_head":"<!-- This site is optimized with the Yoast SEO plugin v24.4 - https:\/\/yoast.com\/wordpress\/plugins\/seo\/ -->\n<title>Biscuit Factory Production Line Automation - Biscuit Production Solution Manufacturer<\/title>\n<meta name=\"description\" content=\"The biscuit factory production line is a automated, continuous process designed to efficiently produce biscuits of consistent quality on a large scale.\" \/>\n<meta name=\"robots\" content=\"index, follow, max-snippet:-1, max-image-preview:large, max-video-preview:-1\" \/>\n<link rel=\"canonical\" href=\"https:\/\/www.biscuitsolution.com\/fr\/produit\/biscuit-factory-production-line\/\" \/>\n<meta property=\"og:locale\" content=\"fr_FR\" \/>\n<meta property=\"og:type\" content=\"article\" \/>\n<meta property=\"og:title\" content=\"Biscuit Factory Production Line Automation - Biscuit Production Solution Manufacturer\" \/>\n<meta property=\"og:description\" content=\"The biscuit factory production line is a automated, continuous process designed to efficiently produce biscuits of consistent quality on a large scale.\" \/>\n<meta property=\"og:url\" content=\"https:\/\/www.biscuitsolution.com\/fr\/produit\/biscuit-factory-production-line\/\" \/>\n<meta property=\"og:site_name\" content=\"Biscuit Production Solution Manufacturer\" \/>\n<meta property=\"article:publisher\" content=\"https:\/\/www.facebook.com\/profile.php?id=100095205040823\" \/>\n<meta property=\"article:modified_time\" content=\"2025-09-22T08:46:03+00:00\" \/>\n<meta property=\"og:image\" content=\"https:\/\/www.biscuitsolution.com\/wp-content\/uploads\/2025\/09\/biscuit-factory-production-line.jpg\" \/>\n\t<meta property=\"og:image:width\" content=\"600\" \/>\n\t<meta property=\"og:image:height\" content=\"600\" \/>\n\t<meta property=\"og:image:type\" content=\"image\/jpeg\" \/>\n<meta name=\"twitter:card\" content=\"summary_large_image\" \/>\n<meta name=\"twitter:site\" content=\"@shanna_zha26342\" \/>\n<meta name=\"twitter:label1\" content=\"Dur\u00e9e de lecture estim\u00e9e\" \/>\n\t<meta name=\"twitter:data1\" content=\"3 minutes\" \/>\n<script type=\"application\/ld+json\" class=\"yoast-schema-graph\">{\"@context\":\"https:\/\/schema.org\",\"@graph\":[{\"@type\":\"WebPage\",\"@id\":\"https:\/\/www.biscuitsolution.com\/product\/biscuit-factory-production-line\/\",\"url\":\"https:\/\/www.biscuitsolution.com\/product\/biscuit-factory-production-line\/\",\"name\":\"Biscuit Factory Production Line Automation - Biscuit Production Solution Manufacturer\",\"isPartOf\":{\"@id\":\"https:\/\/www.biscuitsolution.com\/#website\"},\"primaryImageOfPage\":{\"@id\":\"https:\/\/www.biscuitsolution.com\/product\/biscuit-factory-production-line\/#primaryimage\"},\"image\":{\"@id\":\"https:\/\/www.biscuitsolution.com\/product\/biscuit-factory-production-line\/#primaryimage\"},\"thumbnailUrl\":\"https:\/\/www.biscuitsolution.com\/wp-content\/uploads\/2025\/09\/biscuit-factory-production-line.jpg\",\"datePublished\":\"2025-09-22T08:40:50+00:00\",\"dateModified\":\"2025-09-22T08:46:03+00:00\",\"description\":\"The biscuit factory production line is a automated, continuous process designed to efficiently produce biscuits of consistent quality on a large scale.\",\"breadcrumb\":{\"@id\":\"https:\/\/www.biscuitsolution.com\/product\/biscuit-factory-production-line\/#breadcrumb\"},\"inLanguage\":\"fr-FR\",\"potentialAction\":[{\"@type\":\"ReadAction\",\"target\":[\"https:\/\/www.biscuitsolution.com\/product\/biscuit-factory-production-line\/\"]}]},{\"@type\":\"ImageObject\",\"inLanguage\":\"fr-FR\",\"@id\":\"https:\/\/www.biscuitsolution.com\/product\/biscuit-factory-production-line\/#primaryimage\",\"url\":\"https:\/\/www.biscuitsolution.com\/wp-content\/uploads\/2025\/09\/biscuit-factory-production-line.jpg\",\"contentUrl\":\"https:\/\/www.biscuitsolution.com\/wp-content\/uploads\/2025\/09\/biscuit-factory-production-line.jpg\",\"width\":600,\"height\":600},{\"@type\":\"BreadcrumbList\",\"@id\":\"https:\/\/www.biscuitsolution.com\/product\/biscuit-factory-production-line\/#breadcrumb\",\"itemListElement\":[{\"@type\":\"ListItem\",\"position\":1,\"name\":\"Home\",\"item\":\"https:\/\/www.biscuitsolution.com\/\"},{\"@type\":\"ListItem\",\"position\":2,\"name\":\"Product\",\"item\":\"https:\/\/www.biscuitsolution.com\/product\/\"},{\"@type\":\"ListItem\",\"position\":3,\"name\":\"Biscuit Factory Production Line Automation\"}]},{\"@type\":\"WebSite\",\"@id\":\"https:\/\/www.biscuitsolution.com\/#website\",\"url\":\"https:\/\/www.biscuitsolution.com\/\",\"name\":\"Biscuit Production Solution Manufacturer\",\"description\":\"\",\"potentialAction\":[{\"@type\":\"SearchAction\",\"target\":{\"@type\":\"EntryPoint\",\"urlTemplate\":\"https:\/\/www.biscuitsolution.com\/?s={search_term_string}\"},\"query-input\":{\"@type\":\"PropertyValueSpecification\",\"valueRequired\":true,\"valueName\":\"search_term_string\"}}],\"inLanguage\":\"fr-FR\"},false]}<\/script>\n<!-- \/ Yoast SEO plugin. -->","yoast_head_json":{"title":"Automatisation de la ligne de production d'une usine de biscuits - Fabricant de solutions pour la production de biscuits","description":"La ligne de production d'une biscuiterie est un processus automatis\u00e9 et continu con\u00e7u pour produire efficacement des biscuits de qualit\u00e9 constante \u00e0 grande \u00e9chelle.","robots":{"index":"index","follow":"follow","max-snippet":"max-snippet:-1","max-image-preview":"max-image-preview:large","max-video-preview":"max-video-preview:-1"},"canonical":"https:\/\/www.biscuitsolution.com\/fr\/produit\/biscuit-factory-production-line\/","og_locale":"fr_FR","og_type":"article","og_title":"Biscuit Factory Production Line Automation - Biscuit Production Solution Manufacturer","og_description":"The biscuit factory production line is a automated, continuous process designed to efficiently produce biscuits of consistent quality on a large scale.","og_url":"https:\/\/www.biscuitsolution.com\/fr\/produit\/biscuit-factory-production-line\/","og_site_name":"Biscuit Production Solution Manufacturer","article_publisher":"https:\/\/www.facebook.com\/profile.php?id=100095205040823","article_modified_time":"2025-09-22T08:46:03+00:00","og_image":[{"width":600,"height":600,"url":"https:\/\/www.biscuitsolution.com\/wp-content\/uploads\/2025\/09\/biscuit-factory-production-line.jpg","type":"image\/jpeg"}],"twitter_card":"summary_large_image","twitter_site":"@shanna_zha26342","twitter_misc":{"Dur\u00e9e de lecture estim\u00e9e":"3 minutes"},"schema":{"@context":"https:\/\/schema.org","@graph":[{"@type":"WebPage","@id":"https:\/\/www.biscuitsolution.com\/product\/biscuit-factory-production-line\/","url":"https:\/\/www.biscuitsolution.com\/product\/biscuit-factory-production-line\/","name":"Automatisation de la ligne de production d'une usine de biscuits - Fabricant de solutions pour la production de biscuits","isPartOf":{"@id":"https:\/\/www.biscuitsolution.com\/#website"},"primaryImageOfPage":{"@id":"https:\/\/www.biscuitsolution.com\/product\/biscuit-factory-production-line\/#primaryimage"},"image":{"@id":"https:\/\/www.biscuitsolution.com\/product\/biscuit-factory-production-line\/#primaryimage"},"thumbnailUrl":"https:\/\/www.biscuitsolution.com\/wp-content\/uploads\/2025\/09\/biscuit-factory-production-line.jpg","datePublished":"2025-09-22T08:40:50+00:00","dateModified":"2025-09-22T08:46:03+00:00","description":"La ligne de production d'une biscuiterie est un processus automatis\u00e9 et continu con\u00e7u pour produire efficacement des biscuits de qualit\u00e9 constante \u00e0 grande \u00e9chelle.","breadcrumb":{"@id":"https:\/\/www.biscuitsolution.com\/product\/biscuit-factory-production-line\/#breadcrumb"},"inLanguage":"fr-FR","potentialAction":[{"@type":"ReadAction","target":["https:\/\/www.biscuitsolution.com\/product\/biscuit-factory-production-line\/"]}]},{"@type":"ImageObject","inLanguage":"fr-FR","@id":"https:\/\/www.biscuitsolution.com\/product\/biscuit-factory-production-line\/#primaryimage","url":"https:\/\/www.biscuitsolution.com\/wp-content\/uploads\/2025\/09\/biscuit-factory-production-line.jpg","contentUrl":"https:\/\/www.biscuitsolution.com\/wp-content\/uploads\/2025\/09\/biscuit-factory-production-line.jpg","width":600,"height":600},{"@type":"BreadcrumbList","@id":"https:\/\/www.biscuitsolution.com\/product\/biscuit-factory-production-line\/#breadcrumb","itemListElement":[{"@type":"ListItem","position":1,"name":"Home","item":"https:\/\/www.biscuitsolution.com\/"},{"@type":"ListItem","position":2,"name":"Product","item":"https:\/\/www.biscuitsolution.com\/product\/"},{"@type":"ListItem","position":3,"name":"Biscuit Factory Production Line Automation"}]},{"@type":"WebSite","@id":"https:\/\/www.biscuitsolution.com\/#website","url":"https:\/\/www.biscuitsolution.com\/","name":"Fabricant de solutions pour la production de biscuits","description":"","potentialAction":[{"@type":"SearchAction","target":{"@type":"EntryPoint","urlTemplate":"https:\/\/www.biscuitsolution.com\/?s={search_term_string}"},"query-input":{"@type":"PropertyValueSpecification","valueRequired":true,"valueName":"search_term_string"}}],"inLanguage":"fr-FR"},false]}},"yasr_visitor_votes":{"stars_attributes":{"read_only":false,"span_bottom":false},"number_of_votes":0,"sum_votes":0},"_links":{"self":[{"href":"https:\/\/www.biscuitsolution.com\/fr\/wp-json\/wp\/v2\/product\/5787","targetHints":{"allow":["GET"]}}],"collection":[{"href":"https:\/\/www.biscuitsolution.com\/fr\/wp-json\/wp\/v2\/product"}],"about":[{"href":"https:\/\/www.biscuitsolution.com\/fr\/wp-json\/wp\/v2\/types\/product"}],"replies":[{"embeddable":true,"href":"https:\/\/www.biscuitsolution.com\/fr\/wp-json\/wp\/v2\/comments?post=5787"}],"version-history":[{"count":5,"href":"https:\/\/www.biscuitsolution.com\/fr\/wp-json\/wp\/v2\/product\/5787\/revisions"}],"predecessor-version":[{"id":5793,"href":"https:\/\/www.biscuitsolution.com\/fr\/wp-json\/wp\/v2\/product\/5787\/revisions\/5793"}],"wp:featuredmedia":[{"embeddable":true,"href":"https:\/\/www.biscuitsolution.com\/fr\/wp-json\/wp\/v2\/media\/5788"}],"wp:attachment":[{"href":"https:\/\/www.biscuitsolution.com\/fr\/wp-json\/wp\/v2\/media?parent=5787"}],"wp:term":[{"taxonomy":"product_brand","embeddable":true,"href":"https:\/\/www.biscuitsolution.com\/fr\/wp-json\/wp\/v2\/product_brand?post=5787"},{"taxonomy":"product_cat","embeddable":true,"href":"https:\/\/www.biscuitsolution.com\/fr\/wp-json\/wp\/v2\/product_cat?post=5787"},{"taxonomy":"product_tag","embeddable":true,"href":"https:\/\/www.biscuitsolution.com\/fr\/wp-json\/wp\/v2\/product_tag?post=5787"}],"curies":[{"name":"wp","href":"https:\/\/api.w.org\/{rel}","templated":true}]}}