{"id":5770,"date":"2025-09-10T16:44:03","date_gmt":"2025-09-10T08:44:03","guid":{"rendered":"https:\/\/www.biscuitsolution.com\/?post_type=product&#038;p=5770"},"modified":"2025-09-10T16:46:35","modified_gmt":"2025-09-10T08:46:35","slug":"automatic-cracker-packing-machine","status":"publish","type":"product","link":"https:\/\/www.biscuitsolution.com\/fr\/produit\/automatic-cracker-packing-machine\/","title":{"rendered":"Machine automatique \u00e0 emballer les crackers Flexible et efficace"},"content":{"rendered":"<p>La machine d'emballage automatique de biscuits est con\u00e7ue pour emballer automatiquement des biscuits de formes, de tailles et de types diff\u00e9rents dans des sacs. Elle offre une grande flexibilit\u00e9 et une excellente efficacit\u00e9 de production pour r\u00e9pondre aux besoins d'un march\u00e9 \u00e0 grande \u00e9chelle et de grande vari\u00e9t\u00e9.<\/p>\n<p>Types de biscuits applicables : Biscuits soda, biscuits fins, biscuits sandwichs, gaufrettes, biscuits, biscuits enrob\u00e9s de chocolat, p\u00e2t\u00e9s imp\u00e9riaux, biscuits de riz, barres \u00e9nerg\u00e9tiques et barres aux noix.<\/p>\n<p><img fetchpriority=\"high\" decoding=\"async\" class=\"alignnone size-full wp-image-5772\" src=\"https:\/\/www.biscuitsolution.com\/wp-content\/uploads\/2025\/09\/automatic-cracker-packaging-machines.jpg\" alt=\"machine automatique d&#039;emballage de crackers\" width=\"800\" height=\"450\" srcset=\"https:\/\/www.biscuitsolution.com\/wp-content\/uploads\/2025\/09\/automatic-cracker-packaging-machines.jpg 800w, https:\/\/www.biscuitsolution.com\/wp-content\/uploads\/2025\/09\/automatic-cracker-packaging-machines-300x169.jpg 300w, https:\/\/www.biscuitsolution.com\/wp-content\/uploads\/2025\/09\/automatic-cracker-packaging-machines-768x432.jpg 768w, https:\/\/www.biscuitsolution.com\/wp-content\/uploads\/2025\/09\/automatic-cracker-packaging-machines-18x10.jpg 18w, https:\/\/www.biscuitsolution.com\/wp-content\/uploads\/2025\/09\/automatic-cracker-packaging-machines-600x338.jpg 600w, https:\/\/www.biscuitsolution.com\/wp-content\/uploads\/2025\/09\/automatic-cracker-packaging-machines-64x36.jpg 64w\" sizes=\"(max-width: 800px) 100vw, 800px\" \/><\/p>\n<h2>Principe de fonctionnement<\/h2>\n<p>Le fonctionnement d'une machine automatique d'emballage de biscuits est g\u00e9n\u00e9ralement le suivant :<\/p>\n<ul>\n<li>Convoyage et triage : Les biscuits refroidis sont introduits dans la machine d'emballage par une bande transporteuse et dispos\u00e9s proprement en rang\u00e9es par un dispositif de tri (tel qu'une plaque vibrante ou un m\u00e9canisme d'alignement).<\/li>\n<li>Formation du film : Le film d'emballage en rouleau est d\u00e9roul\u00e9 et pli\u00e9 en tube par une formeuse.<\/li>\n<li>Remplissage dos\u00e9 : Les biscuits dispos\u00e9s sont pouss\u00e9s ou d\u00e9pos\u00e9s dans le tube de film pr\u00e9form\u00e9 de mani\u00e8re chronom\u00e9tr\u00e9e et quantitative.<\/li>\n<li>Soudure longitudinale : Les bords du film sont coll\u00e9s par une soudeuse longitudinale pour former un tube continu.<\/li>\n<li>Scellage et d\u00e9coupe transversale : La thermosoudeuse transversale scelle entre deux paquets de biscuits et les coupe simultan\u00e9ment en sachets individuels. Ce processus comprend g\u00e9n\u00e9ralement un codage de la date.<\/li>\n<li>Sortie du produit fini : Les sachets de biscuits individuels scell\u00e9s et coup\u00e9s sont livr\u00e9s via un convoyeur de sortie en vue de leur mise en bo\u00eete ult\u00e9rieure.<\/li>\n<\/ul>\n<p><img decoding=\"async\" class=\"alignnone size-full wp-image-5773\" src=\"https:\/\/www.biscuitsolution.com\/wp-content\/uploads\/2025\/09\/cracker-packaging-machine.jpg\" alt=\"machine automatique d&#039;emballage de crackers\" width=\"800\" height=\"450\" srcset=\"https:\/\/www.biscuitsolution.com\/wp-content\/uploads\/2025\/09\/cracker-packaging-machine.jpg 800w, https:\/\/www.biscuitsolution.com\/wp-content\/uploads\/2025\/09\/cracker-packaging-machine-300x169.jpg 300w, https:\/\/www.biscuitsolution.com\/wp-content\/uploads\/2025\/09\/cracker-packaging-machine-768x432.jpg 768w, https:\/\/www.biscuitsolution.com\/wp-content\/uploads\/2025\/09\/cracker-packaging-machine-18x10.jpg 18w, https:\/\/www.biscuitsolution.com\/wp-content\/uploads\/2025\/09\/cracker-packaging-machine-600x338.jpg 600w, https:\/\/www.biscuitsolution.com\/wp-content\/uploads\/2025\/09\/cracker-packaging-machine-64x36.jpg 64w\" sizes=\"(max-width: 800px) 100vw, 800px\" \/><\/p>\n<h2>Caract\u00e9ristiques principales :<\/h2>\n<ol>\n<li>Adaptation \u00e0 de multiples formes : Capable de traiter une grande vari\u00e9t\u00e9 de formes de biscuits, y compris des formes rondes, carr\u00e9es, des barres et des formes animales, la machine peut s'adapter rapidement aux it\u00e9rations de produits en rempla\u00e7ant les diff\u00e9rentes tr\u00e9mies, les moules d'alimentation et les pinces.<\/li>\n<li>Compatibilit\u00e9 avec de nombreux formats : Les bandes transporteuses r\u00e9glables, les rouleaux de guidage du film et les m\u00e9canismes de scellage et de coupe permettent d'emballer des produits allant des petits crackers aux grands biscuits sandwiches.<\/li>\n<li>Manipulation de mat\u00e9riaux multiples : Capable de manipuler non seulement des biscuits durs, mais aussi des biscuits d\u00e9licats et croustillants, ainsi que des biscuits enrob\u00e9s de gla\u00e7age ou de chocolat, en utilisant un syst\u00e8me de transport et de chute en douceur pour minimiser la casse.<\/li>\n<li>Production \u00e0 grande vitesse : Les machines modernes d'emballage automatique de biscuits atteignent des vitesses extr\u00eamement \u00e9lev\u00e9es, jusqu'\u00e0 des centaines d'emballages par minute, d\u00e9passant de loin l'emballage manuel et augmentant de mani\u00e8re significative la capacit\u00e9 de la ligne de production.<\/li>\n<li>Fonctionnement continu : Capable de fonctionner 24 heures sur 24, 7 jours sur 7, sans interruption, ne n\u00e9cessitant que des remplissages p\u00e9riodiques et la maintenance des \u00e9quipements, ce qui garantit une production stable et une livraison dans les d\u00e9lais.<\/li>\n<\/ol>\n<p><img decoding=\"async\" class=\"alignnone size-full wp-image-5774\" src=\"https:\/\/www.biscuitsolution.com\/wp-content\/uploads\/2025\/09\/cracker-packaging-machines.jpg\" alt=\"machine automatique d&#039;emballage de crackers\" width=\"800\" height=\"450\" srcset=\"https:\/\/www.biscuitsolution.com\/wp-content\/uploads\/2025\/09\/cracker-packaging-machines.jpg 800w, https:\/\/www.biscuitsolution.com\/wp-content\/uploads\/2025\/09\/cracker-packaging-machines-300x169.jpg 300w, https:\/\/www.biscuitsolution.com\/wp-content\/uploads\/2025\/09\/cracker-packaging-machines-768x432.jpg 768w, https:\/\/www.biscuitsolution.com\/wp-content\/uploads\/2025\/09\/cracker-packaging-machines-18x10.jpg 18w, https:\/\/www.biscuitsolution.com\/wp-content\/uploads\/2025\/09\/cracker-packaging-machines-600x338.jpg 600w, https:\/\/www.biscuitsolution.com\/wp-content\/uploads\/2025\/09\/cracker-packaging-machines-64x36.jpg 64w\" sizes=\"(max-width: 800px) 100vw, 800px\" \/><\/p>\n<h2>Principaux avantages techniques<\/h2>\n<ul>\n<li>Contr\u00f4le automatis\u00e9 : Utilisant un automate programmable (PLC) et une interface homme-machine \u00e0 \u00e9cran tactile, la machine se caract\u00e9rise par un r\u00e9glage simple des param\u00e8tres et un fonctionnement intuitif. L'autodiagnostic des pannes facilite la maintenance.<\/li>\n<li>S\u00e9curit\u00e9 alimentaire : Tous les \u00e9l\u00e9ments de contact sont en acier inoxydable et en plastique de qualit\u00e9 alimentaire, conform\u00e9ment aux normes d'hygi\u00e8ne GMP\/HACCP, ce qui facilite le nettoyage et l'entretien.<\/li>\n<li>Forte stabilit\u00e9 : La structure m\u00e9canique pr\u00e9cise et les composants de contr\u00f4le \u00e9lectronique de haute qualit\u00e9 garantissent une stabilit\u00e9 et une fiabilit\u00e9 \u00e0 long terme \u00e0 des vitesses \u00e9lev\u00e9es.<\/li>\n<\/ul>\n<h2>Laissez un message pour obtenir un devis<\/h2>\n\n<div class=\"wpcf7 no-js\" id=\"wpcf7-f4619-o1\" lang=\"en-US\" dir=\"ltr\" data-wpcf7-id=\"4619\">\n<div class=\"screen-reader-response\"><p role=\"status\" aria-live=\"polite\" aria-atomic=\"true\"><\/p> <ul><\/ul><\/div>\n<form action=\"\/fr\/wp-json\/wp\/v2\/product\/5770#wpcf7-f4619-o1\" method=\"post\" class=\"wpcf7-form init\" aria-label=\"Formulaire de contact\" novalidate=\"novalidate\" data-status=\"init\" data-trp-original-action=\"\/fr\/wp-json\/wp\/v2\/product\/5770#wpcf7-f4619-o1\">\n<div style=\"display: none;\">\n<input type=\"hidden\" name=\"_wpcf7\" value=\"4619\" \/>\n<input type=\"hidden\" name=\"_wpcf7_version\" value=\"6.0.4\" \/>\n<input type=\"hidden\" name=\"_wpcf7_locale\" value=\"en_US\" \/>\n<input type=\"hidden\" name=\"_wpcf7_unit_tag\" value=\"wpcf7-f4619-o1\" \/>\n<input type=\"hidden\" name=\"_wpcf7_container_post\" value=\"0\" \/>\n<input type=\"hidden\" name=\"_wpcf7_posted_data_hash\" value=\"\" \/>\n<\/div>\n<p><label> Votre nom*<br \/>\n<span class=\"wpcf7-form-control-wrap\" data-name=\"your-name\"><input size=\"40\" maxlength=\"400\" class=\"wpcf7-form-control wpcf7-text wpcf7-validates-as-required\" aria-required=\"true\" aria-invalid=\"false\" value=\"\" type=\"text\" name=\"your-name\" \/><\/span> <\/label>\n<\/p>\n<p><label> Votre pays<br \/>\n<span class=\"wpcf7-form-control-wrap\" data-name=\"your-country\"><input size=\"40\" maxlength=\"400\" class=\"wpcf7-form-control wpcf7-text\" aria-invalid=\"false\" value=\"\" type=\"text\" name=\"your-country\" \/><\/span><\/label>\n<\/p>\n<p><label> Votre courriel*<br \/>\n<span class=\"wpcf7-form-control-wrap\" data-name=\"your-email\"><input size=\"40\" maxlength=\"400\" class=\"wpcf7-form-control wpcf7-email wpcf7-validates-as-required wpcf7-text wpcf7-validates-as-email\" aria-required=\"true\" aria-invalid=\"false\" value=\"\" type=\"email\" name=\"your-email\" \/><\/span> <\/label>\n<\/p>\n<p><label> Votre t\u00e9l\u00e9phone<br \/>\n<span class=\"wpcf7-form-control-wrap\" data-name=\"your-phone\"><input size=\"40\" maxlength=\"400\" class=\"wpcf7-form-control wpcf7-tel wpcf7-text wpcf7-validates-as-tel\" aria-invalid=\"false\" value=\"\" type=\"tel\" name=\"your-phone\" \/><\/span> <\/label>\n<\/p>\n<p><label> Nom de l'entreprise<br \/>\n<span class=\"wpcf7-form-control-wrap\" data-name=\"text-457\"><input size=\"40\" maxlength=\"400\" class=\"wpcf7-form-control wpcf7-text\" aria-invalid=\"false\" value=\"\" type=\"text\" name=\"text-457\" \/><\/span> <\/label>\n<\/p>\n<p><label> Le site web de votre entreprise<br \/>\n<span class=\"wpcf7-form-control-wrap\" data-name=\"text-546\"><input size=\"40\" maxlength=\"400\" class=\"wpcf7-form-control wpcf7-text\" aria-invalid=\"false\" value=\"\" type=\"text\" name=\"text-546\" \/><\/span> <\/label>\n<\/p>\n<p><label> Votre demande*<br \/>\n<span class=\"wpcf7-form-control-wrap\" data-name=\"your-message\"><textarea cols=\"40\" rows=\"10\" maxlength=\"2000\" class=\"wpcf7-form-control wpcf7-textarea wpcf7-validates-as-required\" aria-required=\"true\" aria-invalid=\"false\" name=\"your-message\"><\/textarea><\/span> <\/label>\n<\/p>\n<p><input class=\"wpcf7-form-control wpcf7-submit has-spinner\" type=\"submit\" value=\"Soumettre\" \/>\n<\/p><p style=\"display: none !important;\" class=\"akismet-fields-container\" data-prefix=\"_wpcf7_ak_\"><label>&#916;<textarea name=\"_wpcf7_ak_hp_textarea\" cols=\"45\" rows=\"8\" maxlength=\"100\"><\/textarea><\/label><input type=\"hidden\" id=\"ak_js_1\" name=\"_wpcf7_ak_js\" value=\"116\"\/><script>document.getElementById( \"ak_js_1\" ).setAttribute( \"value\", ( new Date() ).getTime() );<\/script><\/p><div class=\"wpcf7-response-output\" aria-hidden=\"true\"><\/div>\n<input type=\"hidden\" name=\"trp-form-language\" value=\"fr\"\/><\/form>\n<\/div>\n\n<div style='text-align:left' class='yasr-auto-insert-visitor'><\/div>","protected":false},"excerpt":{"rendered":"<p>The automatic cracker packaging machine is designed to automatically pack biscuits of various shapes, sizes, and types into bags, offering high flexibility and excellent production efficiency to meet the needs of a large-scale, high-variety market. Applicable biscuit types: Soda crackers, thin crackers, sandwich biscuits, wafer biscuits, cookies, chocolate-coated biscuits, egg rolls, rice crackers, energy bars, [&hellip;]<\/p>","protected":false},"featured_media":5771,"comment_status":"open","ping_status":"closed","template":"","meta":{"site-sidebar-layout":"default","site-content-layout":"","ast-site-content-layout":"default","site-content-style":"default","site-sidebar-style":"default","ast-global-header-display":"","ast-banner-title-visibility":"","ast-main-header-display":"","ast-hfb-above-header-display":"","ast-hfb-below-header-display":"","ast-hfb-mobile-header-display":"","site-post-title":"","ast-breadcrumbs-content":"","ast-featured-img":"","footer-sml-layout":"","theme-transparent-header-meta":"default","adv-header-id-meta":"","stick-header-meta":"","header-above-stick-meta":"","header-main-stick-meta":"","header-below-stick-meta":"","astra-migrate-meta-layouts":"set","ast-page-background-enabled":"default","ast-page-background-meta":{"desktop":{"background-color":"","background-image":"","background-repeat":"repeat","background-position":"center center","background-size":"auto","background-attachment":"scroll","background-type":"","background-media":"","overlay-type":"","overlay-color":"","overlay-opacity":"","overlay-gradient":""},"tablet":{"background-color":"","background-image":"","background-repeat":"repeat","background-position":"center center","background-size":"auto","background-attachment":"scroll","background-type":"","background-media":"","overlay-type":"","overlay-color":"","overlay-opacity":"","overlay-gradient":""},"mobile":{"background-color":"","background-image":"","background-repeat":"repeat","background-position":"center center","background-size":"auto","background-attachment":"scroll","background-type":"","background-media":"","overlay-type":"","overlay-color":"","overlay-opacity":"","overlay-gradient":""}},"ast-content-background-meta":{"desktop":{"background-color":"var(--ast-global-color-5)","background-image":"","background-repeat":"repeat","background-position":"center center","background-size":"auto","background-attachment":"scroll","background-type":"","background-media":"","overlay-type":"","overlay-color":"","overlay-opacity":"","overlay-gradient":""},"tablet":{"background-color":"var(--ast-global-color-5)","background-image":"","background-repeat":"repeat","background-position":"center center","background-size":"auto","background-attachment":"scroll","background-type":"","background-media":"","overlay-type":"","overlay-color":"","overlay-opacity":"","overlay-gradient":""},"mobile":{"background-color":"var(--ast-global-color-5)","background-image":"","background-repeat":"repeat","background-position":"center center","background-size":"auto","background-attachment":"scroll","background-type":"","background-media":"","overlay-type":"","overlay-color":"","overlay-opacity":"","overlay-gradient":""}},"yasr_overall_rating":5,"yasr_post_is_review":"","yasr_auto_insert_disabled":"","yasr_review_type":""},"product_brand":[],"product_cat":[22],"product_tag":[],"class_list":{"0":"post-5770","1":"product","2":"type-product","3":"status-publish","4":"has-post-thumbnail","6":"product_cat-hard-biscuit-production-line","7":"desktop-align-left","8":"tablet-align-left","9":"mobile-align-left","11":"first","12":"instock","13":"shipping-taxable","14":"product-type-simple"},"yoast_head":"<!-- This site is optimized with the Yoast SEO plugin v24.4 - https:\/\/yoast.com\/wordpress\/plugins\/seo\/ -->\n<title>Automatic Cracker Packing Machine Flexible &amp; Efficient - Biscuit Production Solution Manufacturer<\/title>\n<meta name=\"description\" content=\"Automatic cracker packaging machine is the core equipment for biscuit lines to achieve cost reduction, efficiency improvement, and flexible production.\" \/>\n<meta name=\"robots\" content=\"index, follow, max-snippet:-1, max-image-preview:large, max-video-preview:-1\" \/>\n<link rel=\"canonical\" href=\"https:\/\/www.biscuitsolution.com\/fr\/produit\/automatic-cracker-packing-machine\/\" \/>\n<meta property=\"og:locale\" content=\"fr_FR\" \/>\n<meta property=\"og:type\" content=\"article\" \/>\n<meta property=\"og:title\" content=\"Automatic Cracker Packing Machine Flexible &amp; Efficient - Biscuit Production Solution Manufacturer\" \/>\n<meta property=\"og:description\" content=\"Automatic cracker packaging machine is the core equipment for biscuit lines to achieve cost reduction, efficiency improvement, and flexible production.\" \/>\n<meta property=\"og:url\" content=\"https:\/\/www.biscuitsolution.com\/fr\/produit\/automatic-cracker-packing-machine\/\" \/>\n<meta property=\"og:site_name\" content=\"Biscuit Production Solution Manufacturer\" \/>\n<meta property=\"article:publisher\" content=\"https:\/\/www.facebook.com\/profile.php?id=100095205040823\" \/>\n<meta property=\"article:modified_time\" content=\"2025-09-10T08:46:35+00:00\" \/>\n<meta property=\"og:image\" content=\"https:\/\/www.biscuitsolution.com\/wp-content\/uploads\/2025\/09\/automatic-cracker-packaging-machine.jpg\" \/>\n\t<meta property=\"og:image:width\" content=\"600\" \/>\n\t<meta property=\"og:image:height\" content=\"600\" \/>\n\t<meta property=\"og:image:type\" content=\"image\/jpeg\" \/>\n<meta name=\"twitter:card\" content=\"summary_large_image\" \/>\n<meta name=\"twitter:site\" content=\"@shanna_zha26342\" \/>\n<meta name=\"twitter:label1\" content=\"Dur\u00e9e de lecture estim\u00e9e\" \/>\n\t<meta name=\"twitter:data1\" content=\"3 minutes\" \/>\n<script type=\"application\/ld+json\" class=\"yoast-schema-graph\">{\"@context\":\"https:\/\/schema.org\",\"@graph\":[{\"@type\":\"WebPage\",\"@id\":\"https:\/\/www.biscuitsolution.com\/product\/automatic-cracker-packing-machine\/\",\"url\":\"https:\/\/www.biscuitsolution.com\/product\/automatic-cracker-packing-machine\/\",\"name\":\"Automatic Cracker Packing Machine Flexible & Efficient - Biscuit Production Solution Manufacturer\",\"isPartOf\":{\"@id\":\"https:\/\/www.biscuitsolution.com\/#website\"},\"primaryImageOfPage\":{\"@id\":\"https:\/\/www.biscuitsolution.com\/product\/automatic-cracker-packing-machine\/#primaryimage\"},\"image\":{\"@id\":\"https:\/\/www.biscuitsolution.com\/product\/automatic-cracker-packing-machine\/#primaryimage\"},\"thumbnailUrl\":\"https:\/\/www.biscuitsolution.com\/wp-content\/uploads\/2025\/09\/automatic-cracker-packaging-machine.jpg\",\"datePublished\":\"2025-09-10T08:44:03+00:00\",\"dateModified\":\"2025-09-10T08:46:35+00:00\",\"description\":\"Automatic cracker packaging machine is the core equipment for biscuit lines to achieve cost reduction, efficiency improvement, and flexible production.\",\"breadcrumb\":{\"@id\":\"https:\/\/www.biscuitsolution.com\/product\/automatic-cracker-packing-machine\/#breadcrumb\"},\"inLanguage\":\"fr-FR\",\"potentialAction\":[{\"@type\":\"ReadAction\",\"target\":[\"https:\/\/www.biscuitsolution.com\/product\/automatic-cracker-packing-machine\/\"]}]},{\"@type\":\"ImageObject\",\"inLanguage\":\"fr-FR\",\"@id\":\"https:\/\/www.biscuitsolution.com\/product\/automatic-cracker-packing-machine\/#primaryimage\",\"url\":\"https:\/\/www.biscuitsolution.com\/wp-content\/uploads\/2025\/09\/automatic-cracker-packaging-machine.jpg\",\"contentUrl\":\"https:\/\/www.biscuitsolution.com\/wp-content\/uploads\/2025\/09\/automatic-cracker-packaging-machine.jpg\",\"width\":600,\"height\":600,\"caption\":\"automatic cracker packaging machine\"},{\"@type\":\"BreadcrumbList\",\"@id\":\"https:\/\/www.biscuitsolution.com\/product\/automatic-cracker-packing-machine\/#breadcrumb\",\"itemListElement\":[{\"@type\":\"ListItem\",\"position\":1,\"name\":\"Home\",\"item\":\"https:\/\/www.biscuitsolution.com\/\"},{\"@type\":\"ListItem\",\"position\":2,\"name\":\"Product\",\"item\":\"https:\/\/www.biscuitsolution.com\/product\/\"},{\"@type\":\"ListItem\",\"position\":3,\"name\":\"Automatic Cracker Packing Machine Flexible &#038; Efficient\"}]},{\"@type\":\"WebSite\",\"@id\":\"https:\/\/www.biscuitsolution.com\/#website\",\"url\":\"https:\/\/www.biscuitsolution.com\/\",\"name\":\"Biscuit Production Solution Manufacturer\",\"description\":\"\",\"potentialAction\":[{\"@type\":\"SearchAction\",\"target\":{\"@type\":\"EntryPoint\",\"urlTemplate\":\"https:\/\/www.biscuitsolution.com\/?s={search_term_string}\"},\"query-input\":{\"@type\":\"PropertyValueSpecification\",\"valueRequired\":true,\"valueName\":\"search_term_string\"}}],\"inLanguage\":\"fr-FR\"},false]}<\/script>\n<!-- \/ Yoast SEO plugin. -->","yoast_head_json":{"title":"Machine automatique \u00e0 emballer les biscuits Flexible et efficace - Biscuit Production Solution Manufacturer","description":"La machine automatique d'emballage de biscuits est l'\u00e9quipement de base des lignes de biscuits pour r\u00e9duire les co\u00fbts, am\u00e9liorer l'efficacit\u00e9 et la flexibilit\u00e9 de la production.","robots":{"index":"index","follow":"follow","max-snippet":"max-snippet:-1","max-image-preview":"max-image-preview:large","max-video-preview":"max-video-preview:-1"},"canonical":"https:\/\/www.biscuitsolution.com\/fr\/produit\/automatic-cracker-packing-machine\/","og_locale":"fr_FR","og_type":"article","og_title":"Automatic Cracker Packing Machine Flexible & Efficient - Biscuit Production Solution Manufacturer","og_description":"Automatic cracker packaging machine is the core equipment for biscuit lines to achieve cost reduction, efficiency improvement, and flexible production.","og_url":"https:\/\/www.biscuitsolution.com\/fr\/produit\/automatic-cracker-packing-machine\/","og_site_name":"Biscuit Production Solution Manufacturer","article_publisher":"https:\/\/www.facebook.com\/profile.php?id=100095205040823","article_modified_time":"2025-09-10T08:46:35+00:00","og_image":[{"width":600,"height":600,"url":"https:\/\/www.biscuitsolution.com\/wp-content\/uploads\/2025\/09\/automatic-cracker-packaging-machine.jpg","type":"image\/jpeg"}],"twitter_card":"summary_large_image","twitter_site":"@shanna_zha26342","twitter_misc":{"Dur\u00e9e de lecture estim\u00e9e":"3 minutes"},"schema":{"@context":"https:\/\/schema.org","@graph":[{"@type":"WebPage","@id":"https:\/\/www.biscuitsolution.com\/product\/automatic-cracker-packing-machine\/","url":"https:\/\/www.biscuitsolution.com\/product\/automatic-cracker-packing-machine\/","name":"Machine automatique \u00e0 emballer les biscuits Flexible et efficace - Biscuit Production Solution Manufacturer","isPartOf":{"@id":"https:\/\/www.biscuitsolution.com\/#website"},"primaryImageOfPage":{"@id":"https:\/\/www.biscuitsolution.com\/product\/automatic-cracker-packing-machine\/#primaryimage"},"image":{"@id":"https:\/\/www.biscuitsolution.com\/product\/automatic-cracker-packing-machine\/#primaryimage"},"thumbnailUrl":"https:\/\/www.biscuitsolution.com\/wp-content\/uploads\/2025\/09\/automatic-cracker-packaging-machine.jpg","datePublished":"2025-09-10T08:44:03+00:00","dateModified":"2025-09-10T08:46:35+00:00","description":"La machine automatique d'emballage de biscuits est l'\u00e9quipement de base des lignes de biscuits pour r\u00e9duire les co\u00fbts, am\u00e9liorer l'efficacit\u00e9 et la flexibilit\u00e9 de la production.","breadcrumb":{"@id":"https:\/\/www.biscuitsolution.com\/product\/automatic-cracker-packing-machine\/#breadcrumb"},"inLanguage":"fr-FR","potentialAction":[{"@type":"ReadAction","target":["https:\/\/www.biscuitsolution.com\/product\/automatic-cracker-packing-machine\/"]}]},{"@type":"ImageObject","inLanguage":"fr-FR","@id":"https:\/\/www.biscuitsolution.com\/product\/automatic-cracker-packing-machine\/#primaryimage","url":"https:\/\/www.biscuitsolution.com\/wp-content\/uploads\/2025\/09\/automatic-cracker-packaging-machine.jpg","contentUrl":"https:\/\/www.biscuitsolution.com\/wp-content\/uploads\/2025\/09\/automatic-cracker-packaging-machine.jpg","width":600,"height":600,"caption":"automatic cracker packaging machine"},{"@type":"BreadcrumbList","@id":"https:\/\/www.biscuitsolution.com\/product\/automatic-cracker-packing-machine\/#breadcrumb","itemListElement":[{"@type":"ListItem","position":1,"name":"Home","item":"https:\/\/www.biscuitsolution.com\/"},{"@type":"ListItem","position":2,"name":"Product","item":"https:\/\/www.biscuitsolution.com\/product\/"},{"@type":"ListItem","position":3,"name":"Automatic Cracker Packing Machine Flexible &#038; Efficient"}]},{"@type":"WebSite","@id":"https:\/\/www.biscuitsolution.com\/#website","url":"https:\/\/www.biscuitsolution.com\/","name":"Fabricant de solutions pour la production de biscuits","description":"","potentialAction":[{"@type":"SearchAction","target":{"@type":"EntryPoint","urlTemplate":"https:\/\/www.biscuitsolution.com\/?s={search_term_string}"},"query-input":{"@type":"PropertyValueSpecification","valueRequired":true,"valueName":"search_term_string"}}],"inLanguage":"fr-FR"},false]}},"yasr_visitor_votes":{"stars_attributes":{"read_only":false,"span_bottom":false},"number_of_votes":0,"sum_votes":0},"_links":{"self":[{"href":"https:\/\/www.biscuitsolution.com\/fr\/wp-json\/wp\/v2\/product\/5770","targetHints":{"allow":["GET"]}}],"collection":[{"href":"https:\/\/www.biscuitsolution.com\/fr\/wp-json\/wp\/v2\/product"}],"about":[{"href":"https:\/\/www.biscuitsolution.com\/fr\/wp-json\/wp\/v2\/types\/product"}],"replies":[{"embeddable":true,"href":"https:\/\/www.biscuitsolution.com\/fr\/wp-json\/wp\/v2\/comments?post=5770"}],"version-history":[{"count":2,"href":"https:\/\/www.biscuitsolution.com\/fr\/wp-json\/wp\/v2\/product\/5770\/revisions"}],"predecessor-version":[{"id":5776,"href":"https:\/\/www.biscuitsolution.com\/fr\/wp-json\/wp\/v2\/product\/5770\/revisions\/5776"}],"wp:featuredmedia":[{"embeddable":true,"href":"https:\/\/www.biscuitsolution.com\/fr\/wp-json\/wp\/v2\/media\/5771"}],"wp:attachment":[{"href":"https:\/\/www.biscuitsolution.com\/fr\/wp-json\/wp\/v2\/media?parent=5770"}],"wp:term":[{"taxonomy":"product_brand","embeddable":true,"href":"https:\/\/www.biscuitsolution.com\/fr\/wp-json\/wp\/v2\/product_brand?post=5770"},{"taxonomy":"product_cat","embeddable":true,"href":"https:\/\/www.biscuitsolution.com\/fr\/wp-json\/wp\/v2\/product_cat?post=5770"},{"taxonomy":"product_tag","embeddable":true,"href":"https:\/\/www.biscuitsolution.com\/fr\/wp-json\/wp\/v2\/product_tag?post=5770"}],"curies":[{"name":"wp","href":"https:\/\/api.w.org\/{rel}","templated":true}]}}