{"id":5581,"date":"2025-05-15T11:56:49","date_gmt":"2025-05-15T03:56:49","guid":{"rendered":"https:\/\/www.biscuitsolution.com\/?post_type=product&#038;p=5581"},"modified":"2025-05-15T11:56:49","modified_gmt":"2025-05-15T03:56:49","slug":"biscuit-production-line-price","status":"publish","type":"product","link":"https:\/\/www.biscuitsolution.com\/fr\/produit\/biscuit-production-line-price\/","title":{"rendered":"Ligne de production de biscuits Prix Amical Haute Qualit\u00e9"},"content":{"rendered":"<p><strong>Prix de la ligne de production de biscuits<\/strong> doit prendre en compte de multiples facteurs pour s'assurer que l'\u00e9quipement peut r\u00e9pondre aux besoins de la production, am\u00e9liorer l'efficacit\u00e9 de la production, garantir la qualit\u00e9 du produit et respecter les exigences en mati\u00e8re de budget et de d\u00e9veloppement durable.<\/p>\n<p><img fetchpriority=\"high\" decoding=\"async\" class=\"alignnone size-full wp-image-5582\" src=\"https:\/\/www.biscuitsolution.com\/wp-content\/uploads\/2025\/05\/biscuit-production-line-price-1.jpg\" alt=\"prix de la ligne de production de biscuits\" width=\"800\" height=\"450\" srcset=\"https:\/\/www.biscuitsolution.com\/wp-content\/uploads\/2025\/05\/biscuit-production-line-price-1.jpg 800w, https:\/\/www.biscuitsolution.com\/wp-content\/uploads\/2025\/05\/biscuit-production-line-price-1-300x169.jpg 300w, https:\/\/www.biscuitsolution.com\/wp-content\/uploads\/2025\/05\/biscuit-production-line-price-1-768x432.jpg 768w, https:\/\/www.biscuitsolution.com\/wp-content\/uploads\/2025\/05\/biscuit-production-line-price-1-18x10.jpg 18w, https:\/\/www.biscuitsolution.com\/wp-content\/uploads\/2025\/05\/biscuit-production-line-price-1-600x338.jpg 600w, https:\/\/www.biscuitsolution.com\/wp-content\/uploads\/2025\/05\/biscuit-production-line-price-1-64x36.jpg 64w\" sizes=\"(max-width: 800px) 100vw, 800px\" \/><\/p>\n<h2>Facteurs affectant le prix de la ligne de production de biscuits<\/h2>\n<ul>\n<li>Demande de production : pr\u00e9ciser le rendement horaire ou journalier que la ligne de production doit atteindre. Les grandes usines de transformation alimentaire doivent produire des centaines, voire des milliers de kilogrammes de biscuits par heure. Les exigences en mati\u00e8re de prix sont donc relativement \u00e9lev\u00e9es.<\/li>\n<li>Type de produit : d\u00e9terminer les types de biscuits que la ligne de production produira (biscuits durs, biscuits moelleux, biscuits sandwiches, etc.) Les diff\u00e9rents types de biscuits ont des exigences diff\u00e9rentes en mati\u00e8re d'\u00e9quipement.<\/li>\n<li>Diversit\u00e9 des produits : il convient de d\u00e9terminer s'il est n\u00e9cessaire de produire des biscuits de formes, de tailles et de saveurs diff\u00e9rentes. Si une production diversifi\u00e9e est n\u00e9cessaire, l'\u00e9quipement doit \u00eatre r\u00e9glable et flexible.<\/li>\n<li>Degr\u00e9 d'automatisation : \u00e9valuer le degr\u00e9 d'automatisation de la ligne de production. Les lignes de production enti\u00e8rement automatiques peuvent r\u00e9duire les interventions manuelles, am\u00e9liorer l'efficacit\u00e9 de la production et la constance de la qualit\u00e9 des produits, mais leur prix est plus \u00e9lev\u00e9.<\/li>\n<li>Fiabilit\u00e9 : Comprendre la fiabilit\u00e9 et la durabilit\u00e9 de l'\u00e9quipement, y compris la dur\u00e9e de vie de l'\u00e9quipement, le taux de d\u00e9faillance et le service apr\u00e8s-vente.<\/li>\n<\/ul>\n<p><img decoding=\"async\" class=\"alignnone size-full wp-image-5583\" src=\"https:\/\/www.biscuitsolution.com\/wp-content\/uploads\/2025\/05\/biscuits-production-lines-price-1.jpg\" alt=\"prix de la ligne de production de biscuits\" width=\"800\" height=\"450\" srcset=\"https:\/\/www.biscuitsolution.com\/wp-content\/uploads\/2025\/05\/biscuits-production-lines-price-1.jpg 800w, https:\/\/www.biscuitsolution.com\/wp-content\/uploads\/2025\/05\/biscuits-production-lines-price-1-300x169.jpg 300w, https:\/\/www.biscuitsolution.com\/wp-content\/uploads\/2025\/05\/biscuits-production-lines-price-1-768x432.jpg 768w, https:\/\/www.biscuitsolution.com\/wp-content\/uploads\/2025\/05\/biscuits-production-lines-price-1-18x10.jpg 18w, https:\/\/www.biscuitsolution.com\/wp-content\/uploads\/2025\/05\/biscuits-production-lines-price-1-600x338.jpg 600w, https:\/\/www.biscuitsolution.com\/wp-content\/uploads\/2025\/05\/biscuits-production-lines-price-1-64x36.jpg 64w\" sizes=\"(max-width: 800px) 100vw, 800px\" \/><\/p>\n<h2>Service apr\u00e8s-vente de notre ligne de production de biscuits Prix<\/h2>\n<ul>\n<li>Assistance technique : Nous fournissons une assistance technique compl\u00e8te, y compris l'installation des \u00e9quipements, la mise en service, la formation et la consultation technique.<\/li>\n<li>Service de maintenance : Nous disposons d'un r\u00e9seau complet de services de maintenance et d'un temps de r\u00e9ponse de 24 heures. Un service de maintenance opportun peut r\u00e9duire les temps d'arr\u00eat des \u00e9quipements et les pertes de production.<\/li>\n<li>Fourniture de pi\u00e8ces de rechange : Nous sommes en mesure de fournir des pi\u00e8ces de rechange en quantit\u00e9 suffisante afin de pouvoir les remplacer rapidement en cas de d\u00e9faillance de l'\u00e9quipement.<\/li>\n<li>Expansion future : Le prix de notre ligne de production de biscuits peut prendre en compte l'\u00e9volutivit\u00e9 de la ligne de production pour s'adapter \u00e0 l'expansion future de l'\u00e9chelle de production ou \u00e0 l'augmentation de la vari\u00e9t\u00e9 des produits.<\/li>\n<\/ul>\n<p><img decoding=\"async\" class=\"alignnone size-full wp-image-5584\" src=\"https:\/\/www.biscuitsolution.com\/wp-content\/uploads\/2025\/05\/biscuits-production-line-price-1.jpg\" alt=\"prix de la ligne de production de biscuits\" width=\"800\" height=\"450\" srcset=\"https:\/\/www.biscuitsolution.com\/wp-content\/uploads\/2025\/05\/biscuits-production-line-price-1.jpg 800w, https:\/\/www.biscuitsolution.com\/wp-content\/uploads\/2025\/05\/biscuits-production-line-price-1-300x169.jpg 300w, https:\/\/www.biscuitsolution.com\/wp-content\/uploads\/2025\/05\/biscuits-production-line-price-1-768x432.jpg 768w, https:\/\/www.biscuitsolution.com\/wp-content\/uploads\/2025\/05\/biscuits-production-line-price-1-18x10.jpg 18w, https:\/\/www.biscuitsolution.com\/wp-content\/uploads\/2025\/05\/biscuits-production-line-price-1-600x338.jpg 600w, https:\/\/www.biscuitsolution.com\/wp-content\/uploads\/2025\/05\/biscuits-production-line-price-1-64x36.jpg 64w\" sizes=\"(max-width: 800px) 100vw, 800px\" \/><\/p>\n<h2>Ligne de production de biscuits Prix avantageux<\/h2>\n<ul>\n<li>\u00c9quilibre entre la qualit\u00e9 et le prix : Notre ligne de production de biscuits est plus comp\u00e9titive en termes de prix tout en garantissant une excellente qualit\u00e9. Par rapport \u00e0 des \u00e9quipements de m\u00eame niveau, elle peut fournir des lignes de production performantes \u00e0 moindre co\u00fbt.<\/li>\n<li>Concept de production all\u00e9g\u00e9e : L'adoption des principes de la production all\u00e9g\u00e9e, l'am\u00e9lioration continue de l'efficacit\u00e9 de la fabrication et l'optimisation des processus de production. La r\u00e9duction des d\u00e9chets et des liens inutiles dans le processus de production permet de r\u00e9duire les co\u00fbts de fabrication.<\/li>\n<li>Une riche exp\u00e9rience industrielle : Avec plus de 60 ans d'exp\u00e9rience dans la production de machines \u00e0 biscuits, nous pouvons fabriquer des \u00e9quipements plus intelligents et plus efficaces, tout en maintenant une strat\u00e9gie de prix avantageuse sur la base d'une garantie de qualit\u00e9.<\/li>\n<li>Service de personnalisation flexible : Nous pouvons fournir des solutions de lignes de production personnalis\u00e9es en fonction des besoins particuliers des clients. Qu'il s'agisse de l'\u00e9chelle de production, du d\u00e9roulement du processus ou des sp\u00e9cifications du produit, des ajustements personnalis\u00e9s peuvent \u00eatre effectu\u00e9s.<\/li>\n<\/ul>\n<p>&nbsp;<\/p>\n<h2>Laissez un message pour obtenir un devis<\/h2>\n\n<div class=\"wpcf7 no-js\" id=\"wpcf7-f4619-o1\" lang=\"en-US\" dir=\"ltr\" data-wpcf7-id=\"4619\">\n<div class=\"screen-reader-response\"><p role=\"status\" aria-live=\"polite\" aria-atomic=\"true\"><\/p> <ul><\/ul><\/div>\n<form action=\"\/fr\/wp-json\/wp\/v2\/product\/5581#wpcf7-f4619-o1\" method=\"post\" class=\"wpcf7-form init\" aria-label=\"Formulaire de contact\" novalidate=\"novalidate\" data-status=\"init\" data-trp-original-action=\"\/fr\/wp-json\/wp\/v2\/product\/5581#wpcf7-f4619-o1\">\n<div style=\"display: none;\">\n<input type=\"hidden\" name=\"_wpcf7\" value=\"4619\" \/>\n<input type=\"hidden\" name=\"_wpcf7_version\" value=\"6.0.4\" \/>\n<input type=\"hidden\" name=\"_wpcf7_locale\" value=\"en_US\" \/>\n<input type=\"hidden\" name=\"_wpcf7_unit_tag\" value=\"wpcf7-f4619-o1\" \/>\n<input type=\"hidden\" name=\"_wpcf7_container_post\" value=\"0\" \/>\n<input type=\"hidden\" name=\"_wpcf7_posted_data_hash\" value=\"\" \/>\n<\/div>\n<p><label> Votre nom*<br \/>\n<span class=\"wpcf7-form-control-wrap\" data-name=\"your-name\"><input size=\"40\" maxlength=\"400\" class=\"wpcf7-form-control wpcf7-text wpcf7-validates-as-required\" aria-required=\"true\" aria-invalid=\"false\" value=\"\" type=\"text\" name=\"your-name\" \/><\/span> <\/label>\n<\/p>\n<p><label> Votre pays<br \/>\n<span class=\"wpcf7-form-control-wrap\" data-name=\"your-country\"><input size=\"40\" maxlength=\"400\" class=\"wpcf7-form-control wpcf7-text\" aria-invalid=\"false\" value=\"\" type=\"text\" name=\"your-country\" \/><\/span><\/label>\n<\/p>\n<p><label> Votre courriel*<br \/>\n<span class=\"wpcf7-form-control-wrap\" data-name=\"your-email\"><input size=\"40\" maxlength=\"400\" class=\"wpcf7-form-control wpcf7-email wpcf7-validates-as-required wpcf7-text wpcf7-validates-as-email\" aria-required=\"true\" aria-invalid=\"false\" value=\"\" type=\"email\" name=\"your-email\" \/><\/span> <\/label>\n<\/p>\n<p><label> Votre t\u00e9l\u00e9phone<br \/>\n<span class=\"wpcf7-form-control-wrap\" data-name=\"your-phone\"><input size=\"40\" maxlength=\"400\" class=\"wpcf7-form-control wpcf7-tel wpcf7-text wpcf7-validates-as-tel\" aria-invalid=\"false\" value=\"\" type=\"tel\" name=\"your-phone\" \/><\/span> <\/label>\n<\/p>\n<p><label> Nom de l'entreprise<br \/>\n<span class=\"wpcf7-form-control-wrap\" data-name=\"text-457\"><input size=\"40\" maxlength=\"400\" class=\"wpcf7-form-control wpcf7-text\" aria-invalid=\"false\" value=\"\" type=\"text\" name=\"text-457\" \/><\/span> <\/label>\n<\/p>\n<p><label> Le site web de votre entreprise<br \/>\n<span class=\"wpcf7-form-control-wrap\" data-name=\"text-546\"><input size=\"40\" maxlength=\"400\" class=\"wpcf7-form-control wpcf7-text\" aria-invalid=\"false\" value=\"\" type=\"text\" name=\"text-546\" \/><\/span> <\/label>\n<\/p>\n<p><label> Votre demande*<br \/>\n<span class=\"wpcf7-form-control-wrap\" data-name=\"your-message\"><textarea cols=\"40\" rows=\"10\" maxlength=\"2000\" class=\"wpcf7-form-control wpcf7-textarea wpcf7-validates-as-required\" aria-required=\"true\" aria-invalid=\"false\" name=\"your-message\"><\/textarea><\/span> <\/label>\n<\/p>\n<p><input class=\"wpcf7-form-control wpcf7-submit has-spinner\" type=\"submit\" value=\"Soumettre\" \/>\n<\/p><p style=\"display: none !important;\" class=\"akismet-fields-container\" data-prefix=\"_wpcf7_ak_\"><label>&#916;<textarea name=\"_wpcf7_ak_hp_textarea\" cols=\"45\" rows=\"8\" maxlength=\"100\"><\/textarea><\/label><input type=\"hidden\" id=\"ak_js_1\" name=\"_wpcf7_ak_js\" value=\"113\"\/><script>document.getElementById( \"ak_js_1\" ).setAttribute( \"value\", ( new Date() ).getTime() );<\/script><\/p><div class=\"wpcf7-response-output\" aria-hidden=\"true\"><\/div>\n<input type=\"hidden\" name=\"trp-form-language\" value=\"fr\"\/><\/form>\n<\/div>\n\n<div style='text-align:left' class='yasr-auto-insert-visitor'><\/div>","protected":false},"excerpt":{"rendered":"<p>Le prix de la ligne de production de biscuits doit prendre en compte de multiples facteurs pour s'assurer que l'\u00e9quipement peut r\u00e9pondre aux besoins de la production, am\u00e9liorer l'efficacit\u00e9 de la production, garantir la qualit\u00e9 du produit et respecter les exigences en mati\u00e8re de budget et de d\u00e9veloppement durable. Facteurs influen\u00e7ant le prix de la ligne de production de biscuits Demande de production : clarifier la production horaire ou journali\u00e8re que la ligne de production doit atteindre. Les grandes entreprises de transformation [...]<\/p>","protected":false},"featured_media":5585,"comment_status":"open","ping_status":"closed","template":"","meta":{"site-sidebar-layout":"default","site-content-layout":"","ast-site-content-layout":"default","site-content-style":"default","site-sidebar-style":"default","ast-global-header-display":"","ast-banner-title-visibility":"","ast-main-header-display":"","ast-hfb-above-header-display":"","ast-hfb-below-header-display":"","ast-hfb-mobile-header-display":"","site-post-title":"","ast-breadcrumbs-content":"","ast-featured-img":"","footer-sml-layout":"","theme-transparent-header-meta":"default","adv-header-id-meta":"","stick-header-meta":"","header-above-stick-meta":"","header-main-stick-meta":"","header-below-stick-meta":"","astra-migrate-meta-layouts":"set","ast-page-background-enabled":"default","ast-page-background-meta":{"desktop":{"background-color":"","background-image":"","background-repeat":"repeat","background-position":"center center","background-size":"auto","background-attachment":"scroll","background-type":"","background-media":"","overlay-type":"","overlay-color":"","overlay-opacity":"","overlay-gradient":""},"tablet":{"background-color":"","background-image":"","background-repeat":"repeat","background-position":"center center","background-size":"auto","background-attachment":"scroll","background-type":"","background-media":"","overlay-type":"","overlay-color":"","overlay-opacity":"","overlay-gradient":""},"mobile":{"background-color":"","background-image":"","background-repeat":"repeat","background-position":"center center","background-size":"auto","background-attachment":"scroll","background-type":"","background-media":"","overlay-type":"","overlay-color":"","overlay-opacity":"","overlay-gradient":""}},"ast-content-background-meta":{"desktop":{"background-color":"var(--ast-global-color-5)","background-image":"","background-repeat":"repeat","background-position":"center center","background-size":"auto","background-attachment":"scroll","background-type":"","background-media":"","overlay-type":"","overlay-color":"","overlay-opacity":"","overlay-gradient":""},"tablet":{"background-color":"var(--ast-global-color-5)","background-image":"","background-repeat":"repeat","background-position":"center center","background-size":"auto","background-attachment":"scroll","background-type":"","background-media":"","overlay-type":"","overlay-color":"","overlay-opacity":"","overlay-gradient":""},"mobile":{"background-color":"var(--ast-global-color-5)","background-image":"","background-repeat":"repeat","background-position":"center center","background-size":"auto","background-attachment":"scroll","background-type":"","background-media":"","overlay-type":"","overlay-color":"","overlay-opacity":"","overlay-gradient":""}},"yasr_overall_rating":0,"yasr_post_is_review":"","yasr_auto_insert_disabled":"","yasr_review_type":""},"product_brand":[],"product_cat":[22,24,25],"product_tag":[],"class_list":{"0":"post-5581","1":"product","2":"type-product","3":"status-publish","4":"has-post-thumbnail","6":"product_cat-hard-biscuit-production-line","7":"product_cat-cookie-production-line","8":"product_cat-soft-biscuit-production-line","9":"desktop-align-left","10":"tablet-align-left","11":"mobile-align-left","13":"first","14":"instock","15":"shipping-taxable","16":"product-type-simple"},"yoast_head":"<!-- This site is optimized with the Yoast SEO plugin v24.4 - https:\/\/yoast.com\/wordpress\/plugins\/seo\/ -->\n<title>Biscuit Production Line Price Friendly High Quality - Biscuit Production Solution Manufacturer<\/title>\n<meta name=\"description\" content=\"Biscuit production line price is influenced by many factors. Our prices are friendly and the quality is high, ensuring that the equipment can meet needs.\" \/>\n<meta name=\"robots\" content=\"index, follow, max-snippet:-1, max-image-preview:large, max-video-preview:-1\" \/>\n<link rel=\"canonical\" href=\"https:\/\/www.biscuitsolution.com\/fr\/produit\/biscuit-production-line-price\/\" \/>\n<meta property=\"og:locale\" content=\"fr_FR\" \/>\n<meta property=\"og:type\" content=\"article\" \/>\n<meta property=\"og:title\" content=\"Biscuit Production Line Price Friendly High Quality - Biscuit Production Solution Manufacturer\" \/>\n<meta property=\"og:description\" content=\"Biscuit production line price is influenced by many factors. Our prices are friendly and the quality is high, ensuring that the equipment can meet needs.\" \/>\n<meta property=\"og:url\" content=\"https:\/\/www.biscuitsolution.com\/fr\/produit\/biscuit-production-line-price\/\" \/>\n<meta property=\"og:site_name\" content=\"Biscuit Production Solution Manufacturer\" \/>\n<meta property=\"article:publisher\" content=\"https:\/\/www.facebook.com\/profile.php?id=100095205040823\" \/>\n<meta property=\"og:image\" content=\"https:\/\/www.biscuitsolution.com\/wp-content\/uploads\/2025\/05\/\u4e3b\u56fe.jpg\" \/>\n\t<meta property=\"og:image:width\" content=\"600\" \/>\n\t<meta property=\"og:image:height\" content=\"600\" \/>\n\t<meta property=\"og:image:type\" content=\"image\/jpeg\" \/>\n<meta name=\"twitter:card\" content=\"summary_large_image\" \/>\n<meta name=\"twitter:site\" content=\"@shanna_zha26342\" \/>\n<meta name=\"twitter:label1\" content=\"Dur\u00e9e de lecture estim\u00e9e\" \/>\n\t<meta name=\"twitter:data1\" content=\"3 minutes\" \/>\n<script type=\"application\/ld+json\" class=\"yoast-schema-graph\">{\"@context\":\"https:\/\/schema.org\",\"@graph\":[{\"@type\":\"WebPage\",\"@id\":\"https:\/\/www.biscuitsolution.com\/product\/biscuit-production-line-price\/\",\"url\":\"https:\/\/www.biscuitsolution.com\/product\/biscuit-production-line-price\/\",\"name\":\"Biscuit Production Line Price Friendly High Quality - Biscuit Production Solution Manufacturer\",\"isPartOf\":{\"@id\":\"https:\/\/www.biscuitsolution.com\/#website\"},\"primaryImageOfPage\":{\"@id\":\"https:\/\/www.biscuitsolution.com\/product\/biscuit-production-line-price\/#primaryimage\"},\"image\":{\"@id\":\"https:\/\/www.biscuitsolution.com\/product\/biscuit-production-line-price\/#primaryimage\"},\"thumbnailUrl\":\"https:\/\/www.biscuitsolution.com\/wp-content\/uploads\/2025\/05\/\u4e3b\u56fe.jpg\",\"datePublished\":\"2025-05-15T03:56:49+00:00\",\"description\":\"Biscuit production line price is influenced by many factors. Our prices are friendly and the quality is high, ensuring that the equipment can meet needs.\",\"breadcrumb\":{\"@id\":\"https:\/\/www.biscuitsolution.com\/product\/biscuit-production-line-price\/#breadcrumb\"},\"inLanguage\":\"fr-FR\",\"potentialAction\":[{\"@type\":\"ReadAction\",\"target\":[\"https:\/\/www.biscuitsolution.com\/product\/biscuit-production-line-price\/\"]}]},{\"@type\":\"ImageObject\",\"inLanguage\":\"fr-FR\",\"@id\":\"https:\/\/www.biscuitsolution.com\/product\/biscuit-production-line-price\/#primaryimage\",\"url\":\"https:\/\/www.biscuitsolution.com\/wp-content\/uploads\/2025\/05\/\u4e3b\u56fe.jpg\",\"contentUrl\":\"https:\/\/www.biscuitsolution.com\/wp-content\/uploads\/2025\/05\/\u4e3b\u56fe.jpg\",\"width\":600,\"height\":600,\"caption\":\"biscuit production line price\"},{\"@type\":\"BreadcrumbList\",\"@id\":\"https:\/\/www.biscuitsolution.com\/product\/biscuit-production-line-price\/#breadcrumb\",\"itemListElement\":[{\"@type\":\"ListItem\",\"position\":1,\"name\":\"Home\",\"item\":\"https:\/\/www.biscuitsolution.com\/\"},{\"@type\":\"ListItem\",\"position\":2,\"name\":\"Product\",\"item\":\"https:\/\/www.biscuitsolution.com\/product\/\"},{\"@type\":\"ListItem\",\"position\":3,\"name\":\"Biscuit Production Line Price Friendly High Quality\"}]},{\"@type\":\"WebSite\",\"@id\":\"https:\/\/www.biscuitsolution.com\/#website\",\"url\":\"https:\/\/www.biscuitsolution.com\/\",\"name\":\"Biscuit Production Solution Manufacturer\",\"description\":\"\",\"potentialAction\":[{\"@type\":\"SearchAction\",\"target\":{\"@type\":\"EntryPoint\",\"urlTemplate\":\"https:\/\/www.biscuitsolution.com\/?s={search_term_string}\"},\"query-input\":{\"@type\":\"PropertyValueSpecification\",\"valueRequired\":true,\"valueName\":\"search_term_string\"}}],\"inLanguage\":\"fr-FR\"},false]}<\/script>\n<!-- \/ Yoast SEO plugin. -->","yoast_head_json":{"title":"Ligne de production de biscuits de haute qualit\u00e9 - Biscuit Production Solution Manufacturer","description":"Le prix de la ligne de production de biscuits est influenc\u00e9 par de nombreux facteurs. Nos prix sont raisonnables et la qualit\u00e9 est \u00e9lev\u00e9e, ce qui garantit que l'\u00e9quipement peut r\u00e9pondre aux besoins.","robots":{"index":"index","follow":"follow","max-snippet":"max-snippet:-1","max-image-preview":"max-image-preview:large","max-video-preview":"max-video-preview:-1"},"canonical":"https:\/\/www.biscuitsolution.com\/fr\/produit\/biscuit-production-line-price\/","og_locale":"fr_FR","og_type":"article","og_title":"Biscuit Production Line Price Friendly High Quality - Biscuit Production Solution Manufacturer","og_description":"Biscuit production line price is influenced by many factors. Our prices are friendly and the quality is high, ensuring that the equipment can meet needs.","og_url":"https:\/\/www.biscuitsolution.com\/fr\/produit\/biscuit-production-line-price\/","og_site_name":"Biscuit Production Solution Manufacturer","article_publisher":"https:\/\/www.facebook.com\/profile.php?id=100095205040823","og_image":[{"width":600,"height":600,"url":"https:\/\/www.biscuitsolution.com\/wp-content\/uploads\/2025\/05\/\u4e3b\u56fe.jpg","type":"image\/jpeg"}],"twitter_card":"summary_large_image","twitter_site":"@shanna_zha26342","twitter_misc":{"Dur\u00e9e de lecture estim\u00e9e":"3 minutes"},"schema":{"@context":"https:\/\/schema.org","@graph":[{"@type":"WebPage","@id":"https:\/\/www.biscuitsolution.com\/product\/biscuit-production-line-price\/","url":"https:\/\/www.biscuitsolution.com\/product\/biscuit-production-line-price\/","name":"Ligne de production de biscuits de haute qualit\u00e9 - Biscuit Production Solution Manufacturer","isPartOf":{"@id":"https:\/\/www.biscuitsolution.com\/#website"},"primaryImageOfPage":{"@id":"https:\/\/www.biscuitsolution.com\/product\/biscuit-production-line-price\/#primaryimage"},"image":{"@id":"https:\/\/www.biscuitsolution.com\/product\/biscuit-production-line-price\/#primaryimage"},"thumbnailUrl":"https:\/\/www.biscuitsolution.com\/wp-content\/uploads\/2025\/05\/\u4e3b\u56fe.jpg","datePublished":"2025-05-15T03:56:49+00:00","description":"Le prix de la ligne de production de biscuits est influenc\u00e9 par de nombreux facteurs. Nos prix sont raisonnables et la qualit\u00e9 est \u00e9lev\u00e9e, ce qui garantit que l'\u00e9quipement peut r\u00e9pondre aux besoins.","breadcrumb":{"@id":"https:\/\/www.biscuitsolution.com\/product\/biscuit-production-line-price\/#breadcrumb"},"inLanguage":"fr-FR","potentialAction":[{"@type":"ReadAction","target":["https:\/\/www.biscuitsolution.com\/product\/biscuit-production-line-price\/"]}]},{"@type":"ImageObject","inLanguage":"fr-FR","@id":"https:\/\/www.biscuitsolution.com\/product\/biscuit-production-line-price\/#primaryimage","url":"https:\/\/www.biscuitsolution.com\/wp-content\/uploads\/2025\/05\/\u4e3b\u56fe.jpg","contentUrl":"https:\/\/www.biscuitsolution.com\/wp-content\/uploads\/2025\/05\/\u4e3b\u56fe.jpg","width":600,"height":600,"caption":"biscuit production line price"},{"@type":"BreadcrumbList","@id":"https:\/\/www.biscuitsolution.com\/product\/biscuit-production-line-price\/#breadcrumb","itemListElement":[{"@type":"ListItem","position":1,"name":"Home","item":"https:\/\/www.biscuitsolution.com\/"},{"@type":"ListItem","position":2,"name":"Product","item":"https:\/\/www.biscuitsolution.com\/product\/"},{"@type":"ListItem","position":3,"name":"Biscuit Production Line Price Friendly High Quality"}]},{"@type":"WebSite","@id":"https:\/\/www.biscuitsolution.com\/#website","url":"https:\/\/www.biscuitsolution.com\/","name":"Fabricant de solutions pour la production de biscuits","description":"","potentialAction":[{"@type":"SearchAction","target":{"@type":"EntryPoint","urlTemplate":"https:\/\/www.biscuitsolution.com\/?s={search_term_string}"},"query-input":{"@type":"PropertyValueSpecification","valueRequired":true,"valueName":"search_term_string"}}],"inLanguage":"fr-FR"},false]}},"yasr_visitor_votes":{"stars_attributes":{"read_only":false,"span_bottom":false},"number_of_votes":0,"sum_votes":0},"_links":{"self":[{"href":"https:\/\/www.biscuitsolution.com\/fr\/wp-json\/wp\/v2\/product\/5581","targetHints":{"allow":["GET"]}}],"collection":[{"href":"https:\/\/www.biscuitsolution.com\/fr\/wp-json\/wp\/v2\/product"}],"about":[{"href":"https:\/\/www.biscuitsolution.com\/fr\/wp-json\/wp\/v2\/types\/product"}],"replies":[{"embeddable":true,"href":"https:\/\/www.biscuitsolution.com\/fr\/wp-json\/wp\/v2\/comments?post=5581"}],"version-history":[{"count":1,"href":"https:\/\/www.biscuitsolution.com\/fr\/wp-json\/wp\/v2\/product\/5581\/revisions"}],"predecessor-version":[{"id":5586,"href":"https:\/\/www.biscuitsolution.com\/fr\/wp-json\/wp\/v2\/product\/5581\/revisions\/5586"}],"wp:featuredmedia":[{"embeddable":true,"href":"https:\/\/www.biscuitsolution.com\/fr\/wp-json\/wp\/v2\/media\/5585"}],"wp:attachment":[{"href":"https:\/\/www.biscuitsolution.com\/fr\/wp-json\/wp\/v2\/media?parent=5581"}],"wp:term":[{"taxonomy":"product_brand","embeddable":true,"href":"https:\/\/www.biscuitsolution.com\/fr\/wp-json\/wp\/v2\/product_brand?post=5581"},{"taxonomy":"product_cat","embeddable":true,"href":"https:\/\/www.biscuitsolution.com\/fr\/wp-json\/wp\/v2\/product_cat?post=5581"},{"taxonomy":"product_tag","embeddable":true,"href":"https:\/\/www.biscuitsolution.com\/fr\/wp-json\/wp\/v2\/product_tag?post=5581"}],"curies":[{"name":"wp","href":"https:\/\/api.w.org\/{rel}","templated":true}]}}