{"id":5533,"date":"2025-05-03T15:37:58","date_gmt":"2025-05-03T07:37:58","guid":{"rendered":"https:\/\/www.biscuitsolution.com\/?post_type=product&#038;p=5533"},"modified":"2025-08-13T11:55:31","modified_gmt":"2025-08-13T03:55:31","slug":"industrial-biscuit-forming-machine","status":"publish","type":"product","link":"https:\/\/www.biscuitsolution.com\/fr\/produit\/industrial-biscuit-forming-machine\/","title":{"rendered":"Machines \u00e0 former les biscuits durs et mous \u00e0 vendre"},"content":{"rendered":"<p><strong>Machine \u00e0 former des biscuits durs et mous<\/strong> est un \u00e9quipement cl\u00e9 dans l'industrie de la boulangerie, con\u00e7u pour former efficacement et avec pr\u00e9cision la p\u00e2te en diff\u00e9rentes formes de biscuits. Ces machines sont essentielles pour la production \u00e0 grande \u00e9chelle, car elles garantissent un rendement \u00e9lev\u00e9 et une qualit\u00e9 constante.<\/p>\n<p><img fetchpriority=\"high\" decoding=\"async\" class=\"alignnone size-full wp-image-5534\" src=\"https:\/\/www.biscuitsolution.com\/wp-content\/uploads\/2025\/04\/biscuits-forming-machines.jpg\" alt=\"Machine \u00e0 former les biscuits industriels\" width=\"800\" height=\"450\" srcset=\"https:\/\/www.biscuitsolution.com\/wp-content\/uploads\/2025\/04\/biscuits-forming-machines.jpg 800w, https:\/\/www.biscuitsolution.com\/wp-content\/uploads\/2025\/04\/biscuits-forming-machines-300x169.jpg 300w, https:\/\/www.biscuitsolution.com\/wp-content\/uploads\/2025\/04\/biscuits-forming-machines-768x432.jpg 768w, https:\/\/www.biscuitsolution.com\/wp-content\/uploads\/2025\/04\/biscuits-forming-machines-18x10.jpg 18w, https:\/\/www.biscuitsolution.com\/wp-content\/uploads\/2025\/04\/biscuits-forming-machines-600x338.jpg 600w, https:\/\/www.biscuitsolution.com\/wp-content\/uploads\/2025\/04\/biscuits-forming-machines-64x36.jpg 64w\" sizes=\"(max-width: 800px) 100vw, 800px\" \/><\/p>\n<h2>Composants et fonctions cl\u00e9s<\/h2>\n<ul>\n<li>Syst\u00e8me d'alimentation en p\u00e2te : La machine est d'abord d\u00e9marr\u00e9e par le syst\u00e8me d'alimentation en p\u00e2te, qui assure une alimentation r\u00e9guli\u00e8re en p\u00e2te de la zone de formage.<\/li>\n<li>M\u00e9canisme de laminage et de d\u00e9coupe : La p\u00e2te est roul\u00e9e en feuilles minces, puis d\u00e9coup\u00e9e dans les formes souhait\u00e9es \u00e0 l'aide de cutters ou de rouleaux de pr\u00e9cision.<\/li>\n<li>Formage et mise en forme : Certaines machines utilisent des matrices rotatives ou des syst\u00e8mes d'extrusion pour cr\u00e9er des motifs et des formes complexes adapt\u00e9s \u00e0 diff\u00e9rents types de biscuits.<\/li>\n<li>Automatisation et contr\u00f4le : Les machines modernes \u00e0 former les biscuits sont hautement automatis\u00e9es et \u00e9quip\u00e9es de syst\u00e8mes de contr\u00f4le informatis\u00e9s afin de garantir la pr\u00e9cision de la forme et l'uniformit\u00e9 de chaque lot de biscuits.<\/li>\n<\/ul>\n<p><img decoding=\"async\" class=\"alignnone size-full wp-image-5535\" src=\"https:\/\/www.biscuitsolution.com\/wp-content\/uploads\/2025\/04\/biscuits-forming-machine.jpg\" alt=\"Machine \u00e0 former les biscuits industriels\" width=\"800\" height=\"450\" srcset=\"https:\/\/www.biscuitsolution.com\/wp-content\/uploads\/2025\/04\/biscuits-forming-machine.jpg 800w, https:\/\/www.biscuitsolution.com\/wp-content\/uploads\/2025\/04\/biscuits-forming-machine-300x169.jpg 300w, https:\/\/www.biscuitsolution.com\/wp-content\/uploads\/2025\/04\/biscuits-forming-machine-768x432.jpg 768w, https:\/\/www.biscuitsolution.com\/wp-content\/uploads\/2025\/04\/biscuits-forming-machine-18x10.jpg 18w, https:\/\/www.biscuitsolution.com\/wp-content\/uploads\/2025\/04\/biscuits-forming-machine-600x338.jpg 600w, https:\/\/www.biscuitsolution.com\/wp-content\/uploads\/2025\/04\/biscuits-forming-machine-64x36.jpg 64w\" sizes=\"(max-width: 800px) 100vw, 800px\" \/><\/p>\n<h2>Avantages de nos machines \u00e0 former les biscuits durs et mous<\/h2>\n<ul>\n<li>Efficacit\u00e9 et rendement \u00e9lev\u00e9s : Nos machines peuvent produire des milliers de biscuits par heure, ce qui augmente consid\u00e9rablement la capacit\u00e9 de production.<\/li>\n<li>Qualit\u00e9 constante : Chaque biscuit est form\u00e9 avec une grande pr\u00e9cision pour garantir une taille uniforme. L'uniformit\u00e9 de la forme et du poids est essentielle pour asseoir la r\u00e9putation de la marque.<\/li>\n<li>Flexibilit\u00e9 et personnalisation : Nos machines peuvent \u00eatre facilement ajust\u00e9es pour produire des biscuits de formes, de tailles et de conceptions diff\u00e9rentes. Nous proposons \u00e9galement une large gamme de moules pour r\u00e9pondre aux diff\u00e9rentes pr\u00e9f\u00e9rences des clients.<\/li>\n<li>Rentable : Nos machines permettent de r\u00e9aliser des \u00e9conomies \u00e0 long terme en r\u00e9duisant les co\u00fbts de main-d'\u0153uvre et les d\u00e9chets. En outre, elles sont con\u00e7ues pour n\u00e9cessiter peu d'entretien et \u00eatre durables.<\/li>\n<li>Technologie avanc\u00e9e : Nos machines sont dot\u00e9es des derni\u00e8res technologies, telles que les capacit\u00e9s IoT pour la surveillance \u00e0 distance et la maintenance pr\u00e9dictive, ce qui garantit des performances et une efficacit\u00e9 optimales.<\/li>\n<\/ul>\n<p><img decoding=\"async\" class=\"alignnone size-full wp-image-5536\" src=\"https:\/\/www.biscuitsolution.com\/wp-content\/uploads\/2025\/04\/industrial-biscuit-forming-machines.jpg\" alt=\"Machine \u00e0 former les biscuits industriels\" width=\"800\" height=\"450\" srcset=\"https:\/\/www.biscuitsolution.com\/wp-content\/uploads\/2025\/04\/industrial-biscuit-forming-machines.jpg 800w, https:\/\/www.biscuitsolution.com\/wp-content\/uploads\/2025\/04\/industrial-biscuit-forming-machines-300x169.jpg 300w, https:\/\/www.biscuitsolution.com\/wp-content\/uploads\/2025\/04\/industrial-biscuit-forming-machines-768x432.jpg 768w, https:\/\/www.biscuitsolution.com\/wp-content\/uploads\/2025\/04\/industrial-biscuit-forming-machines-18x10.jpg 18w, https:\/\/www.biscuitsolution.com\/wp-content\/uploads\/2025\/04\/industrial-biscuit-forming-machines-600x338.jpg 600w, https:\/\/www.biscuitsolution.com\/wp-content\/uploads\/2025\/04\/industrial-biscuit-forming-machines-64x36.jpg 64w\" sizes=\"(max-width: 800px) 100vw, 800px\" \/><\/p>\n<p>Si vous cherchez \u00e0 rationaliser votre processus de production de biscuits, \u00e0 am\u00e9liorer la qualit\u00e9 de vos produits et \u00e0 r\u00e9pondre aux demandes croissantes du march\u00e9, nos machines \u00e0 former les biscuits industriels sont l'investissement id\u00e9al pour vous.<\/p>\n<p>Gr\u00e2ce \u00e0 ses fonctionnalit\u00e9s avanc\u00e9es, sa flexibilit\u00e9 et sa rentabilit\u00e9, il vous aidera \u00e0 atteindre vos objectifs commerciaux et \u00e0 conserver un avantage concurrentiel.<\/p>\n<p>Ne manquez pas l'occasion d'augmenter vos capacit\u00e9s de production - contactez-nous d\u00e8s aujourd'hui pour en savoir plus et faire le bon choix pour votre entreprise !<\/p>\n<p>&nbsp;<\/p>\n<h2>Laissez un message pour obtenir un devis<\/h2>\n\n<div class=\"wpcf7 no-js\" id=\"wpcf7-f4619-o1\" lang=\"en-US\" dir=\"ltr\" data-wpcf7-id=\"4619\">\n<div class=\"screen-reader-response\"><p role=\"status\" aria-live=\"polite\" aria-atomic=\"true\"><\/p> <ul><\/ul><\/div>\n<form action=\"\/fr\/wp-json\/wp\/v2\/product\/5533#wpcf7-f4619-o1\" method=\"post\" class=\"wpcf7-form init\" aria-label=\"Formulaire de contact\" novalidate=\"novalidate\" data-status=\"init\" data-trp-original-action=\"\/fr\/wp-json\/wp\/v2\/product\/5533#wpcf7-f4619-o1\">\n<div style=\"display: none;\">\n<input type=\"hidden\" name=\"_wpcf7\" value=\"4619\" \/>\n<input type=\"hidden\" name=\"_wpcf7_version\" value=\"6.0.4\" \/>\n<input type=\"hidden\" name=\"_wpcf7_locale\" value=\"en_US\" \/>\n<input type=\"hidden\" name=\"_wpcf7_unit_tag\" value=\"wpcf7-f4619-o1\" \/>\n<input type=\"hidden\" name=\"_wpcf7_container_post\" value=\"0\" \/>\n<input type=\"hidden\" name=\"_wpcf7_posted_data_hash\" value=\"\" \/>\n<\/div>\n<p><label> Votre nom*<br \/>\n<span class=\"wpcf7-form-control-wrap\" data-name=\"your-name\"><input size=\"40\" maxlength=\"400\" class=\"wpcf7-form-control wpcf7-text wpcf7-validates-as-required\" aria-required=\"true\" aria-invalid=\"false\" value=\"\" type=\"text\" name=\"your-name\" \/><\/span> <\/label>\n<\/p>\n<p><label> Votre pays<br \/>\n<span class=\"wpcf7-form-control-wrap\" data-name=\"your-country\"><input size=\"40\" maxlength=\"400\" class=\"wpcf7-form-control wpcf7-text\" aria-invalid=\"false\" value=\"\" type=\"text\" name=\"your-country\" \/><\/span><\/label>\n<\/p>\n<p><label> Votre courriel*<br \/>\n<span class=\"wpcf7-form-control-wrap\" data-name=\"your-email\"><input size=\"40\" maxlength=\"400\" class=\"wpcf7-form-control wpcf7-email wpcf7-validates-as-required wpcf7-text wpcf7-validates-as-email\" aria-required=\"true\" aria-invalid=\"false\" value=\"\" type=\"email\" name=\"your-email\" \/><\/span> <\/label>\n<\/p>\n<p><label> Votre t\u00e9l\u00e9phone<br \/>\n<span class=\"wpcf7-form-control-wrap\" data-name=\"your-phone\"><input size=\"40\" maxlength=\"400\" class=\"wpcf7-form-control wpcf7-tel wpcf7-text wpcf7-validates-as-tel\" aria-invalid=\"false\" value=\"\" type=\"tel\" name=\"your-phone\" \/><\/span> <\/label>\n<\/p>\n<p><label> Nom de l'entreprise<br \/>\n<span class=\"wpcf7-form-control-wrap\" data-name=\"text-457\"><input size=\"40\" maxlength=\"400\" class=\"wpcf7-form-control wpcf7-text\" aria-invalid=\"false\" value=\"\" type=\"text\" name=\"text-457\" \/><\/span> <\/label>\n<\/p>\n<p><label> Le site web de votre entreprise<br \/>\n<span class=\"wpcf7-form-control-wrap\" data-name=\"text-546\"><input size=\"40\" maxlength=\"400\" class=\"wpcf7-form-control wpcf7-text\" aria-invalid=\"false\" value=\"\" type=\"text\" name=\"text-546\" \/><\/span> <\/label>\n<\/p>\n<p><label> Votre demande*<br \/>\n<span class=\"wpcf7-form-control-wrap\" data-name=\"your-message\"><textarea cols=\"40\" rows=\"10\" maxlength=\"2000\" class=\"wpcf7-form-control wpcf7-textarea wpcf7-validates-as-required\" aria-required=\"true\" aria-invalid=\"false\" name=\"your-message\"><\/textarea><\/span> <\/label>\n<\/p>\n<p><input class=\"wpcf7-form-control wpcf7-submit has-spinner\" type=\"submit\" value=\"Soumettre\" \/>\n<\/p><p style=\"display: none !important;\" class=\"akismet-fields-container\" data-prefix=\"_wpcf7_ak_\"><label>&#916;<textarea name=\"_wpcf7_ak_hp_textarea\" cols=\"45\" rows=\"8\" maxlength=\"100\"><\/textarea><\/label><input type=\"hidden\" id=\"ak_js_1\" name=\"_wpcf7_ak_js\" value=\"163\"\/><script>document.getElementById( \"ak_js_1\" ).setAttribute( \"value\", ( new Date() ).getTime() );<\/script><\/p><div class=\"wpcf7-response-output\" aria-hidden=\"true\"><\/div>\n<input type=\"hidden\" name=\"trp-form-language\" value=\"fr\"\/><\/form>\n<\/div>\n\n<div style='text-align:left' class='yasr-auto-insert-visitor'><\/div>","protected":false},"excerpt":{"rendered":"<p>Marque : GELGOOG<\/p>\n<p>Tension : 380V<\/p>\n<p>Capacity\uff1a100kg\/h-1000kg\/h<\/p>\n<p>Courriel : shanna@machinehall.com<\/p>\n<p>T\u00e9l : +8618638676709<\/p>","protected":false},"featured_media":5537,"comment_status":"open","ping_status":"closed","template":"","meta":{"site-sidebar-layout":"default","site-content-layout":"","ast-site-content-layout":"default","site-content-style":"default","site-sidebar-style":"default","ast-global-header-display":"","ast-banner-title-visibility":"","ast-main-header-display":"","ast-hfb-above-header-display":"","ast-hfb-below-header-display":"","ast-hfb-mobile-header-display":"","site-post-title":"","ast-breadcrumbs-content":"","ast-featured-img":"","footer-sml-layout":"","theme-transparent-header-meta":"default","adv-header-id-meta":"","stick-header-meta":"","header-above-stick-meta":"","header-main-stick-meta":"","header-below-stick-meta":"","astra-migrate-meta-layouts":"set","ast-page-background-enabled":"default","ast-page-background-meta":{"desktop":{"background-color":"","background-image":"","background-repeat":"repeat","background-position":"center center","background-size":"auto","background-attachment":"scroll","background-type":"","background-media":"","overlay-type":"","overlay-color":"","overlay-opacity":"","overlay-gradient":""},"tablet":{"background-color":"","background-image":"","background-repeat":"repeat","background-position":"center center","background-size":"auto","background-attachment":"scroll","background-type":"","background-media":"","overlay-type":"","overlay-color":"","overlay-opacity":"","overlay-gradient":""},"mobile":{"background-color":"","background-image":"","background-repeat":"repeat","background-position":"center center","background-size":"auto","background-attachment":"scroll","background-type":"","background-media":"","overlay-type":"","overlay-color":"","overlay-opacity":"","overlay-gradient":""}},"ast-content-background-meta":{"desktop":{"background-color":"var(--ast-global-color-5)","background-image":"","background-repeat":"repeat","background-position":"center center","background-size":"auto","background-attachment":"scroll","background-type":"","background-media":"","overlay-type":"","overlay-color":"","overlay-opacity":"","overlay-gradient":""},"tablet":{"background-color":"var(--ast-global-color-5)","background-image":"","background-repeat":"repeat","background-position":"center center","background-size":"auto","background-attachment":"scroll","background-type":"","background-media":"","overlay-type":"","overlay-color":"","overlay-opacity":"","overlay-gradient":""},"mobile":{"background-color":"var(--ast-global-color-5)","background-image":"","background-repeat":"repeat","background-position":"center center","background-size":"auto","background-attachment":"scroll","background-type":"","background-media":"","overlay-type":"","overlay-color":"","overlay-opacity":"","overlay-gradient":""}},"yasr_overall_rating":0,"yasr_post_is_review":"","yasr_auto_insert_disabled":"","yasr_review_type":""},"product_brand":[],"product_cat":[22,25],"product_tag":[],"class_list":{"0":"post-5533","1":"product","2":"type-product","3":"status-publish","4":"has-post-thumbnail","6":"product_cat-hard-biscuit-production-line","7":"product_cat-soft-biscuit-production-line","8":"desktop-align-left","9":"tablet-align-left","10":"mobile-align-left","12":"first","13":"instock","14":"shipping-taxable","15":"product-type-simple"},"yoast_head":"<!-- This site is optimized with the Yoast SEO plugin v24.4 - https:\/\/yoast.com\/wordpress\/plugins\/seo\/ -->\n<title>Hard and Soft Biscuit Forming Machines for Sale - Biscuit Production Solution Manufacturer<\/title>\n<meta name=\"description\" content=\"our hard and soft biscuit forming machine designed to efficiently form dough into a variety of biscuit shapes, can be integrated into lines of all sizes.\" \/>\n<meta name=\"robots\" content=\"index, follow, max-snippet:-1, max-image-preview:large, max-video-preview:-1\" \/>\n<link rel=\"canonical\" href=\"https:\/\/www.biscuitsolution.com\/fr\/produit\/industrial-biscuit-forming-machine\/\" \/>\n<meta property=\"og:locale\" content=\"fr_FR\" \/>\n<meta property=\"og:type\" content=\"article\" \/>\n<meta property=\"og:title\" content=\"Hard and Soft Biscuit Forming Machines for Sale - Biscuit Production Solution Manufacturer\" \/>\n<meta property=\"og:description\" content=\"our hard and soft biscuit forming machine designed to efficiently form dough into a variety of biscuit shapes, can be integrated into lines of all sizes.\" \/>\n<meta property=\"og:url\" content=\"https:\/\/www.biscuitsolution.com\/fr\/produit\/industrial-biscuit-forming-machine\/\" \/>\n<meta property=\"og:site_name\" content=\"Biscuit Production Solution Manufacturer\" \/>\n<meta property=\"article:publisher\" content=\"https:\/\/www.facebook.com\/profile.php?id=100095205040823\" \/>\n<meta property=\"article:modified_time\" content=\"2025-08-13T03:55:31+00:00\" \/>\n<meta property=\"og:image\" content=\"https:\/\/www.biscuitsolution.com\/wp-content\/uploads\/2025\/04\/industrial-biscuit-forming-machine.jpg\" \/>\n\t<meta property=\"og:image:width\" content=\"600\" \/>\n\t<meta property=\"og:image:height\" content=\"600\" \/>\n\t<meta property=\"og:image:type\" content=\"image\/jpeg\" \/>\n<meta name=\"twitter:card\" content=\"summary_large_image\" \/>\n<meta name=\"twitter:site\" content=\"@shanna_zha26342\" \/>\n<meta name=\"twitter:label1\" content=\"Dur\u00e9e de lecture estim\u00e9e\" \/>\n\t<meta name=\"twitter:data1\" content=\"3 minutes\" \/>\n<script type=\"application\/ld+json\" class=\"yoast-schema-graph\">{\"@context\":\"https:\/\/schema.org\",\"@graph\":[{\"@type\":\"WebPage\",\"@id\":\"https:\/\/www.biscuitsolution.com\/product\/industrial-biscuit-forming-machine\/\",\"url\":\"https:\/\/www.biscuitsolution.com\/product\/industrial-biscuit-forming-machine\/\",\"name\":\"Hard and Soft Biscuit Forming Machines for Sale - Biscuit Production Solution Manufacturer\",\"isPartOf\":{\"@id\":\"https:\/\/www.biscuitsolution.com\/#website\"},\"primaryImageOfPage\":{\"@id\":\"https:\/\/www.biscuitsolution.com\/product\/industrial-biscuit-forming-machine\/#primaryimage\"},\"image\":{\"@id\":\"https:\/\/www.biscuitsolution.com\/product\/industrial-biscuit-forming-machine\/#primaryimage\"},\"thumbnailUrl\":\"https:\/\/www.biscuitsolution.com\/wp-content\/uploads\/2025\/04\/industrial-biscuit-forming-machine.jpg\",\"datePublished\":\"2025-05-03T07:37:58+00:00\",\"dateModified\":\"2025-08-13T03:55:31+00:00\",\"description\":\"our hard and soft biscuit forming machine designed to efficiently form dough into a variety of biscuit shapes, can be integrated into lines of all sizes.\",\"breadcrumb\":{\"@id\":\"https:\/\/www.biscuitsolution.com\/product\/industrial-biscuit-forming-machine\/#breadcrumb\"},\"inLanguage\":\"fr-FR\",\"potentialAction\":[{\"@type\":\"ReadAction\",\"target\":[\"https:\/\/www.biscuitsolution.com\/product\/industrial-biscuit-forming-machine\/\"]}]},{\"@type\":\"ImageObject\",\"inLanguage\":\"fr-FR\",\"@id\":\"https:\/\/www.biscuitsolution.com\/product\/industrial-biscuit-forming-machine\/#primaryimage\",\"url\":\"https:\/\/www.biscuitsolution.com\/wp-content\/uploads\/2025\/04\/industrial-biscuit-forming-machine.jpg\",\"contentUrl\":\"https:\/\/www.biscuitsolution.com\/wp-content\/uploads\/2025\/04\/industrial-biscuit-forming-machine.jpg\",\"width\":600,\"height\":600,\"caption\":\"Industrial biscuit forming machine\"},{\"@type\":\"BreadcrumbList\",\"@id\":\"https:\/\/www.biscuitsolution.com\/product\/industrial-biscuit-forming-machine\/#breadcrumb\",\"itemListElement\":[{\"@type\":\"ListItem\",\"position\":1,\"name\":\"Home\",\"item\":\"https:\/\/www.biscuitsolution.com\/\"},{\"@type\":\"ListItem\",\"position\":2,\"name\":\"Product\",\"item\":\"https:\/\/www.biscuitsolution.com\/product\/\"},{\"@type\":\"ListItem\",\"position\":3,\"name\":\"Hard and Soft Biscuit Forming Machines for Sale\"}]},{\"@type\":\"WebSite\",\"@id\":\"https:\/\/www.biscuitsolution.com\/#website\",\"url\":\"https:\/\/www.biscuitsolution.com\/\",\"name\":\"Biscuit Production Solution Manufacturer\",\"description\":\"\",\"potentialAction\":[{\"@type\":\"SearchAction\",\"target\":{\"@type\":\"EntryPoint\",\"urlTemplate\":\"https:\/\/www.biscuitsolution.com\/?s={search_term_string}\"},\"query-input\":{\"@type\":\"PropertyValueSpecification\",\"valueRequired\":true,\"valueName\":\"search_term_string\"}}],\"inLanguage\":\"fr-FR\"},false]}<\/script>\n<!-- \/ Yoast SEO plugin. -->","yoast_head_json":{"title":"Machines \u00e0 former les biscuits durs et mous \u00e0 vendre - Fabricant de solutions pour la production de biscuits","description":"notre machine \u00e0 former les biscuits durs et mous, con\u00e7ue pour former efficacement la p\u00e2te en une vari\u00e9t\u00e9 de formes de biscuits, peut \u00eatre int\u00e9gr\u00e9e dans des lignes de toutes tailles.","robots":{"index":"index","follow":"follow","max-snippet":"max-snippet:-1","max-image-preview":"max-image-preview:large","max-video-preview":"max-video-preview:-1"},"canonical":"https:\/\/www.biscuitsolution.com\/fr\/produit\/industrial-biscuit-forming-machine\/","og_locale":"fr_FR","og_type":"article","og_title":"Hard and Soft Biscuit Forming Machines for Sale - Biscuit Production Solution Manufacturer","og_description":"our hard and soft biscuit forming machine designed to efficiently form dough into a variety of biscuit shapes, can be integrated into lines of all sizes.","og_url":"https:\/\/www.biscuitsolution.com\/fr\/produit\/industrial-biscuit-forming-machine\/","og_site_name":"Biscuit Production Solution Manufacturer","article_publisher":"https:\/\/www.facebook.com\/profile.php?id=100095205040823","article_modified_time":"2025-08-13T03:55:31+00:00","og_image":[{"width":600,"height":600,"url":"https:\/\/www.biscuitsolution.com\/wp-content\/uploads\/2025\/04\/industrial-biscuit-forming-machine.jpg","type":"image\/jpeg"}],"twitter_card":"summary_large_image","twitter_site":"@shanna_zha26342","twitter_misc":{"Dur\u00e9e de lecture estim\u00e9e":"3 minutes"},"schema":{"@context":"https:\/\/schema.org","@graph":[{"@type":"WebPage","@id":"https:\/\/www.biscuitsolution.com\/product\/industrial-biscuit-forming-machine\/","url":"https:\/\/www.biscuitsolution.com\/product\/industrial-biscuit-forming-machine\/","name":"Machines \u00e0 former les biscuits durs et mous \u00e0 vendre - Fabricant de solutions pour la production de biscuits","isPartOf":{"@id":"https:\/\/www.biscuitsolution.com\/#website"},"primaryImageOfPage":{"@id":"https:\/\/www.biscuitsolution.com\/product\/industrial-biscuit-forming-machine\/#primaryimage"},"image":{"@id":"https:\/\/www.biscuitsolution.com\/product\/industrial-biscuit-forming-machine\/#primaryimage"},"thumbnailUrl":"https:\/\/www.biscuitsolution.com\/wp-content\/uploads\/2025\/04\/industrial-biscuit-forming-machine.jpg","datePublished":"2025-05-03T07:37:58+00:00","dateModified":"2025-08-13T03:55:31+00:00","description":"notre machine \u00e0 former les biscuits durs et mous, con\u00e7ue pour former efficacement la p\u00e2te en une vari\u00e9t\u00e9 de formes de biscuits, peut \u00eatre int\u00e9gr\u00e9e dans des lignes de toutes tailles.","breadcrumb":{"@id":"https:\/\/www.biscuitsolution.com\/product\/industrial-biscuit-forming-machine\/#breadcrumb"},"inLanguage":"fr-FR","potentialAction":[{"@type":"ReadAction","target":["https:\/\/www.biscuitsolution.com\/product\/industrial-biscuit-forming-machine\/"]}]},{"@type":"ImageObject","inLanguage":"fr-FR","@id":"https:\/\/www.biscuitsolution.com\/product\/industrial-biscuit-forming-machine\/#primaryimage","url":"https:\/\/www.biscuitsolution.com\/wp-content\/uploads\/2025\/04\/industrial-biscuit-forming-machine.jpg","contentUrl":"https:\/\/www.biscuitsolution.com\/wp-content\/uploads\/2025\/04\/industrial-biscuit-forming-machine.jpg","width":600,"height":600,"caption":"Industrial biscuit forming machine"},{"@type":"BreadcrumbList","@id":"https:\/\/www.biscuitsolution.com\/product\/industrial-biscuit-forming-machine\/#breadcrumb","itemListElement":[{"@type":"ListItem","position":1,"name":"Home","item":"https:\/\/www.biscuitsolution.com\/"},{"@type":"ListItem","position":2,"name":"Product","item":"https:\/\/www.biscuitsolution.com\/product\/"},{"@type":"ListItem","position":3,"name":"Hard and Soft Biscuit Forming Machines for Sale"}]},{"@type":"WebSite","@id":"https:\/\/www.biscuitsolution.com\/#website","url":"https:\/\/www.biscuitsolution.com\/","name":"Fabricant de solutions pour la production de biscuits","description":"","potentialAction":[{"@type":"SearchAction","target":{"@type":"EntryPoint","urlTemplate":"https:\/\/www.biscuitsolution.com\/?s={search_term_string}"},"query-input":{"@type":"PropertyValueSpecification","valueRequired":true,"valueName":"search_term_string"}}],"inLanguage":"fr-FR"},false]}},"yasr_visitor_votes":{"stars_attributes":{"read_only":false,"span_bottom":false},"number_of_votes":0,"sum_votes":0},"_links":{"self":[{"href":"https:\/\/www.biscuitsolution.com\/fr\/wp-json\/wp\/v2\/product\/5533","targetHints":{"allow":["GET"]}}],"collection":[{"href":"https:\/\/www.biscuitsolution.com\/fr\/wp-json\/wp\/v2\/product"}],"about":[{"href":"https:\/\/www.biscuitsolution.com\/fr\/wp-json\/wp\/v2\/types\/product"}],"replies":[{"embeddable":true,"href":"https:\/\/www.biscuitsolution.com\/fr\/wp-json\/wp\/v2\/comments?post=5533"}],"version-history":[{"count":3,"href":"https:\/\/www.biscuitsolution.com\/fr\/wp-json\/wp\/v2\/product\/5533\/revisions"}],"predecessor-version":[{"id":5763,"href":"https:\/\/www.biscuitsolution.com\/fr\/wp-json\/wp\/v2\/product\/5533\/revisions\/5763"}],"wp:featuredmedia":[{"embeddable":true,"href":"https:\/\/www.biscuitsolution.com\/fr\/wp-json\/wp\/v2\/media\/5537"}],"wp:attachment":[{"href":"https:\/\/www.biscuitsolution.com\/fr\/wp-json\/wp\/v2\/media?parent=5533"}],"wp:term":[{"taxonomy":"product_brand","embeddable":true,"href":"https:\/\/www.biscuitsolution.com\/fr\/wp-json\/wp\/v2\/product_brand?post=5533"},{"taxonomy":"product_cat","embeddable":true,"href":"https:\/\/www.biscuitsolution.com\/fr\/wp-json\/wp\/v2\/product_cat?post=5533"},{"taxonomy":"product_tag","embeddable":true,"href":"https:\/\/www.biscuitsolution.com\/fr\/wp-json\/wp\/v2\/product_tag?post=5533"}],"curies":[{"name":"wp","href":"https:\/\/api.w.org\/{rel}","templated":true}]}}