{"id":5389,"date":"2025-03-19T17:09:21","date_gmt":"2025-03-19T09:09:21","guid":{"rendered":"https:\/\/www.biscuitsolution.com\/?post_type=product&#038;p=5389"},"modified":"2025-03-19T17:10:07","modified_gmt":"2025-03-19T09:10:07","slug":"advanced-extruded-cookie-making-machines","status":"publish","type":"product","link":"https:\/\/www.biscuitsolution.com\/fr\/produit\/advanced-extruded-cookie-making-machines\/","title":{"rendered":"Extrudeuse pour production de biscuits Machines avanc\u00e9es"},"content":{"rendered":"<p>Notre <strong>Extrudeuse pour production de biscuits<\/strong> sont con\u00e7us pour r\u00e9pondre aux besoins des biscuiteries modernes, qu'il s'agisse de nouveaux entrants ou de grandes mises \u00e0 niveau industrielles.<\/p>\n<p><img fetchpriority=\"high\" decoding=\"async\" class=\"alignnone size-full wp-image-5391\" src=\"https:\/\/www.biscuitsolution.com\/wp-content\/uploads\/2025\/03\/extruded-cookie-machine.jpg\" alt=\"machine \u00e0 fabriquer des biscuits extrud\u00e9s\" width=\"800\" height=\"450\" srcset=\"https:\/\/www.biscuitsolution.com\/wp-content\/uploads\/2025\/03\/extruded-cookie-machine.jpg 800w, https:\/\/www.biscuitsolution.com\/wp-content\/uploads\/2025\/03\/extruded-cookie-machine-300x169.jpg 300w, https:\/\/www.biscuitsolution.com\/wp-content\/uploads\/2025\/03\/extruded-cookie-machine-768x432.jpg 768w, https:\/\/www.biscuitsolution.com\/wp-content\/uploads\/2025\/03\/extruded-cookie-machine-18x10.jpg 18w, https:\/\/www.biscuitsolution.com\/wp-content\/uploads\/2025\/03\/extruded-cookie-machine-600x338.jpg 600w, https:\/\/www.biscuitsolution.com\/wp-content\/uploads\/2025\/03\/extruded-cookie-machine-64x36.jpg 64w\" sizes=\"(max-width: 800px) 100vw, 800px\" \/><\/p>\n<h2>Pourquoi choisir une Extrudeuse pour production de biscuits ?<\/h2>\n<p>Les biscuits extrud\u00e9s sont appr\u00e9ci\u00e9s des consommateurs pour leurs formes complexes et leur texture uniforme. Toutefois, l'obtention manuelle d'une forme exacte et d'une qualit\u00e9 constante demande beaucoup de temps et d'efforts. Nos machines offrent plusieurs avantages :<\/p>\n<ul>\n<li>Technologie d'extrusion de pr\u00e9cision : Cr\u00e9ez facilement des formes de biscuits complexes (tels que des rubans, des coquilles ou des motifs personnalis\u00e9s) \u00e0 l'aide de matrices et de buses con\u00e7ues \u00e0 cet effet.<\/li>\n<li>Production \u00e0 grande vitesse : Produisez jusqu'\u00e0 5 000 biscuits par heure (selon le mod\u00e8le), en r\u00e9duisant les temps d'arr\u00eat et en maximisant le rendement. Id\u00e9al pour r\u00e9pondre aux commandes en gros sans compromettre la qualit\u00e9.<\/li>\n<li>Polyvalence des recettes : Fonctionne avec une grande vari\u00e9t\u00e9 de types de p\u00e2tes, y compris les p\u00e2tes molles, dures ou collantes. R\u00e9glez la vitesse d'extrusion et la pression en fonction des textures et des ingr\u00e9dients.<\/li>\n<li>Facile \u00e0 entretenir et hygi\u00e9nique : La construction en acier inoxydable de qualit\u00e9 alimentaire r\u00e9pond aux normes de s\u00e9curit\u00e9 internationales. Les pi\u00e8ces \u00e0 d\u00e9gagement rapide simplifient le nettoyage et minimisent les risques de contamination crois\u00e9e.<\/li>\n<\/ul>\n<p><img decoding=\"async\" class=\"alignnone size-full wp-image-5392\" src=\"https:\/\/www.biscuitsolution.com\/wp-content\/uploads\/2025\/03\/commercial-cookie-making-machine.jpg\" alt=\"machine commerciale \u00e0 fabriquer des biscuits\" width=\"800\" height=\"450\" srcset=\"https:\/\/www.biscuitsolution.com\/wp-content\/uploads\/2025\/03\/commercial-cookie-making-machine.jpg 800w, https:\/\/www.biscuitsolution.com\/wp-content\/uploads\/2025\/03\/commercial-cookie-making-machine-300x169.jpg 300w, https:\/\/www.biscuitsolution.com\/wp-content\/uploads\/2025\/03\/commercial-cookie-making-machine-768x432.jpg 768w, https:\/\/www.biscuitsolution.com\/wp-content\/uploads\/2025\/03\/commercial-cookie-making-machine-18x10.jpg 18w, https:\/\/www.biscuitsolution.com\/wp-content\/uploads\/2025\/03\/commercial-cookie-making-machine-600x338.jpg 600w, https:\/\/www.biscuitsolution.com\/wp-content\/uploads\/2025\/03\/commercial-cookie-making-machine-64x36.jpg 64w\" sizes=\"(max-width: 800px) 100vw, 800px\" \/><\/p>\n<h2>Caract\u00e9ristiques principales de la Extrudeuse pour production de biscuits<\/h2>\n<p>Que vous produisiez des biscuits extrud\u00e9s, moul\u00e9s par rotation ou coup\u00e9s au fil, nos machines \u00e0 biscuits sont con\u00e7ues pour \u00eatre fiables et performantes :<\/p>\n<ul>\n<li>Fonctionnement enti\u00e8rement automatique : R\u00e9duisez les co\u00fbts de main-d'\u0153uvre gr\u00e2ce \u00e0 des syst\u00e8mes automatiques d'alimentation, de moulage, de d\u00e9coupe et de d\u00e9pose de la p\u00e2te. Les op\u00e9rateurs peuvent contr\u00f4ler la production gr\u00e2ce \u00e0 une interface tactile conviviale.<\/li>\n<li>Configuration personnalisable : Ajoutez des modules tels que des syst\u00e8mes de gla\u00e7age, des unit\u00e9s d'enrobage de chocolat ou l'extrusion multicouche pour obtenir des produits de qualit\u00e9 sup\u00e9rieure.<\/li>\n<li>Efficacit\u00e9 \u00e9nerg\u00e9tique : Les moteurs avanc\u00e9s et la gestion intelligente de l'\u00e9nergie r\u00e9duisent la consommation d'\u00e9nergie jusqu'\u00e0 30%, r\u00e9duisant ainsi les co\u00fbts d'exploitation.<\/li>\n<li>\u00c9volutivit\u00e9 : Nous proposons des solutions adapt\u00e9es \u00e0 vos besoins en termes de capacit\u00e9, qu'il s'agisse d'unit\u00e9s compactes pour les entreprises en phase de d\u00e9marrage ou de lignes de production enti\u00e8rement int\u00e9gr\u00e9es pour les usines.<\/li>\n<li>Applications dans l'industrie de la boulangerie<\/li>\n<\/ul>\n<p><img decoding=\"async\" class=\"alignnone size-full wp-image-5393\" src=\"https:\/\/www.biscuitsolution.com\/wp-content\/uploads\/2025\/03\/extruded-cookies-machine.jpg\" alt=\"machine commerciale \u00e0 fabriquer des biscuits\" width=\"800\" height=\"450\" srcset=\"https:\/\/www.biscuitsolution.com\/wp-content\/uploads\/2025\/03\/extruded-cookies-machine.jpg 800w, https:\/\/www.biscuitsolution.com\/wp-content\/uploads\/2025\/03\/extruded-cookies-machine-300x169.jpg 300w, https:\/\/www.biscuitsolution.com\/wp-content\/uploads\/2025\/03\/extruded-cookies-machine-768x432.jpg 768w, https:\/\/www.biscuitsolution.com\/wp-content\/uploads\/2025\/03\/extruded-cookies-machine-18x10.jpg 18w, https:\/\/www.biscuitsolution.com\/wp-content\/uploads\/2025\/03\/extruded-cookies-machine-600x338.jpg 600w, https:\/\/www.biscuitsolution.com\/wp-content\/uploads\/2025\/03\/extruded-cookies-machine-64x36.jpg 64w\" sizes=\"(max-width: 800px) 100vw, 800px\" \/><\/p>\n<h2>Nos machines b\u00e9n\u00e9ficient de la confiance de :<\/h2>\n<ul>\n<li>Grandes boulangeries et fabricants de produits alimentaires : Simplifier la production en grande quantit\u00e9 de biscuits de marque.<\/li>\n<li>H\u00f4tels et traiteurs : Fournir des produits frais et constants pour les desserts et les en-cas.<\/li>\n<li>Startups : Mettre \u00e0 l'\u00e9chelle des recettes artisanales sans perdre l'authenticit\u00e9.<\/li>\n<\/ul>\n<h2>Investir dans l'avenir de la boulangerie<\/h2>\n<p>Nous ne nous contentons pas de vendre des machines, nous proposons des solutions cl\u00e9s en main pour transformer votre production de biscuits. Notre \u00e9quipe assure une assistance de bout en bout, depuis l'installation et la formation jusqu'\u00e0 l'optimisation des recettes.<\/p>\n<p>Pr\u00eat \u00e0 moderniser votre ligne de production ?<\/p>\n<p>Contactez-nous d\u00e8s aujourd'hui pour une consultation gratuite ou pour demander une d\u00e9monstration en direct de nos extrudeuse pour production de biscuits. Cuisinons ensemble pour r\u00e9ussir !<\/p>\n<h2>Laissez un message pour obtenir un devis<\/h2>\n\n<div class=\"wpcf7 no-js\" id=\"wpcf7-f4619-o1\" lang=\"en-US\" dir=\"ltr\" data-wpcf7-id=\"4619\">\n<div class=\"screen-reader-response\"><p role=\"status\" aria-live=\"polite\" aria-atomic=\"true\"><\/p> <ul><\/ul><\/div>\n<form action=\"\/fr\/wp-json\/wp\/v2\/product\/5389#wpcf7-f4619-o1\" method=\"post\" class=\"wpcf7-form init\" aria-label=\"Formulaire de contact\" novalidate=\"novalidate\" data-status=\"init\" data-trp-original-action=\"\/fr\/wp-json\/wp\/v2\/product\/5389#wpcf7-f4619-o1\">\n<div style=\"display: none;\">\n<input type=\"hidden\" name=\"_wpcf7\" value=\"4619\" \/>\n<input type=\"hidden\" name=\"_wpcf7_version\" value=\"6.0.4\" \/>\n<input type=\"hidden\" name=\"_wpcf7_locale\" value=\"en_US\" \/>\n<input type=\"hidden\" name=\"_wpcf7_unit_tag\" value=\"wpcf7-f4619-o1\" \/>\n<input type=\"hidden\" name=\"_wpcf7_container_post\" value=\"0\" \/>\n<input type=\"hidden\" name=\"_wpcf7_posted_data_hash\" value=\"\" \/>\n<\/div>\n<p><label> Votre nom*<br \/>\n<span class=\"wpcf7-form-control-wrap\" data-name=\"your-name\"><input size=\"40\" maxlength=\"400\" class=\"wpcf7-form-control wpcf7-text wpcf7-validates-as-required\" aria-required=\"true\" aria-invalid=\"false\" value=\"\" type=\"text\" name=\"your-name\" \/><\/span> <\/label>\n<\/p>\n<p><label> Votre pays<br \/>\n<span class=\"wpcf7-form-control-wrap\" data-name=\"your-country\"><input size=\"40\" maxlength=\"400\" class=\"wpcf7-form-control wpcf7-text\" aria-invalid=\"false\" value=\"\" type=\"text\" name=\"your-country\" \/><\/span><\/label>\n<\/p>\n<p><label> Votre courriel*<br \/>\n<span class=\"wpcf7-form-control-wrap\" data-name=\"your-email\"><input size=\"40\" maxlength=\"400\" class=\"wpcf7-form-control wpcf7-email wpcf7-validates-as-required wpcf7-text wpcf7-validates-as-email\" aria-required=\"true\" aria-invalid=\"false\" value=\"\" type=\"email\" name=\"your-email\" \/><\/span> <\/label>\n<\/p>\n<p><label> Votre t\u00e9l\u00e9phone<br \/>\n<span class=\"wpcf7-form-control-wrap\" data-name=\"your-phone\"><input size=\"40\" maxlength=\"400\" class=\"wpcf7-form-control wpcf7-tel wpcf7-text wpcf7-validates-as-tel\" aria-invalid=\"false\" value=\"\" type=\"tel\" name=\"your-phone\" \/><\/span> <\/label>\n<\/p>\n<p><label> Nom de l'entreprise<br \/>\n<span class=\"wpcf7-form-control-wrap\" data-name=\"text-457\"><input size=\"40\" maxlength=\"400\" class=\"wpcf7-form-control wpcf7-text\" aria-invalid=\"false\" value=\"\" type=\"text\" name=\"text-457\" \/><\/span> <\/label>\n<\/p>\n<p><label> Le site web de votre entreprise<br \/>\n<span class=\"wpcf7-form-control-wrap\" data-name=\"text-546\"><input size=\"40\" maxlength=\"400\" class=\"wpcf7-form-control wpcf7-text\" aria-invalid=\"false\" value=\"\" type=\"text\" name=\"text-546\" \/><\/span> <\/label>\n<\/p>\n<p><label> Votre demande*<br \/>\n<span class=\"wpcf7-form-control-wrap\" data-name=\"your-message\"><textarea cols=\"40\" rows=\"10\" maxlength=\"2000\" class=\"wpcf7-form-control wpcf7-textarea wpcf7-validates-as-required\" aria-required=\"true\" aria-invalid=\"false\" name=\"your-message\"><\/textarea><\/span> <\/label>\n<\/p>\n<p><input class=\"wpcf7-form-control wpcf7-submit has-spinner\" type=\"submit\" value=\"Soumettre\" \/>\n<\/p><p style=\"display: none !important;\" class=\"akismet-fields-container\" data-prefix=\"_wpcf7_ak_\"><label>&#916;<textarea name=\"_wpcf7_ak_hp_textarea\" cols=\"45\" rows=\"8\" maxlength=\"100\"><\/textarea><\/label><input type=\"hidden\" id=\"ak_js_1\" name=\"_wpcf7_ak_js\" value=\"43\"\/><script>document.getElementById( \"ak_js_1\" ).setAttribute( \"value\", ( new Date() ).getTime() );<\/script><\/p><div class=\"wpcf7-response-output\" aria-hidden=\"true\"><\/div>\n<input type=\"hidden\" name=\"trp-form-language\" value=\"fr\"\/><\/form>\n<\/div>\n\n<div style='text-align:left' class='yasr-auto-insert-visitor'><\/div>","protected":false},"excerpt":{"rendered":"<p>Sortie : 100KG\/H<\/p>\n<p>Courriel : shanna@machinehall.com<\/p>\n<p>WhatsApp\/WeChat\/TEL: +8618638676709<\/p>\n<p>Alimentation \u00e9lectrique : 380V\/220V, adaptable aux normes r\u00e9gionales.<\/p>\n<p>Garantie : 2 ans de couverture compl\u00e8te avec assistance technique 24\/7.<\/p>","protected":false},"featured_media":5390,"comment_status":"open","ping_status":"closed","template":"","meta":{"site-sidebar-layout":"default","site-content-layout":"","ast-site-content-layout":"default","site-content-style":"default","site-sidebar-style":"default","ast-global-header-display":"","ast-banner-title-visibility":"","ast-main-header-display":"","ast-hfb-above-header-display":"","ast-hfb-below-header-display":"","ast-hfb-mobile-header-display":"","site-post-title":"","ast-breadcrumbs-content":"","ast-featured-img":"","footer-sml-layout":"","theme-transparent-header-meta":"default","adv-header-id-meta":"","stick-header-meta":"","header-above-stick-meta":"","header-main-stick-meta":"","header-below-stick-meta":"","astra-migrate-meta-layouts":"set","ast-page-background-enabled":"default","ast-page-background-meta":{"desktop":{"background-color":"","background-image":"","background-repeat":"repeat","background-position":"center center","background-size":"auto","background-attachment":"scroll","background-type":"","background-media":"","overlay-type":"","overlay-color":"","overlay-opacity":"","overlay-gradient":""},"tablet":{"background-color":"","background-image":"","background-repeat":"repeat","background-position":"center center","background-size":"auto","background-attachment":"scroll","background-type":"","background-media":"","overlay-type":"","overlay-color":"","overlay-opacity":"","overlay-gradient":""},"mobile":{"background-color":"","background-image":"","background-repeat":"repeat","background-position":"center center","background-size":"auto","background-attachment":"scroll","background-type":"","background-media":"","overlay-type":"","overlay-color":"","overlay-opacity":"","overlay-gradient":""}},"ast-content-background-meta":{"desktop":{"background-color":"var(--ast-global-color-5)","background-image":"","background-repeat":"repeat","background-position":"center center","background-size":"auto","background-attachment":"scroll","background-type":"","background-media":"","overlay-type":"","overlay-color":"","overlay-opacity":"","overlay-gradient":""},"tablet":{"background-color":"var(--ast-global-color-5)","background-image":"","background-repeat":"repeat","background-position":"center center","background-size":"auto","background-attachment":"scroll","background-type":"","background-media":"","overlay-type":"","overlay-color":"","overlay-opacity":"","overlay-gradient":""},"mobile":{"background-color":"var(--ast-global-color-5)","background-image":"","background-repeat":"repeat","background-position":"center center","background-size":"auto","background-attachment":"scroll","background-type":"","background-media":"","overlay-type":"","overlay-color":"","overlay-opacity":"","overlay-gradient":""}},"yasr_overall_rating":0,"yasr_post_is_review":"","yasr_auto_insert_disabled":"","yasr_review_type":""},"product_brand":[],"product_cat":[24],"product_tag":[],"class_list":{"0":"post-5389","1":"product","2":"type-product","3":"status-publish","4":"has-post-thumbnail","6":"product_cat-cookie-production-line","7":"desktop-align-left","8":"tablet-align-left","9":"mobile-align-left","11":"first","12":"instock","13":"shipping-taxable","14":"product-type-simple"},"yoast_head":"<!-- This site is optimized with the Yoast SEO plugin v24.4 - https:\/\/yoast.com\/wordpress\/plugins\/seo\/ -->\n<title>Advanced Extruded Cookie Making Machines<\/title>\n<meta name=\"description\" content=\"Our extruded cookie making machine designed to meet the demands of modern bakeries, from small artisanal shops to large-scale industrial facilities.\" \/>\n<meta name=\"robots\" content=\"index, follow, max-snippet:-1, max-image-preview:large, max-video-preview:-1\" \/>\n<link rel=\"canonical\" href=\"https:\/\/www.biscuitsolution.com\/fr\/produit\/advanced-extruded-cookie-making-machines\/\" \/>\n<meta property=\"og:locale\" content=\"fr_FR\" \/>\n<meta property=\"og:type\" content=\"article\" \/>\n<meta property=\"og:title\" content=\"Advanced Extruded Cookie Making Machines\" \/>\n<meta property=\"og:description\" content=\"Our extruded cookie making machine designed to meet the demands of modern bakeries, from small artisanal shops to large-scale industrial facilities.\" \/>\n<meta property=\"og:url\" content=\"https:\/\/www.biscuitsolution.com\/fr\/produit\/advanced-extruded-cookie-making-machines\/\" \/>\n<meta property=\"og:site_name\" content=\"Biscuit Production Solution Manufacturer\" \/>\n<meta property=\"article:publisher\" content=\"https:\/\/www.facebook.com\/profile.php?id=100095205040823\" \/>\n<meta property=\"article:modified_time\" content=\"2025-03-19T09:10:07+00:00\" \/>\n<meta property=\"og:image\" content=\"https:\/\/www.biscuitsolution.com\/wp-content\/uploads\/2025\/03\/extruded-cookie-making-machine.jpg\" \/>\n\t<meta property=\"og:image:width\" content=\"600\" \/>\n\t<meta property=\"og:image:height\" content=\"600\" \/>\n\t<meta property=\"og:image:type\" content=\"image\/jpeg\" \/>\n<meta name=\"twitter:card\" content=\"summary_large_image\" \/>\n<meta name=\"twitter:site\" content=\"@shanna_zha26342\" \/>\n<meta name=\"twitter:label1\" content=\"Dur\u00e9e de lecture estim\u00e9e\" \/>\n\t<meta name=\"twitter:data1\" content=\"3 minutes\" \/>\n<script type=\"application\/ld+json\" class=\"yoast-schema-graph\">{\"@context\":\"https:\/\/schema.org\",\"@graph\":[{\"@type\":\"WebPage\",\"@id\":\"https:\/\/www.biscuitsolution.com\/product\/advanced-extruded-cookie-making-machines\/\",\"url\":\"https:\/\/www.biscuitsolution.com\/product\/advanced-extruded-cookie-making-machines\/\",\"name\":\"Advanced Extruded Cookie Making Machines\",\"isPartOf\":{\"@id\":\"https:\/\/www.biscuitsolution.com\/#website\"},\"primaryImageOfPage\":{\"@id\":\"https:\/\/www.biscuitsolution.com\/product\/advanced-extruded-cookie-making-machines\/#primaryimage\"},\"image\":{\"@id\":\"https:\/\/www.biscuitsolution.com\/product\/advanced-extruded-cookie-making-machines\/#primaryimage\"},\"thumbnailUrl\":\"https:\/\/www.biscuitsolution.com\/wp-content\/uploads\/2025\/03\/extruded-cookie-making-machine.jpg\",\"datePublished\":\"2025-03-19T09:09:21+00:00\",\"dateModified\":\"2025-03-19T09:10:07+00:00\",\"description\":\"Our extruded cookie making machine designed to meet the demands of modern bakeries, from small artisanal shops to large-scale industrial facilities.\",\"breadcrumb\":{\"@id\":\"https:\/\/www.biscuitsolution.com\/product\/advanced-extruded-cookie-making-machines\/#breadcrumb\"},\"inLanguage\":\"fr-FR\",\"potentialAction\":[{\"@type\":\"ReadAction\",\"target\":[\"https:\/\/www.biscuitsolution.com\/product\/advanced-extruded-cookie-making-machines\/\"]}]},{\"@type\":\"ImageObject\",\"inLanguage\":\"fr-FR\",\"@id\":\"https:\/\/www.biscuitsolution.com\/product\/advanced-extruded-cookie-making-machines\/#primaryimage\",\"url\":\"https:\/\/www.biscuitsolution.com\/wp-content\/uploads\/2025\/03\/extruded-cookie-making-machine.jpg\",\"contentUrl\":\"https:\/\/www.biscuitsolution.com\/wp-content\/uploads\/2025\/03\/extruded-cookie-making-machine.jpg\",\"width\":600,\"height\":600,\"caption\":\"extruded cookie making machine\"},{\"@type\":\"BreadcrumbList\",\"@id\":\"https:\/\/www.biscuitsolution.com\/product\/advanced-extruded-cookie-making-machines\/#breadcrumb\",\"itemListElement\":[{\"@type\":\"ListItem\",\"position\":1,\"name\":\"Home\",\"item\":\"https:\/\/www.biscuitsolution.com\/\"},{\"@type\":\"ListItem\",\"position\":2,\"name\":\"Product\",\"item\":\"https:\/\/www.biscuitsolution.com\/product\/\"},{\"@type\":\"ListItem\",\"position\":3,\"name\":\"Advanced Extruded Cookie Making Machines\"}]},{\"@type\":\"WebSite\",\"@id\":\"https:\/\/www.biscuitsolution.com\/#website\",\"url\":\"https:\/\/www.biscuitsolution.com\/\",\"name\":\"Biscuit Production Solution Manufacturer\",\"description\":\"\",\"potentialAction\":[{\"@type\":\"SearchAction\",\"target\":{\"@type\":\"EntryPoint\",\"urlTemplate\":\"https:\/\/www.biscuitsolution.com\/?s={search_term_string}\"},\"query-input\":{\"@type\":\"PropertyValueSpecification\",\"valueRequired\":true,\"valueName\":\"search_term_string\"}}],\"inLanguage\":\"fr-FR\"},false]}<\/script>\n<!-- \/ Yoast SEO plugin. -->","yoast_head_json":{"title":"Extrudeuse pour production de biscuits Machines avanc\u00e9es","description":"Notre machine \u00e0 fabriquer des biscuits extrud\u00e9s est con\u00e7ue pour r\u00e9pondre aux exigences des boulangeries modernes, qu'il s'agisse de petites boutiques artisanales ou d'installations industrielles \u00e0 grande \u00e9chelle.","robots":{"index":"index","follow":"follow","max-snippet":"max-snippet:-1","max-image-preview":"max-image-preview:large","max-video-preview":"max-video-preview:-1"},"canonical":"https:\/\/www.biscuitsolution.com\/fr\/produit\/advanced-extruded-cookie-making-machines\/","og_locale":"fr_FR","og_type":"article","og_title":"Advanced Extruded Cookie Making Machines","og_description":"Our extruded cookie making machine designed to meet the demands of modern bakeries, from small artisanal shops to large-scale industrial facilities.","og_url":"https:\/\/www.biscuitsolution.com\/fr\/produit\/advanced-extruded-cookie-making-machines\/","og_site_name":"Biscuit Production Solution Manufacturer","article_publisher":"https:\/\/www.facebook.com\/profile.php?id=100095205040823","article_modified_time":"2025-03-19T09:10:07+00:00","og_image":[{"width":600,"height":600,"url":"https:\/\/www.biscuitsolution.com\/wp-content\/uploads\/2025\/03\/extruded-cookie-making-machine.jpg","type":"image\/jpeg"}],"twitter_card":"summary_large_image","twitter_site":"@shanna_zha26342","twitter_misc":{"Dur\u00e9e de lecture estim\u00e9e":"3 minutes"},"schema":{"@context":"https:\/\/schema.org","@graph":[{"@type":"WebPage","@id":"https:\/\/www.biscuitsolution.com\/product\/advanced-extruded-cookie-making-machines\/","url":"https:\/\/www.biscuitsolution.com\/product\/advanced-extruded-cookie-making-machines\/","name":"Extrudeuse pour production de biscuits Machines avanc\u00e9es","isPartOf":{"@id":"https:\/\/www.biscuitsolution.com\/#website"},"primaryImageOfPage":{"@id":"https:\/\/www.biscuitsolution.com\/product\/advanced-extruded-cookie-making-machines\/#primaryimage"},"image":{"@id":"https:\/\/www.biscuitsolution.com\/product\/advanced-extruded-cookie-making-machines\/#primaryimage"},"thumbnailUrl":"https:\/\/www.biscuitsolution.com\/wp-content\/uploads\/2025\/03\/extruded-cookie-making-machine.jpg","datePublished":"2025-03-19T09:09:21+00:00","dateModified":"2025-03-19T09:10:07+00:00","description":"Notre machine \u00e0 fabriquer des biscuits extrud\u00e9s est con\u00e7ue pour r\u00e9pondre aux exigences des boulangeries modernes, qu'il s'agisse de petites boutiques artisanales ou d'installations industrielles \u00e0 grande \u00e9chelle.","breadcrumb":{"@id":"https:\/\/www.biscuitsolution.com\/product\/advanced-extruded-cookie-making-machines\/#breadcrumb"},"inLanguage":"fr-FR","potentialAction":[{"@type":"ReadAction","target":["https:\/\/www.biscuitsolution.com\/product\/advanced-extruded-cookie-making-machines\/"]}]},{"@type":"ImageObject","inLanguage":"fr-FR","@id":"https:\/\/www.biscuitsolution.com\/product\/advanced-extruded-cookie-making-machines\/#primaryimage","url":"https:\/\/www.biscuitsolution.com\/wp-content\/uploads\/2025\/03\/extruded-cookie-making-machine.jpg","contentUrl":"https:\/\/www.biscuitsolution.com\/wp-content\/uploads\/2025\/03\/extruded-cookie-making-machine.jpg","width":600,"height":600,"caption":"extruded cookie making machine"},{"@type":"BreadcrumbList","@id":"https:\/\/www.biscuitsolution.com\/product\/advanced-extruded-cookie-making-machines\/#breadcrumb","itemListElement":[{"@type":"ListItem","position":1,"name":"Home","item":"https:\/\/www.biscuitsolution.com\/"},{"@type":"ListItem","position":2,"name":"Product","item":"https:\/\/www.biscuitsolution.com\/product\/"},{"@type":"ListItem","position":3,"name":"Advanced Extruded Cookie Making Machines"}]},{"@type":"WebSite","@id":"https:\/\/www.biscuitsolution.com\/#website","url":"https:\/\/www.biscuitsolution.com\/","name":"Fabricant de solutions pour la production de biscuits","description":"","potentialAction":[{"@type":"SearchAction","target":{"@type":"EntryPoint","urlTemplate":"https:\/\/www.biscuitsolution.com\/?s={search_term_string}"},"query-input":{"@type":"PropertyValueSpecification","valueRequired":true,"valueName":"search_term_string"}}],"inLanguage":"fr-FR"},false]}},"yasr_visitor_votes":{"stars_attributes":{"read_only":false,"span_bottom":false},"number_of_votes":0,"sum_votes":0},"_links":{"self":[{"href":"https:\/\/www.biscuitsolution.com\/fr\/wp-json\/wp\/v2\/product\/5389","targetHints":{"allow":["GET"]}}],"collection":[{"href":"https:\/\/www.biscuitsolution.com\/fr\/wp-json\/wp\/v2\/product"}],"about":[{"href":"https:\/\/www.biscuitsolution.com\/fr\/wp-json\/wp\/v2\/types\/product"}],"replies":[{"embeddable":true,"href":"https:\/\/www.biscuitsolution.com\/fr\/wp-json\/wp\/v2\/comments?post=5389"}],"version-history":[{"count":2,"href":"https:\/\/www.biscuitsolution.com\/fr\/wp-json\/wp\/v2\/product\/5389\/revisions"}],"predecessor-version":[{"id":5395,"href":"https:\/\/www.biscuitsolution.com\/fr\/wp-json\/wp\/v2\/product\/5389\/revisions\/5395"}],"wp:featuredmedia":[{"embeddable":true,"href":"https:\/\/www.biscuitsolution.com\/fr\/wp-json\/wp\/v2\/media\/5390"}],"wp:attachment":[{"href":"https:\/\/www.biscuitsolution.com\/fr\/wp-json\/wp\/v2\/media?parent=5389"}],"wp:term":[{"taxonomy":"product_brand","embeddable":true,"href":"https:\/\/www.biscuitsolution.com\/fr\/wp-json\/wp\/v2\/product_brand?post=5389"},{"taxonomy":"product_cat","embeddable":true,"href":"https:\/\/www.biscuitsolution.com\/fr\/wp-json\/wp\/v2\/product_cat?post=5389"},{"taxonomy":"product_tag","embeddable":true,"href":"https:\/\/www.biscuitsolution.com\/fr\/wp-json\/wp\/v2\/product_tag?post=5389"}],"curies":[{"name":"wp","href":"https:\/\/api.w.org\/{rel}","templated":true}]}}