{"id":5363,"date":"2025-03-12T16:57:09","date_gmt":"2025-03-12T08:57:09","guid":{"rendered":"https:\/\/www.biscuitsolution.com\/?post_type=product&#038;p=5363"},"modified":"2025-12-22T18:20:48","modified_gmt":"2025-12-22T10:20:48","slug":"soft-biscuit-forming-machine-efficient-flexible-and-reliable","status":"publish","type":"product","link":"https:\/\/www.biscuitsolution.com\/fr\/produit\/soft-biscuit-forming-machine-efficient-flexible-and-reliable\/","title":{"rendered":"Machine \u00e0 former les biscuits mous : Efficace, flexible et fiable"},"content":{"rendered":"<p><strong>Machine \u00e0 former les biscuits mous<\/strong> est un \u00e9quipement cl\u00e9 pour la production de biscuits moelleux et est largement utilis\u00e9 dans les lignes de production de biscuits modernes. Il garantit la coh\u00e9rence de la forme, de la taille et de la texture des biscuits gr\u00e2ce \u00e0 l'automatisation et \u00e0 un contr\u00f4le pr\u00e9cis, tout en am\u00e9liorant l'efficacit\u00e9 de la production.<\/p>\n<p><img fetchpriority=\"high\" decoding=\"async\" class=\"alignnone size-full wp-image-5364\" src=\"https:\/\/www.biscuitsolution.com\/wp-content\/uploads\/2025\/03\/Soft-biscuit-forming-machines.jpg\" alt=\"machine \u00e0 former les biscuits mous\" width=\"800\" height=\"450\" srcset=\"https:\/\/www.biscuitsolution.com\/wp-content\/uploads\/2025\/03\/Soft-biscuit-forming-machines.jpg 800w, https:\/\/www.biscuitsolution.com\/wp-content\/uploads\/2025\/03\/Soft-biscuit-forming-machines-300x169.jpg 300w, https:\/\/www.biscuitsolution.com\/wp-content\/uploads\/2025\/03\/Soft-biscuit-forming-machines-768x432.jpg 768w, https:\/\/www.biscuitsolution.com\/wp-content\/uploads\/2025\/03\/Soft-biscuit-forming-machines-18x10.jpg 18w, https:\/\/www.biscuitsolution.com\/wp-content\/uploads\/2025\/03\/Soft-biscuit-forming-machines-600x338.jpg 600w, https:\/\/www.biscuitsolution.com\/wp-content\/uploads\/2025\/03\/Soft-biscuit-forming-machines-64x36.jpg 64w\" sizes=\"(max-width: 800px) 100vw, 800px\" \/><\/p>\n<h2>Composition et fonction de la machine \u00e0 former les biscuits mous<\/h2>\n<ul>\n<li>Fonction : Transformer la p\u00e2te en biscuits.<\/li>\n<li>Dispositif de laminage de la p\u00e2te : Presser la p\u00e2te en feuilles minces et uniformes en la roulant.<\/li>\n<li>Moule de formage : Utilis\u00e9 pour presser la p\u00e2te en forme de biscuit. Le moule peut \u00eatre remplac\u00e9 pour produire des biscuits de diff\u00e9rentes formes.<\/li>\n<li>Dispositif de d\u00e9coupe : Couper les biscuits form\u00e9s \u00e0 partir de la p\u00e2te.<\/li>\n<li>Caract\u00e9ristiques : L'unit\u00e9 de formage peut ajuster l'\u00e9paisseur de la p\u00e2te et la taille des biscuits en fonction des besoins.<\/li>\n<\/ul>\n<p><img decoding=\"async\" class=\"alignnone size-full wp-image-5365\" src=\"https:\/\/www.biscuitsolution.com\/wp-content\/uploads\/2025\/03\/soft-biscuits-forming.jpg\" alt=\"machine \u00e0 former les biscuits mous\" width=\"800\" height=\"450\" srcset=\"https:\/\/www.biscuitsolution.com\/wp-content\/uploads\/2025\/03\/soft-biscuits-forming.jpg 800w, https:\/\/www.biscuitsolution.com\/wp-content\/uploads\/2025\/03\/soft-biscuits-forming-300x169.jpg 300w, https:\/\/www.biscuitsolution.com\/wp-content\/uploads\/2025\/03\/soft-biscuits-forming-768x432.jpg 768w, https:\/\/www.biscuitsolution.com\/wp-content\/uploads\/2025\/03\/soft-biscuits-forming-18x10.jpg 18w, https:\/\/www.biscuitsolution.com\/wp-content\/uploads\/2025\/03\/soft-biscuits-forming-600x338.jpg 600w, https:\/\/www.biscuitsolution.com\/wp-content\/uploads\/2025\/03\/soft-biscuits-forming-64x36.jpg 64w\" sizes=\"(max-width: 800px) 100vw, 800px\" \/><\/p>\n<h2>Principales caract\u00e9ristiques de la machine \u00e0 former les biscuits mous<\/h2>\n<ul>\n<li>Une automatisation efficace : Du m\u00e9lange de la p\u00e2te \u00e0 l'emballage du produit fini, l'ensemble du processus est hautement automatis\u00e9, ce qui r\u00e9duit les interventions manuelles.<\/li>\n<li>Production diversifi\u00e9e : Permet de produire des biscuits de formes et de tailles diff\u00e9rentes, en changeant les moules ou en ajustant les param\u00e8tres.<\/li>\n<li>Contr\u00f4le pr\u00e9cis : \u00c9quip\u00e9 d'un syst\u00e8me de contr\u00f4le PLC et d'une interface de fonctionnement \u00e0 \u00e9cran tactile, il peut contr\u00f4ler avec pr\u00e9cision des param\u00e8tres tels que la temp\u00e9rature, le temps, la pression, etc.<\/li>\n<li>Hygi\u00e8ne et nettoyage : L'\u00e9quipement est facile \u00e0 nettoyer et r\u00e9pond aux normes d'hygi\u00e8ne alimentaire.<\/li>\n<li>\u00c9conomie d'\u00e9nergie et protection de l'environnement : Les \u00e9quipements modernes mettent l'accent sur l'efficacit\u00e9 \u00e9nerg\u00e9tique et r\u00e9duisent les co\u00fbts d'exploitation.<\/li>\n<\/ul>\n<p><img decoding=\"async\" class=\"alignnone size-full wp-image-5366\" src=\"https:\/\/www.biscuitsolution.com\/wp-content\/uploads\/2025\/03\/soft-biscuits-forming-machine.jpg\" alt=\"machine \u00e0 former les biscuits mous\" width=\"800\" height=\"450\" srcset=\"https:\/\/www.biscuitsolution.com\/wp-content\/uploads\/2025\/03\/soft-biscuits-forming-machine.jpg 800w, https:\/\/www.biscuitsolution.com\/wp-content\/uploads\/2025\/03\/soft-biscuits-forming-machine-300x169.jpg 300w, https:\/\/www.biscuitsolution.com\/wp-content\/uploads\/2025\/03\/soft-biscuits-forming-machine-768x432.jpg 768w, https:\/\/www.biscuitsolution.com\/wp-content\/uploads\/2025\/03\/soft-biscuits-forming-machine-18x10.jpg 18w, https:\/\/www.biscuitsolution.com\/wp-content\/uploads\/2025\/03\/soft-biscuits-forming-machine-600x338.jpg 600w, https:\/\/www.biscuitsolution.com\/wp-content\/uploads\/2025\/03\/soft-biscuits-forming-machine-64x36.jpg 64w\" sizes=\"(max-width: 800px) 100vw, 800px\" \/><\/p>\n<h2>Etapes de remplacement du moule de la machine \u00e0 former les biscuits mous<\/h2>\n<ul>\n<li>V\u00e9rifier le nouveau moule : Confirmer que les dimensions du moule sont adapt\u00e9es \u00e0 l'\u00e9quipement actuel. V\u00e9rifiez si les joints des tuyaux d'eau de refroidissement du moule sont correctement install\u00e9s et si le canal d'eau n'est pas obstru\u00e9. Si le moule est dot\u00e9 d'une fonction d'extraction du noyau, v\u00e9rifiez que le tuyau d'huile et les joints sont intacts.<\/li>\n<li>Retirez l'ancien moule : Desserrez les vis de fixation aux deux extr\u00e9mit\u00e9s du cylindre de gaufrage. Retirez l'ancien cylindre de gaufrage de l'appareil.<\/li>\n<li>Installer le nouveau moule : Installez le nouveau cylindre de gaufrage sur l'\u00e9quipement et ajustez les vis pour le fixer. Veillez \u00e0 ce que la rainure du moule du cylindre de gaufrage corresponde \u00e0 la forme du biscuit.<\/li>\n<\/ul>\n<div class=\"ast-oembed-container\" style=\"height: 100%;\"><iframe title=\"Machine \u00e0 former les biscuits moelleux | Biscuits moelleux et cookies\" width=\"422\" height=\"750\" src=\"https:\/\/www.youtube.com\/embed\/2NMc3958DJ8?feature=oembed\" frameborder=\"0\" allow=\"accelerometer; autoplay; clipboard-write; encrypted-media; gyroscope; picture-in-picture; web-share\" referrerpolicy=\"strict-origin-when-cross-origin\" allowfullscreen><\/iframe><\/div>\n<h2>Questions fr\u00e9quemment pos\u00e9es<\/h2>\n<div>\n<div>\n<p><strong>Quel est le d\u00e9lai de livraison ?<\/strong><\/p>\n<div>\n<ul>\n<li>Livraison standard : 30-45 jours apr\u00e8s la confirmation de la commande. Livraison express sous 20 jours.<\/li>\n<\/ul>\n<\/div>\n<\/div>\n<div>\n<p><strong>La formation de l'op\u00e9rateur est-elle incluse ?<\/strong><\/p>\n<div>\n<ul>\n<li>Oui, une formation compl\u00e8te de 3 jours dans vos locaux est incluse avec l'installation.<\/li>\n<\/ul>\n<\/div>\n<\/div>\n<div>\n<p><strong>Quelle est votre politique de garantie ?<\/strong><\/p>\n<div>\n<ul>\n<li>Garantie de 2 ans sur toutes les pi\u00e8ces, assistance technique \u00e0 vie et garantie de r\u00e9ponse dans les 24 heures.<\/li>\n<\/ul>\n<\/div>\n<\/div>\n<div>\n<p><strong>Pouvez-vous personnaliser les moules pour nos dessins ?<\/strong><\/p>\n<div>\n<ul>\n<li>Oui, nous assurons la conception et la fabrication de moules sur mesure dans un d\u00e9lai de 2 \u00e0 3 semaines.<\/li>\n<\/ul>\n<\/div>\n<h2>Id\u00e9al pour les sc\u00e9narios de production multiples<\/h2>\n<div class=\"applications\">\n<div class=\"application\">\n<ul>\n<li>\ud83c\udfed Boulangeries industrielles : production \u00e0 grande \u00e9chelle (&gt;5 tonnes\/jour) avec capacit\u00e9 de fonctionnement continu<\/li>\n<li><span style=\"font-size: 16px;\">\ud83c\udfea Usines de taille moyenne : production flexible par lots (1-5 tonnes\/jour) avec des changements de produits rapides<\/span><\/li>\n<li><span style=\"font-size: 16px;\">\ud83d\ude80 Food Startups:Production en petites s\u00e9ries pour les marques de biscuits artisanaux et haut de gamme<\/span><\/li>\n<li><span style=\"font-size: 16px;\">\ud83d\udd2c Centres de R&amp;D : d\u00e9veloppement de nouveaux produits avec un contr\u00f4le exp\u00e9rimental pr\u00e9cis<\/span><\/li>\n<\/ul>\n<\/div>\n<\/div>\n<\/div>\n<\/div>\n<h2>Laissez un message pour obtenir un devis<\/h2>\n\n<div class=\"wpcf7 no-js\" id=\"wpcf7-f4619-o1\" lang=\"en-US\" dir=\"ltr\" data-wpcf7-id=\"4619\">\n<div class=\"screen-reader-response\"><p role=\"status\" aria-live=\"polite\" aria-atomic=\"true\"><\/p> <ul><\/ul><\/div>\n<form action=\"\/fr\/wp-json\/wp\/v2\/product\/5363#wpcf7-f4619-o1\" method=\"post\" class=\"wpcf7-form init\" aria-label=\"Formulaire de contact\" novalidate=\"novalidate\" data-status=\"init\" data-trp-original-action=\"\/fr\/wp-json\/wp\/v2\/product\/5363#wpcf7-f4619-o1\">\n<div style=\"display: none;\">\n<input type=\"hidden\" name=\"_wpcf7\" value=\"4619\" \/>\n<input type=\"hidden\" name=\"_wpcf7_version\" value=\"6.0.4\" \/>\n<input type=\"hidden\" name=\"_wpcf7_locale\" value=\"en_US\" \/>\n<input type=\"hidden\" name=\"_wpcf7_unit_tag\" value=\"wpcf7-f4619-o1\" \/>\n<input type=\"hidden\" name=\"_wpcf7_container_post\" value=\"0\" \/>\n<input type=\"hidden\" name=\"_wpcf7_posted_data_hash\" value=\"\" \/>\n<\/div>\n<p><label> Votre nom*<br \/>\n<span class=\"wpcf7-form-control-wrap\" data-name=\"your-name\"><input size=\"40\" maxlength=\"400\" class=\"wpcf7-form-control wpcf7-text wpcf7-validates-as-required\" aria-required=\"true\" aria-invalid=\"false\" value=\"\" type=\"text\" name=\"your-name\" \/><\/span> <\/label>\n<\/p>\n<p><label> Votre pays<br \/>\n<span class=\"wpcf7-form-control-wrap\" data-name=\"your-country\"><input size=\"40\" maxlength=\"400\" class=\"wpcf7-form-control wpcf7-text\" aria-invalid=\"false\" value=\"\" type=\"text\" name=\"your-country\" \/><\/span><\/label>\n<\/p>\n<p><label> Votre courriel*<br \/>\n<span class=\"wpcf7-form-control-wrap\" data-name=\"your-email\"><input size=\"40\" maxlength=\"400\" class=\"wpcf7-form-control wpcf7-email wpcf7-validates-as-required wpcf7-text wpcf7-validates-as-email\" aria-required=\"true\" aria-invalid=\"false\" value=\"\" type=\"email\" name=\"your-email\" \/><\/span> <\/label>\n<\/p>\n<p><label> Votre t\u00e9l\u00e9phone<br \/>\n<span class=\"wpcf7-form-control-wrap\" data-name=\"your-phone\"><input size=\"40\" maxlength=\"400\" class=\"wpcf7-form-control wpcf7-tel wpcf7-text wpcf7-validates-as-tel\" aria-invalid=\"false\" value=\"\" type=\"tel\" name=\"your-phone\" \/><\/span> <\/label>\n<\/p>\n<p><label> Nom de l'entreprise<br \/>\n<span class=\"wpcf7-form-control-wrap\" data-name=\"text-457\"><input size=\"40\" maxlength=\"400\" class=\"wpcf7-form-control wpcf7-text\" aria-invalid=\"false\" value=\"\" type=\"text\" name=\"text-457\" \/><\/span> <\/label>\n<\/p>\n<p><label> Le site web de votre entreprise<br \/>\n<span class=\"wpcf7-form-control-wrap\" data-name=\"text-546\"><input size=\"40\" maxlength=\"400\" class=\"wpcf7-form-control wpcf7-text\" aria-invalid=\"false\" value=\"\" type=\"text\" name=\"text-546\" \/><\/span> <\/label>\n<\/p>\n<p><label> Votre demande*<br \/>\n<span class=\"wpcf7-form-control-wrap\" data-name=\"your-message\"><textarea cols=\"40\" rows=\"10\" maxlength=\"2000\" class=\"wpcf7-form-control wpcf7-textarea wpcf7-validates-as-required\" aria-required=\"true\" aria-invalid=\"false\" name=\"your-message\"><\/textarea><\/span> <\/label>\n<\/p>\n<p><input class=\"wpcf7-form-control wpcf7-submit has-spinner\" type=\"submit\" value=\"Soumettre\" \/>\n<\/p><p style=\"display: none !important;\" class=\"akismet-fields-container\" data-prefix=\"_wpcf7_ak_\"><label>&#916;<textarea name=\"_wpcf7_ak_hp_textarea\" cols=\"45\" rows=\"8\" maxlength=\"100\"><\/textarea><\/label><input type=\"hidden\" id=\"ak_js_1\" name=\"_wpcf7_ak_js\" value=\"96\"\/><script>document.getElementById( \"ak_js_1\" ).setAttribute( \"value\", ( new Date() ).getTime() );<\/script><\/p><div class=\"wpcf7-response-output\" aria-hidden=\"true\"><\/div>\n<input type=\"hidden\" name=\"trp-form-language\" value=\"fr\"\/><\/form>\n<\/div>\n\n<div style='text-align:left' class='yasr-auto-insert-visitor'><\/div>","protected":false},"excerpt":{"rendered":"<p>Marque\uff1aGELGOOG<\/p>\n<p>Tension\uff1a380V<\/p>\n<p>Email\uff1ashanna@machinehall.com<\/p>\n<p>Tel\uff1a+8618638676709<\/p>","protected":false},"featured_media":5367,"comment_status":"open","ping_status":"closed","template":"","meta":{"site-sidebar-layout":"default","site-content-layout":"","ast-site-content-layout":"default","site-content-style":"default","site-sidebar-style":"default","ast-global-header-display":"","ast-banner-title-visibility":"","ast-main-header-display":"","ast-hfb-above-header-display":"","ast-hfb-below-header-display":"","ast-hfb-mobile-header-display":"","site-post-title":"","ast-breadcrumbs-content":"","ast-featured-img":"","footer-sml-layout":"","theme-transparent-header-meta":"default","adv-header-id-meta":"","stick-header-meta":"","header-above-stick-meta":"","header-main-stick-meta":"","header-below-stick-meta":"","astra-migrate-meta-layouts":"set","ast-page-background-enabled":"default","ast-page-background-meta":{"desktop":{"background-color":"","background-image":"","background-repeat":"repeat","background-position":"center center","background-size":"auto","background-attachment":"scroll","background-type":"","background-media":"","overlay-type":"","overlay-color":"","overlay-opacity":"","overlay-gradient":""},"tablet":{"background-color":"","background-image":"","background-repeat":"repeat","background-position":"center center","background-size":"auto","background-attachment":"scroll","background-type":"","background-media":"","overlay-type":"","overlay-color":"","overlay-opacity":"","overlay-gradient":""},"mobile":{"background-color":"","background-image":"","background-repeat":"repeat","background-position":"center center","background-size":"auto","background-attachment":"scroll","background-type":"","background-media":"","overlay-type":"","overlay-color":"","overlay-opacity":"","overlay-gradient":""}},"ast-content-background-meta":{"desktop":{"background-color":"var(--ast-global-color-5)","background-image":"","background-repeat":"repeat","background-position":"center center","background-size":"auto","background-attachment":"scroll","background-type":"","background-media":"","overlay-type":"","overlay-color":"","overlay-opacity":"","overlay-gradient":""},"tablet":{"background-color":"var(--ast-global-color-5)","background-image":"","background-repeat":"repeat","background-position":"center center","background-size":"auto","background-attachment":"scroll","background-type":"","background-media":"","overlay-type":"","overlay-color":"","overlay-opacity":"","overlay-gradient":""},"mobile":{"background-color":"var(--ast-global-color-5)","background-image":"","background-repeat":"repeat","background-position":"center center","background-size":"auto","background-attachment":"scroll","background-type":"","background-media":"","overlay-type":"","overlay-color":"","overlay-opacity":"","overlay-gradient":""}},"yasr_overall_rating":5,"yasr_post_is_review":"","yasr_auto_insert_disabled":"","yasr_review_type":""},"product_brand":[],"product_cat":[25],"product_tag":[],"class_list":{"0":"post-5363","1":"product","2":"type-product","3":"status-publish","4":"has-post-thumbnail","6":"product_cat-soft-biscuit-production-line","7":"desktop-align-left","8":"tablet-align-left","9":"mobile-align-left","11":"first","12":"instock","13":"shipping-taxable","14":"product-type-simple"},"yoast_head":"<!-- This site is optimized with the Yoast SEO plugin v24.4 - https:\/\/yoast.com\/wordpress\/plugins\/seo\/ -->\n<title>Soft Biscuit Forming Machine: Efficient, Flexible and Reliable - Biscuit Production Solution Manufacturer<\/title>\n<meta name=\"description\" content=\"Soft biscuit forming machine have automated process, flexible mold replace, and global service support to help efficient production and quality improvement.\" \/>\n<meta name=\"robots\" content=\"index, follow, max-snippet:-1, max-image-preview:large, max-video-preview:-1\" \/>\n<link rel=\"canonical\" href=\"https:\/\/www.biscuitsolution.com\/fr\/produit\/soft-biscuit-forming-machine-efficient-flexible-and-reliable\/\" \/>\n<meta property=\"og:locale\" content=\"fr_FR\" \/>\n<meta property=\"og:type\" content=\"article\" \/>\n<meta property=\"og:title\" content=\"Soft Biscuit Forming Machine: Efficient, Flexible and Reliable - Biscuit Production Solution Manufacturer\" \/>\n<meta property=\"og:description\" content=\"Soft biscuit forming machine have automated process, flexible mold replace, and global service support to help efficient production and quality improvement.\" \/>\n<meta property=\"og:url\" content=\"https:\/\/www.biscuitsolution.com\/fr\/produit\/soft-biscuit-forming-machine-efficient-flexible-and-reliable\/\" \/>\n<meta property=\"og:site_name\" content=\"Biscuit Production Solution Manufacturer\" \/>\n<meta property=\"article:publisher\" content=\"https:\/\/www.facebook.com\/profile.php?id=100095205040823\" \/>\n<meta property=\"article:modified_time\" content=\"2025-12-22T10:20:48+00:00\" \/>\n<meta property=\"og:image\" content=\"https:\/\/www.biscuitsolution.com\/wp-content\/uploads\/2025\/03\/soft-biscuit-forming-machine.jpg\" \/>\n\t<meta property=\"og:image:width\" content=\"600\" \/>\n\t<meta property=\"og:image:height\" content=\"600\" \/>\n\t<meta property=\"og:image:type\" content=\"image\/jpeg\" \/>\n<meta name=\"twitter:card\" content=\"summary_large_image\" \/>\n<meta name=\"twitter:site\" content=\"@shanna_zha26342\" \/>\n<meta name=\"twitter:label1\" content=\"Dur\u00e9e de lecture estim\u00e9e\" \/>\n\t<meta name=\"twitter:data1\" content=\"3 minutes\" \/>\n<script type=\"application\/ld+json\" class=\"yoast-schema-graph\">{\"@context\":\"https:\/\/schema.org\",\"@graph\":[{\"@type\":\"WebPage\",\"@id\":\"https:\/\/www.biscuitsolution.com\/product\/soft-biscuit-forming-machine-efficient-flexible-and-reliable\/\",\"url\":\"https:\/\/www.biscuitsolution.com\/product\/soft-biscuit-forming-machine-efficient-flexible-and-reliable\/\",\"name\":\"Soft Biscuit Forming Machine: Efficient, Flexible and Reliable - Biscuit Production Solution Manufacturer\",\"isPartOf\":{\"@id\":\"https:\/\/www.biscuitsolution.com\/#website\"},\"primaryImageOfPage\":{\"@id\":\"https:\/\/www.biscuitsolution.com\/product\/soft-biscuit-forming-machine-efficient-flexible-and-reliable\/#primaryimage\"},\"image\":{\"@id\":\"https:\/\/www.biscuitsolution.com\/product\/soft-biscuit-forming-machine-efficient-flexible-and-reliable\/#primaryimage\"},\"thumbnailUrl\":\"https:\/\/www.biscuitsolution.com\/wp-content\/uploads\/2025\/03\/soft-biscuit-forming-machine.jpg\",\"datePublished\":\"2025-03-12T08:57:09+00:00\",\"dateModified\":\"2025-12-22T10:20:48+00:00\",\"description\":\"Soft biscuit forming machine have automated process, flexible mold replace, and global service support to help efficient production and quality improvement.\",\"breadcrumb\":{\"@id\":\"https:\/\/www.biscuitsolution.com\/product\/soft-biscuit-forming-machine-efficient-flexible-and-reliable\/#breadcrumb\"},\"inLanguage\":\"fr-FR\",\"potentialAction\":[{\"@type\":\"ReadAction\",\"target\":[\"https:\/\/www.biscuitsolution.com\/product\/soft-biscuit-forming-machine-efficient-flexible-and-reliable\/\"]}]},{\"@type\":\"ImageObject\",\"inLanguage\":\"fr-FR\",\"@id\":\"https:\/\/www.biscuitsolution.com\/product\/soft-biscuit-forming-machine-efficient-flexible-and-reliable\/#primaryimage\",\"url\":\"https:\/\/www.biscuitsolution.com\/wp-content\/uploads\/2025\/03\/soft-biscuit-forming-machine.jpg\",\"contentUrl\":\"https:\/\/www.biscuitsolution.com\/wp-content\/uploads\/2025\/03\/soft-biscuit-forming-machine.jpg\",\"width\":600,\"height\":600,\"caption\":\"soft biscuit forming machine\"},{\"@type\":\"BreadcrumbList\",\"@id\":\"https:\/\/www.biscuitsolution.com\/product\/soft-biscuit-forming-machine-efficient-flexible-and-reliable\/#breadcrumb\",\"itemListElement\":[{\"@type\":\"ListItem\",\"position\":1,\"name\":\"Home\",\"item\":\"https:\/\/www.biscuitsolution.com\/\"},{\"@type\":\"ListItem\",\"position\":2,\"name\":\"Product\",\"item\":\"https:\/\/www.biscuitsolution.com\/product\/\"},{\"@type\":\"ListItem\",\"position\":3,\"name\":\"Soft Biscuit Forming Machine: Efficient, Flexible and Reliable\"}]},{\"@type\":\"WebSite\",\"@id\":\"https:\/\/www.biscuitsolution.com\/#website\",\"url\":\"https:\/\/www.biscuitsolution.com\/\",\"name\":\"Biscuit Production Solution Manufacturer\",\"description\":\"\",\"potentialAction\":[{\"@type\":\"SearchAction\",\"target\":{\"@type\":\"EntryPoint\",\"urlTemplate\":\"https:\/\/www.biscuitsolution.com\/?s={search_term_string}\"},\"query-input\":{\"@type\":\"PropertyValueSpecification\",\"valueRequired\":true,\"valueName\":\"search_term_string\"}}],\"inLanguage\":\"fr-FR\"},false]}<\/script>\n<!-- \/ Yoast SEO plugin. -->","yoast_head_json":{"title":"Machine \u00e0 former les biscuits mous : Efficace, flexible et fiable - Fabricant de solutions pour la production de biscuits","description":"Les machines de formage de biscuits mous sont dot\u00e9es d'un processus automatis\u00e9, d'un remplacement flexible des moules et d'un service d'assistance global pour contribuer \u00e0 une production efficace et \u00e0 l'am\u00e9lioration de la qualit\u00e9.","robots":{"index":"index","follow":"follow","max-snippet":"max-snippet:-1","max-image-preview":"max-image-preview:large","max-video-preview":"max-video-preview:-1"},"canonical":"https:\/\/www.biscuitsolution.com\/fr\/produit\/soft-biscuit-forming-machine-efficient-flexible-and-reliable\/","og_locale":"fr_FR","og_type":"article","og_title":"Soft Biscuit Forming Machine: Efficient, Flexible and Reliable - Biscuit Production Solution Manufacturer","og_description":"Soft biscuit forming machine have automated process, flexible mold replace, and global service support to help efficient production and quality improvement.","og_url":"https:\/\/www.biscuitsolution.com\/fr\/produit\/soft-biscuit-forming-machine-efficient-flexible-and-reliable\/","og_site_name":"Biscuit Production Solution Manufacturer","article_publisher":"https:\/\/www.facebook.com\/profile.php?id=100095205040823","article_modified_time":"2025-12-22T10:20:48+00:00","og_image":[{"width":600,"height":600,"url":"https:\/\/www.biscuitsolution.com\/wp-content\/uploads\/2025\/03\/soft-biscuit-forming-machine.jpg","type":"image\/jpeg"}],"twitter_card":"summary_large_image","twitter_site":"@shanna_zha26342","twitter_misc":{"Dur\u00e9e de lecture estim\u00e9e":"3 minutes"},"schema":{"@context":"https:\/\/schema.org","@graph":[{"@type":"WebPage","@id":"https:\/\/www.biscuitsolution.com\/product\/soft-biscuit-forming-machine-efficient-flexible-and-reliable\/","url":"https:\/\/www.biscuitsolution.com\/product\/soft-biscuit-forming-machine-efficient-flexible-and-reliable\/","name":"Machine \u00e0 former les biscuits mous : Efficace, flexible et fiable - Fabricant de solutions pour la production de biscuits","isPartOf":{"@id":"https:\/\/www.biscuitsolution.com\/#website"},"primaryImageOfPage":{"@id":"https:\/\/www.biscuitsolution.com\/product\/soft-biscuit-forming-machine-efficient-flexible-and-reliable\/#primaryimage"},"image":{"@id":"https:\/\/www.biscuitsolution.com\/product\/soft-biscuit-forming-machine-efficient-flexible-and-reliable\/#primaryimage"},"thumbnailUrl":"https:\/\/www.biscuitsolution.com\/wp-content\/uploads\/2025\/03\/soft-biscuit-forming-machine.jpg","datePublished":"2025-03-12T08:57:09+00:00","dateModified":"2025-12-22T10:20:48+00:00","description":"Les machines de formage de biscuits mous sont dot\u00e9es d'un processus automatis\u00e9, d'un remplacement flexible des moules et d'un service d'assistance global pour contribuer \u00e0 une production efficace et \u00e0 l'am\u00e9lioration de la qualit\u00e9.","breadcrumb":{"@id":"https:\/\/www.biscuitsolution.com\/product\/soft-biscuit-forming-machine-efficient-flexible-and-reliable\/#breadcrumb"},"inLanguage":"fr-FR","potentialAction":[{"@type":"ReadAction","target":["https:\/\/www.biscuitsolution.com\/product\/soft-biscuit-forming-machine-efficient-flexible-and-reliable\/"]}]},{"@type":"ImageObject","inLanguage":"fr-FR","@id":"https:\/\/www.biscuitsolution.com\/product\/soft-biscuit-forming-machine-efficient-flexible-and-reliable\/#primaryimage","url":"https:\/\/www.biscuitsolution.com\/wp-content\/uploads\/2025\/03\/soft-biscuit-forming-machine.jpg","contentUrl":"https:\/\/www.biscuitsolution.com\/wp-content\/uploads\/2025\/03\/soft-biscuit-forming-machine.jpg","width":600,"height":600,"caption":"soft biscuit forming machine"},{"@type":"BreadcrumbList","@id":"https:\/\/www.biscuitsolution.com\/product\/soft-biscuit-forming-machine-efficient-flexible-and-reliable\/#breadcrumb","itemListElement":[{"@type":"ListItem","position":1,"name":"Home","item":"https:\/\/www.biscuitsolution.com\/"},{"@type":"ListItem","position":2,"name":"Product","item":"https:\/\/www.biscuitsolution.com\/product\/"},{"@type":"ListItem","position":3,"name":"Soft Biscuit Forming Machine: Efficient, Flexible and Reliable"}]},{"@type":"WebSite","@id":"https:\/\/www.biscuitsolution.com\/#website","url":"https:\/\/www.biscuitsolution.com\/","name":"Fabricant de solutions pour la production de biscuits","description":"","potentialAction":[{"@type":"SearchAction","target":{"@type":"EntryPoint","urlTemplate":"https:\/\/www.biscuitsolution.com\/?s={search_term_string}"},"query-input":{"@type":"PropertyValueSpecification","valueRequired":true,"valueName":"search_term_string"}}],"inLanguage":"fr-FR"},false]}},"yasr_visitor_votes":{"stars_attributes":{"read_only":false,"span_bottom":false},"number_of_votes":1,"sum_votes":5},"_links":{"self":[{"href":"https:\/\/www.biscuitsolution.com\/fr\/wp-json\/wp\/v2\/product\/5363","targetHints":{"allow":["GET"]}}],"collection":[{"href":"https:\/\/www.biscuitsolution.com\/fr\/wp-json\/wp\/v2\/product"}],"about":[{"href":"https:\/\/www.biscuitsolution.com\/fr\/wp-json\/wp\/v2\/types\/product"}],"replies":[{"embeddable":true,"href":"https:\/\/www.biscuitsolution.com\/fr\/wp-json\/wp\/v2\/comments?post=5363"}],"version-history":[{"count":5,"href":"https:\/\/www.biscuitsolution.com\/fr\/wp-json\/wp\/v2\/product\/5363\/revisions"}],"predecessor-version":[{"id":5857,"href":"https:\/\/www.biscuitsolution.com\/fr\/wp-json\/wp\/v2\/product\/5363\/revisions\/5857"}],"wp:featuredmedia":[{"embeddable":true,"href":"https:\/\/www.biscuitsolution.com\/fr\/wp-json\/wp\/v2\/media\/5367"}],"wp:attachment":[{"href":"https:\/\/www.biscuitsolution.com\/fr\/wp-json\/wp\/v2\/media?parent=5363"}],"wp:term":[{"taxonomy":"product_brand","embeddable":true,"href":"https:\/\/www.biscuitsolution.com\/fr\/wp-json\/wp\/v2\/product_brand?post=5363"},{"taxonomy":"product_cat","embeddable":true,"href":"https:\/\/www.biscuitsolution.com\/fr\/wp-json\/wp\/v2\/product_cat?post=5363"},{"taxonomy":"product_tag","embeddable":true,"href":"https:\/\/www.biscuitsolution.com\/fr\/wp-json\/wp\/v2\/product_tag?post=5363"}],"curies":[{"name":"wp","href":"https:\/\/api.w.org\/{rel}","templated":true}]}}