{"id":5354,"date":"2025-03-10T18:10:31","date_gmt":"2025-03-10T10:10:31","guid":{"rendered":"https:\/\/www.biscuitsolution.com\/?post_type=product&#038;p=5354"},"modified":"2025-03-10T18:11:17","modified_gmt":"2025-03-10T10:11:17","slug":"industrial-hard-biscuit-forming-machine-efficient-production","status":"publish","type":"product","link":"https:\/\/www.biscuitsolution.com\/fr\/produit\/industrial-hard-biscuit-forming-machine-efficient-production\/","title":{"rendered":"Machine industrielle \u00e0 former les biscuits durs : Production efficace"},"content":{"rendered":"<p>Dans le domaine de la boulangerie industrielle, <strong>machines \u00e0 former les biscuits durs<\/strong> sont la pierre angulaire de l'efficacit\u00e9 et de la pr\u00e9cision. Que vous produisiez des biscuits durs traditionnels ou que vous exploriez de nouveaux ar\u00f4mes et de nouvelles formes, nos machines sont con\u00e7ues pour fournir d'excellents r\u00e9sultats.<\/p>\n<p><img fetchpriority=\"high\" decoding=\"async\" class=\"alignnone size-full wp-image-5355\" src=\"https:\/\/www.biscuitsolution.com\/wp-content\/uploads\/2025\/03\/industrial-hard-biscuit-forming-machine.jpg\" alt=\"machine industrielle \u00e0 former les biscuits durs\" width=\"800\" height=\"450\" srcset=\"https:\/\/www.biscuitsolution.com\/wp-content\/uploads\/2025\/03\/industrial-hard-biscuit-forming-machine.jpg 800w, https:\/\/www.biscuitsolution.com\/wp-content\/uploads\/2025\/03\/industrial-hard-biscuit-forming-machine-300x169.jpg 300w, https:\/\/www.biscuitsolution.com\/wp-content\/uploads\/2025\/03\/industrial-hard-biscuit-forming-machine-768x432.jpg 768w, https:\/\/www.biscuitsolution.com\/wp-content\/uploads\/2025\/03\/industrial-hard-biscuit-forming-machine-18x10.jpg 18w, https:\/\/www.biscuitsolution.com\/wp-content\/uploads\/2025\/03\/industrial-hard-biscuit-forming-machine-600x338.jpg 600w, https:\/\/www.biscuitsolution.com\/wp-content\/uploads\/2025\/03\/industrial-hard-biscuit-forming-machine-64x36.jpg 64w\" sizes=\"(max-width: 800px) 100vw, 800px\" \/><\/p>\n<p>Notre machine industrielle \u00e0 former les biscuits durs est un dispositif de laminage et de coupe sp\u00e9cialement con\u00e7u pour presser et former les biscuits durs.<\/p>\n<p>Il est \u00e9quip\u00e9 d'un m\u00e9canisme de pressage robuste, d'un m\u00e9canisme de formage par laminage et par d\u00e9coupe, d'un m\u00e9canisme de tri, d'un syst\u00e8me de transmission et d'un cadre durable.<\/p>\n<p>Cette machine convient parfaitement \u00e0 la production d'une vari\u00e9t\u00e9 de biscuits durs, notamment sal\u00e9s, sucr\u00e9s, \u00e9pais et fins.<\/p>\n<h2>Principe de fonctionnement de la machine \u00e0 former les biscuits durs<\/h2>\n<ol>\n<li>La machine achemine d'abord la p\u00e2te \u00e0 biscuit pr\u00e9par\u00e9e de la tr\u00e9mie au m\u00e9canisme de formage par l'interm\u00e9diaire du syst\u00e8me d'alimentation.<\/li>\n<li>Le m\u00e9canisme de formage utilise ensuite un moule ou un rouleau pour appliquer une pression afin de donner \u00e0 la p\u00e2te la forme de biscuit souhait\u00e9e.<\/li>\n<li>Apr\u00e8s le formage, le dispositif de d\u00e9coupe coupe avec pr\u00e9cision la p\u00e2te en biscuits individuels.<\/li>\n<li>Les biscuits form\u00e9s sont ensuite d\u00e9charg\u00e9s de la machine et envoy\u00e9s \u00e0 l'\u00e9tape de traitement suivante, telle que la cuisson ou l'emballage.<\/li>\n<\/ol>\n<p><img decoding=\"async\" class=\"alignnone size-full wp-image-5356\" src=\"https:\/\/www.biscuitsolution.com\/wp-content\/uploads\/2025\/03\/hard-biscuit-forming-machine.jpg\" alt=\"machine industrielle \u00e0 former les biscuits durs\" width=\"800\" height=\"450\" srcset=\"https:\/\/www.biscuitsolution.com\/wp-content\/uploads\/2025\/03\/hard-biscuit-forming-machine.jpg 800w, https:\/\/www.biscuitsolution.com\/wp-content\/uploads\/2025\/03\/hard-biscuit-forming-machine-300x169.jpg 300w, https:\/\/www.biscuitsolution.com\/wp-content\/uploads\/2025\/03\/hard-biscuit-forming-machine-768x432.jpg 768w, https:\/\/www.biscuitsolution.com\/wp-content\/uploads\/2025\/03\/hard-biscuit-forming-machine-18x10.jpg 18w, https:\/\/www.biscuitsolution.com\/wp-content\/uploads\/2025\/03\/hard-biscuit-forming-machine-600x338.jpg 600w, https:\/\/www.biscuitsolution.com\/wp-content\/uploads\/2025\/03\/hard-biscuit-forming-machine-64x36.jpg 64w\" sizes=\"(max-width: 800px) 100vw, 800px\" \/><\/p>\n<h2>Avantages Cl\u00e9s de la Machine de Formage de Biscuits Durs<\/h2>\n<ul>\n<li>Haute Efficacit\u00e9 : Production continue et automatis\u00e9e pour un d\u00e9bit accru et une r\u00e9duction des co\u00fbts de main-d'\u0153uvre. Capacit\u00e9 \u00e9lev\u00e9e \u00e0 traiter la p\u00e2te sans compromettre la qualit\u00e9.<\/li>\n<li>Pr\u00e9cision et Uniformit\u00e9 : Structure m\u00e9canique avanc\u00e9e et syst\u00e8me de contr\u00f4le garantissant la pr\u00e9cision de la forme, de la taille et du poids de chaque biscuit.<\/li>\n<li>Polyvalence : Changement rapide de moules pour produire diverses formes (rondes, carr\u00e9es, motifs complexes) et s'adapter aux demandes du march\u00e9.<\/li>\n<li>Robustesse et Simplicit\u00e9 : Interface utilisateur intuitive et construction durable avec des mat\u00e9riaux de qualit\u00e9 pour une utilisation et un entretien faciles.<\/li>\n<li>Innovation \u00c9cologique : Conception \u00e9conome en \u00e9nergie, avec correction automatique des \u00e9carts et contr\u00f4le pr\u00e9cis de la temp\u00e9rature pour r\u00e9duire les co\u00fbts d'exploitation et favoriser une production durable.<\/li>\n<\/ul>\n<p><img decoding=\"async\" class=\"alignnone size-full wp-image-5357\" src=\"https:\/\/www.biscuitsolution.com\/wp-content\/uploads\/2025\/03\/biscuit-forming-machine.jpg\" alt=\"machine industrielle \u00e0 former les biscuits durs\" width=\"800\" height=\"450\" srcset=\"https:\/\/www.biscuitsolution.com\/wp-content\/uploads\/2025\/03\/biscuit-forming-machine.jpg 800w, https:\/\/www.biscuitsolution.com\/wp-content\/uploads\/2025\/03\/biscuit-forming-machine-300x169.jpg 300w, https:\/\/www.biscuitsolution.com\/wp-content\/uploads\/2025\/03\/biscuit-forming-machine-768x432.jpg 768w, https:\/\/www.biscuitsolution.com\/wp-content\/uploads\/2025\/03\/biscuit-forming-machine-18x10.jpg 18w, https:\/\/www.biscuitsolution.com\/wp-content\/uploads\/2025\/03\/biscuit-forming-machine-600x338.jpg 600w, https:\/\/www.biscuitsolution.com\/wp-content\/uploads\/2025\/03\/biscuit-forming-machine-64x36.jpg 64w\" sizes=\"(max-width: 800px) 100vw, 800px\" \/><\/p>\n<h2>Pourquoi nous choisir ?<\/h2>\n<p>Nous nous engageons \u00e0 fournir les meilleures solutions pour vos besoins en mati\u00e8re de production de biscuits.<\/p>\n<p>Notre \u00e9quipe d'experts dispose d'une vaste exp\u00e9rience dans le secteur, ce qui vous garantit une assistance de premier ordre, de la mise en place initiale \u00e0 la maintenance continue.<\/p>\n<p>Nous fournissons \u00e9galement des plans d'am\u00e9nagement et de production adapt\u00e9s \u00e0 l'espace de votre usine et \u00e0 votre budget.<\/p>\n<p>&nbsp;<\/p>\n<h2>Pr\u00eat \u00e0 transformer votre production de biscuits ?<\/h2>\n<p>Contactez-nous d\u00e8s aujourd'hui pour en savoir plus sur nos machines et sur la mani\u00e8re dont elles peuvent am\u00e9liorer vos capacit\u00e9s de production.<\/p>\n<p>Laissez-nous vous aider \u00e0 fa\u00e7onner l'avenir de la fabrication de biscuits avec pr\u00e9cision et fiabilit\u00e9.<\/p>\n<h2>Laissez un message pour obtenir un devis<\/h2>\n\n<div class=\"wpcf7 no-js\" id=\"wpcf7-f4619-o1\" lang=\"en-US\" dir=\"ltr\" data-wpcf7-id=\"4619\">\n<div class=\"screen-reader-response\"><p role=\"status\" aria-live=\"polite\" aria-atomic=\"true\"><\/p> <ul><\/ul><\/div>\n<form action=\"\/fr\/wp-json\/wp\/v2\/product\/5354#wpcf7-f4619-o1\" method=\"post\" class=\"wpcf7-form init\" aria-label=\"Formulaire de contact\" novalidate=\"novalidate\" data-status=\"init\" data-trp-original-action=\"\/fr\/wp-json\/wp\/v2\/product\/5354#wpcf7-f4619-o1\">\n<div style=\"display: none;\">\n<input type=\"hidden\" name=\"_wpcf7\" value=\"4619\" \/>\n<input type=\"hidden\" name=\"_wpcf7_version\" value=\"6.0.4\" \/>\n<input type=\"hidden\" name=\"_wpcf7_locale\" value=\"en_US\" \/>\n<input type=\"hidden\" name=\"_wpcf7_unit_tag\" value=\"wpcf7-f4619-o1\" \/>\n<input type=\"hidden\" name=\"_wpcf7_container_post\" value=\"0\" \/>\n<input type=\"hidden\" name=\"_wpcf7_posted_data_hash\" value=\"\" \/>\n<\/div>\n<p><label> Votre nom*<br \/>\n<span class=\"wpcf7-form-control-wrap\" data-name=\"your-name\"><input size=\"40\" maxlength=\"400\" class=\"wpcf7-form-control wpcf7-text wpcf7-validates-as-required\" aria-required=\"true\" aria-invalid=\"false\" value=\"\" type=\"text\" name=\"your-name\" \/><\/span> <\/label>\n<\/p>\n<p><label> Votre pays<br \/>\n<span class=\"wpcf7-form-control-wrap\" data-name=\"your-country\"><input size=\"40\" maxlength=\"400\" class=\"wpcf7-form-control wpcf7-text\" aria-invalid=\"false\" value=\"\" type=\"text\" name=\"your-country\" \/><\/span><\/label>\n<\/p>\n<p><label> Votre courriel*<br \/>\n<span class=\"wpcf7-form-control-wrap\" data-name=\"your-email\"><input size=\"40\" maxlength=\"400\" class=\"wpcf7-form-control wpcf7-email wpcf7-validates-as-required wpcf7-text wpcf7-validates-as-email\" aria-required=\"true\" aria-invalid=\"false\" value=\"\" type=\"email\" name=\"your-email\" \/><\/span> <\/label>\n<\/p>\n<p><label> Votre t\u00e9l\u00e9phone<br \/>\n<span class=\"wpcf7-form-control-wrap\" data-name=\"your-phone\"><input size=\"40\" maxlength=\"400\" class=\"wpcf7-form-control wpcf7-tel wpcf7-text wpcf7-validates-as-tel\" aria-invalid=\"false\" value=\"\" type=\"tel\" name=\"your-phone\" \/><\/span> <\/label>\n<\/p>\n<p><label> Nom de l'entreprise<br \/>\n<span class=\"wpcf7-form-control-wrap\" data-name=\"text-457\"><input size=\"40\" maxlength=\"400\" class=\"wpcf7-form-control wpcf7-text\" aria-invalid=\"false\" value=\"\" type=\"text\" name=\"text-457\" \/><\/span> <\/label>\n<\/p>\n<p><label> Le site web de votre entreprise<br \/>\n<span class=\"wpcf7-form-control-wrap\" data-name=\"text-546\"><input size=\"40\" maxlength=\"400\" class=\"wpcf7-form-control wpcf7-text\" aria-invalid=\"false\" value=\"\" type=\"text\" name=\"text-546\" \/><\/span> <\/label>\n<\/p>\n<p><label> Votre demande*<br \/>\n<span class=\"wpcf7-form-control-wrap\" data-name=\"your-message\"><textarea cols=\"40\" rows=\"10\" maxlength=\"2000\" class=\"wpcf7-form-control wpcf7-textarea wpcf7-validates-as-required\" aria-required=\"true\" aria-invalid=\"false\" name=\"your-message\"><\/textarea><\/span> <\/label>\n<\/p>\n<p><input class=\"wpcf7-form-control wpcf7-submit has-spinner\" type=\"submit\" value=\"Soumettre\" \/>\n<\/p><p style=\"display: none !important;\" class=\"akismet-fields-container\" data-prefix=\"_wpcf7_ak_\"><label>&#916;<textarea name=\"_wpcf7_ak_hp_textarea\" cols=\"45\" rows=\"8\" maxlength=\"100\"><\/textarea><\/label><input type=\"hidden\" id=\"ak_js_1\" name=\"_wpcf7_ak_js\" value=\"135\"\/><script>document.getElementById( \"ak_js_1\" ).setAttribute( \"value\", ( new Date() ).getTime() );<\/script><\/p><div class=\"wpcf7-response-output\" aria-hidden=\"true\"><\/div>\n<input type=\"hidden\" name=\"trp-form-language\" value=\"fr\"\/><\/form>\n<\/div>\n\n<div style='text-align:left' class='yasr-auto-insert-visitor'><\/div>","protected":false},"excerpt":{"rendered":"<p>Marque : GELGOOG<\/p>\n<p>Tension\uff1a380V<\/p>\n<p>Courriel : shanna@machinehall.com<\/p>\n<p>T\u00e9l : +8618638676709<\/p>","protected":false},"featured_media":5358,"comment_status":"open","ping_status":"closed","template":"","meta":{"site-sidebar-layout":"default","site-content-layout":"","ast-site-content-layout":"default","site-content-style":"default","site-sidebar-style":"default","ast-global-header-display":"","ast-banner-title-visibility":"","ast-main-header-display":"","ast-hfb-above-header-display":"","ast-hfb-below-header-display":"","ast-hfb-mobile-header-display":"","site-post-title":"","ast-breadcrumbs-content":"","ast-featured-img":"","footer-sml-layout":"","theme-transparent-header-meta":"default","adv-header-id-meta":"","stick-header-meta":"","header-above-stick-meta":"","header-main-stick-meta":"","header-below-stick-meta":"","astra-migrate-meta-layouts":"set","ast-page-background-enabled":"default","ast-page-background-meta":{"desktop":{"background-color":"","background-image":"","background-repeat":"repeat","background-position":"center center","background-size":"auto","background-attachment":"scroll","background-type":"","background-media":"","overlay-type":"","overlay-color":"","overlay-opacity":"","overlay-gradient":""},"tablet":{"background-color":"","background-image":"","background-repeat":"repeat","background-position":"center center","background-size":"auto","background-attachment":"scroll","background-type":"","background-media":"","overlay-type":"","overlay-color":"","overlay-opacity":"","overlay-gradient":""},"mobile":{"background-color":"","background-image":"","background-repeat":"repeat","background-position":"center center","background-size":"auto","background-attachment":"scroll","background-type":"","background-media":"","overlay-type":"","overlay-color":"","overlay-opacity":"","overlay-gradient":""}},"ast-content-background-meta":{"desktop":{"background-color":"var(--ast-global-color-5)","background-image":"","background-repeat":"repeat","background-position":"center center","background-size":"auto","background-attachment":"scroll","background-type":"","background-media":"","overlay-type":"","overlay-color":"","overlay-opacity":"","overlay-gradient":""},"tablet":{"background-color":"var(--ast-global-color-5)","background-image":"","background-repeat":"repeat","background-position":"center center","background-size":"auto","background-attachment":"scroll","background-type":"","background-media":"","overlay-type":"","overlay-color":"","overlay-opacity":"","overlay-gradient":""},"mobile":{"background-color":"var(--ast-global-color-5)","background-image":"","background-repeat":"repeat","background-position":"center center","background-size":"auto","background-attachment":"scroll","background-type":"","background-media":"","overlay-type":"","overlay-color":"","overlay-opacity":"","overlay-gradient":""}},"yasr_overall_rating":0,"yasr_post_is_review":"","yasr_auto_insert_disabled":"","yasr_review_type":""},"product_brand":[],"product_cat":[22],"product_tag":[],"class_list":{"0":"post-5354","1":"product","2":"type-product","3":"status-publish","4":"has-post-thumbnail","6":"product_cat-hard-biscuit-production-line","7":"desktop-align-left","8":"tablet-align-left","9":"mobile-align-left","11":"first","12":"instock","13":"shipping-taxable","14":"product-type-simple"},"yoast_head":"<!-- This site is optimized with the Yoast SEO plugin v24.4 - https:\/\/yoast.com\/wordpress\/plugins\/seo\/ -->\n<title>Industrial Hard Biscuit Forming Machine: Efficient Production - Biscuit Production Solution Manufacturer<\/title>\n<meta name=\"description\" content=\"industrial hard biscuit forming machines that are designed to meet the highest standards of quality and productivity.\" \/>\n<meta name=\"robots\" content=\"index, follow, max-snippet:-1, max-image-preview:large, max-video-preview:-1\" \/>\n<link rel=\"canonical\" href=\"https:\/\/www.biscuitsolution.com\/fr\/produit\/industrial-hard-biscuit-forming-machine-efficient-production\/\" \/>\n<meta property=\"og:locale\" content=\"fr_FR\" \/>\n<meta property=\"og:type\" content=\"article\" \/>\n<meta property=\"og:title\" content=\"Industrial Hard Biscuit Forming Machine: Efficient Production - Biscuit Production Solution Manufacturer\" \/>\n<meta property=\"og:description\" content=\"industrial hard biscuit forming machines that are designed to meet the highest standards of quality and productivity.\" \/>\n<meta property=\"og:url\" content=\"https:\/\/www.biscuitsolution.com\/fr\/produit\/industrial-hard-biscuit-forming-machine-efficient-production\/\" \/>\n<meta property=\"og:site_name\" content=\"Biscuit Production Solution Manufacturer\" \/>\n<meta property=\"article:publisher\" content=\"https:\/\/www.facebook.com\/profile.php?id=100095205040823\" \/>\n<meta property=\"article:modified_time\" content=\"2025-03-10T10:11:17+00:00\" \/>\n<meta property=\"og:image\" content=\"https:\/\/www.biscuitsolution.com\/wp-content\/uploads\/2025\/03\/industrial-hard-biscuits-forming-machine.jpg\" \/>\n\t<meta property=\"og:image:width\" content=\"600\" \/>\n\t<meta property=\"og:image:height\" content=\"600\" \/>\n\t<meta property=\"og:image:type\" content=\"image\/jpeg\" \/>\n<meta name=\"twitter:card\" content=\"summary_large_image\" \/>\n<meta name=\"twitter:site\" content=\"@shanna_zha26342\" \/>\n<meta name=\"twitter:label1\" content=\"Dur\u00e9e de lecture estim\u00e9e\" \/>\n\t<meta name=\"twitter:data1\" content=\"3 minutes\" \/>\n<script type=\"application\/ld+json\" class=\"yoast-schema-graph\">{\"@context\":\"https:\/\/schema.org\",\"@graph\":[{\"@type\":\"WebPage\",\"@id\":\"https:\/\/www.biscuitsolution.com\/product\/industrial-hard-biscuit-forming-machine-efficient-production\/\",\"url\":\"https:\/\/www.biscuitsolution.com\/product\/industrial-hard-biscuit-forming-machine-efficient-production\/\",\"name\":\"Industrial Hard Biscuit Forming Machine: Efficient Production - Biscuit Production Solution Manufacturer\",\"isPartOf\":{\"@id\":\"https:\/\/www.biscuitsolution.com\/#website\"},\"primaryImageOfPage\":{\"@id\":\"https:\/\/www.biscuitsolution.com\/product\/industrial-hard-biscuit-forming-machine-efficient-production\/#primaryimage\"},\"image\":{\"@id\":\"https:\/\/www.biscuitsolution.com\/product\/industrial-hard-biscuit-forming-machine-efficient-production\/#primaryimage\"},\"thumbnailUrl\":\"https:\/\/www.biscuitsolution.com\/wp-content\/uploads\/2025\/03\/industrial-hard-biscuits-forming-machine.jpg\",\"datePublished\":\"2025-03-10T10:10:31+00:00\",\"dateModified\":\"2025-03-10T10:11:17+00:00\",\"description\":\"industrial hard biscuit forming machines that are designed to meet the highest standards of quality and productivity.\",\"breadcrumb\":{\"@id\":\"https:\/\/www.biscuitsolution.com\/product\/industrial-hard-biscuit-forming-machine-efficient-production\/#breadcrumb\"},\"inLanguage\":\"fr-FR\",\"potentialAction\":[{\"@type\":\"ReadAction\",\"target\":[\"https:\/\/www.biscuitsolution.com\/product\/industrial-hard-biscuit-forming-machine-efficient-production\/\"]}]},{\"@type\":\"ImageObject\",\"inLanguage\":\"fr-FR\",\"@id\":\"https:\/\/www.biscuitsolution.com\/product\/industrial-hard-biscuit-forming-machine-efficient-production\/#primaryimage\",\"url\":\"https:\/\/www.biscuitsolution.com\/wp-content\/uploads\/2025\/03\/industrial-hard-biscuits-forming-machine.jpg\",\"contentUrl\":\"https:\/\/www.biscuitsolution.com\/wp-content\/uploads\/2025\/03\/industrial-hard-biscuits-forming-machine.jpg\",\"width\":600,\"height\":600,\"caption\":\"industrial hard biscuit forming machine\"},{\"@type\":\"BreadcrumbList\",\"@id\":\"https:\/\/www.biscuitsolution.com\/product\/industrial-hard-biscuit-forming-machine-efficient-production\/#breadcrumb\",\"itemListElement\":[{\"@type\":\"ListItem\",\"position\":1,\"name\":\"Home\",\"item\":\"https:\/\/www.biscuitsolution.com\/\"},{\"@type\":\"ListItem\",\"position\":2,\"name\":\"Product\",\"item\":\"https:\/\/www.biscuitsolution.com\/product\/\"},{\"@type\":\"ListItem\",\"position\":3,\"name\":\"Industrial Hard Biscuit Forming Machine: Efficient Production\"}]},{\"@type\":\"WebSite\",\"@id\":\"https:\/\/www.biscuitsolution.com\/#website\",\"url\":\"https:\/\/www.biscuitsolution.com\/\",\"name\":\"Biscuit Production Solution Manufacturer\",\"description\":\"\",\"potentialAction\":[{\"@type\":\"SearchAction\",\"target\":{\"@type\":\"EntryPoint\",\"urlTemplate\":\"https:\/\/www.biscuitsolution.com\/?s={search_term_string}\"},\"query-input\":{\"@type\":\"PropertyValueSpecification\",\"valueRequired\":true,\"valueName\":\"search_term_string\"}}],\"inLanguage\":\"fr-FR\"},false]}<\/script>\n<!-- \/ Yoast SEO plugin. -->","yoast_head_json":{"title":"Machine industrielle \u00e0 former les biscuits durs : Production efficace - Fabricant de solutions pour la production de biscuits","description":"des machines industrielles de formage de biscuits durs con\u00e7ues pour r\u00e9pondre aux normes les plus strictes en mati\u00e8re de qualit\u00e9 et de productivit\u00e9.","robots":{"index":"index","follow":"follow","max-snippet":"max-snippet:-1","max-image-preview":"max-image-preview:large","max-video-preview":"max-video-preview:-1"},"canonical":"https:\/\/www.biscuitsolution.com\/fr\/produit\/industrial-hard-biscuit-forming-machine-efficient-production\/","og_locale":"fr_FR","og_type":"article","og_title":"Industrial Hard Biscuit Forming Machine: Efficient Production - Biscuit Production Solution Manufacturer","og_description":"industrial hard biscuit forming machines that are designed to meet the highest standards of quality and productivity.","og_url":"https:\/\/www.biscuitsolution.com\/fr\/produit\/industrial-hard-biscuit-forming-machine-efficient-production\/","og_site_name":"Biscuit Production Solution Manufacturer","article_publisher":"https:\/\/www.facebook.com\/profile.php?id=100095205040823","article_modified_time":"2025-03-10T10:11:17+00:00","og_image":[{"width":600,"height":600,"url":"https:\/\/www.biscuitsolution.com\/wp-content\/uploads\/2025\/03\/industrial-hard-biscuits-forming-machine.jpg","type":"image\/jpeg"}],"twitter_card":"summary_large_image","twitter_site":"@shanna_zha26342","twitter_misc":{"Dur\u00e9e de lecture estim\u00e9e":"3 minutes"},"schema":{"@context":"https:\/\/schema.org","@graph":[{"@type":"WebPage","@id":"https:\/\/www.biscuitsolution.com\/product\/industrial-hard-biscuit-forming-machine-efficient-production\/","url":"https:\/\/www.biscuitsolution.com\/product\/industrial-hard-biscuit-forming-machine-efficient-production\/","name":"Machine industrielle \u00e0 former les biscuits durs : Production efficace - Fabricant de solutions pour la production de biscuits","isPartOf":{"@id":"https:\/\/www.biscuitsolution.com\/#website"},"primaryImageOfPage":{"@id":"https:\/\/www.biscuitsolution.com\/product\/industrial-hard-biscuit-forming-machine-efficient-production\/#primaryimage"},"image":{"@id":"https:\/\/www.biscuitsolution.com\/product\/industrial-hard-biscuit-forming-machine-efficient-production\/#primaryimage"},"thumbnailUrl":"https:\/\/www.biscuitsolution.com\/wp-content\/uploads\/2025\/03\/industrial-hard-biscuits-forming-machine.jpg","datePublished":"2025-03-10T10:10:31+00:00","dateModified":"2025-03-10T10:11:17+00:00","description":"des machines industrielles de formage de biscuits durs con\u00e7ues pour r\u00e9pondre aux normes les plus strictes en mati\u00e8re de qualit\u00e9 et de productivit\u00e9.","breadcrumb":{"@id":"https:\/\/www.biscuitsolution.com\/product\/industrial-hard-biscuit-forming-machine-efficient-production\/#breadcrumb"},"inLanguage":"fr-FR","potentialAction":[{"@type":"ReadAction","target":["https:\/\/www.biscuitsolution.com\/product\/industrial-hard-biscuit-forming-machine-efficient-production\/"]}]},{"@type":"ImageObject","inLanguage":"fr-FR","@id":"https:\/\/www.biscuitsolution.com\/product\/industrial-hard-biscuit-forming-machine-efficient-production\/#primaryimage","url":"https:\/\/www.biscuitsolution.com\/wp-content\/uploads\/2025\/03\/industrial-hard-biscuits-forming-machine.jpg","contentUrl":"https:\/\/www.biscuitsolution.com\/wp-content\/uploads\/2025\/03\/industrial-hard-biscuits-forming-machine.jpg","width":600,"height":600,"caption":"industrial hard biscuit forming machine"},{"@type":"BreadcrumbList","@id":"https:\/\/www.biscuitsolution.com\/product\/industrial-hard-biscuit-forming-machine-efficient-production\/#breadcrumb","itemListElement":[{"@type":"ListItem","position":1,"name":"Home","item":"https:\/\/www.biscuitsolution.com\/"},{"@type":"ListItem","position":2,"name":"Product","item":"https:\/\/www.biscuitsolution.com\/product\/"},{"@type":"ListItem","position":3,"name":"Industrial Hard Biscuit Forming Machine: Efficient Production"}]},{"@type":"WebSite","@id":"https:\/\/www.biscuitsolution.com\/#website","url":"https:\/\/www.biscuitsolution.com\/","name":"Fabricant de solutions pour la production de biscuits","description":"","potentialAction":[{"@type":"SearchAction","target":{"@type":"EntryPoint","urlTemplate":"https:\/\/www.biscuitsolution.com\/?s={search_term_string}"},"query-input":{"@type":"PropertyValueSpecification","valueRequired":true,"valueName":"search_term_string"}}],"inLanguage":"fr-FR"},false]}},"yasr_visitor_votes":{"stars_attributes":{"read_only":false,"span_bottom":false},"number_of_votes":1,"sum_votes":5},"_links":{"self":[{"href":"https:\/\/www.biscuitsolution.com\/fr\/wp-json\/wp\/v2\/product\/5354","targetHints":{"allow":["GET"]}}],"collection":[{"href":"https:\/\/www.biscuitsolution.com\/fr\/wp-json\/wp\/v2\/product"}],"about":[{"href":"https:\/\/www.biscuitsolution.com\/fr\/wp-json\/wp\/v2\/types\/product"}],"replies":[{"embeddable":true,"href":"https:\/\/www.biscuitsolution.com\/fr\/wp-json\/wp\/v2\/comments?post=5354"}],"version-history":[{"count":2,"href":"https:\/\/www.biscuitsolution.com\/fr\/wp-json\/wp\/v2\/product\/5354\/revisions"}],"predecessor-version":[{"id":5360,"href":"https:\/\/www.biscuitsolution.com\/fr\/wp-json\/wp\/v2\/product\/5354\/revisions\/5360"}],"wp:featuredmedia":[{"embeddable":true,"href":"https:\/\/www.biscuitsolution.com\/fr\/wp-json\/wp\/v2\/media\/5358"}],"wp:attachment":[{"href":"https:\/\/www.biscuitsolution.com\/fr\/wp-json\/wp\/v2\/media?parent=5354"}],"wp:term":[{"taxonomy":"product_brand","embeddable":true,"href":"https:\/\/www.biscuitsolution.com\/fr\/wp-json\/wp\/v2\/product_brand?post=5354"},{"taxonomy":"product_cat","embeddable":true,"href":"https:\/\/www.biscuitsolution.com\/fr\/wp-json\/wp\/v2\/product_cat?post=5354"},{"taxonomy":"product_tag","embeddable":true,"href":"https:\/\/www.biscuitsolution.com\/fr\/wp-json\/wp\/v2\/product_tag?post=5354"}],"curies":[{"name":"wp","href":"https:\/\/api.w.org\/{rel}","templated":true}]}}