{"id":5340,"date":"2025-03-07T16:33:36","date_gmt":"2025-03-07T08:33:36","guid":{"rendered":"https:\/\/www.biscuitsolution.com\/?post_type=product&#038;p=5340"},"modified":"2025-03-07T16:34:18","modified_gmt":"2025-03-07T08:34:18","slug":"automatic-biscuit-packing-machine","status":"publish","type":"product","link":"https:\/\/www.biscuitsolution.com\/fr\/produit\/automatic-biscuit-packing-machine\/","title":{"rendered":"Machine automatique \u00e0 emballer les biscuits pour un grand volume de production"},"content":{"rendered":"<p><strong>Machine automatique \u00e0 emballer les biscuits<\/strong> est g\u00e9n\u00e9ralement une machine \u00e0 emballer les coussins, qui peut s'adapter de mani\u00e8re flexible \u00e0 une vari\u00e9t\u00e9 de formes de biscuits, qu'il s'agisse de biscuits ronds, carr\u00e9s ou de formes sp\u00e9ciales, tant qu'ils se situent dans une certaine fourchette de taille, ils peuvent \u00eatre parfaitement emball\u00e9s.<\/p>\n<p><img fetchpriority=\"high\" decoding=\"async\" class=\"alignnone size-full wp-image-5341\" src=\"https:\/\/www.biscuitsolution.com\/wp-content\/uploads\/2025\/03\/biscuit-packing-machine.jpg\" alt=\"machine automatique \u00e0 emballer les biscuits\" width=\"800\" height=\"450\" srcset=\"https:\/\/www.biscuitsolution.com\/wp-content\/uploads\/2025\/03\/biscuit-packing-machine.jpg 800w, https:\/\/www.biscuitsolution.com\/wp-content\/uploads\/2025\/03\/biscuit-packing-machine-300x169.jpg 300w, https:\/\/www.biscuitsolution.com\/wp-content\/uploads\/2025\/03\/biscuit-packing-machine-768x432.jpg 768w, https:\/\/www.biscuitsolution.com\/wp-content\/uploads\/2025\/03\/biscuit-packing-machine-18x10.jpg 18w, https:\/\/www.biscuitsolution.com\/wp-content\/uploads\/2025\/03\/biscuit-packing-machine-600x338.jpg 600w, https:\/\/www.biscuitsolution.com\/wp-content\/uploads\/2025\/03\/biscuit-packing-machine-64x36.jpg 64w\" sizes=\"(max-width: 800px) 100vw, 800px\" \/><\/p>\n<h2>Principe de fonctionnement<\/h2>\n<p>La machine \u00e0 emballer les biscuits industriels est bas\u00e9e sur un processus continu de transport des mat\u00e9riaux et d'emballage des mat\u00e9riaux.<\/p>\n<p>Tout d'abord, les biscuits \u00e0 emballer entrent dans la zone d'emballage de mani\u00e8re ordonn\u00e9e par le biais de la bande transporteuse, et la structure m\u00e9canique de la machine d'emballage contr\u00f4le avec pr\u00e9cision le d\u00e9pliage, l'\u00e9tirement et le pliage du mat\u00e9riau d'emballage.<\/p>\n<p>Le mat\u00e9riau d'emballage est g\u00e9n\u00e9ralement un film plastique ou un papier composite, qui prend une forme adapt\u00e9e \u00e0 l'emballage des biscuits lors de son passage dans la formeuse.<\/p>\n<p>Les biscuits sont ensuite roul\u00e9s \u00e0 l'int\u00e9rieur et les deux extr\u00e9mit\u00e9s sont ferm\u00e9es herm\u00e9tiquement par thermoscellage ou par scellement m\u00e9canique, ce qui permet d'obtenir un produit d'emballage en forme d'oreiller d'aspect r\u00e9gulier et bien scell\u00e9.<\/p>\n<p><img decoding=\"async\" class=\"alignnone size-full wp-image-5342\" src=\"https:\/\/www.biscuitsolution.com\/wp-content\/uploads\/2025\/03\/biscuit-packing-machines.jpg\" alt=\"machine automatique \u00e0 emballer les biscuits\" width=\"800\" height=\"450\" srcset=\"https:\/\/www.biscuitsolution.com\/wp-content\/uploads\/2025\/03\/biscuit-packing-machines.jpg 800w, https:\/\/www.biscuitsolution.com\/wp-content\/uploads\/2025\/03\/biscuit-packing-machines-300x169.jpg 300w, https:\/\/www.biscuitsolution.com\/wp-content\/uploads\/2025\/03\/biscuit-packing-machines-768x432.jpg 768w, https:\/\/www.biscuitsolution.com\/wp-content\/uploads\/2025\/03\/biscuit-packing-machines-18x10.jpg 18w, https:\/\/www.biscuitsolution.com\/wp-content\/uploads\/2025\/03\/biscuit-packing-machines-600x338.jpg 600w, https:\/\/www.biscuitsolution.com\/wp-content\/uploads\/2025\/03\/biscuit-packing-machines-64x36.jpg 64w\" sizes=\"(max-width: 800px) 100vw, 800px\" \/><\/p>\n<h2>Avantages de la machine automatique \u00e0 emballer les biscuits<\/h2>\n<ol>\n<li>Capacit\u00e9 de production \u00e0 haut rendement : Les machines d'emballage de biscuits de qualit\u00e9 industrielle peuvent fonctionner \u00e0 une vitesse \u00e9tonnante et emballer des dizaines, voire des centaines de biscuits par minute, ce qui d\u00e9passe de loin l'efficacit\u00e9 de l'emballage manuel.<\/li>\n<li>Excellente qualit\u00e9 d'emballage : Il contr\u00f4le avec pr\u00e9cision la position de l'emballage et la qualit\u00e9 du scellage des biscuits, emp\u00eachant efficacement les biscuits de se briser et de s'humidifier pendant le transport et le stockage, ce qui garantit que les produits sont toujours intacts et frais lorsque les consommateurs les re\u00e7oivent.<\/li>\n<li>Grande flexibilit\u00e9 : Elle prend en charge une grande vari\u00e9t\u00e9 de sp\u00e9cifications et de styles d'emballage. Il suffit de r\u00e9gler les param\u00e8tres de la machine pour passer rapidement d'un mode d'emballage \u00e0 l'autre et s'adapter aux diff\u00e9rents positionnements sur le march\u00e9 et canaux de vente.<\/li>\n<li>R\u00e9duire les co\u00fbts de main-d'\u0153uvre : Le processus d'emballage automatis\u00e9 r\u00e9duit consid\u00e9rablement le recours \u00e0 l'emballage manuel. Il r\u00e9duit consid\u00e9rablement les d\u00e9penses de main-d'\u0153uvre et les avantages \u00e9conomiques sont importants \u00e0 long terme.<\/li>\n<li>Utilisation \u00e9lev\u00e9e des mat\u00e9riaux : Une conception pr\u00e9cise de l'emballage r\u00e9duit les d\u00e9chets mat\u00e9riels caus\u00e9s par un emballage inad\u00e9quat, ce qui permet de r\u00e9aliser des \u00e9conomies et de respecter les concepts de protection de l'environnement.<\/li>\n<\/ol>\n<p><img decoding=\"async\" class=\"alignnone size-full wp-image-5343\" src=\"https:\/\/www.biscuitsolution.com\/wp-content\/uploads\/2025\/03\/industrial-biscuit-packing-machine.jpg\" alt=\"machine automatique \u00e0 emballer les biscuits\" width=\"800\" height=\"450\" srcset=\"https:\/\/www.biscuitsolution.com\/wp-content\/uploads\/2025\/03\/industrial-biscuit-packing-machine.jpg 800w, https:\/\/www.biscuitsolution.com\/wp-content\/uploads\/2025\/03\/industrial-biscuit-packing-machine-300x169.jpg 300w, https:\/\/www.biscuitsolution.com\/wp-content\/uploads\/2025\/03\/industrial-biscuit-packing-machine-768x432.jpg 768w, https:\/\/www.biscuitsolution.com\/wp-content\/uploads\/2025\/03\/industrial-biscuit-packing-machine-18x10.jpg 18w, https:\/\/www.biscuitsolution.com\/wp-content\/uploads\/2025\/03\/industrial-biscuit-packing-machine-600x338.jpg 600w, https:\/\/www.biscuitsolution.com\/wp-content\/uploads\/2025\/03\/industrial-biscuit-packing-machine-64x36.jpg 64w\" sizes=\"(max-width: 800px) 100vw, 800px\" \/><\/p>\n<h2>Machine industrielle \u00e0 emballer les biscuits Sc\u00e9narios d'application<\/h2>\n<p>Grandes usines alimentaires : Plusieurs lignes de production d'emballages fonctionnent en parall\u00e8le, sont reli\u00e9es de mani\u00e8re transparente \u00e0 divers \u00e9quipements de la ligne de production, r\u00e9alisent une production automatis\u00e9e de l'ensemble du processus et garantissent que les biscuits massifs sont livr\u00e9s \u00e0 temps et avec une qualit\u00e9 \u00e9lev\u00e9e.<\/p>\n<p>Petites et moyennes entreprises de boulangerie : Les machines d'emballage de biscuits de petite et moyenne taille peuvent \u00eatre configur\u00e9es de mani\u00e8re flexible en fonction des besoins de production de l'entreprise, ce qui permet non seulement de r\u00e9pondre aux besoins d'emballage de la production quotidienne, mais aussi d'avoir un certain rapport co\u00fbt-efficacit\u00e9, aidant ainsi les entreprises \u00e0 am\u00e9liorer leur comp\u00e9titivit\u00e9.<\/p>\n<p>Cette machine d'emballage pour biscuits associe une transmission m\u00e9canique sophistiqu\u00e9e \u00e0 des syst\u00e8mes de contr\u00f4le \u00e9lectronique avanc\u00e9s, garantissant un processus d'emballage stable et sans faille. Son interface de fonctionnement conviviale est intuitive et simple, ce qui facilite les t\u00e2ches quotidiennes de d\u00e9bogage et de maintenance pour le personnel.<\/p>\n<p>&nbsp;<\/p>\n<h2>Cas client de la machine automatique \u00e0 emballer les biscuits<\/h2>\n<p>La ligne d'emballage originale de l'usine du client indon\u00e9sien d\u00e9pendait en partie du travail manuel, ce qui rendait difficile de r\u00e9pondre \u00e0 la demande de commandes en croissance rapide sur le march\u00e9 local, et la qualit\u00e9 in\u00e9gale de l'emballage nuisait \u00e0 l'image de la marque.<\/p>\n<p>Apr\u00e8s l'introduction de machines automatiques de pointe pour l'emballage des biscuits, l'efficacit\u00e9 de la production a augment\u00e9 de 60%, et gr\u00e2ce \u00e0 un mode d'emballage personnalis\u00e9, des bo\u00eetes-cadeaux sp\u00e9ciales ont \u00e9t\u00e9 lanc\u00e9es en fonction des pr\u00e9f\u00e9rences des consommateurs locaux, et les ventes ont augment\u00e9 de 30% en un seul trimestre.<\/p>\n<h2>Laissez un message pour obtenir un devis<\/h2>\n\n<div class=\"wpcf7 no-js\" id=\"wpcf7-f4619-o1\" lang=\"en-US\" dir=\"ltr\" data-wpcf7-id=\"4619\">\n<div class=\"screen-reader-response\"><p role=\"status\" aria-live=\"polite\" aria-atomic=\"true\"><\/p> <ul><\/ul><\/div>\n<form action=\"\/fr\/wp-json\/wp\/v2\/product\/5340#wpcf7-f4619-o1\" method=\"post\" class=\"wpcf7-form init\" aria-label=\"Formulaire de contact\" novalidate=\"novalidate\" data-status=\"init\" data-trp-original-action=\"\/fr\/wp-json\/wp\/v2\/product\/5340#wpcf7-f4619-o1\">\n<div style=\"display: none;\">\n<input type=\"hidden\" name=\"_wpcf7\" value=\"4619\" \/>\n<input type=\"hidden\" name=\"_wpcf7_version\" value=\"6.0.4\" \/>\n<input type=\"hidden\" name=\"_wpcf7_locale\" value=\"en_US\" \/>\n<input type=\"hidden\" name=\"_wpcf7_unit_tag\" value=\"wpcf7-f4619-o1\" \/>\n<input type=\"hidden\" name=\"_wpcf7_container_post\" value=\"0\" \/>\n<input type=\"hidden\" name=\"_wpcf7_posted_data_hash\" value=\"\" \/>\n<\/div>\n<p><label> Votre nom*<br \/>\n<span class=\"wpcf7-form-control-wrap\" data-name=\"your-name\"><input size=\"40\" maxlength=\"400\" class=\"wpcf7-form-control wpcf7-text wpcf7-validates-as-required\" aria-required=\"true\" aria-invalid=\"false\" value=\"\" type=\"text\" name=\"your-name\" \/><\/span> <\/label>\n<\/p>\n<p><label> Votre pays<br \/>\n<span class=\"wpcf7-form-control-wrap\" data-name=\"your-country\"><input size=\"40\" maxlength=\"400\" class=\"wpcf7-form-control wpcf7-text\" aria-invalid=\"false\" value=\"\" type=\"text\" name=\"your-country\" \/><\/span><\/label>\n<\/p>\n<p><label> Votre courriel*<br \/>\n<span class=\"wpcf7-form-control-wrap\" data-name=\"your-email\"><input size=\"40\" maxlength=\"400\" class=\"wpcf7-form-control wpcf7-email wpcf7-validates-as-required wpcf7-text wpcf7-validates-as-email\" aria-required=\"true\" aria-invalid=\"false\" value=\"\" type=\"email\" name=\"your-email\" \/><\/span> <\/label>\n<\/p>\n<p><label> Votre t\u00e9l\u00e9phone<br \/>\n<span class=\"wpcf7-form-control-wrap\" data-name=\"your-phone\"><input size=\"40\" maxlength=\"400\" class=\"wpcf7-form-control wpcf7-tel wpcf7-text wpcf7-validates-as-tel\" aria-invalid=\"false\" value=\"\" type=\"tel\" name=\"your-phone\" \/><\/span> <\/label>\n<\/p>\n<p><label> Nom de l'entreprise<br \/>\n<span class=\"wpcf7-form-control-wrap\" data-name=\"text-457\"><input size=\"40\" maxlength=\"400\" class=\"wpcf7-form-control wpcf7-text\" aria-invalid=\"false\" value=\"\" type=\"text\" name=\"text-457\" \/><\/span> <\/label>\n<\/p>\n<p><label> Le site web de votre entreprise<br \/>\n<span class=\"wpcf7-form-control-wrap\" data-name=\"text-546\"><input size=\"40\" maxlength=\"400\" class=\"wpcf7-form-control wpcf7-text\" aria-invalid=\"false\" value=\"\" type=\"text\" name=\"text-546\" \/><\/span> <\/label>\n<\/p>\n<p><label> Votre demande*<br \/>\n<span class=\"wpcf7-form-control-wrap\" data-name=\"your-message\"><textarea cols=\"40\" rows=\"10\" maxlength=\"2000\" class=\"wpcf7-form-control wpcf7-textarea wpcf7-validates-as-required\" aria-required=\"true\" aria-invalid=\"false\" name=\"your-message\"><\/textarea><\/span> <\/label>\n<\/p>\n<p><input class=\"wpcf7-form-control wpcf7-submit has-spinner\" type=\"submit\" value=\"Soumettre\" \/>\n<\/p><p style=\"display: none !important;\" class=\"akismet-fields-container\" data-prefix=\"_wpcf7_ak_\"><label>&#916;<textarea name=\"_wpcf7_ak_hp_textarea\" cols=\"45\" rows=\"8\" maxlength=\"100\"><\/textarea><\/label><input type=\"hidden\" id=\"ak_js_1\" name=\"_wpcf7_ak_js\" value=\"153\"\/><script>document.getElementById( \"ak_js_1\" ).setAttribute( \"value\", ( new Date() ).getTime() );<\/script><\/p><div class=\"wpcf7-response-output\" aria-hidden=\"true\"><\/div>\n<input type=\"hidden\" name=\"trp-form-language\" value=\"fr\"\/><\/form>\n<\/div>\n\n<div style='text-align:left' class='yasr-auto-insert-visitor'><\/div>","protected":false},"excerpt":{"rendered":"<p>Marque : GELGOOG<br \/>\nCourriel : shanna@machinehall.com<br \/>\nT\u00e9l : +8618638676709<br \/>\nPlage de capacit\u00e9 : 40\uff5e230 sacs\/min<\/p>","protected":false},"featured_media":5344,"comment_status":"open","ping_status":"closed","template":"","meta":{"site-sidebar-layout":"default","site-content-layout":"","ast-site-content-layout":"default","site-content-style":"default","site-sidebar-style":"default","ast-global-header-display":"","ast-banner-title-visibility":"","ast-main-header-display":"","ast-hfb-above-header-display":"","ast-hfb-below-header-display":"","ast-hfb-mobile-header-display":"","site-post-title":"","ast-breadcrumbs-content":"","ast-featured-img":"","footer-sml-layout":"","theme-transparent-header-meta":"default","adv-header-id-meta":"","stick-header-meta":"","header-above-stick-meta":"","header-main-stick-meta":"","header-below-stick-meta":"","astra-migrate-meta-layouts":"set","ast-page-background-enabled":"default","ast-page-background-meta":{"desktop":{"background-color":"","background-image":"","background-repeat":"repeat","background-position":"center center","background-size":"auto","background-attachment":"scroll","background-type":"","background-media":"","overlay-type":"","overlay-color":"","overlay-opacity":"","overlay-gradient":""},"tablet":{"background-color":"","background-image":"","background-repeat":"repeat","background-position":"center center","background-size":"auto","background-attachment":"scroll","background-type":"","background-media":"","overlay-type":"","overlay-color":"","overlay-opacity":"","overlay-gradient":""},"mobile":{"background-color":"","background-image":"","background-repeat":"repeat","background-position":"center center","background-size":"auto","background-attachment":"scroll","background-type":"","background-media":"","overlay-type":"","overlay-color":"","overlay-opacity":"","overlay-gradient":""}},"ast-content-background-meta":{"desktop":{"background-color":"var(--ast-global-color-5)","background-image":"","background-repeat":"repeat","background-position":"center center","background-size":"auto","background-attachment":"scroll","background-type":"","background-media":"","overlay-type":"","overlay-color":"","overlay-opacity":"","overlay-gradient":""},"tablet":{"background-color":"var(--ast-global-color-5)","background-image":"","background-repeat":"repeat","background-position":"center center","background-size":"auto","background-attachment":"scroll","background-type":"","background-media":"","overlay-type":"","overlay-color":"","overlay-opacity":"","overlay-gradient":""},"mobile":{"background-color":"var(--ast-global-color-5)","background-image":"","background-repeat":"repeat","background-position":"center center","background-size":"auto","background-attachment":"scroll","background-type":"","background-media":"","overlay-type":"","overlay-color":"","overlay-opacity":"","overlay-gradient":""}},"yasr_overall_rating":0,"yasr_post_is_review":"","yasr_auto_insert_disabled":"","yasr_review_type":""},"product_brand":[],"product_cat":[22,24,25],"product_tag":[],"class_list":{"0":"post-5340","1":"product","2":"type-product","3":"status-publish","4":"has-post-thumbnail","6":"product_cat-hard-biscuit-production-line","7":"product_cat-cookie-production-line","8":"product_cat-soft-biscuit-production-line","9":"desktop-align-left","10":"tablet-align-left","11":"mobile-align-left","13":"first","14":"instock","15":"shipping-taxable","16":"product-type-simple"},"yoast_head":"<!-- This site is optimized with the Yoast SEO plugin v24.4 - https:\/\/yoast.com\/wordpress\/plugins\/seo\/ -->\n<title>Automatic Biscuit Packaging Machine for Large Production Volume<\/title>\n<meta name=\"description\" content=\"Automatic biscuit packaging machine, which can be integrated into the line to realize the packaging. it&#039;s highly flexible and supports customized patterns.\" \/>\n<meta name=\"robots\" content=\"index, follow, max-snippet:-1, max-image-preview:large, max-video-preview:-1\" \/>\n<link rel=\"canonical\" href=\"https:\/\/www.biscuitsolution.com\/fr\/produit\/automatic-biscuit-packing-machine\/\" \/>\n<meta property=\"og:locale\" content=\"fr_FR\" \/>\n<meta property=\"og:type\" content=\"article\" \/>\n<meta property=\"og:title\" content=\"Automatic Biscuit Packaging Machine for Large Production Volume\" \/>\n<meta property=\"og:description\" content=\"Automatic biscuit packaging machine, which can be integrated into the line to realize the packaging. it&#039;s highly flexible and supports customized patterns.\" \/>\n<meta property=\"og:url\" content=\"https:\/\/www.biscuitsolution.com\/fr\/produit\/automatic-biscuit-packing-machine\/\" \/>\n<meta property=\"og:site_name\" content=\"Biscuit Production Solution Manufacturer\" \/>\n<meta property=\"article:publisher\" content=\"https:\/\/www.facebook.com\/profile.php?id=100095205040823\" \/>\n<meta property=\"article:modified_time\" content=\"2025-03-07T08:34:18+00:00\" \/>\n<meta property=\"og:image\" content=\"https:\/\/www.biscuitsolution.com\/wp-content\/uploads\/2025\/03\/automatic-biscuit-packing-machine.jpg\" \/>\n\t<meta property=\"og:image:width\" content=\"600\" \/>\n\t<meta property=\"og:image:height\" content=\"600\" \/>\n\t<meta property=\"og:image:type\" content=\"image\/jpeg\" \/>\n<meta name=\"twitter:card\" content=\"summary_large_image\" \/>\n<meta name=\"twitter:site\" content=\"@shanna_zha26342\" \/>\n<meta name=\"twitter:label1\" content=\"Dur\u00e9e de lecture estim\u00e9e\" \/>\n\t<meta name=\"twitter:data1\" content=\"4 minutes\" \/>\n<script type=\"application\/ld+json\" class=\"yoast-schema-graph\">{\"@context\":\"https:\/\/schema.org\",\"@graph\":[{\"@type\":\"WebPage\",\"@id\":\"https:\/\/www.biscuitsolution.com\/product\/automatic-biscuit-packing-machine\/\",\"url\":\"https:\/\/www.biscuitsolution.com\/product\/automatic-biscuit-packing-machine\/\",\"name\":\"Automatic Biscuit Packaging Machine for Large Production Volume\",\"isPartOf\":{\"@id\":\"https:\/\/www.biscuitsolution.com\/#website\"},\"primaryImageOfPage\":{\"@id\":\"https:\/\/www.biscuitsolution.com\/product\/automatic-biscuit-packing-machine\/#primaryimage\"},\"image\":{\"@id\":\"https:\/\/www.biscuitsolution.com\/product\/automatic-biscuit-packing-machine\/#primaryimage\"},\"thumbnailUrl\":\"https:\/\/www.biscuitsolution.com\/wp-content\/uploads\/2025\/03\/automatic-biscuit-packing-machine.jpg\",\"datePublished\":\"2025-03-07T08:33:36+00:00\",\"dateModified\":\"2025-03-07T08:34:18+00:00\",\"description\":\"Automatic biscuit packaging machine, which can be integrated into the line to realize the packaging. it's highly flexible and supports customized patterns.\",\"breadcrumb\":{\"@id\":\"https:\/\/www.biscuitsolution.com\/product\/automatic-biscuit-packing-machine\/#breadcrumb\"},\"inLanguage\":\"fr-FR\",\"potentialAction\":[{\"@type\":\"ReadAction\",\"target\":[\"https:\/\/www.biscuitsolution.com\/product\/automatic-biscuit-packing-machine\/\"]}]},{\"@type\":\"ImageObject\",\"inLanguage\":\"fr-FR\",\"@id\":\"https:\/\/www.biscuitsolution.com\/product\/automatic-biscuit-packing-machine\/#primaryimage\",\"url\":\"https:\/\/www.biscuitsolution.com\/wp-content\/uploads\/2025\/03\/automatic-biscuit-packing-machine.jpg\",\"contentUrl\":\"https:\/\/www.biscuitsolution.com\/wp-content\/uploads\/2025\/03\/automatic-biscuit-packing-machine.jpg\",\"width\":600,\"height\":600,\"caption\":\"automatic biscuit packing machine\"},{\"@type\":\"BreadcrumbList\",\"@id\":\"https:\/\/www.biscuitsolution.com\/product\/automatic-biscuit-packing-machine\/#breadcrumb\",\"itemListElement\":[{\"@type\":\"ListItem\",\"position\":1,\"name\":\"Home\",\"item\":\"https:\/\/www.biscuitsolution.com\/\"},{\"@type\":\"ListItem\",\"position\":2,\"name\":\"Product\",\"item\":\"https:\/\/www.biscuitsolution.com\/product\/\"},{\"@type\":\"ListItem\",\"position\":3,\"name\":\"Automatic Biscuit Packaging Machine for Large Production Volume\"}]},{\"@type\":\"WebSite\",\"@id\":\"https:\/\/www.biscuitsolution.com\/#website\",\"url\":\"https:\/\/www.biscuitsolution.com\/\",\"name\":\"Biscuit Production Solution Manufacturer\",\"description\":\"\",\"potentialAction\":[{\"@type\":\"SearchAction\",\"target\":{\"@type\":\"EntryPoint\",\"urlTemplate\":\"https:\/\/www.biscuitsolution.com\/?s={search_term_string}\"},\"query-input\":{\"@type\":\"PropertyValueSpecification\",\"valueRequired\":true,\"valueName\":\"search_term_string\"}}],\"inLanguage\":\"fr-FR\"},false]}<\/script>\n<!-- \/ Yoast SEO plugin. -->","yoast_head_json":{"title":"Machine automatique \u00e0 emballer les biscuits pour un grand volume de production","description":"Machine automatique \u00e0 emballer les biscuits, qui peut \u00eatre int\u00e9gr\u00e9e dans la ligne pour r\u00e9aliser l'emballage. Elle est tr\u00e8s flexible et permet de r\u00e9aliser des mod\u00e8les personnalis\u00e9s.","robots":{"index":"index","follow":"follow","max-snippet":"max-snippet:-1","max-image-preview":"max-image-preview:large","max-video-preview":"max-video-preview:-1"},"canonical":"https:\/\/www.biscuitsolution.com\/fr\/produit\/automatic-biscuit-packing-machine\/","og_locale":"fr_FR","og_type":"article","og_title":"Automatic Biscuit Packaging Machine for Large Production Volume","og_description":"Automatic biscuit packaging machine, which can be integrated into the line to realize the packaging. it's highly flexible and supports customized patterns.","og_url":"https:\/\/www.biscuitsolution.com\/fr\/produit\/automatic-biscuit-packing-machine\/","og_site_name":"Biscuit Production Solution Manufacturer","article_publisher":"https:\/\/www.facebook.com\/profile.php?id=100095205040823","article_modified_time":"2025-03-07T08:34:18+00:00","og_image":[{"width":600,"height":600,"url":"https:\/\/www.biscuitsolution.com\/wp-content\/uploads\/2025\/03\/automatic-biscuit-packing-machine.jpg","type":"image\/jpeg"}],"twitter_card":"summary_large_image","twitter_site":"@shanna_zha26342","twitter_misc":{"Dur\u00e9e de lecture estim\u00e9e":"4 minutes"},"schema":{"@context":"https:\/\/schema.org","@graph":[{"@type":"WebPage","@id":"https:\/\/www.biscuitsolution.com\/product\/automatic-biscuit-packing-machine\/","url":"https:\/\/www.biscuitsolution.com\/product\/automatic-biscuit-packing-machine\/","name":"Machine automatique \u00e0 emballer les biscuits pour un grand volume de production","isPartOf":{"@id":"https:\/\/www.biscuitsolution.com\/#website"},"primaryImageOfPage":{"@id":"https:\/\/www.biscuitsolution.com\/product\/automatic-biscuit-packing-machine\/#primaryimage"},"image":{"@id":"https:\/\/www.biscuitsolution.com\/product\/automatic-biscuit-packing-machine\/#primaryimage"},"thumbnailUrl":"https:\/\/www.biscuitsolution.com\/wp-content\/uploads\/2025\/03\/automatic-biscuit-packing-machine.jpg","datePublished":"2025-03-07T08:33:36+00:00","dateModified":"2025-03-07T08:34:18+00:00","description":"Machine automatique \u00e0 emballer les biscuits, qui peut \u00eatre int\u00e9gr\u00e9e dans la ligne pour r\u00e9aliser l'emballage. Elle est tr\u00e8s flexible et permet de r\u00e9aliser des mod\u00e8les personnalis\u00e9s.","breadcrumb":{"@id":"https:\/\/www.biscuitsolution.com\/product\/automatic-biscuit-packing-machine\/#breadcrumb"},"inLanguage":"fr-FR","potentialAction":[{"@type":"ReadAction","target":["https:\/\/www.biscuitsolution.com\/product\/automatic-biscuit-packing-machine\/"]}]},{"@type":"ImageObject","inLanguage":"fr-FR","@id":"https:\/\/www.biscuitsolution.com\/product\/automatic-biscuit-packing-machine\/#primaryimage","url":"https:\/\/www.biscuitsolution.com\/wp-content\/uploads\/2025\/03\/automatic-biscuit-packing-machine.jpg","contentUrl":"https:\/\/www.biscuitsolution.com\/wp-content\/uploads\/2025\/03\/automatic-biscuit-packing-machine.jpg","width":600,"height":600,"caption":"automatic biscuit packing machine"},{"@type":"BreadcrumbList","@id":"https:\/\/www.biscuitsolution.com\/product\/automatic-biscuit-packing-machine\/#breadcrumb","itemListElement":[{"@type":"ListItem","position":1,"name":"Home","item":"https:\/\/www.biscuitsolution.com\/"},{"@type":"ListItem","position":2,"name":"Product","item":"https:\/\/www.biscuitsolution.com\/product\/"},{"@type":"ListItem","position":3,"name":"Automatic Biscuit Packaging Machine for Large Production Volume"}]},{"@type":"WebSite","@id":"https:\/\/www.biscuitsolution.com\/#website","url":"https:\/\/www.biscuitsolution.com\/","name":"Fabricant de solutions pour la production de biscuits","description":"","potentialAction":[{"@type":"SearchAction","target":{"@type":"EntryPoint","urlTemplate":"https:\/\/www.biscuitsolution.com\/?s={search_term_string}"},"query-input":{"@type":"PropertyValueSpecification","valueRequired":true,"valueName":"search_term_string"}}],"inLanguage":"fr-FR"},false]}},"yasr_visitor_votes":{"stars_attributes":{"read_only":false,"span_bottom":false},"number_of_votes":2,"sum_votes":10},"_links":{"self":[{"href":"https:\/\/www.biscuitsolution.com\/fr\/wp-json\/wp\/v2\/product\/5340","targetHints":{"allow":["GET"]}}],"collection":[{"href":"https:\/\/www.biscuitsolution.com\/fr\/wp-json\/wp\/v2\/product"}],"about":[{"href":"https:\/\/www.biscuitsolution.com\/fr\/wp-json\/wp\/v2\/types\/product"}],"replies":[{"embeddable":true,"href":"https:\/\/www.biscuitsolution.com\/fr\/wp-json\/wp\/v2\/comments?post=5340"}],"version-history":[{"count":2,"href":"https:\/\/www.biscuitsolution.com\/fr\/wp-json\/wp\/v2\/product\/5340\/revisions"}],"predecessor-version":[{"id":5346,"href":"https:\/\/www.biscuitsolution.com\/fr\/wp-json\/wp\/v2\/product\/5340\/revisions\/5346"}],"wp:featuredmedia":[{"embeddable":true,"href":"https:\/\/www.biscuitsolution.com\/fr\/wp-json\/wp\/v2\/media\/5344"}],"wp:attachment":[{"href":"https:\/\/www.biscuitsolution.com\/fr\/wp-json\/wp\/v2\/media?parent=5340"}],"wp:term":[{"taxonomy":"product_brand","embeddable":true,"href":"https:\/\/www.biscuitsolution.com\/fr\/wp-json\/wp\/v2\/product_brand?post=5340"},{"taxonomy":"product_cat","embeddable":true,"href":"https:\/\/www.biscuitsolution.com\/fr\/wp-json\/wp\/v2\/product_cat?post=5340"},{"taxonomy":"product_tag","embeddable":true,"href":"https:\/\/www.biscuitsolution.com\/fr\/wp-json\/wp\/v2\/product_tag?post=5340"}],"curies":[{"name":"wp","href":"https:\/\/api.w.org\/{rel}","templated":true}]}}