{"id":5317,"date":"2025-03-06T15:45:23","date_gmt":"2025-03-06T07:45:23","guid":{"rendered":"https:\/\/www.biscuitsolution.com\/?post_type=product&#038;p=5317"},"modified":"2025-03-06T17:33:21","modified_gmt":"2025-03-06T09:33:21","slug":"400kg-automatic-biscuit-dough-mixer-machine-industrial","status":"publish","type":"product","link":"https:\/\/www.biscuitsolution.com\/fr\/produit\/400kg-automatic-biscuit-dough-mixer-machine-industrial\/","title":{"rendered":"M\u00e9langeur automatique de p\u00e2te \u00e0 biscuits 400KG Industriel"},"content":{"rendered":"<p>Le syst\u00e8me de qualit\u00e9 industrielle <strong>m\u00e9langeur automatique de p\u00e2te \u00e0 biscuits<\/strong> est dot\u00e9 d'une cuve en acier inoxydable robuste et d'\u00e9l\u00e9ments de m\u00e9lange de haute qualit\u00e9, ce qui lui permet de traiter facilement de grandes quantit\u00e9s de p\u00e2te.<\/p>\n<p><img fetchpriority=\"high\" decoding=\"async\" class=\"alignnone size-full wp-image-5318\" src=\"https:\/\/www.biscuitsolution.com\/wp-content\/uploads\/2025\/03\/biscuits-dough-mixer-industrial.jpg\" alt=\"m\u00e9langeur de p\u00e2te \u00e0 biscuits industriel\" width=\"800\" height=\"450\" srcset=\"https:\/\/www.biscuitsolution.com\/wp-content\/uploads\/2025\/03\/biscuits-dough-mixer-industrial.jpg 800w, https:\/\/www.biscuitsolution.com\/wp-content\/uploads\/2025\/03\/biscuits-dough-mixer-industrial-300x169.jpg 300w, https:\/\/www.biscuitsolution.com\/wp-content\/uploads\/2025\/03\/biscuits-dough-mixer-industrial-768x432.jpg 768w, https:\/\/www.biscuitsolution.com\/wp-content\/uploads\/2025\/03\/biscuits-dough-mixer-industrial-600x338.jpg 600w, https:\/\/www.biscuitsolution.com\/wp-content\/uploads\/2025\/03\/biscuits-dough-mixer-industrial-64x36.jpg 64w\" sizes=\"(max-width: 800px) 100vw, 800px\" \/><\/p>\n<p>La machine utilise un syst\u00e8me unique de m\u00e9lange en spirale \u00e0 double bras, et deux bras contrarotatifs travaillent ensemble pour garantir que les ingr\u00e9dients tels que la farine, l'eau, le sucre, l'huile et les agents de levage sont bien m\u00e9lang\u00e9s et de mani\u00e8re homog\u00e8ne. Sa grande capacit\u00e9 permet de r\u00e9duire consid\u00e9rablement le nombre de cycles de m\u00e9lange n\u00e9cessaires et d'am\u00e9liorer l'efficacit\u00e9 globale de la production.<\/p>\n<p>Le panneau de commande intelligent permet \u00e0 l'op\u00e9rateur de r\u00e9gler avec pr\u00e9cision la dur\u00e9e, la vitesse et la temp\u00e9rature du m\u00e9lange, contr\u00f4lant ainsi enti\u00e8rement la formation et la qualit\u00e9 de la p\u00e2te.<\/p>\n<p><img decoding=\"async\" class=\"alignnone size-full wp-image-5319\" src=\"https:\/\/www.biscuitsolution.com\/wp-content\/uploads\/2025\/03\/biscuits-dough-mixer-machine.jpg\" alt=\"m\u00e9langeur de p\u00e2te \u00e0 biscuits industriel\" width=\"800\" height=\"450\" srcset=\"https:\/\/www.biscuitsolution.com\/wp-content\/uploads\/2025\/03\/biscuits-dough-mixer-machine.jpg 800w, https:\/\/www.biscuitsolution.com\/wp-content\/uploads\/2025\/03\/biscuits-dough-mixer-machine-300x169.jpg 300w, https:\/\/www.biscuitsolution.com\/wp-content\/uploads\/2025\/03\/biscuits-dough-mixer-machine-768x432.jpg 768w, https:\/\/www.biscuitsolution.com\/wp-content\/uploads\/2025\/03\/biscuits-dough-mixer-machine-600x338.jpg 600w, https:\/\/www.biscuitsolution.com\/wp-content\/uploads\/2025\/03\/biscuits-dough-mixer-machine-64x36.jpg 64w\" sizes=\"(max-width: 800px) 100vw, 800px\" \/><\/p>\n<h2>Avantages du m\u00e9langeur automatique de p\u00e2te \u00e0 biscuits<\/h2>\n<ul>\n<li>Uniformit\u00e9 de m\u00e9lange \u00e9lev\u00e9e : Gr\u00e2ce \u00e0 la conception pr\u00e9cise de la pale de m\u00e9lange et au contr\u00f4le raisonnable des ingr\u00e9dients, la farine, l'huile, le sucre, l'eau et d'autres mati\u00e8res premi\u00e8res peuvent \u00eatre enti\u00e8rement m\u00e9lang\u00e9s pour garantir une texture de p\u00e2te uniforme et un aspect homog\u00e8ne.<\/li>\n<li>Contr\u00f4le pr\u00e9cis des param\u00e8tres : Les param\u00e8tres tels que le temps de m\u00e9lange, la vitesse et la temp\u00e9rature peuvent \u00eatre contr\u00f4l\u00e9s avec pr\u00e9cision. En fonction des diff\u00e9rentes recettes de biscuits et des exigences du processus, r\u00e9gler les param\u00e8tres appropri\u00e9s pour s'assurer que la qualit\u00e9 de la p\u00e2te r\u00e9pond aux exigences de la production.<\/li>\n<li>R\u00e9duire les op\u00e9rations manuelles : Le m\u00e9langeur automatique de p\u00e2te \u00e0 biscuits peut effectuer automatiquement le travail principal de m\u00e9lange de la p\u00e2te, et seul un petit nombre d'op\u00e9rateurs est n\u00e9cessaire pour surveiller l'\u00e9quipement, ajouter des mati\u00e8res premi\u00e8res et effectuer d'autres travaux auxiliaires, ce qui r\u00e9duit consid\u00e9rablement la d\u00e9pendance \u00e0 l'\u00e9gard du travail manuel.<\/li>\n<li>Facile \u00e0 nettoyer : L'\u00e9quipement est g\u00e9n\u00e9ralement fabriqu\u00e9 \u00e0 partir de mat\u00e9riaux de qualit\u00e9 alimentaire, avec une surface lisse et sans angles morts. Il peut \u00eatre nettoy\u00e9 et d\u00e9sinfect\u00e9 en m\u00eame temps, ce qui permet de pr\u00e9venir efficacement les r\u00e9sidus de levure et la croissance bact\u00e9rienne, et de garantir l'hygi\u00e8ne et la s\u00e9curit\u00e9 des aliments.<\/li>\n<li>Compatible avec de multiples recettes : Il peut s'adapter aux besoins de m\u00e9lange de diff\u00e9rents types de p\u00e2tes \u00e0 biscuits, tels que les biscuits croustillants, les biscuits \u00e9lastiques, les biscuits, etc. en ajustant les param\u00e8tres et en rempla\u00e7ant les pales d'agitation, etc.<\/li>\n<\/ul>\n<p><img decoding=\"async\" class=\"alignnone size-full wp-image-5320\" src=\"https:\/\/www.biscuitsolution.com\/wp-content\/uploads\/2025\/03\/biscuit-dough-mixer-machines.jpg\" alt=\"machine \u00e0 m\u00e9langer la p\u00e2te \u00e0 biscuits\" width=\"800\" height=\"450\" srcset=\"https:\/\/www.biscuitsolution.com\/wp-content\/uploads\/2025\/03\/biscuit-dough-mixer-machines.jpg 800w, https:\/\/www.biscuitsolution.com\/wp-content\/uploads\/2025\/03\/biscuit-dough-mixer-machines-300x169.jpg 300w, https:\/\/www.biscuitsolution.com\/wp-content\/uploads\/2025\/03\/biscuit-dough-mixer-machines-768x432.jpg 768w, https:\/\/www.biscuitsolution.com\/wp-content\/uploads\/2025\/03\/biscuit-dough-mixer-machines-600x338.jpg 600w, https:\/\/www.biscuitsolution.com\/wp-content\/uploads\/2025\/03\/biscuit-dough-mixer-machines-64x36.jpg 64w\" sizes=\"(max-width: 800px) 100vw, 800px\" \/><\/p>\n<h2>M\u00e9langeur automatique de p\u00e2te Produits d'application<\/h2>\n<ul>\n<li>Biscuits : Convient \u00e0 tous les types de biscuits, y compris les crackers, les sabl\u00e9s et les biscuits \u00e0 la cr\u00e8me. La qualit\u00e9 constante de la p\u00e2te permet d'obtenir la texture et la saveur requises pour chaque vari\u00e9t\u00e9.<\/li>\n<li>Biscuits : Qu'il s'agisse de biscuits au chocolat, de biscuits \u00e0 l'avoine ou de biscuits au sucre, le mixeur garantit que la p\u00e2te a la bonne consistance pour une mise en forme et une cuisson parfaites.<\/li>\n<li>P\u00e2tisserie : Convient \u00e0 la pr\u00e9paration de p\u00e2tes \u00e0 tarte, de tartes et de boulettes. Le processus de m\u00e9lange contr\u00f4l\u00e9 permet d'obtenir des p\u00e2tisseries feuillet\u00e9es et moelleuses.<\/li>\n<li>En-cas : Il peut \u00eatre utilis\u00e9 pour faire de la p\u00e2te pour des snacks sal\u00e9s tels que des pailles de fromage, des bretzels et des biscuits aromatis\u00e9s. La polyvalence du mixeur permet d'essayer diff\u00e9rentes saveurs et textures.<\/li>\n<\/ul>\n<p><img loading=\"lazy\" decoding=\"async\" class=\"alignnone size-full wp-image-5321\" src=\"https:\/\/www.biscuitsolution.com\/wp-content\/uploads\/2025\/03\/biscuit-dough-mixer-machine.jpg\" alt=\"machine \u00e0 m\u00e9langer la p\u00e2te \u00e0 biscuits\" width=\"800\" height=\"450\" srcset=\"https:\/\/www.biscuitsolution.com\/wp-content\/uploads\/2025\/03\/biscuit-dough-mixer-machine.jpg 800w, https:\/\/www.biscuitsolution.com\/wp-content\/uploads\/2025\/03\/biscuit-dough-mixer-machine-300x169.jpg 300w, https:\/\/www.biscuitsolution.com\/wp-content\/uploads\/2025\/03\/biscuit-dough-mixer-machine-768x432.jpg 768w, https:\/\/www.biscuitsolution.com\/wp-content\/uploads\/2025\/03\/biscuit-dough-mixer-machine-600x338.jpg 600w, https:\/\/www.biscuitsolution.com\/wp-content\/uploads\/2025\/03\/biscuit-dough-mixer-machine-64x36.jpg 64w\" sizes=\"(max-width: 800px) 100vw, 800px\" \/><\/p>\n<p>Nos m\u00e9langeurs automatiques de p\u00e2te \u00e0 biscuits offrent aux producteurs de biscuits une solution fiable, efficace et pr\u00e9cise qui r\u00e9pond aux exigences de la production moderne, garantissant des produits de haute qualit\u00e9 tout en optimisant les co\u00fbts et la main-d'\u0153uvre.<\/p>\n<p>Contactez-nous d\u00e8s aujourd'hui pour savoir comment cette machine peut transformer votre processus de production.<\/p>\n<h2>Laissez un message pour obtenir un devis<\/h2>\n\n<div class=\"wpcf7 no-js\" id=\"wpcf7-f4619-o1\" lang=\"en-US\" dir=\"ltr\" data-wpcf7-id=\"4619\">\n<div class=\"screen-reader-response\"><p role=\"status\" aria-live=\"polite\" aria-atomic=\"true\"><\/p> <ul><\/ul><\/div>\n<form action=\"\/fr\/wp-json\/wp\/v2\/product\/5317#wpcf7-f4619-o1\" method=\"post\" class=\"wpcf7-form init\" aria-label=\"Formulaire de contact\" novalidate=\"novalidate\" data-status=\"init\" data-trp-original-action=\"\/fr\/wp-json\/wp\/v2\/product\/5317#wpcf7-f4619-o1\">\n<div style=\"display: none;\">\n<input type=\"hidden\" name=\"_wpcf7\" value=\"4619\" \/>\n<input type=\"hidden\" name=\"_wpcf7_version\" value=\"6.0.4\" \/>\n<input type=\"hidden\" name=\"_wpcf7_locale\" value=\"en_US\" \/>\n<input type=\"hidden\" name=\"_wpcf7_unit_tag\" value=\"wpcf7-f4619-o1\" \/>\n<input type=\"hidden\" name=\"_wpcf7_container_post\" value=\"0\" \/>\n<input type=\"hidden\" name=\"_wpcf7_posted_data_hash\" value=\"\" \/>\n<\/div>\n<p><label> Votre nom*<br \/>\n<span class=\"wpcf7-form-control-wrap\" data-name=\"your-name\"><input size=\"40\" maxlength=\"400\" class=\"wpcf7-form-control wpcf7-text wpcf7-validates-as-required\" aria-required=\"true\" aria-invalid=\"false\" value=\"\" type=\"text\" name=\"your-name\" \/><\/span> <\/label>\n<\/p>\n<p><label> Votre pays<br \/>\n<span class=\"wpcf7-form-control-wrap\" data-name=\"your-country\"><input size=\"40\" maxlength=\"400\" class=\"wpcf7-form-control wpcf7-text\" aria-invalid=\"false\" value=\"\" type=\"text\" name=\"your-country\" \/><\/span><\/label>\n<\/p>\n<p><label> Votre courriel*<br \/>\n<span class=\"wpcf7-form-control-wrap\" data-name=\"your-email\"><input size=\"40\" maxlength=\"400\" class=\"wpcf7-form-control wpcf7-email wpcf7-validates-as-required wpcf7-text wpcf7-validates-as-email\" aria-required=\"true\" aria-invalid=\"false\" value=\"\" type=\"email\" name=\"your-email\" \/><\/span> <\/label>\n<\/p>\n<p><label> Votre t\u00e9l\u00e9phone<br \/>\n<span class=\"wpcf7-form-control-wrap\" data-name=\"your-phone\"><input size=\"40\" maxlength=\"400\" class=\"wpcf7-form-control wpcf7-tel wpcf7-text wpcf7-validates-as-tel\" aria-invalid=\"false\" value=\"\" type=\"tel\" name=\"your-phone\" \/><\/span> <\/label>\n<\/p>\n<p><label> Nom de l'entreprise<br \/>\n<span class=\"wpcf7-form-control-wrap\" data-name=\"text-457\"><input size=\"40\" maxlength=\"400\" class=\"wpcf7-form-control wpcf7-text\" aria-invalid=\"false\" value=\"\" type=\"text\" name=\"text-457\" \/><\/span> <\/label>\n<\/p>\n<p><label> Le site web de votre entreprise<br \/>\n<span class=\"wpcf7-form-control-wrap\" data-name=\"text-546\"><input size=\"40\" maxlength=\"400\" class=\"wpcf7-form-control wpcf7-text\" aria-invalid=\"false\" value=\"\" type=\"text\" name=\"text-546\" \/><\/span> <\/label>\n<\/p>\n<p><label> Votre demande*<br \/>\n<span class=\"wpcf7-form-control-wrap\" data-name=\"your-message\"><textarea cols=\"40\" rows=\"10\" maxlength=\"2000\" class=\"wpcf7-form-control wpcf7-textarea wpcf7-validates-as-required\" aria-required=\"true\" aria-invalid=\"false\" name=\"your-message\"><\/textarea><\/span> <\/label>\n<\/p>\n<p><input class=\"wpcf7-form-control wpcf7-submit has-spinner\" type=\"submit\" value=\"Soumettre\" \/>\n<\/p><p style=\"display: none !important;\" class=\"akismet-fields-container\" data-prefix=\"_wpcf7_ak_\"><label>&#916;<textarea name=\"_wpcf7_ak_hp_textarea\" cols=\"45\" rows=\"8\" maxlength=\"100\"><\/textarea><\/label><input type=\"hidden\" id=\"ak_js_1\" name=\"_wpcf7_ak_js\" value=\"135\"\/><script>document.getElementById( \"ak_js_1\" ).setAttribute( \"value\", ( new Date() ).getTime() );<\/script><\/p><div class=\"wpcf7-response-output\" aria-hidden=\"true\"><\/div>\n<input type=\"hidden\" name=\"trp-form-language\" value=\"fr\"\/><\/form>\n<\/div>\n\n<div style='text-align:left' class='yasr-auto-insert-visitor'><\/div>","protected":false},"excerpt":{"rendered":"<p>Marque : GELGOOG<\/p>\n<p>Capacit\u00e9 : 150KG\/H<\/p>\n<p>Courriel : shanna@machinehall.com<\/p>\n<p>T\u00e9l : +8618638676709<\/p>","protected":false},"featured_media":5322,"comment_status":"open","ping_status":"closed","template":"","meta":{"site-sidebar-layout":"default","site-content-layout":"","ast-site-content-layout":"default","site-content-style":"default","site-sidebar-style":"default","ast-global-header-display":"","ast-banner-title-visibility":"","ast-main-header-display":"","ast-hfb-above-header-display":"","ast-hfb-below-header-display":"","ast-hfb-mobile-header-display":"","site-post-title":"","ast-breadcrumbs-content":"","ast-featured-img":"","footer-sml-layout":"","theme-transparent-header-meta":"default","adv-header-id-meta":"","stick-header-meta":"","header-above-stick-meta":"","header-main-stick-meta":"","header-below-stick-meta":"","astra-migrate-meta-layouts":"set","ast-page-background-enabled":"default","ast-page-background-meta":{"desktop":{"background-color":"","background-image":"","background-repeat":"repeat","background-position":"center center","background-size":"auto","background-attachment":"scroll","background-type":"","background-media":"","overlay-type":"","overlay-color":"","overlay-opacity":"","overlay-gradient":""},"tablet":{"background-color":"","background-image":"","background-repeat":"repeat","background-position":"center center","background-size":"auto","background-attachment":"scroll","background-type":"","background-media":"","overlay-type":"","overlay-color":"","overlay-opacity":"","overlay-gradient":""},"mobile":{"background-color":"","background-image":"","background-repeat":"repeat","background-position":"center center","background-size":"auto","background-attachment":"scroll","background-type":"","background-media":"","overlay-type":"","overlay-color":"","overlay-opacity":"","overlay-gradient":""}},"ast-content-background-meta":{"desktop":{"background-color":"var(--ast-global-color-5)","background-image":"","background-repeat":"repeat","background-position":"center center","background-size":"auto","background-attachment":"scroll","background-type":"","background-media":"","overlay-type":"","overlay-color":"","overlay-opacity":"","overlay-gradient":""},"tablet":{"background-color":"var(--ast-global-color-5)","background-image":"","background-repeat":"repeat","background-position":"center center","background-size":"auto","background-attachment":"scroll","background-type":"","background-media":"","overlay-type":"","overlay-color":"","overlay-opacity":"","overlay-gradient":""},"mobile":{"background-color":"var(--ast-global-color-5)","background-image":"","background-repeat":"repeat","background-position":"center center","background-size":"auto","background-attachment":"scroll","background-type":"","background-media":"","overlay-type":"","overlay-color":"","overlay-opacity":"","overlay-gradient":""}},"yasr_overall_rating":0,"yasr_post_is_review":"","yasr_auto_insert_disabled":"","yasr_review_type":""},"product_brand":[],"product_cat":[22],"product_tag":[],"class_list":{"0":"post-5317","1":"product","2":"type-product","3":"status-publish","4":"has-post-thumbnail","6":"product_cat-hard-biscuit-production-line","7":"desktop-align-left","8":"tablet-align-left","9":"mobile-align-left","11":"first","12":"instock","13":"shipping-taxable","14":"product-type-simple"},"yoast_head":"<!-- This site is optimized with the Yoast SEO plugin v24.4 - https:\/\/yoast.com\/wordpress\/plugins\/seo\/ -->\n<title>400KG Automatic Biscuit Dough\u00a0Mixer Machine Industrial - Biscuit Production Solution Manufacturer<\/title>\n<meta name=\"description\" content=\"Biscuit dough mixer machine can improve the utilization rate of raw materials such as flour, control the dough quality through precise parameter adjustment.\" \/>\n<meta name=\"robots\" content=\"index, follow, max-snippet:-1, max-image-preview:large, max-video-preview:-1\" \/>\n<link rel=\"canonical\" href=\"https:\/\/www.biscuitsolution.com\/fr\/produit\/400kg-automatic-biscuit-dough-mixer-machine-industrial\/\" \/>\n<meta property=\"og:locale\" content=\"fr_FR\" \/>\n<meta property=\"og:type\" content=\"article\" \/>\n<meta property=\"og:title\" content=\"400KG Automatic Biscuit Dough\u00a0Mixer Machine Industrial - Biscuit Production Solution Manufacturer\" \/>\n<meta property=\"og:description\" content=\"Biscuit dough mixer machine can improve the utilization rate of raw materials such as flour, control the dough quality through precise parameter adjustment.\" \/>\n<meta property=\"og:url\" content=\"https:\/\/www.biscuitsolution.com\/fr\/produit\/400kg-automatic-biscuit-dough-mixer-machine-industrial\/\" \/>\n<meta property=\"og:site_name\" content=\"Biscuit Production Solution Manufacturer\" \/>\n<meta property=\"article:publisher\" content=\"https:\/\/www.facebook.com\/profile.php?id=100095205040823\" \/>\n<meta property=\"article:modified_time\" content=\"2025-03-06T09:33:21+00:00\" \/>\n<meta property=\"og:image\" content=\"https:\/\/www.biscuitsolution.com\/wp-content\/uploads\/2025\/03\/biscuit-dough-mixer-industrial.jpg\" \/>\n\t<meta property=\"og:image:width\" content=\"600\" \/>\n\t<meta property=\"og:image:height\" content=\"600\" \/>\n\t<meta property=\"og:image:type\" content=\"image\/jpeg\" \/>\n<meta name=\"twitter:card\" content=\"summary_large_image\" \/>\n<meta name=\"twitter:site\" content=\"@shanna_zha26342\" \/>\n<meta name=\"twitter:label1\" content=\"Dur\u00e9e de lecture estim\u00e9e\" \/>\n\t<meta name=\"twitter:data1\" content=\"4 minutes\" \/>\n<script type=\"application\/ld+json\" class=\"yoast-schema-graph\">{\"@context\":\"https:\/\/schema.org\",\"@graph\":[{\"@type\":\"WebPage\",\"@id\":\"https:\/\/www.biscuitsolution.com\/product\/400kg-automatic-biscuit-dough-mixer-machine-industrial\/\",\"url\":\"https:\/\/www.biscuitsolution.com\/product\/400kg-automatic-biscuit-dough-mixer-machine-industrial\/\",\"name\":\"400KG Automatic Biscuit Dough\u00a0Mixer Machine Industrial - Biscuit Production Solution Manufacturer\",\"isPartOf\":{\"@id\":\"https:\/\/www.biscuitsolution.com\/#website\"},\"primaryImageOfPage\":{\"@id\":\"https:\/\/www.biscuitsolution.com\/product\/400kg-automatic-biscuit-dough-mixer-machine-industrial\/#primaryimage\"},\"image\":{\"@id\":\"https:\/\/www.biscuitsolution.com\/product\/400kg-automatic-biscuit-dough-mixer-machine-industrial\/#primaryimage\"},\"thumbnailUrl\":\"https:\/\/www.biscuitsolution.com\/wp-content\/uploads\/2025\/03\/biscuit-dough-mixer-industrial.jpg\",\"datePublished\":\"2025-03-06T07:45:23+00:00\",\"dateModified\":\"2025-03-06T09:33:21+00:00\",\"description\":\"Biscuit dough mixer machine can improve the utilization rate of raw materials such as flour, control the dough quality through precise parameter adjustment.\",\"breadcrumb\":{\"@id\":\"https:\/\/www.biscuitsolution.com\/product\/400kg-automatic-biscuit-dough-mixer-machine-industrial\/#breadcrumb\"},\"inLanguage\":\"fr-FR\",\"potentialAction\":[{\"@type\":\"ReadAction\",\"target\":[\"https:\/\/www.biscuitsolution.com\/product\/400kg-automatic-biscuit-dough-mixer-machine-industrial\/\"]}]},{\"@type\":\"ImageObject\",\"inLanguage\":\"fr-FR\",\"@id\":\"https:\/\/www.biscuitsolution.com\/product\/400kg-automatic-biscuit-dough-mixer-machine-industrial\/#primaryimage\",\"url\":\"https:\/\/www.biscuitsolution.com\/wp-content\/uploads\/2025\/03\/biscuit-dough-mixer-industrial.jpg\",\"contentUrl\":\"https:\/\/www.biscuitsolution.com\/wp-content\/uploads\/2025\/03\/biscuit-dough-mixer-industrial.jpg\",\"width\":600,\"height\":600,\"caption\":\"biscuit dough mixer machine\"},{\"@type\":\"BreadcrumbList\",\"@id\":\"https:\/\/www.biscuitsolution.com\/product\/400kg-automatic-biscuit-dough-mixer-machine-industrial\/#breadcrumb\",\"itemListElement\":[{\"@type\":\"ListItem\",\"position\":1,\"name\":\"Home\",\"item\":\"https:\/\/www.biscuitsolution.com\/\"},{\"@type\":\"ListItem\",\"position\":2,\"name\":\"Product\",\"item\":\"https:\/\/www.biscuitsolution.com\/product\/\"},{\"@type\":\"ListItem\",\"position\":3,\"name\":\"400KG Automatic Biscuit Dough\u00a0Mixer Machine Industrial\"}]},{\"@type\":\"WebSite\",\"@id\":\"https:\/\/www.biscuitsolution.com\/#website\",\"url\":\"https:\/\/www.biscuitsolution.com\/\",\"name\":\"Biscuit Production Solution Manufacturer\",\"description\":\"\",\"potentialAction\":[{\"@type\":\"SearchAction\",\"target\":{\"@type\":\"EntryPoint\",\"urlTemplate\":\"https:\/\/www.biscuitsolution.com\/?s={search_term_string}\"},\"query-input\":{\"@type\":\"PropertyValueSpecification\",\"valueRequired\":true,\"valueName\":\"search_term_string\"}}],\"inLanguage\":\"fr-FR\"},false]}<\/script>\n<!-- \/ Yoast SEO plugin. -->","yoast_head_json":{"title":"M\u00e9langeur automatique de p\u00e2te \u00e0 biscuits 400KG Industriel - Fabricant de solutions de production de biscuits","description":"Le p\u00e9trin \u00e0 biscuits permet d'am\u00e9liorer le taux d'utilisation des mati\u00e8res premi\u00e8res telles que la farine et de contr\u00f4ler la qualit\u00e9 de la p\u00e2te gr\u00e2ce \u00e0 un r\u00e9glage pr\u00e9cis des param\u00e8tres.","robots":{"index":"index","follow":"follow","max-snippet":"max-snippet:-1","max-image-preview":"max-image-preview:large","max-video-preview":"max-video-preview:-1"},"canonical":"https:\/\/www.biscuitsolution.com\/fr\/produit\/400kg-automatic-biscuit-dough-mixer-machine-industrial\/","og_locale":"fr_FR","og_type":"article","og_title":"400KG Automatic Biscuit Dough\u00a0Mixer Machine Industrial - Biscuit Production Solution Manufacturer","og_description":"Biscuit dough mixer machine can improve the utilization rate of raw materials such as flour, control the dough quality through precise parameter adjustment.","og_url":"https:\/\/www.biscuitsolution.com\/fr\/produit\/400kg-automatic-biscuit-dough-mixer-machine-industrial\/","og_site_name":"Biscuit Production Solution Manufacturer","article_publisher":"https:\/\/www.facebook.com\/profile.php?id=100095205040823","article_modified_time":"2025-03-06T09:33:21+00:00","og_image":[{"width":600,"height":600,"url":"https:\/\/www.biscuitsolution.com\/wp-content\/uploads\/2025\/03\/biscuit-dough-mixer-industrial.jpg","type":"image\/jpeg"}],"twitter_card":"summary_large_image","twitter_site":"@shanna_zha26342","twitter_misc":{"Dur\u00e9e de lecture estim\u00e9e":"4 minutes"},"schema":{"@context":"https:\/\/schema.org","@graph":[{"@type":"WebPage","@id":"https:\/\/www.biscuitsolution.com\/product\/400kg-automatic-biscuit-dough-mixer-machine-industrial\/","url":"https:\/\/www.biscuitsolution.com\/product\/400kg-automatic-biscuit-dough-mixer-machine-industrial\/","name":"M\u00e9langeur automatique de p\u00e2te \u00e0 biscuits 400KG Industriel - Fabricant de solutions de production de biscuits","isPartOf":{"@id":"https:\/\/www.biscuitsolution.com\/#website"},"primaryImageOfPage":{"@id":"https:\/\/www.biscuitsolution.com\/product\/400kg-automatic-biscuit-dough-mixer-machine-industrial\/#primaryimage"},"image":{"@id":"https:\/\/www.biscuitsolution.com\/product\/400kg-automatic-biscuit-dough-mixer-machine-industrial\/#primaryimage"},"thumbnailUrl":"https:\/\/www.biscuitsolution.com\/wp-content\/uploads\/2025\/03\/biscuit-dough-mixer-industrial.jpg","datePublished":"2025-03-06T07:45:23+00:00","dateModified":"2025-03-06T09:33:21+00:00","description":"Le p\u00e9trin \u00e0 biscuits permet d'am\u00e9liorer le taux d'utilisation des mati\u00e8res premi\u00e8res telles que la farine et de contr\u00f4ler la qualit\u00e9 de la p\u00e2te gr\u00e2ce \u00e0 un r\u00e9glage pr\u00e9cis des param\u00e8tres.","breadcrumb":{"@id":"https:\/\/www.biscuitsolution.com\/product\/400kg-automatic-biscuit-dough-mixer-machine-industrial\/#breadcrumb"},"inLanguage":"fr-FR","potentialAction":[{"@type":"ReadAction","target":["https:\/\/www.biscuitsolution.com\/product\/400kg-automatic-biscuit-dough-mixer-machine-industrial\/"]}]},{"@type":"ImageObject","inLanguage":"fr-FR","@id":"https:\/\/www.biscuitsolution.com\/product\/400kg-automatic-biscuit-dough-mixer-machine-industrial\/#primaryimage","url":"https:\/\/www.biscuitsolution.com\/wp-content\/uploads\/2025\/03\/biscuit-dough-mixer-industrial.jpg","contentUrl":"https:\/\/www.biscuitsolution.com\/wp-content\/uploads\/2025\/03\/biscuit-dough-mixer-industrial.jpg","width":600,"height":600,"caption":"biscuit dough mixer machine"},{"@type":"BreadcrumbList","@id":"https:\/\/www.biscuitsolution.com\/product\/400kg-automatic-biscuit-dough-mixer-machine-industrial\/#breadcrumb","itemListElement":[{"@type":"ListItem","position":1,"name":"Home","item":"https:\/\/www.biscuitsolution.com\/"},{"@type":"ListItem","position":2,"name":"Product","item":"https:\/\/www.biscuitsolution.com\/product\/"},{"@type":"ListItem","position":3,"name":"400KG Automatic Biscuit Dough\u00a0Mixer Machine Industrial"}]},{"@type":"WebSite","@id":"https:\/\/www.biscuitsolution.com\/#website","url":"https:\/\/www.biscuitsolution.com\/","name":"Fabricant de solutions pour la production de biscuits","description":"","potentialAction":[{"@type":"SearchAction","target":{"@type":"EntryPoint","urlTemplate":"https:\/\/www.biscuitsolution.com\/?s={search_term_string}"},"query-input":{"@type":"PropertyValueSpecification","valueRequired":true,"valueName":"search_term_string"}}],"inLanguage":"fr-FR"},false]}},"yasr_visitor_votes":{"stars_attributes":{"read_only":false,"span_bottom":false},"number_of_votes":2,"sum_votes":10},"_links":{"self":[{"href":"https:\/\/www.biscuitsolution.com\/fr\/wp-json\/wp\/v2\/product\/5317","targetHints":{"allow":["GET"]}}],"collection":[{"href":"https:\/\/www.biscuitsolution.com\/fr\/wp-json\/wp\/v2\/product"}],"about":[{"href":"https:\/\/www.biscuitsolution.com\/fr\/wp-json\/wp\/v2\/types\/product"}],"replies":[{"embeddable":true,"href":"https:\/\/www.biscuitsolution.com\/fr\/wp-json\/wp\/v2\/comments?post=5317"}],"version-history":[{"count":2,"href":"https:\/\/www.biscuitsolution.com\/fr\/wp-json\/wp\/v2\/product\/5317\/revisions"}],"predecessor-version":[{"id":5339,"href":"https:\/\/www.biscuitsolution.com\/fr\/wp-json\/wp\/v2\/product\/5317\/revisions\/5339"}],"wp:featuredmedia":[{"embeddable":true,"href":"https:\/\/www.biscuitsolution.com\/fr\/wp-json\/wp\/v2\/media\/5322"}],"wp:attachment":[{"href":"https:\/\/www.biscuitsolution.com\/fr\/wp-json\/wp\/v2\/media?parent=5317"}],"wp:term":[{"taxonomy":"product_brand","embeddable":true,"href":"https:\/\/www.biscuitsolution.com\/fr\/wp-json\/wp\/v2\/product_brand?post=5317"},{"taxonomy":"product_cat","embeddable":true,"href":"https:\/\/www.biscuitsolution.com\/fr\/wp-json\/wp\/v2\/product_cat?post=5317"},{"taxonomy":"product_tag","embeddable":true,"href":"https:\/\/www.biscuitsolution.com\/fr\/wp-json\/wp\/v2\/product_tag?post=5317"}],"curies":[{"name":"wp","href":"https:\/\/api.w.org\/{rel}","templated":true}]}}