{"id":5299,"date":"2025-03-05T18:48:29","date_gmt":"2025-03-05T10:48:29","guid":{"rendered":"https:\/\/www.biscuitsolution.com\/?post_type=product&#038;p=5299"},"modified":"2025-03-06T17:32:23","modified_gmt":"2025-03-06T09:32:23","slug":"sugar-powder-grinding-machine-for-biscuit-and-bread","status":"publish","type":"product","link":"https:\/\/www.biscuitsolution.com\/fr\/produit\/sugar-powder-grinding-machine-for-biscuit-and-bread\/","title":{"rendered":"Machine \u00e0 broyer la poudre de sucre pour les biscuits et le pain"},"content":{"rendered":"<p>Notre poudre<strong> broyeur \u00e0 sucre<\/strong>sont con\u00e7us pour r\u00e9pondre aux besoins des fabricants de biscuits, de pain et d'autres produits de boulangerie.<\/p>\n<p>Ces machines tr\u00e8s performantes utilisent une technologie de broyage avanc\u00e9e pour transformer le sucre brut en une poudre fine et uniforme. Cela permet d'obtenir une texture, une r\u00e9partition des saveurs et une consistance du produit optimales.<\/p>\n<p><img fetchpriority=\"high\" decoding=\"async\" class=\"alignnone size-full wp-image-5300\" src=\"https:\/\/www.biscuitsolution.com\/wp-content\/uploads\/2025\/03\/biscuit-sugar-grinding-machine.jpg\" alt=\"machine \u00e0 broyer le sucre\" width=\"800\" height=\"450\" srcset=\"https:\/\/www.biscuitsolution.com\/wp-content\/uploads\/2025\/03\/biscuit-sugar-grinding-machine.jpg 800w, https:\/\/www.biscuitsolution.com\/wp-content\/uploads\/2025\/03\/biscuit-sugar-grinding-machine-300x169.jpg 300w, https:\/\/www.biscuitsolution.com\/wp-content\/uploads\/2025\/03\/biscuit-sugar-grinding-machine-768x432.jpg 768w, https:\/\/www.biscuitsolution.com\/wp-content\/uploads\/2025\/03\/biscuit-sugar-grinding-machine-600x338.jpg 600w, https:\/\/www.biscuitsolution.com\/wp-content\/uploads\/2025\/03\/biscuit-sugar-grinding-machine-64x36.jpg 64w\" sizes=\"(max-width: 800px) 100vw, 800px\" \/><\/p>\n<h2>Composition des biscuits Machine \u00e0 broyer le sucre<\/h2>\n<p>Syst\u00e8me d'alimentation : Contr\u00f4le automatique de la vitesse d'alimentation pour \u00e9viter les blocages, garantit que les mati\u00e8res premi\u00e8res p\u00e9n\u00e8trent uniform\u00e9ment dans la chambre de broyage et est \u00e9quip\u00e9 d'une s\u00e9paration magn\u00e9tique ou d'un filtre \u00e0 tamis pour \u00e9liminer les impuret\u00e9s m\u00e9talliques et les mati\u00e8res \u00e9trang\u00e8res afin de garantir la puret\u00e9 du produit.<\/p>\n<p>Syst\u00e8me de broyage : Des lames en alliage r\u00e9sistant \u00e0 l'usure sont utilis\u00e9es pour briser rapidement les gros morceaux de particules de sucre. Des disques dent\u00e9s de haute pr\u00e9cision et des anneaux de broyage sont combin\u00e9s pour obtenir un broyage fin de l'ordre du micron.<\/p>\n<p>Syst\u00e8me de classification : Vitesse r\u00e9glable pour contr\u00f4ler la taille des particules de poudre (50-300\u03bcm) afin de r\u00e9pondre aux diff\u00e9rentes exigences des produits.<\/p>\n<p>Syst\u00e8me de transmission : Bo\u00eete de vitesses adapt\u00e9e pour obtenir un couple de sortie \u00e9lev\u00e9, adapt\u00e9 aux mati\u00e8res premi\u00e8res de haute duret\u00e9.<\/p>\n<p>Syst\u00e8me de contr\u00f4le : Interface tactile compl\u00e8te pour contr\u00f4ler les param\u00e8tres de fonctionnement (tels que le courant, la temp\u00e9rature, la vitesse) en temps r\u00e9el.<\/p>\n<p><img decoding=\"async\" class=\"alignnone size-full wp-image-5332\" src=\"https:\/\/www.biscuitsolution.com\/wp-content\/uploads\/2025\/03\/biscuit-sugar-grinding-machines-2.jpg\" alt=\"machine \u00e0 broyer les biscuits et le sucre\" width=\"800\" height=\"450\" srcset=\"https:\/\/www.biscuitsolution.com\/wp-content\/uploads\/2025\/03\/biscuit-sugar-grinding-machines-2.jpg 800w, https:\/\/www.biscuitsolution.com\/wp-content\/uploads\/2025\/03\/biscuit-sugar-grinding-machines-2-300x169.jpg 300w, https:\/\/www.biscuitsolution.com\/wp-content\/uploads\/2025\/03\/biscuit-sugar-grinding-machines-2-768x432.jpg 768w, https:\/\/www.biscuitsolution.com\/wp-content\/uploads\/2025\/03\/biscuit-sugar-grinding-machines-2-18x10.jpg 18w, https:\/\/www.biscuitsolution.com\/wp-content\/uploads\/2025\/03\/biscuit-sugar-grinding-machines-2-600x338.jpg 600w, https:\/\/www.biscuitsolution.com\/wp-content\/uploads\/2025\/03\/biscuit-sugar-grinding-machines-2-64x36.jpg 64w\" sizes=\"(max-width: 800px) 100vw, 800px\" \/><\/p>\n<h2>Machine \u00e0 broyer le sucre en poudre Avantages<\/h2>\n<p>Excellente pr\u00e9cision de broyage : \u00c9quip\u00e9 d'un syst\u00e8me de pulv\u00e9risation \u00e0 plusieurs \u00e9tages et d'une chambre de broyage r\u00e9glable, il peut produire du sucre en poudre avec des particules d'une taille comprise entre 50 et 300 microns, qui peuvent \u00eatre adapt\u00e9es aux exigences sp\u00e9cifiques de votre recette.<\/p>\n<p>Performance efficace : Adopte une conception \u00e0 faible consommation d'\u00e9nergie et \u00e0 haut rendement avec une capacit\u00e9 de traitement de 500 \u00e0 3 000 kg\/h, r\u00e9duisant les temps d'arr\u00eat de la production et maximisant le rendement.<\/p>\n<p>S\u00e9curit\u00e9 et hygi\u00e8ne de qualit\u00e9 alimentaire : Fabriqu\u00e9 en acier inoxydable 304\/316L, il est conforme aux normes de la FDA, de l'UE et de l'HACCP. Sa conception facile \u00e0 nettoyer, avec des composants amovibles et sans angles morts, minimise le risque de contamination crois\u00e9e.<\/p>\n<p>Polyvalence et durabilit\u00e9 : Peut traiter diff\u00e9rents types de sucre : sucre blanc, sucre roux, sucre glace, etc. La structure robuste garantit un fonctionnement fiable \u00e0 long terme, m\u00eame dans des environnements de production \u00e0 haut volume.<\/p>\n<p><img decoding=\"async\" class=\"alignnone size-full wp-image-5333\" src=\"https:\/\/www.biscuitsolution.com\/wp-content\/uploads\/2025\/03\/biscuits-sugar-grinding-machine-2.jpg\" alt=\"machine \u00e0 broyer le sucre\" width=\"800\" height=\"450\" srcset=\"https:\/\/www.biscuitsolution.com\/wp-content\/uploads\/2025\/03\/biscuits-sugar-grinding-machine-2.jpg 800w, https:\/\/www.biscuitsolution.com\/wp-content\/uploads\/2025\/03\/biscuits-sugar-grinding-machine-2-300x169.jpg 300w, https:\/\/www.biscuitsolution.com\/wp-content\/uploads\/2025\/03\/biscuits-sugar-grinding-machine-2-768x432.jpg 768w, https:\/\/www.biscuitsolution.com\/wp-content\/uploads\/2025\/03\/biscuits-sugar-grinding-machine-2-18x10.jpg 18w, https:\/\/www.biscuitsolution.com\/wp-content\/uploads\/2025\/03\/biscuits-sugar-grinding-machine-2-600x338.jpg 600w, https:\/\/www.biscuitsolution.com\/wp-content\/uploads\/2025\/03\/biscuits-sugar-grinding-machine-2-64x36.jpg 64w\" sizes=\"(max-width: 800px) 100vw, 800px\" \/><\/p>\n<h2>Machine \u00e0 broyer le sucre en poudre Applications<\/h2>\n<p>Fabrication de biscuits : Am\u00e9liorer la texture et le go\u00fbt sucr\u00e9 des biscuits, crackers et gaufrettes.<\/p>\n<p>Production de pain et de p\u00e2tisserie : Assure une r\u00e9partition uniforme du sucre dans la p\u00e2te, am\u00e9liorant ainsi le go\u00fbt et la dur\u00e9e de conservation.<\/p>\n<p>Sucreries et snacks : Id\u00e9al pour le sucre en poudre dans les confiseries, les enrobages de chocolat et les gla\u00e7ages.<\/p>\n<p>Transformation alimentaire : Pour les industries pharmaceutiques, cosm\u00e9tiques et chimiques qui ont besoin de sucre en poudre fin.<\/p>\n<h2>Pourquoi nous choisir ?<\/h2>\n<p>Personnalisation : Personnaliser les sp\u00e9cifications de la machine (capacit\u00e9, taille, automatisation) pour r\u00e9pondre \u00e0 vos besoins de production.<\/p>\n<p>Une assistance mondiale : Assistance technique 24 heures sur 24, 7 jours sur 7, et r\u00e9seau mondial de centres de service certifi\u00e9s.<\/p>\n<p>Durabilit\u00e9 : Mod\u00e8les \u00e0 \u00e9conomie d'\u00e9nergie avec r\u00e9duction des \u00e9missions de bruit et de poussi\u00e8re, conform\u00e9ment aux pratiques respectueuses de l'environnement.<\/p>\n<p>&nbsp;<\/p>\n<h2>Investissez dans la pr\u00e9cision. Am\u00e9liorez la qualit\u00e9 de vos produits<\/h2>\n<p>Contactez-nous d\u00e8s aujourd'hui pour une consultation personnalis\u00e9e afin de d\u00e9couvrir comment nos broyeurs de sucre en poudre peuvent optimiser votre ligne de production.<\/p>\n<h2>Laissez un message pour obtenir un devis<\/h2>\n\n<div class=\"wpcf7 no-js\" id=\"wpcf7-f4619-o1\" lang=\"en-US\" dir=\"ltr\" data-wpcf7-id=\"4619\">\n<div class=\"screen-reader-response\"><p role=\"status\" aria-live=\"polite\" aria-atomic=\"true\"><\/p> <ul><\/ul><\/div>\n<form action=\"\/fr\/wp-json\/wp\/v2\/product\/5299#wpcf7-f4619-o1\" method=\"post\" class=\"wpcf7-form init\" aria-label=\"Formulaire de contact\" novalidate=\"novalidate\" data-status=\"init\" data-trp-original-action=\"\/fr\/wp-json\/wp\/v2\/product\/5299#wpcf7-f4619-o1\">\n<div style=\"display: none;\">\n<input type=\"hidden\" name=\"_wpcf7\" value=\"4619\" \/>\n<input type=\"hidden\" name=\"_wpcf7_version\" value=\"6.0.4\" \/>\n<input type=\"hidden\" name=\"_wpcf7_locale\" value=\"en_US\" \/>\n<input type=\"hidden\" name=\"_wpcf7_unit_tag\" value=\"wpcf7-f4619-o1\" \/>\n<input type=\"hidden\" name=\"_wpcf7_container_post\" value=\"0\" \/>\n<input type=\"hidden\" name=\"_wpcf7_posted_data_hash\" value=\"\" \/>\n<\/div>\n<p><label> Votre nom*<br \/>\n<span class=\"wpcf7-form-control-wrap\" data-name=\"your-name\"><input size=\"40\" maxlength=\"400\" class=\"wpcf7-form-control wpcf7-text wpcf7-validates-as-required\" aria-required=\"true\" aria-invalid=\"false\" value=\"\" type=\"text\" name=\"your-name\" \/><\/span> <\/label>\n<\/p>\n<p><label> Votre pays<br \/>\n<span class=\"wpcf7-form-control-wrap\" data-name=\"your-country\"><input size=\"40\" maxlength=\"400\" class=\"wpcf7-form-control wpcf7-text\" aria-invalid=\"false\" value=\"\" type=\"text\" name=\"your-country\" \/><\/span><\/label>\n<\/p>\n<p><label> Votre courriel*<br \/>\n<span class=\"wpcf7-form-control-wrap\" data-name=\"your-email\"><input size=\"40\" maxlength=\"400\" class=\"wpcf7-form-control wpcf7-email wpcf7-validates-as-required wpcf7-text wpcf7-validates-as-email\" aria-required=\"true\" aria-invalid=\"false\" value=\"\" type=\"email\" name=\"your-email\" \/><\/span> <\/label>\n<\/p>\n<p><label> Votre t\u00e9l\u00e9phone<br \/>\n<span class=\"wpcf7-form-control-wrap\" data-name=\"your-phone\"><input size=\"40\" maxlength=\"400\" class=\"wpcf7-form-control wpcf7-tel wpcf7-text wpcf7-validates-as-tel\" aria-invalid=\"false\" value=\"\" type=\"tel\" name=\"your-phone\" \/><\/span> <\/label>\n<\/p>\n<p><label> Nom de l'entreprise<br \/>\n<span class=\"wpcf7-form-control-wrap\" data-name=\"text-457\"><input size=\"40\" maxlength=\"400\" class=\"wpcf7-form-control wpcf7-text\" aria-invalid=\"false\" value=\"\" type=\"text\" name=\"text-457\" \/><\/span> <\/label>\n<\/p>\n<p><label> Le site web de votre entreprise<br \/>\n<span class=\"wpcf7-form-control-wrap\" data-name=\"text-546\"><input size=\"40\" maxlength=\"400\" class=\"wpcf7-form-control wpcf7-text\" aria-invalid=\"false\" value=\"\" type=\"text\" name=\"text-546\" \/><\/span> <\/label>\n<\/p>\n<p><label> Votre demande*<br \/>\n<span class=\"wpcf7-form-control-wrap\" data-name=\"your-message\"><textarea cols=\"40\" rows=\"10\" maxlength=\"2000\" class=\"wpcf7-form-control wpcf7-textarea wpcf7-validates-as-required\" aria-required=\"true\" aria-invalid=\"false\" name=\"your-message\"><\/textarea><\/span> <\/label>\n<\/p>\n<p><input class=\"wpcf7-form-control wpcf7-submit has-spinner\" type=\"submit\" value=\"Soumettre\" \/>\n<\/p><p style=\"display: none !important;\" class=\"akismet-fields-container\" data-prefix=\"_wpcf7_ak_\"><label>&#916;<textarea name=\"_wpcf7_ak_hp_textarea\" cols=\"45\" rows=\"8\" maxlength=\"100\"><\/textarea><\/label><input type=\"hidden\" id=\"ak_js_1\" name=\"_wpcf7_ak_js\" value=\"190\"\/><script>document.getElementById( \"ak_js_1\" ).setAttribute( \"value\", ( new Date() ).getTime() );<\/script><\/p><div class=\"wpcf7-response-output\" aria-hidden=\"true\"><\/div>\n<input type=\"hidden\" name=\"trp-form-language\" value=\"fr\"\/><\/form>\n<\/div>\n\n<div style='text-align:left' class='yasr-auto-insert-visitor'><\/div>","protected":false},"excerpt":{"rendered":"<p>Mod\u00e8le : GGWF-20B<br \/>\nPuissance du moteur (kw) : 4<br \/>\nCapacit\u00e9 de production (kg\/h) : 60-150<br \/>\nTension : triphas\u00e9e 380V<\/p>","protected":false},"featured_media":5303,"comment_status":"open","ping_status":"closed","template":"","meta":{"site-sidebar-layout":"default","site-content-layout":"","ast-site-content-layout":"default","site-content-style":"default","site-sidebar-style":"default","ast-global-header-display":"","ast-banner-title-visibility":"","ast-main-header-display":"","ast-hfb-above-header-display":"","ast-hfb-below-header-display":"","ast-hfb-mobile-header-display":"","site-post-title":"","ast-breadcrumbs-content":"","ast-featured-img":"","footer-sml-layout":"","theme-transparent-header-meta":"default","adv-header-id-meta":"","stick-header-meta":"","header-above-stick-meta":"","header-main-stick-meta":"","header-below-stick-meta":"","astra-migrate-meta-layouts":"set","ast-page-background-enabled":"default","ast-page-background-meta":{"desktop":{"background-color":"","background-image":"","background-repeat":"repeat","background-position":"center center","background-size":"auto","background-attachment":"scroll","background-type":"","background-media":"","overlay-type":"","overlay-color":"","overlay-opacity":"","overlay-gradient":""},"tablet":{"background-color":"","background-image":"","background-repeat":"repeat","background-position":"center center","background-size":"auto","background-attachment":"scroll","background-type":"","background-media":"","overlay-type":"","overlay-color":"","overlay-opacity":"","overlay-gradient":""},"mobile":{"background-color":"","background-image":"","background-repeat":"repeat","background-position":"center center","background-size":"auto","background-attachment":"scroll","background-type":"","background-media":"","overlay-type":"","overlay-color":"","overlay-opacity":"","overlay-gradient":""}},"ast-content-background-meta":{"desktop":{"background-color":"var(--ast-global-color-5)","background-image":"","background-repeat":"repeat","background-position":"center center","background-size":"auto","background-attachment":"scroll","background-type":"","background-media":"","overlay-type":"","overlay-color":"","overlay-opacity":"","overlay-gradient":""},"tablet":{"background-color":"var(--ast-global-color-5)","background-image":"","background-repeat":"repeat","background-position":"center center","background-size":"auto","background-attachment":"scroll","background-type":"","background-media":"","overlay-type":"","overlay-color":"","overlay-opacity":"","overlay-gradient":""},"mobile":{"background-color":"var(--ast-global-color-5)","background-image":"","background-repeat":"repeat","background-position":"center center","background-size":"auto","background-attachment":"scroll","background-type":"","background-media":"","overlay-type":"","overlay-color":"","overlay-opacity":"","overlay-gradient":""}},"yasr_overall_rating":0,"yasr_post_is_review":"","yasr_auto_insert_disabled":"","yasr_review_type":""},"product_brand":[],"product_cat":[22],"product_tag":[],"class_list":{"0":"post-5299","1":"product","2":"type-product","3":"status-publish","4":"has-post-thumbnail","6":"product_cat-hard-biscuit-production-line","7":"desktop-align-left","8":"tablet-align-left","9":"mobile-align-left","11":"first","12":"instock","13":"shipping-taxable","14":"product-type-simple"},"yoast_head":"<!-- This site is optimized with the Yoast SEO plugin v24.4 - https:\/\/yoast.com\/wordpress\/plugins\/seo\/ -->\n<title>Sugar Powder Grinding Machine for Biscuit and Bread - Biscuit Production Solution Manufacturer<\/title>\n<meta name=\"description\" content=\"Sugar powder grinding machine can be used for the processing and production of biscuits and bread factories, suitable for large, medium and small factories.\" \/>\n<meta name=\"robots\" content=\"index, follow, max-snippet:-1, max-image-preview:large, max-video-preview:-1\" \/>\n<link rel=\"canonical\" href=\"https:\/\/www.biscuitsolution.com\/fr\/produit\/sugar-powder-grinding-machine-for-biscuit-and-bread\/\" \/>\n<meta property=\"og:locale\" content=\"fr_FR\" \/>\n<meta property=\"og:type\" content=\"article\" \/>\n<meta property=\"og:title\" content=\"Sugar Powder Grinding Machine for Biscuit and Bread - Biscuit Production Solution Manufacturer\" \/>\n<meta property=\"og:description\" content=\"Sugar powder grinding machine can be used for the processing and production of biscuits and bread factories, suitable for large, medium and small factories.\" \/>\n<meta property=\"og:url\" content=\"https:\/\/www.biscuitsolution.com\/fr\/produit\/sugar-powder-grinding-machine-for-biscuit-and-bread\/\" \/>\n<meta property=\"og:site_name\" content=\"Biscuit Production Solution Manufacturer\" \/>\n<meta property=\"article:publisher\" content=\"https:\/\/www.facebook.com\/profile.php?id=100095205040823\" \/>\n<meta property=\"article:modified_time\" content=\"2025-03-06T09:32:23+00:00\" \/>\n<meta property=\"og:image\" content=\"https:\/\/www.biscuitsolution.com\/wp-content\/uploads\/2025\/03\/sugar-grinding-machine.jpg\" \/>\n\t<meta property=\"og:image:width\" content=\"600\" \/>\n\t<meta property=\"og:image:height\" content=\"600\" \/>\n\t<meta property=\"og:image:type\" content=\"image\/jpeg\" \/>\n<meta name=\"twitter:card\" content=\"summary_large_image\" \/>\n<meta name=\"twitter:site\" content=\"@shanna_zha26342\" \/>\n<meta name=\"twitter:label1\" content=\"Dur\u00e9e de lecture estim\u00e9e\" \/>\n\t<meta name=\"twitter:data1\" content=\"3 minutes\" \/>\n<script type=\"application\/ld+json\" class=\"yoast-schema-graph\">{\"@context\":\"https:\/\/schema.org\",\"@graph\":[{\"@type\":\"WebPage\",\"@id\":\"https:\/\/www.biscuitsolution.com\/product\/sugar-powder-grinding-machine-for-biscuit-and-bread\/\",\"url\":\"https:\/\/www.biscuitsolution.com\/product\/sugar-powder-grinding-machine-for-biscuit-and-bread\/\",\"name\":\"Sugar Powder Grinding Machine for Biscuit and Bread - Biscuit Production Solution Manufacturer\",\"isPartOf\":{\"@id\":\"https:\/\/www.biscuitsolution.com\/#website\"},\"primaryImageOfPage\":{\"@id\":\"https:\/\/www.biscuitsolution.com\/product\/sugar-powder-grinding-machine-for-biscuit-and-bread\/#primaryimage\"},\"image\":{\"@id\":\"https:\/\/www.biscuitsolution.com\/product\/sugar-powder-grinding-machine-for-biscuit-and-bread\/#primaryimage\"},\"thumbnailUrl\":\"https:\/\/www.biscuitsolution.com\/wp-content\/uploads\/2025\/03\/sugar-grinding-machine.jpg\",\"datePublished\":\"2025-03-05T10:48:29+00:00\",\"dateModified\":\"2025-03-06T09:32:23+00:00\",\"description\":\"Sugar powder grinding machine can be used for the processing and production of biscuits and bread factories, suitable for large, medium and small factories.\",\"breadcrumb\":{\"@id\":\"https:\/\/www.biscuitsolution.com\/product\/sugar-powder-grinding-machine-for-biscuit-and-bread\/#breadcrumb\"},\"inLanguage\":\"fr-FR\",\"potentialAction\":[{\"@type\":\"ReadAction\",\"target\":[\"https:\/\/www.biscuitsolution.com\/product\/sugar-powder-grinding-machine-for-biscuit-and-bread\/\"]}]},{\"@type\":\"ImageObject\",\"inLanguage\":\"fr-FR\",\"@id\":\"https:\/\/www.biscuitsolution.com\/product\/sugar-powder-grinding-machine-for-biscuit-and-bread\/#primaryimage\",\"url\":\"https:\/\/www.biscuitsolution.com\/wp-content\/uploads\/2025\/03\/sugar-grinding-machine.jpg\",\"contentUrl\":\"https:\/\/www.biscuitsolution.com\/wp-content\/uploads\/2025\/03\/sugar-grinding-machine.jpg\",\"width\":600,\"height\":600,\"caption\":\"sugar grinding machine\"},{\"@type\":\"BreadcrumbList\",\"@id\":\"https:\/\/www.biscuitsolution.com\/product\/sugar-powder-grinding-machine-for-biscuit-and-bread\/#breadcrumb\",\"itemListElement\":[{\"@type\":\"ListItem\",\"position\":1,\"name\":\"Home\",\"item\":\"https:\/\/www.biscuitsolution.com\/\"},{\"@type\":\"ListItem\",\"position\":2,\"name\":\"Product\",\"item\":\"https:\/\/www.biscuitsolution.com\/product\/\"},{\"@type\":\"ListItem\",\"position\":3,\"name\":\"Sugar Powder Grinding Machine for Biscuit and Bread\"}]},{\"@type\":\"WebSite\",\"@id\":\"https:\/\/www.biscuitsolution.com\/#website\",\"url\":\"https:\/\/www.biscuitsolution.com\/\",\"name\":\"Biscuit Production Solution Manufacturer\",\"description\":\"\",\"potentialAction\":[{\"@type\":\"SearchAction\",\"target\":{\"@type\":\"EntryPoint\",\"urlTemplate\":\"https:\/\/www.biscuitsolution.com\/?s={search_term_string}\"},\"query-input\":{\"@type\":\"PropertyValueSpecification\",\"valueRequired\":true,\"valueName\":\"search_term_string\"}}],\"inLanguage\":\"fr-FR\"},false]}<\/script>\n<!-- \/ Yoast SEO plugin. -->","yoast_head_json":{"title":"Machine \u00e0 broyer la poudre de sucre pour les biscuits et le pain - Fabricant de solutions pour la production de biscuits","description":"La machine \u00e0 broyer le sucre en poudre peut \u00eatre utilis\u00e9e pour le traitement et la production de biscuits et de pains. Elle convient aux grandes, moyennes et petites entreprises.","robots":{"index":"index","follow":"follow","max-snippet":"max-snippet:-1","max-image-preview":"max-image-preview:large","max-video-preview":"max-video-preview:-1"},"canonical":"https:\/\/www.biscuitsolution.com\/fr\/produit\/sugar-powder-grinding-machine-for-biscuit-and-bread\/","og_locale":"fr_FR","og_type":"article","og_title":"Sugar Powder Grinding Machine for Biscuit and Bread - Biscuit Production Solution Manufacturer","og_description":"Sugar powder grinding machine can be used for the processing and production of biscuits and bread factories, suitable for large, medium and small factories.","og_url":"https:\/\/www.biscuitsolution.com\/fr\/produit\/sugar-powder-grinding-machine-for-biscuit-and-bread\/","og_site_name":"Biscuit Production Solution Manufacturer","article_publisher":"https:\/\/www.facebook.com\/profile.php?id=100095205040823","article_modified_time":"2025-03-06T09:32:23+00:00","og_image":[{"width":600,"height":600,"url":"https:\/\/www.biscuitsolution.com\/wp-content\/uploads\/2025\/03\/sugar-grinding-machine.jpg","type":"image\/jpeg"}],"twitter_card":"summary_large_image","twitter_site":"@shanna_zha26342","twitter_misc":{"Dur\u00e9e de lecture estim\u00e9e":"3 minutes"},"schema":{"@context":"https:\/\/schema.org","@graph":[{"@type":"WebPage","@id":"https:\/\/www.biscuitsolution.com\/product\/sugar-powder-grinding-machine-for-biscuit-and-bread\/","url":"https:\/\/www.biscuitsolution.com\/product\/sugar-powder-grinding-machine-for-biscuit-and-bread\/","name":"Machine \u00e0 broyer la poudre de sucre pour les biscuits et le pain - Fabricant de solutions pour la production de biscuits","isPartOf":{"@id":"https:\/\/www.biscuitsolution.com\/#website"},"primaryImageOfPage":{"@id":"https:\/\/www.biscuitsolution.com\/product\/sugar-powder-grinding-machine-for-biscuit-and-bread\/#primaryimage"},"image":{"@id":"https:\/\/www.biscuitsolution.com\/product\/sugar-powder-grinding-machine-for-biscuit-and-bread\/#primaryimage"},"thumbnailUrl":"https:\/\/www.biscuitsolution.com\/wp-content\/uploads\/2025\/03\/sugar-grinding-machine.jpg","datePublished":"2025-03-05T10:48:29+00:00","dateModified":"2025-03-06T09:32:23+00:00","description":"La machine \u00e0 broyer le sucre en poudre peut \u00eatre utilis\u00e9e pour le traitement et la production de biscuits et de pains. Elle convient aux grandes, moyennes et petites entreprises.","breadcrumb":{"@id":"https:\/\/www.biscuitsolution.com\/product\/sugar-powder-grinding-machine-for-biscuit-and-bread\/#breadcrumb"},"inLanguage":"fr-FR","potentialAction":[{"@type":"ReadAction","target":["https:\/\/www.biscuitsolution.com\/product\/sugar-powder-grinding-machine-for-biscuit-and-bread\/"]}]},{"@type":"ImageObject","inLanguage":"fr-FR","@id":"https:\/\/www.biscuitsolution.com\/product\/sugar-powder-grinding-machine-for-biscuit-and-bread\/#primaryimage","url":"https:\/\/www.biscuitsolution.com\/wp-content\/uploads\/2025\/03\/sugar-grinding-machine.jpg","contentUrl":"https:\/\/www.biscuitsolution.com\/wp-content\/uploads\/2025\/03\/sugar-grinding-machine.jpg","width":600,"height":600,"caption":"sugar grinding machine"},{"@type":"BreadcrumbList","@id":"https:\/\/www.biscuitsolution.com\/product\/sugar-powder-grinding-machine-for-biscuit-and-bread\/#breadcrumb","itemListElement":[{"@type":"ListItem","position":1,"name":"Home","item":"https:\/\/www.biscuitsolution.com\/"},{"@type":"ListItem","position":2,"name":"Product","item":"https:\/\/www.biscuitsolution.com\/product\/"},{"@type":"ListItem","position":3,"name":"Sugar Powder Grinding Machine for Biscuit and Bread"}]},{"@type":"WebSite","@id":"https:\/\/www.biscuitsolution.com\/#website","url":"https:\/\/www.biscuitsolution.com\/","name":"Fabricant de solutions pour la production de biscuits","description":"","potentialAction":[{"@type":"SearchAction","target":{"@type":"EntryPoint","urlTemplate":"https:\/\/www.biscuitsolution.com\/?s={search_term_string}"},"query-input":{"@type":"PropertyValueSpecification","valueRequired":true,"valueName":"search_term_string"}}],"inLanguage":"fr-FR"},false]}},"yasr_visitor_votes":{"stars_attributes":{"read_only":false,"span_bottom":false},"number_of_votes":3,"sum_votes":12},"_links":{"self":[{"href":"https:\/\/www.biscuitsolution.com\/fr\/wp-json\/wp\/v2\/product\/5299","targetHints":{"allow":["GET"]}}],"collection":[{"href":"https:\/\/www.biscuitsolution.com\/fr\/wp-json\/wp\/v2\/product"}],"about":[{"href":"https:\/\/www.biscuitsolution.com\/fr\/wp-json\/wp\/v2\/types\/product"}],"replies":[{"embeddable":true,"href":"https:\/\/www.biscuitsolution.com\/fr\/wp-json\/wp\/v2\/comments?post=5299"}],"version-history":[{"count":5,"href":"https:\/\/www.biscuitsolution.com\/fr\/wp-json\/wp\/v2\/product\/5299\/revisions"}],"predecessor-version":[{"id":5337,"href":"https:\/\/www.biscuitsolution.com\/fr\/wp-json\/wp\/v2\/product\/5299\/revisions\/5337"}],"wp:featuredmedia":[{"embeddable":true,"href":"https:\/\/www.biscuitsolution.com\/fr\/wp-json\/wp\/v2\/media\/5303"}],"wp:attachment":[{"href":"https:\/\/www.biscuitsolution.com\/fr\/wp-json\/wp\/v2\/media?parent=5299"}],"wp:term":[{"taxonomy":"product_brand","embeddable":true,"href":"https:\/\/www.biscuitsolution.com\/fr\/wp-json\/wp\/v2\/product_brand?post=5299"},{"taxonomy":"product_cat","embeddable":true,"href":"https:\/\/www.biscuitsolution.com\/fr\/wp-json\/wp\/v2\/product_cat?post=5299"},{"taxonomy":"product_tag","embeddable":true,"href":"https:\/\/www.biscuitsolution.com\/fr\/wp-json\/wp\/v2\/product_tag?post=5299"}],"curies":[{"name":"wp","href":"https:\/\/api.w.org\/{rel}","templated":true}]}}