{"id":5293,"date":"2025-03-04T18:14:10","date_gmt":"2025-03-04T10:14:10","guid":{"rendered":"https:\/\/www.biscuitsolution.com\/?post_type=product&#038;p=5293"},"modified":"2025-03-06T17:31:55","modified_gmt":"2025-03-06T09:31:55","slug":"industrial-biscuit-crusher-machine-multipurpose","status":"publish","type":"product","link":"https:\/\/www.biscuitsolution.com\/fr\/produit\/industrial-biscuit-crusher-machine-multipurpose\/","title":{"rendered":"Machine industrielle \u00e0 broyer les biscuits \u00e0 usage multiple"},"content":{"rendered":"<p>Le broyeur de biscuits est un \u00e9quipement industriel sp\u00e9cialement utilis\u00e9 pour r\u00e9duire en miettes ou en poudre les biscuits, les cookies et autres aliments cuits au four. Il est largement utilis\u00e9 dans l'industrie alimentaire. Voici une pr\u00e9sentation d\u00e9taill\u00e9e du broyeur de biscuits :<\/p>\n<p><img fetchpriority=\"high\" decoding=\"async\" class=\"alignnone size-full wp-image-5294\" src=\"https:\/\/www.biscuitsolution.com\/wp-content\/uploads\/2025\/03\/biscuit-crusher.jpg\" alt=\"machine \u00e0 broyer les biscuits\" width=\"800\" height=\"450\" srcset=\"https:\/\/www.biscuitsolution.com\/wp-content\/uploads\/2025\/03\/biscuit-crusher.jpg 800w, https:\/\/www.biscuitsolution.com\/wp-content\/uploads\/2025\/03\/biscuit-crusher-300x169.jpg 300w, https:\/\/www.biscuitsolution.com\/wp-content\/uploads\/2025\/03\/biscuit-crusher-768x432.jpg 768w, https:\/\/www.biscuitsolution.com\/wp-content\/uploads\/2025\/03\/biscuit-crusher-600x338.jpg 600w, https:\/\/www.biscuitsolution.com\/wp-content\/uploads\/2025\/03\/biscuit-crusher-64x36.jpg 64w\" sizes=\"(max-width: 800px) 100vw, 800px\" \/><\/p>\n<h2>Principe de fonctionnement et caract\u00e9ristiques de la machine \u00e0 broyer les biscuits<\/h2>\n<p>Principe de fonctionnement:Le broyeur de biscuits fonctionne principalement par force m\u00e9canique pour r\u00e9duire les biscuits en petits morceaux.<\/p>\n<p>Broyage efficace : \u00e9quip\u00e9e d'un moteur \u00e0 haute puissance, la machine peut rapidement r\u00e9duire les biscuits \u00e0 la taille de particule souhait\u00e9e.<\/p>\n<p>Mat\u00e9riau de qualit\u00e9 alimentaire : Fabriqu\u00e9 \u00e0 partir de mat\u00e9riaux de qualit\u00e9 alimentaire tels que l'acier inoxydable 304, il garantit la propret\u00e9 et la s\u00e9curit\u00e9 du processus de broyage.<\/p>\n<p>Ajustement : la taille des particules broy\u00e9es peut \u00eatre adapt\u00e9e aux exigences sp\u00e9cifiques des diff\u00e9rents produits, ce qui garantit la flexibilit\u00e9 de la production.<\/p>\n<p>Facile \u00e0 nettoyer : tous les composants qui entrent en contact avec les aliments sont con\u00e7us pour \u00eatre rapidement d\u00e9mont\u00e9s, ce qui rend le nettoyage et la d\u00e9sinfection simples et efficaces.<\/p>\n<p>Conception \u00e0 faible bruit : L'\u00e9quipement est dot\u00e9 d'une technologie avanc\u00e9e de r\u00e9duction du bruit afin de minimiser le bruit de fonctionnement.<\/p>\n<p><img decoding=\"async\" class=\"alignnone size-full wp-image-5295\" src=\"https:\/\/www.biscuitsolution.com\/wp-content\/uploads\/2025\/03\/biscuit-crusher-machines.jpg\" alt=\"machine \u00e0 broyer les biscuits\" width=\"800\" height=\"450\" srcset=\"https:\/\/www.biscuitsolution.com\/wp-content\/uploads\/2025\/03\/biscuit-crusher-machines.jpg 800w, https:\/\/www.biscuitsolution.com\/wp-content\/uploads\/2025\/03\/biscuit-crusher-machines-300x169.jpg 300w, https:\/\/www.biscuitsolution.com\/wp-content\/uploads\/2025\/03\/biscuit-crusher-machines-768x432.jpg 768w, https:\/\/www.biscuitsolution.com\/wp-content\/uploads\/2025\/03\/biscuit-crusher-machines-600x338.jpg 600w, https:\/\/www.biscuitsolution.com\/wp-content\/uploads\/2025\/03\/biscuit-crusher-machines-64x36.jpg 64w\" sizes=\"(max-width: 800px) 100vw, 800px\" \/><\/p>\n<h2>Avantages du broyeur de biscuits<\/h2>\n<p>Production en continu : De nombreux broyeurs de biscuits permettent une alimentation et un d\u00e9chargement continus, conviennent \u00e0 une production industrielle \u00e0 grande \u00e9chelle et peuvent r\u00e9pondre aux besoins d'une production \u00e9lev\u00e9e.<\/p>\n<p>Ajustement : L'\u00e9quipement est g\u00e9n\u00e9ralement \u00e9quip\u00e9 d'un crible r\u00e9glable ou d'un \u00e9cartement des lames, et l'utilisateur peut ajuster la taille des particules broy\u00e9es en fonction de ses besoins, des copeaux grossiers \u00e0 la poudre fine.<\/p>\n<p>Polyvalence : outre les biscuits, le broyeur de biscuits peut \u00e9galement traiter les noix, les c\u00e9r\u00e9ales, les fruits secs, les bonbons, le chocolat et d'autres mat\u00e9riaux. Une seule machine peut \u00eatre utilis\u00e9e \u00e0 de multiples fins et permet de r\u00e9aliser des \u00e9conomies.<\/p>\n<p>Conception \u00e9conome en \u00e9nergie : Les broyeurs de biscuits modernes utilisent g\u00e9n\u00e9ralement des moteurs et des syst\u00e8mes de transmission efficaces \u00e0 faible consommation d'\u00e9nergie. Ils sont \u00e9galement \u00e9quip\u00e9s de syst\u00e8mes de contr\u00f4le intelligents capables d'ajuster automatiquement la puissance en fonction de la charge.<\/p>\n<p><img decoding=\"async\" class=\"alignnone size-full wp-image-5296\" src=\"https:\/\/www.biscuitsolution.com\/wp-content\/uploads\/2025\/03\/crusher-machine.jpg\" alt=\"machine \u00e0 broyer les biscuits\" width=\"800\" height=\"450\" srcset=\"https:\/\/www.biscuitsolution.com\/wp-content\/uploads\/2025\/03\/crusher-machine.jpg 800w, https:\/\/www.biscuitsolution.com\/wp-content\/uploads\/2025\/03\/crusher-machine-300x169.jpg 300w, https:\/\/www.biscuitsolution.com\/wp-content\/uploads\/2025\/03\/crusher-machine-768x432.jpg 768w, https:\/\/www.biscuitsolution.com\/wp-content\/uploads\/2025\/03\/crusher-machine-600x338.jpg 600w, https:\/\/www.biscuitsolution.com\/wp-content\/uploads\/2025\/03\/crusher-machine-64x36.jpg 64w\" sizes=\"(max-width: 800px) 100vw, 800px\" \/><\/p>\n<h2>La machine \u00e0 broyer les biscuits est polyvalente dans ses applications<\/h2>\n<p>Pour les d\u00e9corations de boulangerie, il produit des miettes de biscuits qui sont couramment utilis\u00e9es pour embellir la surface des produits de boulangerie tels que les g\u00e2teaux, les biscuits et les cro\u00fbtes de tarte, am\u00e9liorant \u00e0 la fois la saveur et l'attrait visuel.<\/p>\n<p>Dans le domaine des cr\u00e8mes glac\u00e9es et des desserts, les miettes de biscuits servent d'ingr\u00e9dient pour introduire des couches et une texture croquante.<\/p>\n<p>Ils peuvent \u00e9galement \u00eatre incorpor\u00e9s dans des milk-shakes et des boissons pour leur donner un go\u00fbt particulier.<\/p>\n<p>En outre, les miettes de biscuits constituent une mati\u00e8re premi\u00e8re pr\u00e9cieuse pour les barres \u00e9nerg\u00e9tiques et les en-cas sains, apportant un suppl\u00e9ment d'\u00e9nergie et de fibres alimentaires.<\/p>\n<p>Gr\u00e2ce \u00e0 son principe de broyage universel et \u00e0 ses capacit\u00e9s de r\u00e9glage flexibles, la machine \u00e0 broyer les biscuits peut \u00e9galement \u00eatre utilis\u00e9e pour broyer une vari\u00e9t\u00e9 d'autres aliments et mat\u00e9riaux. Par exemple :<\/p>\n<ul>\n<li>Noix : Les fruits \u00e0 coque peuvent \u00eatre broy\u00e9s en petits morceaux ou en poudre pour la p\u00e2tisserie, la fabrication de beurre de noix ou comme ingr\u00e9dients alimentaires.<\/li>\n<li>C\u00e9r\u00e9ales et graines : Ils peuvent \u00eatre r\u00e9duits en poudre fine pour la p\u00e2tisserie, les boissons ou les compl\u00e9ments alimentaires.<\/li>\n<li>Fruits secs : Les fruits secs broy\u00e9s peuvent \u00eatre utilis\u00e9s pour la p\u00e2tisserie, la fabrication de barres \u00e9nerg\u00e9tiques ou comme ingr\u00e9dients de desserts.<\/li>\n<\/ul>\n<p>En tant qu'\u00e9quipement de transformation alimentaire, le broyeur de biscuits pr\u00e9sente de nombreux avantages significatifs, qui permettent non seulement d'am\u00e9liorer l'efficacit\u00e9 de la production, mais aussi d'am\u00e9liorer la qualit\u00e9 et la valeur ajout\u00e9e des produits. Il s'agit d'un choix id\u00e9al pour la transformation moderne des aliments.<\/p>\n<h2>Laissez un message pour obtenir un devis<\/h2>\n\n<div class=\"wpcf7 no-js\" id=\"wpcf7-f4619-o1\" lang=\"en-US\" dir=\"ltr\" data-wpcf7-id=\"4619\">\n<div class=\"screen-reader-response\"><p role=\"status\" aria-live=\"polite\" aria-atomic=\"true\"><\/p> <ul><\/ul><\/div>\n<form action=\"\/fr\/wp-json\/wp\/v2\/product\/5293#wpcf7-f4619-o1\" method=\"post\" class=\"wpcf7-form init\" aria-label=\"Formulaire de contact\" novalidate=\"novalidate\" data-status=\"init\" data-trp-original-action=\"\/fr\/wp-json\/wp\/v2\/product\/5293#wpcf7-f4619-o1\">\n<div style=\"display: none;\">\n<input type=\"hidden\" name=\"_wpcf7\" value=\"4619\" \/>\n<input type=\"hidden\" name=\"_wpcf7_version\" value=\"6.0.4\" \/>\n<input type=\"hidden\" name=\"_wpcf7_locale\" value=\"en_US\" \/>\n<input type=\"hidden\" name=\"_wpcf7_unit_tag\" value=\"wpcf7-f4619-o1\" \/>\n<input type=\"hidden\" name=\"_wpcf7_container_post\" value=\"0\" \/>\n<input type=\"hidden\" name=\"_wpcf7_posted_data_hash\" value=\"\" \/>\n<\/div>\n<p><label> Votre nom*<br \/>\n<span class=\"wpcf7-form-control-wrap\" data-name=\"your-name\"><input size=\"40\" maxlength=\"400\" class=\"wpcf7-form-control wpcf7-text wpcf7-validates-as-required\" aria-required=\"true\" aria-invalid=\"false\" value=\"\" type=\"text\" name=\"your-name\" \/><\/span> <\/label>\n<\/p>\n<p><label> Votre pays<br \/>\n<span class=\"wpcf7-form-control-wrap\" data-name=\"your-country\"><input size=\"40\" maxlength=\"400\" class=\"wpcf7-form-control wpcf7-text\" aria-invalid=\"false\" value=\"\" type=\"text\" name=\"your-country\" \/><\/span><\/label>\n<\/p>\n<p><label> Votre courriel*<br \/>\n<span class=\"wpcf7-form-control-wrap\" data-name=\"your-email\"><input size=\"40\" maxlength=\"400\" class=\"wpcf7-form-control wpcf7-email wpcf7-validates-as-required wpcf7-text wpcf7-validates-as-email\" aria-required=\"true\" aria-invalid=\"false\" value=\"\" type=\"email\" name=\"your-email\" \/><\/span> <\/label>\n<\/p>\n<p><label> Votre t\u00e9l\u00e9phone<br \/>\n<span class=\"wpcf7-form-control-wrap\" data-name=\"your-phone\"><input size=\"40\" maxlength=\"400\" class=\"wpcf7-form-control wpcf7-tel wpcf7-text wpcf7-validates-as-tel\" aria-invalid=\"false\" value=\"\" type=\"tel\" name=\"your-phone\" \/><\/span> <\/label>\n<\/p>\n<p><label> Nom de l'entreprise<br \/>\n<span class=\"wpcf7-form-control-wrap\" data-name=\"text-457\"><input size=\"40\" maxlength=\"400\" class=\"wpcf7-form-control wpcf7-text\" aria-invalid=\"false\" value=\"\" type=\"text\" name=\"text-457\" \/><\/span> <\/label>\n<\/p>\n<p><label> Le site web de votre entreprise<br \/>\n<span class=\"wpcf7-form-control-wrap\" data-name=\"text-546\"><input size=\"40\" maxlength=\"400\" class=\"wpcf7-form-control wpcf7-text\" aria-invalid=\"false\" value=\"\" type=\"text\" name=\"text-546\" \/><\/span> <\/label>\n<\/p>\n<p><label> Votre demande*<br \/>\n<span class=\"wpcf7-form-control-wrap\" data-name=\"your-message\"><textarea cols=\"40\" rows=\"10\" maxlength=\"2000\" class=\"wpcf7-form-control wpcf7-textarea wpcf7-validates-as-required\" aria-required=\"true\" aria-invalid=\"false\" name=\"your-message\"><\/textarea><\/span> <\/label>\n<\/p>\n<p><input class=\"wpcf7-form-control wpcf7-submit has-spinner\" type=\"submit\" value=\"Soumettre\" \/>\n<\/p><p style=\"display: none !important;\" class=\"akismet-fields-container\" data-prefix=\"_wpcf7_ak_\"><label>&#916;<textarea name=\"_wpcf7_ak_hp_textarea\" cols=\"45\" rows=\"8\" maxlength=\"100\"><\/textarea><\/label><input type=\"hidden\" id=\"ak_js_1\" name=\"_wpcf7_ak_js\" value=\"20\"\/><script>document.getElementById( \"ak_js_1\" ).setAttribute( \"value\", ( new Date() ).getTime() );<\/script><\/p><div class=\"wpcf7-response-output\" aria-hidden=\"true\"><\/div>\n<input type=\"hidden\" name=\"trp-form-language\" value=\"fr\"\/><\/form>\n<\/div>\n\n<div style='text-align:left' class='yasr-auto-insert-visitor'><\/div>","protected":false},"excerpt":{"rendered":"<p>Marque : GELGOOG<br \/>\nModalit\u00e9s de paiement : T\/T, L\/C, Money Gram, Western Union<br \/>\nLieu d'origine : Chine<br \/>\nConditions commerciales : Exw, FOB, CIF<br \/>\nP\u00e9riode de garantie : 12 mois<\/p>","protected":false},"featured_media":5297,"comment_status":"open","ping_status":"closed","template":"","meta":{"site-sidebar-layout":"default","site-content-layout":"","ast-site-content-layout":"default","site-content-style":"default","site-sidebar-style":"default","ast-global-header-display":"","ast-banner-title-visibility":"","ast-main-header-display":"","ast-hfb-above-header-display":"","ast-hfb-below-header-display":"","ast-hfb-mobile-header-display":"","site-post-title":"","ast-breadcrumbs-content":"","ast-featured-img":"","footer-sml-layout":"","theme-transparent-header-meta":"default","adv-header-id-meta":"","stick-header-meta":"","header-above-stick-meta":"","header-main-stick-meta":"","header-below-stick-meta":"","astra-migrate-meta-layouts":"set","ast-page-background-enabled":"default","ast-page-background-meta":{"desktop":{"background-color":"","background-image":"","background-repeat":"repeat","background-position":"center center","background-size":"auto","background-attachment":"scroll","background-type":"","background-media":"","overlay-type":"","overlay-color":"","overlay-opacity":"","overlay-gradient":""},"tablet":{"background-color":"","background-image":"","background-repeat":"repeat","background-position":"center center","background-size":"auto","background-attachment":"scroll","background-type":"","background-media":"","overlay-type":"","overlay-color":"","overlay-opacity":"","overlay-gradient":""},"mobile":{"background-color":"","background-image":"","background-repeat":"repeat","background-position":"center center","background-size":"auto","background-attachment":"scroll","background-type":"","background-media":"","overlay-type":"","overlay-color":"","overlay-opacity":"","overlay-gradient":""}},"ast-content-background-meta":{"desktop":{"background-color":"var(--ast-global-color-5)","background-image":"","background-repeat":"repeat","background-position":"center center","background-size":"auto","background-attachment":"scroll","background-type":"","background-media":"","overlay-type":"","overlay-color":"","overlay-opacity":"","overlay-gradient":""},"tablet":{"background-color":"var(--ast-global-color-5)","background-image":"","background-repeat":"repeat","background-position":"center center","background-size":"auto","background-attachment":"scroll","background-type":"","background-media":"","overlay-type":"","overlay-color":"","overlay-opacity":"","overlay-gradient":""},"mobile":{"background-color":"var(--ast-global-color-5)","background-image":"","background-repeat":"repeat","background-position":"center center","background-size":"auto","background-attachment":"scroll","background-type":"","background-media":"","overlay-type":"","overlay-color":"","overlay-opacity":"","overlay-gradient":""}},"yasr_overall_rating":0,"yasr_post_is_review":"","yasr_auto_insert_disabled":"","yasr_review_type":""},"product_brand":[],"product_cat":[22],"product_tag":[],"class_list":{"0":"post-5293","1":"product","2":"type-product","3":"status-publish","4":"has-post-thumbnail","6":"product_cat-hard-biscuit-production-line","7":"desktop-align-left","8":"tablet-align-left","9":"mobile-align-left","11":"first","12":"instock","13":"shipping-taxable","14":"product-type-simple"},"yoast_head":"<!-- This site is optimized with the Yoast SEO plugin v24.4 - https:\/\/yoast.com\/wordpress\/plugins\/seo\/ -->\n<title>Industrial Biscuit Crusher Machine Multipurpose - Biscuit Production Solution Manufacturer<\/title>\n<meta name=\"description\" content=\"The biscuit crusher machine can crush biscuits accurately and can be recycled. It can also be used to crush various nuts to increase the taste of biscuits.\" \/>\n<meta name=\"robots\" content=\"index, follow, max-snippet:-1, max-image-preview:large, max-video-preview:-1\" \/>\n<link rel=\"canonical\" href=\"https:\/\/www.biscuitsolution.com\/fr\/produit\/industrial-biscuit-crusher-machine-multipurpose\/\" \/>\n<meta property=\"og:locale\" content=\"fr_FR\" \/>\n<meta property=\"og:type\" content=\"article\" \/>\n<meta property=\"og:title\" content=\"Industrial Biscuit Crusher Machine Multipurpose - Biscuit Production Solution Manufacturer\" \/>\n<meta property=\"og:description\" content=\"The biscuit crusher machine can crush biscuits accurately and can be recycled. It can also be used to crush various nuts to increase the taste of biscuits.\" \/>\n<meta property=\"og:url\" content=\"https:\/\/www.biscuitsolution.com\/fr\/produit\/industrial-biscuit-crusher-machine-multipurpose\/\" \/>\n<meta property=\"og:site_name\" content=\"Biscuit Production Solution Manufacturer\" \/>\n<meta property=\"article:publisher\" content=\"https:\/\/www.facebook.com\/profile.php?id=100095205040823\" \/>\n<meta property=\"article:modified_time\" content=\"2025-03-06T09:31:55+00:00\" \/>\n<meta property=\"og:image\" content=\"https:\/\/www.biscuitsolution.com\/wp-content\/uploads\/2025\/03\/biscuit-crusher-machine.jpg\" \/>\n\t<meta property=\"og:image:width\" content=\"600\" \/>\n\t<meta property=\"og:image:height\" content=\"600\" \/>\n\t<meta property=\"og:image:type\" content=\"image\/jpeg\" \/>\n<meta name=\"twitter:card\" content=\"summary_large_image\" \/>\n<meta name=\"twitter:site\" content=\"@shanna_zha26342\" \/>\n<meta name=\"twitter:label1\" content=\"Dur\u00e9e de lecture estim\u00e9e\" \/>\n\t<meta name=\"twitter:data1\" content=\"3 minutes\" \/>\n<script type=\"application\/ld+json\" class=\"yoast-schema-graph\">{\"@context\":\"https:\/\/schema.org\",\"@graph\":[{\"@type\":\"WebPage\",\"@id\":\"https:\/\/www.biscuitsolution.com\/product\/industrial-biscuit-crusher-machine-multipurpose\/\",\"url\":\"https:\/\/www.biscuitsolution.com\/product\/industrial-biscuit-crusher-machine-multipurpose\/\",\"name\":\"Industrial Biscuit Crusher Machine Multipurpose - Biscuit Production Solution Manufacturer\",\"isPartOf\":{\"@id\":\"https:\/\/www.biscuitsolution.com\/#website\"},\"primaryImageOfPage\":{\"@id\":\"https:\/\/www.biscuitsolution.com\/product\/industrial-biscuit-crusher-machine-multipurpose\/#primaryimage\"},\"image\":{\"@id\":\"https:\/\/www.biscuitsolution.com\/product\/industrial-biscuit-crusher-machine-multipurpose\/#primaryimage\"},\"thumbnailUrl\":\"https:\/\/www.biscuitsolution.com\/wp-content\/uploads\/2025\/03\/biscuit-crusher-machine.jpg\",\"datePublished\":\"2025-03-04T10:14:10+00:00\",\"dateModified\":\"2025-03-06T09:31:55+00:00\",\"description\":\"The biscuit crusher machine can crush biscuits accurately and can be recycled. It can also be used to crush various nuts to increase the taste of biscuits.\",\"breadcrumb\":{\"@id\":\"https:\/\/www.biscuitsolution.com\/product\/industrial-biscuit-crusher-machine-multipurpose\/#breadcrumb\"},\"inLanguage\":\"fr-FR\",\"potentialAction\":[{\"@type\":\"ReadAction\",\"target\":[\"https:\/\/www.biscuitsolution.com\/product\/industrial-biscuit-crusher-machine-multipurpose\/\"]}]},{\"@type\":\"ImageObject\",\"inLanguage\":\"fr-FR\",\"@id\":\"https:\/\/www.biscuitsolution.com\/product\/industrial-biscuit-crusher-machine-multipurpose\/#primaryimage\",\"url\":\"https:\/\/www.biscuitsolution.com\/wp-content\/uploads\/2025\/03\/biscuit-crusher-machine.jpg\",\"contentUrl\":\"https:\/\/www.biscuitsolution.com\/wp-content\/uploads\/2025\/03\/biscuit-crusher-machine.jpg\",\"width\":600,\"height\":600,\"caption\":\"biscuit crusher machine\"},{\"@type\":\"BreadcrumbList\",\"@id\":\"https:\/\/www.biscuitsolution.com\/product\/industrial-biscuit-crusher-machine-multipurpose\/#breadcrumb\",\"itemListElement\":[{\"@type\":\"ListItem\",\"position\":1,\"name\":\"Home\",\"item\":\"https:\/\/www.biscuitsolution.com\/\"},{\"@type\":\"ListItem\",\"position\":2,\"name\":\"Product\",\"item\":\"https:\/\/www.biscuitsolution.com\/product\/\"},{\"@type\":\"ListItem\",\"position\":3,\"name\":\"Industrial Biscuit Crusher Machine Multipurpose\"}]},{\"@type\":\"WebSite\",\"@id\":\"https:\/\/www.biscuitsolution.com\/#website\",\"url\":\"https:\/\/www.biscuitsolution.com\/\",\"name\":\"Biscuit Production Solution Manufacturer\",\"description\":\"\",\"potentialAction\":[{\"@type\":\"SearchAction\",\"target\":{\"@type\":\"EntryPoint\",\"urlTemplate\":\"https:\/\/www.biscuitsolution.com\/?s={search_term_string}\"},\"query-input\":{\"@type\":\"PropertyValueSpecification\",\"valueRequired\":true,\"valueName\":\"search_term_string\"}}],\"inLanguage\":\"fr-FR\"},false]}<\/script>\n<!-- \/ Yoast SEO plugin. -->","yoast_head_json":{"title":"Machine industrielle \u00e0 broyer les biscuits \u00e0 usage multiple - Fabricant de solutions pour la production de biscuits","description":"La machine \u00e0 broyer les biscuits peut broyer les biscuits avec pr\u00e9cision et peut \u00eatre recycl\u00e9e. Elle peut \u00e9galement \u00eatre utilis\u00e9e pour broyer diverses noix afin d'am\u00e9liorer le go\u00fbt des biscuits.","robots":{"index":"index","follow":"follow","max-snippet":"max-snippet:-1","max-image-preview":"max-image-preview:large","max-video-preview":"max-video-preview:-1"},"canonical":"https:\/\/www.biscuitsolution.com\/fr\/produit\/industrial-biscuit-crusher-machine-multipurpose\/","og_locale":"fr_FR","og_type":"article","og_title":"Industrial Biscuit Crusher Machine Multipurpose - Biscuit Production Solution Manufacturer","og_description":"The biscuit crusher machine can crush biscuits accurately and can be recycled. It can also be used to crush various nuts to increase the taste of biscuits.","og_url":"https:\/\/www.biscuitsolution.com\/fr\/produit\/industrial-biscuit-crusher-machine-multipurpose\/","og_site_name":"Biscuit Production Solution Manufacturer","article_publisher":"https:\/\/www.facebook.com\/profile.php?id=100095205040823","article_modified_time":"2025-03-06T09:31:55+00:00","og_image":[{"width":600,"height":600,"url":"https:\/\/www.biscuitsolution.com\/wp-content\/uploads\/2025\/03\/biscuit-crusher-machine.jpg","type":"image\/jpeg"}],"twitter_card":"summary_large_image","twitter_site":"@shanna_zha26342","twitter_misc":{"Dur\u00e9e de lecture estim\u00e9e":"3 minutes"},"schema":{"@context":"https:\/\/schema.org","@graph":[{"@type":"WebPage","@id":"https:\/\/www.biscuitsolution.com\/product\/industrial-biscuit-crusher-machine-multipurpose\/","url":"https:\/\/www.biscuitsolution.com\/product\/industrial-biscuit-crusher-machine-multipurpose\/","name":"Machine industrielle \u00e0 broyer les biscuits \u00e0 usage multiple - Fabricant de solutions pour la production de biscuits","isPartOf":{"@id":"https:\/\/www.biscuitsolution.com\/#website"},"primaryImageOfPage":{"@id":"https:\/\/www.biscuitsolution.com\/product\/industrial-biscuit-crusher-machine-multipurpose\/#primaryimage"},"image":{"@id":"https:\/\/www.biscuitsolution.com\/product\/industrial-biscuit-crusher-machine-multipurpose\/#primaryimage"},"thumbnailUrl":"https:\/\/www.biscuitsolution.com\/wp-content\/uploads\/2025\/03\/biscuit-crusher-machine.jpg","datePublished":"2025-03-04T10:14:10+00:00","dateModified":"2025-03-06T09:31:55+00:00","description":"La machine \u00e0 broyer les biscuits peut broyer les biscuits avec pr\u00e9cision et peut \u00eatre recycl\u00e9e. Elle peut \u00e9galement \u00eatre utilis\u00e9e pour broyer diverses noix afin d'am\u00e9liorer le go\u00fbt des biscuits.","breadcrumb":{"@id":"https:\/\/www.biscuitsolution.com\/product\/industrial-biscuit-crusher-machine-multipurpose\/#breadcrumb"},"inLanguage":"fr-FR","potentialAction":[{"@type":"ReadAction","target":["https:\/\/www.biscuitsolution.com\/product\/industrial-biscuit-crusher-machine-multipurpose\/"]}]},{"@type":"ImageObject","inLanguage":"fr-FR","@id":"https:\/\/www.biscuitsolution.com\/product\/industrial-biscuit-crusher-machine-multipurpose\/#primaryimage","url":"https:\/\/www.biscuitsolution.com\/wp-content\/uploads\/2025\/03\/biscuit-crusher-machine.jpg","contentUrl":"https:\/\/www.biscuitsolution.com\/wp-content\/uploads\/2025\/03\/biscuit-crusher-machine.jpg","width":600,"height":600,"caption":"biscuit crusher machine"},{"@type":"BreadcrumbList","@id":"https:\/\/www.biscuitsolution.com\/product\/industrial-biscuit-crusher-machine-multipurpose\/#breadcrumb","itemListElement":[{"@type":"ListItem","position":1,"name":"Home","item":"https:\/\/www.biscuitsolution.com\/"},{"@type":"ListItem","position":2,"name":"Product","item":"https:\/\/www.biscuitsolution.com\/product\/"},{"@type":"ListItem","position":3,"name":"Industrial Biscuit Crusher Machine Multipurpose"}]},{"@type":"WebSite","@id":"https:\/\/www.biscuitsolution.com\/#website","url":"https:\/\/www.biscuitsolution.com\/","name":"Fabricant de solutions pour la production de biscuits","description":"","potentialAction":[{"@type":"SearchAction","target":{"@type":"EntryPoint","urlTemplate":"https:\/\/www.biscuitsolution.com\/?s={search_term_string}"},"query-input":{"@type":"PropertyValueSpecification","valueRequired":true,"valueName":"search_term_string"}}],"inLanguage":"fr-FR"},false]}},"yasr_visitor_votes":{"stars_attributes":{"read_only":false,"span_bottom":false},"number_of_votes":1,"sum_votes":5},"_links":{"self":[{"href":"https:\/\/www.biscuitsolution.com\/fr\/wp-json\/wp\/v2\/product\/5293","targetHints":{"allow":["GET"]}}],"collection":[{"href":"https:\/\/www.biscuitsolution.com\/fr\/wp-json\/wp\/v2\/product"}],"about":[{"href":"https:\/\/www.biscuitsolution.com\/fr\/wp-json\/wp\/v2\/types\/product"}],"replies":[{"embeddable":true,"href":"https:\/\/www.biscuitsolution.com\/fr\/wp-json\/wp\/v2\/comments?post=5293"}],"version-history":[{"count":3,"href":"https:\/\/www.biscuitsolution.com\/fr\/wp-json\/wp\/v2\/product\/5293\/revisions"}],"predecessor-version":[{"id":5336,"href":"https:\/\/www.biscuitsolution.com\/fr\/wp-json\/wp\/v2\/product\/5293\/revisions\/5336"}],"wp:featuredmedia":[{"embeddable":true,"href":"https:\/\/www.biscuitsolution.com\/fr\/wp-json\/wp\/v2\/media\/5297"}],"wp:attachment":[{"href":"https:\/\/www.biscuitsolution.com\/fr\/wp-json\/wp\/v2\/media?parent=5293"}],"wp:term":[{"taxonomy":"product_brand","embeddable":true,"href":"https:\/\/www.biscuitsolution.com\/fr\/wp-json\/wp\/v2\/product_brand?post=5293"},{"taxonomy":"product_cat","embeddable":true,"href":"https:\/\/www.biscuitsolution.com\/fr\/wp-json\/wp\/v2\/product_cat?post=5293"},{"taxonomy":"product_tag","embeddable":true,"href":"https:\/\/www.biscuitsolution.com\/fr\/wp-json\/wp\/v2\/product_tag?post=5293"}],"curies":[{"name":"wp","href":"https:\/\/api.w.org\/{rel}","templated":true}]}}