{"id":5285,"date":"2025-03-04T17:49:12","date_gmt":"2025-03-04T09:49:12","guid":{"rendered":"https:\/\/www.biscuitsolution.com\/?post_type=product&#038;p=5285"},"modified":"2025-03-06T17:31:30","modified_gmt":"2025-03-06T09:31:30","slug":"intelligent-biscuit-baking-tunnel-oven-large-output","status":"publish","type":"product","link":"https:\/\/www.biscuitsolution.com\/fr\/produit\/intelligent-biscuit-baking-tunnel-oven-large-output\/","title":{"rendered":"Four tunnel intelligent pour la cuisson de biscuits, grand rendement"},"content":{"rendered":"<h2>Four tunnel pour la cuisson des biscuits Introduction<\/h2>\n<p>Le four tunnel intelligent pour la cuisson des biscuits est un \u00e9quipement de cuisson intelligent con\u00e7u pour la production de biscuits \u00e0 grande \u00e9chelle. Il permet une cuisson ininterrompue pendant 24 heures gr\u00e2ce \u00e0 une structure de tunnel continu, et la capacit\u00e9 de production quotidienne peut atteindre plusieurs tonnes.<\/p>\n<p><img fetchpriority=\"high\" decoding=\"async\" class=\"alignnone size-full wp-image-5286\" src=\"https:\/\/www.biscuitsolution.com\/wp-content\/uploads\/2025\/03\/biscuit-baking-oven.jpg\" alt=\"four tunnel pour la cuisson des biscuits\" width=\"800\" height=\"450\" srcset=\"https:\/\/www.biscuitsolution.com\/wp-content\/uploads\/2025\/03\/biscuit-baking-oven.jpg 800w, https:\/\/www.biscuitsolution.com\/wp-content\/uploads\/2025\/03\/biscuit-baking-oven-300x169.jpg 300w, https:\/\/www.biscuitsolution.com\/wp-content\/uploads\/2025\/03\/biscuit-baking-oven-768x432.jpg 768w, https:\/\/www.biscuitsolution.com\/wp-content\/uploads\/2025\/03\/biscuit-baking-oven-600x338.jpg 600w, https:\/\/www.biscuitsolution.com\/wp-content\/uploads\/2025\/03\/biscuit-baking-oven-64x36.jpg 64w\" sizes=\"(max-width: 800px) 100vw, 800px\" \/><\/p>\n<h2>Structure du four tunnel Composition et fonctionnement<\/h2>\n<ul>\n<li>Syst\u00e8me de four : cavit\u00e9 de four d'isolation segment\u00e9e (g\u00e9n\u00e9ralement 3-5 zones), supportant un contr\u00f4le ind\u00e9pendant de la temp\u00e9rature (plage de temp\u00e9rature : 150-300\u2103).<\/li>\n<li>Syst\u00e8me de convoyage : cha\u00eene ou tapis \u00e0 mailles r\u00e9sistant aux temp\u00e9ratures \u00e9lev\u00e9es, vitesse r\u00e9glable (0,5-5 m\/min), adapt\u00e9 \u00e0 diff\u00e9rentes \u00e9paisseurs de biscuits.<\/li>\n<li>Syst\u00e8me de chauffage : chauffage \u00e9lectrique, chauffage au gaz ou module de chauffage infrarouge, haute efficacit\u00e9 et \u00e9conomie d'\u00e9nergie.<\/li>\n<li>Syst\u00e8me de contr\u00f4le intelligent : \u00c9cran tactile PLC + capteur, supportant les recettes pr\u00e9d\u00e9finies, les alarmes de d\u00e9faillance et la surveillance \u00e0 distance.<\/li>\n<\/ul>\n<p>Processus de fonctionnement : la p\u00e2te p\u00e9n\u00e8tre dans l'entr\u00e9e du four tunnel apr\u00e8s la machine \u00e0 former \u2192 elle traverse chaque zone de temp\u00e9rature \u00e0 une vitesse uniforme par le biais de la bande transporteuse \u2192 le syst\u00e8me intelligent de contr\u00f4le de la temp\u00e9rature ajuste dynamiquement les param\u00e8tres \u2192 le produit fini est refroidi et sort par la sortie.<\/p>\n<p><img decoding=\"async\" class=\"alignnone size-full wp-image-5287\" src=\"https:\/\/www.biscuitsolution.com\/wp-content\/uploads\/2025\/03\/biscuit-baking-ovens.jpg\" alt=\"four tunnel pour la cuisson des biscuits\" width=\"800\" height=\"450\" srcset=\"https:\/\/www.biscuitsolution.com\/wp-content\/uploads\/2025\/03\/biscuit-baking-ovens.jpg 800w, https:\/\/www.biscuitsolution.com\/wp-content\/uploads\/2025\/03\/biscuit-baking-ovens-300x169.jpg 300w, https:\/\/www.biscuitsolution.com\/wp-content\/uploads\/2025\/03\/biscuit-baking-ovens-768x432.jpg 768w, https:\/\/www.biscuitsolution.com\/wp-content\/uploads\/2025\/03\/biscuit-baking-ovens-600x338.jpg 600w, https:\/\/www.biscuitsolution.com\/wp-content\/uploads\/2025\/03\/biscuit-baking-ovens-64x36.jpg 64w\" sizes=\"(max-width: 800px) 100vw, 800px\" \/><\/p>\n<h2>Avantages du four \u00e0 biscuits<\/h2>\n<ul>\n<li>Capacit\u00e9 de production efficace : Les biscuits passent par diff\u00e9rentes zones de temp\u00e9rature gr\u00e2ce \u00e0 une bande transporteuse continue afin d'obtenir une cuisson ininterrompue, ce qui permet de r\u00e9pondre \u00e0 un grand nombre de besoins en mati\u00e8re de production de biscuits.<\/li>\n<li>Temp\u00e9rature pr\u00e9cise : Il permet une distribution uniforme de la chaleur et un contr\u00f4le pr\u00e9cis de la temp\u00e9rature afin de garantir un effet de cuisson constant et un chauffage uniforme des biscuits, ce qui permet de garantir l'aspect et le go\u00fbt des biscuits.<\/li>\n<li>Des produits diversifi\u00e9s : Outre les biscuits, les fours tunnels peuvent \u00e9galement \u00eatre utilis\u00e9s pour la cuisson d'autres produits de boulangerie tels que le pain, les g\u00e2teaux, les g\u00e2teaux de lune, les tartes au jaune d'\u0153uf, etc. La souplesse du contr\u00f4le de la temp\u00e9rature et de la dur\u00e9e convient \u00e9galement \u00e0 la production de biscuits de recettes et de types diff\u00e9rents.<\/li>\n<li>Rendement \u00e9nerg\u00e9tique \u00e9lev\u00e9 : Le four tunnel pour la cuisson des biscuits adopte des mat\u00e9riaux d'isolation efficaces et des syst\u00e8mes de r\u00e9cup\u00e9ration de la chaleur pour r\u00e9duire les pertes de chaleur et la consommation d'\u00e9nergie.<\/li>\n<li>\u00c9volutivit\u00e9 : Il peut \u00eatre ajust\u00e9 en fonction de l'\u00e9chelle de la ligne de production pour r\u00e9pondre aux besoins d'expansion future de l'entreprise.<\/li>\n<\/ul>\n<p><img decoding=\"async\" class=\"alignnone size-full wp-image-5288\" src=\"https:\/\/www.biscuitsolution.com\/wp-content\/uploads\/2025\/03\/biscuit-tunnel-oven.jpg\" alt=\"four tunnel pour la cuisson des biscuits\" width=\"800\" height=\"450\" srcset=\"https:\/\/www.biscuitsolution.com\/wp-content\/uploads\/2025\/03\/biscuit-tunnel-oven.jpg 800w, https:\/\/www.biscuitsolution.com\/wp-content\/uploads\/2025\/03\/biscuit-tunnel-oven-300x169.jpg 300w, https:\/\/www.biscuitsolution.com\/wp-content\/uploads\/2025\/03\/biscuit-tunnel-oven-768x432.jpg 768w, https:\/\/www.biscuitsolution.com\/wp-content\/uploads\/2025\/03\/biscuit-tunnel-oven-600x338.jpg 600w, https:\/\/www.biscuitsolution.com\/wp-content\/uploads\/2025\/03\/biscuit-tunnel-oven-64x36.jpg 64w\" sizes=\"(max-width: 800px) 100vw, 800px\" \/><\/p>\n<h2>Le four tunnel \u00e0 biscuits s'adapte \u00e0 la sc\u00e8ne<\/h2>\n<ol>\n<li>Usine alimentaire \u00e0 grande \u00e9chelle : ligne de production de biscuits avec une production journali\u00e8re moyenne de plus de 10 tonnes.<\/li>\n<li>Entreprises de boulangerie en cha\u00eene : production centralis\u00e9e dans la cuisine centrale pour garantir un go\u00fbt standardis\u00e9.<\/li>\n<li>Entreprises orient\u00e9es vers l'exportation : r\u00e9pondre aux exigences de la certification alimentaire internationale (telle que HACCP, ISO) en mati\u00e8re d'hygi\u00e8ne et de stabilit\u00e9 des \u00e9quipements.<\/li>\n<li>Besoins particuliers : Des fonctions suppl\u00e9mentaires telles que la pulv\u00e9risation d'huile, le saupoudrage de sucre, le refroidissement, etc. peuvent \u00eatre int\u00e9gr\u00e9es pour \u00e9largir la gamme de produits.<\/li>\n<\/ol>\n<p><img loading=\"lazy\" decoding=\"async\" class=\"alignnone size-full wp-image-5289\" src=\"https:\/\/www.biscuitsolution.com\/wp-content\/uploads\/2025\/03\/tunnel-oven.jpg\" alt=\"four \u00e0 biscuits\" width=\"800\" height=\"450\" srcset=\"https:\/\/www.biscuitsolution.com\/wp-content\/uploads\/2025\/03\/tunnel-oven.jpg 800w, https:\/\/www.biscuitsolution.com\/wp-content\/uploads\/2025\/03\/tunnel-oven-300x169.jpg 300w, https:\/\/www.biscuitsolution.com\/wp-content\/uploads\/2025\/03\/tunnel-oven-768x432.jpg 768w, https:\/\/www.biscuitsolution.com\/wp-content\/uploads\/2025\/03\/tunnel-oven-600x338.jpg 600w, https:\/\/www.biscuitsolution.com\/wp-content\/uploads\/2025\/03\/tunnel-oven-64x36.jpg 64w\" sizes=\"(max-width: 800px) 100vw, 800px\" \/><\/p>\n<p>Les fours tunnels pour biscuits sont largement utilis\u00e9s dans la production \u00e0 grande \u00e9chelle de l'industrie alimentaire en raison de leur efficacit\u00e9, de leur uniformit\u00e9 et de leur flexibilit\u00e9 \u00e9lev\u00e9es. Ils sont particuli\u00e8rement adapt\u00e9s \u00e0 la production continue de produits de boulangerie tels que les biscuits et les cookies. Si des solutions personnalis\u00e9es ou des param\u00e8tres techniques sont n\u00e9cessaires, une consultation plus approfondie peut \u00eatre fournie.<\/p>\n<h2>Laissez un message pour obtenir un devis<\/h2>\n\n<div class=\"wpcf7 no-js\" id=\"wpcf7-f4619-o1\" lang=\"en-US\" dir=\"ltr\" data-wpcf7-id=\"4619\">\n<div class=\"screen-reader-response\"><p role=\"status\" aria-live=\"polite\" aria-atomic=\"true\"><\/p> <ul><\/ul><\/div>\n<form action=\"\/fr\/wp-json\/wp\/v2\/product\/5285#wpcf7-f4619-o1\" method=\"post\" class=\"wpcf7-form init\" aria-label=\"Formulaire de contact\" novalidate=\"novalidate\" data-status=\"init\" data-trp-original-action=\"\/fr\/wp-json\/wp\/v2\/product\/5285#wpcf7-f4619-o1\">\n<div style=\"display: none;\">\n<input type=\"hidden\" name=\"_wpcf7\" value=\"4619\" \/>\n<input type=\"hidden\" name=\"_wpcf7_version\" value=\"6.0.4\" \/>\n<input type=\"hidden\" name=\"_wpcf7_locale\" value=\"en_US\" \/>\n<input type=\"hidden\" name=\"_wpcf7_unit_tag\" value=\"wpcf7-f4619-o1\" \/>\n<input type=\"hidden\" name=\"_wpcf7_container_post\" value=\"0\" \/>\n<input type=\"hidden\" name=\"_wpcf7_posted_data_hash\" value=\"\" \/>\n<\/div>\n<p><label> Votre nom*<br \/>\n<span class=\"wpcf7-form-control-wrap\" data-name=\"your-name\"><input size=\"40\" maxlength=\"400\" class=\"wpcf7-form-control wpcf7-text wpcf7-validates-as-required\" aria-required=\"true\" aria-invalid=\"false\" value=\"\" type=\"text\" name=\"your-name\" \/><\/span> <\/label>\n<\/p>\n<p><label> Votre pays<br \/>\n<span class=\"wpcf7-form-control-wrap\" data-name=\"your-country\"><input size=\"40\" maxlength=\"400\" class=\"wpcf7-form-control wpcf7-text\" aria-invalid=\"false\" value=\"\" type=\"text\" name=\"your-country\" \/><\/span><\/label>\n<\/p>\n<p><label> Votre courriel*<br \/>\n<span class=\"wpcf7-form-control-wrap\" data-name=\"your-email\"><input size=\"40\" maxlength=\"400\" class=\"wpcf7-form-control wpcf7-email wpcf7-validates-as-required wpcf7-text wpcf7-validates-as-email\" aria-required=\"true\" aria-invalid=\"false\" value=\"\" type=\"email\" name=\"your-email\" \/><\/span> <\/label>\n<\/p>\n<p><label> Votre t\u00e9l\u00e9phone<br \/>\n<span class=\"wpcf7-form-control-wrap\" data-name=\"your-phone\"><input size=\"40\" maxlength=\"400\" class=\"wpcf7-form-control wpcf7-tel wpcf7-text wpcf7-validates-as-tel\" aria-invalid=\"false\" value=\"\" type=\"tel\" name=\"your-phone\" \/><\/span> <\/label>\n<\/p>\n<p><label> Nom de l'entreprise<br \/>\n<span class=\"wpcf7-form-control-wrap\" data-name=\"text-457\"><input size=\"40\" maxlength=\"400\" class=\"wpcf7-form-control wpcf7-text\" aria-invalid=\"false\" value=\"\" type=\"text\" name=\"text-457\" \/><\/span> <\/label>\n<\/p>\n<p><label> Le site web de votre entreprise<br \/>\n<span class=\"wpcf7-form-control-wrap\" data-name=\"text-546\"><input size=\"40\" maxlength=\"400\" class=\"wpcf7-form-control wpcf7-text\" aria-invalid=\"false\" value=\"\" type=\"text\" name=\"text-546\" \/><\/span> <\/label>\n<\/p>\n<p><label> Votre demande*<br \/>\n<span class=\"wpcf7-form-control-wrap\" data-name=\"your-message\"><textarea cols=\"40\" rows=\"10\" maxlength=\"2000\" class=\"wpcf7-form-control wpcf7-textarea wpcf7-validates-as-required\" aria-required=\"true\" aria-invalid=\"false\" name=\"your-message\"><\/textarea><\/span> <\/label>\n<\/p>\n<p><input class=\"wpcf7-form-control wpcf7-submit has-spinner\" type=\"submit\" value=\"Soumettre\" \/>\n<\/p><p style=\"display: none !important;\" class=\"akismet-fields-container\" data-prefix=\"_wpcf7_ak_\"><label>&#916;<textarea name=\"_wpcf7_ak_hp_textarea\" cols=\"45\" rows=\"8\" maxlength=\"100\"><\/textarea><\/label><input type=\"hidden\" id=\"ak_js_1\" name=\"_wpcf7_ak_js\" value=\"64\"\/><script>document.getElementById( \"ak_js_1\" ).setAttribute( \"value\", ( new Date() ).getTime() );<\/script><\/p><div class=\"wpcf7-response-output\" aria-hidden=\"true\"><\/div>\n<input type=\"hidden\" name=\"trp-form-language\" value=\"fr\"\/><\/form>\n<\/div>\n\n<div style='text-align:left' class='yasr-auto-insert-visitor'><\/div>","protected":false},"excerpt":{"rendered":"<p>Marque : GELGOOG<\/p>\n<p>Tension : 380V<\/p>\n<p>Courriel : shanna@machinehall.com<\/p>\n<p>T\u00e9l : +8618638676709<\/p>","protected":false},"featured_media":5290,"comment_status":"open","ping_status":"closed","template":"","meta":{"site-sidebar-layout":"default","site-content-layout":"","ast-site-content-layout":"default","site-content-style":"default","site-sidebar-style":"default","ast-global-header-display":"","ast-banner-title-visibility":"","ast-main-header-display":"","ast-hfb-above-header-display":"","ast-hfb-below-header-display":"","ast-hfb-mobile-header-display":"","site-post-title":"","ast-breadcrumbs-content":"","ast-featured-img":"","footer-sml-layout":"","theme-transparent-header-meta":"default","adv-header-id-meta":"","stick-header-meta":"","header-above-stick-meta":"","header-main-stick-meta":"","header-below-stick-meta":"","astra-migrate-meta-layouts":"set","ast-page-background-enabled":"default","ast-page-background-meta":{"desktop":{"background-color":"","background-image":"","background-repeat":"repeat","background-position":"center center","background-size":"auto","background-attachment":"scroll","background-type":"","background-media":"","overlay-type":"","overlay-color":"","overlay-opacity":"","overlay-gradient":""},"tablet":{"background-color":"","background-image":"","background-repeat":"repeat","background-position":"center center","background-size":"auto","background-attachment":"scroll","background-type":"","background-media":"","overlay-type":"","overlay-color":"","overlay-opacity":"","overlay-gradient":""},"mobile":{"background-color":"","background-image":"","background-repeat":"repeat","background-position":"center center","background-size":"auto","background-attachment":"scroll","background-type":"","background-media":"","overlay-type":"","overlay-color":"","overlay-opacity":"","overlay-gradient":""}},"ast-content-background-meta":{"desktop":{"background-color":"var(--ast-global-color-5)","background-image":"","background-repeat":"repeat","background-position":"center center","background-size":"auto","background-attachment":"scroll","background-type":"","background-media":"","overlay-type":"","overlay-color":"","overlay-opacity":"","overlay-gradient":""},"tablet":{"background-color":"var(--ast-global-color-5)","background-image":"","background-repeat":"repeat","background-position":"center center","background-size":"auto","background-attachment":"scroll","background-type":"","background-media":"","overlay-type":"","overlay-color":"","overlay-opacity":"","overlay-gradient":""},"mobile":{"background-color":"var(--ast-global-color-5)","background-image":"","background-repeat":"repeat","background-position":"center center","background-size":"auto","background-attachment":"scroll","background-type":"","background-media":"","overlay-type":"","overlay-color":"","overlay-opacity":"","overlay-gradient":""}},"yasr_overall_rating":0,"yasr_post_is_review":"","yasr_auto_insert_disabled":"","yasr_review_type":""},"product_brand":[],"product_cat":[22],"product_tag":[],"class_list":{"0":"post-5285","1":"product","2":"type-product","3":"status-publish","4":"has-post-thumbnail","6":"product_cat-hard-biscuit-production-line","7":"desktop-align-left","8":"tablet-align-left","9":"mobile-align-left","11":"first","12":"instock","13":"shipping-taxable","14":"product-type-simple"},"yoast_head":"<!-- This site is optimized with the Yoast SEO plugin v24.4 - https:\/\/yoast.com\/wordpress\/plugins\/seo\/ -->\n<title>Intelligent Biscuit Baking Tunnel Oven Large Output<\/title>\n<meta name=\"description\" content=\"Biscuit baking tunnel oven can realize uninterrupted baking of large quantities of biscuits and can intelligently adjust the temperature to ensure quality.\" \/>\n<meta name=\"robots\" content=\"index, follow, max-snippet:-1, max-image-preview:large, max-video-preview:-1\" \/>\n<link rel=\"canonical\" href=\"https:\/\/www.biscuitsolution.com\/fr\/produit\/intelligent-biscuit-baking-tunnel-oven-large-output\/\" \/>\n<meta property=\"og:locale\" content=\"fr_FR\" \/>\n<meta property=\"og:type\" content=\"article\" \/>\n<meta property=\"og:title\" content=\"Intelligent Biscuit Baking Tunnel Oven Large Output\" \/>\n<meta property=\"og:description\" content=\"Biscuit baking tunnel oven can realize uninterrupted baking of large quantities of biscuits and can intelligently adjust the temperature to ensure quality.\" \/>\n<meta property=\"og:url\" content=\"https:\/\/www.biscuitsolution.com\/fr\/produit\/intelligent-biscuit-baking-tunnel-oven-large-output\/\" \/>\n<meta property=\"og:site_name\" content=\"Biscuit Production Solution Manufacturer\" \/>\n<meta property=\"article:publisher\" content=\"https:\/\/www.facebook.com\/profile.php?id=100095205040823\" \/>\n<meta property=\"article:modified_time\" content=\"2025-03-06T09:31:30+00:00\" \/>\n<meta property=\"og:image\" content=\"https:\/\/www.biscuitsolution.com\/wp-content\/uploads\/2025\/03\/biscuit-baking-tunnel-oven.jpg\" \/>\n\t<meta property=\"og:image:width\" content=\"600\" \/>\n\t<meta property=\"og:image:height\" content=\"600\" \/>\n\t<meta property=\"og:image:type\" content=\"image\/jpeg\" \/>\n<meta name=\"twitter:card\" content=\"summary_large_image\" \/>\n<meta name=\"twitter:site\" content=\"@shanna_zha26342\" \/>\n<meta name=\"twitter:label1\" content=\"Dur\u00e9e de lecture estim\u00e9e\" \/>\n\t<meta name=\"twitter:data1\" content=\"3 minutes\" \/>\n<script type=\"application\/ld+json\" class=\"yoast-schema-graph\">{\"@context\":\"https:\/\/schema.org\",\"@graph\":[{\"@type\":\"WebPage\",\"@id\":\"https:\/\/www.biscuitsolution.com\/product\/intelligent-biscuit-baking-tunnel-oven-large-output\/\",\"url\":\"https:\/\/www.biscuitsolution.com\/product\/intelligent-biscuit-baking-tunnel-oven-large-output\/\",\"name\":\"Intelligent Biscuit Baking Tunnel Oven Large Output\",\"isPartOf\":{\"@id\":\"https:\/\/www.biscuitsolution.com\/#website\"},\"primaryImageOfPage\":{\"@id\":\"https:\/\/www.biscuitsolution.com\/product\/intelligent-biscuit-baking-tunnel-oven-large-output\/#primaryimage\"},\"image\":{\"@id\":\"https:\/\/www.biscuitsolution.com\/product\/intelligent-biscuit-baking-tunnel-oven-large-output\/#primaryimage\"},\"thumbnailUrl\":\"https:\/\/www.biscuitsolution.com\/wp-content\/uploads\/2025\/03\/biscuit-baking-tunnel-oven.jpg\",\"datePublished\":\"2025-03-04T09:49:12+00:00\",\"dateModified\":\"2025-03-06T09:31:30+00:00\",\"description\":\"Biscuit baking tunnel oven can realize uninterrupted baking of large quantities of biscuits and can intelligently adjust the temperature to ensure quality.\",\"breadcrumb\":{\"@id\":\"https:\/\/www.biscuitsolution.com\/product\/intelligent-biscuit-baking-tunnel-oven-large-output\/#breadcrumb\"},\"inLanguage\":\"fr-FR\",\"potentialAction\":[{\"@type\":\"ReadAction\",\"target\":[\"https:\/\/www.biscuitsolution.com\/product\/intelligent-biscuit-baking-tunnel-oven-large-output\/\"]}]},{\"@type\":\"ImageObject\",\"inLanguage\":\"fr-FR\",\"@id\":\"https:\/\/www.biscuitsolution.com\/product\/intelligent-biscuit-baking-tunnel-oven-large-output\/#primaryimage\",\"url\":\"https:\/\/www.biscuitsolution.com\/wp-content\/uploads\/2025\/03\/biscuit-baking-tunnel-oven.jpg\",\"contentUrl\":\"https:\/\/www.biscuitsolution.com\/wp-content\/uploads\/2025\/03\/biscuit-baking-tunnel-oven.jpg\",\"width\":600,\"height\":600,\"caption\":\"biscuit baking tunnel oven\"},{\"@type\":\"BreadcrumbList\",\"@id\":\"https:\/\/www.biscuitsolution.com\/product\/intelligent-biscuit-baking-tunnel-oven-large-output\/#breadcrumb\",\"itemListElement\":[{\"@type\":\"ListItem\",\"position\":1,\"name\":\"Home\",\"item\":\"https:\/\/www.biscuitsolution.com\/\"},{\"@type\":\"ListItem\",\"position\":2,\"name\":\"Product\",\"item\":\"https:\/\/www.biscuitsolution.com\/product\/\"},{\"@type\":\"ListItem\",\"position\":3,\"name\":\"Intelligent Biscuit Baking Tunnel Oven Large Output\"}]},{\"@type\":\"WebSite\",\"@id\":\"https:\/\/www.biscuitsolution.com\/#website\",\"url\":\"https:\/\/www.biscuitsolution.com\/\",\"name\":\"Biscuit Production Solution Manufacturer\",\"description\":\"\",\"potentialAction\":[{\"@type\":\"SearchAction\",\"target\":{\"@type\":\"EntryPoint\",\"urlTemplate\":\"https:\/\/www.biscuitsolution.com\/?s={search_term_string}\"},\"query-input\":{\"@type\":\"PropertyValueSpecification\",\"valueRequired\":true,\"valueName\":\"search_term_string\"}}],\"inLanguage\":\"fr-FR\"},false]}<\/script>\n<!-- \/ Yoast SEO plugin. -->","yoast_head_json":{"title":"Four tunnel intelligent pour la cuisson de biscuits, grand rendement","description":"Le four tunnel pour la cuisson des biscuits permet de cuire sans interruption de grandes quantit\u00e9s de biscuits et d'ajuster intelligemment la temp\u00e9rature pour garantir la qualit\u00e9.","robots":{"index":"index","follow":"follow","max-snippet":"max-snippet:-1","max-image-preview":"max-image-preview:large","max-video-preview":"max-video-preview:-1"},"canonical":"https:\/\/www.biscuitsolution.com\/fr\/produit\/intelligent-biscuit-baking-tunnel-oven-large-output\/","og_locale":"fr_FR","og_type":"article","og_title":"Intelligent Biscuit Baking Tunnel Oven Large Output","og_description":"Biscuit baking tunnel oven can realize uninterrupted baking of large quantities of biscuits and can intelligently adjust the temperature to ensure quality.","og_url":"https:\/\/www.biscuitsolution.com\/fr\/produit\/intelligent-biscuit-baking-tunnel-oven-large-output\/","og_site_name":"Biscuit Production Solution Manufacturer","article_publisher":"https:\/\/www.facebook.com\/profile.php?id=100095205040823","article_modified_time":"2025-03-06T09:31:30+00:00","og_image":[{"width":600,"height":600,"url":"https:\/\/www.biscuitsolution.com\/wp-content\/uploads\/2025\/03\/biscuit-baking-tunnel-oven.jpg","type":"image\/jpeg"}],"twitter_card":"summary_large_image","twitter_site":"@shanna_zha26342","twitter_misc":{"Dur\u00e9e de lecture estim\u00e9e":"3 minutes"},"schema":{"@context":"https:\/\/schema.org","@graph":[{"@type":"WebPage","@id":"https:\/\/www.biscuitsolution.com\/product\/intelligent-biscuit-baking-tunnel-oven-large-output\/","url":"https:\/\/www.biscuitsolution.com\/product\/intelligent-biscuit-baking-tunnel-oven-large-output\/","name":"Four tunnel intelligent pour la cuisson de biscuits, grand rendement","isPartOf":{"@id":"https:\/\/www.biscuitsolution.com\/#website"},"primaryImageOfPage":{"@id":"https:\/\/www.biscuitsolution.com\/product\/intelligent-biscuit-baking-tunnel-oven-large-output\/#primaryimage"},"image":{"@id":"https:\/\/www.biscuitsolution.com\/product\/intelligent-biscuit-baking-tunnel-oven-large-output\/#primaryimage"},"thumbnailUrl":"https:\/\/www.biscuitsolution.com\/wp-content\/uploads\/2025\/03\/biscuit-baking-tunnel-oven.jpg","datePublished":"2025-03-04T09:49:12+00:00","dateModified":"2025-03-06T09:31:30+00:00","description":"Le four tunnel pour la cuisson des biscuits permet de cuire sans interruption de grandes quantit\u00e9s de biscuits et d'ajuster intelligemment la temp\u00e9rature pour garantir la qualit\u00e9.","breadcrumb":{"@id":"https:\/\/www.biscuitsolution.com\/product\/intelligent-biscuit-baking-tunnel-oven-large-output\/#breadcrumb"},"inLanguage":"fr-FR","potentialAction":[{"@type":"ReadAction","target":["https:\/\/www.biscuitsolution.com\/product\/intelligent-biscuit-baking-tunnel-oven-large-output\/"]}]},{"@type":"ImageObject","inLanguage":"fr-FR","@id":"https:\/\/www.biscuitsolution.com\/product\/intelligent-biscuit-baking-tunnel-oven-large-output\/#primaryimage","url":"https:\/\/www.biscuitsolution.com\/wp-content\/uploads\/2025\/03\/biscuit-baking-tunnel-oven.jpg","contentUrl":"https:\/\/www.biscuitsolution.com\/wp-content\/uploads\/2025\/03\/biscuit-baking-tunnel-oven.jpg","width":600,"height":600,"caption":"biscuit baking tunnel oven"},{"@type":"BreadcrumbList","@id":"https:\/\/www.biscuitsolution.com\/product\/intelligent-biscuit-baking-tunnel-oven-large-output\/#breadcrumb","itemListElement":[{"@type":"ListItem","position":1,"name":"Home","item":"https:\/\/www.biscuitsolution.com\/"},{"@type":"ListItem","position":2,"name":"Product","item":"https:\/\/www.biscuitsolution.com\/product\/"},{"@type":"ListItem","position":3,"name":"Intelligent Biscuit Baking Tunnel Oven Large Output"}]},{"@type":"WebSite","@id":"https:\/\/www.biscuitsolution.com\/#website","url":"https:\/\/www.biscuitsolution.com\/","name":"Fabricant de solutions pour la production de biscuits","description":"","potentialAction":[{"@type":"SearchAction","target":{"@type":"EntryPoint","urlTemplate":"https:\/\/www.biscuitsolution.com\/?s={search_term_string}"},"query-input":{"@type":"PropertyValueSpecification","valueRequired":true,"valueName":"search_term_string"}}],"inLanguage":"fr-FR"},false]}},"yasr_visitor_votes":{"stars_attributes":{"read_only":false,"span_bottom":false},"number_of_votes":2,"sum_votes":10},"_links":{"self":[{"href":"https:\/\/www.biscuitsolution.com\/fr\/wp-json\/wp\/v2\/product\/5285","targetHints":{"allow":["GET"]}}],"collection":[{"href":"https:\/\/www.biscuitsolution.com\/fr\/wp-json\/wp\/v2\/product"}],"about":[{"href":"https:\/\/www.biscuitsolution.com\/fr\/wp-json\/wp\/v2\/types\/product"}],"replies":[{"embeddable":true,"href":"https:\/\/www.biscuitsolution.com\/fr\/wp-json\/wp\/v2\/comments?post=5285"}],"version-history":[{"count":3,"href":"https:\/\/www.biscuitsolution.com\/fr\/wp-json\/wp\/v2\/product\/5285\/revisions"}],"predecessor-version":[{"id":5335,"href":"https:\/\/www.biscuitsolution.com\/fr\/wp-json\/wp\/v2\/product\/5285\/revisions\/5335"}],"wp:featuredmedia":[{"embeddable":true,"href":"https:\/\/www.biscuitsolution.com\/fr\/wp-json\/wp\/v2\/media\/5290"}],"wp:attachment":[{"href":"https:\/\/www.biscuitsolution.com\/fr\/wp-json\/wp\/v2\/media?parent=5285"}],"wp:term":[{"taxonomy":"product_brand","embeddable":true,"href":"https:\/\/www.biscuitsolution.com\/fr\/wp-json\/wp\/v2\/product_brand?post=5285"},{"taxonomy":"product_cat","embeddable":true,"href":"https:\/\/www.biscuitsolution.com\/fr\/wp-json\/wp\/v2\/product_cat?post=5285"},{"taxonomy":"product_tag","embeddable":true,"href":"https:\/\/www.biscuitsolution.com\/fr\/wp-json\/wp\/v2\/product_tag?post=5285"}],"curies":[{"name":"wp","href":"https:\/\/api.w.org\/{rel}","templated":true}]}}