{"id":4853,"date":"2025-02-21T10:50:02","date_gmt":"2025-02-21T10:50:02","guid":{"rendered":"https:\/\/www.biscuitsolution.com\/?post_type=product&#038;p=4853"},"modified":"2025-02-25T01:37:30","modified_gmt":"2025-02-25T01:37:30","slug":"sesame-crackers-making-machine-customization-function","status":"publish","type":"product","link":"https:\/\/www.biscuitsolution.com\/fr\/produit\/sesame-crackers-making-machine-customization-function\/","title":{"rendered":"Machine de fabrication de crackers au s\u00e9same Fonction de personnalisation"},"content":{"rendered":"<p>Dans l'industrie alimentaire, les<strong> machine \u00e0 fabriquer des biscuits au s\u00e9same<\/strong> est un \u00e9quipement indispensable.<\/p>\n<p><img fetchpriority=\"high\" decoding=\"async\" class=\"alignnone size-full wp-image-4854\" src=\"https:\/\/www.biscuitsolution.com\/wp-content\/uploads\/2025\/02\/sesame-crackers-making-machine.jpg\" alt=\"machine \u00e0 fabriquer des biscuits au s\u00e9same\" width=\"800\" height=\"450\" srcset=\"https:\/\/www.biscuitsolution.com\/wp-content\/uploads\/2025\/02\/sesame-crackers-making-machine.jpg 800w, https:\/\/www.biscuitsolution.com\/wp-content\/uploads\/2025\/02\/sesame-crackers-making-machine-600x338.jpg 600w, https:\/\/www.biscuitsolution.com\/wp-content\/uploads\/2025\/02\/sesame-crackers-making-machine-300x169.jpg 300w, https:\/\/www.biscuitsolution.com\/wp-content\/uploads\/2025\/02\/sesame-crackers-making-machine-768x432.jpg 768w\" sizes=\"(max-width: 800px) 100vw, 800px\" \/><\/p>\n<ul>\n<li>Le processus de production des biscuits au s\u00e9same est automatis\u00e9 et commence par le m\u00e9lange d'ingr\u00e9dients tels que la farine, les graines de s\u00e9same, le sucre et l'eau pour cr\u00e9er une p\u00e2te. Cette p\u00e2te est ensuite fa\u00e7onn\u00e9e avec pr\u00e9cision, coup\u00e9e en morceaux uniformes et cuite \u00e0 la perfection.<\/li>\n<li>Les commandes de temp\u00e9rature et de temps r\u00e9glables de la machine garantissent que les biscuits atteignent le niveau id\u00e9al de croustillance et de saveur. Gr\u00e2ce \u00e0 son automatisation avanc\u00e9e, la machine augmente non seulement l'efficacit\u00e9 de la production, mais maintient \u00e9galement une qualit\u00e9 constante.<\/li>\n<li>Il convient aussi bien aux petites boulangeries qui souhaitent augmenter leur production qu'aux grandes usines alimentaires d\u00e9sireuses de r\u00e9pondre \u00e0 une forte demande du march\u00e9.<\/li>\n<\/ul>\n<p><img decoding=\"async\" class=\"alignnone size-full wp-image-4855\" src=\"https:\/\/www.biscuitsolution.com\/wp-content\/uploads\/2025\/02\/sesame-crackers-machine.jpg\" alt=\"machine \u00e0 fabriquer des biscuits au s\u00e9same\" width=\"800\" height=\"450\" srcset=\"https:\/\/www.biscuitsolution.com\/wp-content\/uploads\/2025\/02\/sesame-crackers-machine.jpg 800w, https:\/\/www.biscuitsolution.com\/wp-content\/uploads\/2025\/02\/sesame-crackers-machine-600x338.jpg 600w, https:\/\/www.biscuitsolution.com\/wp-content\/uploads\/2025\/02\/sesame-crackers-machine-300x169.jpg 300w, https:\/\/www.biscuitsolution.com\/wp-content\/uploads\/2025\/02\/sesame-crackers-machine-768x432.jpg 768w\" sizes=\"(max-width: 800px) 100vw, 800px\" \/><\/p>\n<h2>Types de machines \u00e0 fabriquer des crackers au s\u00e9same<\/h2>\n<p>La production de crackers au s\u00e9same comprend plusieurs \u00e9tapes, notamment le m\u00e9lange, le formage, la coupe, l'enrobage et l'emballage. Voici les principales machines disponibles :<\/p>\n<ul>\n<li>Machine automatique de formage et de d\u00e9coupe : Ces machines assurent la formation de la p\u00e2te et une d\u00e9coupe pr\u00e9cise. La capacit\u00e9 de production est d'au moins 100 kg par heure. Sa structure d'aplatissement multicouche garantit une \u00e9paisseur uniforme.<\/li>\n<li>Syst\u00e8me d'enrobage et d'assaisonnement : Les assaisonnements, etc., sont pulv\u00e9ris\u00e9s uniform\u00e9ment sur la surface des crackers gr\u00e2ce \u00e0 une t\u00eate de pulv\u00e9risation fine, ce qui garantit un rev\u00eatement uniforme et constant pour chaque cracker.<\/li>\n<li>Machine \u00e0 emballer les oreillers : vitesse rapide, peut s'adapter \u00e0 diff\u00e9rentes sp\u00e9cifications d'emballage de biscuits, en ajustant la taille de l'emballage et la vitesse, pour r\u00e9pondre aux divers besoins d'emballage, souvent utilis\u00e9e pour les petits paquets ind\u00e9pendants ou l'emballage de plusieurs biscuits au s\u00e9same.<\/li>\n<\/ul>\n<p><img decoding=\"async\" class=\"alignnone size-full wp-image-4856\" src=\"https:\/\/www.biscuitsolution.com\/wp-content\/uploads\/2025\/02\/sesame-crackers-machines.jpg\" alt=\"machine \u00e0 fabriquer des biscuits au s\u00e9same\" width=\"800\" height=\"450\" srcset=\"https:\/\/www.biscuitsolution.com\/wp-content\/uploads\/2025\/02\/sesame-crackers-machines.jpg 800w, https:\/\/www.biscuitsolution.com\/wp-content\/uploads\/2025\/02\/sesame-crackers-machines-600x338.jpg 600w, https:\/\/www.biscuitsolution.com\/wp-content\/uploads\/2025\/02\/sesame-crackers-machines-300x169.jpg 300w, https:\/\/www.biscuitsolution.com\/wp-content\/uploads\/2025\/02\/sesame-crackers-machines-768x432.jpg 768w\" sizes=\"(max-width: 800px) 100vw, 800px\" \/><\/p>\n<h2>Facteurs affectant le prix de la machine de fabrication de crackers de s\u00e9same<\/h2>\n<ol>\n<li>Capacit\u00e9 de production : Les \u00e9quipements ayant une vitesse de production rapide et un fonctionnement continu et stable ont un prix relativement \u00e9lev\u00e9.<\/li>\n<li>Qualit\u00e9 et mat\u00e9riaux : Les machines fabriqu\u00e9es en acier inoxydable de haute qualit\u00e9, avec des moteurs performants et des syst\u00e8mes de contr\u00f4le avanc\u00e9s, sont d'une qualit\u00e9 plus fiable et d'un prix plus \u00e9lev\u00e9.<\/li>\n<li>Assistance technique : Si le fabricant peut fournir une assistance technique rapide et professionnelle, y compris l'installation et la mise en service, la formation \u00e0 l'utilisation, la r\u00e9paration des pannes et d'autres services complets, le prix de l'\u00e9quipement sera \u00e9galement affect\u00e9 dans une certaine mesure.<\/li>\n<li>Fonction personnalis\u00e9e : Selon le processus de production sp\u00e9cial de l'utilisateur, le prix de l'\u00e9quipement personnalis\u00e9 avec des modules de fonction sp\u00e9ciaux peut augmenter davantage, en fonction de la complexit\u00e9 de la personnalisation.<\/li>\n<li>Sp\u00e9cifications sp\u00e9ciales : Si vous devez personnaliser des moules \u00e0 biscuits de taille et de forme sp\u00e9ciales, ou si vous avez des exigences particuli\u00e8res en mati\u00e8re de capacit\u00e9 de production et de fonction de l'\u00e9quipement, le prix de l'\u00e9quipement personnalis\u00e9 sera plus \u00e9lev\u00e9 que celui de l'\u00e9quipement standard.<\/li>\n<\/ol>\n<p><img loading=\"lazy\" decoding=\"async\" class=\"alignnone size-full wp-image-4857\" src=\"https:\/\/www.biscuitsolution.com\/wp-content\/uploads\/2025\/02\/sesame-crackers-making-machine-price.jpg\" alt=\"machine \u00e0 fabriquer des biscuits au s\u00e9same\" width=\"800\" height=\"450\" srcset=\"https:\/\/www.biscuitsolution.com\/wp-content\/uploads\/2025\/02\/sesame-crackers-making-machine-price.jpg 800w, https:\/\/www.biscuitsolution.com\/wp-content\/uploads\/2025\/02\/sesame-crackers-making-machine-price-600x338.jpg 600w, https:\/\/www.biscuitsolution.com\/wp-content\/uploads\/2025\/02\/sesame-crackers-making-machine-price-300x169.jpg 300w, https:\/\/www.biscuitsolution.com\/wp-content\/uploads\/2025\/02\/sesame-crackers-making-machine-price-768x432.jpg 768w\" sizes=\"(max-width: 800px) 100vw, 800px\" \/><\/p>\n<h2>Machine \u00e0 fabriquer des crackers au s\u00e9same FAQ<\/h2>\n<p>Peut-on fabriquer des biscuits au s\u00e9same de diff\u00e9rentes formes ?<br \/>\nOui. Nous sommes \u00e9quip\u00e9s de moules rempla\u00e7ables. En changeant simplement les moules, nous pouvons fabriquer diverses formes conventionnelles telles que des formes rondes, carr\u00e9es, triangulaires, et m\u00eame des formes sp\u00e9ciales personnalis\u00e9es pour r\u00e9pondre aux divers besoins du march\u00e9.<\/p>\n<p>La qualit\u00e9 des biscuits au s\u00e9same produits est-elle stable ?<br \/>\nTr\u00e8s stable. La machine s'appuie sur un syst\u00e8me de dosage pr\u00e9cis des mati\u00e8res premi\u00e8res et suit strictement la formule pr\u00e9d\u00e9finie afin d'\u00e9liminer les erreurs humaines dans les ingr\u00e9dients.<\/p>\n<p>Quelle est la fourchette de prix ?<br \/>\nLa fourchette de prix est large et d\u00e9pend de facteurs tels que le degr\u00e9 d'automatisation, la capacit\u00e9 de production et la diversit\u00e9 fonctionnelle de l'\u00e9quipement.<\/p>\n<h2>Laissez un message pour obtenir un devis<\/h2>\n\n<div class=\"wpcf7 no-js\" id=\"wpcf7-f4619-o1\" lang=\"en-US\" dir=\"ltr\" data-wpcf7-id=\"4619\">\n<div class=\"screen-reader-response\"><p role=\"status\" aria-live=\"polite\" aria-atomic=\"true\"><\/p> <ul><\/ul><\/div>\n<form action=\"\/fr\/wp-json\/wp\/v2\/product\/4853#wpcf7-f4619-o1\" method=\"post\" class=\"wpcf7-form init\" aria-label=\"Formulaire de contact\" novalidate=\"novalidate\" data-status=\"init\" data-trp-original-action=\"\/fr\/wp-json\/wp\/v2\/product\/4853#wpcf7-f4619-o1\">\n<div style=\"display: none;\">\n<input type=\"hidden\" name=\"_wpcf7\" value=\"4619\" \/>\n<input type=\"hidden\" name=\"_wpcf7_version\" value=\"6.0.4\" \/>\n<input type=\"hidden\" name=\"_wpcf7_locale\" value=\"en_US\" \/>\n<input type=\"hidden\" name=\"_wpcf7_unit_tag\" value=\"wpcf7-f4619-o1\" \/>\n<input type=\"hidden\" name=\"_wpcf7_container_post\" value=\"0\" \/>\n<input type=\"hidden\" name=\"_wpcf7_posted_data_hash\" value=\"\" \/>\n<\/div>\n<p><label> Votre nom*<br \/>\n<span class=\"wpcf7-form-control-wrap\" data-name=\"your-name\"><input size=\"40\" maxlength=\"400\" class=\"wpcf7-form-control wpcf7-text wpcf7-validates-as-required\" aria-required=\"true\" aria-invalid=\"false\" value=\"\" type=\"text\" name=\"your-name\" \/><\/span> <\/label>\n<\/p>\n<p><label> Votre pays<br \/>\n<span class=\"wpcf7-form-control-wrap\" data-name=\"your-country\"><input size=\"40\" maxlength=\"400\" class=\"wpcf7-form-control wpcf7-text\" aria-invalid=\"false\" value=\"\" type=\"text\" name=\"your-country\" \/><\/span><\/label>\n<\/p>\n<p><label> Votre courriel*<br \/>\n<span class=\"wpcf7-form-control-wrap\" data-name=\"your-email\"><input size=\"40\" maxlength=\"400\" class=\"wpcf7-form-control wpcf7-email wpcf7-validates-as-required wpcf7-text wpcf7-validates-as-email\" aria-required=\"true\" aria-invalid=\"false\" value=\"\" type=\"email\" name=\"your-email\" \/><\/span> <\/label>\n<\/p>\n<p><label> Votre t\u00e9l\u00e9phone<br \/>\n<span class=\"wpcf7-form-control-wrap\" data-name=\"your-phone\"><input size=\"40\" maxlength=\"400\" class=\"wpcf7-form-control wpcf7-tel wpcf7-text wpcf7-validates-as-tel\" aria-invalid=\"false\" value=\"\" type=\"tel\" name=\"your-phone\" \/><\/span> <\/label>\n<\/p>\n<p><label> Nom de l'entreprise<br \/>\n<span class=\"wpcf7-form-control-wrap\" data-name=\"text-457\"><input size=\"40\" maxlength=\"400\" class=\"wpcf7-form-control wpcf7-text\" aria-invalid=\"false\" value=\"\" type=\"text\" name=\"text-457\" \/><\/span> <\/label>\n<\/p>\n<p><label> Le site web de votre entreprise<br \/>\n<span class=\"wpcf7-form-control-wrap\" data-name=\"text-546\"><input size=\"40\" maxlength=\"400\" class=\"wpcf7-form-control wpcf7-text\" aria-invalid=\"false\" value=\"\" type=\"text\" name=\"text-546\" \/><\/span> <\/label>\n<\/p>\n<p><label> Votre demande*<br \/>\n<span class=\"wpcf7-form-control-wrap\" data-name=\"your-message\"><textarea cols=\"40\" rows=\"10\" maxlength=\"2000\" class=\"wpcf7-form-control wpcf7-textarea wpcf7-validates-as-required\" aria-required=\"true\" aria-invalid=\"false\" name=\"your-message\"><\/textarea><\/span> <\/label>\n<\/p>\n<p><input class=\"wpcf7-form-control wpcf7-submit has-spinner\" type=\"submit\" value=\"Soumettre\" \/>\n<\/p><p style=\"display: none !important;\" class=\"akismet-fields-container\" data-prefix=\"_wpcf7_ak_\"><label>&#916;<textarea name=\"_wpcf7_ak_hp_textarea\" cols=\"45\" rows=\"8\" maxlength=\"100\"><\/textarea><\/label><input type=\"hidden\" id=\"ak_js_1\" name=\"_wpcf7_ak_js\" value=\"67\"\/><script>document.getElementById( \"ak_js_1\" ).setAttribute( \"value\", ( new Date() ).getTime() );<\/script><\/p><div class=\"wpcf7-response-output\" aria-hidden=\"true\"><\/div>\n<input type=\"hidden\" name=\"trp-form-language\" value=\"fr\"\/><\/form>\n<\/div>\n\n<div style='text-align:left' class='yasr-auto-insert-visitor'><\/div>","protected":false},"excerpt":{"rendered":"<p>Marque : GELGOOG<\/p>\n<p>Tension : 380V<\/p>\n<p>Capacity\uff1a100kg\/h-1000kg\/h<\/p>\n<p>Courriel : shanna@machinehall.com<\/p>\n<p>T\u00e9l : +8618638676709<\/p>","protected":false},"featured_media":4858,"comment_status":"open","ping_status":"closed","template":"","meta":{"site-sidebar-layout":"default","site-content-layout":"","ast-site-content-layout":"default","site-content-style":"default","site-sidebar-style":"default","ast-global-header-display":"","ast-banner-title-visibility":"","ast-main-header-display":"","ast-hfb-above-header-display":"","ast-hfb-below-header-display":"","ast-hfb-mobile-header-display":"","site-post-title":"","ast-breadcrumbs-content":"","ast-featured-img":"","footer-sml-layout":"","theme-transparent-header-meta":"default","adv-header-id-meta":"","stick-header-meta":"","header-above-stick-meta":"","header-main-stick-meta":"","header-below-stick-meta":"","astra-migrate-meta-layouts":"set","ast-page-background-enabled":"default","ast-page-background-meta":{"desktop":{"background-color":"","background-image":"","background-repeat":"repeat","background-position":"center center","background-size":"auto","background-attachment":"scroll","background-type":"","background-media":"","overlay-type":"","overlay-color":"","overlay-opacity":"","overlay-gradient":""},"tablet":{"background-color":"","background-image":"","background-repeat":"repeat","background-position":"center center","background-size":"auto","background-attachment":"scroll","background-type":"","background-media":"","overlay-type":"","overlay-color":"","overlay-opacity":"","overlay-gradient":""},"mobile":{"background-color":"","background-image":"","background-repeat":"repeat","background-position":"center center","background-size":"auto","background-attachment":"scroll","background-type":"","background-media":"","overlay-type":"","overlay-color":"","overlay-opacity":"","overlay-gradient":""}},"ast-content-background-meta":{"desktop":{"background-color":"var(--ast-global-color-5)","background-image":"","background-repeat":"repeat","background-position":"center center","background-size":"auto","background-attachment":"scroll","background-type":"","background-media":"","overlay-type":"","overlay-color":"","overlay-opacity":"","overlay-gradient":""},"tablet":{"background-color":"var(--ast-global-color-5)","background-image":"","background-repeat":"repeat","background-position":"center center","background-size":"auto","background-attachment":"scroll","background-type":"","background-media":"","overlay-type":"","overlay-color":"","overlay-opacity":"","overlay-gradient":""},"mobile":{"background-color":"var(--ast-global-color-5)","background-image":"","background-repeat":"repeat","background-position":"center center","background-size":"auto","background-attachment":"scroll","background-type":"","background-media":"","overlay-type":"","overlay-color":"","overlay-opacity":"","overlay-gradient":""}},"yasr_overall_rating":0,"yasr_post_is_review":"","yasr_auto_insert_disabled":"","yasr_review_type":""},"product_brand":[],"product_cat":[22],"product_tag":[],"class_list":{"0":"post-4853","1":"product","2":"type-product","3":"status-publish","4":"has-post-thumbnail","6":"product_cat-hard-biscuit-production-line","7":"desktop-align-left","8":"tablet-align-left","9":"mobile-align-left","11":"first","12":"instock","13":"shipping-taxable","14":"product-type-simple"},"yoast_head":"<!-- This site is optimized with the Yoast SEO plugin v24.4 - https:\/\/yoast.com\/wordpress\/plugins\/seo\/ -->\n<title>Sesame Crackers Making Machine Customization Function - Biscuit Production Solution Manufacturer<\/title>\n<meta name=\"description\" content=\"Sesame crackers making machine is functional and suitable for small bakeries seeking to expand production and is more suitable for large food factories.\" \/>\n<meta name=\"robots\" content=\"index, follow, max-snippet:-1, max-image-preview:large, max-video-preview:-1\" \/>\n<link rel=\"canonical\" href=\"https:\/\/www.biscuitsolution.com\/fr\/produit\/sesame-crackers-making-machine-customization-function\/\" \/>\n<meta property=\"og:locale\" content=\"fr_FR\" \/>\n<meta property=\"og:type\" content=\"article\" \/>\n<meta property=\"og:title\" content=\"Sesame Crackers Making Machine Customization Function - Biscuit Production Solution Manufacturer\" \/>\n<meta property=\"og:description\" content=\"Sesame crackers making machine is functional and suitable for small bakeries seeking to expand production and is more suitable for large food factories.\" \/>\n<meta property=\"og:url\" content=\"https:\/\/www.biscuitsolution.com\/fr\/produit\/sesame-crackers-making-machine-customization-function\/\" \/>\n<meta property=\"og:site_name\" content=\"Biscuit Production Solution Manufacturer\" \/>\n<meta property=\"article:publisher\" content=\"https:\/\/www.facebook.com\/profile.php?id=100095205040823\" \/>\n<meta property=\"article:modified_time\" content=\"2025-02-25T01:37:30+00:00\" \/>\n<meta property=\"og:image\" content=\"https:\/\/www.biscuitsolution.com\/wp-content\/uploads\/2025\/02\/sesame-crackers-making-machines.jpg\" \/>\n\t<meta property=\"og:image:width\" content=\"600\" \/>\n\t<meta property=\"og:image:height\" content=\"600\" \/>\n\t<meta property=\"og:image:type\" content=\"image\/jpeg\" \/>\n<meta name=\"twitter:card\" content=\"summary_large_image\" \/>\n<meta name=\"twitter:site\" content=\"@shanna_zha26342\" \/>\n<meta name=\"twitter:label1\" content=\"Dur\u00e9e de lecture estim\u00e9e\" \/>\n\t<meta name=\"twitter:data1\" content=\"4 minutes\" \/>\n<script type=\"application\/ld+json\" class=\"yoast-schema-graph\">{\"@context\":\"https:\/\/schema.org\",\"@graph\":[{\"@type\":\"WebPage\",\"@id\":\"https:\/\/www.biscuitsolution.com\/product\/sesame-crackers-making-machine-customization-function\/\",\"url\":\"https:\/\/www.biscuitsolution.com\/product\/sesame-crackers-making-machine-customization-function\/\",\"name\":\"Sesame Crackers Making Machine Customization Function - Biscuit Production Solution Manufacturer\",\"isPartOf\":{\"@id\":\"https:\/\/www.biscuitsolution.com\/#website\"},\"primaryImageOfPage\":{\"@id\":\"https:\/\/www.biscuitsolution.com\/product\/sesame-crackers-making-machine-customization-function\/#primaryimage\"},\"image\":{\"@id\":\"https:\/\/www.biscuitsolution.com\/product\/sesame-crackers-making-machine-customization-function\/#primaryimage\"},\"thumbnailUrl\":\"https:\/\/www.biscuitsolution.com\/wp-content\/uploads\/2025\/02\/sesame-crackers-making-machines.jpg\",\"datePublished\":\"2025-02-21T10:50:02+00:00\",\"dateModified\":\"2025-02-25T01:37:30+00:00\",\"description\":\"Sesame crackers making machine is functional and suitable for small bakeries seeking to expand production and is more suitable for large food factories.\",\"breadcrumb\":{\"@id\":\"https:\/\/www.biscuitsolution.com\/product\/sesame-crackers-making-machine-customization-function\/#breadcrumb\"},\"inLanguage\":\"fr-FR\",\"potentialAction\":[{\"@type\":\"ReadAction\",\"target\":[\"https:\/\/www.biscuitsolution.com\/product\/sesame-crackers-making-machine-customization-function\/\"]}]},{\"@type\":\"ImageObject\",\"inLanguage\":\"fr-FR\",\"@id\":\"https:\/\/www.biscuitsolution.com\/product\/sesame-crackers-making-machine-customization-function\/#primaryimage\",\"url\":\"https:\/\/www.biscuitsolution.com\/wp-content\/uploads\/2025\/02\/sesame-crackers-making-machines.jpg\",\"contentUrl\":\"https:\/\/www.biscuitsolution.com\/wp-content\/uploads\/2025\/02\/sesame-crackers-making-machines.jpg\",\"width\":600,\"height\":600},{\"@type\":\"BreadcrumbList\",\"@id\":\"https:\/\/www.biscuitsolution.com\/product\/sesame-crackers-making-machine-customization-function\/#breadcrumb\",\"itemListElement\":[{\"@type\":\"ListItem\",\"position\":1,\"name\":\"Home\",\"item\":\"https:\/\/www.biscuitsolution.com\/\"},{\"@type\":\"ListItem\",\"position\":2,\"name\":\"Product\",\"item\":\"https:\/\/www.biscuitsolution.com\/product\/\"},{\"@type\":\"ListItem\",\"position\":3,\"name\":\"Sesame Crackers Making Machine Customization Function\"}]},{\"@type\":\"WebSite\",\"@id\":\"https:\/\/www.biscuitsolution.com\/#website\",\"url\":\"https:\/\/www.biscuitsolution.com\/\",\"name\":\"Biscuit Production Solution Manufacturer\",\"description\":\"\",\"potentialAction\":[{\"@type\":\"SearchAction\",\"target\":{\"@type\":\"EntryPoint\",\"urlTemplate\":\"https:\/\/www.biscuitsolution.com\/?s={search_term_string}\"},\"query-input\":{\"@type\":\"PropertyValueSpecification\",\"valueRequired\":true,\"valueName\":\"search_term_string\"}}],\"inLanguage\":\"fr-FR\"},false]}<\/script>\n<!-- \/ Yoast SEO plugin. -->","yoast_head_json":{"title":"Machine \u00e0 fabriquer des biscuits au s\u00e9same Fonction de personnalisation - Fabricant de solutions de production de biscuits","description":"La machine \u00e0 fabriquer des crackers au s\u00e9same est fonctionnelle et convient aux petites boulangeries cherchant \u00e0 accro\u00eetre leur production et est plus adapt\u00e9e aux grandes usines alimentaires.","robots":{"index":"index","follow":"follow","max-snippet":"max-snippet:-1","max-image-preview":"max-image-preview:large","max-video-preview":"max-video-preview:-1"},"canonical":"https:\/\/www.biscuitsolution.com\/fr\/produit\/sesame-crackers-making-machine-customization-function\/","og_locale":"fr_FR","og_type":"article","og_title":"Sesame Crackers Making Machine Customization Function - Biscuit Production Solution Manufacturer","og_description":"Sesame crackers making machine is functional and suitable for small bakeries seeking to expand production and is more suitable for large food factories.","og_url":"https:\/\/www.biscuitsolution.com\/fr\/produit\/sesame-crackers-making-machine-customization-function\/","og_site_name":"Biscuit Production Solution Manufacturer","article_publisher":"https:\/\/www.facebook.com\/profile.php?id=100095205040823","article_modified_time":"2025-02-25T01:37:30+00:00","og_image":[{"width":600,"height":600,"url":"https:\/\/www.biscuitsolution.com\/wp-content\/uploads\/2025\/02\/sesame-crackers-making-machines.jpg","type":"image\/jpeg"}],"twitter_card":"summary_large_image","twitter_site":"@shanna_zha26342","twitter_misc":{"Dur\u00e9e de lecture estim\u00e9e":"4 minutes"},"schema":{"@context":"https:\/\/schema.org","@graph":[{"@type":"WebPage","@id":"https:\/\/www.biscuitsolution.com\/product\/sesame-crackers-making-machine-customization-function\/","url":"https:\/\/www.biscuitsolution.com\/product\/sesame-crackers-making-machine-customization-function\/","name":"Machine \u00e0 fabriquer des biscuits au s\u00e9same Fonction de personnalisation - Fabricant de solutions de production de biscuits","isPartOf":{"@id":"https:\/\/www.biscuitsolution.com\/#website"},"primaryImageOfPage":{"@id":"https:\/\/www.biscuitsolution.com\/product\/sesame-crackers-making-machine-customization-function\/#primaryimage"},"image":{"@id":"https:\/\/www.biscuitsolution.com\/product\/sesame-crackers-making-machine-customization-function\/#primaryimage"},"thumbnailUrl":"https:\/\/www.biscuitsolution.com\/wp-content\/uploads\/2025\/02\/sesame-crackers-making-machines.jpg","datePublished":"2025-02-21T10:50:02+00:00","dateModified":"2025-02-25T01:37:30+00:00","description":"La machine \u00e0 fabriquer des crackers au s\u00e9same est fonctionnelle et convient aux petites boulangeries cherchant \u00e0 accro\u00eetre leur production et est plus adapt\u00e9e aux grandes usines alimentaires.","breadcrumb":{"@id":"https:\/\/www.biscuitsolution.com\/product\/sesame-crackers-making-machine-customization-function\/#breadcrumb"},"inLanguage":"fr-FR","potentialAction":[{"@type":"ReadAction","target":["https:\/\/www.biscuitsolution.com\/product\/sesame-crackers-making-machine-customization-function\/"]}]},{"@type":"ImageObject","inLanguage":"fr-FR","@id":"https:\/\/www.biscuitsolution.com\/product\/sesame-crackers-making-machine-customization-function\/#primaryimage","url":"https:\/\/www.biscuitsolution.com\/wp-content\/uploads\/2025\/02\/sesame-crackers-making-machines.jpg","contentUrl":"https:\/\/www.biscuitsolution.com\/wp-content\/uploads\/2025\/02\/sesame-crackers-making-machines.jpg","width":600,"height":600},{"@type":"BreadcrumbList","@id":"https:\/\/www.biscuitsolution.com\/product\/sesame-crackers-making-machine-customization-function\/#breadcrumb","itemListElement":[{"@type":"ListItem","position":1,"name":"Home","item":"https:\/\/www.biscuitsolution.com\/"},{"@type":"ListItem","position":2,"name":"Product","item":"https:\/\/www.biscuitsolution.com\/product\/"},{"@type":"ListItem","position":3,"name":"Sesame Crackers Making Machine Customization Function"}]},{"@type":"WebSite","@id":"https:\/\/www.biscuitsolution.com\/#website","url":"https:\/\/www.biscuitsolution.com\/","name":"Fabricant de solutions pour la production de biscuits","description":"","potentialAction":[{"@type":"SearchAction","target":{"@type":"EntryPoint","urlTemplate":"https:\/\/www.biscuitsolution.com\/?s={search_term_string}"},"query-input":{"@type":"PropertyValueSpecification","valueRequired":true,"valueName":"search_term_string"}}],"inLanguage":"fr-FR"},false]}},"yasr_visitor_votes":{"stars_attributes":{"read_only":false,"span_bottom":false},"number_of_votes":1,"sum_votes":5},"_links":{"self":[{"href":"https:\/\/www.biscuitsolution.com\/fr\/wp-json\/wp\/v2\/product\/4853","targetHints":{"allow":["GET"]}}],"collection":[{"href":"https:\/\/www.biscuitsolution.com\/fr\/wp-json\/wp\/v2\/product"}],"about":[{"href":"https:\/\/www.biscuitsolution.com\/fr\/wp-json\/wp\/v2\/types\/product"}],"replies":[{"embeddable":true,"href":"https:\/\/www.biscuitsolution.com\/fr\/wp-json\/wp\/v2\/comments?post=4853"}],"version-history":[{"count":1,"href":"https:\/\/www.biscuitsolution.com\/fr\/wp-json\/wp\/v2\/product\/4853\/revisions"}],"predecessor-version":[{"id":4859,"href":"https:\/\/www.biscuitsolution.com\/fr\/wp-json\/wp\/v2\/product\/4853\/revisions\/4859"}],"wp:featuredmedia":[{"embeddable":true,"href":"https:\/\/www.biscuitsolution.com\/fr\/wp-json\/wp\/v2\/media\/4858"}],"wp:attachment":[{"href":"https:\/\/www.biscuitsolution.com\/fr\/wp-json\/wp\/v2\/media?parent=4853"}],"wp:term":[{"taxonomy":"product_brand","embeddable":true,"href":"https:\/\/www.biscuitsolution.com\/fr\/wp-json\/wp\/v2\/product_brand?post=4853"},{"taxonomy":"product_cat","embeddable":true,"href":"https:\/\/www.biscuitsolution.com\/fr\/wp-json\/wp\/v2\/product_cat?post=4853"},{"taxonomy":"product_tag","embeddable":true,"href":"https:\/\/www.biscuitsolution.com\/fr\/wp-json\/wp\/v2\/product_tag?post=4853"}],"curies":[{"name":"wp","href":"https:\/\/api.w.org\/{rel}","templated":true}]}}