{"id":4844,"date":"2025-02-21T10:45:05","date_gmt":"2025-02-21T10:45:05","guid":{"rendered":"https:\/\/www.biscuitsolution.com\/?post_type=product&#038;p=4844"},"modified":"2025-12-16T17:34:37","modified_gmt":"2025-12-16T09:34:37","slug":"high-capacity-graham-cracker-making-machine-for-sale","status":"publish","type":"product","link":"https:\/\/www.biscuitsolution.com\/fr\/produit\/high-capacity-graham-cracker-making-machine-for-sale\/","title":{"rendered":"Machine de fabrication de biscuits Graham \u00e0 haute capacit\u00e9 pour la vente"},"content":{"rendered":"<p>Le<strong> machine \u00e0 fabriquer des biscuits graham<\/strong> adopte une ligne de production enti\u00e8rement automatis\u00e9e, qui int\u00e8gre \u00e9troitement diff\u00e9rents maillons tels que le m\u00e9lange des mati\u00e8res premi\u00e8res, la fabrication de la p\u00e2te, le moulage, la cuisson, le refroidissement et l'emballage.<\/p>\n<p><img fetchpriority=\"high\" decoding=\"async\" class=\"alignnone size-full wp-image-4845\" src=\"https:\/\/www.biscuitsolution.com\/wp-content\/uploads\/2025\/02\/graham-cracker-making-machines-for-sale.jpg\" alt=\"machine \u00e0 fabriquer des biscuits graham\" width=\"800\" height=\"450\" srcset=\"https:\/\/www.biscuitsolution.com\/wp-content\/uploads\/2025\/02\/graham-cracker-making-machines-for-sale.jpg 800w, https:\/\/www.biscuitsolution.com\/wp-content\/uploads\/2025\/02\/graham-cracker-making-machines-for-sale-600x338.jpg 600w, https:\/\/www.biscuitsolution.com\/wp-content\/uploads\/2025\/02\/graham-cracker-making-machines-for-sale-300x169.jpg 300w, https:\/\/www.biscuitsolution.com\/wp-content\/uploads\/2025\/02\/graham-cracker-making-machines-for-sale-768x432.jpg 768w\" sizes=\"(max-width: 800px) 100vw, 800px\" \/><\/p>\n<h2>Perspectives de march\u00e9 du biscuit Graham<\/h2>\n<ol>\n<li>Sant\u00e9 : Le biscuit Graham utilise du bl\u00e9 entier comme mati\u00e8re premi\u00e8re principale, riche en nutriments tels que les fibres alimentaires, les vitamines et les min\u00e9raux. Il est conforme \u00e0 la tendance des r\u00e9gimes alimentaires sains, \u00e0 savoir faible teneur en sucre et en mati\u00e8res grasses et riche en fibres, et peut r\u00e9pondre \u00e0 la demande des consommateurs en mati\u00e8re d'aliments sains.<\/li>\n<li>Des sc\u00e9narios de consommation riches : Il peut \u00eatre utilis\u00e9 au petit-d\u00e9jeuner avec du lait et du yaourt pour apporter sati\u00e9t\u00e9 et nutrition ; il peut \u00e9galement \u00eatre utilis\u00e9 comme en-cas pour le th\u00e9 de l'apr\u00e8s-midi, consomm\u00e9 pendant les pauses de travail ou le temps libre ; il peut \u00e9galement \u00eatre utilis\u00e9 pour pr\u00e9parer divers desserts, tels que des g\u00e2teaux au fromage et des bases de tarte dans la p\u00e2tisserie domestique, ce qui augmente les sc\u00e9narios d'utilisation du produit et la demande sur le march\u00e9.<\/li>\n<li>Un large espace pour l'innovation gustative : Sur la base du maintien des attributs de sant\u00e9 originaux, l'innovation gustative peut \u00eatre r\u00e9alis\u00e9e en ajoutant diff\u00e9rents ingr\u00e9dients naturels et assaisonnements, tels que des noix, des fruits secs, des p\u00e9pites de chocolat, etc., afin de r\u00e9pondre aux pr\u00e9f\u00e9rences gustatives des diff\u00e9rents consommateurs et d'accro\u00eetre la part de march\u00e9.<\/li>\n<\/ol>\n<p><img decoding=\"async\" class=\"alignnone size-full wp-image-4846\" src=\"https:\/\/www.biscuitsolution.com\/wp-content\/uploads\/2025\/02\/graham-cracker-making-machine-for-sale.jpg\" alt=\"Machine \u00e0 fabriquer des biscuits graham pour la vente\" width=\"800\" height=\"450\" srcset=\"https:\/\/www.biscuitsolution.com\/wp-content\/uploads\/2025\/02\/graham-cracker-making-machine-for-sale.jpg 800w, https:\/\/www.biscuitsolution.com\/wp-content\/uploads\/2025\/02\/graham-cracker-making-machine-for-sale-600x338.jpg 600w, https:\/\/www.biscuitsolution.com\/wp-content\/uploads\/2025\/02\/graham-cracker-making-machine-for-sale-300x169.jpg 300w, https:\/\/www.biscuitsolution.com\/wp-content\/uploads\/2025\/02\/graham-cracker-making-machine-for-sale-768x432.jpg 768w\" sizes=\"(max-width: 800px) 100vw, 800px\" \/><\/p>\n<h2>Six principaux avantages de la ligne de production de biscuits Graham Cracker<\/h2>\n<p><strong>1. Production hautement automatis\u00e9e<\/strong><br \/>\nL'automatisation de l'ensemble du processus de m\u00e9lange, de formage et de d\u00e9coupe de la p\u00e2te r\u00e9duit la d\u00e9pendance \u00e0 l'\u00e9gard du travail manuel et am\u00e9liore l'efficacit\u00e9 de la production.<\/p>\n<p><strong>2. Fonctionnement continu et stable<\/strong><br \/>\nL'\u00e9quipement peut fonctionner en continu et de mani\u00e8re stable pendant 24 heures, ce qui permet de maintenir une production constante et de r\u00e9duire les temps d'arr\u00eat.<\/p>\n<p><strong>3. Des sp\u00e9cifications de produits coh\u00e9rentes<\/strong><br \/>\nLe contr\u00f4le pr\u00e9cis de l'\u00e9paisseur, de la taille et de la forme des biscuits garantit des sp\u00e9cifications uniformes pour chaque biscuit.<\/p>\n<p><img decoding=\"async\" class=\"alignnone size-full wp-image-4848\" src=\"https:\/\/www.biscuitsolution.com\/wp-content\/uploads\/2025\/02\/graham-cracker-machine.jpg\" alt=\"Machine \u00e0 fabriquer des biscuits graham pour la vente\" width=\"800\" height=\"450\" srcset=\"https:\/\/www.biscuitsolution.com\/wp-content\/uploads\/2025\/02\/graham-cracker-machine.jpg 800w, https:\/\/www.biscuitsolution.com\/wp-content\/uploads\/2025\/02\/graham-cracker-machine-600x338.jpg 600w, https:\/\/www.biscuitsolution.com\/wp-content\/uploads\/2025\/02\/graham-cracker-machine-300x169.jpg 300w, https:\/\/www.biscuitsolution.com\/wp-content\/uploads\/2025\/02\/graham-cracker-machine-768x432.jpg 768w\" sizes=\"(max-width: 800px) 100vw, 800px\" \/><\/p>\n<p><strong>4. Garantie d'un go\u00fbt constant<\/strong><br \/>\nLe contr\u00f4le pr\u00e9cis de la temp\u00e9rature et du temps de cuisson garantit une texture croustillante et une qualit\u00e9 constante des biscuits.<\/p>\n<p><strong>5. Adaptation souple \u00e0 diff\u00e9rentes \u00e9chelles<\/strong><br \/>\nConvient aux divers besoins de production des grandes usines de transformation alimentaire et des petites et moyennes usines alimentaires.<\/p>\n<p><strong>6. \u00c9conomie d'\u00e9nergie et conception efficace<\/strong><br \/>\nUtilise une technologie de cuisson \u00e9conome en \u00e9nergie et un syst\u00e8me de transmission efficace pour r\u00e9duire les co\u00fbts de consommation d'\u00e9nergie.<\/p>\n<p><img loading=\"lazy\" decoding=\"async\" class=\"alignnone size-full wp-image-4847\" src=\"https:\/\/www.biscuitsolution.com\/wp-content\/uploads\/2025\/02\/graham-cracker-making-machine.jpg\" alt=\"machine \u00e0 fabriquer des biscuits graham\" width=\"800\" height=\"450\" srcset=\"https:\/\/www.biscuitsolution.com\/wp-content\/uploads\/2025\/02\/graham-cracker-making-machine.jpg 800w, https:\/\/www.biscuitsolution.com\/wp-content\/uploads\/2025\/02\/graham-cracker-making-machine-600x338.jpg 600w, https:\/\/www.biscuitsolution.com\/wp-content\/uploads\/2025\/02\/graham-cracker-making-machine-300x169.jpg 300w, https:\/\/www.biscuitsolution.com\/wp-content\/uploads\/2025\/02\/graham-cracker-making-machine-768x432.jpg 768w\" sizes=\"(max-width: 800px) 100vw, 800px\" \/><\/p>\n<h2>Types de clients concern\u00e9s :<\/h2>\n<ul>\n<li>Grandes entreprises de transformation alimentaire - production annuelle sup\u00e9rieure \u00e0 1000 tonnes<\/li>\n<li>Biscuiterie de taille moyenne - production annuelle de 200 \u00e0 1000 tonnes<\/li>\n<li>Marques de start-up dans le domaine de l'alimentation saine<\/li>\n<li>Am\u00e9lioration et r\u00e9novation des lignes de production existantes<\/li>\n<li>Usines de fabrication en sous-traitance OEM\/ODM<\/li>\n<\/ul>\n<h2>Machine de fabrication de crackers Graham \u00c9chelle d'application<\/h2>\n<p><strong>Q:Quelle est la capacit\u00e9 de production journali\u00e8re de la machine \u00e0 fabriquer des biscuits Graham ?<\/strong><\/p>\n<p>R : Selon le mod\u00e8le, la capacit\u00e9 de production journali\u00e8re peut atteindre 2 \u00e0 10 tonnes, et des conceptions de capacit\u00e9 personnalis\u00e9es sont disponibles.<\/p>\n<p><strong>Q:Combien d'op\u00e9rateurs sont n\u00e9cessaires pour l'\u00e9quipement ?<\/strong><\/p>\n<p>R : Dans le cas d'une conception enti\u00e8rement automatis\u00e9e, seuls 1 ou 2 op\u00e9rateurs sont n\u00e9cessaires pour la surveillance.<\/p>\n<h2>Laissez un message pour obtenir un devis<\/h2>\n\n<div class=\"wpcf7 no-js\" id=\"wpcf7-f4619-o1\" lang=\"en-US\" dir=\"ltr\" data-wpcf7-id=\"4619\">\n<div class=\"screen-reader-response\"><p role=\"status\" aria-live=\"polite\" aria-atomic=\"true\"><\/p> <ul><\/ul><\/div>\n<form action=\"\/fr\/wp-json\/wp\/v2\/product\/4844#wpcf7-f4619-o1\" method=\"post\" class=\"wpcf7-form init\" aria-label=\"Formulaire de contact\" novalidate=\"novalidate\" data-status=\"init\" data-trp-original-action=\"\/fr\/wp-json\/wp\/v2\/product\/4844#wpcf7-f4619-o1\">\n<div style=\"display: none;\">\n<input type=\"hidden\" name=\"_wpcf7\" value=\"4619\" \/>\n<input type=\"hidden\" name=\"_wpcf7_version\" value=\"6.0.4\" \/>\n<input type=\"hidden\" name=\"_wpcf7_locale\" value=\"en_US\" \/>\n<input type=\"hidden\" name=\"_wpcf7_unit_tag\" value=\"wpcf7-f4619-o1\" \/>\n<input type=\"hidden\" name=\"_wpcf7_container_post\" value=\"0\" \/>\n<input type=\"hidden\" name=\"_wpcf7_posted_data_hash\" value=\"\" \/>\n<\/div>\n<p><label> Votre nom*<br \/>\n<span class=\"wpcf7-form-control-wrap\" data-name=\"your-name\"><input size=\"40\" maxlength=\"400\" class=\"wpcf7-form-control wpcf7-text wpcf7-validates-as-required\" aria-required=\"true\" aria-invalid=\"false\" value=\"\" type=\"text\" name=\"your-name\" \/><\/span> <\/label>\n<\/p>\n<p><label> Votre pays<br \/>\n<span class=\"wpcf7-form-control-wrap\" data-name=\"your-country\"><input size=\"40\" maxlength=\"400\" class=\"wpcf7-form-control wpcf7-text\" aria-invalid=\"false\" value=\"\" type=\"text\" name=\"your-country\" \/><\/span><\/label>\n<\/p>\n<p><label> Votre courriel*<br \/>\n<span class=\"wpcf7-form-control-wrap\" data-name=\"your-email\"><input size=\"40\" maxlength=\"400\" class=\"wpcf7-form-control wpcf7-email wpcf7-validates-as-required wpcf7-text wpcf7-validates-as-email\" aria-required=\"true\" aria-invalid=\"false\" value=\"\" type=\"email\" name=\"your-email\" \/><\/span> <\/label>\n<\/p>\n<p><label> Votre t\u00e9l\u00e9phone<br \/>\n<span class=\"wpcf7-form-control-wrap\" data-name=\"your-phone\"><input size=\"40\" maxlength=\"400\" class=\"wpcf7-form-control wpcf7-tel wpcf7-text wpcf7-validates-as-tel\" aria-invalid=\"false\" value=\"\" type=\"tel\" name=\"your-phone\" \/><\/span> <\/label>\n<\/p>\n<p><label> Nom de l'entreprise<br \/>\n<span class=\"wpcf7-form-control-wrap\" data-name=\"text-457\"><input size=\"40\" maxlength=\"400\" class=\"wpcf7-form-control wpcf7-text\" aria-invalid=\"false\" value=\"\" type=\"text\" name=\"text-457\" \/><\/span> <\/label>\n<\/p>\n<p><label> Le site web de votre entreprise<br \/>\n<span class=\"wpcf7-form-control-wrap\" data-name=\"text-546\"><input size=\"40\" maxlength=\"400\" class=\"wpcf7-form-control wpcf7-text\" aria-invalid=\"false\" value=\"\" type=\"text\" name=\"text-546\" \/><\/span> <\/label>\n<\/p>\n<p><label> Votre demande*<br \/>\n<span class=\"wpcf7-form-control-wrap\" data-name=\"your-message\"><textarea cols=\"40\" rows=\"10\" maxlength=\"2000\" class=\"wpcf7-form-control wpcf7-textarea wpcf7-validates-as-required\" aria-required=\"true\" aria-invalid=\"false\" name=\"your-message\"><\/textarea><\/span> <\/label>\n<\/p>\n<p><input class=\"wpcf7-form-control wpcf7-submit has-spinner\" type=\"submit\" value=\"Soumettre\" \/>\n<\/p><p style=\"display: none !important;\" class=\"akismet-fields-container\" data-prefix=\"_wpcf7_ak_\"><label>&#916;<textarea name=\"_wpcf7_ak_hp_textarea\" cols=\"45\" rows=\"8\" maxlength=\"100\"><\/textarea><\/label><input type=\"hidden\" id=\"ak_js_1\" name=\"_wpcf7_ak_js\" value=\"4\"\/><script>document.getElementById( \"ak_js_1\" ).setAttribute( \"value\", ( new Date() ).getTime() );<\/script><\/p><div class=\"wpcf7-response-output\" aria-hidden=\"true\"><\/div>\n<input type=\"hidden\" name=\"trp-form-language\" value=\"fr\"\/><\/form>\n<\/div>\n\n<div style='text-align:left' class='yasr-auto-insert-visitor'><\/div>","protected":false},"excerpt":{"rendered":"<p>Capacit\u00e9 de production : 200-500 kg\/heure<br \/>\nNiveau d'automatisation : Contr\u00f4le enti\u00e8rement automatique<br \/>\nProcessus inclus : M\u00e9lange, formation, cuisson, refroidissement, emballage<br \/>\nDimensions de l'\u00e9quipement : Conception personnalis\u00e9e<br \/>\nProduits concern\u00e9s : Biscuits de bl\u00e9 entier, biscuits graham, biscuits sant\u00e9<\/p>","protected":false},"featured_media":4849,"comment_status":"open","ping_status":"closed","template":"","meta":{"site-sidebar-layout":"default","site-content-layout":"","ast-site-content-layout":"default","site-content-style":"default","site-sidebar-style":"default","ast-global-header-display":"","ast-banner-title-visibility":"","ast-main-header-display":"","ast-hfb-above-header-display":"","ast-hfb-below-header-display":"","ast-hfb-mobile-header-display":"","site-post-title":"","ast-breadcrumbs-content":"","ast-featured-img":"","footer-sml-layout":"","theme-transparent-header-meta":"default","adv-header-id-meta":"","stick-header-meta":"","header-above-stick-meta":"","header-main-stick-meta":"","header-below-stick-meta":"","astra-migrate-meta-layouts":"set","ast-page-background-enabled":"default","ast-page-background-meta":{"desktop":{"background-color":"","background-image":"","background-repeat":"repeat","background-position":"center center","background-size":"auto","background-attachment":"scroll","background-type":"","background-media":"","overlay-type":"","overlay-color":"","overlay-opacity":"","overlay-gradient":""},"tablet":{"background-color":"","background-image":"","background-repeat":"repeat","background-position":"center center","background-size":"auto","background-attachment":"scroll","background-type":"","background-media":"","overlay-type":"","overlay-color":"","overlay-opacity":"","overlay-gradient":""},"mobile":{"background-color":"","background-image":"","background-repeat":"repeat","background-position":"center center","background-size":"auto","background-attachment":"scroll","background-type":"","background-media":"","overlay-type":"","overlay-color":"","overlay-opacity":"","overlay-gradient":""}},"ast-content-background-meta":{"desktop":{"background-color":"var(--ast-global-color-5)","background-image":"","background-repeat":"repeat","background-position":"center center","background-size":"auto","background-attachment":"scroll","background-type":"","background-media":"","overlay-type":"","overlay-color":"","overlay-opacity":"","overlay-gradient":""},"tablet":{"background-color":"var(--ast-global-color-5)","background-image":"","background-repeat":"repeat","background-position":"center center","background-size":"auto","background-attachment":"scroll","background-type":"","background-media":"","overlay-type":"","overlay-color":"","overlay-opacity":"","overlay-gradient":""},"mobile":{"background-color":"var(--ast-global-color-5)","background-image":"","background-repeat":"repeat","background-position":"center center","background-size":"auto","background-attachment":"scroll","background-type":"","background-media":"","overlay-type":"","overlay-color":"","overlay-opacity":"","overlay-gradient":""}},"yasr_overall_rating":0,"yasr_post_is_review":"","yasr_auto_insert_disabled":"","yasr_review_type":""},"product_brand":[],"product_cat":[22],"product_tag":[],"class_list":{"0":"post-4844","1":"product","2":"type-product","3":"status-publish","4":"has-post-thumbnail","6":"product_cat-hard-biscuit-production-line","7":"desktop-align-left","8":"tablet-align-left","9":"mobile-align-left","11":"first","12":"instock","13":"shipping-taxable","14":"product-type-simple"},"yoast_head":"<!-- This site is optimized with the Yoast SEO plugin v24.4 - https:\/\/yoast.com\/wordpress\/plugins\/seo\/ -->\n<title>High Capacity Graham Cracker Making Machine for Sale - Biscuit Production Solution Manufacturer<\/title>\n<meta name=\"description\" content=\"The graham cracker making machine adopts an automated production line design, which can continuously and stably produce a large number of crackers.\" \/>\n<meta name=\"robots\" content=\"index, follow, max-snippet:-1, max-image-preview:large, max-video-preview:-1\" \/>\n<link rel=\"canonical\" href=\"https:\/\/www.biscuitsolution.com\/fr\/produit\/high-capacity-graham-cracker-making-machine-for-sale\/\" \/>\n<meta property=\"og:locale\" content=\"fr_FR\" \/>\n<meta property=\"og:type\" content=\"article\" \/>\n<meta property=\"og:title\" content=\"High Capacity Graham Cracker Making Machine for Sale - Biscuit Production Solution Manufacturer\" \/>\n<meta property=\"og:description\" content=\"The graham cracker making machine adopts an automated production line design, which can continuously and stably produce a large number of crackers.\" \/>\n<meta property=\"og:url\" content=\"https:\/\/www.biscuitsolution.com\/fr\/produit\/high-capacity-graham-cracker-making-machine-for-sale\/\" \/>\n<meta property=\"og:site_name\" content=\"Biscuit Production Solution Manufacturer\" \/>\n<meta property=\"article:publisher\" content=\"https:\/\/www.facebook.com\/profile.php?id=100095205040823\" \/>\n<meta property=\"article:modified_time\" content=\"2025-12-16T09:34:37+00:00\" \/>\n<meta property=\"og:image\" content=\"https:\/\/www.biscuitsolution.com\/wp-content\/uploads\/2025\/02\/\u4e3b\u56fe-18.jpg\" \/>\n\t<meta property=\"og:image:width\" content=\"600\" \/>\n\t<meta property=\"og:image:height\" content=\"600\" \/>\n\t<meta property=\"og:image:type\" content=\"image\/jpeg\" \/>\n<meta name=\"twitter:card\" content=\"summary_large_image\" \/>\n<meta name=\"twitter:site\" content=\"@shanna_zha26342\" \/>\n<meta name=\"twitter:label1\" content=\"Dur\u00e9e de lecture estim\u00e9e\" \/>\n\t<meta name=\"twitter:data1\" content=\"3 minutes\" \/>\n<script type=\"application\/ld+json\" class=\"yoast-schema-graph\">{\"@context\":\"https:\/\/schema.org\",\"@graph\":[{\"@type\":\"WebPage\",\"@id\":\"https:\/\/www.biscuitsolution.com\/product\/high-capacity-graham-cracker-making-machine-for-sale\/\",\"url\":\"https:\/\/www.biscuitsolution.com\/product\/high-capacity-graham-cracker-making-machine-for-sale\/\",\"name\":\"High Capacity Graham Cracker Making Machine for Sale - Biscuit Production Solution Manufacturer\",\"isPartOf\":{\"@id\":\"https:\/\/www.biscuitsolution.com\/#website\"},\"primaryImageOfPage\":{\"@id\":\"https:\/\/www.biscuitsolution.com\/product\/high-capacity-graham-cracker-making-machine-for-sale\/#primaryimage\"},\"image\":{\"@id\":\"https:\/\/www.biscuitsolution.com\/product\/high-capacity-graham-cracker-making-machine-for-sale\/#primaryimage\"},\"thumbnailUrl\":\"https:\/\/www.biscuitsolution.com\/wp-content\/uploads\/2025\/02\/\u4e3b\u56fe-18.jpg\",\"datePublished\":\"2025-02-21T10:45:05+00:00\",\"dateModified\":\"2025-12-16T09:34:37+00:00\",\"description\":\"The graham cracker making machine adopts an automated production line design, which can continuously and stably produce a large number of crackers.\",\"breadcrumb\":{\"@id\":\"https:\/\/www.biscuitsolution.com\/product\/high-capacity-graham-cracker-making-machine-for-sale\/#breadcrumb\"},\"inLanguage\":\"fr-FR\",\"potentialAction\":[{\"@type\":\"ReadAction\",\"target\":[\"https:\/\/www.biscuitsolution.com\/product\/high-capacity-graham-cracker-making-machine-for-sale\/\"]}]},{\"@type\":\"ImageObject\",\"inLanguage\":\"fr-FR\",\"@id\":\"https:\/\/www.biscuitsolution.com\/product\/high-capacity-graham-cracker-making-machine-for-sale\/#primaryimage\",\"url\":\"https:\/\/www.biscuitsolution.com\/wp-content\/uploads\/2025\/02\/\u4e3b\u56fe-18.jpg\",\"contentUrl\":\"https:\/\/www.biscuitsolution.com\/wp-content\/uploads\/2025\/02\/\u4e3b\u56fe-18.jpg\",\"width\":600,\"height\":600,\"caption\":\"graham cracker making machine\"},{\"@type\":\"BreadcrumbList\",\"@id\":\"https:\/\/www.biscuitsolution.com\/product\/high-capacity-graham-cracker-making-machine-for-sale\/#breadcrumb\",\"itemListElement\":[{\"@type\":\"ListItem\",\"position\":1,\"name\":\"Home\",\"item\":\"https:\/\/www.biscuitsolution.com\/\"},{\"@type\":\"ListItem\",\"position\":2,\"name\":\"Product\",\"item\":\"https:\/\/www.biscuitsolution.com\/product\/\"},{\"@type\":\"ListItem\",\"position\":3,\"name\":\"High Capacity Graham Cracker Making Machine for Sale\"}]},{\"@type\":\"WebSite\",\"@id\":\"https:\/\/www.biscuitsolution.com\/#website\",\"url\":\"https:\/\/www.biscuitsolution.com\/\",\"name\":\"Biscuit Production Solution Manufacturer\",\"description\":\"\",\"potentialAction\":[{\"@type\":\"SearchAction\",\"target\":{\"@type\":\"EntryPoint\",\"urlTemplate\":\"https:\/\/www.biscuitsolution.com\/?s={search_term_string}\"},\"query-input\":{\"@type\":\"PropertyValueSpecification\",\"valueRequired\":true,\"valueName\":\"search_term_string\"}}],\"inLanguage\":\"fr-FR\"},false]}<\/script>\n<!-- \/ Yoast SEO plugin. -->","yoast_head_json":{"title":"Machine \u00e0 fabriquer des biscuits Graham \u00e0 haute capacit\u00e9 - Biscuit Production Solution Manufacturer","description":"La machine \u00e0 fabriquer des biscuits Graham adopte une conception de ligne de production automatis\u00e9e, qui peut produire en continu et de mani\u00e8re stable un grand nombre de biscuits.","robots":{"index":"index","follow":"follow","max-snippet":"max-snippet:-1","max-image-preview":"max-image-preview:large","max-video-preview":"max-video-preview:-1"},"canonical":"https:\/\/www.biscuitsolution.com\/fr\/produit\/high-capacity-graham-cracker-making-machine-for-sale\/","og_locale":"fr_FR","og_type":"article","og_title":"High Capacity Graham Cracker Making Machine for Sale - Biscuit Production Solution Manufacturer","og_description":"The graham cracker making machine adopts an automated production line design, which can continuously and stably produce a large number of crackers.","og_url":"https:\/\/www.biscuitsolution.com\/fr\/produit\/high-capacity-graham-cracker-making-machine-for-sale\/","og_site_name":"Biscuit Production Solution Manufacturer","article_publisher":"https:\/\/www.facebook.com\/profile.php?id=100095205040823","article_modified_time":"2025-12-16T09:34:37+00:00","og_image":[{"width":600,"height":600,"url":"https:\/\/www.biscuitsolution.com\/wp-content\/uploads\/2025\/02\/\u4e3b\u56fe-18.jpg","type":"image\/jpeg"}],"twitter_card":"summary_large_image","twitter_site":"@shanna_zha26342","twitter_misc":{"Dur\u00e9e de lecture estim\u00e9e":"3 minutes"},"schema":{"@context":"https:\/\/schema.org","@graph":[{"@type":"WebPage","@id":"https:\/\/www.biscuitsolution.com\/product\/high-capacity-graham-cracker-making-machine-for-sale\/","url":"https:\/\/www.biscuitsolution.com\/product\/high-capacity-graham-cracker-making-machine-for-sale\/","name":"Machine \u00e0 fabriquer des biscuits Graham \u00e0 haute capacit\u00e9 - Biscuit Production Solution Manufacturer","isPartOf":{"@id":"https:\/\/www.biscuitsolution.com\/#website"},"primaryImageOfPage":{"@id":"https:\/\/www.biscuitsolution.com\/product\/high-capacity-graham-cracker-making-machine-for-sale\/#primaryimage"},"image":{"@id":"https:\/\/www.biscuitsolution.com\/product\/high-capacity-graham-cracker-making-machine-for-sale\/#primaryimage"},"thumbnailUrl":"https:\/\/www.biscuitsolution.com\/wp-content\/uploads\/2025\/02\/\u4e3b\u56fe-18.jpg","datePublished":"2025-02-21T10:45:05+00:00","dateModified":"2025-12-16T09:34:37+00:00","description":"La machine \u00e0 fabriquer des biscuits Graham adopte une conception de ligne de production automatis\u00e9e, qui peut produire en continu et de mani\u00e8re stable un grand nombre de biscuits.","breadcrumb":{"@id":"https:\/\/www.biscuitsolution.com\/product\/high-capacity-graham-cracker-making-machine-for-sale\/#breadcrumb"},"inLanguage":"fr-FR","potentialAction":[{"@type":"ReadAction","target":["https:\/\/www.biscuitsolution.com\/product\/high-capacity-graham-cracker-making-machine-for-sale\/"]}]},{"@type":"ImageObject","inLanguage":"fr-FR","@id":"https:\/\/www.biscuitsolution.com\/product\/high-capacity-graham-cracker-making-machine-for-sale\/#primaryimage","url":"https:\/\/www.biscuitsolution.com\/wp-content\/uploads\/2025\/02\/\u4e3b\u56fe-18.jpg","contentUrl":"https:\/\/www.biscuitsolution.com\/wp-content\/uploads\/2025\/02\/\u4e3b\u56fe-18.jpg","width":600,"height":600,"caption":"graham cracker making machine"},{"@type":"BreadcrumbList","@id":"https:\/\/www.biscuitsolution.com\/product\/high-capacity-graham-cracker-making-machine-for-sale\/#breadcrumb","itemListElement":[{"@type":"ListItem","position":1,"name":"Home","item":"https:\/\/www.biscuitsolution.com\/"},{"@type":"ListItem","position":2,"name":"Product","item":"https:\/\/www.biscuitsolution.com\/product\/"},{"@type":"ListItem","position":3,"name":"High Capacity Graham Cracker Making Machine for Sale"}]},{"@type":"WebSite","@id":"https:\/\/www.biscuitsolution.com\/#website","url":"https:\/\/www.biscuitsolution.com\/","name":"Fabricant de solutions pour la production de biscuits","description":"","potentialAction":[{"@type":"SearchAction","target":{"@type":"EntryPoint","urlTemplate":"https:\/\/www.biscuitsolution.com\/?s={search_term_string}"},"query-input":{"@type":"PropertyValueSpecification","valueRequired":true,"valueName":"search_term_string"}}],"inLanguage":"fr-FR"},false]}},"yasr_visitor_votes":{"stars_attributes":{"read_only":false,"span_bottom":false},"number_of_votes":2,"sum_votes":10},"_links":{"self":[{"href":"https:\/\/www.biscuitsolution.com\/fr\/wp-json\/wp\/v2\/product\/4844","targetHints":{"allow":["GET"]}}],"collection":[{"href":"https:\/\/www.biscuitsolution.com\/fr\/wp-json\/wp\/v2\/product"}],"about":[{"href":"https:\/\/www.biscuitsolution.com\/fr\/wp-json\/wp\/v2\/types\/product"}],"replies":[{"embeddable":true,"href":"https:\/\/www.biscuitsolution.com\/fr\/wp-json\/wp\/v2\/comments?post=4844"}],"version-history":[{"count":4,"href":"https:\/\/www.biscuitsolution.com\/fr\/wp-json\/wp\/v2\/product\/4844\/revisions"}],"predecessor-version":[{"id":5853,"href":"https:\/\/www.biscuitsolution.com\/fr\/wp-json\/wp\/v2\/product\/4844\/revisions\/5853"}],"wp:featuredmedia":[{"embeddable":true,"href":"https:\/\/www.biscuitsolution.com\/fr\/wp-json\/wp\/v2\/media\/4849"}],"wp:attachment":[{"href":"https:\/\/www.biscuitsolution.com\/fr\/wp-json\/wp\/v2\/media?parent=4844"}],"wp:term":[{"taxonomy":"product_brand","embeddable":true,"href":"https:\/\/www.biscuitsolution.com\/fr\/wp-json\/wp\/v2\/product_brand?post=4844"},{"taxonomy":"product_cat","embeddable":true,"href":"https:\/\/www.biscuitsolution.com\/fr\/wp-json\/wp\/v2\/product_cat?post=4844"},{"taxonomy":"product_tag","embeddable":true,"href":"https:\/\/www.biscuitsolution.com\/fr\/wp-json\/wp\/v2\/product_tag?post=4844"}],"curies":[{"name":"wp","href":"https:\/\/api.w.org\/{rel}","templated":true}]}}