{"id":4823,"date":"2025-02-21T10:11:18","date_gmt":"2025-02-21T10:11:18","guid":{"rendered":"https:\/\/www.biscuitsolution.com\/?post_type=product&#038;p=4823"},"modified":"2025-03-15T07:32:45","modified_gmt":"2025-03-14T23:32:45","slug":"automatic-sandwich-cracker-making-machine-high-capacity","status":"publish","type":"product","link":"https:\/\/www.biscuitsolution.com\/fr\/produit\/automatic-sandwich-cracker-making-machine-high-capacity\/","title":{"rendered":"Machine automatique \u00e0 fabriquer des biscuits sandwichs \u00e0 haute capacit\u00e9"},"content":{"rendered":"<p>Le march\u00e9 mondial des <strong>machines automatiques \u00e0 fabriquer des biscuits sandwiches<\/strong> se d\u00e9veloppe rapidement, sous l'effet de la demande croissante d'aliments pr\u00eats \u00e0 l'emploi et de la n\u00e9cessit\u00e9 de disposer de processus de production efficaces.<\/p>\n<p><img fetchpriority=\"high\" decoding=\"async\" class=\"alignnone size-full wp-image-4824\" src=\"https:\/\/www.biscuitsolution.com\/wp-content\/uploads\/2025\/02\/automatic-sandwich-crackers-making-machine.jpg\" alt=\"machine automatique \u00e0 fabriquer des biscuits sandwiches\" width=\"800\" height=\"450\" srcset=\"https:\/\/www.biscuitsolution.com\/wp-content\/uploads\/2025\/02\/automatic-sandwich-crackers-making-machine.jpg 800w, https:\/\/www.biscuitsolution.com\/wp-content\/uploads\/2025\/02\/automatic-sandwich-crackers-making-machine-600x338.jpg 600w, https:\/\/www.biscuitsolution.com\/wp-content\/uploads\/2025\/02\/automatic-sandwich-crackers-making-machine-300x169.jpg 300w, https:\/\/www.biscuitsolution.com\/wp-content\/uploads\/2025\/02\/automatic-sandwich-crackers-making-machine-768x432.jpg 768w\" sizes=\"(max-width: 800px) 100vw, 800px\" \/><\/p>\n<p>Nous investissons continuellement dans la recherche et le d\u00e9veloppement afin d'introduire des caract\u00e9ristiques plus avanc\u00e9es telles qu'une automatisation am\u00e9lior\u00e9e, une commande num\u00e9rique et une conception respectueuse de l'environnement, entre autres.<\/p>\n<h2>Comment cela fonctionne-t-il ?<\/h2>\n<p>Les machines automatiques \u00e0 fabriquer des crackers sandwichs fonctionnent en int\u00e9grant de mani\u00e8re transparente plusieurs composants cl\u00e9s :<\/p>\n<ul>\n<li>Pr\u00e9paration de la p\u00e2te et de la feuille : La machine m\u00e9lange les ingr\u00e9dients pour former une p\u00e2te lisse, qui est ensuite press\u00e9e en feuilles uniformes.<\/li>\n<li>D\u00e9coupage et cuisson : Les feuilles de p\u00e2te sont d\u00e9coup\u00e9es en craquelins individuels et cuites \u00e0 la perfection dans un four tunnel.<\/li>\n<li>Garniture et assemblage : Les craquelins cuits sont fourr\u00e9s d'une quantit\u00e9 pr\u00e9cise de cr\u00e8me ou d'autres garnitures, puis assembl\u00e9s en sandwich.<\/li>\n<li>Emballage : Les biscuits sandwiches finis sont automatiquement emball\u00e9s pour garantir leur fra\u00eecheur et prolonger leur dur\u00e9e de conservation.<\/li>\n<\/ul>\n<p><img decoding=\"async\" class=\"alignnone size-full wp-image-4825\" src=\"https:\/\/www.biscuitsolution.com\/wp-content\/uploads\/2025\/02\/sandwich-cracker-making-machine.jpg\" alt=\"machine \u00e0 fabriquer des biscuits sandwiches\" width=\"800\" height=\"450\" srcset=\"https:\/\/www.biscuitsolution.com\/wp-content\/uploads\/2025\/02\/sandwich-cracker-making-machine.jpg 800w, https:\/\/www.biscuitsolution.com\/wp-content\/uploads\/2025\/02\/sandwich-cracker-making-machine-600x338.jpg 600w, https:\/\/www.biscuitsolution.com\/wp-content\/uploads\/2025\/02\/sandwich-cracker-making-machine-300x169.jpg 300w, https:\/\/www.biscuitsolution.com\/wp-content\/uploads\/2025\/02\/sandwich-cracker-making-machine-768x432.jpg 768w\" sizes=\"(max-width: 800px) 100vw, 800px\" \/><\/p>\n<h2>Principales caract\u00e9ristiques et avantages<\/h2>\n<p>1. Capacit\u00e9 de production \u00e9lev\u00e9e<br \/>\nLes machines automatiques de fabrication de sandwiches peuvent produire des milliers de sandwiches par heure, ce qui les rend id\u00e9ales pour la production \u00e0 grande \u00e9chelle. Les mod\u00e8les tels que le GG-BG1200 peuvent traiter jusqu'\u00e0 1 200 kg par heure, ce qui vous permet de r\u00e9pondre aux demandes \u00e9lev\u00e9es du march\u00e9.<\/p>\n<p>2. Qualit\u00e9 constante des produits<br \/>\nL'automatisation garantit l'uniformit\u00e9 de la taille, de la forme et de l'\u00e9paisseur de chaque cracker. Le syst\u00e8me de remplissage pr\u00e9cis de la machine garantit que chaque sandwich cracker contient la quantit\u00e9 parfaite de garniture, ce qui permet d'obtenir un go\u00fbt et un aspect homog\u00e8nes.<\/p>\n<p>3. \u00c9conomies de main-d'\u0153uvre<br \/>\nEn automatisant le processus de production, la machine r\u00e9duit consid\u00e9rablement le besoin de main-d'\u0153uvre. Cela permet non seulement de r\u00e9duire les co\u00fbts de main-d'\u0153uvre, mais aussi de minimiser le risque d'erreur humaine, ce qui garantit une ligne de production plus fiable.<\/p>\n<p><img decoding=\"async\" class=\"alignnone size-full wp-image-4826\" src=\"https:\/\/www.biscuitsolution.com\/wp-content\/uploads\/2025\/02\/sandwich-crackers-machine.jpg\" alt=\"machine \u00e0 fabriquer des biscuits sandwiches\" width=\"800\" height=\"450\" srcset=\"https:\/\/www.biscuitsolution.com\/wp-content\/uploads\/2025\/02\/sandwich-crackers-machine.jpg 800w, https:\/\/www.biscuitsolution.com\/wp-content\/uploads\/2025\/02\/sandwich-crackers-machine-600x338.jpg 600w, https:\/\/www.biscuitsolution.com\/wp-content\/uploads\/2025\/02\/sandwich-crackers-machine-300x169.jpg 300w, https:\/\/www.biscuitsolution.com\/wp-content\/uploads\/2025\/02\/sandwich-crackers-machine-768x432.jpg 768w\" sizes=\"(max-width: 800px) 100vw, 800px\" \/><\/p>\n<p>4. La polyvalence<br \/>\nLa machine peut \u00eatre r\u00e9gl\u00e9e pour produire des crackers de diff\u00e9rentes formes et tailles. Elle prend \u00e9galement en charge diff\u00e9rents types de fourrage, ce qui vous permet de cr\u00e9er un produit diversifi\u00e9 qui r\u00e9pond aux diff\u00e9rentes pr\u00e9f\u00e9rences des consommateurs.<\/p>\n<p>5. Hygi\u00e8ne et s\u00e9curit\u00e9<br \/>\nToutes les pi\u00e8ces entrant en contact avec les aliments sont fabriqu\u00e9es \u00e0 partir de mat\u00e9riaux de qualit\u00e9 alimentaire, ce qui facilite le nettoyage et la d\u00e9sinfection. Cette conception r\u00e9pond aux normes strictes de s\u00e9curit\u00e9 alimentaire et assure un environnement de production hygi\u00e9nique.<\/p>\n<p>6. Efficacit\u00e9 \u00e9nerg\u00e9tique<br \/>\nLes machines modernes de fabrication de crackers sandwichs sont con\u00e7ues dans un souci d'efficacit\u00e9 \u00e9nerg\u00e9tique. Elles consomment moins d'\u00e9lectricit\u00e9 tout en conservant des performances optimales, ce qui vous aide \u00e0 r\u00e9duire les co\u00fbts d'exploitation et \u00e0 minimiser l'impact sur l'environnement.<\/p>\n<p><img loading=\"lazy\" decoding=\"async\" class=\"alignnone size-full wp-image-4827\" src=\"https:\/\/www.biscuitsolution.com\/wp-content\/uploads\/2025\/02\/sandwich-crackers-making-machine.jpg\" alt=\"machine \u00e0 fabriquer des biscuits sandwiches\" width=\"800\" height=\"450\" srcset=\"https:\/\/www.biscuitsolution.com\/wp-content\/uploads\/2025\/02\/sandwich-crackers-making-machine.jpg 800w, https:\/\/www.biscuitsolution.com\/wp-content\/uploads\/2025\/02\/sandwich-crackers-making-machine-600x338.jpg 600w, https:\/\/www.biscuitsolution.com\/wp-content\/uploads\/2025\/02\/sandwich-crackers-making-machine-300x169.jpg 300w, https:\/\/www.biscuitsolution.com\/wp-content\/uploads\/2025\/02\/sandwich-crackers-making-machine-768x432.jpg 768w\" sizes=\"(max-width: 800px) 100vw, 800px\" \/><\/p>\n<h2>Conclusion<\/h2>\n<p>La machine automatique \u00e0 fabriquer des biscuits sandwiches est un investissement rentable pour toute boulangerie ou fabricant de snacks souhaitant augmenter sa productivit\u00e9, am\u00e9liorer la qualit\u00e9 de ses produits et rester comp\u00e9titif sur le march\u00e9. Gr\u00e2ce \u00e0 ses caract\u00e9ristiques avanc\u00e9es, \u00e0 sa grande efficacit\u00e9 et \u00e0 sa flexibilit\u00e9, cette machine peut r\u00e9volutionner la fabrication des biscuits sandwiches.<\/p>\n<h2>Laissez un message pour obtenir un devis<\/h2>\n\n<div class=\"wpcf7 no-js\" id=\"wpcf7-f4619-o1\" lang=\"en-US\" dir=\"ltr\" data-wpcf7-id=\"4619\">\n<div class=\"screen-reader-response\"><p role=\"status\" aria-live=\"polite\" aria-atomic=\"true\"><\/p> <ul><\/ul><\/div>\n<form action=\"\/fr\/wp-json\/wp\/v2\/product\/4823#wpcf7-f4619-o1\" method=\"post\" class=\"wpcf7-form init\" aria-label=\"Formulaire de contact\" novalidate=\"novalidate\" data-status=\"init\" data-trp-original-action=\"\/fr\/wp-json\/wp\/v2\/product\/4823#wpcf7-f4619-o1\">\n<div style=\"display: none;\">\n<input type=\"hidden\" name=\"_wpcf7\" value=\"4619\" \/>\n<input type=\"hidden\" name=\"_wpcf7_version\" value=\"6.0.4\" \/>\n<input type=\"hidden\" name=\"_wpcf7_locale\" value=\"en_US\" \/>\n<input type=\"hidden\" name=\"_wpcf7_unit_tag\" value=\"wpcf7-f4619-o1\" \/>\n<input type=\"hidden\" name=\"_wpcf7_container_post\" value=\"0\" \/>\n<input type=\"hidden\" name=\"_wpcf7_posted_data_hash\" value=\"\" \/>\n<\/div>\n<p><label> Votre nom*<br \/>\n<span class=\"wpcf7-form-control-wrap\" data-name=\"your-name\"><input size=\"40\" maxlength=\"400\" class=\"wpcf7-form-control wpcf7-text wpcf7-validates-as-required\" aria-required=\"true\" aria-invalid=\"false\" value=\"\" type=\"text\" name=\"your-name\" \/><\/span> <\/label>\n<\/p>\n<p><label> Votre pays<br \/>\n<span class=\"wpcf7-form-control-wrap\" data-name=\"your-country\"><input size=\"40\" maxlength=\"400\" class=\"wpcf7-form-control wpcf7-text\" aria-invalid=\"false\" value=\"\" type=\"text\" name=\"your-country\" \/><\/span><\/label>\n<\/p>\n<p><label> Votre courriel*<br \/>\n<span class=\"wpcf7-form-control-wrap\" data-name=\"your-email\"><input size=\"40\" maxlength=\"400\" class=\"wpcf7-form-control wpcf7-email wpcf7-validates-as-required wpcf7-text wpcf7-validates-as-email\" aria-required=\"true\" aria-invalid=\"false\" value=\"\" type=\"email\" name=\"your-email\" \/><\/span> <\/label>\n<\/p>\n<p><label> Votre t\u00e9l\u00e9phone<br \/>\n<span class=\"wpcf7-form-control-wrap\" data-name=\"your-phone\"><input size=\"40\" maxlength=\"400\" class=\"wpcf7-form-control wpcf7-tel wpcf7-text wpcf7-validates-as-tel\" aria-invalid=\"false\" value=\"\" type=\"tel\" name=\"your-phone\" \/><\/span> <\/label>\n<\/p>\n<p><label> Nom de l'entreprise<br \/>\n<span class=\"wpcf7-form-control-wrap\" data-name=\"text-457\"><input size=\"40\" maxlength=\"400\" class=\"wpcf7-form-control wpcf7-text\" aria-invalid=\"false\" value=\"\" type=\"text\" name=\"text-457\" \/><\/span> <\/label>\n<\/p>\n<p><label> Le site web de votre entreprise<br \/>\n<span class=\"wpcf7-form-control-wrap\" data-name=\"text-546\"><input size=\"40\" maxlength=\"400\" class=\"wpcf7-form-control wpcf7-text\" aria-invalid=\"false\" value=\"\" type=\"text\" name=\"text-546\" \/><\/span> <\/label>\n<\/p>\n<p><label> Votre demande*<br \/>\n<span class=\"wpcf7-form-control-wrap\" data-name=\"your-message\"><textarea cols=\"40\" rows=\"10\" maxlength=\"2000\" class=\"wpcf7-form-control wpcf7-textarea wpcf7-validates-as-required\" aria-required=\"true\" aria-invalid=\"false\" name=\"your-message\"><\/textarea><\/span> <\/label>\n<\/p>\n<p><input class=\"wpcf7-form-control wpcf7-submit has-spinner\" type=\"submit\" value=\"Soumettre\" \/>\n<\/p><p style=\"display: none !important;\" class=\"akismet-fields-container\" data-prefix=\"_wpcf7_ak_\"><label>&#916;<textarea name=\"_wpcf7_ak_hp_textarea\" cols=\"45\" rows=\"8\" maxlength=\"100\"><\/textarea><\/label><input type=\"hidden\" id=\"ak_js_1\" name=\"_wpcf7_ak_js\" value=\"45\"\/><script>document.getElementById( \"ak_js_1\" ).setAttribute( \"value\", ( new Date() ).getTime() );<\/script><\/p><div class=\"wpcf7-response-output\" aria-hidden=\"true\"><\/div>\n<input type=\"hidden\" name=\"trp-form-language\" value=\"fr\"\/><\/form>\n<\/div>\n\n<p>&nbsp;<\/p>\n<div style='text-align:left' class='yasr-auto-insert-visitor'><\/div>","protected":false},"excerpt":{"rendered":"<p>Marque : GELGOOG<\/p>\n<p>Tension : 380V<\/p>\n<p>Sortie : 500-1200KG\/H<\/p>\n<p>Courriel : shanna@machinehall.com<\/p>\n<p>T\u00e9l\u00e9phone : +8618638676709<\/p>","protected":false},"featured_media":4828,"comment_status":"open","ping_status":"closed","template":"","meta":{"site-sidebar-layout":"default","site-content-layout":"","ast-site-content-layout":"default","site-content-style":"default","site-sidebar-style":"default","ast-global-header-display":"","ast-banner-title-visibility":"","ast-main-header-display":"","ast-hfb-above-header-display":"","ast-hfb-below-header-display":"","ast-hfb-mobile-header-display":"","site-post-title":"","ast-breadcrumbs-content":"","ast-featured-img":"","footer-sml-layout":"","theme-transparent-header-meta":"default","adv-header-id-meta":"","stick-header-meta":"","header-above-stick-meta":"","header-main-stick-meta":"","header-below-stick-meta":"","astra-migrate-meta-layouts":"set","ast-page-background-enabled":"default","ast-page-background-meta":{"desktop":{"background-color":"","background-image":"","background-repeat":"repeat","background-position":"center center","background-size":"auto","background-attachment":"scroll","background-type":"","background-media":"","overlay-type":"","overlay-color":"","overlay-opacity":"","overlay-gradient":""},"tablet":{"background-color":"","background-image":"","background-repeat":"repeat","background-position":"center center","background-size":"auto","background-attachment":"scroll","background-type":"","background-media":"","overlay-type":"","overlay-color":"","overlay-opacity":"","overlay-gradient":""},"mobile":{"background-color":"","background-image":"","background-repeat":"repeat","background-position":"center center","background-size":"auto","background-attachment":"scroll","background-type":"","background-media":"","overlay-type":"","overlay-color":"","overlay-opacity":"","overlay-gradient":""}},"ast-content-background-meta":{"desktop":{"background-color":"var(--ast-global-color-5)","background-image":"","background-repeat":"repeat","background-position":"center center","background-size":"auto","background-attachment":"scroll","background-type":"","background-media":"","overlay-type":"","overlay-color":"","overlay-opacity":"","overlay-gradient":""},"tablet":{"background-color":"var(--ast-global-color-5)","background-image":"","background-repeat":"repeat","background-position":"center center","background-size":"auto","background-attachment":"scroll","background-type":"","background-media":"","overlay-type":"","overlay-color":"","overlay-opacity":"","overlay-gradient":""},"mobile":{"background-color":"var(--ast-global-color-5)","background-image":"","background-repeat":"repeat","background-position":"center center","background-size":"auto","background-attachment":"scroll","background-type":"","background-media":"","overlay-type":"","overlay-color":"","overlay-opacity":"","overlay-gradient":""}},"yasr_overall_rating":0,"yasr_post_is_review":"","yasr_auto_insert_disabled":"","yasr_review_type":""},"product_brand":[],"product_cat":[22],"product_tag":[],"class_list":{"0":"post-4823","1":"product","2":"type-product","3":"status-publish","4":"has-post-thumbnail","6":"product_cat-hard-biscuit-production-line","7":"desktop-align-left","8":"tablet-align-left","9":"mobile-align-left","11":"first","12":"instock","13":"shipping-taxable","14":"product-type-simple"},"yoast_head":"<!-- This site is optimized with the Yoast SEO plugin v24.4 - https:\/\/yoast.com\/wordpress\/plugins\/seo\/ -->\n<title>Automatic Sandwich Cracker Making Machine High Capacity - Biscuit Production Solution Manufacturer<\/title>\n<meta name=\"description\" content=\"The automatic sandwich cracker making machine can process up to 1200 kg per hour and supports different filling types to meet the needs of the market.\" \/>\n<meta name=\"robots\" content=\"index, follow, max-snippet:-1, max-image-preview:large, max-video-preview:-1\" \/>\n<link rel=\"canonical\" href=\"https:\/\/www.biscuitsolution.com\/fr\/produit\/automatic-sandwich-cracker-making-machine-high-capacity\/\" \/>\n<meta property=\"og:locale\" content=\"fr_FR\" \/>\n<meta property=\"og:type\" content=\"article\" \/>\n<meta property=\"og:title\" content=\"Automatic Sandwich Cracker Making Machine High Capacity - Biscuit Production Solution Manufacturer\" \/>\n<meta property=\"og:description\" content=\"The automatic sandwich cracker making machine can process up to 1200 kg per hour and supports different filling types to meet the needs of the market.\" \/>\n<meta property=\"og:url\" content=\"https:\/\/www.biscuitsolution.com\/fr\/produit\/automatic-sandwich-cracker-making-machine-high-capacity\/\" \/>\n<meta property=\"og:site_name\" content=\"Biscuit Production Solution Manufacturer\" \/>\n<meta property=\"article:publisher\" content=\"https:\/\/www.facebook.com\/profile.php?id=100095205040823\" \/>\n<meta property=\"article:modified_time\" content=\"2025-03-14T23:32:45+00:00\" \/>\n<meta property=\"og:image\" content=\"https:\/\/www.biscuitsolution.com\/wp-content\/uploads\/2025\/02\/automatic-sandwich-cracker-making-machine.jpg\" \/>\n\t<meta property=\"og:image:width\" content=\"600\" \/>\n\t<meta property=\"og:image:height\" content=\"600\" \/>\n\t<meta property=\"og:image:type\" content=\"image\/jpeg\" \/>\n<meta name=\"twitter:card\" content=\"summary_large_image\" \/>\n<meta name=\"twitter:site\" content=\"@shanna_zha26342\" \/>\n<meta name=\"twitter:label1\" content=\"Dur\u00e9e de lecture estim\u00e9e\" \/>\n\t<meta name=\"twitter:data1\" content=\"3 minutes\" \/>\n<script type=\"application\/ld+json\" class=\"yoast-schema-graph\">{\"@context\":\"https:\/\/schema.org\",\"@graph\":[{\"@type\":\"WebPage\",\"@id\":\"https:\/\/www.biscuitsolution.com\/product\/automatic-sandwich-cracker-making-machine-high-capacity\/\",\"url\":\"https:\/\/www.biscuitsolution.com\/product\/automatic-sandwich-cracker-making-machine-high-capacity\/\",\"name\":\"Automatic Sandwich Cracker Making Machine High Capacity - Biscuit Production Solution Manufacturer\",\"isPartOf\":{\"@id\":\"https:\/\/www.biscuitsolution.com\/#website\"},\"primaryImageOfPage\":{\"@id\":\"https:\/\/www.biscuitsolution.com\/product\/automatic-sandwich-cracker-making-machine-high-capacity\/#primaryimage\"},\"image\":{\"@id\":\"https:\/\/www.biscuitsolution.com\/product\/automatic-sandwich-cracker-making-machine-high-capacity\/#primaryimage\"},\"thumbnailUrl\":\"https:\/\/www.biscuitsolution.com\/wp-content\/uploads\/2025\/02\/automatic-sandwich-cracker-making-machine.jpg\",\"datePublished\":\"2025-02-21T10:11:18+00:00\",\"dateModified\":\"2025-03-14T23:32:45+00:00\",\"description\":\"The automatic sandwich cracker making machine can process up to 1200 kg per hour and supports different filling types to meet the needs of the market.\",\"breadcrumb\":{\"@id\":\"https:\/\/www.biscuitsolution.com\/product\/automatic-sandwich-cracker-making-machine-high-capacity\/#breadcrumb\"},\"inLanguage\":\"fr-FR\",\"potentialAction\":[{\"@type\":\"ReadAction\",\"target\":[\"https:\/\/www.biscuitsolution.com\/product\/automatic-sandwich-cracker-making-machine-high-capacity\/\"]}]},{\"@type\":\"ImageObject\",\"inLanguage\":\"fr-FR\",\"@id\":\"https:\/\/www.biscuitsolution.com\/product\/automatic-sandwich-cracker-making-machine-high-capacity\/#primaryimage\",\"url\":\"https:\/\/www.biscuitsolution.com\/wp-content\/uploads\/2025\/02\/automatic-sandwich-cracker-making-machine.jpg\",\"contentUrl\":\"https:\/\/www.biscuitsolution.com\/wp-content\/uploads\/2025\/02\/automatic-sandwich-cracker-making-machine.jpg\",\"width\":600,\"height\":600},{\"@type\":\"BreadcrumbList\",\"@id\":\"https:\/\/www.biscuitsolution.com\/product\/automatic-sandwich-cracker-making-machine-high-capacity\/#breadcrumb\",\"itemListElement\":[{\"@type\":\"ListItem\",\"position\":1,\"name\":\"Home\",\"item\":\"https:\/\/www.biscuitsolution.com\/\"},{\"@type\":\"ListItem\",\"position\":2,\"name\":\"Product\",\"item\":\"https:\/\/www.biscuitsolution.com\/product\/\"},{\"@type\":\"ListItem\",\"position\":3,\"name\":\"Automatic Sandwich Cracker Making Machine High Capacity\"}]},{\"@type\":\"WebSite\",\"@id\":\"https:\/\/www.biscuitsolution.com\/#website\",\"url\":\"https:\/\/www.biscuitsolution.com\/\",\"name\":\"Biscuit Production Solution Manufacturer\",\"description\":\"\",\"potentialAction\":[{\"@type\":\"SearchAction\",\"target\":{\"@type\":\"EntryPoint\",\"urlTemplate\":\"https:\/\/www.biscuitsolution.com\/?s={search_term_string}\"},\"query-input\":{\"@type\":\"PropertyValueSpecification\",\"valueRequired\":true,\"valueName\":\"search_term_string\"}}],\"inLanguage\":\"fr-FR\"},false]}<\/script>\n<!-- \/ Yoast SEO plugin. -->","yoast_head_json":{"title":"Machine automatique \u00e0 fabriquer des biscuits sandwichs \u00e0 haute capacit\u00e9 - Biscuit Production Solution Manufacturer","description":"La machine automatique \u00e0 fabriquer des biscuits sandwichs peut traiter jusqu'\u00e0 1 200 kg par heure et prendre en charge diff\u00e9rents types de remplissage pour r\u00e9pondre aux besoins du march\u00e9.","robots":{"index":"index","follow":"follow","max-snippet":"max-snippet:-1","max-image-preview":"max-image-preview:large","max-video-preview":"max-video-preview:-1"},"canonical":"https:\/\/www.biscuitsolution.com\/fr\/produit\/automatic-sandwich-cracker-making-machine-high-capacity\/","og_locale":"fr_FR","og_type":"article","og_title":"Automatic Sandwich Cracker Making Machine High Capacity - Biscuit Production Solution Manufacturer","og_description":"The automatic sandwich cracker making machine can process up to 1200 kg per hour and supports different filling types to meet the needs of the market.","og_url":"https:\/\/www.biscuitsolution.com\/fr\/produit\/automatic-sandwich-cracker-making-machine-high-capacity\/","og_site_name":"Biscuit Production Solution Manufacturer","article_publisher":"https:\/\/www.facebook.com\/profile.php?id=100095205040823","article_modified_time":"2025-03-14T23:32:45+00:00","og_image":[{"width":600,"height":600,"url":"https:\/\/www.biscuitsolution.com\/wp-content\/uploads\/2025\/02\/automatic-sandwich-cracker-making-machine.jpg","type":"image\/jpeg"}],"twitter_card":"summary_large_image","twitter_site":"@shanna_zha26342","twitter_misc":{"Dur\u00e9e de lecture estim\u00e9e":"3 minutes"},"schema":{"@context":"https:\/\/schema.org","@graph":[{"@type":"WebPage","@id":"https:\/\/www.biscuitsolution.com\/product\/automatic-sandwich-cracker-making-machine-high-capacity\/","url":"https:\/\/www.biscuitsolution.com\/product\/automatic-sandwich-cracker-making-machine-high-capacity\/","name":"Machine automatique \u00e0 fabriquer des biscuits sandwichs \u00e0 haute capacit\u00e9 - Biscuit Production Solution Manufacturer","isPartOf":{"@id":"https:\/\/www.biscuitsolution.com\/#website"},"primaryImageOfPage":{"@id":"https:\/\/www.biscuitsolution.com\/product\/automatic-sandwich-cracker-making-machine-high-capacity\/#primaryimage"},"image":{"@id":"https:\/\/www.biscuitsolution.com\/product\/automatic-sandwich-cracker-making-machine-high-capacity\/#primaryimage"},"thumbnailUrl":"https:\/\/www.biscuitsolution.com\/wp-content\/uploads\/2025\/02\/automatic-sandwich-cracker-making-machine.jpg","datePublished":"2025-02-21T10:11:18+00:00","dateModified":"2025-03-14T23:32:45+00:00","description":"La machine automatique \u00e0 fabriquer des biscuits sandwichs peut traiter jusqu'\u00e0 1 200 kg par heure et prendre en charge diff\u00e9rents types de remplissage pour r\u00e9pondre aux besoins du march\u00e9.","breadcrumb":{"@id":"https:\/\/www.biscuitsolution.com\/product\/automatic-sandwich-cracker-making-machine-high-capacity\/#breadcrumb"},"inLanguage":"fr-FR","potentialAction":[{"@type":"ReadAction","target":["https:\/\/www.biscuitsolution.com\/product\/automatic-sandwich-cracker-making-machine-high-capacity\/"]}]},{"@type":"ImageObject","inLanguage":"fr-FR","@id":"https:\/\/www.biscuitsolution.com\/product\/automatic-sandwich-cracker-making-machine-high-capacity\/#primaryimage","url":"https:\/\/www.biscuitsolution.com\/wp-content\/uploads\/2025\/02\/automatic-sandwich-cracker-making-machine.jpg","contentUrl":"https:\/\/www.biscuitsolution.com\/wp-content\/uploads\/2025\/02\/automatic-sandwich-cracker-making-machine.jpg","width":600,"height":600},{"@type":"BreadcrumbList","@id":"https:\/\/www.biscuitsolution.com\/product\/automatic-sandwich-cracker-making-machine-high-capacity\/#breadcrumb","itemListElement":[{"@type":"ListItem","position":1,"name":"Home","item":"https:\/\/www.biscuitsolution.com\/"},{"@type":"ListItem","position":2,"name":"Product","item":"https:\/\/www.biscuitsolution.com\/product\/"},{"@type":"ListItem","position":3,"name":"Automatic Sandwich Cracker Making Machine High Capacity"}]},{"@type":"WebSite","@id":"https:\/\/www.biscuitsolution.com\/#website","url":"https:\/\/www.biscuitsolution.com\/","name":"Fabricant de solutions pour la production de biscuits","description":"","potentialAction":[{"@type":"SearchAction","target":{"@type":"EntryPoint","urlTemplate":"https:\/\/www.biscuitsolution.com\/?s={search_term_string}"},"query-input":{"@type":"PropertyValueSpecification","valueRequired":true,"valueName":"search_term_string"}}],"inLanguage":"fr-FR"},false]}},"yasr_visitor_votes":{"stars_attributes":{"read_only":false,"span_bottom":false},"number_of_votes":1,"sum_votes":5},"_links":{"self":[{"href":"https:\/\/www.biscuitsolution.com\/fr\/wp-json\/wp\/v2\/product\/4823","targetHints":{"allow":["GET"]}}],"collection":[{"href":"https:\/\/www.biscuitsolution.com\/fr\/wp-json\/wp\/v2\/product"}],"about":[{"href":"https:\/\/www.biscuitsolution.com\/fr\/wp-json\/wp\/v2\/types\/product"}],"replies":[{"embeddable":true,"href":"https:\/\/www.biscuitsolution.com\/fr\/wp-json\/wp\/v2\/comments?post=4823"}],"version-history":[{"count":1,"href":"https:\/\/www.biscuitsolution.com\/fr\/wp-json\/wp\/v2\/product\/4823\/revisions"}],"predecessor-version":[{"id":4829,"href":"https:\/\/www.biscuitsolution.com\/fr\/wp-json\/wp\/v2\/product\/4823\/revisions\/4829"}],"wp:featuredmedia":[{"embeddable":true,"href":"https:\/\/www.biscuitsolution.com\/fr\/wp-json\/wp\/v2\/media\/4828"}],"wp:attachment":[{"href":"https:\/\/www.biscuitsolution.com\/fr\/wp-json\/wp\/v2\/media?parent=4823"}],"wp:term":[{"taxonomy":"product_brand","embeddable":true,"href":"https:\/\/www.biscuitsolution.com\/fr\/wp-json\/wp\/v2\/product_brand?post=4823"},{"taxonomy":"product_cat","embeddable":true,"href":"https:\/\/www.biscuitsolution.com\/fr\/wp-json\/wp\/v2\/product_cat?post=4823"},{"taxonomy":"product_tag","embeddable":true,"href":"https:\/\/www.biscuitsolution.com\/fr\/wp-json\/wp\/v2\/product_tag?post=4823"}],"curies":[{"name":"wp","href":"https:\/\/api.w.org\/{rel}","templated":true}]}}