{"id":4807,"date":"2025-02-21T09:47:27","date_gmt":"2025-02-21T09:47:27","guid":{"rendered":"https:\/\/www.biscuitsolution.com\/?post_type=product&#038;p=4807"},"modified":"2025-02-25T01:40:12","modified_gmt":"2025-02-25T01:40:12","slug":"professional-automatic-cracker-making-machine-manufacturer","status":"publish","type":"product","link":"https:\/\/www.biscuitsolution.com\/fr\/produit\/professional-automatic-cracker-making-machine-manufacturer\/","title":{"rendered":"Fabricant professionnel de machines automatiques \u00e0 fabriquer des crackers"},"content":{"rendered":"<p>La machine automatique de fabrication de crackers est \u00e9quip\u00e9e d'une technologie d'automatisation de pointe. Du m\u00e9lange de la p\u00e2te \u00e0 la cuisson, en passant par le fa\u00e7onnage, chaque \u00e9tape est contr\u00f4l\u00e9e avec pr\u00e9cision.<\/p>\n<p><img fetchpriority=\"high\" decoding=\"async\" class=\"alignnone size-full wp-image-4808\" src=\"https:\/\/www.biscuitsolution.com\/wp-content\/uploads\/2025\/02\/automatic-crackers-making-machine.jpg\" alt=\"machine automatique de fabrication de craquelins\" width=\"800\" height=\"450\" srcset=\"https:\/\/www.biscuitsolution.com\/wp-content\/uploads\/2025\/02\/automatic-crackers-making-machine.jpg 800w, https:\/\/www.biscuitsolution.com\/wp-content\/uploads\/2025\/02\/automatic-crackers-making-machine-600x338.jpg 600w, https:\/\/www.biscuitsolution.com\/wp-content\/uploads\/2025\/02\/automatic-crackers-making-machine-300x169.jpg 300w, https:\/\/www.biscuitsolution.com\/wp-content\/uploads\/2025\/02\/automatic-crackers-making-machine-768x432.jpg 768w\" sizes=\"(max-width: 800px) 100vw, 800px\" \/><\/p>\n<p>Il peut produire de mani\u00e8re stable des biscuits aux sp\u00e9cifications uniformes et au go\u00fbt excellent selon le programme pr\u00e9d\u00e9fini, ce qui am\u00e9liore consid\u00e9rablement l'efficacit\u00e9 de la production, \u00e9conomise les co\u00fbts de main-d'\u0153uvre et garantit que chaque biscuit r\u00e9pond \u00e0 des normes de qualit\u00e9 \u00e9lev\u00e9es.<\/p>\n<h2>Pourquoi choisir notre machine automatique \u00e0 fabriquer des crackers<\/h2>\n<ul>\n<li>Super capacit\u00e9 et flexibilit\u00e9<br \/>\nPrise en charge d'une grande vari\u00e9t\u00e9 de types de produits : des biscuits soda aux biscuits sandwiches (type Oreo), en passant par les biscuits personnalis\u00e9s de forme sp\u00e9ciale, une seule machine peut faire plusieurs choses.<br \/>\nConception \u00e0 haut rendement : Certains mod\u00e8les peuvent atteindre une capacit\u00e9 de 80 \u00e0 1500 kg\/heure, r\u00e9pondant ainsi aux divers besoins des petites usines comme des grandes entreprises.<br \/>\nChangement rapide de moule : s'adapter \u00e0 diff\u00e9rentes formes (rondes, carr\u00e9es, rectangulaires) et \u00e9paisseurs (3-8 mm), changer de mode de production en toute transparence et r\u00e9duire les temps d'arr\u00eat.<\/li>\n<li>Technologie de pointe et contr\u00f4le intelligent<br \/>\nSyst\u00e8me PLC Siemens : contr\u00f4le enti\u00e8rement automatis\u00e9 du processus, r\u00e9glage pr\u00e9cis de la temp\u00e9rature, de la vitesse et de la quantit\u00e9 de remplissage, garantissant l'homog\u00e9n\u00e9it\u00e9 du produit7.<br \/>\nMat\u00e9riaux de qualit\u00e9 alimentaire : l'acier inoxydable et les roulements NSK sont utilis\u00e9s, conform\u00e9ment aux normes internationales de s\u00e9curit\u00e9 alimentaire (telles que les certifications ISO 9001, CE et SGS).<br \/>\nConception \u00e9conome en \u00e9nergie : prise en charge de l'entra\u00eenement multi-\u00e9nergie au gaz, \u00e0 l'\u00e9lectricit\u00e9 ou au diesel pour r\u00e9duire les co\u00fbts de consommation d'\u00e9nergie.<\/li>\n<\/ul>\n<p><img decoding=\"async\" class=\"alignnone size-full wp-image-4809\" src=\"https:\/\/www.biscuitsolution.com\/wp-content\/uploads\/2025\/02\/cracker-making-machine.jpg\" alt=\"machine automatique de fabrication de craquelins\" width=\"800\" height=\"450\" srcset=\"https:\/\/www.biscuitsolution.com\/wp-content\/uploads\/2025\/02\/cracker-making-machine.jpg 800w, https:\/\/www.biscuitsolution.com\/wp-content\/uploads\/2025\/02\/cracker-making-machine-600x338.jpg 600w, https:\/\/www.biscuitsolution.com\/wp-content\/uploads\/2025\/02\/cracker-making-machine-300x169.jpg 300w, https:\/\/www.biscuitsolution.com\/wp-content\/uploads\/2025\/02\/cracker-making-machine-768x432.jpg 768w\" sizes=\"(max-width: 800px) 100vw, 800px\" \/><\/p>\n<ul>\n<li>Solution compl\u00e8te<br \/>\nInt\u00e9gration du m\u00e9lange \u00e0 l'emballage : certains mod\u00e8les de machines automatiques \u00e0 craquelins int\u00e8grent des syst\u00e8mes automatiques de remplissage (cr\u00e8me, confiture, chocolat) et d'emballage afin de r\u00e9duire les interventions manuelles et d'am\u00e9liorer l'efficacit\u00e9.<br \/>\nConfiguration personnalis\u00e9e de la cha\u00eene de production : conception de l'agencement des \u00e9quipements en fonction de l'espace de l'usine du client et fourniture d'une assistance technique gratuite pour garantir une production rapide.<\/li>\n<li>Une garantie apr\u00e8s-vente mondialement reconnue<br \/>\nGarantie d'un an + service de maintenance \u00e0 vie : Une \u00e9quipe d'ing\u00e9nieurs professionnels est charg\u00e9e de l'installation, de la mise en service et de la formation \u00e0 l'utilisation de l'\u00e9quipement dans le monde entier, afin de garantir un fonctionnement stable et \u00e0 long terme de l'\u00e9quipement.<br \/>\nM\u00e9canisme de r\u00e9ponse rapide : En tant que fabricant de machines \u00e0 biscuits, nous fournissons une assistance technique en ligne 24 heures sur 24 et assurons un approvisionnement mondial en pi\u00e8ces d\u00e9tach\u00e9es afin de minimiser les pertes caus\u00e9es par les temps d'arr\u00eat de l'\u00e9quipement.<\/li>\n<\/ul>\n<p><img decoding=\"async\" class=\"alignnone size-full wp-image-4811\" src=\"https:\/\/www.biscuitsolution.com\/wp-content\/uploads\/2025\/02\/cracker-making-machines-manufacturer-1.jpg\" alt=\"fabricant de machines \u00e0 craquer\" width=\"800\" height=\"450\" srcset=\"https:\/\/www.biscuitsolution.com\/wp-content\/uploads\/2025\/02\/cracker-making-machines-manufacturer-1.jpg 800w, https:\/\/www.biscuitsolution.com\/wp-content\/uploads\/2025\/02\/cracker-making-machines-manufacturer-1-600x338.jpg 600w, https:\/\/www.biscuitsolution.com\/wp-content\/uploads\/2025\/02\/cracker-making-machines-manufacturer-1-300x169.jpg 300w, https:\/\/www.biscuitsolution.com\/wp-content\/uploads\/2025\/02\/cracker-making-machines-manufacturer-1-768x432.jpg 768w\" sizes=\"(max-width: 800px) 100vw, 800px\" \/><\/p>\n<h2>Cas de r\u00e9ussite : Cro\u00eetre ensemble avec des marques de renomm\u00e9e mondiale<\/h2>\n<p>Notre \u00e9quipement a servi des clients dans plus de 100 pays, y compris des marques internationales telles que les \u00c9tats-Unis et l'Inde. Que vous soyez une start-up ou une multinationale, nous pouvons vous fournir des solutions sur mesure.<\/p>\n<h2>Passez \u00e0 l'action d\u00e8s maintenant et commencez \u00e0 produire efficacement !<\/h2>\n<p>Que vous ayez besoin d'un mod\u00e8le standard ou d'une machine automatique de fabrication de craquelins hautement personnalis\u00e9e, nous pouvons r\u00e9pondre \u00e0 vos besoins avec une performance de co\u00fbt \u00e9lev\u00e9e. Laissez un message pour obtenir une consultation :<br \/>\nManuels d\u00e9taill\u00e9s des produits et param\u00e8tres techniques ;<br \/>\nVid\u00e9os de cas r\u00e9ussis et commentaires de clients ;<br \/>\nLaissez un message de consultation pour saisir l'opportunit\u00e9 du march\u00e9 !<\/p>\n<p><img loading=\"lazy\" decoding=\"async\" class=\"alignnone size-full wp-image-4812\" src=\"https:\/\/www.biscuitsolution.com\/wp-content\/uploads\/2025\/02\/cracker-making-machine-manufacturer.jpg\" alt=\"fabricant de machines \u00e0 craquer\" width=\"800\" height=\"450\" srcset=\"https:\/\/www.biscuitsolution.com\/wp-content\/uploads\/2025\/02\/cracker-making-machine-manufacturer.jpg 800w, https:\/\/www.biscuitsolution.com\/wp-content\/uploads\/2025\/02\/cracker-making-machine-manufacturer-600x338.jpg 600w, https:\/\/www.biscuitsolution.com\/wp-content\/uploads\/2025\/02\/cracker-making-machine-manufacturer-300x169.jpg 300w, https:\/\/www.biscuitsolution.com\/wp-content\/uploads\/2025\/02\/cracker-making-machine-manufacturer-768x432.jpg 768w\" sizes=\"(max-width: 800px) 100vw, 800px\" \/><\/p>\n<h2>Laissez un message pour obtenir un devis<\/h2>\n\n<div class=\"wpcf7 no-js\" id=\"wpcf7-f4619-o1\" lang=\"en-US\" dir=\"ltr\" data-wpcf7-id=\"4619\">\n<div class=\"screen-reader-response\"><p role=\"status\" aria-live=\"polite\" aria-atomic=\"true\"><\/p> <ul><\/ul><\/div>\n<form action=\"\/fr\/wp-json\/wp\/v2\/product\/4807#wpcf7-f4619-o1\" method=\"post\" class=\"wpcf7-form init\" aria-label=\"Formulaire de contact\" novalidate=\"novalidate\" data-status=\"init\" data-trp-original-action=\"\/fr\/wp-json\/wp\/v2\/product\/4807#wpcf7-f4619-o1\">\n<div style=\"display: none;\">\n<input type=\"hidden\" name=\"_wpcf7\" value=\"4619\" \/>\n<input type=\"hidden\" name=\"_wpcf7_version\" value=\"6.0.4\" \/>\n<input type=\"hidden\" name=\"_wpcf7_locale\" value=\"en_US\" \/>\n<input type=\"hidden\" name=\"_wpcf7_unit_tag\" value=\"wpcf7-f4619-o1\" \/>\n<input type=\"hidden\" name=\"_wpcf7_container_post\" value=\"0\" \/>\n<input type=\"hidden\" name=\"_wpcf7_posted_data_hash\" value=\"\" \/>\n<\/div>\n<p><label> Votre nom*<br \/>\n<span class=\"wpcf7-form-control-wrap\" data-name=\"your-name\"><input size=\"40\" maxlength=\"400\" class=\"wpcf7-form-control wpcf7-text wpcf7-validates-as-required\" aria-required=\"true\" aria-invalid=\"false\" value=\"\" type=\"text\" name=\"your-name\" \/><\/span> <\/label>\n<\/p>\n<p><label> Votre pays<br \/>\n<span class=\"wpcf7-form-control-wrap\" data-name=\"your-country\"><input size=\"40\" maxlength=\"400\" class=\"wpcf7-form-control wpcf7-text\" aria-invalid=\"false\" value=\"\" type=\"text\" name=\"your-country\" \/><\/span><\/label>\n<\/p>\n<p><label> Votre courriel*<br \/>\n<span class=\"wpcf7-form-control-wrap\" data-name=\"your-email\"><input size=\"40\" maxlength=\"400\" class=\"wpcf7-form-control wpcf7-email wpcf7-validates-as-required wpcf7-text wpcf7-validates-as-email\" aria-required=\"true\" aria-invalid=\"false\" value=\"\" type=\"email\" name=\"your-email\" \/><\/span> <\/label>\n<\/p>\n<p><label> Votre t\u00e9l\u00e9phone<br \/>\n<span class=\"wpcf7-form-control-wrap\" data-name=\"your-phone\"><input size=\"40\" maxlength=\"400\" class=\"wpcf7-form-control wpcf7-tel wpcf7-text wpcf7-validates-as-tel\" aria-invalid=\"false\" value=\"\" type=\"tel\" name=\"your-phone\" \/><\/span> <\/label>\n<\/p>\n<p><label> Nom de l'entreprise<br \/>\n<span class=\"wpcf7-form-control-wrap\" data-name=\"text-457\"><input size=\"40\" maxlength=\"400\" class=\"wpcf7-form-control wpcf7-text\" aria-invalid=\"false\" value=\"\" type=\"text\" name=\"text-457\" \/><\/span> <\/label>\n<\/p>\n<p><label> Le site web de votre entreprise<br \/>\n<span class=\"wpcf7-form-control-wrap\" data-name=\"text-546\"><input size=\"40\" maxlength=\"400\" class=\"wpcf7-form-control wpcf7-text\" aria-invalid=\"false\" value=\"\" type=\"text\" name=\"text-546\" \/><\/span> <\/label>\n<\/p>\n<p><label> Votre demande*<br \/>\n<span class=\"wpcf7-form-control-wrap\" data-name=\"your-message\"><textarea cols=\"40\" rows=\"10\" maxlength=\"2000\" class=\"wpcf7-form-control wpcf7-textarea wpcf7-validates-as-required\" aria-required=\"true\" aria-invalid=\"false\" name=\"your-message\"><\/textarea><\/span> <\/label>\n<\/p>\n<p><input class=\"wpcf7-form-control wpcf7-submit has-spinner\" type=\"submit\" value=\"Soumettre\" \/>\n<\/p><p style=\"display: none !important;\" class=\"akismet-fields-container\" data-prefix=\"_wpcf7_ak_\"><label>&#916;<textarea name=\"_wpcf7_ak_hp_textarea\" cols=\"45\" rows=\"8\" maxlength=\"100\"><\/textarea><\/label><input type=\"hidden\" id=\"ak_js_1\" name=\"_wpcf7_ak_js\" value=\"128\"\/><script>document.getElementById( \"ak_js_1\" ).setAttribute( \"value\", ( new Date() ).getTime() );<\/script><\/p><div class=\"wpcf7-response-output\" aria-hidden=\"true\"><\/div>\n<input type=\"hidden\" name=\"trp-form-language\" value=\"fr\"\/><\/form>\n<\/div>\n\n<div style='text-align:left' class='yasr-auto-insert-visitor'><\/div>","protected":false},"excerpt":{"rendered":"<p>Marque : GELGOOG<\/p>\n<p>Capacit\u00e9 : 100~1200kg\/h<\/p>\n<p>Courriel : shanna@machinehall.com<\/p>\n<p>T\u00e9l : +8618638676709<\/p>","protected":false},"featured_media":4813,"comment_status":"open","ping_status":"closed","template":"","meta":{"site-sidebar-layout":"default","site-content-layout":"","ast-site-content-layout":"default","site-content-style":"default","site-sidebar-style":"default","ast-global-header-display":"","ast-banner-title-visibility":"","ast-main-header-display":"","ast-hfb-above-header-display":"","ast-hfb-below-header-display":"","ast-hfb-mobile-header-display":"","site-post-title":"","ast-breadcrumbs-content":"","ast-featured-img":"","footer-sml-layout":"","theme-transparent-header-meta":"default","adv-header-id-meta":"","stick-header-meta":"","header-above-stick-meta":"","header-main-stick-meta":"","header-below-stick-meta":"","astra-migrate-meta-layouts":"set","ast-page-background-enabled":"default","ast-page-background-meta":{"desktop":{"background-color":"","background-image":"","background-repeat":"repeat","background-position":"center center","background-size":"auto","background-attachment":"scroll","background-type":"","background-media":"","overlay-type":"","overlay-color":"","overlay-opacity":"","overlay-gradient":""},"tablet":{"background-color":"","background-image":"","background-repeat":"repeat","background-position":"center center","background-size":"auto","background-attachment":"scroll","background-type":"","background-media":"","overlay-type":"","overlay-color":"","overlay-opacity":"","overlay-gradient":""},"mobile":{"background-color":"","background-image":"","background-repeat":"repeat","background-position":"center center","background-size":"auto","background-attachment":"scroll","background-type":"","background-media":"","overlay-type":"","overlay-color":"","overlay-opacity":"","overlay-gradient":""}},"ast-content-background-meta":{"desktop":{"background-color":"var(--ast-global-color-5)","background-image":"","background-repeat":"repeat","background-position":"center center","background-size":"auto","background-attachment":"scroll","background-type":"","background-media":"","overlay-type":"","overlay-color":"","overlay-opacity":"","overlay-gradient":""},"tablet":{"background-color":"var(--ast-global-color-5)","background-image":"","background-repeat":"repeat","background-position":"center center","background-size":"auto","background-attachment":"scroll","background-type":"","background-media":"","overlay-type":"","overlay-color":"","overlay-opacity":"","overlay-gradient":""},"mobile":{"background-color":"var(--ast-global-color-5)","background-image":"","background-repeat":"repeat","background-position":"center center","background-size":"auto","background-attachment":"scroll","background-type":"","background-media":"","overlay-type":"","overlay-color":"","overlay-opacity":"","overlay-gradient":""}},"yasr_overall_rating":0,"yasr_post_is_review":"","yasr_auto_insert_disabled":"","yasr_review_type":""},"product_brand":[],"product_cat":[22],"product_tag":[],"class_list":{"0":"post-4807","1":"product","2":"type-product","3":"status-publish","4":"has-post-thumbnail","6":"product_cat-hard-biscuit-production-line","7":"desktop-align-left","8":"tablet-align-left","9":"mobile-align-left","11":"first","12":"instock","13":"shipping-taxable","14":"product-type-simple"},"yoast_head":"<!-- This site is optimized with the Yoast SEO plugin v24.4 - https:\/\/yoast.com\/wordpress\/plugins\/seo\/ -->\n<title>Professional Automatic Cracker Making Machine Manufacturer - Biscuit Production Solution Manufacturer<\/title>\n<meta name=\"description\" content=\"Our automatic cracker making machine integrates the entire process from dough to baking, which can greatly improve efficiency and save labor costs.\" \/>\n<meta name=\"robots\" content=\"index, follow, max-snippet:-1, max-image-preview:large, max-video-preview:-1\" \/>\n<link rel=\"canonical\" href=\"https:\/\/www.biscuitsolution.com\/fr\/produit\/professional-automatic-cracker-making-machine-manufacturer\/\" \/>\n<meta property=\"og:locale\" content=\"fr_FR\" \/>\n<meta property=\"og:type\" content=\"article\" \/>\n<meta property=\"og:title\" content=\"Professional Automatic Cracker Making Machine Manufacturer - Biscuit Production Solution Manufacturer\" \/>\n<meta property=\"og:description\" content=\"Our automatic cracker making machine integrates the entire process from dough to baking, which can greatly improve efficiency and save labor costs.\" \/>\n<meta property=\"og:url\" content=\"https:\/\/www.biscuitsolution.com\/fr\/produit\/professional-automatic-cracker-making-machine-manufacturer\/\" \/>\n<meta property=\"og:site_name\" content=\"Biscuit Production Solution Manufacturer\" \/>\n<meta property=\"article:publisher\" content=\"https:\/\/www.facebook.com\/profile.php?id=100095205040823\" \/>\n<meta property=\"article:modified_time\" content=\"2025-02-25T01:40:12+00:00\" \/>\n<meta property=\"og:image\" content=\"https:\/\/www.biscuitsolution.com\/wp-content\/uploads\/2025\/02\/automatic-cracker-making-machine.jpg\" \/>\n\t<meta property=\"og:image:width\" content=\"600\" \/>\n\t<meta property=\"og:image:height\" content=\"600\" \/>\n\t<meta property=\"og:image:type\" content=\"image\/jpeg\" \/>\n<meta name=\"twitter:card\" content=\"summary_large_image\" \/>\n<meta name=\"twitter:site\" content=\"@shanna_zha26342\" \/>\n<meta name=\"twitter:label1\" content=\"Dur\u00e9e de lecture estim\u00e9e\" \/>\n\t<meta name=\"twitter:data1\" content=\"3 minutes\" \/>\n<script type=\"application\/ld+json\" class=\"yoast-schema-graph\">{\"@context\":\"https:\/\/schema.org\",\"@graph\":[{\"@type\":\"WebPage\",\"@id\":\"https:\/\/www.biscuitsolution.com\/product\/professional-automatic-cracker-making-machine-manufacturer\/\",\"url\":\"https:\/\/www.biscuitsolution.com\/product\/professional-automatic-cracker-making-machine-manufacturer\/\",\"name\":\"Professional Automatic Cracker Making Machine Manufacturer - Biscuit Production Solution Manufacturer\",\"isPartOf\":{\"@id\":\"https:\/\/www.biscuitsolution.com\/#website\"},\"primaryImageOfPage\":{\"@id\":\"https:\/\/www.biscuitsolution.com\/product\/professional-automatic-cracker-making-machine-manufacturer\/#primaryimage\"},\"image\":{\"@id\":\"https:\/\/www.biscuitsolution.com\/product\/professional-automatic-cracker-making-machine-manufacturer\/#primaryimage\"},\"thumbnailUrl\":\"https:\/\/www.biscuitsolution.com\/wp-content\/uploads\/2025\/02\/automatic-cracker-making-machine.jpg\",\"datePublished\":\"2025-02-21T09:47:27+00:00\",\"dateModified\":\"2025-02-25T01:40:12+00:00\",\"description\":\"Our automatic cracker making machine integrates the entire process from dough to baking, which can greatly improve efficiency and save labor costs.\",\"breadcrumb\":{\"@id\":\"https:\/\/www.biscuitsolution.com\/product\/professional-automatic-cracker-making-machine-manufacturer\/#breadcrumb\"},\"inLanguage\":\"fr-FR\",\"potentialAction\":[{\"@type\":\"ReadAction\",\"target\":[\"https:\/\/www.biscuitsolution.com\/product\/professional-automatic-cracker-making-machine-manufacturer\/\"]}]},{\"@type\":\"ImageObject\",\"inLanguage\":\"fr-FR\",\"@id\":\"https:\/\/www.biscuitsolution.com\/product\/professional-automatic-cracker-making-machine-manufacturer\/#primaryimage\",\"url\":\"https:\/\/www.biscuitsolution.com\/wp-content\/uploads\/2025\/02\/automatic-cracker-making-machine.jpg\",\"contentUrl\":\"https:\/\/www.biscuitsolution.com\/wp-content\/uploads\/2025\/02\/automatic-cracker-making-machine.jpg\",\"width\":600,\"height\":600,\"caption\":\"automatic cracker making machine\"},{\"@type\":\"BreadcrumbList\",\"@id\":\"https:\/\/www.biscuitsolution.com\/product\/professional-automatic-cracker-making-machine-manufacturer\/#breadcrumb\",\"itemListElement\":[{\"@type\":\"ListItem\",\"position\":1,\"name\":\"Home\",\"item\":\"https:\/\/www.biscuitsolution.com\/\"},{\"@type\":\"ListItem\",\"position\":2,\"name\":\"Product\",\"item\":\"https:\/\/www.biscuitsolution.com\/product\/\"},{\"@type\":\"ListItem\",\"position\":3,\"name\":\"Professional Automatic Cracker Making Machine Manufacturer\"}]},{\"@type\":\"WebSite\",\"@id\":\"https:\/\/www.biscuitsolution.com\/#website\",\"url\":\"https:\/\/www.biscuitsolution.com\/\",\"name\":\"Biscuit Production Solution Manufacturer\",\"description\":\"\",\"potentialAction\":[{\"@type\":\"SearchAction\",\"target\":{\"@type\":\"EntryPoint\",\"urlTemplate\":\"https:\/\/www.biscuitsolution.com\/?s={search_term_string}\"},\"query-input\":{\"@type\":\"PropertyValueSpecification\",\"valueRequired\":true,\"valueName\":\"search_term_string\"}}],\"inLanguage\":\"fr-FR\"},false]}<\/script>\n<!-- \/ Yoast SEO plugin. -->","yoast_head_json":{"title":"Fabricant professionnel de machines \u00e0 craquer automatiques - Biscuit Production Solution Manufacturer","description":"Notre machine automatique \u00e0 fabriquer des crackers int\u00e8gre l'ensemble du processus, de la p\u00e2te \u00e0 la cuisson, ce qui permet d'am\u00e9liorer consid\u00e9rablement l'efficacit\u00e9 et de r\u00e9duire les co\u00fbts de main-d'\u0153uvre.","robots":{"index":"index","follow":"follow","max-snippet":"max-snippet:-1","max-image-preview":"max-image-preview:large","max-video-preview":"max-video-preview:-1"},"canonical":"https:\/\/www.biscuitsolution.com\/fr\/produit\/professional-automatic-cracker-making-machine-manufacturer\/","og_locale":"fr_FR","og_type":"article","og_title":"Professional Automatic Cracker Making Machine Manufacturer - Biscuit Production Solution Manufacturer","og_description":"Our automatic cracker making machine integrates the entire process from dough to baking, which can greatly improve efficiency and save labor costs.","og_url":"https:\/\/www.biscuitsolution.com\/fr\/produit\/professional-automatic-cracker-making-machine-manufacturer\/","og_site_name":"Biscuit Production Solution Manufacturer","article_publisher":"https:\/\/www.facebook.com\/profile.php?id=100095205040823","article_modified_time":"2025-02-25T01:40:12+00:00","og_image":[{"width":600,"height":600,"url":"https:\/\/www.biscuitsolution.com\/wp-content\/uploads\/2025\/02\/automatic-cracker-making-machine.jpg","type":"image\/jpeg"}],"twitter_card":"summary_large_image","twitter_site":"@shanna_zha26342","twitter_misc":{"Dur\u00e9e de lecture estim\u00e9e":"3 minutes"},"schema":{"@context":"https:\/\/schema.org","@graph":[{"@type":"WebPage","@id":"https:\/\/www.biscuitsolution.com\/product\/professional-automatic-cracker-making-machine-manufacturer\/","url":"https:\/\/www.biscuitsolution.com\/product\/professional-automatic-cracker-making-machine-manufacturer\/","name":"Fabricant professionnel de machines \u00e0 craquer automatiques - Biscuit Production Solution Manufacturer","isPartOf":{"@id":"https:\/\/www.biscuitsolution.com\/#website"},"primaryImageOfPage":{"@id":"https:\/\/www.biscuitsolution.com\/product\/professional-automatic-cracker-making-machine-manufacturer\/#primaryimage"},"image":{"@id":"https:\/\/www.biscuitsolution.com\/product\/professional-automatic-cracker-making-machine-manufacturer\/#primaryimage"},"thumbnailUrl":"https:\/\/www.biscuitsolution.com\/wp-content\/uploads\/2025\/02\/automatic-cracker-making-machine.jpg","datePublished":"2025-02-21T09:47:27+00:00","dateModified":"2025-02-25T01:40:12+00:00","description":"Notre machine automatique \u00e0 fabriquer des crackers int\u00e8gre l'ensemble du processus, de la p\u00e2te \u00e0 la cuisson, ce qui permet d'am\u00e9liorer consid\u00e9rablement l'efficacit\u00e9 et de r\u00e9duire les co\u00fbts de main-d'\u0153uvre.","breadcrumb":{"@id":"https:\/\/www.biscuitsolution.com\/product\/professional-automatic-cracker-making-machine-manufacturer\/#breadcrumb"},"inLanguage":"fr-FR","potentialAction":[{"@type":"ReadAction","target":["https:\/\/www.biscuitsolution.com\/product\/professional-automatic-cracker-making-machine-manufacturer\/"]}]},{"@type":"ImageObject","inLanguage":"fr-FR","@id":"https:\/\/www.biscuitsolution.com\/product\/professional-automatic-cracker-making-machine-manufacturer\/#primaryimage","url":"https:\/\/www.biscuitsolution.com\/wp-content\/uploads\/2025\/02\/automatic-cracker-making-machine.jpg","contentUrl":"https:\/\/www.biscuitsolution.com\/wp-content\/uploads\/2025\/02\/automatic-cracker-making-machine.jpg","width":600,"height":600,"caption":"automatic cracker making machine"},{"@type":"BreadcrumbList","@id":"https:\/\/www.biscuitsolution.com\/product\/professional-automatic-cracker-making-machine-manufacturer\/#breadcrumb","itemListElement":[{"@type":"ListItem","position":1,"name":"Home","item":"https:\/\/www.biscuitsolution.com\/"},{"@type":"ListItem","position":2,"name":"Product","item":"https:\/\/www.biscuitsolution.com\/product\/"},{"@type":"ListItem","position":3,"name":"Professional Automatic Cracker Making Machine Manufacturer"}]},{"@type":"WebSite","@id":"https:\/\/www.biscuitsolution.com\/#website","url":"https:\/\/www.biscuitsolution.com\/","name":"Fabricant de solutions pour la production de biscuits","description":"","potentialAction":[{"@type":"SearchAction","target":{"@type":"EntryPoint","urlTemplate":"https:\/\/www.biscuitsolution.com\/?s={search_term_string}"},"query-input":{"@type":"PropertyValueSpecification","valueRequired":true,"valueName":"search_term_string"}}],"inLanguage":"fr-FR"},false]}},"yasr_visitor_votes":{"stars_attributes":{"read_only":false,"span_bottom":false},"number_of_votes":1,"sum_votes":5},"_links":{"self":[{"href":"https:\/\/www.biscuitsolution.com\/fr\/wp-json\/wp\/v2\/product\/4807","targetHints":{"allow":["GET"]}}],"collection":[{"href":"https:\/\/www.biscuitsolution.com\/fr\/wp-json\/wp\/v2\/product"}],"about":[{"href":"https:\/\/www.biscuitsolution.com\/fr\/wp-json\/wp\/v2\/types\/product"}],"replies":[{"embeddable":true,"href":"https:\/\/www.biscuitsolution.com\/fr\/wp-json\/wp\/v2\/comments?post=4807"}],"version-history":[{"count":1,"href":"https:\/\/www.biscuitsolution.com\/fr\/wp-json\/wp\/v2\/product\/4807\/revisions"}],"predecessor-version":[{"id":4814,"href":"https:\/\/www.biscuitsolution.com\/fr\/wp-json\/wp\/v2\/product\/4807\/revisions\/4814"}],"wp:featuredmedia":[{"embeddable":true,"href":"https:\/\/www.biscuitsolution.com\/fr\/wp-json\/wp\/v2\/media\/4813"}],"wp:attachment":[{"href":"https:\/\/www.biscuitsolution.com\/fr\/wp-json\/wp\/v2\/media?parent=4807"}],"wp:term":[{"taxonomy":"product_brand","embeddable":true,"href":"https:\/\/www.biscuitsolution.com\/fr\/wp-json\/wp\/v2\/product_brand?post=4807"},{"taxonomy":"product_cat","embeddable":true,"href":"https:\/\/www.biscuitsolution.com\/fr\/wp-json\/wp\/v2\/product_cat?post=4807"},{"taxonomy":"product_tag","embeddable":true,"href":"https:\/\/www.biscuitsolution.com\/fr\/wp-json\/wp\/v2\/product_tag?post=4807"}],"curies":[{"name":"wp","href":"https:\/\/api.w.org\/{rel}","templated":true}]}}