{"id":4788,"date":"2025-02-21T09:27:17","date_gmt":"2025-02-21T09:27:17","guid":{"rendered":"https:\/\/www.biscuitsolution.com\/?post_type=product&#038;p=4788"},"modified":"2025-09-16T16:15:27","modified_gmt":"2025-09-16T08:15:27","slug":"soda-cracker-production-line","status":"publish","type":"product","link":"https:\/\/www.biscuitsolution.com\/fr\/produit\/soda-cracker-production-line\/","title":{"rendered":"Solution de ligne de production enti\u00e8rement automatique de craquage de soude"},"content":{"rendered":"<p>Sur le march\u00e9 des en-cas sains, les biscuits soda sont tr\u00e8s appr\u00e9ci\u00e9s en raison de leur faible teneur en mati\u00e8res grasses et en sucre et de leur richesse en fibres.<\/p>\n<p>Notre <strong>ligne de production enti\u00e8rement automatique de craqueurs de soude<\/strong>Avec ses points forts que sont l'efficacit\u00e9, la flexibilit\u00e9 et l'hygi\u00e8ne, il est devenu la solution id\u00e9ale pour les entreprises de transformation alimentaire de toutes tailles afin de r\u00e9pondre \u00e0 leurs besoins de production.<\/p>\n<p><img fetchpriority=\"high\" decoding=\"async\" class=\"alignnone size-full wp-image-4789\" src=\"https:\/\/www.biscuitsolution.com\/wp-content\/uploads\/2025\/02\/soda-crackers-production-line.jpg\" alt=\"ligne de production de craqueurs de soude\" width=\"800\" height=\"450\" srcset=\"https:\/\/www.biscuitsolution.com\/wp-content\/uploads\/2025\/02\/soda-crackers-production-line.jpg 800w, https:\/\/www.biscuitsolution.com\/wp-content\/uploads\/2025\/02\/soda-crackers-production-line-600x338.jpg 600w, https:\/\/www.biscuitsolution.com\/wp-content\/uploads\/2025\/02\/soda-crackers-production-line-300x169.jpg 300w, https:\/\/www.biscuitsolution.com\/wp-content\/uploads\/2025\/02\/soda-crackers-production-line-768x432.jpg 768w\" sizes=\"(max-width: 800px) 100vw, 800px\" \/><\/p>\n<h2>\u00c9quipements et processus de base<\/h2>\n<p>La cha\u00eene de production comprend des \u00e9quipements d'automatisation de l'ensemble du processus, de la transformation des mati\u00e8res premi\u00e8res \u00e0 l'emballage des produits finis :<\/p>\n<ul>\n<li>Syst\u00e8me de m\u00e9lange intelligent : Un p\u00e9trin horizontal est utilis\u00e9 pour assurer un m\u00e9lange homog\u00e8ne de la farine, de l'eau et des mati\u00e8res auxiliaires afin d'am\u00e9liorer l'efficacit\u00e9 de la fermentation.<\/li>\n<li>Une feuille et une forme pr\u00e9cises : La machine \u00e0 feuille \u00e0 trois rouleaux presse la p\u00e2te en feuilles minces et uniformes, et est \u00e9quip\u00e9e d'une estampeuse ou d'une machine \u00e0 couper les rouleaux pour s'adapter avec souplesse \u00e0 une vari\u00e9t\u00e9 de formes de biscuits (carr\u00e9es et rondes, par exemple). Le moule est en acier inoxydable, r\u00e9sistant \u00e0 la corrosion et facile \u00e0 remplacer.<\/li>\n<li>Cuisson et refroidissement efficaces : Le four tunnel (chauffage \u00e9lectrique ou gaz) permet un contr\u00f4le pr\u00e9cis de la temp\u00e9rature et coop\u00e8re avec un tapis roulant de refroidissement multicouche pour garantir le go\u00fbt croustillant des biscuits.<\/li>\n<li>Emballage automatis\u00e9 : les machines d'emballage \u00e0 coussin ou verticales permettent d'emballer des produits de diff\u00e9rentes sp\u00e9cifications, et la technologie de scellage sous vide prolonge la dur\u00e9e de conservation et r\u00e9duit les risques d'oxydation.<\/li>\n<\/ul>\n<p><img decoding=\"async\" class=\"alignnone size-full wp-image-4790\" src=\"https:\/\/www.biscuitsolution.com\/wp-content\/uploads\/2025\/02\/soda-crackers-processing-line.jpg\" alt=\"ligne de traitement des craqueurs de soude\" width=\"800\" height=\"450\" srcset=\"https:\/\/www.biscuitsolution.com\/wp-content\/uploads\/2025\/02\/soda-crackers-processing-line.jpg 800w, https:\/\/www.biscuitsolution.com\/wp-content\/uploads\/2025\/02\/soda-crackers-processing-line-600x338.jpg 600w, https:\/\/www.biscuitsolution.com\/wp-content\/uploads\/2025\/02\/soda-crackers-processing-line-300x169.jpg 300w, https:\/\/www.biscuitsolution.com\/wp-content\/uploads\/2025\/02\/soda-crackers-processing-line-768x432.jpg 768w\" sizes=\"(max-width: 800px) 100vw, 800px\" \/><\/p>\n<h2>Principaux avantages du C<strong>racketteur<\/strong> Ligne de production<\/h2>\n<ol>\n<li>Am\u00e9lioration de l'efficacit\u00e9 : Le processus automatis\u00e9 permet une production continue, avec une capacit\u00e9 de production de 500 \u00e0 1200 kg\/h, et une r\u00e9duction de 30% des co\u00fbts de main-d'\u0153uvre.<\/li>\n<li>Personnalisation flexible : La conception modulaire permet d'\u00e9tendre l'\u00e9quipement, et des biscuits de saveurs (original, oignon, s\u00e9same) et de formes diff\u00e9rentes peuvent \u00eatre produits en rempla\u00e7ant les moules pour r\u00e9pondre aux divers besoins du march\u00e9.<\/li>\n<li>Hygi\u00e8ne et s\u00e9curit\u00e9 : L'ensemble de la cha\u00eene utilise de l'acier inoxydable SUS304 de qualit\u00e9 alimentaire, associ\u00e9 \u00e0 un environnement de production ferm\u00e9, conform\u00e9ment aux normes internationales de s\u00e9curit\u00e9 alimentaire.<\/li>\n<li>Qualit\u00e9 stable : Des processus normalis\u00e9s garantissent que le poids et l'\u00e9paisseur de chaque biscuit sont constants, ce qui contribue \u00e0 \u00e9tablir une image de marque.<\/li>\n<\/ol>\n<p><img decoding=\"async\" class=\"alignnone size-full wp-image-4791\" src=\"https:\/\/www.biscuitsolution.com\/wp-content\/uploads\/2025\/02\/soda-cracker-production-lines.jpg\" alt=\"ligne de production de craqueurs de soude\" width=\"800\" height=\"450\" srcset=\"https:\/\/www.biscuitsolution.com\/wp-content\/uploads\/2025\/02\/soda-cracker-production-lines.jpg 800w, https:\/\/www.biscuitsolution.com\/wp-content\/uploads\/2025\/02\/soda-cracker-production-lines-600x338.jpg 600w, https:\/\/www.biscuitsolution.com\/wp-content\/uploads\/2025\/02\/soda-cracker-production-lines-300x169.jpg 300w, https:\/\/www.biscuitsolution.com\/wp-content\/uploads\/2025\/02\/soda-cracker-production-lines-768x432.jpg 768w\" sizes=\"(max-width: 800px) 100vw, 800px\" \/><\/p>\n<h2>Sc\u00e9narios applicables et valeur pour le client<\/h2>\n<ul>\n<li>Startups et petites et moyennes entreprises : Vous pouvez choisir une ligne de production de taille moyenne de 500 \u00e0 800 kg\/h, avec un investissement flexible et une production rapide.<\/li>\n<li>Grands groupes d'aliments : configuration \u00e0 haute capacit\u00e9 de 1200 kg\/h, avec contr\u00f4le intelligent de la temp\u00e9rature et syst\u00e8mes de recyclage des d\u00e9chets pour r\u00e9duire les co\u00fbts globaux.<\/li>\n<li>Expansion diversifi\u00e9e du march\u00e9 : Soutenir le d\u00e9veloppement d'ar\u00f4mes sal\u00e9s, sucr\u00e9s et sp\u00e9ciaux (tels que les ar\u00f4mes riches en fibres et le s\u00e9same noir), en couvrant les supermarch\u00e9s, la restauration et les en-cas sains.<\/li>\n<\/ul>\n<p><img loading=\"lazy\" decoding=\"async\" class=\"alignnone size-full wp-image-4792\" src=\"https:\/\/www.biscuitsolution.com\/wp-content\/uploads\/2025\/02\/soda-cracker-processing-line.jpg\" alt=\"ligne de production de craqueurs de soude\" width=\"800\" height=\"450\" srcset=\"https:\/\/www.biscuitsolution.com\/wp-content\/uploads\/2025\/02\/soda-cracker-processing-line.jpg 800w, https:\/\/www.biscuitsolution.com\/wp-content\/uploads\/2025\/02\/soda-cracker-processing-line-600x338.jpg 600w, https:\/\/www.biscuitsolution.com\/wp-content\/uploads\/2025\/02\/soda-cracker-processing-line-300x169.jpg 300w, https:\/\/www.biscuitsolution.com\/wp-content\/uploads\/2025\/02\/soda-cracker-processing-line-768x432.jpg 768w\" sizes=\"(max-width: 800px) 100vw, 800px\" \/><\/p>\n<h2>Raisons de nous choisir<\/h2>\n<ul>\n<li>Garantie technique : Une \u00e9quipe d'ing\u00e9nieurs ayant 30 ans d'exp\u00e9rience dans l'industrie fournit un service complet, de l'installation des \u00e9quipements \u00e0 la formation aux proc\u00e9d\u00e9s.<\/li>\n<li>V\u00e9rification globale du cas : Les commentaires des clients montrent que la ligne de production a permis d'augmenter le volume des commandes de 350%, et que le taux de qualification des produits d\u00e9passe 99%.<\/li>\n<li>Assistance personnalis\u00e9e : Concevoir des solutions exclusives en fonction des besoins de l'entreprise et fournir une garantie d'un an sur les composants de base.<\/li>\n<\/ul>\n<div class=\"ast-oembed-container\" style=\"height: 100%;\"><iframe title=\"Ligne de production de craquage de soude \u00e0 tr\u00e8s haut rendement\" width=\"422\" height=\"750\" src=\"https:\/\/www.youtube.com\/embed\/A8jI8q9G_QE?feature=oembed\" frameborder=\"0\" allow=\"accelerometer; autoplay; clipboard-write; encrypted-media; gyroscope; picture-in-picture; web-share\" referrerpolicy=\"strict-origin-when-cross-origin\" allowfullscreen><\/iframe><\/div>\n<h2>Laissez un message pour obtenir un devis<\/h2>\n\n<div class=\"wpcf7 no-js\" id=\"wpcf7-f4619-o1\" lang=\"en-US\" dir=\"ltr\" data-wpcf7-id=\"4619\">\n<div class=\"screen-reader-response\"><p role=\"status\" aria-live=\"polite\" aria-atomic=\"true\"><\/p> <ul><\/ul><\/div>\n<form action=\"\/fr\/wp-json\/wp\/v2\/product\/4788#wpcf7-f4619-o1\" method=\"post\" class=\"wpcf7-form init\" aria-label=\"Formulaire de contact\" novalidate=\"novalidate\" data-status=\"init\" data-trp-original-action=\"\/fr\/wp-json\/wp\/v2\/product\/4788#wpcf7-f4619-o1\">\n<div style=\"display: none;\">\n<input type=\"hidden\" name=\"_wpcf7\" value=\"4619\" \/>\n<input type=\"hidden\" name=\"_wpcf7_version\" value=\"6.0.4\" \/>\n<input type=\"hidden\" name=\"_wpcf7_locale\" value=\"en_US\" \/>\n<input type=\"hidden\" name=\"_wpcf7_unit_tag\" value=\"wpcf7-f4619-o1\" \/>\n<input type=\"hidden\" name=\"_wpcf7_container_post\" value=\"0\" \/>\n<input type=\"hidden\" name=\"_wpcf7_posted_data_hash\" value=\"\" \/>\n<\/div>\n<p><label> Votre nom*<br \/>\n<span class=\"wpcf7-form-control-wrap\" data-name=\"your-name\"><input size=\"40\" maxlength=\"400\" class=\"wpcf7-form-control wpcf7-text wpcf7-validates-as-required\" aria-required=\"true\" aria-invalid=\"false\" value=\"\" type=\"text\" name=\"your-name\" \/><\/span> <\/label>\n<\/p>\n<p><label> Votre pays<br \/>\n<span class=\"wpcf7-form-control-wrap\" data-name=\"your-country\"><input size=\"40\" maxlength=\"400\" class=\"wpcf7-form-control wpcf7-text\" aria-invalid=\"false\" value=\"\" type=\"text\" name=\"your-country\" \/><\/span><\/label>\n<\/p>\n<p><label> Votre courriel*<br \/>\n<span class=\"wpcf7-form-control-wrap\" data-name=\"your-email\"><input size=\"40\" maxlength=\"400\" class=\"wpcf7-form-control wpcf7-email wpcf7-validates-as-required wpcf7-text wpcf7-validates-as-email\" aria-required=\"true\" aria-invalid=\"false\" value=\"\" type=\"email\" name=\"your-email\" \/><\/span> <\/label>\n<\/p>\n<p><label> Votre t\u00e9l\u00e9phone<br \/>\n<span class=\"wpcf7-form-control-wrap\" data-name=\"your-phone\"><input size=\"40\" maxlength=\"400\" class=\"wpcf7-form-control wpcf7-tel wpcf7-text wpcf7-validates-as-tel\" aria-invalid=\"false\" value=\"\" type=\"tel\" name=\"your-phone\" \/><\/span> <\/label>\n<\/p>\n<p><label> Nom de l'entreprise<br \/>\n<span class=\"wpcf7-form-control-wrap\" data-name=\"text-457\"><input size=\"40\" maxlength=\"400\" class=\"wpcf7-form-control wpcf7-text\" aria-invalid=\"false\" value=\"\" type=\"text\" name=\"text-457\" \/><\/span> <\/label>\n<\/p>\n<p><label> Le site web de votre entreprise<br \/>\n<span class=\"wpcf7-form-control-wrap\" data-name=\"text-546\"><input size=\"40\" maxlength=\"400\" class=\"wpcf7-form-control wpcf7-text\" aria-invalid=\"false\" value=\"\" type=\"text\" name=\"text-546\" \/><\/span> <\/label>\n<\/p>\n<p><label> Votre demande*<br \/>\n<span class=\"wpcf7-form-control-wrap\" data-name=\"your-message\"><textarea cols=\"40\" rows=\"10\" maxlength=\"2000\" class=\"wpcf7-form-control wpcf7-textarea wpcf7-validates-as-required\" aria-required=\"true\" aria-invalid=\"false\" name=\"your-message\"><\/textarea><\/span> <\/label>\n<\/p>\n<p><input class=\"wpcf7-form-control wpcf7-submit has-spinner\" type=\"submit\" value=\"Soumettre\" \/>\n<\/p><p style=\"display: none !important;\" class=\"akismet-fields-container\" data-prefix=\"_wpcf7_ak_\"><label>&#916;<textarea name=\"_wpcf7_ak_hp_textarea\" cols=\"45\" rows=\"8\" maxlength=\"100\"><\/textarea><\/label><input type=\"hidden\" id=\"ak_js_1\" name=\"_wpcf7_ak_js\" value=\"33\"\/><script>document.getElementById( \"ak_js_1\" ).setAttribute( \"value\", ( new Date() ).getTime() );<\/script><\/p><div class=\"wpcf7-response-output\" aria-hidden=\"true\"><\/div>\n<input type=\"hidden\" name=\"trp-form-language\" value=\"fr\"\/><\/form>\n<\/div>\n\n<p>&nbsp;<\/p>\n<div style='text-align:left' class='yasr-auto-insert-visitor'><\/div>","protected":false},"excerpt":{"rendered":"<p>Marque : GELGOOG<\/p>\n<p>Tension : 380V<\/p>\n<p>Sortie : 500-1200KG\/H<\/p>\n<p>Courriel : shanna@machinehall.com<\/p>\n<p>T\u00e9l\u00e9phone : +8618638676709<\/p>","protected":false},"featured_media":4793,"comment_status":"open","ping_status":"closed","template":"","meta":{"site-sidebar-layout":"default","site-content-layout":"","ast-site-content-layout":"default","site-content-style":"default","site-sidebar-style":"default","ast-global-header-display":"","ast-banner-title-visibility":"","ast-main-header-display":"","ast-hfb-above-header-display":"","ast-hfb-below-header-display":"","ast-hfb-mobile-header-display":"","site-post-title":"","ast-breadcrumbs-content":"","ast-featured-img":"","footer-sml-layout":"","theme-transparent-header-meta":"default","adv-header-id-meta":"","stick-header-meta":"","header-above-stick-meta":"","header-main-stick-meta":"","header-below-stick-meta":"","astra-migrate-meta-layouts":"set","ast-page-background-enabled":"default","ast-page-background-meta":{"desktop":{"background-color":"","background-image":"","background-repeat":"repeat","background-position":"center center","background-size":"auto","background-attachment":"scroll","background-type":"","background-media":"","overlay-type":"","overlay-color":"","overlay-opacity":"","overlay-gradient":""},"tablet":{"background-color":"","background-image":"","background-repeat":"repeat","background-position":"center center","background-size":"auto","background-attachment":"scroll","background-type":"","background-media":"","overlay-type":"","overlay-color":"","overlay-opacity":"","overlay-gradient":""},"mobile":{"background-color":"","background-image":"","background-repeat":"repeat","background-position":"center center","background-size":"auto","background-attachment":"scroll","background-type":"","background-media":"","overlay-type":"","overlay-color":"","overlay-opacity":"","overlay-gradient":""}},"ast-content-background-meta":{"desktop":{"background-color":"var(--ast-global-color-5)","background-image":"","background-repeat":"repeat","background-position":"center center","background-size":"auto","background-attachment":"scroll","background-type":"","background-media":"","overlay-type":"","overlay-color":"","overlay-opacity":"","overlay-gradient":""},"tablet":{"background-color":"var(--ast-global-color-5)","background-image":"","background-repeat":"repeat","background-position":"center center","background-size":"auto","background-attachment":"scroll","background-type":"","background-media":"","overlay-type":"","overlay-color":"","overlay-opacity":"","overlay-gradient":""},"mobile":{"background-color":"var(--ast-global-color-5)","background-image":"","background-repeat":"repeat","background-position":"center center","background-size":"auto","background-attachment":"scroll","background-type":"","background-media":"","overlay-type":"","overlay-color":"","overlay-opacity":"","overlay-gradient":""}},"yasr_overall_rating":4.9,"yasr_post_is_review":"","yasr_auto_insert_disabled":"","yasr_review_type":""},"product_brand":[],"product_cat":[22],"product_tag":[],"class_list":{"0":"post-4788","1":"product","2":"type-product","3":"status-publish","4":"has-post-thumbnail","6":"product_cat-hard-biscuit-production-line","7":"desktop-align-left","8":"tablet-align-left","9":"mobile-align-left","11":"first","12":"instock","13":"shipping-taxable","14":"product-type-simple"},"yoast_head":"<!-- This site is optimized with the Yoast SEO plugin v24.4 - https:\/\/yoast.com\/wordpress\/plugins\/seo\/ -->\n<title>Fully Automatic Soda Cracker Production Line Solution - Biscuit Production Solution Manufacturer<\/title>\n<meta name=\"description\" content=\"The soda cracker production line adopts advanced automation technology and can flexibly respond to meet the taste needs of different consumers.\" \/>\n<meta name=\"robots\" content=\"index, follow, max-snippet:-1, max-image-preview:large, max-video-preview:-1\" \/>\n<link rel=\"canonical\" href=\"https:\/\/www.biscuitsolution.com\/fr\/produit\/soda-cracker-production-line\/\" \/>\n<meta property=\"og:locale\" content=\"fr_FR\" \/>\n<meta property=\"og:type\" content=\"article\" \/>\n<meta property=\"og:title\" content=\"Fully Automatic Soda Cracker Production Line Solution - Biscuit Production Solution Manufacturer\" \/>\n<meta property=\"og:description\" content=\"The soda cracker production line adopts advanced automation technology and can flexibly respond to meet the taste needs of different consumers.\" \/>\n<meta property=\"og:url\" content=\"https:\/\/www.biscuitsolution.com\/fr\/produit\/soda-cracker-production-line\/\" \/>\n<meta property=\"og:site_name\" content=\"Biscuit Production Solution Manufacturer\" \/>\n<meta property=\"article:publisher\" content=\"https:\/\/www.facebook.com\/profile.php?id=100095205040823\" \/>\n<meta property=\"article:modified_time\" content=\"2025-09-16T08:15:27+00:00\" \/>\n<meta property=\"og:image\" content=\"https:\/\/www.biscuitsolution.com\/wp-content\/uploads\/2025\/02\/soda-cracker-production-line.jpg\" \/>\n\t<meta property=\"og:image:width\" content=\"600\" \/>\n\t<meta property=\"og:image:height\" content=\"600\" \/>\n\t<meta property=\"og:image:type\" content=\"image\/jpeg\" \/>\n<meta name=\"twitter:card\" content=\"summary_large_image\" \/>\n<meta name=\"twitter:site\" content=\"@shanna_zha26342\" \/>\n<meta name=\"twitter:label1\" content=\"Dur\u00e9e de lecture estim\u00e9e\" \/>\n\t<meta name=\"twitter:data1\" content=\"3 minutes\" \/>\n<script type=\"application\/ld+json\" class=\"yoast-schema-graph\">{\"@context\":\"https:\/\/schema.org\",\"@graph\":[{\"@type\":\"WebPage\",\"@id\":\"https:\/\/www.biscuitsolution.com\/product\/soda-cracker-production-line\/\",\"url\":\"https:\/\/www.biscuitsolution.com\/product\/soda-cracker-production-line\/\",\"name\":\"Fully Automatic Soda Cracker Production Line Solution - Biscuit Production Solution Manufacturer\",\"isPartOf\":{\"@id\":\"https:\/\/www.biscuitsolution.com\/#website\"},\"primaryImageOfPage\":{\"@id\":\"https:\/\/www.biscuitsolution.com\/product\/soda-cracker-production-line\/#primaryimage\"},\"image\":{\"@id\":\"https:\/\/www.biscuitsolution.com\/product\/soda-cracker-production-line\/#primaryimage\"},\"thumbnailUrl\":\"https:\/\/www.biscuitsolution.com\/wp-content\/uploads\/2025\/02\/soda-cracker-production-line.jpg\",\"datePublished\":\"2025-02-21T09:27:17+00:00\",\"dateModified\":\"2025-09-16T08:15:27+00:00\",\"description\":\"The soda cracker production line adopts advanced automation technology and can flexibly respond to meet the taste needs of different consumers.\",\"breadcrumb\":{\"@id\":\"https:\/\/www.biscuitsolution.com\/product\/soda-cracker-production-line\/#breadcrumb\"},\"inLanguage\":\"fr-FR\",\"potentialAction\":[{\"@type\":\"ReadAction\",\"target\":[\"https:\/\/www.biscuitsolution.com\/product\/soda-cracker-production-line\/\"]}]},{\"@type\":\"ImageObject\",\"inLanguage\":\"fr-FR\",\"@id\":\"https:\/\/www.biscuitsolution.com\/product\/soda-cracker-production-line\/#primaryimage\",\"url\":\"https:\/\/www.biscuitsolution.com\/wp-content\/uploads\/2025\/02\/soda-cracker-production-line.jpg\",\"contentUrl\":\"https:\/\/www.biscuitsolution.com\/wp-content\/uploads\/2025\/02\/soda-cracker-production-line.jpg\",\"width\":600,\"height\":600},{\"@type\":\"BreadcrumbList\",\"@id\":\"https:\/\/www.biscuitsolution.com\/product\/soda-cracker-production-line\/#breadcrumb\",\"itemListElement\":[{\"@type\":\"ListItem\",\"position\":1,\"name\":\"Home\",\"item\":\"https:\/\/www.biscuitsolution.com\/\"},{\"@type\":\"ListItem\",\"position\":2,\"name\":\"Product\",\"item\":\"https:\/\/www.biscuitsolution.com\/product\/\"},{\"@type\":\"ListItem\",\"position\":3,\"name\":\"Fully Automatic Soda Cracker Production Line Solution\"}]},{\"@type\":\"WebSite\",\"@id\":\"https:\/\/www.biscuitsolution.com\/#website\",\"url\":\"https:\/\/www.biscuitsolution.com\/\",\"name\":\"Biscuit Production Solution Manufacturer\",\"description\":\"\",\"potentialAction\":[{\"@type\":\"SearchAction\",\"target\":{\"@type\":\"EntryPoint\",\"urlTemplate\":\"https:\/\/www.biscuitsolution.com\/?s={search_term_string}\"},\"query-input\":{\"@type\":\"PropertyValueSpecification\",\"valueRequired\":true,\"valueName\":\"search_term_string\"}}],\"inLanguage\":\"fr-FR\"},false]}<\/script>\n<!-- \/ Yoast SEO plugin. -->","yoast_head_json":{"title":"Ligne de production de biscuits sod\u00e9s enti\u00e8rement automatique - Fabricant de solutions de production de biscuits","description":"La ligne de production de craqueurs de soda adopte une technologie d'automatisation avanc\u00e9e et peut r\u00e9pondre de mani\u00e8re flexible aux besoins gustatifs des diff\u00e9rents consommateurs.","robots":{"index":"index","follow":"follow","max-snippet":"max-snippet:-1","max-image-preview":"max-image-preview:large","max-video-preview":"max-video-preview:-1"},"canonical":"https:\/\/www.biscuitsolution.com\/fr\/produit\/soda-cracker-production-line\/","og_locale":"fr_FR","og_type":"article","og_title":"Fully Automatic Soda Cracker Production Line Solution - Biscuit Production Solution Manufacturer","og_description":"The soda cracker production line adopts advanced automation technology and can flexibly respond to meet the taste needs of different consumers.","og_url":"https:\/\/www.biscuitsolution.com\/fr\/produit\/soda-cracker-production-line\/","og_site_name":"Biscuit Production Solution Manufacturer","article_publisher":"https:\/\/www.facebook.com\/profile.php?id=100095205040823","article_modified_time":"2025-09-16T08:15:27+00:00","og_image":[{"width":600,"height":600,"url":"https:\/\/www.biscuitsolution.com\/wp-content\/uploads\/2025\/02\/soda-cracker-production-line.jpg","type":"image\/jpeg"}],"twitter_card":"summary_large_image","twitter_site":"@shanna_zha26342","twitter_misc":{"Dur\u00e9e de lecture estim\u00e9e":"3 minutes"},"schema":{"@context":"https:\/\/schema.org","@graph":[{"@type":"WebPage","@id":"https:\/\/www.biscuitsolution.com\/product\/soda-cracker-production-line\/","url":"https:\/\/www.biscuitsolution.com\/product\/soda-cracker-production-line\/","name":"Ligne de production de biscuits sod\u00e9s enti\u00e8rement automatique - Fabricant de solutions de production de biscuits","isPartOf":{"@id":"https:\/\/www.biscuitsolution.com\/#website"},"primaryImageOfPage":{"@id":"https:\/\/www.biscuitsolution.com\/product\/soda-cracker-production-line\/#primaryimage"},"image":{"@id":"https:\/\/www.biscuitsolution.com\/product\/soda-cracker-production-line\/#primaryimage"},"thumbnailUrl":"https:\/\/www.biscuitsolution.com\/wp-content\/uploads\/2025\/02\/soda-cracker-production-line.jpg","datePublished":"2025-02-21T09:27:17+00:00","dateModified":"2025-09-16T08:15:27+00:00","description":"La ligne de production de craqueurs de soda adopte une technologie d'automatisation avanc\u00e9e et peut r\u00e9pondre de mani\u00e8re flexible aux besoins gustatifs des diff\u00e9rents consommateurs.","breadcrumb":{"@id":"https:\/\/www.biscuitsolution.com\/product\/soda-cracker-production-line\/#breadcrumb"},"inLanguage":"fr-FR","potentialAction":[{"@type":"ReadAction","target":["https:\/\/www.biscuitsolution.com\/product\/soda-cracker-production-line\/"]}]},{"@type":"ImageObject","inLanguage":"fr-FR","@id":"https:\/\/www.biscuitsolution.com\/product\/soda-cracker-production-line\/#primaryimage","url":"https:\/\/www.biscuitsolution.com\/wp-content\/uploads\/2025\/02\/soda-cracker-production-line.jpg","contentUrl":"https:\/\/www.biscuitsolution.com\/wp-content\/uploads\/2025\/02\/soda-cracker-production-line.jpg","width":600,"height":600},{"@type":"BreadcrumbList","@id":"https:\/\/www.biscuitsolution.com\/product\/soda-cracker-production-line\/#breadcrumb","itemListElement":[{"@type":"ListItem","position":1,"name":"Home","item":"https:\/\/www.biscuitsolution.com\/"},{"@type":"ListItem","position":2,"name":"Product","item":"https:\/\/www.biscuitsolution.com\/product\/"},{"@type":"ListItem","position":3,"name":"Fully Automatic Soda Cracker Production Line Solution"}]},{"@type":"WebSite","@id":"https:\/\/www.biscuitsolution.com\/#website","url":"https:\/\/www.biscuitsolution.com\/","name":"Fabricant de solutions pour la production de biscuits","description":"","potentialAction":[{"@type":"SearchAction","target":{"@type":"EntryPoint","urlTemplate":"https:\/\/www.biscuitsolution.com\/?s={search_term_string}"},"query-input":{"@type":"PropertyValueSpecification","valueRequired":true,"valueName":"search_term_string"}}],"inLanguage":"fr-FR"},false]}},"yasr_visitor_votes":{"stars_attributes":{"read_only":false,"span_bottom":false},"number_of_votes":3,"sum_votes":15},"_links":{"self":[{"href":"https:\/\/www.biscuitsolution.com\/fr\/wp-json\/wp\/v2\/product\/4788","targetHints":{"allow":["GET"]}}],"collection":[{"href":"https:\/\/www.biscuitsolution.com\/fr\/wp-json\/wp\/v2\/product"}],"about":[{"href":"https:\/\/www.biscuitsolution.com\/fr\/wp-json\/wp\/v2\/types\/product"}],"replies":[{"embeddable":true,"href":"https:\/\/www.biscuitsolution.com\/fr\/wp-json\/wp\/v2\/comments?post=4788"}],"version-history":[{"count":3,"href":"https:\/\/www.biscuitsolution.com\/fr\/wp-json\/wp\/v2\/product\/4788\/revisions"}],"predecessor-version":[{"id":5785,"href":"https:\/\/www.biscuitsolution.com\/fr\/wp-json\/wp\/v2\/product\/4788\/revisions\/5785"}],"wp:featuredmedia":[{"embeddable":true,"href":"https:\/\/www.biscuitsolution.com\/fr\/wp-json\/wp\/v2\/media\/4793"}],"wp:attachment":[{"href":"https:\/\/www.biscuitsolution.com\/fr\/wp-json\/wp\/v2\/media?parent=4788"}],"wp:term":[{"taxonomy":"product_brand","embeddable":true,"href":"https:\/\/www.biscuitsolution.com\/fr\/wp-json\/wp\/v2\/product_brand?post=4788"},{"taxonomy":"product_cat","embeddable":true,"href":"https:\/\/www.biscuitsolution.com\/fr\/wp-json\/wp\/v2\/product_cat?post=4788"},{"taxonomy":"product_tag","embeddable":true,"href":"https:\/\/www.biscuitsolution.com\/fr\/wp-json\/wp\/v2\/product_tag?post=4788"}],"curies":[{"name":"wp","href":"https:\/\/api.w.org\/{rel}","templated":true}]}}