{"id":4775,"date":"2025-02-21T09:12:58","date_gmt":"2025-02-21T09:12:58","guid":{"rendered":"https:\/\/www.biscuitsolution.com\/?post_type=product&#038;p=4775"},"modified":"2025-02-21T09:19:32","modified_gmt":"2025-02-21T09:19:32","slug":"high-efficiency-automatic-sugar-cookie-making-machine-for-sale","status":"publish","type":"product","link":"https:\/\/www.biscuitsolution.com\/fr\/produit\/high-efficiency-automatic-sugar-cookie-making-machine-for-sale\/","title":{"rendered":"Machine automatique \u00e0 fabriquer des biscuits au sucre \u00e0 haut rendement pour la vente"},"content":{"rendered":"<p><strong>Machine de production de biscuits au sucre<\/strong> est un \u00e9quipement automatis\u00e9 con\u00e7u pour une production efficace et standardis\u00e9e de biscuits au sucre, int\u00e9grant les fonctions de m\u00e9lange des mati\u00e8res premi\u00e8res, de moulage, de cuisson et d'emballage.<\/p>\n<p><img fetchpriority=\"high\" decoding=\"async\" class=\"alignnone size-full wp-image-4776\" src=\"https:\/\/www.biscuitsolution.com\/wp-content\/uploads\/2025\/02\/sugar-cookie-making-machine.jpg\" alt=\"machine \u00e0 fabriquer des biscuits au sucre\" width=\"800\" height=\"450\" srcset=\"https:\/\/www.biscuitsolution.com\/wp-content\/uploads\/2025\/02\/sugar-cookie-making-machine.jpg 800w, https:\/\/www.biscuitsolution.com\/wp-content\/uploads\/2025\/02\/sugar-cookie-making-machine-600x338.jpg 600w, https:\/\/www.biscuitsolution.com\/wp-content\/uploads\/2025\/02\/sugar-cookie-making-machine-300x169.jpg 300w, https:\/\/www.biscuitsolution.com\/wp-content\/uploads\/2025\/02\/sugar-cookie-making-machine-768x432.jpg 768w\" sizes=\"(max-width: 800px) 100vw, 800px\" \/><\/p>\n<h2>Machine de production de biscuits au sucre Avantages principaux<\/h2>\n<ul>\n<li>Production enti\u00e8rement automatis\u00e9e<br \/>\nGr\u00e2ce \u00e0 l'adoption d'un syst\u00e8me de contr\u00f4le PLC avanc\u00e9, aucune intervention manuelle n'est n\u00e9cessaire depuis le m\u00e9lange des mati\u00e8res premi\u00e8res, le moulage jusqu'\u00e0 la cuisson et l'emballage, ce qui permet d'atteindre une capacit\u00e9 de production de 2 000 kg\/h de biscuits par heure et de r\u00e9duire consid\u00e9rablement les co\u00fbts de main-d'\u0153uvre.<\/li>\n<li>Flexibilit\u00e9 et diversification<br \/>\n\u00c9quip\u00e9 de moules rempla\u00e7ables, il peut rapidement passer d'une forme \u00e0 l'autre (c\u0153ur, \u00e9toile, th\u00e8me des f\u00eates) et d'une taille \u00e0 l'autre. Il est compatible avec une grande vari\u00e9t\u00e9 de recettes, y compris sans gluten, v\u00e9g\u00e9tariennes et autres besoins de sant\u00e9.<\/li>\n<\/ul>\n<p><img decoding=\"async\" class=\"alignnone size-full wp-image-4777\" src=\"https:\/\/www.biscuitsolution.com\/wp-content\/uploads\/2025\/02\/sugar-cookie-.jpg\" alt=\"machine \u00e0 fabriquer des biscuits au sucre\" width=\"800\" height=\"450\" srcset=\"https:\/\/www.biscuitsolution.com\/wp-content\/uploads\/2025\/02\/sugar-cookie-.jpg 800w, https:\/\/www.biscuitsolution.com\/wp-content\/uploads\/2025\/02\/sugar-cookie--600x338.jpg 600w, https:\/\/www.biscuitsolution.com\/wp-content\/uploads\/2025\/02\/sugar-cookie--300x169.jpg 300w, https:\/\/www.biscuitsolution.com\/wp-content\/uploads\/2025\/02\/sugar-cookie--768x432.jpg 768w\" sizes=\"(max-width: 800px) 100vw, 800px\" \/><\/p>\n<ul>\n<li>Contr\u00f4le de qualit\u00e9 pr\u00e9cis<br \/>\nSyst\u00e8me int\u00e9gr\u00e9 de surveillance en temps r\u00e9el, gr\u00e2ce \u00e0 des capteurs permettant de d\u00e9tecter l'\u00e9paisseur des biscuits, l'uniformit\u00e9 de la couleur, combin\u00e9 \u00e0 la gestion \u00e0 distance des donn\u00e9es de production, afin de garantir la stabilit\u00e9 de la qualit\u00e9 de chaque lot.<\/li>\n<li>\u00c9conomie d'\u00e9nergie et conception efficace<br \/>\nAdoptant des moteurs \u00e0 faible consommation d'\u00e9nergie et une technologie de r\u00e9cup\u00e9ration de la chaleur, il permet d'\u00e9conomiser 30% d'\u00e9lectricit\u00e9 par rapport aux \u00e9quipements traditionnels, ce qui convient aux besoins de production continue \u00e0 long terme.<\/li>\n<li>Sc\u00e9narios applicables et retour sur investissement<br \/>\nGrandes usines alimentaires : capacit\u00e9 de traitement des mati\u00e8res premi\u00e8res de 90 kg\/heure pour r\u00e9pondre aux besoins des commandes du march\u00e9 mondial.<br \/>\nBoulangeries de petite et moyenne taille : conception compacte (occupant une surface &lt;1,5\u33a1), favorisant un d\u00e9ploiement rapide et une expansion flexible.<\/li>\n<\/ul>\n<p><img decoding=\"async\" class=\"alignnone size-full wp-image-4778\" src=\"https:\/\/www.biscuitsolution.com\/wp-content\/uploads\/2025\/02\/sugar-cookie-making-machine-for-sale.jpg\" alt=\"Machine \u00e0 fabriquer des biscuits au sucre pour la vente\" width=\"800\" height=\"450\" srcset=\"https:\/\/www.biscuitsolution.com\/wp-content\/uploads\/2025\/02\/sugar-cookie-making-machine-for-sale.jpg 800w, https:\/\/www.biscuitsolution.com\/wp-content\/uploads\/2025\/02\/sugar-cookie-making-machine-for-sale-600x338.jpg 600w, https:\/\/www.biscuitsolution.com\/wp-content\/uploads\/2025\/02\/sugar-cookie-making-machine-for-sale-300x169.jpg 300w, https:\/\/www.biscuitsolution.com\/wp-content\/uploads\/2025\/02\/sugar-cookie-making-machine-for-sale-768x432.jpg 768w\" sizes=\"(max-width: 800px) 100vw, 800px\" \/><\/p>\n<h2>M\u00e9thode de s\u00e9lection de la machine \u00e0 fabriquer des biscuits au sucre pour la vente<\/h2>\n<ul>\n<li>Demande claire : demande de production et demande fonctionnelle. Selon les besoins de l'usine, la machine a diff\u00e9rents rendements et diff\u00e9rents prix. Certaines machines multifonctionnelles accomplissent automatiquement plusieurs t\u00e2ches, telles que la cuisson, le refroidissement et l'emballage, et disposent de fonctions plus riches.<\/li>\n<li>Effet de moulage : Observez si la forme des biscuits fabriqu\u00e9s par la machine est r\u00e9guli\u00e8re, si leur taille est uniforme et si leur surface est lisse. Vous pouvez consulter les \u00e9chantillons de la machine ou vous r\u00e9f\u00e9rer \u00e0 l'\u00e9valuation d'autres utilisateurs pour comprendre son effet de moulage.<\/li>\n<li>Qualit\u00e9 de la cuisson : Pour les appareils dot\u00e9s de fonctions de cuisson, il convient de v\u00e9rifier si le contr\u00f4le de la temp\u00e9rature est pr\u00e9cis et si la cuisson est uniforme. Si la cuisson n'est pas uniforme, certaines parties des biscuits seront br\u00fbl\u00e9es et d'autres insuffisamment cuites, ce qui en affectera le go\u00fbt et l'aspect.<\/li>\n<\/ul>\n<div class=\"ast-oembed-container\" style=\"height: 100%;\"><iframe title=\"Ligne de production de biscuits enti\u00e8rement automa\" width=\"500\" height=\"281\" src=\"https:\/\/www.youtube.com\/embed\/SpIe-aL2eWs?feature=oembed\" frameborder=\"0\" allow=\"accelerometer; autoplay; clipboard-write; encrypted-media; gyroscope; picture-in-picture; web-share\" referrerpolicy=\"strict-origin-when-cross-origin\" allowfullscreen><\/iframe><\/div>\n<ul>\n<li>Stabilit\u00e9 op\u00e9rationnelle : Il est essentiel de garantir des performances constantes et stables pour assurer une production continue et maintenir une qualit\u00e9 de produit uniforme. Il est essentiel d'\u00e9valuer les mat\u00e9riaux utilis\u00e9s, les processus de fabrication et la qualit\u00e9 des composants cl\u00e9s tels que les moteurs. Pour garantir une fiabilit\u00e9 \u00e0 long terme, il est essentiel d'opter pour des marques et des mod\u00e8les qui ont fait leurs preuves et qui jouissent d'une r\u00e9putation positive.<\/li>\n<li>Service apr\u00e8s-vente : Il est essentiel de comprendre le service apr\u00e8s-vente fourni par le fabricant ou le fournisseur. Il s'agit d'aspects cl\u00e9s tels que la dur\u00e9e de la garantie, la rapidit\u00e9 des r\u00e9parations et la disponibilit\u00e9 d'une assistance technique continue. Un service apr\u00e8s-vente efficace permet de r\u00e9soudre rapidement les probl\u00e8mes li\u00e9s aux machines, r\u00e9duisant ainsi les interruptions de production et les pertes.<\/li>\n<\/ul>\n<h2>Laissez un message pour obtenir un devis<\/h2>\n\n<div class=\"wpcf7 no-js\" id=\"wpcf7-f4619-o1\" lang=\"en-US\" dir=\"ltr\" data-wpcf7-id=\"4619\">\n<div class=\"screen-reader-response\"><p role=\"status\" aria-live=\"polite\" aria-atomic=\"true\"><\/p> <ul><\/ul><\/div>\n<form action=\"\/fr\/wp-json\/wp\/v2\/product\/4775#wpcf7-f4619-o1\" method=\"post\" class=\"wpcf7-form init\" aria-label=\"Formulaire de contact\" novalidate=\"novalidate\" data-status=\"init\" data-trp-original-action=\"\/fr\/wp-json\/wp\/v2\/product\/4775#wpcf7-f4619-o1\">\n<div style=\"display: none;\">\n<input type=\"hidden\" name=\"_wpcf7\" value=\"4619\" \/>\n<input type=\"hidden\" name=\"_wpcf7_version\" value=\"6.0.4\" \/>\n<input type=\"hidden\" name=\"_wpcf7_locale\" value=\"en_US\" \/>\n<input type=\"hidden\" name=\"_wpcf7_unit_tag\" value=\"wpcf7-f4619-o1\" \/>\n<input type=\"hidden\" name=\"_wpcf7_container_post\" value=\"0\" \/>\n<input type=\"hidden\" name=\"_wpcf7_posted_data_hash\" value=\"\" \/>\n<\/div>\n<p><label> Votre nom*<br \/>\n<span class=\"wpcf7-form-control-wrap\" data-name=\"your-name\"><input size=\"40\" maxlength=\"400\" class=\"wpcf7-form-control wpcf7-text wpcf7-validates-as-required\" aria-required=\"true\" aria-invalid=\"false\" value=\"\" type=\"text\" name=\"your-name\" \/><\/span> <\/label>\n<\/p>\n<p><label> Votre pays<br \/>\n<span class=\"wpcf7-form-control-wrap\" data-name=\"your-country\"><input size=\"40\" maxlength=\"400\" class=\"wpcf7-form-control wpcf7-text\" aria-invalid=\"false\" value=\"\" type=\"text\" name=\"your-country\" \/><\/span><\/label>\n<\/p>\n<p><label> Votre courriel*<br \/>\n<span class=\"wpcf7-form-control-wrap\" data-name=\"your-email\"><input size=\"40\" maxlength=\"400\" class=\"wpcf7-form-control wpcf7-email wpcf7-validates-as-required wpcf7-text wpcf7-validates-as-email\" aria-required=\"true\" aria-invalid=\"false\" value=\"\" type=\"email\" name=\"your-email\" \/><\/span> <\/label>\n<\/p>\n<p><label> Votre t\u00e9l\u00e9phone<br \/>\n<span class=\"wpcf7-form-control-wrap\" data-name=\"your-phone\"><input size=\"40\" maxlength=\"400\" class=\"wpcf7-form-control wpcf7-tel wpcf7-text wpcf7-validates-as-tel\" aria-invalid=\"false\" value=\"\" type=\"tel\" name=\"your-phone\" \/><\/span> <\/label>\n<\/p>\n<p><label> Nom de l'entreprise<br \/>\n<span class=\"wpcf7-form-control-wrap\" data-name=\"text-457\"><input size=\"40\" maxlength=\"400\" class=\"wpcf7-form-control wpcf7-text\" aria-invalid=\"false\" value=\"\" type=\"text\" name=\"text-457\" \/><\/span> <\/label>\n<\/p>\n<p><label> Le site web de votre entreprise<br \/>\n<span class=\"wpcf7-form-control-wrap\" data-name=\"text-546\"><input size=\"40\" maxlength=\"400\" class=\"wpcf7-form-control wpcf7-text\" aria-invalid=\"false\" value=\"\" type=\"text\" name=\"text-546\" \/><\/span> <\/label>\n<\/p>\n<p><label> Votre demande*<br \/>\n<span class=\"wpcf7-form-control-wrap\" data-name=\"your-message\"><textarea cols=\"40\" rows=\"10\" maxlength=\"2000\" class=\"wpcf7-form-control wpcf7-textarea wpcf7-validates-as-required\" aria-required=\"true\" aria-invalid=\"false\" name=\"your-message\"><\/textarea><\/span> <\/label>\n<\/p>\n<p><input class=\"wpcf7-form-control wpcf7-submit has-spinner\" type=\"submit\" value=\"Soumettre\" \/>\n<\/p><p style=\"display: none !important;\" class=\"akismet-fields-container\" data-prefix=\"_wpcf7_ak_\"><label>&#916;<textarea name=\"_wpcf7_ak_hp_textarea\" cols=\"45\" rows=\"8\" maxlength=\"100\"><\/textarea><\/label><input type=\"hidden\" id=\"ak_js_1\" name=\"_wpcf7_ak_js\" value=\"177\"\/><script>document.getElementById( \"ak_js_1\" ).setAttribute( \"value\", ( new Date() ).getTime() );<\/script><\/p><div class=\"wpcf7-response-output\" aria-hidden=\"true\"><\/div>\n<input type=\"hidden\" name=\"trp-form-language\" value=\"fr\"\/><\/form>\n<\/div>\n\n<div style='text-align:left' class='yasr-auto-insert-visitor'><\/div>","protected":false},"excerpt":{"rendered":"<p>Marque : GELGOOG<\/p>\n<p>Courriel : shanna@machinehall.com<\/p>\n<p>T\u00e9l : +8618638676709<\/p>\n<p>Capacit\u00e9 : 100-1200KG\/H<\/p>","protected":false},"featured_media":4779,"comment_status":"open","ping_status":"closed","template":"","meta":{"site-sidebar-layout":"default","site-content-layout":"","ast-site-content-layout":"default","site-content-style":"default","site-sidebar-style":"default","ast-global-header-display":"","ast-banner-title-visibility":"","ast-main-header-display":"","ast-hfb-above-header-display":"","ast-hfb-below-header-display":"","ast-hfb-mobile-header-display":"","site-post-title":"","ast-breadcrumbs-content":"","ast-featured-img":"","footer-sml-layout":"","theme-transparent-header-meta":"default","adv-header-id-meta":"","stick-header-meta":"","header-above-stick-meta":"","header-main-stick-meta":"","header-below-stick-meta":"","astra-migrate-meta-layouts":"set","ast-page-background-enabled":"default","ast-page-background-meta":{"desktop":{"background-color":"","background-image":"","background-repeat":"repeat","background-position":"center center","background-size":"auto","background-attachment":"scroll","background-type":"","background-media":"","overlay-type":"","overlay-color":"","overlay-opacity":"","overlay-gradient":""},"tablet":{"background-color":"","background-image":"","background-repeat":"repeat","background-position":"center center","background-size":"auto","background-attachment":"scroll","background-type":"","background-media":"","overlay-type":"","overlay-color":"","overlay-opacity":"","overlay-gradient":""},"mobile":{"background-color":"","background-image":"","background-repeat":"repeat","background-position":"center center","background-size":"auto","background-attachment":"scroll","background-type":"","background-media":"","overlay-type":"","overlay-color":"","overlay-opacity":"","overlay-gradient":""}},"ast-content-background-meta":{"desktop":{"background-color":"var(--ast-global-color-5)","background-image":"","background-repeat":"repeat","background-position":"center center","background-size":"auto","background-attachment":"scroll","background-type":"","background-media":"","overlay-type":"","overlay-color":"","overlay-opacity":"","overlay-gradient":""},"tablet":{"background-color":"var(--ast-global-color-5)","background-image":"","background-repeat":"repeat","background-position":"center center","background-size":"auto","background-attachment":"scroll","background-type":"","background-media":"","overlay-type":"","overlay-color":"","overlay-opacity":"","overlay-gradient":""},"mobile":{"background-color":"var(--ast-global-color-5)","background-image":"","background-repeat":"repeat","background-position":"center center","background-size":"auto","background-attachment":"scroll","background-type":"","background-media":"","overlay-type":"","overlay-color":"","overlay-opacity":"","overlay-gradient":""}},"yasr_overall_rating":0,"yasr_post_is_review":"","yasr_auto_insert_disabled":"","yasr_review_type":""},"product_brand":[],"product_cat":[24],"product_tag":[],"class_list":{"0":"post-4775","1":"product","2":"type-product","3":"status-publish","4":"has-post-thumbnail","6":"product_cat-cookie-production-line","7":"desktop-align-left","8":"tablet-align-left","9":"mobile-align-left","11":"first","12":"instock","13":"shipping-taxable","14":"product-type-simple"},"yoast_head":"<!-- This site is optimized with the Yoast SEO plugin v24.4 - https:\/\/yoast.com\/wordpress\/plugins\/seo\/ -->\n<title>High-Efficiency Automatic Sugar Cookie Making Machine for Sale - Biscuit Production Solution Manufacturer<\/title>\n<meta name=\"description\" content=\"Sugar cookie making machine is an automated equipment designed for standardized production of sugar cookies, integrating mixing, and baking functions.\" \/>\n<meta name=\"robots\" content=\"index, follow, max-snippet:-1, max-image-preview:large, max-video-preview:-1\" \/>\n<link rel=\"canonical\" href=\"https:\/\/www.biscuitsolution.com\/fr\/produit\/high-efficiency-automatic-sugar-cookie-making-machine-for-sale\/\" \/>\n<meta property=\"og:locale\" content=\"fr_FR\" \/>\n<meta property=\"og:type\" content=\"article\" \/>\n<meta property=\"og:title\" content=\"High-Efficiency Automatic Sugar Cookie Making Machine for Sale - Biscuit Production Solution Manufacturer\" \/>\n<meta property=\"og:description\" content=\"Sugar cookie making machine is an automated equipment designed for standardized production of sugar cookies, integrating mixing, and baking functions.\" \/>\n<meta property=\"og:url\" content=\"https:\/\/www.biscuitsolution.com\/fr\/produit\/high-efficiency-automatic-sugar-cookie-making-machine-for-sale\/\" \/>\n<meta property=\"og:site_name\" content=\"Biscuit Production Solution Manufacturer\" \/>\n<meta property=\"article:publisher\" content=\"https:\/\/www.facebook.com\/profile.php?id=100095205040823\" \/>\n<meta property=\"article:modified_time\" content=\"2025-02-21T09:19:32+00:00\" \/>\n<meta property=\"og:image\" content=\"https:\/\/www.biscuitsolution.com\/wp-content\/uploads\/2025\/02\/\u4e3b\u56fe-15.jpg\" \/>\n\t<meta property=\"og:image:width\" content=\"600\" \/>\n\t<meta property=\"og:image:height\" content=\"600\" \/>\n\t<meta property=\"og:image:type\" content=\"image\/jpeg\" \/>\n<meta name=\"twitter:card\" content=\"summary_large_image\" \/>\n<meta name=\"twitter:site\" content=\"@shanna_zha26342\" \/>\n<meta name=\"twitter:label1\" content=\"Dur\u00e9e de lecture estim\u00e9e\" \/>\n\t<meta name=\"twitter:data1\" content=\"3 minutes\" \/>\n<script type=\"application\/ld+json\" class=\"yoast-schema-graph\">{\"@context\":\"https:\/\/schema.org\",\"@graph\":[{\"@type\":\"WebPage\",\"@id\":\"https:\/\/www.biscuitsolution.com\/product\/high-efficiency-automatic-sugar-cookie-making-machine-for-sale\/\",\"url\":\"https:\/\/www.biscuitsolution.com\/product\/high-efficiency-automatic-sugar-cookie-making-machine-for-sale\/\",\"name\":\"High-Efficiency Automatic Sugar Cookie Making Machine for Sale - Biscuit Production Solution Manufacturer\",\"isPartOf\":{\"@id\":\"https:\/\/www.biscuitsolution.com\/#website\"},\"primaryImageOfPage\":{\"@id\":\"https:\/\/www.biscuitsolution.com\/product\/high-efficiency-automatic-sugar-cookie-making-machine-for-sale\/#primaryimage\"},\"image\":{\"@id\":\"https:\/\/www.biscuitsolution.com\/product\/high-efficiency-automatic-sugar-cookie-making-machine-for-sale\/#primaryimage\"},\"thumbnailUrl\":\"https:\/\/www.biscuitsolution.com\/wp-content\/uploads\/2025\/02\/\u4e3b\u56fe-15.jpg\",\"datePublished\":\"2025-02-21T09:12:58+00:00\",\"dateModified\":\"2025-02-21T09:19:32+00:00\",\"description\":\"Sugar cookie making machine is an automated equipment designed for standardized production of sugar cookies, integrating mixing, and baking functions.\",\"breadcrumb\":{\"@id\":\"https:\/\/www.biscuitsolution.com\/product\/high-efficiency-automatic-sugar-cookie-making-machine-for-sale\/#breadcrumb\"},\"inLanguage\":\"fr-FR\",\"potentialAction\":[{\"@type\":\"ReadAction\",\"target\":[\"https:\/\/www.biscuitsolution.com\/product\/high-efficiency-automatic-sugar-cookie-making-machine-for-sale\/\"]}]},{\"@type\":\"ImageObject\",\"inLanguage\":\"fr-FR\",\"@id\":\"https:\/\/www.biscuitsolution.com\/product\/high-efficiency-automatic-sugar-cookie-making-machine-for-sale\/#primaryimage\",\"url\":\"https:\/\/www.biscuitsolution.com\/wp-content\/uploads\/2025\/02\/\u4e3b\u56fe-15.jpg\",\"contentUrl\":\"https:\/\/www.biscuitsolution.com\/wp-content\/uploads\/2025\/02\/\u4e3b\u56fe-15.jpg\",\"width\":600,\"height\":600,\"caption\":\"sugar cookie making machine\"},{\"@type\":\"BreadcrumbList\",\"@id\":\"https:\/\/www.biscuitsolution.com\/product\/high-efficiency-automatic-sugar-cookie-making-machine-for-sale\/#breadcrumb\",\"itemListElement\":[{\"@type\":\"ListItem\",\"position\":1,\"name\":\"Home\",\"item\":\"https:\/\/www.biscuitsolution.com\/\"},{\"@type\":\"ListItem\",\"position\":2,\"name\":\"Product\",\"item\":\"https:\/\/www.biscuitsolution.com\/product\/\"},{\"@type\":\"ListItem\",\"position\":3,\"name\":\"High-Efficiency Automatic Sugar Cookie Making Machine for Sale\"}]},{\"@type\":\"WebSite\",\"@id\":\"https:\/\/www.biscuitsolution.com\/#website\",\"url\":\"https:\/\/www.biscuitsolution.com\/\",\"name\":\"Biscuit Production Solution Manufacturer\",\"description\":\"\",\"potentialAction\":[{\"@type\":\"SearchAction\",\"target\":{\"@type\":\"EntryPoint\",\"urlTemplate\":\"https:\/\/www.biscuitsolution.com\/?s={search_term_string}\"},\"query-input\":{\"@type\":\"PropertyValueSpecification\",\"valueRequired\":true,\"valueName\":\"search_term_string\"}}],\"inLanguage\":\"fr-FR\"},false]}<\/script>\n<!-- \/ Yoast SEO plugin. -->","yoast_head_json":{"title":"Machine automatique \u00e0 fabriquer des biscuits au sucre \u00e0 haut rendement - Biscuit Production Solution Manufacturer","description":"La machine \u00e0 fabriquer des biscuits au sucre est un \u00e9quipement automatis\u00e9 con\u00e7u pour la production standardis\u00e9e de biscuits au sucre, int\u00e9grant les fonctions de m\u00e9lange et de cuisson.","robots":{"index":"index","follow":"follow","max-snippet":"max-snippet:-1","max-image-preview":"max-image-preview:large","max-video-preview":"max-video-preview:-1"},"canonical":"https:\/\/www.biscuitsolution.com\/fr\/produit\/high-efficiency-automatic-sugar-cookie-making-machine-for-sale\/","og_locale":"fr_FR","og_type":"article","og_title":"High-Efficiency Automatic Sugar Cookie Making Machine for Sale - Biscuit Production Solution Manufacturer","og_description":"Sugar cookie making machine is an automated equipment designed for standardized production of sugar cookies, integrating mixing, and baking functions.","og_url":"https:\/\/www.biscuitsolution.com\/fr\/produit\/high-efficiency-automatic-sugar-cookie-making-machine-for-sale\/","og_site_name":"Biscuit Production Solution Manufacturer","article_publisher":"https:\/\/www.facebook.com\/profile.php?id=100095205040823","article_modified_time":"2025-02-21T09:19:32+00:00","og_image":[{"width":600,"height":600,"url":"https:\/\/www.biscuitsolution.com\/wp-content\/uploads\/2025\/02\/\u4e3b\u56fe-15.jpg","type":"image\/jpeg"}],"twitter_card":"summary_large_image","twitter_site":"@shanna_zha26342","twitter_misc":{"Dur\u00e9e de lecture estim\u00e9e":"3 minutes"},"schema":{"@context":"https:\/\/schema.org","@graph":[{"@type":"WebPage","@id":"https:\/\/www.biscuitsolution.com\/product\/high-efficiency-automatic-sugar-cookie-making-machine-for-sale\/","url":"https:\/\/www.biscuitsolution.com\/product\/high-efficiency-automatic-sugar-cookie-making-machine-for-sale\/","name":"Machine automatique \u00e0 fabriquer des biscuits au sucre \u00e0 haut rendement - Biscuit Production Solution Manufacturer","isPartOf":{"@id":"https:\/\/www.biscuitsolution.com\/#website"},"primaryImageOfPage":{"@id":"https:\/\/www.biscuitsolution.com\/product\/high-efficiency-automatic-sugar-cookie-making-machine-for-sale\/#primaryimage"},"image":{"@id":"https:\/\/www.biscuitsolution.com\/product\/high-efficiency-automatic-sugar-cookie-making-machine-for-sale\/#primaryimage"},"thumbnailUrl":"https:\/\/www.biscuitsolution.com\/wp-content\/uploads\/2025\/02\/\u4e3b\u56fe-15.jpg","datePublished":"2025-02-21T09:12:58+00:00","dateModified":"2025-02-21T09:19:32+00:00","description":"La machine \u00e0 fabriquer des biscuits au sucre est un \u00e9quipement automatis\u00e9 con\u00e7u pour la production standardis\u00e9e de biscuits au sucre, int\u00e9grant les fonctions de m\u00e9lange et de cuisson.","breadcrumb":{"@id":"https:\/\/www.biscuitsolution.com\/product\/high-efficiency-automatic-sugar-cookie-making-machine-for-sale\/#breadcrumb"},"inLanguage":"fr-FR","potentialAction":[{"@type":"ReadAction","target":["https:\/\/www.biscuitsolution.com\/product\/high-efficiency-automatic-sugar-cookie-making-machine-for-sale\/"]}]},{"@type":"ImageObject","inLanguage":"fr-FR","@id":"https:\/\/www.biscuitsolution.com\/product\/high-efficiency-automatic-sugar-cookie-making-machine-for-sale\/#primaryimage","url":"https:\/\/www.biscuitsolution.com\/wp-content\/uploads\/2025\/02\/\u4e3b\u56fe-15.jpg","contentUrl":"https:\/\/www.biscuitsolution.com\/wp-content\/uploads\/2025\/02\/\u4e3b\u56fe-15.jpg","width":600,"height":600,"caption":"sugar cookie making machine"},{"@type":"BreadcrumbList","@id":"https:\/\/www.biscuitsolution.com\/product\/high-efficiency-automatic-sugar-cookie-making-machine-for-sale\/#breadcrumb","itemListElement":[{"@type":"ListItem","position":1,"name":"Home","item":"https:\/\/www.biscuitsolution.com\/"},{"@type":"ListItem","position":2,"name":"Product","item":"https:\/\/www.biscuitsolution.com\/product\/"},{"@type":"ListItem","position":3,"name":"High-Efficiency Automatic Sugar Cookie Making Machine for Sale"}]},{"@type":"WebSite","@id":"https:\/\/www.biscuitsolution.com\/#website","url":"https:\/\/www.biscuitsolution.com\/","name":"Fabricant de solutions pour la production de biscuits","description":"","potentialAction":[{"@type":"SearchAction","target":{"@type":"EntryPoint","urlTemplate":"https:\/\/www.biscuitsolution.com\/?s={search_term_string}"},"query-input":{"@type":"PropertyValueSpecification","valueRequired":true,"valueName":"search_term_string"}}],"inLanguage":"fr-FR"},false]}},"yasr_visitor_votes":{"stars_attributes":{"read_only":false,"span_bottom":false},"number_of_votes":0,"sum_votes":0},"_links":{"self":[{"href":"https:\/\/www.biscuitsolution.com\/fr\/wp-json\/wp\/v2\/product\/4775","targetHints":{"allow":["GET"]}}],"collection":[{"href":"https:\/\/www.biscuitsolution.com\/fr\/wp-json\/wp\/v2\/product"}],"about":[{"href":"https:\/\/www.biscuitsolution.com\/fr\/wp-json\/wp\/v2\/types\/product"}],"replies":[{"embeddable":true,"href":"https:\/\/www.biscuitsolution.com\/fr\/wp-json\/wp\/v2\/comments?post=4775"}],"version-history":[{"count":2,"href":"https:\/\/www.biscuitsolution.com\/fr\/wp-json\/wp\/v2\/product\/4775\/revisions"}],"predecessor-version":[{"id":4781,"href":"https:\/\/www.biscuitsolution.com\/fr\/wp-json\/wp\/v2\/product\/4775\/revisions\/4781"}],"wp:featuredmedia":[{"embeddable":true,"href":"https:\/\/www.biscuitsolution.com\/fr\/wp-json\/wp\/v2\/media\/4779"}],"wp:attachment":[{"href":"https:\/\/www.biscuitsolution.com\/fr\/wp-json\/wp\/v2\/media?parent=4775"}],"wp:term":[{"taxonomy":"product_brand","embeddable":true,"href":"https:\/\/www.biscuitsolution.com\/fr\/wp-json\/wp\/v2\/product_brand?post=4775"},{"taxonomy":"product_cat","embeddable":true,"href":"https:\/\/www.biscuitsolution.com\/fr\/wp-json\/wp\/v2\/product_cat?post=4775"},{"taxonomy":"product_tag","embeddable":true,"href":"https:\/\/www.biscuitsolution.com\/fr\/wp-json\/wp\/v2\/product_tag?post=4775"}],"curies":[{"name":"wp","href":"https:\/\/api.w.org\/{rel}","templated":true}]}}