{"id":4769,"date":"2025-02-21T09:06:16","date_gmt":"2025-02-21T09:06:16","guid":{"rendered":"https:\/\/www.biscuitsolution.com\/?post_type=product&#038;p=4769"},"modified":"2025-02-21T09:06:16","modified_gmt":"2025-02-21T09:06:16","slug":"complete-automatic-cookie-production-line-high-efficiency","status":"publish","type":"product","link":"https:\/\/www.biscuitsolution.com\/fr\/produit\/complete-automatic-cookie-production-line-high-efficiency\/","title":{"rendered":"Ligne de production enti\u00e8rement automatique de biscuits au chocolat"},"content":{"rendered":"<h2>Ligne de production de biscuits au chocolat<\/h2>\n<ol>\n<li>Il int\u00e8gre plusieurs maillons de la production, de la transformation des mati\u00e8res premi\u00e8res \u00e0 l'emballage final, r\u00e9duit les interventions manuelles et am\u00e9liore l'efficacit\u00e9 de la production et la stabilit\u00e9 de la qualit\u00e9 des produits.<\/li>\n<li>La ligne de production est g\u00e9n\u00e9ralement compos\u00e9e d'un syst\u00e8me de m\u00e9lange de la p\u00e2te, d'un syst\u00e8me de moulage, d'un syst\u00e8me de cuisson, d'un syst\u00e8me de refroidissement, d'un syst\u00e8me de pulv\u00e9risation d'huile et de sucre, d'un syst\u00e8me d'emballage, etc.<\/li>\n<\/ol>\n<p><img fetchpriority=\"high\" decoding=\"async\" class=\"alignnone size-full wp-image-4770\" src=\"https:\/\/www.biscuitsolution.com\/wp-content\/uploads\/2025\/02\/cookie-production-line.jpg\" alt=\"ligne de production automatique de biscuits\" width=\"800\" height=\"450\" srcset=\"https:\/\/www.biscuitsolution.com\/wp-content\/uploads\/2025\/02\/cookie-production-line.jpg 800w, https:\/\/www.biscuitsolution.com\/wp-content\/uploads\/2025\/02\/cookie-production-line-600x338.jpg 600w, https:\/\/www.biscuitsolution.com\/wp-content\/uploads\/2025\/02\/cookie-production-line-300x169.jpg 300w, https:\/\/www.biscuitsolution.com\/wp-content\/uploads\/2025\/02\/cookie-production-line-768x432.jpg 768w\" sizes=\"(max-width: 800px) 100vw, 800px\" \/><\/p>\n<h2>Fonctions de base de la ligne de production de biscuits mous<\/h2>\n<ol>\n<li>Fonction de m\u00e9lange de la p\u00e2te : Apr\u00e8s avoir pes\u00e9 les mati\u00e8res premi\u00e8res conform\u00e9ment \u00e0 la formule, elles sont introduites dans la cuve de m\u00e9lange pour \u00eatre enti\u00e8rement m\u00e9lang\u00e9es. Gr\u00e2ce au m\u00e9lange, les diff\u00e9rentes mati\u00e8res premi\u00e8res sont m\u00e9lang\u00e9es uniform\u00e9ment pour former une p\u00e2te de consistance et de texture appropri\u00e9es. R\u00e9gler la vitesse et le temps de m\u00e9lange en fonction des exigences des diff\u00e9rents biscuits.<\/li>\n<li>Fonction de moulage : Diverses m\u00e9thodes de moulage peuvent \u00eatre utilis\u00e9es, telles que le moulage par estampage, le moulage par extrusion, le moulage par impression au rouleau, etc.<\/li>\n<li>Fonction de cuisson : Les biscuits form\u00e9s sont transport\u00e9s vers le four pour y \u00eatre cuits. Le four adopte g\u00e9n\u00e9ralement des m\u00e9thodes de chauffage telles que l'\u00e9lectricit\u00e9, le gaz ou la vapeur, ce qui permet de contr\u00f4ler avec pr\u00e9cision la temp\u00e9rature, l'humidit\u00e9 et le temps de cuisson dans le four.<\/li>\n<li>Fonction de pulv\u00e9risation d'huile et de saupoudrage de sucre : Selon les besoins des diff\u00e9rents biscuits, la ligne de production peut \u00eatre \u00e9quip\u00e9e de dispositifs de pulv\u00e9risation d'huile et de saupoudrage de sucre.<\/li>\n<li>Fonction d'emballage : Les biscuits refroidis sont transport\u00e9s vers le syst\u00e8me d'emballage pour \u00eatre conditionn\u00e9s.<\/li>\n<\/ol>\n<p><img decoding=\"async\" class=\"alignnone size-full wp-image-4771\" src=\"https:\/\/www.biscuitsolution.com\/wp-content\/uploads\/2025\/02\/automatic-cookie-line-.jpg\" alt=\"ligne de production de biscuits\" width=\"800\" height=\"450\" srcset=\"https:\/\/www.biscuitsolution.com\/wp-content\/uploads\/2025\/02\/automatic-cookie-line-.jpg 800w, https:\/\/www.biscuitsolution.com\/wp-content\/uploads\/2025\/02\/automatic-cookie-line--600x338.jpg 600w, https:\/\/www.biscuitsolution.com\/wp-content\/uploads\/2025\/02\/automatic-cookie-line--300x169.jpg 300w, https:\/\/www.biscuitsolution.com\/wp-content\/uploads\/2025\/02\/automatic-cookie-line--768x432.jpg 768w\" sizes=\"(max-width: 800px) 100vw, 800px\" \/><\/p>\n<h2>Ligne de production automatique de biscuits FAQ<\/h2>\n<ul>\n<li>Comment ajuster l'\u00e9paisseur et la taille des biscuits ?<br \/>\nEn ce qui concerne l'\u00e9paisseur, dans le processus de formage, elle est contr\u00f4l\u00e9e en ajustant l'\u00e9cart entre la matrice de poin\u00e7onnage, la buse d'extrusion ou le rouleau.<\/li>\n<li>La ligne de production peut-elle produire diff\u00e9rents types de biscuits ?<br \/>\nD'une mani\u00e8re g\u00e9n\u00e9rale, la ligne de production automatique de biscuits poss\u00e8de une certaine polyvalence et peut produire diff\u00e9rents types de biscuits en ajustant la recette, en changeant la matrice et en ajustant les param\u00e8tres de l'\u00e9quipement, mais pour certains biscuits ayant des processus et des exigences sp\u00e9cifiques, il peut \u00eatre n\u00e9cessaire de transformer partiellement la ligne de production ou d'ajouter un \u00e9quipement sp\u00e9cifique.<\/li>\n<li>Comment d\u00e9terminer la capacit\u00e9 de la ligne de production automatique de biscuits ?<br \/>\nLa capacit\u00e9 de la ligne de production est g\u00e9n\u00e9ralement li\u00e9e \u00e0 des facteurs tels que le mod\u00e8le, les sp\u00e9cifications, la configuration et le processus de production de l'\u00e9quipement.<\/li>\n<li>La consommation d'\u00e9nergie de la ligne de production est-elle \u00e9lev\u00e9e ?<br \/>\nLa consommation d'\u00e9nergie de la ligne de production automatique de biscuits d\u00e9pend principalement de la puissance, du temps de fonctionnement et de la m\u00e9thode de chauffage de l'\u00e9quipement. La consommation d'\u00e9nergie varie d'une ligne de production \u00e0 l'autre.<\/li>\n<\/ul>\n<h2><img decoding=\"async\" class=\"alignnone size-full wp-image-4772\" src=\"https:\/\/www.biscuitsolution.com\/wp-content\/uploads\/2025\/02\/automatic-cookie-production-line-.jpg\" alt=\"ligne de production de biscuits\" width=\"800\" height=\"450\" srcset=\"https:\/\/www.biscuitsolution.com\/wp-content\/uploads\/2025\/02\/automatic-cookie-production-line-.jpg 800w, https:\/\/www.biscuitsolution.com\/wp-content\/uploads\/2025\/02\/automatic-cookie-production-line--600x338.jpg 600w, https:\/\/www.biscuitsolution.com\/wp-content\/uploads\/2025\/02\/automatic-cookie-production-line--300x169.jpg 300w, https:\/\/www.biscuitsolution.com\/wp-content\/uploads\/2025\/02\/automatic-cookie-production-line--768x432.jpg 768w\" sizes=\"(max-width: 800px) 100vw, 800px\" \/><br \/>\nLaissez un message pour obtenir un devis<\/h2>\n\n<div class=\"wpcf7 no-js\" id=\"wpcf7-f4619-o1\" lang=\"en-US\" dir=\"ltr\" data-wpcf7-id=\"4619\">\n<div class=\"screen-reader-response\"><p role=\"status\" aria-live=\"polite\" aria-atomic=\"true\"><\/p> <ul><\/ul><\/div>\n<form action=\"\/fr\/wp-json\/wp\/v2\/product\/4769#wpcf7-f4619-o1\" method=\"post\" class=\"wpcf7-form init\" aria-label=\"Formulaire de contact\" novalidate=\"novalidate\" data-status=\"init\" data-trp-original-action=\"\/fr\/wp-json\/wp\/v2\/product\/4769#wpcf7-f4619-o1\">\n<div style=\"display: none;\">\n<input type=\"hidden\" name=\"_wpcf7\" value=\"4619\" \/>\n<input type=\"hidden\" name=\"_wpcf7_version\" value=\"6.0.4\" \/>\n<input type=\"hidden\" name=\"_wpcf7_locale\" value=\"en_US\" \/>\n<input type=\"hidden\" name=\"_wpcf7_unit_tag\" value=\"wpcf7-f4619-o1\" \/>\n<input type=\"hidden\" name=\"_wpcf7_container_post\" value=\"0\" \/>\n<input type=\"hidden\" name=\"_wpcf7_posted_data_hash\" value=\"\" \/>\n<\/div>\n<p><label> Votre nom*<br \/>\n<span class=\"wpcf7-form-control-wrap\" data-name=\"your-name\"><input size=\"40\" maxlength=\"400\" class=\"wpcf7-form-control wpcf7-text wpcf7-validates-as-required\" aria-required=\"true\" aria-invalid=\"false\" value=\"\" type=\"text\" name=\"your-name\" \/><\/span> <\/label>\n<\/p>\n<p><label> Votre pays<br \/>\n<span class=\"wpcf7-form-control-wrap\" data-name=\"your-country\"><input size=\"40\" maxlength=\"400\" class=\"wpcf7-form-control wpcf7-text\" aria-invalid=\"false\" value=\"\" type=\"text\" name=\"your-country\" \/><\/span><\/label>\n<\/p>\n<p><label> Votre courriel*<br \/>\n<span class=\"wpcf7-form-control-wrap\" data-name=\"your-email\"><input size=\"40\" maxlength=\"400\" class=\"wpcf7-form-control wpcf7-email wpcf7-validates-as-required wpcf7-text wpcf7-validates-as-email\" aria-required=\"true\" aria-invalid=\"false\" value=\"\" type=\"email\" name=\"your-email\" \/><\/span> <\/label>\n<\/p>\n<p><label> Votre t\u00e9l\u00e9phone<br \/>\n<span class=\"wpcf7-form-control-wrap\" data-name=\"your-phone\"><input size=\"40\" maxlength=\"400\" class=\"wpcf7-form-control wpcf7-tel wpcf7-text wpcf7-validates-as-tel\" aria-invalid=\"false\" value=\"\" type=\"tel\" name=\"your-phone\" \/><\/span> <\/label>\n<\/p>\n<p><label> Nom de l'entreprise<br \/>\n<span class=\"wpcf7-form-control-wrap\" data-name=\"text-457\"><input size=\"40\" maxlength=\"400\" class=\"wpcf7-form-control wpcf7-text\" aria-invalid=\"false\" value=\"\" type=\"text\" name=\"text-457\" \/><\/span> <\/label>\n<\/p>\n<p><label> Le site web de votre entreprise<br \/>\n<span class=\"wpcf7-form-control-wrap\" data-name=\"text-546\"><input size=\"40\" maxlength=\"400\" class=\"wpcf7-form-control wpcf7-text\" aria-invalid=\"false\" value=\"\" type=\"text\" name=\"text-546\" \/><\/span> <\/label>\n<\/p>\n<p><label> Votre demande*<br \/>\n<span class=\"wpcf7-form-control-wrap\" data-name=\"your-message\"><textarea cols=\"40\" rows=\"10\" maxlength=\"2000\" class=\"wpcf7-form-control wpcf7-textarea wpcf7-validates-as-required\" aria-required=\"true\" aria-invalid=\"false\" name=\"your-message\"><\/textarea><\/span> <\/label>\n<\/p>\n<p><input class=\"wpcf7-form-control wpcf7-submit has-spinner\" type=\"submit\" value=\"Soumettre\" \/>\n<\/p><p style=\"display: none !important;\" class=\"akismet-fields-container\" data-prefix=\"_wpcf7_ak_\"><label>&#916;<textarea name=\"_wpcf7_ak_hp_textarea\" cols=\"45\" rows=\"8\" maxlength=\"100\"><\/textarea><\/label><input type=\"hidden\" id=\"ak_js_1\" name=\"_wpcf7_ak_js\" value=\"190\"\/><script>document.getElementById( \"ak_js_1\" ).setAttribute( \"value\", ( new Date() ).getTime() );<\/script><\/p><div class=\"wpcf7-response-output\" aria-hidden=\"true\"><\/div>\n<input type=\"hidden\" name=\"trp-form-language\" value=\"fr\"\/><\/form>\n<\/div>\n\n<div style='text-align:left' class='yasr-auto-insert-visitor'><\/div>","protected":false},"excerpt":{"rendered":"<p>Capacit\u00e9 : 100-1000KG\/H<\/p>\n<p>Tension : 380V<\/p>\n<p>Marque : GELGOOG<\/p>\n<p>Courriel : shanna@machinehall.com<\/p>\n<p>T\u00e9l : +8618638676709<\/p>","protected":false},"featured_media":4773,"comment_status":"open","ping_status":"closed","template":"","meta":{"site-sidebar-layout":"default","site-content-layout":"","ast-site-content-layout":"default","site-content-style":"default","site-sidebar-style":"default","ast-global-header-display":"","ast-banner-title-visibility":"","ast-main-header-display":"","ast-hfb-above-header-display":"","ast-hfb-below-header-display":"","ast-hfb-mobile-header-display":"","site-post-title":"","ast-breadcrumbs-content":"","ast-featured-img":"","footer-sml-layout":"","theme-transparent-header-meta":"default","adv-header-id-meta":"","stick-header-meta":"","header-above-stick-meta":"","header-main-stick-meta":"","header-below-stick-meta":"","astra-migrate-meta-layouts":"set","ast-page-background-enabled":"default","ast-page-background-meta":{"desktop":{"background-color":"","background-image":"","background-repeat":"repeat","background-position":"center center","background-size":"auto","background-attachment":"scroll","background-type":"","background-media":"","overlay-type":"","overlay-color":"","overlay-opacity":"","overlay-gradient":""},"tablet":{"background-color":"","background-image":"","background-repeat":"repeat","background-position":"center center","background-size":"auto","background-attachment":"scroll","background-type":"","background-media":"","overlay-type":"","overlay-color":"","overlay-opacity":"","overlay-gradient":""},"mobile":{"background-color":"","background-image":"","background-repeat":"repeat","background-position":"center center","background-size":"auto","background-attachment":"scroll","background-type":"","background-media":"","overlay-type":"","overlay-color":"","overlay-opacity":"","overlay-gradient":""}},"ast-content-background-meta":{"desktop":{"background-color":"var(--ast-global-color-5)","background-image":"","background-repeat":"repeat","background-position":"center center","background-size":"auto","background-attachment":"scroll","background-type":"","background-media":"","overlay-type":"","overlay-color":"","overlay-opacity":"","overlay-gradient":""},"tablet":{"background-color":"var(--ast-global-color-5)","background-image":"","background-repeat":"repeat","background-position":"center center","background-size":"auto","background-attachment":"scroll","background-type":"","background-media":"","overlay-type":"","overlay-color":"","overlay-opacity":"","overlay-gradient":""},"mobile":{"background-color":"var(--ast-global-color-5)","background-image":"","background-repeat":"repeat","background-position":"center center","background-size":"auto","background-attachment":"scroll","background-type":"","background-media":"","overlay-type":"","overlay-color":"","overlay-opacity":"","overlay-gradient":""}},"yasr_overall_rating":0,"yasr_post_is_review":"","yasr_auto_insert_disabled":"","yasr_review_type":""},"product_brand":[],"product_cat":[24],"product_tag":[],"class_list":{"0":"post-4769","1":"product","2":"type-product","3":"status-publish","4":"has-post-thumbnail","6":"product_cat-cookie-production-line","7":"desktop-align-left","8":"tablet-align-left","9":"mobile-align-left","11":"first","12":"instock","13":"shipping-taxable","14":"product-type-simple"},"yoast_head":"<!-- This site is optimized with the Yoast SEO plugin v24.4 - https:\/\/yoast.com\/wordpress\/plugins\/seo\/ -->\n<title>Complete Automatic Cookie Production Line High Efficiency - Biscuit Production Solution Manufacturer<\/title>\n<meta name=\"description\" content=\"The automatic cookie production line is a complete system composed of automated mechanical equipment for efficient cookie production.\" \/>\n<meta name=\"robots\" content=\"index, follow, max-snippet:-1, max-image-preview:large, max-video-preview:-1\" \/>\n<link rel=\"canonical\" href=\"https:\/\/www.biscuitsolution.com\/fr\/produit\/complete-automatic-cookie-production-line-high-efficiency\/\" \/>\n<meta property=\"og:locale\" content=\"fr_FR\" \/>\n<meta property=\"og:type\" content=\"article\" \/>\n<meta property=\"og:title\" content=\"Complete Automatic Cookie Production Line High Efficiency - Biscuit Production Solution Manufacturer\" \/>\n<meta property=\"og:description\" content=\"The automatic cookie production line is a complete system composed of automated mechanical equipment for efficient cookie production.\" \/>\n<meta property=\"og:url\" content=\"https:\/\/www.biscuitsolution.com\/fr\/produit\/complete-automatic-cookie-production-line-high-efficiency\/\" \/>\n<meta property=\"og:site_name\" content=\"Biscuit Production Solution Manufacturer\" \/>\n<meta property=\"article:publisher\" content=\"https:\/\/www.facebook.com\/profile.php?id=100095205040823\" \/>\n<meta property=\"og:image\" content=\"https:\/\/www.biscuitsolution.com\/wp-content\/uploads\/2025\/02\/\u4e3b\u56fe-14.jpg\" \/>\n\t<meta property=\"og:image:width\" content=\"600\" \/>\n\t<meta property=\"og:image:height\" content=\"600\" \/>\n\t<meta property=\"og:image:type\" content=\"image\/jpeg\" \/>\n<meta name=\"twitter:card\" content=\"summary_large_image\" \/>\n<meta name=\"twitter:site\" content=\"@shanna_zha26342\" \/>\n<meta name=\"twitter:label1\" content=\"Dur\u00e9e de lecture estim\u00e9e\" \/>\n\t<meta name=\"twitter:data1\" content=\"3 minutes\" \/>\n<script type=\"application\/ld+json\" class=\"yoast-schema-graph\">{\"@context\":\"https:\/\/schema.org\",\"@graph\":[{\"@type\":\"WebPage\",\"@id\":\"https:\/\/www.biscuitsolution.com\/product\/complete-automatic-cookie-production-line-high-efficiency\/\",\"url\":\"https:\/\/www.biscuitsolution.com\/product\/complete-automatic-cookie-production-line-high-efficiency\/\",\"name\":\"Complete Automatic Cookie Production Line High Efficiency - Biscuit Production Solution Manufacturer\",\"isPartOf\":{\"@id\":\"https:\/\/www.biscuitsolution.com\/#website\"},\"primaryImageOfPage\":{\"@id\":\"https:\/\/www.biscuitsolution.com\/product\/complete-automatic-cookie-production-line-high-efficiency\/#primaryimage\"},\"image\":{\"@id\":\"https:\/\/www.biscuitsolution.com\/product\/complete-automatic-cookie-production-line-high-efficiency\/#primaryimage\"},\"thumbnailUrl\":\"https:\/\/www.biscuitsolution.com\/wp-content\/uploads\/2025\/02\/\u4e3b\u56fe-14.jpg\",\"datePublished\":\"2025-02-21T09:06:16+00:00\",\"description\":\"The automatic cookie production line is a complete system composed of automated mechanical equipment for efficient cookie production.\",\"breadcrumb\":{\"@id\":\"https:\/\/www.biscuitsolution.com\/product\/complete-automatic-cookie-production-line-high-efficiency\/#breadcrumb\"},\"inLanguage\":\"fr-FR\",\"potentialAction\":[{\"@type\":\"ReadAction\",\"target\":[\"https:\/\/www.biscuitsolution.com\/product\/complete-automatic-cookie-production-line-high-efficiency\/\"]}]},{\"@type\":\"ImageObject\",\"inLanguage\":\"fr-FR\",\"@id\":\"https:\/\/www.biscuitsolution.com\/product\/complete-automatic-cookie-production-line-high-efficiency\/#primaryimage\",\"url\":\"https:\/\/www.biscuitsolution.com\/wp-content\/uploads\/2025\/02\/\u4e3b\u56fe-14.jpg\",\"contentUrl\":\"https:\/\/www.biscuitsolution.com\/wp-content\/uploads\/2025\/02\/\u4e3b\u56fe-14.jpg\",\"width\":600,\"height\":600,\"caption\":\"automatic cookie production line\"},{\"@type\":\"BreadcrumbList\",\"@id\":\"https:\/\/www.biscuitsolution.com\/product\/complete-automatic-cookie-production-line-high-efficiency\/#breadcrumb\",\"itemListElement\":[{\"@type\":\"ListItem\",\"position\":1,\"name\":\"Home\",\"item\":\"https:\/\/www.biscuitsolution.com\/\"},{\"@type\":\"ListItem\",\"position\":2,\"name\":\"Product\",\"item\":\"https:\/\/www.biscuitsolution.com\/product\/\"},{\"@type\":\"ListItem\",\"position\":3,\"name\":\"Complete Automatic Cookie Production Line High Efficiency\"}]},{\"@type\":\"WebSite\",\"@id\":\"https:\/\/www.biscuitsolution.com\/#website\",\"url\":\"https:\/\/www.biscuitsolution.com\/\",\"name\":\"Biscuit Production Solution Manufacturer\",\"description\":\"\",\"potentialAction\":[{\"@type\":\"SearchAction\",\"target\":{\"@type\":\"EntryPoint\",\"urlTemplate\":\"https:\/\/www.biscuitsolution.com\/?s={search_term_string}\"},\"query-input\":{\"@type\":\"PropertyValueSpecification\",\"valueRequired\":true,\"valueName\":\"search_term_string\"}}],\"inLanguage\":\"fr-FR\"},false]}<\/script>\n<!-- \/ Yoast SEO plugin. -->","yoast_head_json":{"title":"Ligne automatique compl\u00e8te de production de biscuits \u00e0 haut rendement - Biscuit Production Solution Manufacturer","description":"La ligne de production automatique de biscuits est un syst\u00e8me complet compos\u00e9 d'\u00e9quipements m\u00e9caniques automatis\u00e9s pour une production efficace de biscuits.","robots":{"index":"index","follow":"follow","max-snippet":"max-snippet:-1","max-image-preview":"max-image-preview:large","max-video-preview":"max-video-preview:-1"},"canonical":"https:\/\/www.biscuitsolution.com\/fr\/produit\/complete-automatic-cookie-production-line-high-efficiency\/","og_locale":"fr_FR","og_type":"article","og_title":"Complete Automatic Cookie Production Line High Efficiency - Biscuit Production Solution Manufacturer","og_description":"The automatic cookie production line is a complete system composed of automated mechanical equipment for efficient cookie production.","og_url":"https:\/\/www.biscuitsolution.com\/fr\/produit\/complete-automatic-cookie-production-line-high-efficiency\/","og_site_name":"Biscuit Production Solution Manufacturer","article_publisher":"https:\/\/www.facebook.com\/profile.php?id=100095205040823","og_image":[{"width":600,"height":600,"url":"https:\/\/www.biscuitsolution.com\/wp-content\/uploads\/2025\/02\/\u4e3b\u56fe-14.jpg","type":"image\/jpeg"}],"twitter_card":"summary_large_image","twitter_site":"@shanna_zha26342","twitter_misc":{"Dur\u00e9e de lecture estim\u00e9e":"3 minutes"},"schema":{"@context":"https:\/\/schema.org","@graph":[{"@type":"WebPage","@id":"https:\/\/www.biscuitsolution.com\/product\/complete-automatic-cookie-production-line-high-efficiency\/","url":"https:\/\/www.biscuitsolution.com\/product\/complete-automatic-cookie-production-line-high-efficiency\/","name":"Ligne automatique compl\u00e8te de production de biscuits \u00e0 haut rendement - Biscuit Production Solution Manufacturer","isPartOf":{"@id":"https:\/\/www.biscuitsolution.com\/#website"},"primaryImageOfPage":{"@id":"https:\/\/www.biscuitsolution.com\/product\/complete-automatic-cookie-production-line-high-efficiency\/#primaryimage"},"image":{"@id":"https:\/\/www.biscuitsolution.com\/product\/complete-automatic-cookie-production-line-high-efficiency\/#primaryimage"},"thumbnailUrl":"https:\/\/www.biscuitsolution.com\/wp-content\/uploads\/2025\/02\/\u4e3b\u56fe-14.jpg","datePublished":"2025-02-21T09:06:16+00:00","description":"La ligne de production automatique de biscuits est un syst\u00e8me complet compos\u00e9 d'\u00e9quipements m\u00e9caniques automatis\u00e9s pour une production efficace de biscuits.","breadcrumb":{"@id":"https:\/\/www.biscuitsolution.com\/product\/complete-automatic-cookie-production-line-high-efficiency\/#breadcrumb"},"inLanguage":"fr-FR","potentialAction":[{"@type":"ReadAction","target":["https:\/\/www.biscuitsolution.com\/product\/complete-automatic-cookie-production-line-high-efficiency\/"]}]},{"@type":"ImageObject","inLanguage":"fr-FR","@id":"https:\/\/www.biscuitsolution.com\/product\/complete-automatic-cookie-production-line-high-efficiency\/#primaryimage","url":"https:\/\/www.biscuitsolution.com\/wp-content\/uploads\/2025\/02\/\u4e3b\u56fe-14.jpg","contentUrl":"https:\/\/www.biscuitsolution.com\/wp-content\/uploads\/2025\/02\/\u4e3b\u56fe-14.jpg","width":600,"height":600,"caption":"automatic cookie production line"},{"@type":"BreadcrumbList","@id":"https:\/\/www.biscuitsolution.com\/product\/complete-automatic-cookie-production-line-high-efficiency\/#breadcrumb","itemListElement":[{"@type":"ListItem","position":1,"name":"Home","item":"https:\/\/www.biscuitsolution.com\/"},{"@type":"ListItem","position":2,"name":"Product","item":"https:\/\/www.biscuitsolution.com\/product\/"},{"@type":"ListItem","position":3,"name":"Complete Automatic Cookie Production Line High Efficiency"}]},{"@type":"WebSite","@id":"https:\/\/www.biscuitsolution.com\/#website","url":"https:\/\/www.biscuitsolution.com\/","name":"Fabricant de solutions pour la production de biscuits","description":"","potentialAction":[{"@type":"SearchAction","target":{"@type":"EntryPoint","urlTemplate":"https:\/\/www.biscuitsolution.com\/?s={search_term_string}"},"query-input":{"@type":"PropertyValueSpecification","valueRequired":true,"valueName":"search_term_string"}}],"inLanguage":"fr-FR"},false]}},"yasr_visitor_votes":{"stars_attributes":{"read_only":false,"span_bottom":false},"number_of_votes":0,"sum_votes":0},"_links":{"self":[{"href":"https:\/\/www.biscuitsolution.com\/fr\/wp-json\/wp\/v2\/product\/4769","targetHints":{"allow":["GET"]}}],"collection":[{"href":"https:\/\/www.biscuitsolution.com\/fr\/wp-json\/wp\/v2\/product"}],"about":[{"href":"https:\/\/www.biscuitsolution.com\/fr\/wp-json\/wp\/v2\/types\/product"}],"replies":[{"embeddable":true,"href":"https:\/\/www.biscuitsolution.com\/fr\/wp-json\/wp\/v2\/comments?post=4769"}],"version-history":[{"count":1,"href":"https:\/\/www.biscuitsolution.com\/fr\/wp-json\/wp\/v2\/product\/4769\/revisions"}],"predecessor-version":[{"id":4774,"href":"https:\/\/www.biscuitsolution.com\/fr\/wp-json\/wp\/v2\/product\/4769\/revisions\/4774"}],"wp:featuredmedia":[{"embeddable":true,"href":"https:\/\/www.biscuitsolution.com\/fr\/wp-json\/wp\/v2\/media\/4773"}],"wp:attachment":[{"href":"https:\/\/www.biscuitsolution.com\/fr\/wp-json\/wp\/v2\/media?parent=4769"}],"wp:term":[{"taxonomy":"product_brand","embeddable":true,"href":"https:\/\/www.biscuitsolution.com\/fr\/wp-json\/wp\/v2\/product_brand?post=4769"},{"taxonomy":"product_cat","embeddable":true,"href":"https:\/\/www.biscuitsolution.com\/fr\/wp-json\/wp\/v2\/product_cat?post=4769"},{"taxonomy":"product_tag","embeddable":true,"href":"https:\/\/www.biscuitsolution.com\/fr\/wp-json\/wp\/v2\/product_tag?post=4769"}],"curies":[{"name":"wp","href":"https:\/\/api.w.org\/{rel}","templated":true}]}}