{"id":4761,"date":"2025-02-21T09:00:23","date_gmt":"2025-02-21T09:00:23","guid":{"rendered":"https:\/\/www.biscuitsolution.com\/?post_type=product&#038;p=4761"},"modified":"2025-02-25T01:41:49","modified_gmt":"2025-02-25T01:41:49","slug":"automatic-garibaldi-biscuit-production-line-for-sale","status":"publish","type":"product","link":"https:\/\/www.biscuitsolution.com\/fr\/produit\/automatic-garibaldi-biscuit-production-line-for-sale\/","title":{"rendered":"Ligne de production automatique de biscuits Garibaldi \u00e0 vendre"},"content":{"rendered":"<h2>Introduction \u00e0 la ligne de production de biscuits Garibaldi<\/h2>\n<p>Le<strong> Ligne de production de biscuits Garibaldi<\/strong> est un syst\u00e8me contemporain enti\u00e8rement automatis\u00e9, sp\u00e9cialement con\u00e7u pour la fabrication des biscuits Garibaldi traditionnels. Il int\u00e8gre des technologies de transformation alimentaire avanc\u00e9es et une ing\u00e9nierie m\u00e9canique de pointe, garantissant une production industrielle \u00e0 grande \u00e9chelle sans faille, de la pr\u00e9paration des mati\u00e8res premi\u00e8res \u00e0 l'emballage final.<\/p>\n<p><img fetchpriority=\"high\" decoding=\"async\" class=\"alignnone size-full wp-image-4762\" src=\"https:\/\/www.biscuitsolution.com\/wp-content\/uploads\/2025\/02\/garibaldi-biscuit-production-line.jpg\" alt=\"ligne de production de biscuits garibaldi\" width=\"800\" height=\"450\" srcset=\"https:\/\/www.biscuitsolution.com\/wp-content\/uploads\/2025\/02\/garibaldi-biscuit-production-line.jpg 800w, https:\/\/www.biscuitsolution.com\/wp-content\/uploads\/2025\/02\/garibaldi-biscuit-production-line-600x338.jpg 600w, https:\/\/www.biscuitsolution.com\/wp-content\/uploads\/2025\/02\/garibaldi-biscuit-production-line-300x169.jpg 300w, https:\/\/www.biscuitsolution.com\/wp-content\/uploads\/2025\/02\/garibaldi-biscuit-production-line-768x432.jpg 768w\" sizes=\"(max-width: 800px) 100vw, 800px\" \/><\/p>\n<h2>Avantages de la ligne de production de biscuits Garibaldi<\/h2>\n<ul>\n<li>Processus de m\u00e9lange pr\u00e9cis : \u00c9quip\u00e9 d'un syst\u00e8me de m\u00e9lange avanc\u00e9, il peut contr\u00f4ler avec pr\u00e9cision la proportion de mati\u00e8res premi\u00e8res telles que la farine, le sucre et les raisins secs selon la formule unique des biscuits Garibaldi. Par exemple, lors du m\u00e9lange des raisins secs, la palette d'agitation sp\u00e9cialement con\u00e7ue les retourne d\u00e9licatement pour \u00e9viter de les briser, et conserve compl\u00e8tement la m\u00e2che et l'ar\u00f4me fruit\u00e9 des raisins secs.<\/li>\n<li>Moulage \u00e0 grande vitesse : Gr\u00e2ce \u00e0 l'\u00e9quipement de moulage \u00e0 haute capacit\u00e9, un grand nombre de mati\u00e8res premi\u00e8res pour biscuits de formes r\u00e9guli\u00e8res et de tailles uniformes peuvent \u00eatre produites chaque minute.<\/li>\n<li>Fonctionnement continu : Elle est con\u00e7ue pour fonctionner de mani\u00e8re stable pendant une longue p\u00e9riode et pour r\u00e9duire le nombre et la dur\u00e9e des temps d'arr\u00eat. Depuis l'alimentation en mati\u00e8res premi\u00e8res, le m\u00e9lange, le moulage jusqu'\u00e0 la cuisson, le refroidissement et l'emballage, chaque maillon est \u00e9troitement li\u00e9 et r\u00e9alis\u00e9 en une seule fois, ce qui garantit la production quotidienne et mensuelle \u00e9lev\u00e9e de la ligne de production et aide les entreprises \u00e0 s'emparer de parts de march\u00e9.<\/li>\n<\/ul>\n<p><img decoding=\"async\" class=\"alignnone size-full wp-image-4763\" src=\"https:\/\/www.biscuitsolution.com\/wp-content\/uploads\/2025\/02\/garibaldi-biscuits-line.jpg\" alt=\"ligne de production de biscuits garibaldi\" width=\"800\" height=\"450\" srcset=\"https:\/\/www.biscuitsolution.com\/wp-content\/uploads\/2025\/02\/garibaldi-biscuits-line.jpg 800w, https:\/\/www.biscuitsolution.com\/wp-content\/uploads\/2025\/02\/garibaldi-biscuits-line-600x338.jpg 600w, https:\/\/www.biscuitsolution.com\/wp-content\/uploads\/2025\/02\/garibaldi-biscuits-line-300x169.jpg 300w, https:\/\/www.biscuitsolution.com\/wp-content\/uploads\/2025\/02\/garibaldi-biscuits-line-768x432.jpg 768w\" sizes=\"(max-width: 800px) 100vw, 800px\" \/><\/p>\n<ul>\n<li>Diversit\u00e9 des produits : La ligne de production est tr\u00e8s flexible. En rempla\u00e7ant simplement certains moules ou en ajustant les param\u00e8tres, elle peut produire des biscuits Garibaldi de diff\u00e9rentes sp\u00e9cifications, \u00e9paisseurs et m\u00eame de diff\u00e9rentes combinaisons de saveurs, r\u00e9pondant ainsi aux pr\u00e9f\u00e9rences gustatives de plus en plus vari\u00e9es des consommateurs et augmentant les ventes de produits.<\/li>\n<li>Adaptation et mise \u00e0 niveau : il est facile de l'int\u00e9grer \u00e0 des \u00e9quipements connexes en amont et en aval, tels que l'arrimage sans faille \u00e0 des machines d'emballage pour r\u00e9aliser le processus automatis\u00e9 de la production de biscuits \u00e0 l'emballage ; de nouveaux modules fonctionnels, tels que des dispositifs d'enrobage du chocolat, peuvent \u00eatre ajout\u00e9s ult\u00e9rieurement en fonction des besoins de d\u00e9veloppement de l'entreprise pour accro\u00eetre la valeur ajout\u00e9e du produit et s'adapter \u00e0 l'\u00e9volution constante du march\u00e9.<\/li>\n<\/ul>\n<h2>Ligne de production de biscuits Garibaldi FAQ<\/h2>\n<ul>\n<li>Q : Quelle est l'efficacit\u00e9 de cette ligne de production ?<br \/>\nR : L'efficacit\u00e9 des lignes de production varie en fonction de leur configuration. D'une mani\u00e8re g\u00e9n\u00e9rale, la ligne de production standard la plus courante peut produire de 100 \u00e0 500 kg de p\u00e2te crue pour biscuits Garibaldi par heure. Apr\u00e8s le formage, le biscuit passe par la cuisson, l'emballage et d'autres \u00e9tapes, et la production peut atteindre des milliers de pi\u00e8ces par heure, ce qui est suffisant pour r\u00e9pondre aux besoins de production quotidiens des petites et moyennes entreprises.<\/li>\n<\/ul>\n<p><img decoding=\"async\" class=\"alignnone size-full wp-image-4764\" src=\"https:\/\/www.biscuitsolution.com\/wp-content\/uploads\/2025\/02\/garibaldi-biscuit-making-machine.jpg\" alt=\"ligne de production de biscuits garibaldi\" width=\"800\" height=\"450\" srcset=\"https:\/\/www.biscuitsolution.com\/wp-content\/uploads\/2025\/02\/garibaldi-biscuit-making-machine.jpg 800w, https:\/\/www.biscuitsolution.com\/wp-content\/uploads\/2025\/02\/garibaldi-biscuit-making-machine-600x338.jpg 600w, https:\/\/www.biscuitsolution.com\/wp-content\/uploads\/2025\/02\/garibaldi-biscuit-making-machine-300x169.jpg 300w, https:\/\/www.biscuitsolution.com\/wp-content\/uploads\/2025\/02\/garibaldi-biscuit-making-machine-768x432.jpg 768w\" sizes=\"(max-width: 800px) 100vw, 800px\" \/><\/p>\n<ul>\n<li>Q : Comment s'assurer que le go\u00fbt et la saveur des biscuits produits sont constants ?<br \/>\nR : La ligne de production utilise un syst\u00e8me de dosage de haute pr\u00e9cision, qui contr\u00f4le strictement la proportion de mati\u00e8res premi\u00e8res conform\u00e9ment \u00e0 la recette classique des biscuits Garibaldi, comme la quantit\u00e9 de farine, de sucre et de raisins secs. Au cours du processus de m\u00e9lange, la conception sp\u00e9ciale de l'agitateur permet non seulement de m\u00e9langer compl\u00e8tement les mati\u00e8res premi\u00e8res, mais aussi d'emp\u00eacher les raisins secs et autres ingr\u00e9dients fragiles de se briser, afin de pr\u00e9server leur go\u00fbt. Pendant la cuisson, le syst\u00e8me intelligent de contr\u00f4le de la temp\u00e9rature contr\u00f4le avec pr\u00e9cision la temp\u00e9rature et le temps pour garantir que chaque biscuit est chauff\u00e9 uniform\u00e9ment de l'int\u00e9rieur vers l'ext\u00e9rieur, assurant ainsi la stabilit\u00e9 du go\u00fbt et de la saveur.<\/li>\n<li>Q : Si la cha\u00eene de production tombe en panne, est-elle facile \u00e0 r\u00e9parer ?<br \/>\nR : C'est tr\u00e8s pratique. La ligne de production adopte une conception modulaire. Lorsqu'une panne survient, le module en cause peut \u00eatre rapidement localis\u00e9. Les pannes courantes peuvent \u00eatre r\u00e9solues par le personnel de maintenance interne de l'entreprise, conform\u00e9ment au manuel d'utilisation. Pour les pannes plus graves, nous disposons d'une \u00e9quipe professionnelle de service apr\u00e8s-vente qui fournit des conseils \u00e0 distance ou des services de r\u00e9paration sur site afin de minimiser les temps d'arr\u00eat.<\/li>\n<\/ul>\n<p><img loading=\"lazy\" decoding=\"async\" class=\"alignnone size-full wp-image-4765\" src=\"https:\/\/www.biscuitsolution.com\/wp-content\/uploads\/2025\/02\/garibaldi-biscuit-line.jpg\" alt=\"ligne de production de biscuits garibaldi\" width=\"800\" height=\"450\" srcset=\"https:\/\/www.biscuitsolution.com\/wp-content\/uploads\/2025\/02\/garibaldi-biscuit-line.jpg 800w, https:\/\/www.biscuitsolution.com\/wp-content\/uploads\/2025\/02\/garibaldi-biscuit-line-600x338.jpg 600w, https:\/\/www.biscuitsolution.com\/wp-content\/uploads\/2025\/02\/garibaldi-biscuit-line-300x169.jpg 300w, https:\/\/www.biscuitsolution.com\/wp-content\/uploads\/2025\/02\/garibaldi-biscuit-line-768x432.jpg 768w\" sizes=\"(max-width: 800px) 100vw, 800px\" \/><\/p>\n<h2>Laissez un message pour obtenir un devis<\/h2>\n\n<div class=\"wpcf7 no-js\" id=\"wpcf7-f4619-o1\" lang=\"en-US\" dir=\"ltr\" data-wpcf7-id=\"4619\">\n<div class=\"screen-reader-response\"><p role=\"status\" aria-live=\"polite\" aria-atomic=\"true\"><\/p> <ul><\/ul><\/div>\n<form action=\"\/fr\/wp-json\/wp\/v2\/product\/4761#wpcf7-f4619-o1\" method=\"post\" class=\"wpcf7-form init\" aria-label=\"Formulaire de contact\" novalidate=\"novalidate\" data-status=\"init\" data-trp-original-action=\"\/fr\/wp-json\/wp\/v2\/product\/4761#wpcf7-f4619-o1\">\n<div style=\"display: none;\">\n<input type=\"hidden\" name=\"_wpcf7\" value=\"4619\" \/>\n<input type=\"hidden\" name=\"_wpcf7_version\" value=\"6.0.4\" \/>\n<input type=\"hidden\" name=\"_wpcf7_locale\" value=\"en_US\" \/>\n<input type=\"hidden\" name=\"_wpcf7_unit_tag\" value=\"wpcf7-f4619-o1\" \/>\n<input type=\"hidden\" name=\"_wpcf7_container_post\" value=\"0\" \/>\n<input type=\"hidden\" name=\"_wpcf7_posted_data_hash\" value=\"\" \/>\n<\/div>\n<p><label> Votre nom*<br \/>\n<span class=\"wpcf7-form-control-wrap\" data-name=\"your-name\"><input size=\"40\" maxlength=\"400\" class=\"wpcf7-form-control wpcf7-text wpcf7-validates-as-required\" aria-required=\"true\" aria-invalid=\"false\" value=\"\" type=\"text\" name=\"your-name\" \/><\/span> <\/label>\n<\/p>\n<p><label> Votre pays<br \/>\n<span class=\"wpcf7-form-control-wrap\" data-name=\"your-country\"><input size=\"40\" maxlength=\"400\" class=\"wpcf7-form-control wpcf7-text\" aria-invalid=\"false\" value=\"\" type=\"text\" name=\"your-country\" \/><\/span><\/label>\n<\/p>\n<p><label> Votre courriel*<br \/>\n<span class=\"wpcf7-form-control-wrap\" data-name=\"your-email\"><input size=\"40\" maxlength=\"400\" class=\"wpcf7-form-control wpcf7-email wpcf7-validates-as-required wpcf7-text wpcf7-validates-as-email\" aria-required=\"true\" aria-invalid=\"false\" value=\"\" type=\"email\" name=\"your-email\" \/><\/span> <\/label>\n<\/p>\n<p><label> Votre t\u00e9l\u00e9phone<br \/>\n<span class=\"wpcf7-form-control-wrap\" data-name=\"your-phone\"><input size=\"40\" maxlength=\"400\" class=\"wpcf7-form-control wpcf7-tel wpcf7-text wpcf7-validates-as-tel\" aria-invalid=\"false\" value=\"\" type=\"tel\" name=\"your-phone\" \/><\/span> <\/label>\n<\/p>\n<p><label> Nom de l'entreprise<br \/>\n<span class=\"wpcf7-form-control-wrap\" data-name=\"text-457\"><input size=\"40\" maxlength=\"400\" class=\"wpcf7-form-control wpcf7-text\" aria-invalid=\"false\" value=\"\" type=\"text\" name=\"text-457\" \/><\/span> <\/label>\n<\/p>\n<p><label> Le site web de votre entreprise<br \/>\n<span class=\"wpcf7-form-control-wrap\" data-name=\"text-546\"><input size=\"40\" maxlength=\"400\" class=\"wpcf7-form-control wpcf7-text\" aria-invalid=\"false\" value=\"\" type=\"text\" name=\"text-546\" \/><\/span> <\/label>\n<\/p>\n<p><label> Votre demande*<br \/>\n<span class=\"wpcf7-form-control-wrap\" data-name=\"your-message\"><textarea cols=\"40\" rows=\"10\" maxlength=\"2000\" class=\"wpcf7-form-control wpcf7-textarea wpcf7-validates-as-required\" aria-required=\"true\" aria-invalid=\"false\" name=\"your-message\"><\/textarea><\/span> <\/label>\n<\/p>\n<p><input class=\"wpcf7-form-control wpcf7-submit has-spinner\" type=\"submit\" value=\"Soumettre\" \/>\n<\/p><p style=\"display: none !important;\" class=\"akismet-fields-container\" data-prefix=\"_wpcf7_ak_\"><label>&#916;<textarea name=\"_wpcf7_ak_hp_textarea\" cols=\"45\" rows=\"8\" maxlength=\"100\"><\/textarea><\/label><input type=\"hidden\" id=\"ak_js_1\" name=\"_wpcf7_ak_js\" value=\"171\"\/><script>document.getElementById( \"ak_js_1\" ).setAttribute( \"value\", ( new Date() ).getTime() );<\/script><\/p><div class=\"wpcf7-response-output\" aria-hidden=\"true\"><\/div>\n<input type=\"hidden\" name=\"trp-form-language\" value=\"fr\"\/><\/form>\n<\/div>\n\n<div style='text-align:left' class='yasr-auto-insert-visitor'><\/div>","protected":false},"excerpt":{"rendered":"<p>Marque : GELGOOG<\/p>\n<p>Tension : 380V<\/p>\n<p>Courriel : shanna@machinehall.com<\/p>\n<p>T\u00e9l : +8618638676709<\/p>\n<p>Application : biscuits garibaldi\uff0cbiscuits durs, biscuits mous, act.<\/p>","protected":false},"featured_media":4766,"comment_status":"open","ping_status":"closed","template":"","meta":{"site-sidebar-layout":"default","site-content-layout":"","ast-site-content-layout":"default","site-content-style":"default","site-sidebar-style":"default","ast-global-header-display":"","ast-banner-title-visibility":"","ast-main-header-display":"","ast-hfb-above-header-display":"","ast-hfb-below-header-display":"","ast-hfb-mobile-header-display":"","site-post-title":"","ast-breadcrumbs-content":"","ast-featured-img":"","footer-sml-layout":"","theme-transparent-header-meta":"default","adv-header-id-meta":"","stick-header-meta":"","header-above-stick-meta":"","header-main-stick-meta":"","header-below-stick-meta":"","astra-migrate-meta-layouts":"set","ast-page-background-enabled":"default","ast-page-background-meta":{"desktop":{"background-color":"","background-image":"","background-repeat":"repeat","background-position":"center center","background-size":"auto","background-attachment":"scroll","background-type":"","background-media":"","overlay-type":"","overlay-color":"","overlay-opacity":"","overlay-gradient":""},"tablet":{"background-color":"","background-image":"","background-repeat":"repeat","background-position":"center center","background-size":"auto","background-attachment":"scroll","background-type":"","background-media":"","overlay-type":"","overlay-color":"","overlay-opacity":"","overlay-gradient":""},"mobile":{"background-color":"","background-image":"","background-repeat":"repeat","background-position":"center center","background-size":"auto","background-attachment":"scroll","background-type":"","background-media":"","overlay-type":"","overlay-color":"","overlay-opacity":"","overlay-gradient":""}},"ast-content-background-meta":{"desktop":{"background-color":"var(--ast-global-color-5)","background-image":"","background-repeat":"repeat","background-position":"center center","background-size":"auto","background-attachment":"scroll","background-type":"","background-media":"","overlay-type":"","overlay-color":"","overlay-opacity":"","overlay-gradient":""},"tablet":{"background-color":"var(--ast-global-color-5)","background-image":"","background-repeat":"repeat","background-position":"center center","background-size":"auto","background-attachment":"scroll","background-type":"","background-media":"","overlay-type":"","overlay-color":"","overlay-opacity":"","overlay-gradient":""},"mobile":{"background-color":"var(--ast-global-color-5)","background-image":"","background-repeat":"repeat","background-position":"center center","background-size":"auto","background-attachment":"scroll","background-type":"","background-media":"","overlay-type":"","overlay-color":"","overlay-opacity":"","overlay-gradient":""}},"yasr_overall_rating":0,"yasr_post_is_review":"","yasr_auto_insert_disabled":"","yasr_review_type":""},"product_brand":[],"product_cat":[25],"product_tag":[],"class_list":{"0":"post-4761","1":"product","2":"type-product","3":"status-publish","4":"has-post-thumbnail","6":"product_cat-soft-biscuit-production-line","7":"desktop-align-left","8":"tablet-align-left","9":"mobile-align-left","11":"first","12":"instock","13":"shipping-taxable","14":"product-type-simple"},"yoast_head":"<!-- This site is optimized with the Yoast SEO plugin v24.4 - https:\/\/yoast.com\/wordpress\/plugins\/seo\/ -->\n<title>Automatic Garibaldi Biscuit Production Line For Sale - Biscuit Production Solution Manufacturer<\/title>\n<meta name=\"description\" content=\"Garibaldi Biscuit Production Line is a contemporary, fully automated system specifically tailored for the manufacturing of traditional Garibaldi biscuits.\" \/>\n<meta name=\"robots\" content=\"index, follow, max-snippet:-1, max-image-preview:large, max-video-preview:-1\" \/>\n<link rel=\"canonical\" href=\"https:\/\/www.biscuitsolution.com\/fr\/produit\/automatic-garibaldi-biscuit-production-line-for-sale\/\" \/>\n<meta property=\"og:locale\" content=\"fr_FR\" \/>\n<meta property=\"og:type\" content=\"article\" \/>\n<meta property=\"og:title\" content=\"Automatic Garibaldi Biscuit Production Line For Sale - Biscuit Production Solution Manufacturer\" \/>\n<meta property=\"og:description\" content=\"Garibaldi Biscuit Production Line is a contemporary, fully automated system specifically tailored for the manufacturing of traditional Garibaldi biscuits.\" \/>\n<meta property=\"og:url\" content=\"https:\/\/www.biscuitsolution.com\/fr\/produit\/automatic-garibaldi-biscuit-production-line-for-sale\/\" \/>\n<meta property=\"og:site_name\" content=\"Biscuit Production Solution Manufacturer\" \/>\n<meta property=\"article:publisher\" content=\"https:\/\/www.facebook.com\/profile.php?id=100095205040823\" \/>\n<meta property=\"article:modified_time\" content=\"2025-02-25T01:41:49+00:00\" \/>\n<meta property=\"og:image\" content=\"https:\/\/www.biscuitsolution.com\/wp-content\/uploads\/2025\/02\/\u4e3b\u56fe-13.jpg\" \/>\n\t<meta property=\"og:image:width\" content=\"600\" \/>\n\t<meta property=\"og:image:height\" content=\"600\" \/>\n\t<meta property=\"og:image:type\" content=\"image\/jpeg\" \/>\n<meta name=\"twitter:card\" content=\"summary_large_image\" \/>\n<meta name=\"twitter:site\" content=\"@shanna_zha26342\" \/>\n<meta name=\"twitter:label1\" content=\"Dur\u00e9e de lecture estim\u00e9e\" \/>\n\t<meta name=\"twitter:data1\" content=\"4 minutes\" \/>\n<script type=\"application\/ld+json\" class=\"yoast-schema-graph\">{\"@context\":\"https:\/\/schema.org\",\"@graph\":[{\"@type\":\"WebPage\",\"@id\":\"https:\/\/www.biscuitsolution.com\/product\/automatic-garibaldi-biscuit-production-line-for-sale\/\",\"url\":\"https:\/\/www.biscuitsolution.com\/product\/automatic-garibaldi-biscuit-production-line-for-sale\/\",\"name\":\"Automatic Garibaldi Biscuit Production Line For Sale - Biscuit Production Solution Manufacturer\",\"isPartOf\":{\"@id\":\"https:\/\/www.biscuitsolution.com\/#website\"},\"primaryImageOfPage\":{\"@id\":\"https:\/\/www.biscuitsolution.com\/product\/automatic-garibaldi-biscuit-production-line-for-sale\/#primaryimage\"},\"image\":{\"@id\":\"https:\/\/www.biscuitsolution.com\/product\/automatic-garibaldi-biscuit-production-line-for-sale\/#primaryimage\"},\"thumbnailUrl\":\"https:\/\/www.biscuitsolution.com\/wp-content\/uploads\/2025\/02\/\u4e3b\u56fe-13.jpg\",\"datePublished\":\"2025-02-21T09:00:23+00:00\",\"dateModified\":\"2025-02-25T01:41:49+00:00\",\"description\":\"Garibaldi Biscuit Production Line is a contemporary, fully automated system specifically tailored for the manufacturing of traditional Garibaldi biscuits.\",\"breadcrumb\":{\"@id\":\"https:\/\/www.biscuitsolution.com\/product\/automatic-garibaldi-biscuit-production-line-for-sale\/#breadcrumb\"},\"inLanguage\":\"fr-FR\",\"potentialAction\":[{\"@type\":\"ReadAction\",\"target\":[\"https:\/\/www.biscuitsolution.com\/product\/automatic-garibaldi-biscuit-production-line-for-sale\/\"]}]},{\"@type\":\"ImageObject\",\"inLanguage\":\"fr-FR\",\"@id\":\"https:\/\/www.biscuitsolution.com\/product\/automatic-garibaldi-biscuit-production-line-for-sale\/#primaryimage\",\"url\":\"https:\/\/www.biscuitsolution.com\/wp-content\/uploads\/2025\/02\/\u4e3b\u56fe-13.jpg\",\"contentUrl\":\"https:\/\/www.biscuitsolution.com\/wp-content\/uploads\/2025\/02\/\u4e3b\u56fe-13.jpg\",\"width\":600,\"height\":600,\"caption\":\"garibaldi biscuit production line\"},{\"@type\":\"BreadcrumbList\",\"@id\":\"https:\/\/www.biscuitsolution.com\/product\/automatic-garibaldi-biscuit-production-line-for-sale\/#breadcrumb\",\"itemListElement\":[{\"@type\":\"ListItem\",\"position\":1,\"name\":\"Home\",\"item\":\"https:\/\/www.biscuitsolution.com\/\"},{\"@type\":\"ListItem\",\"position\":2,\"name\":\"Product\",\"item\":\"https:\/\/www.biscuitsolution.com\/product\/\"},{\"@type\":\"ListItem\",\"position\":3,\"name\":\"Automatic Garibaldi Biscuit Production Line For Sale\"}]},{\"@type\":\"WebSite\",\"@id\":\"https:\/\/www.biscuitsolution.com\/#website\",\"url\":\"https:\/\/www.biscuitsolution.com\/\",\"name\":\"Biscuit Production Solution Manufacturer\",\"description\":\"\",\"potentialAction\":[{\"@type\":\"SearchAction\",\"target\":{\"@type\":\"EntryPoint\",\"urlTemplate\":\"https:\/\/www.biscuitsolution.com\/?s={search_term_string}\"},\"query-input\":{\"@type\":\"PropertyValueSpecification\",\"valueRequired\":true,\"valueName\":\"search_term_string\"}}],\"inLanguage\":\"fr-FR\"},false]}<\/script>\n<!-- \/ Yoast SEO plugin. -->","yoast_head_json":{"title":"Ligne de production automatique de biscuits Garibaldi \u00e0 vendre - Biscuit Production Solution Manufacturer","description":"La ligne de production de biscuits Garibaldi est un syst\u00e8me moderne, enti\u00e8rement automatis\u00e9, sp\u00e9cialement con\u00e7u pour la fabrication de biscuits Garibaldi traditionnels.","robots":{"index":"index","follow":"follow","max-snippet":"max-snippet:-1","max-image-preview":"max-image-preview:large","max-video-preview":"max-video-preview:-1"},"canonical":"https:\/\/www.biscuitsolution.com\/fr\/produit\/automatic-garibaldi-biscuit-production-line-for-sale\/","og_locale":"fr_FR","og_type":"article","og_title":"Automatic Garibaldi Biscuit Production Line For Sale - Biscuit Production Solution Manufacturer","og_description":"Garibaldi Biscuit Production Line is a contemporary, fully automated system specifically tailored for the manufacturing of traditional Garibaldi biscuits.","og_url":"https:\/\/www.biscuitsolution.com\/fr\/produit\/automatic-garibaldi-biscuit-production-line-for-sale\/","og_site_name":"Biscuit Production Solution Manufacturer","article_publisher":"https:\/\/www.facebook.com\/profile.php?id=100095205040823","article_modified_time":"2025-02-25T01:41:49+00:00","og_image":[{"width":600,"height":600,"url":"https:\/\/www.biscuitsolution.com\/wp-content\/uploads\/2025\/02\/\u4e3b\u56fe-13.jpg","type":"image\/jpeg"}],"twitter_card":"summary_large_image","twitter_site":"@shanna_zha26342","twitter_misc":{"Dur\u00e9e de lecture estim\u00e9e":"4 minutes"},"schema":{"@context":"https:\/\/schema.org","@graph":[{"@type":"WebPage","@id":"https:\/\/www.biscuitsolution.com\/product\/automatic-garibaldi-biscuit-production-line-for-sale\/","url":"https:\/\/www.biscuitsolution.com\/product\/automatic-garibaldi-biscuit-production-line-for-sale\/","name":"Ligne de production automatique de biscuits Garibaldi \u00e0 vendre - Biscuit Production Solution Manufacturer","isPartOf":{"@id":"https:\/\/www.biscuitsolution.com\/#website"},"primaryImageOfPage":{"@id":"https:\/\/www.biscuitsolution.com\/product\/automatic-garibaldi-biscuit-production-line-for-sale\/#primaryimage"},"image":{"@id":"https:\/\/www.biscuitsolution.com\/product\/automatic-garibaldi-biscuit-production-line-for-sale\/#primaryimage"},"thumbnailUrl":"https:\/\/www.biscuitsolution.com\/wp-content\/uploads\/2025\/02\/\u4e3b\u56fe-13.jpg","datePublished":"2025-02-21T09:00:23+00:00","dateModified":"2025-02-25T01:41:49+00:00","description":"La ligne de production de biscuits Garibaldi est un syst\u00e8me moderne, enti\u00e8rement automatis\u00e9, sp\u00e9cialement con\u00e7u pour la fabrication de biscuits Garibaldi traditionnels.","breadcrumb":{"@id":"https:\/\/www.biscuitsolution.com\/product\/automatic-garibaldi-biscuit-production-line-for-sale\/#breadcrumb"},"inLanguage":"fr-FR","potentialAction":[{"@type":"ReadAction","target":["https:\/\/www.biscuitsolution.com\/product\/automatic-garibaldi-biscuit-production-line-for-sale\/"]}]},{"@type":"ImageObject","inLanguage":"fr-FR","@id":"https:\/\/www.biscuitsolution.com\/product\/automatic-garibaldi-biscuit-production-line-for-sale\/#primaryimage","url":"https:\/\/www.biscuitsolution.com\/wp-content\/uploads\/2025\/02\/\u4e3b\u56fe-13.jpg","contentUrl":"https:\/\/www.biscuitsolution.com\/wp-content\/uploads\/2025\/02\/\u4e3b\u56fe-13.jpg","width":600,"height":600,"caption":"garibaldi biscuit production line"},{"@type":"BreadcrumbList","@id":"https:\/\/www.biscuitsolution.com\/product\/automatic-garibaldi-biscuit-production-line-for-sale\/#breadcrumb","itemListElement":[{"@type":"ListItem","position":1,"name":"Home","item":"https:\/\/www.biscuitsolution.com\/"},{"@type":"ListItem","position":2,"name":"Product","item":"https:\/\/www.biscuitsolution.com\/product\/"},{"@type":"ListItem","position":3,"name":"Automatic Garibaldi Biscuit Production Line For Sale"}]},{"@type":"WebSite","@id":"https:\/\/www.biscuitsolution.com\/#website","url":"https:\/\/www.biscuitsolution.com\/","name":"Fabricant de solutions pour la production de biscuits","description":"","potentialAction":[{"@type":"SearchAction","target":{"@type":"EntryPoint","urlTemplate":"https:\/\/www.biscuitsolution.com\/?s={search_term_string}"},"query-input":{"@type":"PropertyValueSpecification","valueRequired":true,"valueName":"search_term_string"}}],"inLanguage":"fr-FR"},false]}},"yasr_visitor_votes":{"stars_attributes":{"read_only":false,"span_bottom":false},"number_of_votes":1,"sum_votes":5},"_links":{"self":[{"href":"https:\/\/www.biscuitsolution.com\/fr\/wp-json\/wp\/v2\/product\/4761","targetHints":{"allow":["GET"]}}],"collection":[{"href":"https:\/\/www.biscuitsolution.com\/fr\/wp-json\/wp\/v2\/product"}],"about":[{"href":"https:\/\/www.biscuitsolution.com\/fr\/wp-json\/wp\/v2\/types\/product"}],"replies":[{"embeddable":true,"href":"https:\/\/www.biscuitsolution.com\/fr\/wp-json\/wp\/v2\/comments?post=4761"}],"version-history":[{"count":2,"href":"https:\/\/www.biscuitsolution.com\/fr\/wp-json\/wp\/v2\/product\/4761\/revisions"}],"predecessor-version":[{"id":4768,"href":"https:\/\/www.biscuitsolution.com\/fr\/wp-json\/wp\/v2\/product\/4761\/revisions\/4768"}],"wp:featuredmedia":[{"embeddable":true,"href":"https:\/\/www.biscuitsolution.com\/fr\/wp-json\/wp\/v2\/media\/4766"}],"wp:attachment":[{"href":"https:\/\/www.biscuitsolution.com\/fr\/wp-json\/wp\/v2\/media?parent=4761"}],"wp:term":[{"taxonomy":"product_brand","embeddable":true,"href":"https:\/\/www.biscuitsolution.com\/fr\/wp-json\/wp\/v2\/product_brand?post=4761"},{"taxonomy":"product_cat","embeddable":true,"href":"https:\/\/www.biscuitsolution.com\/fr\/wp-json\/wp\/v2\/product_cat?post=4761"},{"taxonomy":"product_tag","embeddable":true,"href":"https:\/\/www.biscuitsolution.com\/fr\/wp-json\/wp\/v2\/product_tag?post=4761"}],"curies":[{"name":"wp","href":"https:\/\/api.w.org\/{rel}","templated":true}]}}